{"id":8584,"date":"2021-04-28T15:56:11","date_gmt":"2021-04-28T15:56:11","guid":{"rendered":"https:\/\/legendatours.com\/?page_id=8584"},"modified":"2021-07-19T18:28:29","modified_gmt":"2021-07-19T18:28:29","slug":"terms-conditions","status":"publish","type":"page","link":"https:\/\/legendatours.com\/fr\/terms-conditions\/","title":{"rendered":"termes et conditions"},"content":{"rendered":"<div id=\"testimonials\"  data-column-margin=\"default\" data-midnight=\"dark\" data-bottom-percent=\"8%\"  class=\"wpb_row vc_row-fluid vc_row full-width-content vc_row-o-equal-height vc_row-flex vc_row-o-content-top\"  style=\"padding-top: 0px; padding-bottom: calc(100vw * 0.08); \"><div class=\"row-bg-wrap\" data-bg-animation=\"none\" data-bg-animation-delay=\"\" data-bg-overlay=\"false\"><div class=\"inner-wrap row-bg-layer\" ><div class=\"row-bg viewport-desktop\"  style=\"\"><\/div><\/div><\/div><div class=\"row_col_wrap_12 col span_12 dark left\">\n\t<div  class=\"vc_col-sm-12 wpb_column column_container vc_column_container col no-extra-padding inherit_tablet inherit_phone\"  data-padding-pos=\"all\" data-has-bg-color=\"false\" data-bg-color=\"\" data-bg-opacity=\"1\" data-animation=\"\" data-delay=\"0\" >\n\t\t<div class=\"vc_column-inner\" >\n\t\t\t<div class=\"wpb_wrapper\">\n\t\t\t\t\n\t\t\t<\/div> \n\t\t<\/div>\n\t<\/div> \n<\/div><\/div>\n\t\t<div id=\"testimonials\"  data-column-margin=\"default\" data-midnight=\"dark\"  class=\"wpb_row vc_row-fluid vc_row full-width-section\"  style=\"padding-top: 0px; padding-bottom: 0px; \"><div class=\"row-bg-wrap\" data-bg-animation=\"none\" data-bg-animation-delay=\"\" data-bg-overlay=\"false\"><div class=\"inner-wrap row-bg-layer\" ><div class=\"row-bg viewport-desktop\"  style=\"\"><\/div><\/div><\/div><div class=\"row_col_wrap_12 col span_12 dark left\">\n\t<div  class=\"vc_col-sm-12 wpb_column column_container vc_column_container col no-extra-padding inherit_tablet inherit_phone\"  data-padding-pos=\"all\" data-has-bg-color=\"false\" data-bg-color=\"\" data-bg-opacity=\"1\" data-animation=\"\" data-delay=\"0\" >\n\t\t<div class=\"vc_column-inner\" >\n\t\t\t<div class=\"wpb_wrapper\">\n\t\t\t\t<div id=\"fws_69f2aced2066c\" data-midnight=\"\" data-column-margin=\"default\" class=\"wpb_row vc_row-fluid vc_row inner_row\"  style=\"\"><div class=\"row-bg-wrap\"> <div class=\"row-bg\" ><\/div> <\/div><div class=\"row_col_wrap_12_inner col span_12  left\">\n\t<div  class=\"vc_col-sm-12 wpb_column column_container vc_column_container col child_column no-extra-padding inherit_tablet inherit_phone\"   data-padding-pos=\"all\" data-has-bg-color=\"false\" data-bg-color=\"\" data-bg-opacity=\"1\" data-animation=\"\" data-delay=\"0\" >\n\t\t<div class=\"vc_column-inner\" >\n\t\t<div class=\"wpb_wrapper\">\n\t\t\t<h2 style=\"color: #1e1e31;text-align: left;font-family:Yanone Kaffeesatz;font-weight:400;font-style:normal\" class=\"vc_custom_heading vc_do_custom_heading\" >TERMES ET CONDITIONS<\/h2><div class=\"divider-wrap\" data-alignment=\"default\"><div style=\"margin-top: 10px; height: 1px; margin-bottom: 10px;\" data-width=\"100%\" data-animate=\"\" data-animation-delay=\"\" data-color=\"default\" class=\"divider-border\"><\/div><\/div>\n<div class=\"wpb_text_column wpb_content_element  vc_custom_1626719286860\" >\n\t<div class=\"inner-main common-spacing\">\n<div class=\"container\">\n<p>Legendary Adventure est une soci\u00e9t\u00e9 de gestion de destinations interentreprises (DMC) au Portugal. Lorsque vous travaillez avec nous, vos clients ne verront que votre nom. Notre objectif est de donner \u00e0 vos clients la meilleure exp\u00e9rience possible.<\/p>\n<p>D\u00e8s l&#039;arriv\u00e9e de vos invit\u00e9s au Portugal, nous prenons en charge l&#039;h\u00e9bergement, la logistique, les animations et le bien-\u00eatre de votre groupe, hors vols.<\/p>\n<p>Exceptions:<\/p>\n<p>\u2022 Tous les services non r\u00e9pertori\u00e9s comme inclus<br \/>\n\u2022 Vols \u00e0 destination et en provenance du Portugal.<br \/>\n\u2022 Repas, pourboires\/pourboires, bagages ou assurance personnelle (sauf indication contraire)<br \/>\n\u2022 Frais d&#039;entr\u00e9e aux ch\u00e2teaux et attractions ou \u00e9v\u00e9nements (sauf indication contraire)<br \/>\n\u2022 D\u00e9penses personnelles<br \/>\n\u2022 Suppl\u00e9ments<br \/>\n\u2022 Services de guide \u00e0 l&#039;int\u00e9rieur des monuments<\/p>\n<p>Notre soci\u00e9t\u00e9 fournit un leader local dans le cadre du service. Les grands leaders font de grandes tourn\u00e9es \u2013 et naturellement, nous sommes particuli\u00e8rement fiers des n\u00f4tres ! Nos guides touristiques europ\u00e9ens anglophones font toute la diff\u00e9rence !<\/p>\n<p>Ce sont les meilleurs du secteur, s\u00e9lectionn\u00e9s pour leur enthousiasme, leur intelligence et leur souci du d\u00e9tail. Avec une connaissance approfondie des r\u00e9gions dans lesquelles nous op\u00e9rons. Ils dirigent des tourn\u00e9es depuis de nombreuses ann\u00e9es. Votre groupe sera dirig\u00e9 par des chefs chevronn\u00e9s, vers\u00e9s dans les traditions de ce pays merveilleux et ancien.<\/p>\n<p>Nous savons que vos clients seront entre de bonnes mains et qu&#039;ils appr\u00e9cieront de voyager avec eux !<\/p>\n<p>Nos guides touristiques sont enthousiastes, professionnels, d\u00e9tendus, accessibles, amusants et faciles \u00e0 vivre. Surtout, ils ne perdent jamais de vue qu&#039;ils sont l\u00e0 pour s&#039;assurer que tout le monde passe un bon moment en profitant de la meilleure exp\u00e9rience de vacances possible, et que chaque visite est une exp\u00e9rience s\u00fbre et amusante pour tous.<\/p>\n<p>Nous croyons vraiment que nos aventures de voyage en plein air sont parmi les meilleures exp\u00e9riences que vous trouverez au Portugal. Tous nos dirigeants locaux sont pleinement qualifi\u00e9s et autoris\u00e9s \u00e0 op\u00e9rer dans la r\u00e9gion et ils ont une certification compl\u00e8te en secourisme.<\/p>\n<p>Nous organisons ces visites avec deux options :<\/p>\n<p>1- Si vous envoyez votre propre chef, il\/elle sera le chef principal assumant l&#039;enti\u00e8re responsabilit\u00e9 du fonctionnement du circuit.<\/p>\n<p>Dans ce cas, notre responsable local sera charg\u00e9 de :<\/p>\n<p>\u2022 Assurer la liaison avec le leader du groupe,<br \/>\n\u2022 Conseils sur les options disponibles dans le programme<br \/>\n\u2022 Organisation de tous les d\u00eeners, \u00e9v\u00e9nements et lieux sous contrat comme sp\u00e9cifi\u00e9 dans le programme<br \/>\n\u2022 Organisation du transport quotidien comme sp\u00e9cifi\u00e9 dans le programme<br \/>\n\u2022 Fournir une assistance raisonnable \u00e0 votre leader dans le cadre des sp\u00e9cifications du programme<br \/>\n\u2022 Assurer la liaison avec tous les fournisseurs locaux selon le programme<\/p>\n<p>&nbsp;<\/p>\n<p>2- Si le groupe vient sans son propre chef, notre chef local sera le principal chef assumant toute la responsabilit\u00e9 du fonctionnement de la tourn\u00e9e.<\/p>\n<p>Dans ce cas, notre responsable local sera charg\u00e9 de :<br \/>\n\u2022 Accompagner le groupe et agir en tant que chef de groupe dans toutes leurs activit\u00e9s contractuelles<br \/>\n\u2022 Organisation de tous les transferts depuis et vers l&#039;a\u00e9roport<br \/>\n\u2022 Faire en sorte que tous les clients soient rencontr\u00e9s et accueillis \u00e0 leur arriv\u00e9e \u00e0 l&#039;a\u00e9roport<br \/>\n\u2022 Organisation du transport quotidien comme sp\u00e9cifi\u00e9 dans le programme<br \/>\n\u2022 Organisation de tous les d\u00eeners, \u00e9v\u00e9nements et lieux sous contrat comme sp\u00e9cifi\u00e9 dans le programme<br \/>\n\u2022 Conseiller et aider les clients avec leurs besoins alimentaires<br \/>\n\u2022 Assurer la liaison avec tous les fournisseurs locaux selon le programme<br \/>\n\u2022 Fournir des briefings quotidiens aux clients<br \/>\n\u2022 Fournir tout le soutien n\u00e9cessaire aux clients<br \/>\n\u2022 \u00catre responsable de la sant\u00e9 et de la s\u00e9curit\u00e9 selon le programme<br \/>\n\u2022 Organisation de toute la logistique des d\u00e9parts clients<\/p>\n<\/div>\n<\/div>\n<\/div>\n\n\n\n\n\t\t<\/div> \n\t<\/div>\n\t<\/div> \n<\/div><\/div>\n\t\t\t<\/div> \n\t\t<\/div>\n\t<\/div> \n<\/div><\/div>","protected":false},"excerpt":{"rendered":"TERMS &amp; CONDITIONS Legendary Adventure is a business-to-business Destination Management Company (DMC) in Portugal. When you work with us, your clients will only see your name. Our aim is to give your clients the best possible experience. As soon as your guests arrive in Portugal, we take over and look after the accommodation, logistics, entertainment, and well-being of your group,...","protected":false},"author":8,"featured_media":0,"parent":0,"menu_order":0,"comment_status":"closed","ping_status":"closed","template":"","meta":{"_acf_changed":false,"inline_featured_image":false,"footnotes":""},"class_list":["post-8584","page","type-page","status-publish"],"acf":[],"yoast_head":"<!-- This site is optimized with the Yoast SEO Premium plugin v26.8 (Yoast SEO v27.5) - https:\/\/yoast.com\/product\/yoast-seo-premium-wordpress\/ -->\n<title>Terms &amp; Conditions - Legendary Adventure DMC Portugal<\/title>\n<meta name=\"robots\" content=\"index, follow, max-snippet:-1, max-image-preview:large, max-video-preview:-1\" \/>\n<link rel=\"canonical\" href=\"https:\/\/legendatours.com\/fr\/terms-conditions\/\" \/>\n<meta property=\"og:locale\" content=\"fr_FR\" \/>\n<meta property=\"og:type\" content=\"article\" \/>\n<meta property=\"og:title\" content=\"Terms &amp; Conditions\" \/>\n<meta property=\"og:url\" content=\"https:\/\/legendatours.com\/fr\/terms-conditions\/\" \/>\n<meta property=\"og:site_name\" content=\"Legendary Adventure DMC Portugal\" \/>\n<meta property=\"article:publisher\" content=\"https:\/\/www.facebook.com\/legendaryadventuredmc\/\" \/>\n<meta property=\"article:modified_time\" content=\"2021-07-19T18:28:29+00:00\" \/>\n<meta property=\"og:image\" content=\"https:\/\/legendatours.com\/wp-content\/uploads\/sites\/12\/2021\/06\/legendary_adventure_dmc.png\" \/>\n\t<meta property=\"og:image:width\" content=\"250\" \/>\n\t<meta property=\"og:image:height\" content=\"74\" \/>\n\t<meta property=\"og:image:type\" content=\"image\/png\" \/>\n<meta name=\"twitter:card\" content=\"summary_large_image\" \/>\n<meta name=\"twitter:label1\" content=\"Dur\u00e9e de lecture estim\u00e9e\" \/>\n\t<meta name=\"twitter:data1\" content=\"5 minutes\" \/>\n<script type=\"application\/ld+json\" class=\"yoast-schema-graph\">{\"@context\":\"https:\\\/\\\/schema.org\",\"@graph\":[{\"@type\":\"WebPage\",\"@id\":\"https:\\\/\\\/legendatours.com\\\/de\\\/terms-conditions\\\/\",\"url\":\"https:\\\/\\\/legendatours.com\\\/de\\\/terms-conditions\\\/\",\"name\":\"Terms & Conditions - Legendary Adventure DMC Portugal\",\"isPartOf\":{\"@id\":\"https:\\\/\\\/legendatours.com\\\/#website\"},\"datePublished\":\"2021-04-28T15:56:11+00:00\",\"dateModified\":\"2021-07-19T18:28:29+00:00\",\"breadcrumb\":{\"@id\":\"https:\\\/\\\/legendatours.com\\\/de\\\/terms-conditions\\\/#breadcrumb\"},\"inLanguage\":\"fr-FR\",\"potentialAction\":[{\"@type\":\"ReadAction\",\"target\":[\"https:\\\/\\\/legendatours.com\\\/de\\\/terms-conditions\\\/\"]}]},{\"@type\":\"BreadcrumbList\",\"@id\":\"https:\\\/\\\/legendatours.com\\\/de\\\/terms-conditions\\\/#breadcrumb\",\"itemListElement\":[{\"@type\":\"ListItem\",\"position\":1,\"name\":\"Home\",\"item\":\"https:\\\/\\\/legendatours.com\\\/\"},{\"@type\":\"ListItem\",\"position\":2,\"name\":\"Terms &#038; Conditions\"}]},{\"@type\":\"WebSite\",\"@id\":\"https:\\\/\\\/legendatours.com\\\/#website\",\"url\":\"https:\\\/\\\/legendatours.com\\\/\",\"name\":\"Legendary Adventure DMC Portugal\",\"description\":\"Responsible Walking &amp; Nature Holidays in Portugal\",\"publisher\":{\"@id\":\"https:\\\/\\\/legendatours.com\\\/#organization\"},\"alternateName\":\"Legendary Adventure Portugal\",\"potentialAction\":[{\"@type\":\"SearchAction\",\"target\":{\"@type\":\"EntryPoint\",\"urlTemplate\":\"https:\\\/\\\/legendatours.com\\\/?s={search_term_string}\"},\"query-input\":{\"@type\":\"PropertyValueSpecification\",\"valueRequired\":true,\"valueName\":\"search_term_string\"}}],\"inLanguage\":\"fr-FR\"},{\"@type\":\"Organization\",\"@id\":\"https:\\\/\\\/legendatours.com\\\/#organization\",\"name\":\"legendatours.com\",\"url\":\"https:\\\/\\\/legendatours.com\\\/\",\"logo\":{\"@type\":\"ImageObject\",\"inLanguage\":\"fr-FR\",\"@id\":\"https:\\\/\\\/legendatours.com\\\/#\\\/schema\\\/logo\\\/image\\\/\",\"url\":\"https:\\\/\\\/legendatours.com\\\/wp-content\\\/uploads\\\/sites\\\/12\\\/2021\\\/06\\\/legendary_adventure_dmc.png\",\"contentUrl\":\"https:\\\/\\\/legendatours.com\\\/wp-content\\\/uploads\\\/sites\\\/12\\\/2021\\\/06\\\/legendary_adventure_dmc.png\",\"width\":250,\"height\":74,\"caption\":\"legendatours.com\"},\"image\":{\"@id\":\"https:\\\/\\\/legendatours.com\\\/#\\\/schema\\\/logo\\\/image\\\/\"},\"sameAs\":[\"https:\\\/\\\/www.facebook.com\\\/legendaryadventuredmc\\\/\",\"https:\\\/\\\/www.linkedin.com\\\/company\\\/legendary-adventure-dmc-portugal\",\"https:\\\/\\\/www.youtube.com\\\/channel\\\/UCOIRDx_KM6ynIcacQkZjb6g\"]}]}<\/script>\n<!-- \/ Yoast SEO Premium plugin. -->","yoast_head_json":{"title":"Termes &amp; Conditions - Legendary Adventure DMC Portugal","robots":{"index":"index","follow":"follow","max-snippet":"max-snippet:-1","max-image-preview":"max-image-preview:large","max-video-preview":"max-video-preview:-1"},"canonical":"https:\/\/legendatours.com\/fr\/terms-conditions\/","og_locale":"fr_FR","og_type":"article","og_title":"Terms & Conditions","og_url":"https:\/\/legendatours.com\/fr\/terms-conditions\/","og_site_name":"Legendary Adventure DMC Portugal","article_publisher":"https:\/\/www.facebook.com\/legendaryadventuredmc\/","article_modified_time":"2021-07-19T18:28:29+00:00","og_image":[{"width":250,"height":74,"url":"https:\/\/legendatours.com\/wp-content\/uploads\/sites\/12\/2021\/06\/legendary_adventure_dmc.png","type":"image\/png"}],"twitter_card":"summary_large_image","twitter_misc":{"Dur\u00e9e de lecture estim\u00e9e":"5 minutes"},"schema":{"@context":"https:\/\/schema.org","@graph":[{"@type":"WebPage","@id":"https:\/\/legendatours.com\/de\/terms-conditions\/","url":"https:\/\/legendatours.com\/de\/terms-conditions\/","name":"Termes &amp; Conditions - Legendary Adventure DMC Portugal","isPartOf":{"@id":"https:\/\/legendatours.com\/#website"},"datePublished":"2021-04-28T15:56:11+00:00","dateModified":"2021-07-19T18:28:29+00:00","breadcrumb":{"@id":"https:\/\/legendatours.com\/de\/terms-conditions\/#breadcrumb"},"inLanguage":"fr-FR","potentialAction":[{"@type":"ReadAction","target":["https:\/\/legendatours.com\/de\/terms-conditions\/"]}]},{"@type":"BreadcrumbList","@id":"https:\/\/legendatours.com\/de\/terms-conditions\/#breadcrumb","itemListElement":[{"@type":"ListItem","position":1,"name":"Home","item":"https:\/\/legendatours.com\/"},{"@type":"ListItem","position":2,"name":"Terms &#038; Conditions"}]},{"@type":"WebSite","@id":"https:\/\/legendatours.com\/#website","url":"https:\/\/legendatours.com\/","name":"Aventure l\u00e9gendaire DMC Portugal","description":"Randonn\u00e9es responsables et vacances nature au Portugal","publisher":{"@id":"https:\/\/legendatours.com\/#organization"},"alternateName":"Legendary Adventure Portugal","potentialAction":[{"@type":"SearchAction","target":{"@type":"EntryPoint","urlTemplate":"https:\/\/legendatours.com\/?s={search_term_string}"},"query-input":{"@type":"PropertyValueSpecification","valueRequired":true,"valueName":"search_term_string"}}],"inLanguage":"fr-FR"},{"@type":"Organization","@id":"https:\/\/legendatours.com\/#organization","name":"legendatours.com","url":"https:\/\/legendatours.com\/","logo":{"@type":"ImageObject","inLanguage":"fr-FR","@id":"https:\/\/legendatours.com\/#\/schema\/logo\/image\/","url":"https:\/\/legendatours.com\/wp-content\/uploads\/sites\/12\/2021\/06\/legendary_adventure_dmc.png","contentUrl":"https:\/\/legendatours.com\/wp-content\/uploads\/sites\/12\/2021\/06\/legendary_adventure_dmc.png","width":250,"height":74,"caption":"legendatours.com"},"image":{"@id":"https:\/\/legendatours.com\/#\/schema\/logo\/image\/"},"sameAs":["https:\/\/www.facebook.com\/legendaryadventuredmc\/","https:\/\/www.linkedin.com\/company\/legendary-adventure-dmc-portugal","https:\/\/www.youtube.com\/channel\/UCOIRDx_KM6ynIcacQkZjb6g"]}]}},"_links":{"self":[{"href":"https:\/\/legendatours.com\/fr\/wp-json\/wp\/v2\/pages\/8584","targetHints":{"allow":["GET"]}}],"collection":[{"href":"https:\/\/legendatours.com\/fr\/wp-json\/wp\/v2\/pages"}],"about":[{"href":"https:\/\/legendatours.com\/fr\/wp-json\/wp\/v2\/types\/page"}],"author":[{"embeddable":true,"href":"https:\/\/legendatours.com\/fr\/wp-json\/wp\/v2\/users\/8"}],"replies":[{"embeddable":true,"href":"https:\/\/legendatours.com\/fr\/wp-json\/wp\/v2\/comments?post=8584"}],"version-history":[{"count":0,"href":"https:\/\/legendatours.com\/fr\/wp-json\/wp\/v2\/pages\/8584\/revisions"}],"wp:attachment":[{"href":"https:\/\/legendatours.com\/fr\/wp-json\/wp\/v2\/media?parent=8584"}],"curies":[{"name":"wp","href":"https:\/\/api.w.org\/{rel}","templated":true}]}}