{"id":10547,"date":"2021-08-30T11:29:01","date_gmt":"2021-08-30T11:29:01","guid":{"rendered":"https:\/\/legendatours.com\/product\/walking-the-algarve-way\/"},"modified":"2024-11-22T15:38:40","modified_gmt":"2024-11-22T15:38:40","slug":"walking-the-algarve-way-long-distance-walks-in-portugal-1500g","status":"publish","type":"product","link":"https:\/\/legendatours.com\/fr\/produit\/walking-the-algarve-way-long-distance-walks-in-portugal-1500g\/","title":{"rendered":"Marcher sur le chemin de l&#039;Algarve"},"content":{"rendered":"<p>L&#039;Algarve Way est tout simplement l&#039;une des plus belles randonn\u00e9es de longue distance d&#039;Europe. Il s&#039;\u00e9tend de la fronti\u00e8re espagnole \u00e0 la rivi\u00e8re Guadiana et pousse vers l&#039;ouest vers une fin dramatique \u00e0 Sagres, la pointe m\u00eame de l&#039;Europe occidentale, qui pendant de nombreux si\u00e8cles pour les Portugais a marqu\u00e9 le bord du monde connu.<\/p>\n<p>Tour \u00e9pique, il se compare aux meilleures randonn\u00e9es de longue distance en Europe, avec l&#039;avantage que le temps est g\u00e9n\u00e9ralement plus agr\u00e9able !<\/p>\n<p>C&#039;est une fa\u00e7on enrichissante de voir le vrai Algarve sur des itin\u00e9raires inoubliables pleins de tradition, de culture et de paysages naturels exceptionnels.<\/p>\n<div id=\"attachment_2666\" style=\"width: 1034px\" class=\"wp-caption alignnone\"><img loading=\"lazy\" decoding=\"async\" aria-describedby=\"caption-attachment-2666\" class=\"wp-image-2666 size-large\" title=\"Marchez le long du chemin de l&#039;Algarve\" src=\"https:\/\/legendatours.net\/wp-content\/uploads\/2020\/06\/walk_caldeirao-1024x768.jpg\" alt=\"Group Walk along the Algarve Way\" width=\"1024\" height=\"768\" \/><p id=\"caption-attachment-2666\" class=\"wp-caption-text\">Marchez le long du chemin de l&#039;Algarve<\/p><\/div>\n<p>La promenade fait partie du r\u00e9seau europ\u00e9en de sentiers p\u00e9destres, le GR13. L&#039;ensemble du parcours fait environ 300 kilom\u00e8tres, mais nous avons s\u00e9lectionn\u00e9 pour vous les sections les plus int\u00e9ressantes.<\/p>\n<p>Vous aurez \u00e9galement droit \u00e0 une promenade sur la c\u00f4te, les sept vall\u00e9es suspendues, une merveille naturelle d\u00e9clar\u00e9e meilleure destination de randonn\u00e9e en Europe par European Best Destinations. C&#039;est un magnifique sentier au sommet d&#039;une falaise avec une vue imprenable, des arches marines, des grottes marines, des plages immacul\u00e9es et des criques.<\/p>\n<p>Nous utiliserons deux centres au fur et \u00e0 mesure que notre voyage se poursuivra vers l&#039;ouest, et tous les transferts depuis et vers les promenades et les h\u00f4tels sont inclus.<\/p>\n<p>Nous avons construit une flexibilit\u00e9 consid\u00e9rable au sein de cette visite pour r\u00e9pondre aux besoins et aux exigences des groupes individuels. Nos promenades peuvent \u00eatre aussi difficiles ou aussi relaxantes et faciles que vous le souhaitez, avec des options de retrait si possible.<\/p>\n<div id=\"attachment_2636\" style=\"width: 1034px\" class=\"wp-caption alignnone\"><img loading=\"lazy\" decoding=\"async\" aria-describedby=\"caption-attachment-2636\" class=\"wp-image-2636 size-large\" title=\"Groupe de marche se reposant sous un ch\u00eane-li\u00e8ge\" src=\"https:\/\/legendatours.net\/wp-content\/uploads\/2020\/06\/rest_under_tree-1024x684.jpg\" alt=\"Walking Group Resting under a cork tree\" width=\"1024\" height=\"684\" \/><p id=\"caption-attachment-2636\" class=\"wp-caption-text\">Groupe de marche se reposant sous un ch\u00eane-li\u00e8ge<\/p><\/div>\n<p>La visite commence \u00e0 Alcoutim, dans l&#039;est de l&#039;Algarve, \u00e0 la fronti\u00e8re avec l&#039;Espagne, et se termine \u00e0 Cabo S\u00e3o Vincente, dans l&#039;ouest de l&#039;Algarve.<\/p>\n<p>En chemin, nous traverserons un paysage diversifi\u00e9, commen\u00e7ant sur les rives du fleuve Guadiana, \u00e0 travers les montagnes Caldeir\u00e3o, et se terminant sur une falaise surplombant l&#039;oc\u00e9an Atlantique.<\/p>\n<p>Nous \u00e9viterons les zones touristiques encombr\u00e9es au profit de r\u00e9gions plus isol\u00e9es, qui abritent des sites historiques l\u00e9gendaires, des paysages splendides et des merveilles naturelles pr\u00e9serv\u00e9es.<\/p>\n<p>C&#039;est un Algarve que vous n&#039;avez jamais imagin\u00e9 et que vous n&#039;oublierez jamais !<\/p>\n<p>&nbsp;<\/p>\n<div class=\"row\" style=\"display: flex;\">\n<div class=\"column\" style=\"flex: 45%;\">\n<p><iframe loading=\"lazy\" title=\"PORTUGAL PATRIMONIO NATUREL - ALGARVE\" width=\"1080\" height=\"608\" src=\"https:\/\/www.youtube.com\/embed\/NMbcOkbtKyQ?feature=oembed\" frameborder=\"0\" allow=\"accelerometer; autoplay; clipboard-write; encrypted-media; gyroscope; picture-in-picture; web-share\" referrerpolicy=\"strict-origin-when-cross-origin\" allowfullscreen><\/iframe><\/p>\n<\/div>\n<div class=\"column\" style=\"flex: 10%;\"><\/div>\n<div class=\"column\" style=\"flex: 45%;\"><\/div>\n<\/div>","protected":false},"excerpt":{"rendered":"<p>L&#039;Algarve Way est tout simplement l&#039;une des plus belles randonn\u00e9es de longue distance d&#039;Europe. Il s&#039;\u00e9tend de la fronti\u00e8re espagnole \u00e0 la rivi\u00e8re Guadiana et pousse vers l&#039;ouest vers une fin dramatique \u00e0 Sagres, la pointe m\u00eame de l&#039;Europe occidentale, qui pendant de nombreux si\u00e8cles pour les Portugais a marqu\u00e9 le bord du monde connu.<\/p>\n<p>Tour \u00e9pique, il se compare aux meilleures randonn\u00e9es de longue distance en Europe, avec l&#039;avantage que le temps est g\u00e9n\u00e9ralement plus agr\u00e9able !<\/p>\n<p>C&#039;est une fa\u00e7on enrichissante de voir le vrai Algarve sur des itin\u00e9raires inoubliables pleins de tradition, de culture et de paysages naturels exceptionnels.<\/p>\n<p>&nbsp;<\/p>","protected":false},"featured_media":7939,"comment_status":"closed","ping_status":"closed","template":"","meta":{"_acf_changed":false,"inline_featured_image":false},"product_brand":[],"product_cat":[32,28,29,30,124,31],"product_tag":[547,147,74,1151,852,632,402,708,709,608,710,603,711,712,713,89,90,91,157,793,54,270,714,100,162,104,60,407,167,561,1047,715,1152,642,716,643,717,173,718,719,68,720,721,121,626,1145,112,600,122,421,401,645],"class_list":{"0":"post-10547","1":"product","2":"type-product","3":"status-publish","4":"has-post-thumbnail","6":"product_cat-cultural-tours-and-holidays-in-portugal","7":"product_cat-guided-group-tours","8":"product_cat-portugal-guided-historical-holidays","9":"product_cat-guided-sightseeing-holidays-portugal","10":"product_cat-guided-solo-holidays-in-portugal","11":"product_cat-guided-walking-holidays-in-portugal","12":"product_tag-alcoutim","13":"product_tag-algarve","14":"product_tag-algarve-gr13","15":"product_tag-algarve-interior","16":"product_tag-algarve-villages","17":"product_tag-algarve-way","18":"product_tag-amazing-walking","19":"product_tag-avoids-congested-tourist-areas","20":"product_tag-cabo-sao-vincente","21":"product_tag-cherry-picked-walks","22":"product_tag-epic-week","23":"product_tag-fantastic-itinerary-of-walks","24":"product_tag-far-from-the-crowded-touristic-algarve","25":"product_tag-forgotten-interior","26":"product_tag-gr13","27":"product_tag-guided-group-tour","28":"product_tag-guided-walking-holidays","29":"product_tag-guided-walking-tours","30":"product_tag-hiking-holidays","31":"product_tag-hills","32":"product_tag-historical-tour","33":"product_tag-lagos","34":"product_tag-local-poulation","35":"product_tag-nature-holidays","36":"product_tag-nature-walks","37":"product_tag-offered-flexible-walking","38":"product_tag-portugal","39":"product_tag-portugal-perfect-walking-holiday","40":"product_tag-rambling","41":"product_tag-river-guadiana","42":"product_tag-rolling-inland-hills","43":"product_tag-routes-full-of-tradition","44":"product_tag-rustic-hill-towns-and-mountain-villages","45":"product_tag-sagres","46":"product_tag-selected-walks","47":"product_tag-seven-hanging-valleys-trail","48":"product_tag-spanish-border","49":"product_tag-sunny-winters","50":"product_tag-the-best-of-the-long-distance-walks-in-europe","51":"product_tag-the-real-algarve","52":"product_tag-tours-in-portugal","53":"product_tag-varied-scenery","54":"product_tag-via-algarviana","55":"product_tag-walking","56":"product_tag-walking-along-quiet-paths","57":"product_tag-walking-here-fascinating","58":"product_tag-walking-holidays","59":"product_tag-walking-route","60":"product_tag-walking-tours","61":"product_tag-walking-trails","62":"product_tag-walks-between-hills","63":"product_tag-west-algarve","65":"first","66":"instock","67":"virtual","68":"product-type-simple"},"acf":[],"yoast_head":"<!-- This site is optimized with the Yoast SEO Premium plugin v26.8 (Yoast SEO v27.5) - https:\/\/yoast.com\/product\/yoast-seo-premium-wordpress\/ -->\n<title>Walking The Algarve Way<\/title>\n<meta name=\"description\" content=\"The Algarve Way is quite simply one of Europe\u2019s finest long-distance walks. From the Spanish border towards a dramatic end in Sagres\" \/>\n<meta name=\"robots\" content=\"index, follow, max-snippet:-1, max-image-preview:large, max-video-preview:-1\" \/>\n<link rel=\"canonical\" href=\"https:\/\/legendatours.com\/fr\/produit\/walking-the-algarve-way-long-distance-walks-in-portugal-1500g\/\" \/>\n<meta property=\"og:locale\" content=\"fr_FR\" \/>\n<meta property=\"og:type\" content=\"article\" \/>\n<meta property=\"og:title\" content=\"Walking The Algarve Way\" \/>\n<meta property=\"og:description\" content=\"The Algarve Way is quite simply one of Europe\u2019s finest long-distance walks. From the Spanish border towards a dramatic end in Sagres\" \/>\n<meta property=\"og:url\" content=\"https:\/\/legendatours.com\/fr\/produit\/walking-the-algarve-way-long-distance-walks-in-portugal-1500g\/\" \/>\n<meta property=\"og:site_name\" content=\"Legendary Adventure DMC Portugal\" \/>\n<meta property=\"article:publisher\" content=\"https:\/\/www.facebook.com\/legendaryadventuredmc\/\" \/>\n<meta property=\"article:modified_time\" content=\"2024-11-22T15:38:40+00:00\" \/>\n<meta property=\"og:image\" content=\"https:\/\/legendatours.com\/wp-content\/uploads\/sites\/12\/2021\/04\/view_caldeirao-e1611687753135.jpeg\" \/>\n\t<meta property=\"og:image:width\" content=\"1024\" \/>\n\t<meta property=\"og:image:height\" content=\"768\" \/>\n\t<meta property=\"og:image:type\" content=\"image\/jpeg\" \/>\n<meta name=\"twitter:card\" content=\"summary_large_image\" \/>\n<meta name=\"twitter:label1\" content=\"Dur\u00e9e de lecture estim\u00e9e\" \/>\n\t<meta name=\"twitter:data1\" content=\"3 minutes\" \/>\n<script type=\"application\/ld+json\" class=\"yoast-schema-graph\">{\"@context\":\"https:\\\/\\\/schema.org\",\"@graph\":[{\"@type\":\"WebPage\",\"@id\":\"https:\\\/\\\/legendatours.com\\\/product\\\/walking-the-algarve-way-long-distance-walks-in-portugal-1500g\\\/\",\"url\":\"https:\\\/\\\/legendatours.com\\\/product\\\/walking-the-algarve-way-long-distance-walks-in-portugal-1500g\\\/\",\"name\":\"Walking The Algarve Way\",\"isPartOf\":{\"@id\":\"https:\\\/\\\/legendatours.com\\\/#website\"},\"primaryImageOfPage\":{\"@id\":\"https:\\\/\\\/legendatours.com\\\/product\\\/walking-the-algarve-way-long-distance-walks-in-portugal-1500g\\\/#primaryimage\"},\"image\":{\"@id\":\"https:\\\/\\\/legendatours.com\\\/product\\\/walking-the-algarve-way-long-distance-walks-in-portugal-1500g\\\/#primaryimage\"},\"thumbnailUrl\":\"https:\\\/\\\/legendatours.com\\\/wp-content\\\/uploads\\\/sites\\\/12\\\/2021\\\/04\\\/view_caldeirao-e1611687753135.jpeg\",\"datePublished\":\"2021-08-30T11:29:01+00:00\",\"dateModified\":\"2024-11-22T15:38:40+00:00\",\"description\":\"The Algarve Way is quite simply one of Europe\u2019s finest long-distance walks. From the Spanish border towards a dramatic end in Sagres\",\"breadcrumb\":{\"@id\":\"https:\\\/\\\/legendatours.com\\\/product\\\/walking-the-algarve-way-long-distance-walks-in-portugal-1500g\\\/#breadcrumb\"},\"inLanguage\":\"fr-FR\",\"potentialAction\":[{\"@type\":\"ReadAction\",\"target\":[\"https:\\\/\\\/legendatours.com\\\/product\\\/walking-the-algarve-way-long-distance-walks-in-portugal-1500g\\\/\"]}]},{\"@type\":\"ImageObject\",\"inLanguage\":\"fr-FR\",\"@id\":\"https:\\\/\\\/legendatours.com\\\/product\\\/walking-the-algarve-way-long-distance-walks-in-portugal-1500g\\\/#primaryimage\",\"url\":\"https:\\\/\\\/legendatours.com\\\/wp-content\\\/uploads\\\/sites\\\/12\\\/2021\\\/04\\\/view_caldeirao-e1611687753135.jpeg\",\"contentUrl\":\"https:\\\/\\\/legendatours.com\\\/wp-content\\\/uploads\\\/sites\\\/12\\\/2021\\\/04\\\/view_caldeirao-e1611687753135.jpeg\",\"width\":1024,\"height\":768,\"caption\":\"View to the Caldeir\u00e3o Mountains\"},{\"@type\":\"BreadcrumbList\",\"@id\":\"https:\\\/\\\/legendatours.com\\\/product\\\/walking-the-algarve-way-long-distance-walks-in-portugal-1500g\\\/#breadcrumb\",\"itemListElement\":[{\"@type\":\"ListItem\",\"position\":1,\"name\":\"Home\",\"item\":\"https:\\\/\\\/legendatours.com\\\/\"},{\"@type\":\"ListItem\",\"position\":2,\"name\":\"Shop\",\"item\":\"https:\\\/\\\/legendatours.com\\\/sv\\\/?page_id=4\"},{\"@type\":\"ListItem\",\"position\":3,\"name\":\"Walking The Algarve Way\"}]},{\"@type\":\"WebSite\",\"@id\":\"https:\\\/\\\/legendatours.com\\\/#website\",\"url\":\"https:\\\/\\\/legendatours.com\\\/\",\"name\":\"Legendary Adventure DMC Portugal\",\"description\":\"Responsible Walking &amp; Nature Holidays in Portugal\",\"publisher\":{\"@id\":\"https:\\\/\\\/legendatours.com\\\/#organization\"},\"alternateName\":\"Legendary Adventure Portugal\",\"potentialAction\":[{\"@type\":\"SearchAction\",\"target\":{\"@type\":\"EntryPoint\",\"urlTemplate\":\"https:\\\/\\\/legendatours.com\\\/?s={search_term_string}\"},\"query-input\":{\"@type\":\"PropertyValueSpecification\",\"valueRequired\":true,\"valueName\":\"search_term_string\"}}],\"inLanguage\":\"fr-FR\"},{\"@type\":\"Organization\",\"@id\":\"https:\\\/\\\/legendatours.com\\\/#organization\",\"name\":\"legendatours.com\",\"url\":\"https:\\\/\\\/legendatours.com\\\/\",\"logo\":{\"@type\":\"ImageObject\",\"inLanguage\":\"fr-FR\",\"@id\":\"https:\\\/\\\/legendatours.com\\\/#\\\/schema\\\/logo\\\/image\\\/\",\"url\":\"https:\\\/\\\/legendatours.com\\\/wp-content\\\/uploads\\\/sites\\\/12\\\/2021\\\/06\\\/legendary_adventure_dmc.png\",\"contentUrl\":\"https:\\\/\\\/legendatours.com\\\/wp-content\\\/uploads\\\/sites\\\/12\\\/2021\\\/06\\\/legendary_adventure_dmc.png\",\"width\":250,\"height\":74,\"caption\":\"legendatours.com\"},\"image\":{\"@id\":\"https:\\\/\\\/legendatours.com\\\/#\\\/schema\\\/logo\\\/image\\\/\"},\"sameAs\":[\"https:\\\/\\\/www.facebook.com\\\/legendaryadventuredmc\\\/\",\"https:\\\/\\\/www.linkedin.com\\\/company\\\/legendary-adventure-dmc-portugal\",\"https:\\\/\\\/www.youtube.com\\\/channel\\\/UCOIRDx_KM6ynIcacQkZjb6g\"]}]}<\/script>\n<!-- \/ Yoast SEO Premium plugin. -->","yoast_head_json":{"title":"Marcher sur le chemin de l&#039;Algarve","description":"Le Chemin de l&#039;Algarve est tout simplement l&#039;une des plus belles randonn\u00e9es longue distance d&#039;Europe. De la fronti\u00e8re espagnole jusqu&#039;\u00e0 une destination spectaculaire \u00e0 Sagres.","robots":{"index":"index","follow":"follow","max-snippet":"max-snippet:-1","max-image-preview":"max-image-preview:large","max-video-preview":"max-video-preview:-1"},"canonical":"https:\/\/legendatours.com\/fr\/produit\/walking-the-algarve-way-long-distance-walks-in-portugal-1500g\/","og_locale":"fr_FR","og_type":"article","og_title":"Walking The Algarve Way","og_description":"The Algarve Way is quite simply one of Europe\u2019s finest long-distance walks. From the Spanish border towards a dramatic end in Sagres","og_url":"https:\/\/legendatours.com\/fr\/produit\/walking-the-algarve-way-long-distance-walks-in-portugal-1500g\/","og_site_name":"Legendary Adventure DMC Portugal","article_publisher":"https:\/\/www.facebook.com\/legendaryadventuredmc\/","article_modified_time":"2024-11-22T15:38:40+00:00","og_image":[{"width":1024,"height":768,"url":"https:\/\/legendatours.com\/wp-content\/uploads\/sites\/12\/2021\/04\/view_caldeirao-e1611687753135.jpeg","type":"image\/jpeg"}],"twitter_card":"summary_large_image","twitter_misc":{"Dur\u00e9e de lecture estim\u00e9e":"3 minutes"},"schema":{"@context":"https:\/\/schema.org","@graph":[{"@type":"WebPage","@id":"https:\/\/legendatours.com\/product\/walking-the-algarve-way-long-distance-walks-in-portugal-1500g\/","url":"https:\/\/legendatours.com\/product\/walking-the-algarve-way-long-distance-walks-in-portugal-1500g\/","name":"Marcher sur le chemin de l&#039;Algarve","isPartOf":{"@id":"https:\/\/legendatours.com\/#website"},"primaryImageOfPage":{"@id":"https:\/\/legendatours.com\/product\/walking-the-algarve-way-long-distance-walks-in-portugal-1500g\/#primaryimage"},"image":{"@id":"https:\/\/legendatours.com\/product\/walking-the-algarve-way-long-distance-walks-in-portugal-1500g\/#primaryimage"},"thumbnailUrl":"https:\/\/legendatours.com\/wp-content\/uploads\/sites\/12\/2021\/04\/view_caldeirao-e1611687753135.jpeg","datePublished":"2021-08-30T11:29:01+00:00","dateModified":"2024-11-22T15:38:40+00:00","description":"Le Chemin de l&#039;Algarve est tout simplement l&#039;une des plus belles randonn\u00e9es longue distance d&#039;Europe. De la fronti\u00e8re espagnole jusqu&#039;\u00e0 une destination spectaculaire \u00e0 Sagres.","breadcrumb":{"@id":"https:\/\/legendatours.com\/product\/walking-the-algarve-way-long-distance-walks-in-portugal-1500g\/#breadcrumb"},"inLanguage":"fr-FR","potentialAction":[{"@type":"ReadAction","target":["https:\/\/legendatours.com\/product\/walking-the-algarve-way-long-distance-walks-in-portugal-1500g\/"]}]},{"@type":"ImageObject","inLanguage":"fr-FR","@id":"https:\/\/legendatours.com\/product\/walking-the-algarve-way-long-distance-walks-in-portugal-1500g\/#primaryimage","url":"https:\/\/legendatours.com\/wp-content\/uploads\/sites\/12\/2021\/04\/view_caldeirao-e1611687753135.jpeg","contentUrl":"https:\/\/legendatours.com\/wp-content\/uploads\/sites\/12\/2021\/04\/view_caldeirao-e1611687753135.jpeg","width":1024,"height":768,"caption":"View to the Caldeir\u00e3o Mountains"},{"@type":"BreadcrumbList","@id":"https:\/\/legendatours.com\/product\/walking-the-algarve-way-long-distance-walks-in-portugal-1500g\/#breadcrumb","itemListElement":[{"@type":"ListItem","position":1,"name":"Home","item":"https:\/\/legendatours.com\/"},{"@type":"ListItem","position":2,"name":"Shop","item":"https:\/\/legendatours.com\/sv\/?page_id=4"},{"@type":"ListItem","position":3,"name":"Walking The Algarve Way"}]},{"@type":"WebSite","@id":"https:\/\/legendatours.com\/#website","url":"https:\/\/legendatours.com\/","name":"Aventure l\u00e9gendaire DMC Portugal","description":"Randonn\u00e9es responsables et vacances nature au Portugal","publisher":{"@id":"https:\/\/legendatours.com\/#organization"},"alternateName":"Legendary Adventure Portugal","potentialAction":[{"@type":"SearchAction","target":{"@type":"EntryPoint","urlTemplate":"https:\/\/legendatours.com\/?s={search_term_string}"},"query-input":{"@type":"PropertyValueSpecification","valueRequired":true,"valueName":"search_term_string"}}],"inLanguage":"fr-FR"},{"@type":"Organization","@id":"https:\/\/legendatours.com\/#organization","name":"legendatours.com","url":"https:\/\/legendatours.com\/","logo":{"@type":"ImageObject","inLanguage":"fr-FR","@id":"https:\/\/legendatours.com\/#\/schema\/logo\/image\/","url":"https:\/\/legendatours.com\/wp-content\/uploads\/sites\/12\/2021\/06\/legendary_adventure_dmc.png","contentUrl":"https:\/\/legendatours.com\/wp-content\/uploads\/sites\/12\/2021\/06\/legendary_adventure_dmc.png","width":250,"height":74,"caption":"legendatours.com"},"image":{"@id":"https:\/\/legendatours.com\/#\/schema\/logo\/image\/"},"sameAs":["https:\/\/www.facebook.com\/legendaryadventuredmc\/","https:\/\/www.linkedin.com\/company\/legendary-adventure-dmc-portugal","https:\/\/www.youtube.com\/channel\/UCOIRDx_KM6ynIcacQkZjb6g"]}]}},"_links":{"self":[{"href":"https:\/\/legendatours.com\/fr\/wp-json\/wp\/v2\/product\/10547","targetHints":{"allow":["GET"]}}],"collection":[{"href":"https:\/\/legendatours.com\/fr\/wp-json\/wp\/v2\/product"}],"about":[{"href":"https:\/\/legendatours.com\/fr\/wp-json\/wp\/v2\/types\/product"}],"replies":[{"embeddable":true,"href":"https:\/\/legendatours.com\/fr\/wp-json\/wp\/v2\/comments?post=10547"}],"wp:featuredmedia":[{"embeddable":true,"href":"https:\/\/legendatours.com\/fr\/wp-json\/wp\/v2\/media\/7939"}],"wp:attachment":[{"href":"https:\/\/legendatours.com\/fr\/wp-json\/wp\/v2\/media?parent=10547"}],"wp:term":[{"taxonomy":"product_brand","embeddable":true,"href":"https:\/\/legendatours.com\/fr\/wp-json\/wp\/v2\/product_brand?post=10547"},{"taxonomy":"product_cat","embeddable":true,"href":"https:\/\/legendatours.com\/fr\/wp-json\/wp\/v2\/product_cat?post=10547"},{"taxonomy":"product_tag","embeddable":true,"href":"https:\/\/legendatours.com\/fr\/wp-json\/wp\/v2\/product_tag?post=10547"}],"curies":[{"name":"wp","href":"https:\/\/api.w.org\/{rel}","templated":true}]}}