{"id":10738,"date":"2024-09-17T14:48:27","date_gmt":"2024-09-17T14:48:27","guid":{"rendered":"https:\/\/legendatours.com\/product\/the-camino-from-lisbon-to-santiago-14200g\/"},"modified":"2025-07-25T11:25:47","modified_gmt":"2025-07-25T11:25:47","slug":"the-camino-from-lisbon-to-santiago-14200g","status":"publish","type":"product","link":"https:\/\/legendatours.com\/fr\/produit\/the-camino-from-lisbon-to-santiago-14200g\/","title":{"rendered":"Le Camino \u2013 De Lisbonne \u00e0 Saint-Jacques"},"content":{"rendered":"<p>Ce voyage combinera certains des sites culturels les plus importants du Portugal avec des parties du Camino de Santiago, l&#039;un des itin\u00e9raires de p\u00e8lerinage les plus anciens et les plus attrayants d&#039;Europe.<br \/>\nCela commence dans <strong>Lisbonne<\/strong>, la charmante capitale du Portugal, impr\u00e9gn\u00e9e d&#039;histoire et de culture. Nous aurons le temps d&#039;explorer les quartiers historiques et les monuments les plus connus de Lisbonne.<\/p>\n<p>Ensuite, nous aurons l\u2019occasion de d\u00e9couvrir <strong>Tomar<\/strong>, l&#039;emplacement de certains des sites historiques les plus importants li\u00e9s \u00e0 la <strong>Chevaliers templiers<\/strong>.<\/p>\n<p>Poursuivant notre voyage, nous nous dirigeons vers <strong>Porto<\/strong>, sur les rives du fleuve Douro. C&#039;est un site du patrimoine mondial de l&#039;UNESCO et la deuxi\u00e8me ville la plus importante du Portugal. Nous visiterons cette ville antique et charmante, qui abrite le c\u00e9l\u00e8bre <strong>Caves \u00e0 vin de Porto<\/strong>.<\/p>\n<p>\u00c0 partir de l\u00e0, nous allons commencer le <strong>\u00e9tapes de marche du Camino<\/strong>, en suivant des sentiers \u00e0 couper le souffle.<br \/>\nNous d\u00e9couvrirons un Portugal plus calme et plus vert, avec des montagnes et une campagne verdoyante.<br \/>\nEn Espagne, dans la r\u00e9gion de Galice, nous traverserons des villages historiques, des sentiers pav\u00e9s et de vastes for\u00eats.<br \/>\nNous aurons \u00e9galement beaucoup de temps pour d\u00e9couvrir la <strong>bonne nourriture<\/strong>, le <strong>vins diff\u00e9rents<\/strong>, et le <strong>sp\u00e9cialit\u00e9s r\u00e9gionales<\/strong>, <strong>visiter des caves \u00e0 vin<\/strong>, prendre un <strong>croisi\u00e8re sur le fleuve Douro<\/strong>, et profitez de tout ce que le Portugal et le Camino offrent.<\/p>\n<p>\u00c0 la fin de notre aventure, lorsque nous arrivons \u00e0 la <strong>Cath\u00e9drale de Saint-Jacques-de-Compostelle<\/strong>, vous recevrez le bien convoit\u00e9 <strong>Passeport du p\u00e8lerin<\/strong>! Il atteste que vous avez accompli les \u00e9tapes n\u00e9cessaires du Chemin pour \u00eatre consid\u00e9r\u00e9 comme un v\u00e9ritable p\u00e8lerin, le tout en compagnie de voyageurs partageant les m\u00eames id\u00e9es.<\/p>\n<p>&nbsp;<\/p>\n<p>&nbsp;<\/p>","protected":false},"excerpt":{"rendered":"<p>Ce voyage \u00e9pique combine d&#039;importants points forts culturels du Portugal avec des parties du Camino de Santiago.<br \/>\nNous partirons de Lisbonne, la charmante capitale portugaise, explorerons Tomar, l&#039;ancien si\u00e8ge des Templiers, et visiterons Porto, la deuxi\u00e8me ville la plus importante du Portugal. De l\u00e0, nous commencerons \u00e0 parcourir les \u00e9tapes du Camino pour obtenir notre passeport de p\u00e8lerin.<\/p>","protected":false},"featured_media":10719,"comment_status":"closed","ping_status":"closed","template":"","meta":{"_acf_changed":false,"inline_featured_image":false},"product_brand":[],"product_cat":[32,28,29,30,31],"product_tag":[402,333,548,78,36,130,46,616,87,90,91,217,134,195,197,55,95,202,566,221,100,101,162,246,617,56,57,58,618,59,226,407,619,620,143,229,207,71,610,359,233,346],"class_list":{"0":"post-10738","1":"product","2":"type-product","3":"status-publish","4":"has-post-thumbnail","6":"product_cat-cultural-tours-and-holidays-in-portugal","7":"product_cat-guided-group-tours","8":"product_cat-portugal-guided-historical-holidays","9":"product_cat-guided-sightseeing-holidays-portugal","10":"product_cat-guided-walking-holidays-in-portugal","11":"product_tag-amazing-walking","12":"product_tag-ancient-churches","13":"product_tag-architectonic-heritage","14":"product_tag-beautiful-landscapes","15":"product_tag-cultural-heritage","16":"product_tag-gastronomy","17":"product_tag-gastronomy-and-wines","18":"product_tag-greatest-baroque-structures-in-europe","19":"product_tag-green-landscape","20":"product_tag-guided-walking-holidays","21":"product_tag-guided-walking-tours","22":"product_tag-heritage","23":"product_tag-historic-monuments-in-lisbon","24":"product_tag-history-and-heritage","25":"product_tag-knights-templar","26":"product_tag-local-gastronomy","27":"product_tag-magnificent-landscape","28":"product_tag-medieval-times","29":"product_tag-medieval-villages","30":"product_tag-minho-region-portugal","31":"product_tag-nature-holidays","32":"product_tag-nature-tour","33":"product_tag-nature-walks","34":"product_tag-northern-portugal","35":"product_tag-northern-portugal-and-galicia","36":"product_tag-oporto","37":"product_tag-porto","38":"product_tag-porto-bridges","39":"product_tag-porto-cathedral","40":"product_tag-porto-world-heritage","41":"product_tag-portos-old-town","42":"product_tag-portugal-perfect-walking-holiday","43":"product_tag-santiago-compostela-walks","44":"product_tag-santiago-de-compostela","45":"product_tag-sightseeing-lisbon","46":"product_tag-sightseeing-porto","47":"product_tag-tomar","48":"product_tag-unesco-world-heritage-site","49":"product_tag-walking-experiences","50":"product_tag-walks-porto","51":"product_tag-world-heritage","52":"product_tag-world-heritage-city","54":"first","55":"instock","56":"virtual","57":"product-type-simple"},"acf":[],"yoast_head":"<!-- This site is optimized with the Yoast SEO Premium plugin v26.8 (Yoast SEO v27.5) - https:\/\/yoast.com\/product\/yoast-seo-premium-wordpress\/ -->\n<title>The Camino - From Lisbon to Santiago - Legendary Adventure DMC Portugal<\/title>\n<meta name=\"description\" content=\"This epic journey combines important cultural highlights of Portugal with parts of the Camino de Santiago.We will start in Lisbon, the charming Portuguese capital, explore Tomar, the former headquarters of the Knights Templar, and visit Porto, Portugal\u2019s second most important city. From here, we will begin walking the stages of the Camino to obtain our Pilgrim passport.\" \/>\n<meta name=\"robots\" content=\"index, follow, max-snippet:-1, max-image-preview:large, max-video-preview:-1\" \/>\n<link rel=\"canonical\" href=\"https:\/\/legendatours.com\/fr\/produit\/the-camino-from-lisbon-to-santiago-14200g\/\" \/>\n<meta property=\"og:locale\" content=\"fr_FR\" \/>\n<meta property=\"og:type\" content=\"article\" \/>\n<meta property=\"og:title\" content=\"The Camino - From Lisbon to Santiago\" \/>\n<meta property=\"og:description\" content=\"This epic journey combines important cultural highlights of Portugal with parts of the Camino de Santiago.We will start in Lisbon, the charming Portuguese capital, explore Tomar, the former headquarters of the Knights Templar, and visit Porto, Portugal\u2019s second most important city. From here, we will begin walking the stages of the Camino to obtain our Pilgrim passport.\" \/>\n<meta property=\"og:url\" content=\"https:\/\/legendatours.com\/fr\/produit\/the-camino-from-lisbon-to-santiago-14200g\/\" \/>\n<meta property=\"og:site_name\" content=\"Legendary Adventure DMC Portugal\" \/>\n<meta property=\"article:publisher\" content=\"https:\/\/www.facebook.com\/legendaryadventuredmc\/\" \/>\n<meta property=\"article:modified_time\" content=\"2025-07-25T11:25:47+00:00\" \/>\n<meta property=\"og:image\" content=\"https:\/\/legendatours.com\/wp-content\/uploads\/sites\/12\/2024\/12\/The-Camino-From-Lisbon-to-Santiago-Camino.jpg\" \/>\n\t<meta property=\"og:image:width\" content=\"1800\" \/>\n\t<meta property=\"og:image:height\" content=\"1200\" \/>\n\t<meta property=\"og:image:type\" content=\"image\/jpeg\" \/>\n<meta name=\"twitter:card\" content=\"summary_large_image\" \/>\n<meta name=\"twitter:label1\" content=\"Dur\u00e9e de lecture estim\u00e9e\" \/>\n\t<meta name=\"twitter:data1\" content=\"2 minutes\" \/>\n<script type=\"application\/ld+json\" class=\"yoast-schema-graph\">{\"@context\":\"https:\\\/\\\/schema.org\",\"@graph\":[{\"@type\":\"WebPage\",\"@id\":\"https:\\\/\\\/legendatours.com\\\/product\\\/the-camino-from-lisbon-to-santiago-14200g\\\/\",\"url\":\"https:\\\/\\\/legendatours.com\\\/product\\\/the-camino-from-lisbon-to-santiago-14200g\\\/\",\"name\":\"The Camino - From Lisbon to Santiago - Legendary Adventure DMC Portugal\",\"isPartOf\":{\"@id\":\"https:\\\/\\\/legendatours.com\\\/#website\"},\"primaryImageOfPage\":{\"@id\":\"https:\\\/\\\/legendatours.com\\\/product\\\/the-camino-from-lisbon-to-santiago-14200g\\\/#primaryimage\"},\"image\":{\"@id\":\"https:\\\/\\\/legendatours.com\\\/product\\\/the-camino-from-lisbon-to-santiago-14200g\\\/#primaryimage\"},\"thumbnailUrl\":\"https:\\\/\\\/legendatours.com\\\/wp-content\\\/uploads\\\/sites\\\/12\\\/2024\\\/12\\\/The-Camino-From-Lisbon-to-Santiago-Camino.jpg\",\"datePublished\":\"2024-09-17T14:48:27+00:00\",\"dateModified\":\"2025-07-25T11:25:47+00:00\",\"description\":\"This epic journey combines important cultural highlights of Portugal with parts of the Camino de Santiago.We will start in Lisbon, the charming Portuguese capital, explore Tomar, the former headquarters of the Knights Templar, and visit Porto, Portugal\u2019s second most important city. From here, we will begin walking the stages of the Camino to obtain our Pilgrim passport.\",\"breadcrumb\":{\"@id\":\"https:\\\/\\\/legendatours.com\\\/product\\\/the-camino-from-lisbon-to-santiago-14200g\\\/#breadcrumb\"},\"inLanguage\":\"fr-FR\",\"potentialAction\":[{\"@type\":\"ReadAction\",\"target\":[\"https:\\\/\\\/legendatours.com\\\/product\\\/the-camino-from-lisbon-to-santiago-14200g\\\/\"]}]},{\"@type\":\"ImageObject\",\"inLanguage\":\"fr-FR\",\"@id\":\"https:\\\/\\\/legendatours.com\\\/product\\\/the-camino-from-lisbon-to-santiago-14200g\\\/#primaryimage\",\"url\":\"https:\\\/\\\/legendatours.com\\\/wp-content\\\/uploads\\\/sites\\\/12\\\/2024\\\/12\\\/The-Camino-From-Lisbon-to-Santiago-Camino.jpg\",\"contentUrl\":\"https:\\\/\\\/legendatours.com\\\/wp-content\\\/uploads\\\/sites\\\/12\\\/2024\\\/12\\\/The-Camino-From-Lisbon-to-Santiago-Camino.jpg\",\"width\":1800,\"height\":1200,\"caption\":\"Walking The-Camino-From-Lisbon-to-Santiago\"},{\"@type\":\"BreadcrumbList\",\"@id\":\"https:\\\/\\\/legendatours.com\\\/product\\\/the-camino-from-lisbon-to-santiago-14200g\\\/#breadcrumb\",\"itemListElement\":[{\"@type\":\"ListItem\",\"position\":1,\"name\":\"Home\",\"item\":\"https:\\\/\\\/legendatours.com\\\/\"},{\"@type\":\"ListItem\",\"position\":2,\"name\":\"Shop\",\"item\":\"https:\\\/\\\/legendatours.com\\\/sv\\\/?page_id=4\"},{\"@type\":\"ListItem\",\"position\":3,\"name\":\"The Camino \u2013 From Lisbon to Santiago\"}]},{\"@type\":\"WebSite\",\"@id\":\"https:\\\/\\\/legendatours.com\\\/#website\",\"url\":\"https:\\\/\\\/legendatours.com\\\/\",\"name\":\"Legendary Adventure DMC Portugal\",\"description\":\"Responsible Walking &amp; Nature Holidays in Portugal\",\"publisher\":{\"@id\":\"https:\\\/\\\/legendatours.com\\\/#organization\"},\"alternateName\":\"Legendary Adventure Portugal\",\"potentialAction\":[{\"@type\":\"SearchAction\",\"target\":{\"@type\":\"EntryPoint\",\"urlTemplate\":\"https:\\\/\\\/legendatours.com\\\/?s={search_term_string}\"},\"query-input\":{\"@type\":\"PropertyValueSpecification\",\"valueRequired\":true,\"valueName\":\"search_term_string\"}}],\"inLanguage\":\"fr-FR\"},{\"@type\":\"Organization\",\"@id\":\"https:\\\/\\\/legendatours.com\\\/#organization\",\"name\":\"legendatours.com\",\"url\":\"https:\\\/\\\/legendatours.com\\\/\",\"logo\":{\"@type\":\"ImageObject\",\"inLanguage\":\"fr-FR\",\"@id\":\"https:\\\/\\\/legendatours.com\\\/#\\\/schema\\\/logo\\\/image\\\/\",\"url\":\"https:\\\/\\\/legendatours.com\\\/wp-content\\\/uploads\\\/sites\\\/12\\\/2021\\\/06\\\/legendary_adventure_dmc.png\",\"contentUrl\":\"https:\\\/\\\/legendatours.com\\\/wp-content\\\/uploads\\\/sites\\\/12\\\/2021\\\/06\\\/legendary_adventure_dmc.png\",\"width\":250,\"height\":74,\"caption\":\"legendatours.com\"},\"image\":{\"@id\":\"https:\\\/\\\/legendatours.com\\\/#\\\/schema\\\/logo\\\/image\\\/\"},\"sameAs\":[\"https:\\\/\\\/www.facebook.com\\\/legendaryadventuredmc\\\/\",\"https:\\\/\\\/www.linkedin.com\\\/company\\\/legendary-adventure-dmc-portugal\",\"https:\\\/\\\/www.youtube.com\\\/channel\\\/UCOIRDx_KM6ynIcacQkZjb6g\"]}]}<\/script>\n<!-- \/ Yoast SEO Premium plugin. -->","yoast_head_json":{"title":"Le Chemin de Compostelle - De Lisbonne \u00e0 Saint-Jacques-de-Compostelle - Legendary Adventure DMC Portugal","description":"Ce voyage \u00e9pique combine les principaux sites culturels du Portugal avec des parties du Chemin de Saint-Jacques-de-Compostelle. Nous commencerons par Lisbonne, la charmante capitale portugaise, explorerons Tomar, ancien si\u00e8ge des Templiers, et visiterons Porto, la deuxi\u00e8me ville la plus importante du Portugal. De l\u00e0, nous entamerons les \u00e9tapes du Chemin pour obtenir notre passeport de p\u00e8lerin.","robots":{"index":"index","follow":"follow","max-snippet":"max-snippet:-1","max-image-preview":"max-image-preview:large","max-video-preview":"max-video-preview:-1"},"canonical":"https:\/\/legendatours.com\/fr\/produit\/the-camino-from-lisbon-to-santiago-14200g\/","og_locale":"fr_FR","og_type":"article","og_title":"The Camino - From Lisbon to Santiago","og_description":"This epic journey combines important cultural highlights of Portugal with parts of the Camino de Santiago.We will start in Lisbon, the charming Portuguese capital, explore Tomar, the former headquarters of the Knights Templar, and visit Porto, Portugal\u2019s second most important city. From here, we will begin walking the stages of the Camino to obtain our Pilgrim passport.","og_url":"https:\/\/legendatours.com\/fr\/produit\/the-camino-from-lisbon-to-santiago-14200g\/","og_site_name":"Legendary Adventure DMC Portugal","article_publisher":"https:\/\/www.facebook.com\/legendaryadventuredmc\/","article_modified_time":"2025-07-25T11:25:47+00:00","og_image":[{"width":1800,"height":1200,"url":"https:\/\/legendatours.com\/wp-content\/uploads\/sites\/12\/2024\/12\/The-Camino-From-Lisbon-to-Santiago-Camino.jpg","type":"image\/jpeg"}],"twitter_card":"summary_large_image","twitter_misc":{"Dur\u00e9e de lecture estim\u00e9e":"2 minutes"},"schema":{"@context":"https:\/\/schema.org","@graph":[{"@type":"WebPage","@id":"https:\/\/legendatours.com\/product\/the-camino-from-lisbon-to-santiago-14200g\/","url":"https:\/\/legendatours.com\/product\/the-camino-from-lisbon-to-santiago-14200g\/","name":"Le Chemin de Compostelle - De Lisbonne \u00e0 Saint-Jacques-de-Compostelle - Legendary Adventure DMC Portugal","isPartOf":{"@id":"https:\/\/legendatours.com\/#website"},"primaryImageOfPage":{"@id":"https:\/\/legendatours.com\/product\/the-camino-from-lisbon-to-santiago-14200g\/#primaryimage"},"image":{"@id":"https:\/\/legendatours.com\/product\/the-camino-from-lisbon-to-santiago-14200g\/#primaryimage"},"thumbnailUrl":"https:\/\/legendatours.com\/wp-content\/uploads\/sites\/12\/2024\/12\/The-Camino-From-Lisbon-to-Santiago-Camino.jpg","datePublished":"2024-09-17T14:48:27+00:00","dateModified":"2025-07-25T11:25:47+00:00","description":"Ce voyage \u00e9pique combine les principaux sites culturels du Portugal avec des parties du Chemin de Saint-Jacques-de-Compostelle. Nous commencerons par Lisbonne, la charmante capitale portugaise, explorerons Tomar, ancien si\u00e8ge des Templiers, et visiterons Porto, la deuxi\u00e8me ville la plus importante du Portugal. De l\u00e0, nous entamerons les \u00e9tapes du Chemin pour obtenir notre passeport de p\u00e8lerin.","breadcrumb":{"@id":"https:\/\/legendatours.com\/product\/the-camino-from-lisbon-to-santiago-14200g\/#breadcrumb"},"inLanguage":"fr-FR","potentialAction":[{"@type":"ReadAction","target":["https:\/\/legendatours.com\/product\/the-camino-from-lisbon-to-santiago-14200g\/"]}]},{"@type":"ImageObject","inLanguage":"fr-FR","@id":"https:\/\/legendatours.com\/product\/the-camino-from-lisbon-to-santiago-14200g\/#primaryimage","url":"https:\/\/legendatours.com\/wp-content\/uploads\/sites\/12\/2024\/12\/The-Camino-From-Lisbon-to-Santiago-Camino.jpg","contentUrl":"https:\/\/legendatours.com\/wp-content\/uploads\/sites\/12\/2024\/12\/The-Camino-From-Lisbon-to-Santiago-Camino.jpg","width":1800,"height":1200,"caption":"Walking The-Camino-From-Lisbon-to-Santiago"},{"@type":"BreadcrumbList","@id":"https:\/\/legendatours.com\/product\/the-camino-from-lisbon-to-santiago-14200g\/#breadcrumb","itemListElement":[{"@type":"ListItem","position":1,"name":"Home","item":"https:\/\/legendatours.com\/"},{"@type":"ListItem","position":2,"name":"Shop","item":"https:\/\/legendatours.com\/sv\/?page_id=4"},{"@type":"ListItem","position":3,"name":"The Camino \u2013 From Lisbon to Santiago"}]},{"@type":"WebSite","@id":"https:\/\/legendatours.com\/#website","url":"https:\/\/legendatours.com\/","name":"Aventure l\u00e9gendaire DMC Portugal","description":"Randonn\u00e9es responsables et vacances nature au Portugal","publisher":{"@id":"https:\/\/legendatours.com\/#organization"},"alternateName":"Legendary Adventure Portugal","potentialAction":[{"@type":"SearchAction","target":{"@type":"EntryPoint","urlTemplate":"https:\/\/legendatours.com\/?s={search_term_string}"},"query-input":{"@type":"PropertyValueSpecification","valueRequired":true,"valueName":"search_term_string"}}],"inLanguage":"fr-FR"},{"@type":"Organization","@id":"https:\/\/legendatours.com\/#organization","name":"legendatours.com","url":"https:\/\/legendatours.com\/","logo":{"@type":"ImageObject","inLanguage":"fr-FR","@id":"https:\/\/legendatours.com\/#\/schema\/logo\/image\/","url":"https:\/\/legendatours.com\/wp-content\/uploads\/sites\/12\/2021\/06\/legendary_adventure_dmc.png","contentUrl":"https:\/\/legendatours.com\/wp-content\/uploads\/sites\/12\/2021\/06\/legendary_adventure_dmc.png","width":250,"height":74,"caption":"legendatours.com"},"image":{"@id":"https:\/\/legendatours.com\/#\/schema\/logo\/image\/"},"sameAs":["https:\/\/www.facebook.com\/legendaryadventuredmc\/","https:\/\/www.linkedin.com\/company\/legendary-adventure-dmc-portugal","https:\/\/www.youtube.com\/channel\/UCOIRDx_KM6ynIcacQkZjb6g"]}]}},"_links":{"self":[{"href":"https:\/\/legendatours.com\/fr\/wp-json\/wp\/v2\/product\/10738","targetHints":{"allow":["GET"]}}],"collection":[{"href":"https:\/\/legendatours.com\/fr\/wp-json\/wp\/v2\/product"}],"about":[{"href":"https:\/\/legendatours.com\/fr\/wp-json\/wp\/v2\/types\/product"}],"replies":[{"embeddable":true,"href":"https:\/\/legendatours.com\/fr\/wp-json\/wp\/v2\/comments?post=10738"}],"wp:featuredmedia":[{"embeddable":true,"href":"https:\/\/legendatours.com\/fr\/wp-json\/wp\/v2\/media\/10719"}],"wp:attachment":[{"href":"https:\/\/legendatours.com\/fr\/wp-json\/wp\/v2\/media?parent=10738"}],"wp:term":[{"taxonomy":"product_brand","embeddable":true,"href":"https:\/\/legendatours.com\/fr\/wp-json\/wp\/v2\/product_brand?post=10738"},{"taxonomy":"product_cat","embeddable":true,"href":"https:\/\/legendatours.com\/fr\/wp-json\/wp\/v2\/product_cat?post=10738"},{"taxonomy":"product_tag","embeddable":true,"href":"https:\/\/legendatours.com\/fr\/wp-json\/wp\/v2\/product_tag?post=10738"}],"curies":[{"name":"wp","href":"https:\/\/api.w.org\/{rel}","templated":true}]}}