{"id":10874,"date":"2025-07-04T14:16:37","date_gmt":"2025-07-04T14:16:37","guid":{"rendered":"https:\/\/legendatours.com\/product\/cape-verde-hidden-gems-sightseeing-walking-cv1300g\/"},"modified":"2026-03-10T17:41:46","modified_gmt":"2026-03-10T17:41:46","slug":"cabo-verde-hidden-gems-cv1200g","status":"publish","type":"product","link":"https:\/\/legendatours.com\/fr\/produit\/cabo-verde-hidden-gems-cv1200g\/","title":{"rendered":"Les tr\u00e9sors cach\u00e9s du Cap-Vert"},"content":{"rendered":"<div id=\"fws_6a0465e1639cb\"  data-column-margin=\"default\" data-midnight=\"dark\"  class=\"wpb_row vc_row-fluid vc_row\"  style=\"padding-top: 0px; padding-bottom: 0px; \"><div class=\"row-bg-wrap\" data-bg-animation=\"none\" data-bg-animation-delay=\"\" data-bg-overlay=\"false\"><div class=\"inner-wrap row-bg-layer\" ><div class=\"row-bg viewport-desktop\"  style=\"\"><\/div><\/div><\/div><div class=\"row_col_wrap_12 col span_12 dark left\">\n\t<div  class=\"vc_col-sm-12 wpb_column column_container vc_column_container col no-extra-padding inherit_tablet inherit_phone flex_gap_desktop_10px\"  data-padding-pos=\"all\" data-has-bg-color=\"false\" data-bg-color=\"\" data-bg-opacity=\"1\" data-animation=\"\" data-delay=\"0\" >\n\t\t<div class=\"vc_column-inner\" >\n\t\t\t<div class=\"wpb_wrapper\">\n\t\t\t\t\n<div class=\"wpb_text_column wpb_content_element\" >\n\t<p><strong>Notre aventure commence \u00e0 Mindelo, nich\u00e9e sur l&#039;\u00eele de S\u00e3o Vicente. R\u00e9put\u00e9e comme la capitale culturelle du Cap-Vert, Mindelo offre des rues color\u00e9es, des spectacles de musique en direct et de riches traditions. <\/strong><\/p>\n<p><strong>Apr\u00e8s avoir profit\u00e9 des images et des sons de S\u00e3o Vicente, nous embarquons pour une travers\u00e9e pittoresque en ferry jusqu&#039;\u00e0 la magnifique \u00eele de Santo Ant\u00e3o. <\/strong><\/p>\n<p><strong>Tandis que nous glissons sur les eaux azur\u00e9es, un majestueux paysage volcanique se d\u00e9voile, r\u00e9v\u00e9lant un havre de paix serein qui ressemble \u00e0 un paradis secret, heureusement pr\u00e9serv\u00e9 des foules du tourisme de masse. <\/strong><\/p>\n<p><strong>Durant notre s\u00e9jour \u00e0 Santo Ant\u00e3o, nous nous immergeons dans une vari\u00e9t\u00e9 de paysages spectaculaires, notamment d&#039;imposants sommets montagneux, de charmants villages de p\u00eacheurs, des vall\u00e9es tropicales verdoyantes et des paysages semblables \u00e0 ceux du Sahara. <\/strong><\/p>\n<p><strong>Nous savourons les d\u00e9lices culinaires locaux et explorons les riches tr\u00e9sors culturels et naturels que ces \u00eeles atlantiques isol\u00e9es ont \u00e0 offrir.<\/strong><\/p>\n<p><strong>\u00a0<\/strong><\/p>\n<p><strong>S\u00e3o Vicente, c\u0153ur culturel du Cap-Vert<\/strong><\/p>\n<p>Arrivez \u00e0 Mindelo, o\u00f9 vous trouverez quelque chose d&#039;int\u00e9ressant \u00e0 chaque coin de rue.<\/p>\n<p>C\u00e9l\u00e9br\u00e9e comme le c\u0153ur culturel de l&#039;archipel et le berceau de la l\u00e9gendaire chanteuse de morna Ces\u00e1ria \u00c9vora, Mindelo se distingue par son architecture coloniale vibrante, son \u00e2me artistique et son charme nostalgique.<\/p>\n<div id=\"attachment_4367\" style=\"width: 1034px\" class=\"wp-caption alignnone\"><img loading=\"lazy\" decoding=\"async\" aria-describedby=\"caption-attachment-4367\" class=\"wp-image-4367 size-large\" src=\"https:\/\/legendatours.net\/wp-content\/uploads\/2025\/07\/35-1024x683.jpg\" alt=\"Walking in S\u00e3o Vicente Cape Verde\" width=\"1024\" height=\"683\" \/><p id=\"caption-attachment-4367\" class=\"wp-caption-text\">Centre national des arts, de l&#039;artisanat et du design de Mindelo<\/p><\/div>\n<p>&nbsp;<\/p>\n<div id=\"attachment_4366\" style=\"width: 1034px\" class=\"wp-caption alignnone\"><img loading=\"lazy\" decoding=\"async\" aria-describedby=\"caption-attachment-4366\" class=\"wp-image-4366 size-large\" src=\"https:\/\/legendatours.net\/wp-content\/uploads\/2025\/07\/34-1024x683.jpg\" alt=\"Walking in S\u00e3o Vicente Cape Verde\" width=\"1024\" height=\"683\" \/><p id=\"caption-attachment-4366\" class=\"wp-caption-text\">March\u00e9 de produits \u00e0 Mindelo<\/p><\/div>\n<p>La plage urbaine de Laginha, situ\u00e9e dans une baie abrit\u00e9e aux eaux turquoise, est id\u00e9ale pour tremper les pieds.<\/p>\n<p>La ville offre une sc\u00e8ne musicale live anim\u00e9e, des march\u00e9s de rue proposant de l&#039;artisanat et des produits frais, un art urbain int\u00e9ressant et un port en eau profonde, plaque tournante du commerce depuis des si\u00e8cles.<\/p>\n<div id=\"attachment_4330\" style=\"width: 1034px\" class=\"wp-caption alignnone\"><img loading=\"lazy\" decoding=\"async\" aria-describedby=\"caption-attachment-4330\" class=\"wp-image-4330 size-large\" src=\"https:\/\/legendatours.net\/wp-content\/uploads\/2025\/07\/33-1024x683.jpg\" alt=\"Cape Verde - Mindelo and Santo Ant\u00e3o Culture and Nature Walking Tour\" width=\"1024\" height=\"683\" \/><p id=\"caption-attachment-4330\" class=\"wp-caption-text\">Mindelo et vue sur Monte Cara<\/p><\/div>\n<p>&nbsp;<\/p>\n<div id=\"attachment_4363\" style=\"width: 1034px\" class=\"wp-caption alignnone\"><img loading=\"lazy\" decoding=\"async\" aria-describedby=\"caption-attachment-4363\" class=\"wp-image-4363 size-large\" src=\"https:\/\/legendatours.net\/wp-content\/uploads\/2025\/07\/31-1024x683.jpg\" alt=\"Walking in S\u00e3o Vicente Cape Verde\" width=\"1024\" height=\"683\" \/><p id=\"caption-attachment-4363\" class=\"wp-caption-text\">Peinture murale Ces\u00e1ria \u00c9vora \u00e0 Mindelo par Vihls<\/p><\/div>\n<p>&nbsp;<\/p>\n<div id=\"attachment_4362\" style=\"width: 1034px\" class=\"wp-caption alignnone\"><img loading=\"lazy\" decoding=\"async\" aria-describedby=\"caption-attachment-4362\" class=\"wp-image-4362 size-large\" src=\"https:\/\/legendatours.net\/wp-content\/uploads\/2025\/07\/30-1024x683.jpg\" alt=\"Walking in S\u00e3o Vicente Cape Verde\" width=\"1024\" height=\"683\" \/><p id=\"caption-attachment-4362\" class=\"wp-caption-text\">Laginha, la plage urbaine de Mindelo, S\u00e3o Vicente<\/p><\/div>\n<p>Aujourd&#039;hui encore, nous voyons les traces de sa riche histoire et des diverses cultures qui ont travers\u00e9 ces rues.<\/p>\n<p>Outre sa capitale, S\u00e3o Vicente poss\u00e8de de magnifiques plages de sable blanc o\u00f9 il est possible d&#039;observer et de nager avec les tortues.<\/p>\n<p><strong>\u00a0<\/strong><\/p>\n<p><strong>Santo Ant\u00e3o, l&#039;\u00eele de la montagne<\/strong><\/p>\n<p>Le prochain arr\u00eat est Santo Ant\u00e3o. Si le Cap-Vert \u00e9tait un joyau, Santo Ant\u00e3o serait son diamant le plus rare et le plus pr\u00e9cieux.<\/p>\n<p>Avec sa v\u00e9g\u00e9tation luxuriante, ses pics imposants et ses sentiers qui longent les falaises en bord de mer ou qui descendent le long des pentes volcaniques et agricoles, Santo Ant\u00e3o est un paradis perdu.<\/p>\n<div id=\"attachment_4387\" style=\"width: 1034px\" class=\"wp-caption alignnone\"><img loading=\"lazy\" decoding=\"async\" aria-describedby=\"caption-attachment-4387\" class=\"wp-image-4387 size-large\" src=\"https:\/\/legendatours.net\/wp-content\/uploads\/2025\/07\/55-1024x683.jpg\" alt=\"Walking in Santo Ant\u00e3o Cape Verde\" width=\"1024\" height=\"683\" \/><p id=\"caption-attachment-4387\" class=\"wp-caption-text\">Fonta\u00ednhas est reconnu comme site du patrimoine national culturel et naturel<\/p><\/div>\n<p>&nbsp;<\/p>\n<div id=\"attachment_4372\" style=\"width: 1034px\" class=\"wp-caption alignnone\"><img loading=\"lazy\" decoding=\"async\" aria-describedby=\"caption-attachment-4372\" class=\"wp-image-4372 size-large\" src=\"https:\/\/legendatours.net\/wp-content\/uploads\/2025\/07\/40-1024x683.jpg\" alt=\"Walking in Santo Ant\u00e3o Cape Verde\" width=\"1024\" height=\"683\" \/><p id=\"caption-attachment-4372\" class=\"wp-caption-text\">Se promener \u00e0 Santo Ant\u00e3o Cabo Verde<\/p><\/div>\n<p>C&#039;est tout le contraire des autres \u00eeles touristiques du Cap-Vert, connues pour leurs plages et leurs complexes h\u00f4teliers de luxe ferm\u00e9s.<\/p>\n<p>Ici, vous ne trouverez pas une version aseptis\u00e9e du Cap-Vert ; au contraire, vous d\u00e9couvrirez l&#039;authenticit\u00e9 et un itin\u00e9raire soigneusement s\u00e9lectionn\u00e9 de randonn\u00e9es et d&#039;exp\u00e9riences dans des paysages divers et pr\u00e9serv\u00e9s.<\/p>\n<div id=\"attachment_4375\" style=\"width: 1034px\" class=\"wp-caption alignnone\"><img loading=\"lazy\" decoding=\"async\" aria-describedby=\"caption-attachment-4375\" class=\"wp-image-4375 size-large\" src=\"https:\/\/legendatours.net\/wp-content\/uploads\/2025\/07\/43-1024x683.jpg\" alt=\"Walking in Santo Ant\u00e3o Cape Verde\" width=\"1024\" height=\"683\" \/><p id=\"caption-attachment-4375\" class=\"wp-caption-text\">Production de <em>grogue<\/em> \u00e0 Santo Ant\u00e3o<\/p><\/div>\n<p>&nbsp;<\/p>\n<div id=\"attachment_4347\" style=\"width: 1034px\" class=\"wp-caption alignnone\"><img loading=\"lazy\" decoding=\"async\" aria-describedby=\"caption-attachment-4347\" class=\"wp-image-4347 size-large\" src=\"https:\/\/legendatours.net\/wp-content\/uploads\/2025\/07\/15-1024x683.jpg\" alt=\"Walking in Santo Ant\u00e3o Cape Verde\" width=\"1024\" height=\"683\" \/><p id=\"caption-attachment-4347\" class=\"wp-caption-text\">Vall\u00e9e de Paul, Santo Ant\u00e3o<\/p><\/div>\n<p>&nbsp;<\/p>\n<div id=\"attachment_4376\" style=\"width: 1034px\" class=\"wp-caption alignnone\"><img loading=\"lazy\" decoding=\"async\" aria-describedby=\"caption-attachment-4376\" class=\"wp-image-4376 size-large\" src=\"https:\/\/legendatours.net\/wp-content\/uploads\/2025\/07\/44-1024x683.jpg\" alt=\"Walking in Santo Ant\u00e3o Cape Verde\" width=\"1024\" height=\"683\" \/><p id=\"caption-attachment-4376\" class=\"wp-caption-text\">Culture de canne \u00e0 sucre, Santo Ant\u00e3o Cap Vert<\/p><\/div>\n<p>&nbsp;<\/p>\n<div id=\"attachment_4337\" style=\"width: 1034px\" class=\"wp-caption alignnone\"><img loading=\"lazy\" decoding=\"async\" aria-describedby=\"caption-attachment-4337\" class=\"wp-image-4337 size-large\" src=\"https:\/\/legendatours.net\/wp-content\/uploads\/2025\/07\/5-1024x683.jpg\" alt=\"Walking in Santo Ant\u00e3o Cape Verde\" width=\"1024\" height=\"683\" \/><p id=\"caption-attachment-4337\" class=\"wp-caption-text\">Se promener \u00e0 Santo Ant\u00e3o Cabo Verde<\/p><\/div>\n<p>La cordialit\u00e9 et la gentillesse proverbiales du peuple capverdien sont ici encore plus authentiques. Ressentez la <em>morabeza<\/em>!<\/p>\n<\/div>\n\n\n\n\n\t\t\t<\/div> \n\t\t<\/div>\n\t<\/div> \n<\/div><\/div>","protected":false},"excerpt":{"rendered":"<p>Notre aventure commence \u00e0 Mindelo, c\u0153ur culturel du Cap-Vert. Apr\u00e8s avoir profit\u00e9 des images et des sons de S\u00e3o Vicente, nous embarquons pour une travers\u00e9e pittoresque en ferry jusqu&#039;\u00e0 la magnifique \u00eele de Santo Ant\u00e3o, un havre de paix serein qui ressemble \u00e0 un paradis secret, heureusement pr\u00e9serv\u00e9 du tourisme de masse.<\/p>","protected":false},"featured_media":10865,"comment_status":"closed","ping_status":"closed","template":"","meta":{"_acf_changed":false,"inline_featured_image":false},"product_brand":[],"product_cat":[1158],"product_tag":[],"class_list":{"0":"post-10874","1":"product","2":"type-product","3":"status-publish","4":"has-post-thumbnail","6":"product_cat-cabo-verde-walking-group-tours","8":"first","9":"instock","10":"featured","11":"virtual","12":"product-type-simple"},"acf":[],"yoast_head":"<!-- This site is optimized with the Yoast SEO Premium plugin v26.8 (Yoast SEO v27.6) - https:\/\/yoast.com\/product\/yoast-seo-premium-wordpress\/ -->\n<title>Cabo Verde Hidden Gems - Legendary Adventure DMC Portugal<\/title>\n<meta name=\"robots\" content=\"index, follow, max-snippet:-1, max-image-preview:large, max-video-preview:-1\" \/>\n<link rel=\"canonical\" href=\"https:\/\/legendatours.com\/fr\/produit\/cabo-verde-hidden-gems-cv1200g\/\" \/>\n<meta property=\"og:locale\" content=\"fr_FR\" \/>\n<meta property=\"og:type\" content=\"article\" \/>\n<meta property=\"og:title\" content=\"Cabo Verde Hidden Gems\" \/>\n<meta property=\"og:description\" content=\"Our adventure begins in Mindelo, the cultural heart of Cabo Verde. After soaking in the sights and sounds of S\u00e3o Vicente, we take a scenic ferry ride to the stunning Island of Santo Ant\u00e3o,\u00a0a serene haven that feels like a secret paradise, blissfully untouched by the crowds of mass tourism.\" \/>\n<meta property=\"og:url\" content=\"https:\/\/legendatours.com\/fr\/produit\/cabo-verde-hidden-gems-cv1200g\/\" \/>\n<meta property=\"og:site_name\" content=\"Legendary Adventure DMC Portugal\" \/>\n<meta property=\"article:publisher\" content=\"https:\/\/www.facebook.com\/legendaryadventuredmc\/\" \/>\n<meta property=\"article:modified_time\" content=\"2026-03-10T17:41:46+00:00\" \/>\n<meta property=\"og:image\" content=\"https:\/\/legendatours.com\/wp-content\/uploads\/sites\/12\/2025\/07\/24.jpg\" \/>\n\t<meta property=\"og:image:width\" content=\"1800\" \/>\n\t<meta property=\"og:image:height\" content=\"1200\" \/>\n\t<meta property=\"og:image:type\" content=\"image\/jpeg\" \/>\n<meta name=\"twitter:card\" content=\"summary_large_image\" \/>\n<meta name=\"twitter:label1\" content=\"Dur\u00e9e de lecture estim\u00e9e\" \/>\n\t<meta name=\"twitter:data1\" content=\"4 minutes\" \/>\n<script type=\"application\/ld+json\" class=\"yoast-schema-graph\">{\"@context\":\"https:\\\/\\\/schema.org\",\"@graph\":[{\"@type\":\"WebPage\",\"@id\":\"https:\\\/\\\/legendatours.com\\\/product\\\/cabo-verde-hidden-gems-cv1200g\\\/\",\"url\":\"https:\\\/\\\/legendatours.com\\\/product\\\/cabo-verde-hidden-gems-cv1200g\\\/\",\"name\":\"Cabo Verde Hidden Gems - Legendary Adventure DMC Portugal\",\"isPartOf\":{\"@id\":\"https:\\\/\\\/legendatours.com\\\/#website\"},\"primaryImageOfPage\":{\"@id\":\"https:\\\/\\\/legendatours.com\\\/product\\\/cabo-verde-hidden-gems-cv1200g\\\/#primaryimage\"},\"image\":{\"@id\":\"https:\\\/\\\/legendatours.com\\\/product\\\/cabo-verde-hidden-gems-cv1200g\\\/#primaryimage\"},\"thumbnailUrl\":\"https:\\\/\\\/legendatours.com\\\/wp-content\\\/uploads\\\/sites\\\/12\\\/2025\\\/07\\\/24.jpg\",\"datePublished\":\"2025-07-04T14:16:37+00:00\",\"dateModified\":\"2026-03-10T17:41:46+00:00\",\"breadcrumb\":{\"@id\":\"https:\\\/\\\/legendatours.com\\\/product\\\/cabo-verde-hidden-gems-cv1200g\\\/#breadcrumb\"},\"inLanguage\":\"fr-FR\",\"potentialAction\":[{\"@type\":\"ReadAction\",\"target\":[\"https:\\\/\\\/legendatours.com\\\/product\\\/cabo-verde-hidden-gems-cv1200g\\\/\"]}]},{\"@type\":\"ImageObject\",\"inLanguage\":\"fr-FR\",\"@id\":\"https:\\\/\\\/legendatours.com\\\/product\\\/cabo-verde-hidden-gems-cv1200g\\\/#primaryimage\",\"url\":\"https:\\\/\\\/legendatours.com\\\/wp-content\\\/uploads\\\/sites\\\/12\\\/2025\\\/07\\\/24.jpg\",\"contentUrl\":\"https:\\\/\\\/legendatours.com\\\/wp-content\\\/uploads\\\/sites\\\/12\\\/2025\\\/07\\\/24.jpg\",\"width\":1800,\"height\":1200},{\"@type\":\"BreadcrumbList\",\"@id\":\"https:\\\/\\\/legendatours.com\\\/product\\\/cabo-verde-hidden-gems-cv1200g\\\/#breadcrumb\",\"itemListElement\":[{\"@type\":\"ListItem\",\"position\":1,\"name\":\"Home\",\"item\":\"https:\\\/\\\/legendatours.com\\\/\"},{\"@type\":\"ListItem\",\"position\":2,\"name\":\"Shop\",\"item\":\"https:\\\/\\\/legendatours.com\\\/sv\\\/?page_id=4\"},{\"@type\":\"ListItem\",\"position\":3,\"name\":\"Cabo Verde Hidden Gems\"}]},{\"@type\":\"WebSite\",\"@id\":\"https:\\\/\\\/legendatours.com\\\/#website\",\"url\":\"https:\\\/\\\/legendatours.com\\\/\",\"name\":\"Legendary Adventure DMC Portugal\",\"description\":\"Responsible Walking &amp; Nature Holidays in Portugal\",\"publisher\":{\"@id\":\"https:\\\/\\\/legendatours.com\\\/#organization\"},\"alternateName\":\"Legendary Adventure Portugal\",\"potentialAction\":[{\"@type\":\"SearchAction\",\"target\":{\"@type\":\"EntryPoint\",\"urlTemplate\":\"https:\\\/\\\/legendatours.com\\\/?s={search_term_string}\"},\"query-input\":{\"@type\":\"PropertyValueSpecification\",\"valueRequired\":true,\"valueName\":\"search_term_string\"}}],\"inLanguage\":\"fr-FR\"},{\"@type\":\"Organization\",\"@id\":\"https:\\\/\\\/legendatours.com\\\/#organization\",\"name\":\"legendatours.com\",\"url\":\"https:\\\/\\\/legendatours.com\\\/\",\"logo\":{\"@type\":\"ImageObject\",\"inLanguage\":\"fr-FR\",\"@id\":\"https:\\\/\\\/legendatours.com\\\/#\\\/schema\\\/logo\\\/image\\\/\",\"url\":\"https:\\\/\\\/legendatours.com\\\/wp-content\\\/uploads\\\/sites\\\/12\\\/2021\\\/06\\\/legendary_adventure_dmc.png\",\"contentUrl\":\"https:\\\/\\\/legendatours.com\\\/wp-content\\\/uploads\\\/sites\\\/12\\\/2021\\\/06\\\/legendary_adventure_dmc.png\",\"width\":250,\"height\":74,\"caption\":\"legendatours.com\"},\"image\":{\"@id\":\"https:\\\/\\\/legendatours.com\\\/#\\\/schema\\\/logo\\\/image\\\/\"},\"sameAs\":[\"https:\\\/\\\/www.facebook.com\\\/legendaryadventuredmc\\\/\",\"https:\\\/\\\/www.linkedin.com\\\/company\\\/legendary-adventure-dmc-portugal\",\"https:\\\/\\\/www.youtube.com\\\/channel\\\/UCOIRDx_KM6ynIcacQkZjb6g\"]}]}<\/script>\n<!-- \/ Yoast SEO Premium plugin. -->","yoast_head_json":{"title":"Cabo Verde Hidden Gems - Legendary Adventure DMC Portugal","robots":{"index":"index","follow":"follow","max-snippet":"max-snippet:-1","max-image-preview":"max-image-preview:large","max-video-preview":"max-video-preview:-1"},"canonical":"https:\/\/legendatours.com\/fr\/produit\/cabo-verde-hidden-gems-cv1200g\/","og_locale":"fr_FR","og_type":"article","og_title":"Cabo Verde Hidden Gems","og_description":"Our adventure begins in Mindelo, the cultural heart of Cabo Verde. After soaking in the sights and sounds of S\u00e3o Vicente, we take a scenic ferry ride to the stunning Island of Santo Ant\u00e3o,\u00a0a serene haven that feels like a secret paradise, blissfully untouched by the crowds of mass tourism.","og_url":"https:\/\/legendatours.com\/fr\/produit\/cabo-verde-hidden-gems-cv1200g\/","og_site_name":"Legendary Adventure DMC Portugal","article_publisher":"https:\/\/www.facebook.com\/legendaryadventuredmc\/","article_modified_time":"2026-03-10T17:41:46+00:00","og_image":[{"width":1800,"height":1200,"url":"https:\/\/legendatours.com\/wp-content\/uploads\/sites\/12\/2025\/07\/24.jpg","type":"image\/jpeg"}],"twitter_card":"summary_large_image","twitter_misc":{"Dur\u00e9e de lecture estim\u00e9e":"4 minutes"},"schema":{"@context":"https:\/\/schema.org","@graph":[{"@type":"WebPage","@id":"https:\/\/legendatours.com\/product\/cabo-verde-hidden-gems-cv1200g\/","url":"https:\/\/legendatours.com\/product\/cabo-verde-hidden-gems-cv1200g\/","name":"Cabo Verde Hidden Gems - Legendary Adventure DMC Portugal","isPartOf":{"@id":"https:\/\/legendatours.com\/#website"},"primaryImageOfPage":{"@id":"https:\/\/legendatours.com\/product\/cabo-verde-hidden-gems-cv1200g\/#primaryimage"},"image":{"@id":"https:\/\/legendatours.com\/product\/cabo-verde-hidden-gems-cv1200g\/#primaryimage"},"thumbnailUrl":"https:\/\/legendatours.com\/wp-content\/uploads\/sites\/12\/2025\/07\/24.jpg","datePublished":"2025-07-04T14:16:37+00:00","dateModified":"2026-03-10T17:41:46+00:00","breadcrumb":{"@id":"https:\/\/legendatours.com\/product\/cabo-verde-hidden-gems-cv1200g\/#breadcrumb"},"inLanguage":"fr-FR","potentialAction":[{"@type":"ReadAction","target":["https:\/\/legendatours.com\/product\/cabo-verde-hidden-gems-cv1200g\/"]}]},{"@type":"ImageObject","inLanguage":"fr-FR","@id":"https:\/\/legendatours.com\/product\/cabo-verde-hidden-gems-cv1200g\/#primaryimage","url":"https:\/\/legendatours.com\/wp-content\/uploads\/sites\/12\/2025\/07\/24.jpg","contentUrl":"https:\/\/legendatours.com\/wp-content\/uploads\/sites\/12\/2025\/07\/24.jpg","width":1800,"height":1200},{"@type":"BreadcrumbList","@id":"https:\/\/legendatours.com\/product\/cabo-verde-hidden-gems-cv1200g\/#breadcrumb","itemListElement":[{"@type":"ListItem","position":1,"name":"Home","item":"https:\/\/legendatours.com\/"},{"@type":"ListItem","position":2,"name":"Shop","item":"https:\/\/legendatours.com\/sv\/?page_id=4"},{"@type":"ListItem","position":3,"name":"Cabo Verde Hidden Gems"}]},{"@type":"WebSite","@id":"https:\/\/legendatours.com\/#website","url":"https:\/\/legendatours.com\/","name":"Aventure l\u00e9gendaire DMC Portugal","description":"Randonn\u00e9es responsables et vacances nature au Portugal","publisher":{"@id":"https:\/\/legendatours.com\/#organization"},"alternateName":"Legendary Adventure Portugal","potentialAction":[{"@type":"SearchAction","target":{"@type":"EntryPoint","urlTemplate":"https:\/\/legendatours.com\/?s={search_term_string}"},"query-input":{"@type":"PropertyValueSpecification","valueRequired":true,"valueName":"search_term_string"}}],"inLanguage":"fr-FR"},{"@type":"Organization","@id":"https:\/\/legendatours.com\/#organization","name":"legendatours.com","url":"https:\/\/legendatours.com\/","logo":{"@type":"ImageObject","inLanguage":"fr-FR","@id":"https:\/\/legendatours.com\/#\/schema\/logo\/image\/","url":"https:\/\/legendatours.com\/wp-content\/uploads\/sites\/12\/2021\/06\/legendary_adventure_dmc.png","contentUrl":"https:\/\/legendatours.com\/wp-content\/uploads\/sites\/12\/2021\/06\/legendary_adventure_dmc.png","width":250,"height":74,"caption":"legendatours.com"},"image":{"@id":"https:\/\/legendatours.com\/#\/schema\/logo\/image\/"},"sameAs":["https:\/\/www.facebook.com\/legendaryadventuredmc\/","https:\/\/www.linkedin.com\/company\/legendary-adventure-dmc-portugal","https:\/\/www.youtube.com\/channel\/UCOIRDx_KM6ynIcacQkZjb6g"]}]}},"_links":{"self":[{"href":"https:\/\/legendatours.com\/fr\/wp-json\/wp\/v2\/product\/10874","targetHints":{"allow":["GET"]}}],"collection":[{"href":"https:\/\/legendatours.com\/fr\/wp-json\/wp\/v2\/product"}],"about":[{"href":"https:\/\/legendatours.com\/fr\/wp-json\/wp\/v2\/types\/product"}],"replies":[{"embeddable":true,"href":"https:\/\/legendatours.com\/fr\/wp-json\/wp\/v2\/comments?post=10874"}],"wp:featuredmedia":[{"embeddable":true,"href":"https:\/\/legendatours.com\/fr\/wp-json\/wp\/v2\/media\/10865"}],"wp:attachment":[{"href":"https:\/\/legendatours.com\/fr\/wp-json\/wp\/v2\/media?parent=10874"}],"wp:term":[{"taxonomy":"product_brand","embeddable":true,"href":"https:\/\/legendatours.com\/fr\/wp-json\/wp\/v2\/product_brand?post=10874"},{"taxonomy":"product_cat","embeddable":true,"href":"https:\/\/legendatours.com\/fr\/wp-json\/wp\/v2\/product_cat?post=10874"},{"taxonomy":"product_tag","embeddable":true,"href":"https:\/\/legendatours.com\/fr\/wp-json\/wp\/v2\/product_tag?post=10874"}],"curies":[{"name":"wp","href":"https:\/\/api.w.org\/{rel}","templated":true}]}}