{"id":10921,"date":"2025-10-30T12:51:59","date_gmt":"2025-10-30T12:51:59","guid":{"rendered":"https:\/\/legendatours.com\/product\/atlantic-coast-sintra-and-lisbon-walking-tour-13600g\/"},"modified":"2025-10-30T13:01:41","modified_gmt":"2025-10-30T13:01:41","slug":"atlantic-coast-sintra-and-lisbon-walking-tour-13600g","status":"publish","type":"product","link":"https:\/\/legendatours.com\/fr\/produit\/atlantic-coast-sintra-and-lisbon-walking-tour-13600g\/","title":{"rendered":"C\u00f4te atlantique, Sintra et Lisbonne"},"content":{"rendered":"<p>Situ\u00e9 sur la c\u00f4te atlantique spectaculaire du Portugal, \u00e0 moins de 50 km de Lisbonne, Ericeira est un pittoresque village de p\u00eacheurs o\u00f9 vous trouverez des rues pav\u00e9es traditionnelles, des fontaines et des maisons blanchies \u00e0 la chaux.<\/p>\n<div id=\"attachment_4462\" style=\"width: 1034px\" class=\"wp-caption alignnone\"><img loading=\"lazy\" decoding=\"async\" aria-describedby=\"caption-attachment-4462\" class=\"wp-image-4462 size-large\" src=\"https:\/\/legendatours.net\/wp-content\/uploads\/2025\/10\/Ericeira-1-1024x683.jpg\" alt=\"\" width=\"1024\" height=\"683\" \/><p id=\"caption-attachment-4462\" class=\"wp-caption-text\">C\u00f4te atlantique \u2013 Ericeira<\/p><\/div>\n<p>La c\u00f4te atlantique ouest du Portugal est caract\u00e9ris\u00e9e par des falaises rocheuses parsem\u00e9es de charmantes petites baies et de plages isol\u00e9es. Les anciens habitants d&#039;Ericeira, appel\u00e9s \u2018\u00a0Jagoz\u00a0\u2019, vivaient presque exclusivement de la mer. Le village est r\u00e9put\u00e9 pour ses excellents restaurants de fruits de mer.<\/p>\n<p><img loading=\"lazy\" decoding=\"async\" class=\"wp-image-4459 size-large\" src=\"https:\/\/legendatours.net\/wp-content\/uploads\/2025\/10\/Ericeira-2-1-1024x683.jpg\" alt=\"\" width=\"1024\" height=\"683\" \/><img loading=\"lazy\" decoding=\"async\" class=\"wp-image-4460 size-large\" src=\"https:\/\/legendatours.net\/wp-content\/uploads\/2025\/10\/Ericeira-3-1-1024x683.jpg\" alt=\"\" width=\"1024\" height=\"683\" \/><\/p>\n<p>Les plages magnifiques et les vues spectaculaires sur l&#039;oc\u00e9an ont attir\u00e9 l&#039;aristocratie et la famille royale, conf\u00e9rant \u00e0 Ericeira un charme de station baln\u00e9aire.<\/p>\n<p>\u00c0 partir de l\u00e0, nous avons con\u00e7u un itin\u00e9raire pour explorer la r\u00e9gion, avec des excursions le long de la c\u00f4te et sur les collines verdoyantes de la Serra de Sintra, ainsi que la magnifique ville au pied de la cha\u00eene de montagnes, un site inscrit au patrimoine mondial de l&#039;UNESCO.<\/p>\n<p><img loading=\"lazy\" decoding=\"async\" class=\"wp-image-4472 size-large\" src=\"https:\/\/legendatours.net\/wp-content\/uploads\/2025\/10\/Sintra-2-1-1024x683.jpg\" alt=\"\" width=\"1024\" height=\"683\" \/> <img loading=\"lazy\" decoding=\"async\" class=\"wp-image-4474 size-large\" src=\"https:\/\/legendatours.net\/wp-content\/uploads\/2025\/10\/Sintra-4-1024x683.jpg\" alt=\"\" width=\"1024\" height=\"683\" \/><img loading=\"lazy\" decoding=\"async\" class=\"alignnone wp-image-4476 size-large\" src=\"https:\/\/legendatours.net\/wp-content\/uploads\/2025\/10\/Sintra-1024x683.jpg\" alt=\"\" width=\"1024\" height=\"683\" \/><\/p>\n<p>Une excursion d&#039;une journ\u00e9e comprend \u00e9galement une visite de la capitale anim\u00e9e, Lisbonne, pour explorer les quartiers historiques et les sites incontournables.<\/p>\n<p>Les points forts culturels de cette visite incluent le b\u00e2timent royal de Mafra \u2013 palais, basilique et couvent (un site du patrimoine mondial) et une promenade sur l&#039;ancien parc de chasse, la Tapada de Mafra.<\/p>\n<p><img loading=\"lazy\" decoding=\"async\" class=\"wp-image-4467 size-large\" src=\"https:\/\/legendatours.net\/wp-content\/uploads\/2025\/10\/Lisbon-1-1024x683.jpg\" alt=\"\" width=\"1024\" height=\"683\" \/> <img loading=\"lazy\" decoding=\"async\" class=\"wp-image-4471 size-large\" src=\"https:\/\/legendatours.net\/wp-content\/uploads\/2025\/10\/Mafra-1-1024x683.jpg\" alt=\"\" width=\"1024\" height=\"683\" \/><\/p>","protected":false},"excerpt":{"rendered":"<p>Cette visite \u00e0 pied et touristique se d\u00e9roule \u00e0 Ericeira, un charmant village de p\u00eacheurs aux plages magnifiques et aux panoramas oc\u00e9aniques spectaculaires. Situ\u00e9 \u00e0 seulement 50 km de Lisbonne, il fut jadis un lieu de vill\u00e9giature pris\u00e9 de l&#039;aristocratie et de la famille royale.<\/p>\n<p>\u00c0 partir de l\u00e0, nous avons con\u00e7u un itin\u00e9raire vari\u00e9 pour explorer la r\u00e9gion, avec des promenades le long de la spectaculaire c\u00f4te atlantique ouest du Portugal ; sur les collines verdoyantes de la Serra de Sintra ; une excursion dans la capitale anim\u00e9e, Lisbonne ; au palais de Mafra et \u00e0 son ancien parc de chasse royal.<\/p>","protected":false},"featured_media":10902,"comment_status":"closed","ping_status":"closed","template":"","meta":{"_acf_changed":false,"inline_featured_image":false},"product_brand":[],"product_cat":[1159],"product_tag":[],"class_list":{"0":"post-10921","1":"product","2":"type-product","3":"status-publish","4":"has-post-thumbnail","6":"product_cat-uncategorized","8":"first","9":"instock","10":"virtual","11":"product-type-simple"},"acf":[],"yoast_head":"<!-- This site is optimized with the Yoast SEO Premium plugin v26.8 (Yoast SEO v27.5) - https:\/\/yoast.com\/product\/yoast-seo-premium-wordpress\/ -->\n<title>Atlantic Coast, Sintra and Lisbon - Legendary Adventure DMC Portugal<\/title>\n<meta name=\"robots\" content=\"index, follow, max-snippet:-1, max-image-preview:large, max-video-preview:-1\" \/>\n<link rel=\"canonical\" href=\"https:\/\/legendatours.com\/fr\/produit\/atlantic-coast-sintra-and-lisbon-walking-tour-13600g\/\" \/>\n<meta property=\"og:locale\" content=\"fr_FR\" \/>\n<meta property=\"og:type\" content=\"article\" \/>\n<meta property=\"og:title\" content=\"Atlantic Coast, Sintra and Lisbon\" \/>\n<meta property=\"og:description\" content=\"This walking and sightseeing tour is based in Ericeira, a quaint fishing village with amazing beaches and spectacular ocean vistas. Located just 50km away from Lisbon, it was once a holiday resort for the aristocracy and the royal family.  From here, we designed a varied itinerary to explore the region, with walks along the Portugal\u2019s dramatic Atlantic west coast; on the green hills of Serra de Sintra; a trip to the vibrant capital, Lisbon; to the Palace of Mafra, and to its former Royal Hunting Park.\" \/>\n<meta property=\"og:url\" content=\"https:\/\/legendatours.com\/fr\/produit\/atlantic-coast-sintra-and-lisbon-walking-tour-13600g\/\" \/>\n<meta property=\"og:site_name\" content=\"Legendary Adventure DMC Portugal\" \/>\n<meta property=\"article:publisher\" content=\"https:\/\/www.facebook.com\/legendaryadventuredmc\/\" \/>\n<meta property=\"article:modified_time\" content=\"2025-10-30T13:01:41+00:00\" \/>\n<meta property=\"og:image\" content=\"https:\/\/legendatours.com\/wp-content\/uploads\/sites\/12\/2025\/10\/Coastal-walk-1.jpg\" \/>\n\t<meta property=\"og:image:width\" content=\"1800\" \/>\n\t<meta property=\"og:image:height\" content=\"1200\" \/>\n\t<meta property=\"og:image:type\" content=\"image\/jpeg\" \/>\n<meta name=\"twitter:card\" content=\"summary_large_image\" \/>\n<meta name=\"twitter:label1\" content=\"Dur\u00e9e de lecture estim\u00e9e\" \/>\n\t<meta name=\"twitter:data1\" content=\"1 minute\" \/>\n<script type=\"application\/ld+json\" class=\"yoast-schema-graph\">{\"@context\":\"https:\\\/\\\/schema.org\",\"@graph\":[{\"@type\":\"WebPage\",\"@id\":\"https:\\\/\\\/legendatours.com\\\/product\\\/atlantic-coast-sintra-and-lisbon-walking-tour-13600g\\\/\",\"url\":\"https:\\\/\\\/legendatours.com\\\/product\\\/atlantic-coast-sintra-and-lisbon-walking-tour-13600g\\\/\",\"name\":\"Atlantic Coast, Sintra and Lisbon - Legendary Adventure DMC Portugal\",\"isPartOf\":{\"@id\":\"https:\\\/\\\/legendatours.com\\\/#website\"},\"primaryImageOfPage\":{\"@id\":\"https:\\\/\\\/legendatours.com\\\/product\\\/atlantic-coast-sintra-and-lisbon-walking-tour-13600g\\\/#primaryimage\"},\"image\":{\"@id\":\"https:\\\/\\\/legendatours.com\\\/product\\\/atlantic-coast-sintra-and-lisbon-walking-tour-13600g\\\/#primaryimage\"},\"thumbnailUrl\":\"https:\\\/\\\/legendatours.com\\\/wp-content\\\/uploads\\\/sites\\\/12\\\/2025\\\/10\\\/Coastal-walk-1.jpg\",\"datePublished\":\"2025-10-30T12:51:59+00:00\",\"dateModified\":\"2025-10-30T13:01:41+00:00\",\"breadcrumb\":{\"@id\":\"https:\\\/\\\/legendatours.com\\\/product\\\/atlantic-coast-sintra-and-lisbon-walking-tour-13600g\\\/#breadcrumb\"},\"inLanguage\":\"fr-FR\",\"potentialAction\":[{\"@type\":\"ReadAction\",\"target\":[\"https:\\\/\\\/legendatours.com\\\/product\\\/atlantic-coast-sintra-and-lisbon-walking-tour-13600g\\\/\"]}]},{\"@type\":\"ImageObject\",\"inLanguage\":\"fr-FR\",\"@id\":\"https:\\\/\\\/legendatours.com\\\/product\\\/atlantic-coast-sintra-and-lisbon-walking-tour-13600g\\\/#primaryimage\",\"url\":\"https:\\\/\\\/legendatours.com\\\/wp-content\\\/uploads\\\/sites\\\/12\\\/2025\\\/10\\\/Coastal-walk-1.jpg\",\"contentUrl\":\"https:\\\/\\\/legendatours.com\\\/wp-content\\\/uploads\\\/sites\\\/12\\\/2025\\\/10\\\/Coastal-walk-1.jpg\",\"width\":1800,\"height\":1200},{\"@type\":\"BreadcrumbList\",\"@id\":\"https:\\\/\\\/legendatours.com\\\/product\\\/atlantic-coast-sintra-and-lisbon-walking-tour-13600g\\\/#breadcrumb\",\"itemListElement\":[{\"@type\":\"ListItem\",\"position\":1,\"name\":\"Home\",\"item\":\"https:\\\/\\\/legendatours.com\\\/\"},{\"@type\":\"ListItem\",\"position\":2,\"name\":\"Shop\",\"item\":\"https:\\\/\\\/legendatours.com\\\/sv\\\/?page_id=4\"},{\"@type\":\"ListItem\",\"position\":3,\"name\":\"Atlantic Coast, Sintra and Lisbon\"}]},{\"@type\":\"WebSite\",\"@id\":\"https:\\\/\\\/legendatours.com\\\/#website\",\"url\":\"https:\\\/\\\/legendatours.com\\\/\",\"name\":\"Legendary Adventure DMC Portugal\",\"description\":\"Responsible Walking &amp; Nature Holidays in Portugal\",\"publisher\":{\"@id\":\"https:\\\/\\\/legendatours.com\\\/#organization\"},\"alternateName\":\"Legendary Adventure Portugal\",\"potentialAction\":[{\"@type\":\"SearchAction\",\"target\":{\"@type\":\"EntryPoint\",\"urlTemplate\":\"https:\\\/\\\/legendatours.com\\\/?s={search_term_string}\"},\"query-input\":{\"@type\":\"PropertyValueSpecification\",\"valueRequired\":true,\"valueName\":\"search_term_string\"}}],\"inLanguage\":\"fr-FR\"},{\"@type\":\"Organization\",\"@id\":\"https:\\\/\\\/legendatours.com\\\/#organization\",\"name\":\"legendatours.com\",\"url\":\"https:\\\/\\\/legendatours.com\\\/\",\"logo\":{\"@type\":\"ImageObject\",\"inLanguage\":\"fr-FR\",\"@id\":\"https:\\\/\\\/legendatours.com\\\/#\\\/schema\\\/logo\\\/image\\\/\",\"url\":\"https:\\\/\\\/legendatours.com\\\/wp-content\\\/uploads\\\/sites\\\/12\\\/2021\\\/06\\\/legendary_adventure_dmc.png\",\"contentUrl\":\"https:\\\/\\\/legendatours.com\\\/wp-content\\\/uploads\\\/sites\\\/12\\\/2021\\\/06\\\/legendary_adventure_dmc.png\",\"width\":250,\"height\":74,\"caption\":\"legendatours.com\"},\"image\":{\"@id\":\"https:\\\/\\\/legendatours.com\\\/#\\\/schema\\\/logo\\\/image\\\/\"},\"sameAs\":[\"https:\\\/\\\/www.facebook.com\\\/legendaryadventuredmc\\\/\",\"https:\\\/\\\/www.linkedin.com\\\/company\\\/legendary-adventure-dmc-portugal\",\"https:\\\/\\\/www.youtube.com\\\/channel\\\/UCOIRDx_KM6ynIcacQkZjb6g\"]}]}<\/script>\n<!-- \/ Yoast SEO Premium plugin. -->","yoast_head_json":{"title":"Atlantic Coast, Sintra and Lisbon - Legendary Adventure DMC Portugal","robots":{"index":"index","follow":"follow","max-snippet":"max-snippet:-1","max-image-preview":"max-image-preview:large","max-video-preview":"max-video-preview:-1"},"canonical":"https:\/\/legendatours.com\/fr\/produit\/atlantic-coast-sintra-and-lisbon-walking-tour-13600g\/","og_locale":"fr_FR","og_type":"article","og_title":"Atlantic Coast, Sintra and Lisbon","og_description":"This walking and sightseeing tour is based in Ericeira, a quaint fishing village with amazing beaches and spectacular ocean vistas. Located just 50km away from Lisbon, it was once a holiday resort for the aristocracy and the royal family.  From here, we designed a varied itinerary to explore the region, with walks along the Portugal\u2019s dramatic Atlantic west coast; on the green hills of Serra de Sintra; a trip to the vibrant capital, Lisbon; to the Palace of Mafra, and to its former Royal Hunting Park.","og_url":"https:\/\/legendatours.com\/fr\/produit\/atlantic-coast-sintra-and-lisbon-walking-tour-13600g\/","og_site_name":"Legendary Adventure DMC Portugal","article_publisher":"https:\/\/www.facebook.com\/legendaryadventuredmc\/","article_modified_time":"2025-10-30T13:01:41+00:00","og_image":[{"width":1800,"height":1200,"url":"https:\/\/legendatours.com\/wp-content\/uploads\/sites\/12\/2025\/10\/Coastal-walk-1.jpg","type":"image\/jpeg"}],"twitter_card":"summary_large_image","twitter_misc":{"Dur\u00e9e de lecture estim\u00e9e":"1 minute"},"schema":{"@context":"https:\/\/schema.org","@graph":[{"@type":"WebPage","@id":"https:\/\/legendatours.com\/product\/atlantic-coast-sintra-and-lisbon-walking-tour-13600g\/","url":"https:\/\/legendatours.com\/product\/atlantic-coast-sintra-and-lisbon-walking-tour-13600g\/","name":"Atlantic Coast, Sintra and Lisbon - Legendary Adventure DMC Portugal","isPartOf":{"@id":"https:\/\/legendatours.com\/#website"},"primaryImageOfPage":{"@id":"https:\/\/legendatours.com\/product\/atlantic-coast-sintra-and-lisbon-walking-tour-13600g\/#primaryimage"},"image":{"@id":"https:\/\/legendatours.com\/product\/atlantic-coast-sintra-and-lisbon-walking-tour-13600g\/#primaryimage"},"thumbnailUrl":"https:\/\/legendatours.com\/wp-content\/uploads\/sites\/12\/2025\/10\/Coastal-walk-1.jpg","datePublished":"2025-10-30T12:51:59+00:00","dateModified":"2025-10-30T13:01:41+00:00","breadcrumb":{"@id":"https:\/\/legendatours.com\/product\/atlantic-coast-sintra-and-lisbon-walking-tour-13600g\/#breadcrumb"},"inLanguage":"fr-FR","potentialAction":[{"@type":"ReadAction","target":["https:\/\/legendatours.com\/product\/atlantic-coast-sintra-and-lisbon-walking-tour-13600g\/"]}]},{"@type":"ImageObject","inLanguage":"fr-FR","@id":"https:\/\/legendatours.com\/product\/atlantic-coast-sintra-and-lisbon-walking-tour-13600g\/#primaryimage","url":"https:\/\/legendatours.com\/wp-content\/uploads\/sites\/12\/2025\/10\/Coastal-walk-1.jpg","contentUrl":"https:\/\/legendatours.com\/wp-content\/uploads\/sites\/12\/2025\/10\/Coastal-walk-1.jpg","width":1800,"height":1200},{"@type":"BreadcrumbList","@id":"https:\/\/legendatours.com\/product\/atlantic-coast-sintra-and-lisbon-walking-tour-13600g\/#breadcrumb","itemListElement":[{"@type":"ListItem","position":1,"name":"Home","item":"https:\/\/legendatours.com\/"},{"@type":"ListItem","position":2,"name":"Shop","item":"https:\/\/legendatours.com\/sv\/?page_id=4"},{"@type":"ListItem","position":3,"name":"Atlantic Coast, Sintra and Lisbon"}]},{"@type":"WebSite","@id":"https:\/\/legendatours.com\/#website","url":"https:\/\/legendatours.com\/","name":"Aventure l\u00e9gendaire DMC Portugal","description":"Randonn\u00e9es responsables et vacances nature au Portugal","publisher":{"@id":"https:\/\/legendatours.com\/#organization"},"alternateName":"Legendary Adventure Portugal","potentialAction":[{"@type":"SearchAction","target":{"@type":"EntryPoint","urlTemplate":"https:\/\/legendatours.com\/?s={search_term_string}"},"query-input":{"@type":"PropertyValueSpecification","valueRequired":true,"valueName":"search_term_string"}}],"inLanguage":"fr-FR"},{"@type":"Organization","@id":"https:\/\/legendatours.com\/#organization","name":"legendatours.com","url":"https:\/\/legendatours.com\/","logo":{"@type":"ImageObject","inLanguage":"fr-FR","@id":"https:\/\/legendatours.com\/#\/schema\/logo\/image\/","url":"https:\/\/legendatours.com\/wp-content\/uploads\/sites\/12\/2021\/06\/legendary_adventure_dmc.png","contentUrl":"https:\/\/legendatours.com\/wp-content\/uploads\/sites\/12\/2021\/06\/legendary_adventure_dmc.png","width":250,"height":74,"caption":"legendatours.com"},"image":{"@id":"https:\/\/legendatours.com\/#\/schema\/logo\/image\/"},"sameAs":["https:\/\/www.facebook.com\/legendaryadventuredmc\/","https:\/\/www.linkedin.com\/company\/legendary-adventure-dmc-portugal","https:\/\/www.youtube.com\/channel\/UCOIRDx_KM6ynIcacQkZjb6g"]}]}},"_links":{"self":[{"href":"https:\/\/legendatours.com\/fr\/wp-json\/wp\/v2\/product\/10921","targetHints":{"allow":["GET"]}}],"collection":[{"href":"https:\/\/legendatours.com\/fr\/wp-json\/wp\/v2\/product"}],"about":[{"href":"https:\/\/legendatours.com\/fr\/wp-json\/wp\/v2\/types\/product"}],"replies":[{"embeddable":true,"href":"https:\/\/legendatours.com\/fr\/wp-json\/wp\/v2\/comments?post=10921"}],"wp:featuredmedia":[{"embeddable":true,"href":"https:\/\/legendatours.com\/fr\/wp-json\/wp\/v2\/media\/10902"}],"wp:attachment":[{"href":"https:\/\/legendatours.com\/fr\/wp-json\/wp\/v2\/media?parent=10921"}],"wp:term":[{"taxonomy":"product_brand","embeddable":true,"href":"https:\/\/legendatours.com\/fr\/wp-json\/wp\/v2\/product_brand?post=10921"},{"taxonomy":"product_cat","embeddable":true,"href":"https:\/\/legendatours.com\/fr\/wp-json\/wp\/v2\/product_cat?post=10921"},{"taxonomy":"product_tag","embeddable":true,"href":"https:\/\/legendatours.com\/fr\/wp-json\/wp\/v2\/product_tag?post=10921"}],"curies":[{"name":"wp","href":"https:\/\/api.w.org\/{rel}","templated":true}]}}