{"id":10928,"date":"2026-03-10T15:52:09","date_gmt":"2026-03-10T15:52:09","guid":{"rendered":"https:\/\/legendatours.com\/product\/cabo-verde-windward-islands-walking-holidays\/"},"modified":"2026-03-10T17:40:46","modified_gmt":"2026-03-10T17:40:46","slug":"cabo-verde-windward-islands-cv1100g-2","status":"publish","type":"product","link":"https:\/\/legendatours.com\/fr\/produit\/cabo-verde-windward-islands-cv1100g-2\/","title":{"rendered":"\u00celes Sous-le-Vent du Cap-Vert"},"content":{"rendered":"<div id=\"fws_69e8dc8dad13b\"  data-column-margin=\"default\" data-midnight=\"dark\"  class=\"wpb_row vc_row-fluid vc_row\"  style=\"padding-top: 0px; padding-bottom: 0px; \"><div class=\"row-bg-wrap\" data-bg-animation=\"none\" data-bg-animation-delay=\"\" data-bg-overlay=\"false\"><div class=\"inner-wrap row-bg-layer\" ><div class=\"row-bg viewport-desktop\"  style=\"\"><\/div><\/div><\/div><div class=\"row_col_wrap_12 col span_12 dark left\">\n\t<div  class=\"vc_col-sm-12 wpb_column column_container vc_column_container col no-extra-padding inherit_tablet inherit_phone flex_gap_desktop_10px\"  data-padding-pos=\"all\" data-has-bg-color=\"false\" data-bg-color=\"\" data-bg-opacity=\"1\" data-animation=\"\" data-delay=\"0\" >\n\t\t<div class=\"vc_column-inner\" >\n\t\t\t<div class=\"wpb_wrapper\">\n\t\t\t\t\n<div class=\"wpb_text_column wpb_content_element\" >\n\t<p><strong>Rejoignez-nous pour ce voyage exceptionnel qui d\u00e9butera \u00e0 Mindelo, la capitale culturelle du Cap-Vert, avant d&#039;embarquer pour une travers\u00e9e pittoresque en ferry vers Santo Ant\u00e3o et de magnifiques randonn\u00e9es.<\/strong><\/p>\n<p><strong>Ce petit pays au large des c\u00f4tes africaines offre un m\u00e9lange int\u00e9ressant d&#039;influences portugaises, de l&#039;h\u00e9ritage des esclaves africains et d&#039;autres peuples qui y ont v\u00e9cu au fil des si\u00e8cles, cr\u00e9ant une culture riche et vibrante aux accents africains, europ\u00e9ens et br\u00e9siliens.<\/strong><\/p>\n<p><strong>Santo Ant\u00e3o, la plus grande \u00eele de l&#039;archipel, est un paradis pour les randonneurs, avec une g\u00e9ographie spectaculaire, et reste une destination pr\u00e9serv\u00e9e, \u00e0 l&#039;abri des foules de touristes.<\/strong><\/p>\n<p><strong>Nous d\u00e9couvrirons ses merveilles naturelles, ses panoramas impressionnants, ses paysages contrast\u00e9s, et nous en apprendrons davantage sur la culture et le mode de vie des habitants du Cap-Vert.<\/strong><\/p>\n<p>&nbsp;<\/p>\n<p><strong>S\u00e3o Vicente et Mindelo<\/strong><\/p>\n<p>Connue \u00e0 juste titre comme la capitale culturelle de l&#039;archipel et le lieu de naissance de Ces\u00e1ria \u00c9vora, la c\u00e9l\u00e8bre chanteuse de morna, Mindelo est une ville captivante avec ses b\u00e2timents coloniaux color\u00e9s et sa grandeur pass\u00e9e.<\/p>\n<p>Laginha poss\u00e8de une plage urbaine dans une baie abrit\u00e9e aux eaux turquoise, une excellente opportunit\u00e9 pour une baignade d\u00e8s l&#039;arriv\u00e9e !<\/p>\n<div id=\"attachment_4330\" style=\"width: 1034px\" class=\"wp-caption alignnone\"><img loading=\"lazy\" decoding=\"async\" aria-describedby=\"caption-attachment-4330\" class=\"wp-image-4330 size-large\" src=\"https:\/\/legendatours.net\/wp-content\/uploads\/2025\/07\/33-1024x683.jpg\" alt=\"Cape Verde - Mindelo and Santo Ant\u00e3o Culture and Nature Walking Tour\" width=\"1024\" height=\"683\" \/><p id=\"caption-attachment-4330\" class=\"wp-caption-text\">Mindelo et vue sur Monte Cara<\/p><\/div><br \/>\n<div id=\"attachment_4363\" style=\"width: 1034px\" class=\"wp-caption alignnone\"><img loading=\"lazy\" decoding=\"async\" aria-describedby=\"caption-attachment-4363\" class=\"wp-image-4363 size-large\" src=\"https:\/\/legendatours.net\/wp-content\/uploads\/2025\/07\/31-1024x683.jpg\" alt=\"Walking in S\u00e3o Vicente Cape Verde\" width=\"1024\" height=\"683\" \/><p id=\"caption-attachment-4363\" class=\"wp-caption-text\">Peinture murale Ces\u00e1ria \u00c9vora \u00e0 Mindelo par Vihls<\/p><\/div>\n<p>\u00c0 Mindelo, on trouve de la musique en direct tous les jours, des march\u00e9s de rue o\u00f9 d\u00e9nicher artisanat et produits frais, un art urbain fascinant, une ambiance tr\u00e9pidante et un port en eau profonde qui a jou\u00e9 un r\u00f4le essentiel pour la ville \u00e0 travers les si\u00e8cles. Aujourd&#039;hui encore, les traces de sa riche histoire et de ses cultures diverses restent visibles.<\/p>\n<div id=\"attachment_4362\" style=\"width: 1034px\" class=\"wp-caption alignnone\"><img loading=\"lazy\" decoding=\"async\" aria-describedby=\"caption-attachment-4362\" class=\"wp-image-4362 size-large\" src=\"https:\/\/legendatours.net\/wp-content\/uploads\/2025\/07\/30-1024x683.jpg\" alt=\"Walking in S\u00e3o Vicente Cape Verde\" width=\"1024\" height=\"683\" \/><p id=\"caption-attachment-4362\" class=\"wp-caption-text\">Laginha, la plage de la ville de Mindelo, S\u00e3o Vicente<\/p><\/div><br \/>\n<div id=\"attachment_4367\" style=\"width: 1034px\" class=\"wp-caption alignnone\"><img loading=\"lazy\" decoding=\"async\" aria-describedby=\"caption-attachment-4367\" class=\"wp-image-4367 size-large\" src=\"https:\/\/legendatours.net\/wp-content\/uploads\/2025\/07\/35-1024x683.jpg\" alt=\"Walking in S\u00e3o Vicente Cape Verde\" width=\"1024\" height=\"683\" \/><p id=\"caption-attachment-4367\" class=\"wp-caption-text\">Centre national des arts, de l&#039;artisanat et du design de Mindelo<\/p><\/div>\n<p>&nbsp;<\/p>\n<div id=\"attachment_4366\" style=\"width: 1034px\" class=\"wp-caption alignnone\"><img loading=\"lazy\" decoding=\"async\" aria-describedby=\"caption-attachment-4366\" class=\"wp-image-4366 size-large\" src=\"https:\/\/legendatours.net\/wp-content\/uploads\/2025\/07\/34-1024x683.jpg\" alt=\"Walking in S\u00e3o Vicente Cape Verde\" width=\"1024\" height=\"683\" \/><p id=\"caption-attachment-4366\" class=\"wp-caption-text\">March\u00e9 de produits \u00e0 Mindelo<\/p><\/div>\n<p>Outre sa capitale, l&#039;\u00eele de S\u00e3o Vicente est connue pour ses plages de sable fin, o\u00f9 il est possible d&#039;observer et de nager avec les tortues !<\/p>\n<p>&nbsp;<\/p>\n<h3><strong>Santo Ant\u00e3o, l&#039;\u00eele de la montagne<\/strong><\/h3>\n<p>Le prochain arr\u00eat est Santo Ant\u00e3o. Si le Cap-Vert \u00e9tait un joyau, Santo Ant\u00e3o serait son diamant le plus rare et le plus pr\u00e9cieux.<\/p>\n<p>Avec sa v\u00e9g\u00e9tation luxuriante, ses pics imposants et ses sentiers qui longent les falaises en bord de mer ou qui descendent le long des pentes volcaniques et agricoles, Santo Ant\u00e3o est un paradis perdu.<\/p>\n<p>C&#039;est tout le contraire des autres \u00eeles touristiques du Cap-Vert, connues pour leurs plages et leurs complexes h\u00f4teliers de luxe ferm\u00e9s.<\/p>\n<div id=\"attachment_4349\" style=\"width: 1034px\" class=\"wp-caption alignnone\"><img loading=\"lazy\" decoding=\"async\" aria-describedby=\"caption-attachment-4349\" class=\"wp-image-4349 size-large\" src=\"https:\/\/legendatours.net\/wp-content\/uploads\/2025\/07\/17-1024x683.jpg\" alt=\"Walking in Santo Ant\u00e3o Cape Verde\" width=\"1024\" height=\"683\" \/><p id=\"caption-attachment-4349\" class=\"wp-caption-text\">Se promener \u00e0 Santo Ant\u00e3o Cabo Verde<\/p><\/div><br \/>\n<div id=\"attachment_4387\" style=\"width: 1034px\" class=\"wp-caption alignnone\"><img loading=\"lazy\" decoding=\"async\" aria-describedby=\"caption-attachment-4387\" class=\"wp-image-4387 size-large\" src=\"https:\/\/legendatours.net\/wp-content\/uploads\/2025\/07\/55-1024x683.jpg\" alt=\"Walking in Santo Ant\u00e3o Cape Verde\" width=\"1024\" height=\"683\" \/><p id=\"caption-attachment-4387\" class=\"wp-caption-text\">Fonta\u00ednhas est reconnu comme site du patrimoine national culturel et naturel<\/p><\/div><br \/>\n<div id=\"attachment_4372\" style=\"width: 1034px\" class=\"wp-caption alignnone\"><img loading=\"lazy\" decoding=\"async\" aria-describedby=\"caption-attachment-4372\" class=\"wp-image-4372 size-large\" src=\"https:\/\/legendatours.net\/wp-content\/uploads\/2025\/07\/40-1024x683.jpg\" alt=\"Walking in Santo Ant\u00e3o Cape Verde\" width=\"1024\" height=\"683\" \/><p id=\"caption-attachment-4372\" class=\"wp-caption-text\">Se promener \u00e0 Santo Ant\u00e3o Cabo Verde<\/p><\/div>\n<p>Ici, vous ne trouverez pas une version aseptis\u00e9e du Cap-Vert ; au contraire, vous d\u00e9couvrirez l&#039;authenticit\u00e9 et un itin\u00e9raire de randonn\u00e9es soigneusement s\u00e9lectionn\u00e9 dans des paysages vari\u00e9s et pr\u00e9serv\u00e9s.<\/p>\n<div id=\"attachment_4347\" style=\"width: 1034px\" class=\"wp-caption alignnone\"><img loading=\"lazy\" decoding=\"async\" aria-describedby=\"caption-attachment-4347\" class=\"wp-image-4347 size-large\" src=\"https:\/\/legendatours.net\/wp-content\/uploads\/2025\/07\/15-1024x683.jpg\" alt=\"Walking in Santo Ant\u00e3o Cape Verde\" width=\"1024\" height=\"683\" \/><p id=\"caption-attachment-4347\" class=\"wp-caption-text\">Vall\u00e9e de Paul, Santo Ant\u00e3o<\/p><\/div>\n<p><strong><img loading=\"lazy\" decoding=\"async\" class=\"alignnone wp-image-4339 size-large\" src=\"https:\/\/legendatours.net\/wp-content\/uploads\/2025\/07\/7-1024x683.jpg\" alt=\"\" width=\"1024\" height=\"683\" \/><\/strong><\/p>\n<p>La cordialit\u00e9 et la gentillesse proverbiales du peuple capverdien sont ici encore plus authentiques. Ressentez la <em>morabeza<\/em>!<\/p>\n<\/div>\n\n\n\n\n\t\t\t<\/div> \n\t\t<\/div>\n\t<\/div> \n<\/div><\/div>","protected":false},"excerpt":{"rendered":"<div>\n<div>Rejoignez-nous pour ce voyage exceptionnel, qui d\u00e9bute \u00e0 Mindelo, au c\u0153ur culturel du Cap-Vert. De l\u00e0, nous partirons pour de magnifiques randonn\u00e9es \u00e0 Santo Ant\u00e3o, une \u00eele montagneuse pr\u00e9serv\u00e9e et loin des foules.<\/div>\n<\/div>","protected":false},"featured_media":10826,"comment_status":"closed","ping_status":"closed","template":"","meta":{"_acf_changed":false,"inline_featured_image":false},"product_brand":[],"product_cat":[1158],"product_tag":[],"class_list":{"0":"post-10928","1":"product","2":"type-product","3":"status-publish","4":"has-post-thumbnail","6":"product_cat-cabo-verde-walking-group-tours","8":"first","9":"instock","10":"featured","11":"virtual","12":"product-type-simple"},"acf":[],"yoast_head":"<!-- This site is optimized with the Yoast SEO Premium plugin v26.8 (Yoast SEO v27.4) - https:\/\/yoast.com\/product\/yoast-seo-premium-wordpress\/ -->\n<title>Cabo Verde Windward Islands - Legendary Adventure DMC Portugal<\/title>\n<meta name=\"robots\" content=\"index, follow, max-snippet:-1, max-image-preview:large, max-video-preview:-1\" \/>\n<link rel=\"canonical\" href=\"https:\/\/legendatours.com\/fr\/produit\/cabo-verde-windward-islands-cv1100g-2\/\" \/>\n<meta property=\"og:locale\" content=\"fr_FR\" \/>\n<meta property=\"og:type\" content=\"article\" \/>\n<meta property=\"og:title\" content=\"Cabo Verde Windward Islands\" \/>\n<meta property=\"og:description\" content=\"Join us on this special journey, starting in the cultural heart of Cabo Verde, Mindelo. From here, we head for some epic walks in Santo Ant\u00e3o, a pristine and crowd-free mountain island.\" \/>\n<meta property=\"og:url\" content=\"https:\/\/legendatours.com\/fr\/produit\/cabo-verde-windward-islands-cv1100g-2\/\" \/>\n<meta property=\"og:site_name\" content=\"Legendary Adventure DMC Portugal\" \/>\n<meta property=\"article:publisher\" content=\"https:\/\/www.facebook.com\/legendaryadventuredmc\/\" \/>\n<meta property=\"article:modified_time\" content=\"2026-03-10T17:40:46+00:00\" \/>\n<meta property=\"og:image\" content=\"https:\/\/legendatours.com\/wp-content\/uploads\/sites\/12\/2025\/07\/41.jpg\" \/>\n\t<meta property=\"og:image:width\" content=\"1800\" \/>\n\t<meta property=\"og:image:height\" content=\"1200\" \/>\n\t<meta property=\"og:image:type\" content=\"image\/jpeg\" \/>\n<meta name=\"twitter:card\" content=\"summary_large_image\" \/>\n<meta name=\"twitter:label1\" content=\"Dur\u00e9e de lecture estim\u00e9e\" \/>\n\t<meta name=\"twitter:data1\" content=\"3 minutes\" \/>\n<script type=\"application\/ld+json\" class=\"yoast-schema-graph\">{\"@context\":\"https:\\\/\\\/schema.org\",\"@graph\":[{\"@type\":\"WebPage\",\"@id\":\"https:\\\/\\\/legendatours.com\\\/product\\\/cabo-verde-windward-islands-cv1100g-2\\\/\",\"url\":\"https:\\\/\\\/legendatours.com\\\/product\\\/cabo-verde-windward-islands-cv1100g-2\\\/\",\"name\":\"Cabo Verde Windward Islands - Legendary Adventure DMC Portugal\",\"isPartOf\":{\"@id\":\"https:\\\/\\\/legendatours.com\\\/#website\"},\"primaryImageOfPage\":{\"@id\":\"https:\\\/\\\/legendatours.com\\\/product\\\/cabo-verde-windward-islands-cv1100g-2\\\/#primaryimage\"},\"image\":{\"@id\":\"https:\\\/\\\/legendatours.com\\\/product\\\/cabo-verde-windward-islands-cv1100g-2\\\/#primaryimage\"},\"thumbnailUrl\":\"https:\\\/\\\/legendatours.com\\\/wp-content\\\/uploads\\\/sites\\\/12\\\/2025\\\/07\\\/41.jpg\",\"datePublished\":\"2026-03-10T15:52:09+00:00\",\"dateModified\":\"2026-03-10T17:40:46+00:00\",\"breadcrumb\":{\"@id\":\"https:\\\/\\\/legendatours.com\\\/product\\\/cabo-verde-windward-islands-cv1100g-2\\\/#breadcrumb\"},\"inLanguage\":\"fr-FR\",\"potentialAction\":[{\"@type\":\"ReadAction\",\"target\":[\"https:\\\/\\\/legendatours.com\\\/product\\\/cabo-verde-windward-islands-cv1100g-2\\\/\"]}]},{\"@type\":\"ImageObject\",\"inLanguage\":\"fr-FR\",\"@id\":\"https:\\\/\\\/legendatours.com\\\/product\\\/cabo-verde-windward-islands-cv1100g-2\\\/#primaryimage\",\"url\":\"https:\\\/\\\/legendatours.com\\\/wp-content\\\/uploads\\\/sites\\\/12\\\/2025\\\/07\\\/41.jpg\",\"contentUrl\":\"https:\\\/\\\/legendatours.com\\\/wp-content\\\/uploads\\\/sites\\\/12\\\/2025\\\/07\\\/41.jpg\",\"width\":1800,\"height\":1200,\"caption\":\"Walking in Santo Ant\u00e3o Cape Verde\"},{\"@type\":\"BreadcrumbList\",\"@id\":\"https:\\\/\\\/legendatours.com\\\/product\\\/cabo-verde-windward-islands-cv1100g-2\\\/#breadcrumb\",\"itemListElement\":[{\"@type\":\"ListItem\",\"position\":1,\"name\":\"Home\",\"item\":\"https:\\\/\\\/legendatours.com\\\/\"},{\"@type\":\"ListItem\",\"position\":2,\"name\":\"Shop\",\"item\":\"https:\\\/\\\/legendatours.com\\\/sv\\\/?page_id=4\"},{\"@type\":\"ListItem\",\"position\":3,\"name\":\"Cabo Verde Windward Islands\"}]},{\"@type\":\"WebSite\",\"@id\":\"https:\\\/\\\/legendatours.com\\\/#website\",\"url\":\"https:\\\/\\\/legendatours.com\\\/\",\"name\":\"Legendary Adventure DMC Portugal\",\"description\":\"Responsible Walking &amp; Nature Holidays in Portugal\",\"publisher\":{\"@id\":\"https:\\\/\\\/legendatours.com\\\/#organization\"},\"alternateName\":\"Legendary Adventure Portugal\",\"potentialAction\":[{\"@type\":\"SearchAction\",\"target\":{\"@type\":\"EntryPoint\",\"urlTemplate\":\"https:\\\/\\\/legendatours.com\\\/?s={search_term_string}\"},\"query-input\":{\"@type\":\"PropertyValueSpecification\",\"valueRequired\":true,\"valueName\":\"search_term_string\"}}],\"inLanguage\":\"fr-FR\"},{\"@type\":\"Organization\",\"@id\":\"https:\\\/\\\/legendatours.com\\\/#organization\",\"name\":\"legendatours.com\",\"url\":\"https:\\\/\\\/legendatours.com\\\/\",\"logo\":{\"@type\":\"ImageObject\",\"inLanguage\":\"fr-FR\",\"@id\":\"https:\\\/\\\/legendatours.com\\\/#\\\/schema\\\/logo\\\/image\\\/\",\"url\":\"https:\\\/\\\/legendatours.com\\\/wp-content\\\/uploads\\\/sites\\\/12\\\/2021\\\/06\\\/legendary_adventure_dmc.png\",\"contentUrl\":\"https:\\\/\\\/legendatours.com\\\/wp-content\\\/uploads\\\/sites\\\/12\\\/2021\\\/06\\\/legendary_adventure_dmc.png\",\"width\":250,\"height\":74,\"caption\":\"legendatours.com\"},\"image\":{\"@id\":\"https:\\\/\\\/legendatours.com\\\/#\\\/schema\\\/logo\\\/image\\\/\"},\"sameAs\":[\"https:\\\/\\\/www.facebook.com\\\/legendaryadventuredmc\\\/\",\"https:\\\/\\\/www.linkedin.com\\\/company\\\/legendary-adventure-dmc-portugal\",\"https:\\\/\\\/www.youtube.com\\\/channel\\\/UCOIRDx_KM6ynIcacQkZjb6g\"]}]}<\/script>\n<!-- \/ Yoast SEO Premium plugin. -->","yoast_head_json":{"title":"Cabo Verde Windward Islands - Legendary Adventure DMC Portugal","robots":{"index":"index","follow":"follow","max-snippet":"max-snippet:-1","max-image-preview":"max-image-preview:large","max-video-preview":"max-video-preview:-1"},"canonical":"https:\/\/legendatours.com\/fr\/produit\/cabo-verde-windward-islands-cv1100g-2\/","og_locale":"fr_FR","og_type":"article","og_title":"Cabo Verde Windward Islands","og_description":"Join us on this special journey, starting in the cultural heart of Cabo Verde, Mindelo. From here, we head for some epic walks in Santo Ant\u00e3o, a pristine and crowd-free mountain island.","og_url":"https:\/\/legendatours.com\/fr\/produit\/cabo-verde-windward-islands-cv1100g-2\/","og_site_name":"Legendary Adventure DMC Portugal","article_publisher":"https:\/\/www.facebook.com\/legendaryadventuredmc\/","article_modified_time":"2026-03-10T17:40:46+00:00","og_image":[{"width":1800,"height":1200,"url":"https:\/\/legendatours.com\/wp-content\/uploads\/sites\/12\/2025\/07\/41.jpg","type":"image\/jpeg"}],"twitter_card":"summary_large_image","twitter_misc":{"Dur\u00e9e de lecture estim\u00e9e":"3 minutes"},"schema":{"@context":"https:\/\/schema.org","@graph":[{"@type":"WebPage","@id":"https:\/\/legendatours.com\/product\/cabo-verde-windward-islands-cv1100g-2\/","url":"https:\/\/legendatours.com\/product\/cabo-verde-windward-islands-cv1100g-2\/","name":"Cabo Verde Windward Islands - Legendary Adventure DMC Portugal","isPartOf":{"@id":"https:\/\/legendatours.com\/#website"},"primaryImageOfPage":{"@id":"https:\/\/legendatours.com\/product\/cabo-verde-windward-islands-cv1100g-2\/#primaryimage"},"image":{"@id":"https:\/\/legendatours.com\/product\/cabo-verde-windward-islands-cv1100g-2\/#primaryimage"},"thumbnailUrl":"https:\/\/legendatours.com\/wp-content\/uploads\/sites\/12\/2025\/07\/41.jpg","datePublished":"2026-03-10T15:52:09+00:00","dateModified":"2026-03-10T17:40:46+00:00","breadcrumb":{"@id":"https:\/\/legendatours.com\/product\/cabo-verde-windward-islands-cv1100g-2\/#breadcrumb"},"inLanguage":"fr-FR","potentialAction":[{"@type":"ReadAction","target":["https:\/\/legendatours.com\/product\/cabo-verde-windward-islands-cv1100g-2\/"]}]},{"@type":"ImageObject","inLanguage":"fr-FR","@id":"https:\/\/legendatours.com\/product\/cabo-verde-windward-islands-cv1100g-2\/#primaryimage","url":"https:\/\/legendatours.com\/wp-content\/uploads\/sites\/12\/2025\/07\/41.jpg","contentUrl":"https:\/\/legendatours.com\/wp-content\/uploads\/sites\/12\/2025\/07\/41.jpg","width":1800,"height":1200,"caption":"Walking in Santo Ant\u00e3o Cape Verde"},{"@type":"BreadcrumbList","@id":"https:\/\/legendatours.com\/product\/cabo-verde-windward-islands-cv1100g-2\/#breadcrumb","itemListElement":[{"@type":"ListItem","position":1,"name":"Home","item":"https:\/\/legendatours.com\/"},{"@type":"ListItem","position":2,"name":"Shop","item":"https:\/\/legendatours.com\/sv\/?page_id=4"},{"@type":"ListItem","position":3,"name":"Cabo Verde Windward Islands"}]},{"@type":"WebSite","@id":"https:\/\/legendatours.com\/#website","url":"https:\/\/legendatours.com\/","name":"Aventure l\u00e9gendaire DMC Portugal","description":"Randonn\u00e9es responsables et vacances nature au Portugal","publisher":{"@id":"https:\/\/legendatours.com\/#organization"},"alternateName":"Legendary Adventure Portugal","potentialAction":[{"@type":"SearchAction","target":{"@type":"EntryPoint","urlTemplate":"https:\/\/legendatours.com\/?s={search_term_string}"},"query-input":{"@type":"PropertyValueSpecification","valueRequired":true,"valueName":"search_term_string"}}],"inLanguage":"fr-FR"},{"@type":"Organization","@id":"https:\/\/legendatours.com\/#organization","name":"legendatours.com","url":"https:\/\/legendatours.com\/","logo":{"@type":"ImageObject","inLanguage":"fr-FR","@id":"https:\/\/legendatours.com\/#\/schema\/logo\/image\/","url":"https:\/\/legendatours.com\/wp-content\/uploads\/sites\/12\/2021\/06\/legendary_adventure_dmc.png","contentUrl":"https:\/\/legendatours.com\/wp-content\/uploads\/sites\/12\/2021\/06\/legendary_adventure_dmc.png","width":250,"height":74,"caption":"legendatours.com"},"image":{"@id":"https:\/\/legendatours.com\/#\/schema\/logo\/image\/"},"sameAs":["https:\/\/www.facebook.com\/legendaryadventuredmc\/","https:\/\/www.linkedin.com\/company\/legendary-adventure-dmc-portugal","https:\/\/www.youtube.com\/channel\/UCOIRDx_KM6ynIcacQkZjb6g"]}]}},"_links":{"self":[{"href":"https:\/\/legendatours.com\/fr\/wp-json\/wp\/v2\/product\/10928","targetHints":{"allow":["GET"]}}],"collection":[{"href":"https:\/\/legendatours.com\/fr\/wp-json\/wp\/v2\/product"}],"about":[{"href":"https:\/\/legendatours.com\/fr\/wp-json\/wp\/v2\/types\/product"}],"replies":[{"embeddable":true,"href":"https:\/\/legendatours.com\/fr\/wp-json\/wp\/v2\/comments?post=10928"}],"wp:featuredmedia":[{"embeddable":true,"href":"https:\/\/legendatours.com\/fr\/wp-json\/wp\/v2\/media\/10826"}],"wp:attachment":[{"href":"https:\/\/legendatours.com\/fr\/wp-json\/wp\/v2\/media?parent=10928"}],"wp:term":[{"taxonomy":"product_brand","embeddable":true,"href":"https:\/\/legendatours.com\/fr\/wp-json\/wp\/v2\/product_brand?post=10928"},{"taxonomy":"product_cat","embeddable":true,"href":"https:\/\/legendatours.com\/fr\/wp-json\/wp\/v2\/product_cat?post=10928"},{"taxonomy":"product_tag","embeddable":true,"href":"https:\/\/legendatours.com\/fr\/wp-json\/wp\/v2\/product_tag?post=10928"}],"curies":[{"name":"wp","href":"https:\/\/api.w.org\/{rel}","templated":true}]}}