{"id":1672,"date":"2020-12-07T12:54:49","date_gmt":"2020-12-07T12:54:49","guid":{"rendered":"https:\/\/legendatours.com\/product\/walking-holidays-in-the-vicentina-route\/"},"modified":"2025-07-25T11:33:01","modified_gmt":"2025-07-25T11:33:01","slug":"walking-in-the-vicentina-route-12301g","status":"publish","type":"product","link":"https:\/\/legendatours.com\/fr\/produit\/walking-in-the-vicentina-route-12301g\/","title":{"rendered":"Vacances \u00e0 pied sur la Route Vicentina"},"content":{"rendered":"<p><strong>Groupes accept\u00e9s avec un minimum de 6 personnes.<\/strong><\/p>\n<p>&nbsp;<\/p>\n<p>Le parcours de la Rota Vicentina est divis\u00e9 entre le Sentier des P\u00eacheurs et la Route Historique. Le Sentier des P\u00eacheurs suit le littoral qui donne acc\u00e8s \u00e0 des plages cach\u00e9es et \u00e0 des zones de p\u00eache secr\u00e8tes. En regardant de plus pr\u00e8s, nous pouvons apercevoir le p\u00eacheur local qui risque sa vie debout dans les falaises pour attraper les esp\u00e8ces de poissons sauvages et insaisissables et les d\u00e9licates balanes.<\/p>\n<p>La Route historique nous am\u00e8ne \u00e0 l&#039;int\u00e9rieur des terres, le long du paysage pastoral et des terres agricoles qui relient les petits groupes de maisons dispers\u00e9s dans cette vaste zone. Il est courant de trouver des bergers et leurs troupeaux de ch\u00e8vres ou de moutons, se d\u00e9pla\u00e7ant de champ en champ. Ici, les habitants ont l&#039;habitude de se promener le long des routes calmes, de visiter leurs vergers, de parler \u00e0 leurs voisins ou simplement de faire bouger la vie !<\/p>\n<p>Les deux sentiers sont une fa\u00e7on enrichissante de voir le vrai <a href=\"..\/..\/product-tag\/alentejo\/\">Alentejo<\/a> et <a href=\"..\/..\/product-tag\/algarve\/\">Algarve<\/a> r\u00e9gions du Portugal et promenez-vous sur des itin\u00e9raires inoubliables pleins de tradition. Notre \u00ab\u00a0syst\u00e8me de refus\u00a0\u00bb de conception unique vous permet de marcher toute la promenade ou seulement des parties de celle-ci, afin que vous puissiez passer plus de temps \u00e0 visiter si vous pr\u00e9f\u00e9rez\u00a0!<\/p>\n<p>Nous commen\u00e7ons notre <a href=\"..\/..\/product-category\/guided-group-tours\/guided-walking-holidays-in-portugal\/\">marche \u00e0 pied<\/a> semaine \u00e0 Porto Covo, un petit<a href=\"..\/..\/product-tag\/fishing-village\/\"> faire de la p\u00eache<\/a> village qui est un favori pour les Portugais. Les eaux bleues transparentes, les maisons color\u00e9es et la place agr\u00e9able brossent un tableau romantique des chansons \u00e0 la radio.<\/p>\n<div id=\"attachment_2859\" style=\"width: 1034px\" class=\"wp-caption alignnone\"><img loading=\"lazy\" decoding=\"async\" aria-describedby=\"caption-attachment-2859\" class=\"wp-image-2859 size-full\" title=\"Groupe Rota Vicentina marchant dans la Route Historique\" src=\"https:\/\/legendatours.net\/wp-content\/uploads\/2020\/07\/Hike_countryside_vicentina.jpg\" alt=\"Rota Vicentina group walking in the Historic Route\" width=\"1024\" height=\"768\" \/><p id=\"caption-attachment-2859\" class=\"wp-caption-text\"><a href=\"\/..\/?s=Rota+Vicentina\" target=\"_blank\" rel=\"noopener\">Rota Vicentina<\/a> marche en groupe sur la Route Historique<\/p><\/div>\n<p>Non loin d&#039;ici, Vila Nova de Milfontes est notre maison pour certains jours. Debout haut et exquis sur la marge nord de la rivi\u00e8re Mira, c&#039;est la r\u00e9gion des vastes plages, des c\u00f4tes spectaculaires et de la campagne rurale pr\u00e9serv\u00e9e.<\/p>\n<p>\u00c0 Odemira, o\u00f9 se trouvent les vall\u00e9es verdoyantes et luxuriantes, les ruisseaux fa\u00e7onnent le paysage. Les odeurs sont diff\u00e9rentes, les fleurs ont des couleurs vibrantes et les vues sur les collines sont \u00e0 couper le souffle.<\/p>\n<div id=\"attachment_3917\" style=\"width: 1033px\" class=\"wp-caption alignnone\"><img loading=\"lazy\" decoding=\"async\" aria-describedby=\"caption-attachment-3917\" class=\"wp-image-3917 size-full\" title=\"Arrifana - L&#039;une des zones c\u00f4ti\u00e8res les plus belles et les mieux pr\u00e9serv\u00e9es d&#039;Europe\" src=\"https:\/\/legendatours.net\/wp-content\/uploads\/2020\/12\/arrifana.jpg\" alt=\"Arrifana - One of the most beautiful and best-preserved coastal areas of Europe\" width=\"1023\" height=\"768\" \/><p id=\"caption-attachment-3917\" class=\"wp-caption-text\">Arrifana - L&#039;une des zones c\u00f4ti\u00e8res les plus belles et les mieux pr\u00e9serv\u00e9es d&#039;Europe<\/p><\/div>\n<p>Des lieux uniques fa\u00e7onnent cette semaine. Dans les petits villages comme Carrapateira et Arrifana, la mer Atlantique est reine. De la mer vient la vie, le surf, les balanes, les changements saisonniers et les brises marines calmes.<\/p>\n<p>Et alors que nous arrivons \u00e0 la fin du <a href=\"..\/..\/product-tag\/costa-vicentina\/\">Vicentine<\/a> Route et nous regardons au-del\u00e0 des falaises de S\u00e3o Vicente et de l&#039;immensit\u00e9 de la mer devant nous, nous comprenons pourquoi c&#039;est l&#039;un des plus beaux endroits de la c\u00f4te sud-ouest du Portugal.<\/p>\n<div class=\"row\">\n<div class=\"column\" style=\"flex: 45%;\">\n<p><iframe loading=\"lazy\" title=\"Deux pas vers la libert\u00e9 - Rota Vicentina - Version anglaise\" width=\"1080\" height=\"608\" src=\"https:\/\/www.youtube.com\/embed\/378VE1BxOrs?list=PLXuQK_E-D9ms4xzwNQLaux8GjS_169PbF\" frameborder=\"0\" allow=\"accelerometer; autoplay; clipboard-write; encrypted-media; gyroscope; picture-in-picture; web-share\" referrerpolicy=\"strict-origin-when-cross-origin\" allowfullscreen><\/iframe><\/p>\n<\/div>\n<div class=\"column\" style=\"flex: 10%;\"><\/div>\n<div class=\"column\" style=\"flex: 45%;\">\n<p><iframe loading=\"lazy\" title=\"Tombez amoureux de cette terre \/\/ Amor a esta Terra - Rota Vicentina\" width=\"1080\" height=\"608\" src=\"https:\/\/www.youtube.com\/embed\/xnabsip_w88?list=PLXuQK_E-D9ms4xzwNQLaux8GjS_169PbF\" frameborder=\"0\" allow=\"accelerometer; autoplay; clipboard-write; encrypted-media; gyroscope; picture-in-picture; web-share\" referrerpolicy=\"strict-origin-when-cross-origin\" allowfullscreen><\/iframe><\/p>\n<\/div>\n<\/div>","protected":false},"excerpt":{"rendered":"<p>La route Walking in the Vincentina - De la mer \u00e0 la terre le long de la magnifique c\u00f4te sud-ouest du Portugal est une visite \u00e0 pied de 8 jours, centr\u00e9e sur Vila Nova de Milfontes et Aljezur, au milieu du sud-ouest de l&#039;Alentejo et de la c\u00f4te Vicentine. <a href=\"..\/..\/?s=Natural+Park\">Parc naturel<\/a>.<\/p>\n<p>Consid\u00e9r\u00e9e comme l&#039;une des plus belles \u00e9tendues de c\u00f4tes europ\u00e9ennes pr\u00e9serv\u00e9es, la r\u00e9gion abrite la c\u00e9l\u00e8bre Rota Vicentina - un sentier de longue distance de 340 km qui commence \u00e0 Santiago do Cac\u00e9m et se termine \u00e0 l&#039;autrefois appel\u00e9 le bord du monde connu - le Cap de St Vincent.<\/p>","protected":false},"featured_media":1657,"comment_status":"closed","ping_status":"closed","template":"","meta":{"_acf_changed":false,"inline_featured_image":false},"product_brand":[],"product_cat":[32,28,29,30,31],"product_tag":[73,74,402,75,76,77,78,79,80,81,82,83,636,36,84,85,86,87,88,89,47,90,91,92,93,94,55,95,96,97,98,99,100,101,102,103,104,105,106,107,108,109,110,111,121,626,112,113],"class_list":{"0":"post-1672","1":"product","2":"type-product","3":"status-publish","4":"has-post-thumbnail","6":"product_cat-cultural-tours-and-holidays-in-portugal","7":"product_cat-guided-group-tours","8":"product_cat-portugal-guided-historical-holidays","9":"product_cat-guided-sightseeing-holidays-portugal","10":"product_cat-guided-walking-holidays-in-portugal","11":"product_tag-alentejo-walking","12":"product_tag-algarve-gr13","13":"product_tag-amazing-walking","14":"product_tag-arrifana","15":"product_tag-beaches","16":"product_tag-beautiful-beaches","17":"product_tag-beautiful-landscapes","18":"product_tag-carrapateira","19":"product_tag-coastal-scenery","20":"product_tag-coastal-walks","21":"product_tag-coastal-way","22":"product_tag-cork-trees","23":"product_tag-costa-vicentina","24":"product_tag-cultural-heritage","25":"product_tag-dramatic-beauty-of-the-atlantic-coast","26":"product_tag-dramatic-cliffs","27":"product_tag-fabulous-walks-along-the-coast","28":"product_tag-green-landscape","29":"product_tag-green-valleys","30":"product_tag-guided-group-tour","31":"product_tag-guided-holidays","32":"product_tag-guided-walking-holidays","33":"product_tag-guided-walking-tours","34":"product_tag-inland-sceneries","35":"product_tag-inland-walks","36":"product_tag-landscape","37":"product_tag-local-gastronomy","38":"product_tag-magnificent-landscape","39":"product_tag-milfontes","40":"product_tag-natural-park","41":"product_tag-natural-reserves","42":"product_tag-natural-scenery","43":"product_tag-nature-holidays","44":"product_tag-nature-tour","45":"product_tag-nature-trails","46":"product_tag-odemira","47":"product_tag-offered-flexible-walking","48":"product_tag-parque-natural-de-costa-vicentina","49":"product_tag-picturesque-landscapes","50":"product_tag-porto-covo","51":"product_tag-portugals-biggest-natural-reserve","52":"product_tag-rota-vicentina","53":"product_tag-vicentina-coast","54":"product_tag-vicentina-route","55":"product_tag-walking","56":"product_tag-walking-along-quiet-paths","57":"product_tag-walking-holidays","58":"product_tag-walking-the-coast-line","60":"first","61":"instock","62":"virtual","63":"product-type-simple"},"acf":[],"yoast_head":"<!-- This site is optimized with the Yoast SEO Premium plugin v26.8 (Yoast SEO v27.4) - https:\/\/yoast.com\/product\/yoast-seo-premium-wordpress\/ -->\n<title>Walking Holidays in the Vicentina Route - Legendary Adventure DMC Portugal<\/title>\n<meta name=\"description\" content=\"Walking in the Vincentina route \u2013 From sea to land along the stunning South West Coast of Portugal is an 8-day walking tour, in Portugal.\" \/>\n<meta name=\"robots\" content=\"index, follow, max-snippet:-1, max-image-preview:large, max-video-preview:-1\" \/>\n<link rel=\"canonical\" href=\"https:\/\/legendatours.com\/fr\/produit\/walking-in-the-vicentina-route-12301g\/\" \/>\n<meta property=\"og:locale\" content=\"fr_FR\" \/>\n<meta property=\"og:type\" content=\"article\" \/>\n<meta property=\"og:title\" content=\"Walking Holidays in the Vicentina Route\" \/>\n<meta property=\"og:description\" content=\"The Walking in the Vincentina route \u2013 From sea to land along the stunning South West Coast of Portugal is an 8-day walking tour, centred in Vila Nova de Milfontes and Aljezur, in the middle of the Southwest Alentejo and Vicentine Coast Natural Park.Considered one of the finest stretches of preserved European coastlines, the area is home to the famous Rota Vicentina \u2013 a 340km long-distance path that begins in Santiago do Cac\u00e9m and finishes at the once called the edge of the known world \u2013 the Cape of St. Vincent.\" \/>\n<meta property=\"og:url\" content=\"https:\/\/legendatours.com\/fr\/produit\/walking-in-the-vicentina-route-12301g\/\" \/>\n<meta property=\"og:site_name\" content=\"Legendary Adventure DMC Portugal\" \/>\n<meta property=\"article:publisher\" content=\"https:\/\/www.facebook.com\/legendaryadventuredmc\/\" \/>\n<meta property=\"article:modified_time\" content=\"2025-07-25T11:33:01+00:00\" \/>\n<meta property=\"og:image\" content=\"https:\/\/legendatours.com\/wp-content\/uploads\/sites\/12\/2021\/04\/costa_vicentina-e1611668588521.jpg\" \/>\n\t<meta property=\"og:image:width\" content=\"1024\" \/>\n\t<meta property=\"og:image:height\" content=\"683\" \/>\n\t<meta property=\"og:image:type\" content=\"image\/jpeg\" \/>\n<meta name=\"twitter:card\" content=\"summary_large_image\" \/>\n<meta name=\"twitter:description\" content=\"The Walking in the Vincentina route \u2013 From sea to land along the stunning South West Coast of Portugal is an 8-day walking tour, centred in Vila Nova de Milfontes and Aljezur, in the middle of the Southwest Alentejo and Vicentine Coast Natural Park.Considered one of the finest stretches of preserved European coastlines, the area is home to the famous Rota Vicentina \u2013 a 340km long-distance path that begins in Santiago do Cac\u00e9m and finishes at the once called the edge of the known world \u2013 the Cape of St. Vincent.\" \/>\n<meta name=\"twitter:label1\" content=\"Dur\u00e9e de lecture estim\u00e9e\" \/>\n\t<meta name=\"twitter:data1\" content=\"3 minutes\" \/>\n<script type=\"application\/ld+json\" class=\"yoast-schema-graph\">{\"@context\":\"https:\\\/\\\/schema.org\",\"@graph\":[{\"@type\":\"WebPage\",\"@id\":\"https:\\\/\\\/legendatours.com\\\/product\\\/walking-in-the-vicentina-route-12301g\\\/\",\"url\":\"https:\\\/\\\/legendatours.com\\\/product\\\/walking-in-the-vicentina-route-12301g\\\/\",\"name\":\"Walking Holidays in the Vicentina Route - Legendary Adventure DMC Portugal\",\"isPartOf\":{\"@id\":\"https:\\\/\\\/legendatours.com\\\/#website\"},\"primaryImageOfPage\":{\"@id\":\"https:\\\/\\\/legendatours.com\\\/product\\\/walking-in-the-vicentina-route-12301g\\\/#primaryimage\"},\"image\":{\"@id\":\"https:\\\/\\\/legendatours.com\\\/product\\\/walking-in-the-vicentina-route-12301g\\\/#primaryimage\"},\"thumbnailUrl\":\"https:\\\/\\\/legendatours.com\\\/wp-content\\\/uploads\\\/sites\\\/12\\\/2021\\\/04\\\/costa_vicentina-e1611668588521.jpg\",\"datePublished\":\"2020-12-07T12:54:49+00:00\",\"dateModified\":\"2025-07-25T11:33:01+00:00\",\"description\":\"Walking in the Vincentina route \u2013 From sea to land along the stunning South West Coast of Portugal is an 8-day walking tour, in Portugal.\",\"breadcrumb\":{\"@id\":\"https:\\\/\\\/legendatours.com\\\/product\\\/walking-in-the-vicentina-route-12301g\\\/#breadcrumb\"},\"inLanguage\":\"fr-FR\",\"potentialAction\":[{\"@type\":\"ReadAction\",\"target\":[\"https:\\\/\\\/legendatours.com\\\/product\\\/walking-in-the-vicentina-route-12301g\\\/\"]}]},{\"@type\":\"ImageObject\",\"inLanguage\":\"fr-FR\",\"@id\":\"https:\\\/\\\/legendatours.com\\\/product\\\/walking-in-the-vicentina-route-12301g\\\/#primaryimage\",\"url\":\"https:\\\/\\\/legendatours.com\\\/wp-content\\\/uploads\\\/sites\\\/12\\\/2021\\\/04\\\/costa_vicentina-e1611668588521.jpg\",\"contentUrl\":\"https:\\\/\\\/legendatours.com\\\/wp-content\\\/uploads\\\/sites\\\/12\\\/2021\\\/04\\\/costa_vicentina-e1611668588521.jpg\",\"width\":1024,\"height\":683,\"caption\":\"Vicentine Coast Walking\"},{\"@type\":\"BreadcrumbList\",\"@id\":\"https:\\\/\\\/legendatours.com\\\/product\\\/walking-in-the-vicentina-route-12301g\\\/#breadcrumb\",\"itemListElement\":[{\"@type\":\"ListItem\",\"position\":1,\"name\":\"Home\",\"item\":\"https:\\\/\\\/legendatours.com\\\/\"},{\"@type\":\"ListItem\",\"position\":2,\"name\":\"Shop\",\"item\":\"https:\\\/\\\/legendatours.com\\\/sv\\\/?page_id=4\"},{\"@type\":\"ListItem\",\"position\":3,\"name\":\"Walking Holidays in the Vicentina Route\"}]},{\"@type\":\"WebSite\",\"@id\":\"https:\\\/\\\/legendatours.com\\\/#website\",\"url\":\"https:\\\/\\\/legendatours.com\\\/\",\"name\":\"Legendary Adventure DMC Portugal\",\"description\":\"Responsible Walking &amp; Nature Holidays in Portugal\",\"publisher\":{\"@id\":\"https:\\\/\\\/legendatours.com\\\/#organization\"},\"alternateName\":\"Legendary Adventure Portugal\",\"potentialAction\":[{\"@type\":\"SearchAction\",\"target\":{\"@type\":\"EntryPoint\",\"urlTemplate\":\"https:\\\/\\\/legendatours.com\\\/?s={search_term_string}\"},\"query-input\":{\"@type\":\"PropertyValueSpecification\",\"valueRequired\":true,\"valueName\":\"search_term_string\"}}],\"inLanguage\":\"fr-FR\"},{\"@type\":\"Organization\",\"@id\":\"https:\\\/\\\/legendatours.com\\\/#organization\",\"name\":\"legendatours.com\",\"url\":\"https:\\\/\\\/legendatours.com\\\/\",\"logo\":{\"@type\":\"ImageObject\",\"inLanguage\":\"fr-FR\",\"@id\":\"https:\\\/\\\/legendatours.com\\\/#\\\/schema\\\/logo\\\/image\\\/\",\"url\":\"https:\\\/\\\/legendatours.com\\\/wp-content\\\/uploads\\\/sites\\\/12\\\/2021\\\/06\\\/legendary_adventure_dmc.png\",\"contentUrl\":\"https:\\\/\\\/legendatours.com\\\/wp-content\\\/uploads\\\/sites\\\/12\\\/2021\\\/06\\\/legendary_adventure_dmc.png\",\"width\":250,\"height\":74,\"caption\":\"legendatours.com\"},\"image\":{\"@id\":\"https:\\\/\\\/legendatours.com\\\/#\\\/schema\\\/logo\\\/image\\\/\"},\"sameAs\":[\"https:\\\/\\\/www.facebook.com\\\/legendaryadventuredmc\\\/\",\"https:\\\/\\\/www.linkedin.com\\\/company\\\/legendary-adventure-dmc-portugal\",\"https:\\\/\\\/www.youtube.com\\\/channel\\\/UCOIRDx_KM6ynIcacQkZjb6g\"]}]}<\/script>\n<!-- \/ Yoast SEO Premium plugin. -->","yoast_head_json":{"title":"Randonn\u00e9es p\u00e9destres sur la Route Vicentine - Legendary Adventure DMC Portugal","description":"Randonn\u00e9e sur la route Vincentina \u2013 De la mer \u00e0 la terre le long de la magnifique c\u00f4te sud-ouest du Portugal est un circuit p\u00e9destre de 8 jours, au Portugal.","robots":{"index":"index","follow":"follow","max-snippet":"max-snippet:-1","max-image-preview":"max-image-preview:large","max-video-preview":"max-video-preview:-1"},"canonical":"https:\/\/legendatours.com\/fr\/produit\/walking-in-the-vicentina-route-12301g\/","og_locale":"fr_FR","og_type":"article","og_title":"Walking Holidays in the Vicentina Route","og_description":"The Walking in the Vincentina route \u2013 From sea to land along the stunning South West Coast of Portugal is an 8-day walking tour, centred in Vila Nova de Milfontes and Aljezur, in the middle of the Southwest Alentejo and Vicentine Coast Natural Park.Considered one of the finest stretches of preserved European coastlines, the area is home to the famous Rota Vicentina \u2013 a 340km long-distance path that begins in Santiago do Cac\u00e9m and finishes at the once called the edge of the known world \u2013 the Cape of St. Vincent.","og_url":"https:\/\/legendatours.com\/fr\/produit\/walking-in-the-vicentina-route-12301g\/","og_site_name":"Legendary Adventure DMC Portugal","article_publisher":"https:\/\/www.facebook.com\/legendaryadventuredmc\/","article_modified_time":"2025-07-25T11:33:01+00:00","og_image":[{"width":1024,"height":683,"url":"https:\/\/legendatours.com\/wp-content\/uploads\/sites\/12\/2021\/04\/costa_vicentina-e1611668588521.jpg","type":"image\/jpeg"}],"twitter_card":"summary_large_image","twitter_description":"The Walking in the Vincentina route \u2013 From sea to land along the stunning South West Coast of Portugal is an 8-day walking tour, centred in Vila Nova de Milfontes and Aljezur, in the middle of the Southwest Alentejo and Vicentine Coast Natural Park.Considered one of the finest stretches of preserved European coastlines, the area is home to the famous Rota Vicentina \u2013 a 340km long-distance path that begins in Santiago do Cac\u00e9m and finishes at the once called the edge of the known world \u2013 the Cape of St. Vincent.","twitter_misc":{"Dur\u00e9e de lecture estim\u00e9e":"3 minutes"},"schema":{"@context":"https:\/\/schema.org","@graph":[{"@type":"WebPage","@id":"https:\/\/legendatours.com\/product\/walking-in-the-vicentina-route-12301g\/","url":"https:\/\/legendatours.com\/product\/walking-in-the-vicentina-route-12301g\/","name":"Randonn\u00e9es p\u00e9destres sur la Route Vicentine - Legendary Adventure DMC Portugal","isPartOf":{"@id":"https:\/\/legendatours.com\/#website"},"primaryImageOfPage":{"@id":"https:\/\/legendatours.com\/product\/walking-in-the-vicentina-route-12301g\/#primaryimage"},"image":{"@id":"https:\/\/legendatours.com\/product\/walking-in-the-vicentina-route-12301g\/#primaryimage"},"thumbnailUrl":"https:\/\/legendatours.com\/wp-content\/uploads\/sites\/12\/2021\/04\/costa_vicentina-e1611668588521.jpg","datePublished":"2020-12-07T12:54:49+00:00","dateModified":"2025-07-25T11:33:01+00:00","description":"Randonn\u00e9e sur la route Vincentina \u2013 De la mer \u00e0 la terre le long de la magnifique c\u00f4te sud-ouest du Portugal est un circuit p\u00e9destre de 8 jours, au Portugal.","breadcrumb":{"@id":"https:\/\/legendatours.com\/product\/walking-in-the-vicentina-route-12301g\/#breadcrumb"},"inLanguage":"fr-FR","potentialAction":[{"@type":"ReadAction","target":["https:\/\/legendatours.com\/product\/walking-in-the-vicentina-route-12301g\/"]}]},{"@type":"ImageObject","inLanguage":"fr-FR","@id":"https:\/\/legendatours.com\/product\/walking-in-the-vicentina-route-12301g\/#primaryimage","url":"https:\/\/legendatours.com\/wp-content\/uploads\/sites\/12\/2021\/04\/costa_vicentina-e1611668588521.jpg","contentUrl":"https:\/\/legendatours.com\/wp-content\/uploads\/sites\/12\/2021\/04\/costa_vicentina-e1611668588521.jpg","width":1024,"height":683,"caption":"Vicentine Coast Walking"},{"@type":"BreadcrumbList","@id":"https:\/\/legendatours.com\/product\/walking-in-the-vicentina-route-12301g\/#breadcrumb","itemListElement":[{"@type":"ListItem","position":1,"name":"Home","item":"https:\/\/legendatours.com\/"},{"@type":"ListItem","position":2,"name":"Shop","item":"https:\/\/legendatours.com\/sv\/?page_id=4"},{"@type":"ListItem","position":3,"name":"Walking Holidays in the Vicentina Route"}]},{"@type":"WebSite","@id":"https:\/\/legendatours.com\/#website","url":"https:\/\/legendatours.com\/","name":"Aventure l\u00e9gendaire DMC Portugal","description":"Randonn\u00e9es responsables et vacances nature au Portugal","publisher":{"@id":"https:\/\/legendatours.com\/#organization"},"alternateName":"Legendary Adventure Portugal","potentialAction":[{"@type":"SearchAction","target":{"@type":"EntryPoint","urlTemplate":"https:\/\/legendatours.com\/?s={search_term_string}"},"query-input":{"@type":"PropertyValueSpecification","valueRequired":true,"valueName":"search_term_string"}}],"inLanguage":"fr-FR"},{"@type":"Organization","@id":"https:\/\/legendatours.com\/#organization","name":"legendatours.com","url":"https:\/\/legendatours.com\/","logo":{"@type":"ImageObject","inLanguage":"fr-FR","@id":"https:\/\/legendatours.com\/#\/schema\/logo\/image\/","url":"https:\/\/legendatours.com\/wp-content\/uploads\/sites\/12\/2021\/06\/legendary_adventure_dmc.png","contentUrl":"https:\/\/legendatours.com\/wp-content\/uploads\/sites\/12\/2021\/06\/legendary_adventure_dmc.png","width":250,"height":74,"caption":"legendatours.com"},"image":{"@id":"https:\/\/legendatours.com\/#\/schema\/logo\/image\/"},"sameAs":["https:\/\/www.facebook.com\/legendaryadventuredmc\/","https:\/\/www.linkedin.com\/company\/legendary-adventure-dmc-portugal","https:\/\/www.youtube.com\/channel\/UCOIRDx_KM6ynIcacQkZjb6g"]}]}},"_links":{"self":[{"href":"https:\/\/legendatours.com\/fr\/wp-json\/wp\/v2\/product\/1672","targetHints":{"allow":["GET"]}}],"collection":[{"href":"https:\/\/legendatours.com\/fr\/wp-json\/wp\/v2\/product"}],"about":[{"href":"https:\/\/legendatours.com\/fr\/wp-json\/wp\/v2\/types\/product"}],"replies":[{"embeddable":true,"href":"https:\/\/legendatours.com\/fr\/wp-json\/wp\/v2\/comments?post=1672"}],"wp:featuredmedia":[{"embeddable":true,"href":"https:\/\/legendatours.com\/fr\/wp-json\/wp\/v2\/media\/1657"}],"wp:attachment":[{"href":"https:\/\/legendatours.com\/fr\/wp-json\/wp\/v2\/media?parent=1672"}],"wp:term":[{"taxonomy":"product_brand","embeddable":true,"href":"https:\/\/legendatours.com\/fr\/wp-json\/wp\/v2\/product_brand?post=1672"},{"taxonomy":"product_cat","embeddable":true,"href":"https:\/\/legendatours.com\/fr\/wp-json\/wp\/v2\/product_cat?post=1672"},{"taxonomy":"product_tag","embeddable":true,"href":"https:\/\/legendatours.com\/fr\/wp-json\/wp\/v2\/product_tag?post=1672"}],"curies":[{"name":"wp","href":"https:\/\/api.w.org\/{rel}","templated":true}]}}