{"id":1737,"date":"2020-09-14T09:14:07","date_gmt":"2020-09-14T09:14:07","guid":{"rendered":"https:\/\/legendatours.com\/product\/group-walking-holidays-in-tavira-the-amazing-east-algarve\/"},"modified":"2025-07-25T11:36:38","modified_gmt":"2025-07-25T11:36:38","slug":"tavira-the-amazing-east-algarve-1300g","status":"publish","type":"product","link":"https:\/\/legendatours.com\/fr\/produit\/tavira-the-amazing-east-algarve-1300g\/","title":{"rendered":"Vacances \u00e0 pied en groupe \u00e0 Tavira : l&#039;incroyable Algarve de l&#039;Est"},"content":{"rendered":"<p>Tavira est une ancienne ville maure qui a conserv\u00e9 son caract\u00e8re et son patrimoine uniques.<\/p>\n<p>La ville s&#039;\u00e9tend le long des rives de la rivi\u00e8re Gil\u00e3o et est un d\u00e9licieux m\u00e9lange d&#039;architecture portugaise traditionnelle avec des influences mauresques profond\u00e9ment enracin\u00e9es.<\/p>\n<p>C&#039;est sans doute la plus jolie ville de l&#039;Algarve et d\u00e9gage un charme portugais authentique. Une v\u00e9ritable joie \u00e0 explorer avec sa pl\u00e9thore de b\u00e2timents historiques et d&#039;\u00e9glises d\u00e9coratives, qui sont tous dispos\u00e9s autour de charmantes places et de jolies rues pav\u00e9es.<\/p>\n<div id=\"attachment_1773\" style=\"width: 1034px\" class=\"wp-caption alignnone\"><img loading=\"lazy\" decoding=\"async\" aria-describedby=\"caption-attachment-1773\" class=\"wp-image-1773 size-large\" title=\"Pont romain \u00e0 Tavira Venise de l&#039;Algarve. Aussi connu sous le nom de Ponte Antiga (pont antique), c&#039;est l&#039;un des symboles de Tavira.\" src=\"https:\/\/legendatours.net\/wp-content\/uploads\/2020\/03\/Roman-bridge-in-Tavira-Venice-of-Algarve-2-1024x685.jpg\" alt=\"Roman bridge in Tavira Venice of Algarve\" width=\"1024\" height=\"685\" \/><p id=\"caption-attachment-1773\" class=\"wp-caption-text\">Pont romain \u00e0 Tavira Venise de l&#039;Algarve. \u00c9galement connu sous le nom de Ponte Antiga (pont antique), c&#039;est l&#039;un des <a href=\"..\/..\/?s=Tavira\" target=\"_blank\" rel=\"noopener\">Tavira<\/a> symboles.<\/p><\/div>\n<p>Des couches d&#039;histoire peuvent \u00eatre vues, des fouilles ph\u00e9niciennes aux portes d\u00e9cor\u00e9es de l&#039;islam en passant par les fioritures de la Renaissance et du baroque. Cependant, ce sont les couleurs qui vous frappent : des murs d&#039;un blanc aveuglant, des azulejos brillants, des tuiles rouge feu.<\/p>\n<p>Nos promenades nous emm\u00e8nent <a href=\"..\/..\/?s=Tavira+Island\">\u00cele de Tavira<\/a> dans le parc naturel, en profitant de l&#039;une des plus belles plages du monde, et de jolis villages c\u00f4tiers tels que Santa Luzia, Cabanas et Cacela Velha. \u00c0 l&#039;int\u00e9rieur des terres, nous serpentons entre collines et vall\u00e9es jusqu&#039;au pic bas de Zimbral, avec de larges vues enrichissantes.<\/p>\n<div id=\"attachment_2642\" style=\"width: 1034px\" class=\"wp-caption alignnone\"><img loading=\"lazy\" decoding=\"async\" aria-describedby=\"caption-attachment-2642\" class=\"wp-image-2642 size-large\" title=\"Promenade de groupe dans les montagnes de l&#039;Algarve Caldeir\u00e3o et d\u00e9couverte de l&#039;Algarve\" src=\"https:\/\/legendatours.net\/wp-content\/uploads\/2020\/06\/Walk_caldeirao_mountains-1024x666.jpg\" alt=\"Group Walk in Algarve Caldeir\u00e3o Mountains, Algarve\" width=\"1024\" height=\"666\" \/><p id=\"caption-attachment-2642\" class=\"wp-caption-text\"><a href=\"..\/..\/?s=Group+Walk\" target=\"_blank\" rel=\"noopener\">Grouper <\/a>Marchez dans les montagnes de l&#039;Algarve Caldeir\u00e3o et d\u00e9couvrez plus de <a href=\"..\/..\/?s=Algarve\" target=\"_blank\" rel=\"noopener\">Algarve<\/a><\/p><\/div>\n<p>D&#039;anciens sentiers nous m\u00e8nent le long des fermes, \u00e0 travers un patchwork complexe d&#039;orangeraies, de vergers d&#039;oliviers et de caroubiers. Parfois, nous marchons le long des rivi\u00e8res ; d&#039;autres fois parmi les pins et les ch\u00eanes-li\u00e8ges. Pendant la majeure partie de notre saison, nous sommes pr\u00e9sent\u00e9s avec une procession sans fin et en constante \u00e9volution de belles fleurs.<\/p>\n<p>Nous profiterons \u00e9galement de d\u00eeners dans des restaurants locaux pour go\u00fbter \u00e0 la merveilleuse cuisine portugaise.<\/p>\n<p>&nbsp;<\/p>\n<div class=\"row\">\n<div class=\"column\" style=\"flex: 45%;\"><\/div>\n<div class=\"column\" style=\"flex: 10%;\"><\/div>\n<div class=\"column\" style=\"flex: 45%;\">\n<p><iframe loading=\"lazy\" title=\"Sentiers Portugais\" width=\"1080\" height=\"608\" src=\"https:\/\/www.youtube.com\/embed\/pPsnchCKXGc?feature=oembed\" frameborder=\"0\" allow=\"accelerometer; autoplay; clipboard-write; encrypted-media; gyroscope; picture-in-picture; web-share\" referrerpolicy=\"strict-origin-when-cross-origin\" allowfullscreen><\/iframe><\/p>\n<\/div>\n<\/div>","protected":false},"excerpt":{"rendered":"<p>The Amazing East Algarve est une visite \u00e0 pied bas\u00e9e \u00e0 Tavira, avec un m\u00e9lange spectaculaire de promenades dans les r\u00e9serves naturelles et de magnifiques paysages \u00e0 la fois \u00e0 l&#039;int\u00e9rieur et sur la c\u00f4te est de l&#039;Algarve.<\/p>\n<p>Nos promenades nous emm\u00e8nent sur l&#039;\u00eele de Tavira dans le parc naturel, en profitant de l&#039;une des plus belles plages du monde, et dans de jolis villages c\u00f4tiers tels que Santa Luzia, Cabanas et Cacela Velha. \u00c0 l&#039;int\u00e9rieur des terres, nous serpentons entre les collines et les vall\u00e9es jusqu&#039;au pic bas de Zimbral, avec de larges vues enrichissantes.<\/p>\n<p>Nous profiterons \u00e9galement de d\u00eeners dans des restaurants locaux pour go\u00fbter \u00e0 la merveilleuse cuisine portugaise.<\/p>","protected":false},"featured_media":1712,"comment_status":"closed","ping_status":"closed","template":"","meta":{"_acf_changed":false,"inline_featured_image":false},"product_brand":[],"product_cat":[32,28,29,30,31],"product_tag":[146,147,74,148,149,150,402,151,152,153,84,154,155,130,48,90,91,156,157,158,159,160,394,161,915,98,162,163,164,165,609,60,166,167,168,169,961,170,171,172,173,174,175,68,69,176,177,121,630,178,112,179,600,180,122,145],"class_list":{"0":"post-1737","1":"product","2":"type-product","3":"status-publish","4":"has-post-thumbnail","6":"product_cat-cultural-tours-and-holidays-in-portugal","7":"product_cat-guided-group-tours","8":"product_cat-portugal-guided-historical-holidays","9":"product_cat-guided-sightseeing-holidays-portugal","10":"product_cat-guided-walking-holidays-in-portugal","11":"product_tag-10-best-beaches-in-the-world","12":"product_tag-algarve","13":"product_tag-algarve-gr13","14":"product_tag-algarve-east-cost","15":"product_tag-algarve-flowers","16":"product_tag-algarve-sand-islands","17":"product_tag-amazing-walking","18":"product_tag-cabanas-de-tavira","19":"product_tag-cacela-velha","20":"product_tag-countryside","21":"product_tag-dramatic-beauty-of-the-atlantic-coast","22":"product_tag-east-algarve","23":"product_tag-europe","24":"product_tag-gastronomy","25":"product_tag-guided-tours","26":"product_tag-guided-walking-holidays","27":"product_tag-guided-walking-tours","28":"product_tag-hiking","29":"product_tag-hiking-holidays","30":"product_tag-hiking-routes","31":"product_tag-hiking-trails","32":"product_tag-holidays","33":"product_tag-island-of-tavira","34":"product_tag-local-restaurants","35":"product_tag-medieval-castle-of-tavira","36":"product_tag-natural-reserves","37":"product_tag-nature-walks","38":"product_tag-orange","39":"product_tag-orange-groves","40":"product_tag-perfect-for-hiking","41":"product_tag-perfect-walking-holiday","42":"product_tag-portugal","43":"product_tag-portuguese-charm","44":"product_tag-rambling","45":"product_tag-ria-formosa","46":"product_tag-ria-formosa-natural-park","47":"product_tag-santa-catarina-da-fonte-do-bispo","48":"product_tag-santa-luzia","49":"product_tag-small-group","50":"product_tag-spectacular-hikes","51":"product_tag-sunny-winters","52":"product_tag-tavira","53":"product_tag-tavira-island","54":"product_tag-tours-in-portugal","55":"product_tag-traditional-portuguese","56":"product_tag-typical-fisherman-villages","57":"product_tag-vacations","58":"product_tag-walking","59":"product_tag-walking-and-exploring","60":"product_tag-walking-break","61":"product_tag-walking-holidays","62":"product_tag-walking-in-tavira","63":"product_tag-walking-route","64":"product_tag-walking-tour","65":"product_tag-walking-tours","66":"product_tag-wines","68":"first","69":"instock","70":"virtual","71":"product-type-simple"},"acf":[],"yoast_head":"<!-- This site is optimized with the Yoast SEO Premium plugin v26.8 (Yoast SEO v27.4) - https:\/\/yoast.com\/product\/yoast-seo-premium-wordpress\/ -->\n<title>Group Walking Holidays in Tavira: The amazing East Algarve - Legendary Adventure DMC Portugal<\/title>\n<meta name=\"description\" content=\"Amazing East Algarve is a walking tour based in Tavira, with a spectacular mix of walks in Natural Reserves and beautiful landscapes both in the interior and coastal East Algarve.Our walks take us to Tavira Island in the Natural Park, taking in one of the most beautiful beaches in the world, and to pretty coastal villages such as Santa Luzia, Cabanas, and Cacela Velha. Inland we wind our way between hills and valleys to the low peak of Zimbral, with wide rewarding views.\" \/>\n<meta name=\"robots\" content=\"index, follow, max-snippet:-1, max-image-preview:large, max-video-preview:-1\" \/>\n<link rel=\"canonical\" href=\"https:\/\/legendatours.com\/fr\/produit\/tavira-the-amazing-east-algarve-1300g\/\" \/>\n<meta property=\"og:locale\" content=\"fr_FR\" \/>\n<meta property=\"og:type\" content=\"article\" \/>\n<meta property=\"og:title\" content=\"Group Walking Holidays in Tavira: The amazing East Algarve\" \/>\n<meta property=\"og:description\" content=\"The Amazing East Algarve is a walking tour based in Tavira, with a spectacular mix of walks in Natural Reserves and beautiful landscapes both in the interior and coastal East Algarve.Our walks take us to Tavira Island in the Natural Park, taking in one of the most beautiful beaches in the world, and to pretty coastal villages such as Santa Luzia, Cabanas, and Cacela Velha. Inland we wind our way between hills and valleys to the low peak of Zimbral, with wide rewarding views.We\u2019ll also enjoy dinners at local restaurants giving the opportunity to sample the wonderful Portuguese cuisine.\" \/>\n<meta property=\"og:url\" content=\"https:\/\/legendatours.com\/fr\/produit\/tavira-the-amazing-east-algarve-1300g\/\" \/>\n<meta property=\"og:site_name\" content=\"Legendary Adventure DMC Portugal\" \/>\n<meta property=\"article:publisher\" content=\"https:\/\/www.facebook.com\/legendaryadventuredmc\/\" \/>\n<meta property=\"article:modified_time\" content=\"2025-07-25T11:36:38+00:00\" \/>\n<meta property=\"og:image\" content=\"https:\/\/legendatours.com\/wp-content\/uploads\/sites\/12\/2021\/04\/cacela-e1611677419493.jpg\" \/>\n\t<meta property=\"og:image:width\" content=\"1024\" \/>\n\t<meta property=\"og:image:height\" content=\"578\" \/>\n\t<meta property=\"og:image:type\" content=\"image\/jpeg\" \/>\n<meta name=\"twitter:card\" content=\"summary_large_image\" \/>\n<meta name=\"twitter:description\" content=\"The Amazing East Algarve is a walking tour based in Tavira, with a spectacular mix of walks in Natural Reserves and beautiful landscapes both in the interior and coastal East Algarve.Our walks take us to Tavira Island in the Natural Park, taking in one of the most beautiful beaches in the world, and to pretty coastal villages such as Santa Luzia, Cabanas, and Cacela Velha. Inland we wind our way between hills and valleys to the low peak of Zimbral, with wide rewarding views.We\u2019ll also enjoy dinners at local restaurants giving the opportunity to sample the wonderful Portuguese cuisine.\" \/>\n<meta name=\"twitter:image\" content=\"https:\/\/legendatours.com\/wp-content\/uploads\/sites\/12\/2021\/04\/Fishing-boats-Tavira.jpg\" \/>\n<meta name=\"twitter:label1\" content=\"Dur\u00e9e de lecture estim\u00e9e\" \/>\n\t<meta name=\"twitter:data1\" content=\"2 minutes\" \/>\n<script type=\"application\/ld+json\" class=\"yoast-schema-graph\">{\"@context\":\"https:\\\/\\\/schema.org\",\"@graph\":[{\"@type\":\"WebPage\",\"@id\":\"https:\\\/\\\/legendatours.com\\\/product\\\/tavira-the-amazing-east-algarve-1300g\\\/\",\"url\":\"https:\\\/\\\/legendatours.com\\\/product\\\/tavira-the-amazing-east-algarve-1300g\\\/\",\"name\":\"Group Walking Holidays in Tavira: The amazing East Algarve - Legendary Adventure DMC Portugal\",\"isPartOf\":{\"@id\":\"https:\\\/\\\/legendatours.com\\\/#website\"},\"primaryImageOfPage\":{\"@id\":\"https:\\\/\\\/legendatours.com\\\/product\\\/tavira-the-amazing-east-algarve-1300g\\\/#primaryimage\"},\"image\":{\"@id\":\"https:\\\/\\\/legendatours.com\\\/product\\\/tavira-the-amazing-east-algarve-1300g\\\/#primaryimage\"},\"thumbnailUrl\":\"https:\\\/\\\/legendatours.com\\\/wp-content\\\/uploads\\\/sites\\\/12\\\/2021\\\/04\\\/cacela-e1611677419493.jpg\",\"datePublished\":\"2020-09-14T09:14:07+00:00\",\"dateModified\":\"2025-07-25T11:36:38+00:00\",\"description\":\"Amazing East Algarve is a walking tour based in Tavira, with a spectacular mix of walks in Natural Reserves and beautiful landscapes both in the interior and coastal East Algarve.Our walks take us to Tavira Island in the Natural Park, taking in one of the most beautiful beaches in the world, and to pretty coastal villages such as Santa Luzia, Cabanas, and Cacela Velha. Inland we wind our way between hills and valleys to the low peak of Zimbral, with wide rewarding views.\",\"breadcrumb\":{\"@id\":\"https:\\\/\\\/legendatours.com\\\/product\\\/tavira-the-amazing-east-algarve-1300g\\\/#breadcrumb\"},\"inLanguage\":\"fr-FR\",\"potentialAction\":[{\"@type\":\"ReadAction\",\"target\":[\"https:\\\/\\\/legendatours.com\\\/product\\\/tavira-the-amazing-east-algarve-1300g\\\/\"]}]},{\"@type\":\"ImageObject\",\"inLanguage\":\"fr-FR\",\"@id\":\"https:\\\/\\\/legendatours.com\\\/product\\\/tavira-the-amazing-east-algarve-1300g\\\/#primaryimage\",\"url\":\"https:\\\/\\\/legendatours.com\\\/wp-content\\\/uploads\\\/sites\\\/12\\\/2021\\\/04\\\/cacela-e1611677419493.jpg\",\"contentUrl\":\"https:\\\/\\\/legendatours.com\\\/wp-content\\\/uploads\\\/sites\\\/12\\\/2021\\\/04\\\/cacela-e1611677419493.jpg\",\"width\":1024,\"height\":578,\"caption\":\"The Fort of Cacela Velha\"},{\"@type\":\"BreadcrumbList\",\"@id\":\"https:\\\/\\\/legendatours.com\\\/product\\\/tavira-the-amazing-east-algarve-1300g\\\/#breadcrumb\",\"itemListElement\":[{\"@type\":\"ListItem\",\"position\":1,\"name\":\"Home\",\"item\":\"https:\\\/\\\/legendatours.com\\\/\"},{\"@type\":\"ListItem\",\"position\":2,\"name\":\"Shop\",\"item\":\"https:\\\/\\\/legendatours.com\\\/sv\\\/?page_id=4\"},{\"@type\":\"ListItem\",\"position\":3,\"name\":\"Group Walking Holidays in Tavira: The amazing East Algarve\"}]},{\"@type\":\"WebSite\",\"@id\":\"https:\\\/\\\/legendatours.com\\\/#website\",\"url\":\"https:\\\/\\\/legendatours.com\\\/\",\"name\":\"Legendary Adventure DMC Portugal\",\"description\":\"Responsible Walking &amp; Nature Holidays in Portugal\",\"publisher\":{\"@id\":\"https:\\\/\\\/legendatours.com\\\/#organization\"},\"alternateName\":\"Legendary Adventure Portugal\",\"potentialAction\":[{\"@type\":\"SearchAction\",\"target\":{\"@type\":\"EntryPoint\",\"urlTemplate\":\"https:\\\/\\\/legendatours.com\\\/?s={search_term_string}\"},\"query-input\":{\"@type\":\"PropertyValueSpecification\",\"valueRequired\":true,\"valueName\":\"search_term_string\"}}],\"inLanguage\":\"fr-FR\"},{\"@type\":\"Organization\",\"@id\":\"https:\\\/\\\/legendatours.com\\\/#organization\",\"name\":\"legendatours.com\",\"url\":\"https:\\\/\\\/legendatours.com\\\/\",\"logo\":{\"@type\":\"ImageObject\",\"inLanguage\":\"fr-FR\",\"@id\":\"https:\\\/\\\/legendatours.com\\\/#\\\/schema\\\/logo\\\/image\\\/\",\"url\":\"https:\\\/\\\/legendatours.com\\\/wp-content\\\/uploads\\\/sites\\\/12\\\/2021\\\/06\\\/legendary_adventure_dmc.png\",\"contentUrl\":\"https:\\\/\\\/legendatours.com\\\/wp-content\\\/uploads\\\/sites\\\/12\\\/2021\\\/06\\\/legendary_adventure_dmc.png\",\"width\":250,\"height\":74,\"caption\":\"legendatours.com\"},\"image\":{\"@id\":\"https:\\\/\\\/legendatours.com\\\/#\\\/schema\\\/logo\\\/image\\\/\"},\"sameAs\":[\"https:\\\/\\\/www.facebook.com\\\/legendaryadventuredmc\\\/\",\"https:\\\/\\\/www.linkedin.com\\\/company\\\/legendary-adventure-dmc-portugal\",\"https:\\\/\\\/www.youtube.com\\\/channel\\\/UCOIRDx_KM6ynIcacQkZjb6g\"]}]}<\/script>\n<!-- \/ Yoast SEO Premium plugin. -->","yoast_head_json":{"title":"Vacances \u00e0 pied en groupe \u00e0 Tavira\u00a0: L&#039;\u00e9tonnante Algarve de l&#039;Est - Aventure l\u00e9gendaire DMC Portugal","description":"L&#039;incroyable Est de l&#039;Algarve est un circuit p\u00e9destre bas\u00e9 \u00e0 Tavira, offrant un m\u00e9lange spectaculaire de promenades dans des r\u00e9serves naturelles et de paysages magnifiques, tant \u00e0 l&#039;int\u00e9rieur des terres que sur la c\u00f4te est de l&#039;Algarve. Nos randonn\u00e9es nous m\u00e8nent jusqu&#039;\u00e0 l&#039;\u00eele de Tavira, dans le parc naturel, avec l&#039;une des plus belles plages du monde, et de charmants villages c\u00f4tiers comme Santa Luzia, Cabanas et Cacela Velha. \u00c0 l&#039;int\u00e9rieur des terres, nous serpentons entre collines et vall\u00e9es jusqu&#039;au sommet peu \u00e9lev\u00e9 du Zimbral, offrant de vastes panoramas.","robots":{"index":"index","follow":"follow","max-snippet":"max-snippet:-1","max-image-preview":"max-image-preview:large","max-video-preview":"max-video-preview:-1"},"canonical":"https:\/\/legendatours.com\/fr\/produit\/tavira-the-amazing-east-algarve-1300g\/","og_locale":"fr_FR","og_type":"article","og_title":"Group Walking Holidays in Tavira: The amazing East Algarve","og_description":"The Amazing East Algarve is a walking tour based in Tavira, with a spectacular mix of walks in Natural Reserves and beautiful landscapes both in the interior and coastal East Algarve.Our walks take us to Tavira Island in the Natural Park, taking in one of the most beautiful beaches in the world, and to pretty coastal villages such as Santa Luzia, Cabanas, and Cacela Velha. Inland we wind our way between hills and valleys to the low peak of Zimbral, with wide rewarding views.We\u2019ll also enjoy dinners at local restaurants giving the opportunity to sample the wonderful Portuguese cuisine.","og_url":"https:\/\/legendatours.com\/fr\/produit\/tavira-the-amazing-east-algarve-1300g\/","og_site_name":"Legendary Adventure DMC Portugal","article_publisher":"https:\/\/www.facebook.com\/legendaryadventuredmc\/","article_modified_time":"2025-07-25T11:36:38+00:00","og_image":[{"width":1024,"height":578,"url":"https:\/\/legendatours.com\/wp-content\/uploads\/sites\/12\/2021\/04\/cacela-e1611677419493.jpg","type":"image\/jpeg"}],"twitter_card":"summary_large_image","twitter_description":"The Amazing East Algarve is a walking tour based in Tavira, with a spectacular mix of walks in Natural Reserves and beautiful landscapes both in the interior and coastal East Algarve.Our walks take us to Tavira Island in the Natural Park, taking in one of the most beautiful beaches in the world, and to pretty coastal villages such as Santa Luzia, Cabanas, and Cacela Velha. Inland we wind our way between hills and valleys to the low peak of Zimbral, with wide rewarding views.We\u2019ll also enjoy dinners at local restaurants giving the opportunity to sample the wonderful Portuguese cuisine.","twitter_image":"https:\/\/legendatours.com\/wp-content\/uploads\/sites\/12\/2021\/04\/Fishing-boats-Tavira.jpg","twitter_misc":{"Dur\u00e9e de lecture estim\u00e9e":"2 minutes"},"schema":{"@context":"https:\/\/schema.org","@graph":[{"@type":"WebPage","@id":"https:\/\/legendatours.com\/product\/tavira-the-amazing-east-algarve-1300g\/","url":"https:\/\/legendatours.com\/product\/tavira-the-amazing-east-algarve-1300g\/","name":"Vacances \u00e0 pied en groupe \u00e0 Tavira\u00a0: L&#039;\u00e9tonnante Algarve de l&#039;Est - Aventure l\u00e9gendaire DMC Portugal","isPartOf":{"@id":"https:\/\/legendatours.com\/#website"},"primaryImageOfPage":{"@id":"https:\/\/legendatours.com\/product\/tavira-the-amazing-east-algarve-1300g\/#primaryimage"},"image":{"@id":"https:\/\/legendatours.com\/product\/tavira-the-amazing-east-algarve-1300g\/#primaryimage"},"thumbnailUrl":"https:\/\/legendatours.com\/wp-content\/uploads\/sites\/12\/2021\/04\/cacela-e1611677419493.jpg","datePublished":"2020-09-14T09:14:07+00:00","dateModified":"2025-07-25T11:36:38+00:00","description":"L&#039;incroyable Est de l&#039;Algarve est un circuit p\u00e9destre bas\u00e9 \u00e0 Tavira, offrant un m\u00e9lange spectaculaire de promenades dans des r\u00e9serves naturelles et de paysages magnifiques, tant \u00e0 l&#039;int\u00e9rieur des terres que sur la c\u00f4te est de l&#039;Algarve. Nos randonn\u00e9es nous m\u00e8nent jusqu&#039;\u00e0 l&#039;\u00eele de Tavira, dans le parc naturel, avec l&#039;une des plus belles plages du monde, et de charmants villages c\u00f4tiers comme Santa Luzia, Cabanas et Cacela Velha. \u00c0 l&#039;int\u00e9rieur des terres, nous serpentons entre collines et vall\u00e9es jusqu&#039;au sommet peu \u00e9lev\u00e9 du Zimbral, offrant de vastes panoramas.","breadcrumb":{"@id":"https:\/\/legendatours.com\/product\/tavira-the-amazing-east-algarve-1300g\/#breadcrumb"},"inLanguage":"fr-FR","potentialAction":[{"@type":"ReadAction","target":["https:\/\/legendatours.com\/product\/tavira-the-amazing-east-algarve-1300g\/"]}]},{"@type":"ImageObject","inLanguage":"fr-FR","@id":"https:\/\/legendatours.com\/product\/tavira-the-amazing-east-algarve-1300g\/#primaryimage","url":"https:\/\/legendatours.com\/wp-content\/uploads\/sites\/12\/2021\/04\/cacela-e1611677419493.jpg","contentUrl":"https:\/\/legendatours.com\/wp-content\/uploads\/sites\/12\/2021\/04\/cacela-e1611677419493.jpg","width":1024,"height":578,"caption":"The Fort of Cacela Velha"},{"@type":"BreadcrumbList","@id":"https:\/\/legendatours.com\/product\/tavira-the-amazing-east-algarve-1300g\/#breadcrumb","itemListElement":[{"@type":"ListItem","position":1,"name":"Home","item":"https:\/\/legendatours.com\/"},{"@type":"ListItem","position":2,"name":"Shop","item":"https:\/\/legendatours.com\/sv\/?page_id=4"},{"@type":"ListItem","position":3,"name":"Group Walking Holidays in Tavira: The amazing East Algarve"}]},{"@type":"WebSite","@id":"https:\/\/legendatours.com\/#website","url":"https:\/\/legendatours.com\/","name":"Aventure l\u00e9gendaire DMC Portugal","description":"Randonn\u00e9es responsables et vacances nature au Portugal","publisher":{"@id":"https:\/\/legendatours.com\/#organization"},"alternateName":"Legendary Adventure Portugal","potentialAction":[{"@type":"SearchAction","target":{"@type":"EntryPoint","urlTemplate":"https:\/\/legendatours.com\/?s={search_term_string}"},"query-input":{"@type":"PropertyValueSpecification","valueRequired":true,"valueName":"search_term_string"}}],"inLanguage":"fr-FR"},{"@type":"Organization","@id":"https:\/\/legendatours.com\/#organization","name":"legendatours.com","url":"https:\/\/legendatours.com\/","logo":{"@type":"ImageObject","inLanguage":"fr-FR","@id":"https:\/\/legendatours.com\/#\/schema\/logo\/image\/","url":"https:\/\/legendatours.com\/wp-content\/uploads\/sites\/12\/2021\/06\/legendary_adventure_dmc.png","contentUrl":"https:\/\/legendatours.com\/wp-content\/uploads\/sites\/12\/2021\/06\/legendary_adventure_dmc.png","width":250,"height":74,"caption":"legendatours.com"},"image":{"@id":"https:\/\/legendatours.com\/#\/schema\/logo\/image\/"},"sameAs":["https:\/\/www.facebook.com\/legendaryadventuredmc\/","https:\/\/www.linkedin.com\/company\/legendary-adventure-dmc-portugal","https:\/\/www.youtube.com\/channel\/UCOIRDx_KM6ynIcacQkZjb6g"]}]}},"_links":{"self":[{"href":"https:\/\/legendatours.com\/fr\/wp-json\/wp\/v2\/product\/1737","targetHints":{"allow":["GET"]}}],"collection":[{"href":"https:\/\/legendatours.com\/fr\/wp-json\/wp\/v2\/product"}],"about":[{"href":"https:\/\/legendatours.com\/fr\/wp-json\/wp\/v2\/types\/product"}],"replies":[{"embeddable":true,"href":"https:\/\/legendatours.com\/fr\/wp-json\/wp\/v2\/comments?post=1737"}],"wp:featuredmedia":[{"embeddable":true,"href":"https:\/\/legendatours.com\/fr\/wp-json\/wp\/v2\/media\/1712"}],"wp:attachment":[{"href":"https:\/\/legendatours.com\/fr\/wp-json\/wp\/v2\/media?parent=1737"}],"wp:term":[{"taxonomy":"product_brand","embeddable":true,"href":"https:\/\/legendatours.com\/fr\/wp-json\/wp\/v2\/product_brand?post=1737"},{"taxonomy":"product_cat","embeddable":true,"href":"https:\/\/legendatours.com\/fr\/wp-json\/wp\/v2\/product_cat?post=1737"},{"taxonomy":"product_tag","embeddable":true,"href":"https:\/\/legendatours.com\/fr\/wp-json\/wp\/v2\/product_tag?post=1737"}],"curies":[{"name":"wp","href":"https:\/\/api.w.org\/{rel}","templated":true}]}}