{"id":1750,"date":"2020-09-09T10:03:49","date_gmt":"2020-09-09T10:03:49","guid":{"rendered":"https:\/\/legendatours.com\/product\/lisbon-tomar-the-knights-templars-heritage-portugal-group-walking-holidays\/"},"modified":"2022-02-21T11:19:35","modified_gmt":"2022-02-21T11:19:35","slug":"lisbon-tomar-the-knights-templars-heritage-1401g","status":"publish","type":"product","link":"https:\/\/legendatours.com\/fr\/produit\/lisbon-tomar-the-knights-templars-heritage-1401g\/","title":{"rendered":"Lisbonne et Tomar \u2013 Le patrimoine des Templiers \u2013 Vacances \u00e0 pied en groupe au Portugal"},"content":{"rendered":"<p><strong>Groupes accept\u00e9s avec un minimum de 6 personnes.<\/strong><\/p>\n<p>&nbsp;<\/p>\n<p>Lisbonne et Tomar - l&#039;h\u00e9ritage des Templiers est une visite unique d&#039;une semaine \u00e0 pied et \u00e0 pied sur les traces des Templiers et de certaines des villes les plus fabuleuses du Portugal.<\/p>\n<p>Les Templiers ont \u00e9t\u00e9 fond\u00e9s \u00e0 J\u00e9rusalem en 1118. Cependant, leur apog\u00e9e \u00e9tait li\u00e9e \u00e0 la fondation du Portugal et aux croisades contre les Maures. Cela leur a permis d&#039;obtenir des sites de choix de ch\u00e2teaux et de terres principalement situ\u00e9s autour de la <a href=\"..\/..\/product-tag\/tomar\/\">Tomar<\/a> R\u00e9gion. Malgr\u00e9 leur r\u00e9putation redoutable et aguerrie, les Templiers sont des hommes instruits, d\u00e9vou\u00e9s \u00e0 la protection des voyageurs et des p\u00e8lerins de toutes les religions, pas seulement des chr\u00e9tiens. Ils \u00e9taient de grands hommes d&#039;\u00c9tat, politiquement habiles, commer\u00e7ants \u00e9conomiques, et ils \u00e9taient apparemment alli\u00e9s \u00e0 la grande fraternit\u00e9 de marins qui avait cr\u00e9\u00e9 un empire commercial mondial \u00e0 l&#039;\u00e9poque ph\u00e9nicienne.<\/p>\n<p>&nbsp;<\/p>\n<p><strong>Lisbonne<\/strong><\/p>\n<p><a href=\"..\/..\/?s=Lisbon\">Lisbonne<\/a> est tant de choses sp\u00e9ciales; c&#039;est le bruit des tramways d&#039;\u00e9poque qui parcourent les rues pav\u00e9es, un m\u00e9lange de chansons de fado sinc\u00e8res, une galerie en plein air de <a href=\"..\/..\/product-category\/guided-group-tours\/portugal-guided-historical-holidays\/\">historique<\/a> patrimoine, un paradis pour les esprits libres, une surprise pour les acheteurs \u00e0 la mode et la \u00abville la plus cool du Portugal.<\/p>\n<div id=\"attachment_2511\" style=\"width: 1034px\" class=\"wp-caption alignnone\"><img loading=\"lazy\" decoding=\"async\" aria-describedby=\"caption-attachment-2511\" class=\"wp-image-2511 size-large\" title=\"Lisbonne, Monument des D\u00e9couvertes, \u00e9voque l&#039;expansion portugaise \u00e0 l&#039;\u00e9tranger.\" src=\"https:\/\/legendatours.net\/wp-content\/uploads\/2020\/03\/lisbon_monument_discoveries-1024x768.jpg\" alt=\"Lisbon, Monument to the Discoveries\" width=\"1024\" height=\"768\" \/><p id=\"caption-attachment-2511\" class=\"wp-caption-text\">Lisbonne, Monument des D\u00e9couvertes, \u00e9voque l&#039;expansion portugaise \u00e0 l&#039;\u00e9tranger.<\/p><\/div>\n<p>Impr\u00e9gn\u00e9e d&#039;histoire et de culture, cette \u00ab ville lumi\u00e8re \u00bb enchanteresse b\u00e9n\u00e9ficie d&#039;une luminosit\u00e9 naturelle et d&#039;un charme sans effort comme aucun autre dans le pays et est devenue une destination europ\u00e9enne populaire pour sa diversit\u00e9 passionnante, ses sites magnifiques et son climat ensoleill\u00e9 enviable.<\/p>\n<p>&nbsp;<\/p>\n<p><strong>Tomar<\/strong><\/p>\n<p>La ville spectaculaire de Tomar a \u00e9t\u00e9 nomm\u00e9e site du patrimoine mondial de l&#039;UNESCO et \u00e0 juste titre. Le Convento de Cristo ou Couvent du Christ a \u00e9t\u00e9 le si\u00e8ge des Templiers du Portugal pendant pr\u00e8s de 900 ans, d&#039;o\u00f9 leur influence s&#039;est \u00e9tendue \u00e0 travers l&#039;Europe. Il est contenu dans le site du Ch\u00e2teau qui date de 1160. Ce magnifique b\u00e2timent domine Tomar depuis la colline au-dessus de la ville.<\/p>\n<div id=\"attachment_3802\" style=\"width: 1034px\" class=\"wp-caption alignnone\"><img loading=\"lazy\" decoding=\"async\" aria-describedby=\"caption-attachment-3802\" class=\"wp-image-3802 size-large\" title=\"Rivi\u00e8re Tomar Nabao, la rivi\u00e8re embellit le centre historique et rafra\u00eechit le parc du Mouch\u00e3o.\" src=\"https:\/\/legendatours.net\/wp-content\/uploads\/2020\/09\/tomar_river_nabao-1024x576.jpg\" alt=\"Tomar River Nabao captivating scenery\" width=\"1024\" height=\"576\" \/><p id=\"caption-attachment-3802\" class=\"wp-caption-text\"><a href=\"..\/..\/product-tag\/river-nabao\/\">Rivi\u00e8re Nabao \u00e0 Tomar<\/a>, la rivi\u00e8re embellit le centre historique et rafra\u00eechit le parc du Mouch\u00e3o.<\/p><\/div>\n<p>Situ\u00e9 de part et d&#039;autre de la paisible rivi\u00e8re Nab\u00e3o, Tomar ainsi que ses environs abritent certains des monuments les plus importants et les plus magnifiques de tout le pays.<\/p>\n<p>Cette visite a \u00e9t\u00e9 con\u00e7ue pour les amateurs d&#039;histoire, de culture et de tradition. Vous visiterez certains des sites historiques les plus importants <a href=\"..\/..\/product-tag\/knights-templar\/\" target=\"_blank\" rel=\"noopener noreferrer\">Chevaliers templiers<\/a> emplacements dans le monde. Mais ce sera bien plus qu&#039;une simple visite de ch\u00e2teaux et d&#039;abbayes. Nous vous montrerons \u00e9galement la merveilleuse campagne et d\u00e9gusterons de la bonne nourriture et du bon vin !<\/p>\n<div class=\"row\" style=\"display: flex;\">\n<div class=\"column\" style=\"flex: 45%;\">\n<p><iframe loading=\"lazy\" title=\"DANS L&#039;HUMEUR POUR LISBONNE | Votre guide de voyage \u00e0 Lisbonne 2019 | Pourquoi j&#039;ai d\u00e9m\u00e9nag\u00e9 \u00e0 Lisbonne, Portugal \ud83c\uddf5\ud83c\uddf9\" width=\"1080\" height=\"608\" src=\"https:\/\/www.youtube.com\/embed\/Qv7CtN1mOlc?feature=oembed\" frameborder=\"0\" allow=\"accelerometer; autoplay; clipboard-write; encrypted-media; gyroscope; picture-in-picture\" allowfullscreen><\/iframe><\/p>\n<\/div>\n<div class=\"column\" style=\"flex: 10%;\"><\/div>\n<div class=\"column\" style=\"flex: 45%;\">\n<p><iframe loading=\"lazy\" title=\"Tomar Portugal\" width=\"1080\" height=\"608\" src=\"https:\/\/www.youtube.com\/embed\/l9gluh_m1S8?feature=oembed\" frameborder=\"0\" allow=\"accelerometer; autoplay; clipboard-write; encrypted-media; gyroscope; picture-in-picture\" allowfullscreen><\/iframe><\/p>\n<\/div>\n<\/div>","protected":false},"excerpt":{"rendered":"<p>Lisbonne et Tomar - l&#039;h\u00e9ritage des Templiers est une visite unique d&#039;une semaine \u00e0 pied et \u00e0 pied sur les traces des Templiers et de certaines des villes les plus fabuleuses du Portugal.<\/p>\n<p>Nous visiterons certains des sites les plus importants et historiques li\u00e9s \u00e0 cet ordre religieux, mais nous d\u00e9couvrirons \u00e9galement une campagne merveilleuse et d\u00e9gusterons de la bonne nourriture et du bon vin.<\/p>","protected":false},"featured_media":1738,"comment_status":"closed","ping_status":"closed","template":"","meta":{"_acf_changed":false,"inline_featured_image":false},"product_brand":[],"product_cat":[32,28,29,30,31],"product_tag":[181,182,183,403,184,185,186,187,188,189,48,91,190,131,156,157,158,191,159,50,192,134,193,53,194,195,196,197,137,138,139,198,199,200,201,202,203,61,204,205,206,344,207,208,70,209,1146,610,122,233,287],"class_list":{"0":"post-1750","1":"product","2":"type-product","3":"status-publish","4":"has-post-thumbnail","6":"product_cat-cultural-tours-and-holidays-in-portugal","7":"product_cat-guided-group-tours","8":"product_cat-portugal-guided-historical-holidays","9":"product_cat-guided-sightseeing-holidays-portugal","10":"product_cat-guided-walking-holidays-in-portugal","11":"product_tag-alcobaca-abbey","12":"product_tag-alm","13":"product_tag-ancient-villages-and-castles","14":"product_tag-beautiful-walk","15":"product_tag-castle","16":"product_tag-castle-of-almourol","17":"product_tag-charming-historical-towns","18":"product_tag-convent-of-christ","19":"product_tag-convento-de-cristo","20":"product_tag-grutas-de-mira-de-aire","21":"product_tag-guided-tours","22":"product_tag-guided-walking-tours","23":"product_tag-headquarters-of-the-knights-templar","24":"product_tag-heritage-in-lisbon","25":"product_tag-hiking","26":"product_tag-hiking-holidays","27":"product_tag-hiking-routes","28":"product_tag-hiking-tour","29":"product_tag-hiking-trails","30":"product_tag-historic","31":"product_tag-historic-buildings","32":"product_tag-historic-monuments-in-lisbon","33":"product_tag-historical-holidays","34":"product_tag-historical-monuments-in-lisbon","35":"product_tag-historical-templar-locations","36":"product_tag-history-and-heritage","37":"product_tag-hotel-dos-templarios","38":"product_tag-knights-templar","39":"product_tag-lisboa","40":"product_tag-lisbon","41":"product_tag-lisbon-holidays","42":"product_tag-mediaeval-warrior-monks","43":"product_tag-medieval-castle","44":"product_tag-medieval-castles","45":"product_tag-medieval-streets","46":"product_tag-medieval-times","47":"product_tag-order-of-the-knights-templar","48":"product_tag-private-group","49":"product_tag-ribatejo","50":"product_tag-river-nabao","51":"product_tag-templar-castle","52":"product_tag-templars-knights","53":"product_tag-tomar","54":"product_tag-traditional-villages","55":"product_tag-traditions","56":"product_tag-typical-quarters-of-lisbon","57":"product_tag-walking-sightseeing-tour","58":"product_tag-walking-experiences","59":"product_tag-walking-tours","60":"product_tag-world-heritage","61":"product_tag-world-heritage-sites","63":"first","64":"instock","65":"virtual","66":"product-type-simple"},"acf":[],"yoast_head":"<!-- This site is optimized with the Yoast SEO Premium plugin v26.8 (Yoast SEO v27.6) - https:\/\/yoast.com\/product\/yoast-seo-premium-wordpress\/ -->\n<title>Lisbon &amp; Tomar - The Knights Templars Heritage - Portugal Group Walking Holidays - Legendary Adventure DMC Portugal<\/title>\n<meta name=\"robots\" content=\"index, follow, max-snippet:-1, max-image-preview:large, max-video-preview:-1\" \/>\n<link rel=\"canonical\" href=\"https:\/\/legendatours.com\/fr\/produit\/lisbon-tomar-the-knights-templars-heritage-1401g\/\" \/>\n<meta property=\"og:locale\" content=\"fr_FR\" \/>\n<meta property=\"og:type\" content=\"article\" \/>\n<meta property=\"og:title\" content=\"Lisbon &amp; Tomar - The Knights Templars Heritage - Portugal Group Walking Holidays\" \/>\n<meta property=\"og:description\" content=\"Lisbon &amp; Tomar - the Knight\u2019s Templars heritage is a one-week unique walking and sightseeing tour on the trail of the Knights Templar and some of the most fabulous towns in Portugal.  We will visit some of the most important and historical sites connected with this religious order but also, experience marvellous countryside and enjoy great food and wine.\" \/>\n<meta property=\"og:url\" content=\"https:\/\/legendatours.com\/fr\/produit\/lisbon-tomar-the-knights-templars-heritage-1401g\/\" \/>\n<meta property=\"og:site_name\" content=\"Legendary Adventure DMC Portugal\" \/>\n<meta property=\"article:publisher\" content=\"https:\/\/www.facebook.com\/legendaryadventuredmc\/\" \/>\n<meta property=\"article:modified_time\" content=\"2022-02-21T11:19:35+00:00\" \/>\n<meta property=\"og:image\" content=\"https:\/\/legendatours.com\/wp-content\/uploads\/sites\/12\/2021\/04\/convento_templarios-e1611683499546.jpg\" \/>\n\t<meta property=\"og:image:width\" content=\"1024\" \/>\n\t<meta property=\"og:image:height\" content=\"683\" \/>\n\t<meta property=\"og:image:type\" content=\"image\/jpeg\" \/>\n<meta name=\"twitter:card\" content=\"summary_large_image\" \/>\n<meta name=\"twitter:label1\" content=\"Dur\u00e9e de lecture estim\u00e9e\" \/>\n\t<meta name=\"twitter:data1\" content=\"2 minutes\" \/>\n<script type=\"application\/ld+json\" class=\"yoast-schema-graph\">{\"@context\":\"https:\\\/\\\/schema.org\",\"@graph\":[{\"@type\":\"WebPage\",\"@id\":\"https:\\\/\\\/legendatours.com\\\/product\\\/lisbon-tomar-the-knights-templars-heritage-1401g\\\/\",\"url\":\"https:\\\/\\\/legendatours.com\\\/product\\\/lisbon-tomar-the-knights-templars-heritage-1401g\\\/\",\"name\":\"Lisbon &amp; Tomar - The Knights Templars Heritage - Portugal Group Walking Holidays - Legendary Adventure DMC Portugal\",\"isPartOf\":{\"@id\":\"https:\\\/\\\/legendatours.com\\\/#website\"},\"primaryImageOfPage\":{\"@id\":\"https:\\\/\\\/legendatours.com\\\/product\\\/lisbon-tomar-the-knights-templars-heritage-1401g\\\/#primaryimage\"},\"image\":{\"@id\":\"https:\\\/\\\/legendatours.com\\\/product\\\/lisbon-tomar-the-knights-templars-heritage-1401g\\\/#primaryimage\"},\"thumbnailUrl\":\"https:\\\/\\\/legendatours.com\\\/wp-content\\\/uploads\\\/sites\\\/12\\\/2021\\\/04\\\/convento_templarios-e1611683499546.jpg\",\"datePublished\":\"2020-09-09T10:03:49+00:00\",\"dateModified\":\"2022-02-21T11:19:35+00:00\",\"breadcrumb\":{\"@id\":\"https:\\\/\\\/legendatours.com\\\/product\\\/lisbon-tomar-the-knights-templars-heritage-1401g\\\/#breadcrumb\"},\"inLanguage\":\"fr-FR\",\"potentialAction\":[{\"@type\":\"ReadAction\",\"target\":[\"https:\\\/\\\/legendatours.com\\\/product\\\/lisbon-tomar-the-knights-templars-heritage-1401g\\\/\"]}]},{\"@type\":\"ImageObject\",\"inLanguage\":\"fr-FR\",\"@id\":\"https:\\\/\\\/legendatours.com\\\/product\\\/lisbon-tomar-the-knights-templars-heritage-1401g\\\/#primaryimage\",\"url\":\"https:\\\/\\\/legendatours.com\\\/wp-content\\\/uploads\\\/sites\\\/12\\\/2021\\\/04\\\/convento_templarios-e1611683499546.jpg\",\"contentUrl\":\"https:\\\/\\\/legendatours.com\\\/wp-content\\\/uploads\\\/sites\\\/12\\\/2021\\\/04\\\/convento_templarios-e1611683499546.jpg\",\"width\":1024,\"height\":683,\"caption\":\"Convento de Cristo Tomar\"},{\"@type\":\"BreadcrumbList\",\"@id\":\"https:\\\/\\\/legendatours.com\\\/product\\\/lisbon-tomar-the-knights-templars-heritage-1401g\\\/#breadcrumb\",\"itemListElement\":[{\"@type\":\"ListItem\",\"position\":1,\"name\":\"Home\",\"item\":\"https:\\\/\\\/legendatours.com\\\/\"},{\"@type\":\"ListItem\",\"position\":2,\"name\":\"Shop\",\"item\":\"https:\\\/\\\/legendatours.com\\\/sv\\\/?page_id=4\"},{\"@type\":\"ListItem\",\"position\":3,\"name\":\"Lisbon &amp; Tomar &#8211; The Knights Templars Heritage &#8211; Portugal Group Walking Holidays\"}]},{\"@type\":\"WebSite\",\"@id\":\"https:\\\/\\\/legendatours.com\\\/#website\",\"url\":\"https:\\\/\\\/legendatours.com\\\/\",\"name\":\"Legendary Adventure DMC Portugal\",\"description\":\"Responsible Walking &amp; Nature Holidays in Portugal\",\"publisher\":{\"@id\":\"https:\\\/\\\/legendatours.com\\\/#organization\"},\"alternateName\":\"Legendary Adventure Portugal\",\"potentialAction\":[{\"@type\":\"SearchAction\",\"target\":{\"@type\":\"EntryPoint\",\"urlTemplate\":\"https:\\\/\\\/legendatours.com\\\/?s={search_term_string}\"},\"query-input\":{\"@type\":\"PropertyValueSpecification\",\"valueRequired\":true,\"valueName\":\"search_term_string\"}}],\"inLanguage\":\"fr-FR\"},{\"@type\":\"Organization\",\"@id\":\"https:\\\/\\\/legendatours.com\\\/#organization\",\"name\":\"legendatours.com\",\"url\":\"https:\\\/\\\/legendatours.com\\\/\",\"logo\":{\"@type\":\"ImageObject\",\"inLanguage\":\"fr-FR\",\"@id\":\"https:\\\/\\\/legendatours.com\\\/#\\\/schema\\\/logo\\\/image\\\/\",\"url\":\"https:\\\/\\\/legendatours.com\\\/wp-content\\\/uploads\\\/sites\\\/12\\\/2021\\\/06\\\/legendary_adventure_dmc.png\",\"contentUrl\":\"https:\\\/\\\/legendatours.com\\\/wp-content\\\/uploads\\\/sites\\\/12\\\/2021\\\/06\\\/legendary_adventure_dmc.png\",\"width\":250,\"height\":74,\"caption\":\"legendatours.com\"},\"image\":{\"@id\":\"https:\\\/\\\/legendatours.com\\\/#\\\/schema\\\/logo\\\/image\\\/\"},\"sameAs\":[\"https:\\\/\\\/www.facebook.com\\\/legendaryadventuredmc\\\/\",\"https:\\\/\\\/www.linkedin.com\\\/company\\\/legendary-adventure-dmc-portugal\",\"https:\\\/\\\/www.youtube.com\\\/channel\\\/UCOIRDx_KM6ynIcacQkZjb6g\"]}]}<\/script>\n<!-- \/ Yoast SEO Premium plugin. -->","yoast_head_json":{"title":"Lisbonne et Tomar - Le patrimoine des Templiers - Portugal Vacances \u00e0 pied en groupe - Aventure l\u00e9gendaire DMC Portugal","robots":{"index":"index","follow":"follow","max-snippet":"max-snippet:-1","max-image-preview":"max-image-preview:large","max-video-preview":"max-video-preview:-1"},"canonical":"https:\/\/legendatours.com\/fr\/produit\/lisbon-tomar-the-knights-templars-heritage-1401g\/","og_locale":"fr_FR","og_type":"article","og_title":"Lisbon &amp; Tomar - The Knights Templars Heritage - Portugal Group Walking Holidays","og_description":"Lisbon &amp; Tomar - the Knight\u2019s Templars heritage is a one-week unique walking and sightseeing tour on the trail of the Knights Templar and some of the most fabulous towns in Portugal.  We will visit some of the most important and historical sites connected with this religious order but also, experience marvellous countryside and enjoy great food and wine.","og_url":"https:\/\/legendatours.com\/fr\/produit\/lisbon-tomar-the-knights-templars-heritage-1401g\/","og_site_name":"Legendary Adventure DMC Portugal","article_publisher":"https:\/\/www.facebook.com\/legendaryadventuredmc\/","article_modified_time":"2022-02-21T11:19:35+00:00","og_image":[{"width":1024,"height":683,"url":"https:\/\/legendatours.com\/wp-content\/uploads\/sites\/12\/2021\/04\/convento_templarios-e1611683499546.jpg","type":"image\/jpeg"}],"twitter_card":"summary_large_image","twitter_misc":{"Dur\u00e9e de lecture estim\u00e9e":"2 minutes"},"schema":{"@context":"https:\/\/schema.org","@graph":[{"@type":"WebPage","@id":"https:\/\/legendatours.com\/product\/lisbon-tomar-the-knights-templars-heritage-1401g\/","url":"https:\/\/legendatours.com\/product\/lisbon-tomar-the-knights-templars-heritage-1401g\/","name":"Lisbonne et Tomar - Le patrimoine des Templiers - Portugal Vacances \u00e0 pied en groupe - Aventure l\u00e9gendaire DMC Portugal","isPartOf":{"@id":"https:\/\/legendatours.com\/#website"},"primaryImageOfPage":{"@id":"https:\/\/legendatours.com\/product\/lisbon-tomar-the-knights-templars-heritage-1401g\/#primaryimage"},"image":{"@id":"https:\/\/legendatours.com\/product\/lisbon-tomar-the-knights-templars-heritage-1401g\/#primaryimage"},"thumbnailUrl":"https:\/\/legendatours.com\/wp-content\/uploads\/sites\/12\/2021\/04\/convento_templarios-e1611683499546.jpg","datePublished":"2020-09-09T10:03:49+00:00","dateModified":"2022-02-21T11:19:35+00:00","breadcrumb":{"@id":"https:\/\/legendatours.com\/product\/lisbon-tomar-the-knights-templars-heritage-1401g\/#breadcrumb"},"inLanguage":"fr-FR","potentialAction":[{"@type":"ReadAction","target":["https:\/\/legendatours.com\/product\/lisbon-tomar-the-knights-templars-heritage-1401g\/"]}]},{"@type":"ImageObject","inLanguage":"fr-FR","@id":"https:\/\/legendatours.com\/product\/lisbon-tomar-the-knights-templars-heritage-1401g\/#primaryimage","url":"https:\/\/legendatours.com\/wp-content\/uploads\/sites\/12\/2021\/04\/convento_templarios-e1611683499546.jpg","contentUrl":"https:\/\/legendatours.com\/wp-content\/uploads\/sites\/12\/2021\/04\/convento_templarios-e1611683499546.jpg","width":1024,"height":683,"caption":"Convento de Cristo Tomar"},{"@type":"BreadcrumbList","@id":"https:\/\/legendatours.com\/product\/lisbon-tomar-the-knights-templars-heritage-1401g\/#breadcrumb","itemListElement":[{"@type":"ListItem","position":1,"name":"Home","item":"https:\/\/legendatours.com\/"},{"@type":"ListItem","position":2,"name":"Shop","item":"https:\/\/legendatours.com\/sv\/?page_id=4"},{"@type":"ListItem","position":3,"name":"Lisbon &amp; Tomar &#8211; The Knights Templars Heritage &#8211; Portugal Group Walking Holidays"}]},{"@type":"WebSite","@id":"https:\/\/legendatours.com\/#website","url":"https:\/\/legendatours.com\/","name":"Aventure l\u00e9gendaire DMC Portugal","description":"Randonn\u00e9es responsables et vacances nature au Portugal","publisher":{"@id":"https:\/\/legendatours.com\/#organization"},"alternateName":"Legendary Adventure Portugal","potentialAction":[{"@type":"SearchAction","target":{"@type":"EntryPoint","urlTemplate":"https:\/\/legendatours.com\/?s={search_term_string}"},"query-input":{"@type":"PropertyValueSpecification","valueRequired":true,"valueName":"search_term_string"}}],"inLanguage":"fr-FR"},{"@type":"Organization","@id":"https:\/\/legendatours.com\/#organization","name":"legendatours.com","url":"https:\/\/legendatours.com\/","logo":{"@type":"ImageObject","inLanguage":"fr-FR","@id":"https:\/\/legendatours.com\/#\/schema\/logo\/image\/","url":"https:\/\/legendatours.com\/wp-content\/uploads\/sites\/12\/2021\/06\/legendary_adventure_dmc.png","contentUrl":"https:\/\/legendatours.com\/wp-content\/uploads\/sites\/12\/2021\/06\/legendary_adventure_dmc.png","width":250,"height":74,"caption":"legendatours.com"},"image":{"@id":"https:\/\/legendatours.com\/#\/schema\/logo\/image\/"},"sameAs":["https:\/\/www.facebook.com\/legendaryadventuredmc\/","https:\/\/www.linkedin.com\/company\/legendary-adventure-dmc-portugal","https:\/\/www.youtube.com\/channel\/UCOIRDx_KM6ynIcacQkZjb6g"]}]}},"_links":{"self":[{"href":"https:\/\/legendatours.com\/fr\/wp-json\/wp\/v2\/product\/1750","targetHints":{"allow":["GET"]}}],"collection":[{"href":"https:\/\/legendatours.com\/fr\/wp-json\/wp\/v2\/product"}],"about":[{"href":"https:\/\/legendatours.com\/fr\/wp-json\/wp\/v2\/types\/product"}],"replies":[{"embeddable":true,"href":"https:\/\/legendatours.com\/fr\/wp-json\/wp\/v2\/comments?post=1750"}],"wp:featuredmedia":[{"embeddable":true,"href":"https:\/\/legendatours.com\/fr\/wp-json\/wp\/v2\/media\/1738"}],"wp:attachment":[{"href":"https:\/\/legendatours.com\/fr\/wp-json\/wp\/v2\/media?parent=1750"}],"wp:term":[{"taxonomy":"product_brand","embeddable":true,"href":"https:\/\/legendatours.com\/fr\/wp-json\/wp\/v2\/product_brand?post=1750"},{"taxonomy":"product_cat","embeddable":true,"href":"https:\/\/legendatours.com\/fr\/wp-json\/wp\/v2\/product_cat?post=1750"},{"taxonomy":"product_tag","embeddable":true,"href":"https:\/\/legendatours.com\/fr\/wp-json\/wp\/v2\/product_tag?post=1750"}],"curies":[{"name":"wp","href":"https:\/\/api.w.org\/{rel}","templated":true}]}}