{"id":1769,"date":"2020-08-12T09:30:03","date_gmt":"2020-08-12T09:30:03","guid":{"rendered":"https:\/\/legendatours.com\/product\/walk-and-explore-northern-portugals-culture-heritage-nature\/"},"modified":"2021-09-17T12:33:19","modified_gmt":"2021-09-17T12:33:19","slug":"explore-northern-portugals-culture-heritage-nature-10700g","status":"publish","type":"product","link":"https:\/\/legendatours.com\/fr\/produit\/explore-northern-portugals-culture-heritage-nature-10700g\/","title":{"rendered":"Marchez et explorez la culture, le patrimoine et la nature du nord du Portugal"},"content":{"rendered":"<p><strong>Groupes accept\u00e9s avec un minimum de 6 personnes.<\/strong><\/p>\n<p>&nbsp;<\/p>\n<p>Le nord du Portugal pr\u00e9sente une combinaison attrayante de charmantes villes historiques, de villages endormis, d&#039;une campagne luxuriante et d&#039;un littoral \u00e9tendu et sauvage.<br \/>\nCette visite guid\u00e9e est bas\u00e9e dans deux charmantes villes de la r\u00e9gion du Minho : Viana do Castelo, connue comme la \u00ab Perle du Nord \u00bb, et Guimar\u00e3es, connue comme le berceau du Portugal.<\/p>\n<p>Viana do Castelo est nich\u00e9e \u00e0 l&#039;embouchure de la rivi\u00e8re Lima, sur la C\u00f4te Verte. C&#039;est une ville baln\u00e9aire avec de somptueux \u00e9difices manu\u00e9lins et baroques, couronn\u00e9s par la basilique de Santa Luzia, d&#039;o\u00f9 vous aurez une vue imprenable. Le funiculaire le plus long du Portugal nous y conduira.<\/p>\n<div id=\"attachment_2774\" style=\"width: 1034px\" class=\"wp-caption alignnone\"><img loading=\"lazy\" decoding=\"async\" aria-describedby=\"caption-attachment-2774\" class=\"wp-image-2774 size-large\" title=\"Ponte de Lima, est la plus ancienne ville du Portugal, situ\u00e9e \u00e0 c\u00f4t\u00e9 des eaux tranquilles de la rivi\u00e8re Lima\" src=\"https:\/\/legendatours.net\/wp-content\/uploads\/2020\/07\/ponte_de_lima-1024x576.jpg\" alt=\"Ponte de Lima, is the oldest town in Portugal, sited beside the tranquil waters of the river Lima\" width=\"1024\" height=\"576\" \/><p id=\"caption-attachment-2774\" class=\"wp-caption-text\"><a href=\"..\/..\/?s=Ponte+de+Lima\" target=\"_blank\" rel=\"noopener\">Pont de Lima<\/a>\u00a0est la plus ancienne ville du Portugal, situ\u00e9e au bord des eaux tranquilles de la rivi\u00e8re Lima<\/p><\/div>\n<p>Le charmant centre m\u00e9di\u00e9val aux rues \u00e9troites et sinueuses abrite des \u00e9glises, des b\u00e2timents impressionnants et d&#039;anciens manoirs. Les traditions et la culture charismatiques de la ville sont pr\u00e9sentes dans les arts et l&#039;artisanat color\u00e9s et dans les bijoux en filigrane d&#039;or.<\/p>\n<p>De l\u00e0, nous nous dirigeons vers Vila Praia de \u00c2ncora, dans un paysage de plages sauvages, avec des \u00e9tendues de sable sans fin soutenues par des dunes et des for\u00eats de pins.<\/p>\n<p>Caminha, \u00e0 un pas de la c\u00f4te espagnole, est visible de l&#039;autre c\u00f4t\u00e9 du fleuve Minho avec la colline de Santa Tecla qui regarde en arri\u00e8re. Les maisons traditionnelles aux murs de pierre et les places fleuries de Caminha seront un r\u00e9gal !<\/p>\n<p>Braga est une ville ancienne - \u00e9tait un bastion de l&#039;empire romain - avec des b\u00e2timents baroques et la chaleur d&#039;une petite ville. La ville a une r\u00e9putation de destination religieuse, avec ses pr\u00e8s de quatre douzaines de lieux de culte, comme l&#039;escalier monumental et le sanctuaire Bom Jesus de Braga, que nous aurons l&#039;occasion de visiter. La grande population \u00e9tudiante donne \u00e0 Braga une ambiance \u00e9clectique, donnant vie aux vieilles rues pav\u00e9es.<\/p>\n<p>Nous transf\u00e9rons ensuite \u00e0 Guimar\u00e3es, connue comme le berceau du Portugal. La ville poss\u00e8de un centre m\u00e9di\u00e9val bien conserv\u00e9, inscrit au patrimoine de l&#039;Unesco. C&#039;est un enchev\u00eatrement pittoresque de ruelles et de places, avec des chapelles, des \u00e9glises, un palais du XVe si\u00e8cle et un ch\u00e2teau vieux de 1000 ans.<\/p>\n<div id=\"attachment_2558\" style=\"width: 1034px\" class=\"wp-caption alignnone\"><img loading=\"lazy\" decoding=\"async\" aria-describedby=\"caption-attachment-2558\" class=\"wp-image-2558 size-large\" title=\"Chapelle de Saint Fran\u00e7ois \u00e0 Guimar\u00e3es\" src=\"https:\/\/legendatours.net\/wp-content\/uploads\/2020\/06\/Chapel_Saint_Francis-1024x576.jpg\" alt=\"Chapel of Saint Francis in Guimar\u00e3es\" width=\"1024\" height=\"576\" \/><p id=\"caption-attachment-2558\" class=\"wp-caption-text\">Chapelle Saint Fran\u00e7ois \u00e0 <a href=\"..\/..\/?s=Guimar\u00e3es\" target=\"_blank\" rel=\"noopener\">Guimar\u00e3es<\/a><\/p><\/div>\n<p>Nous aurons la chance de gravir les collines verdoyantes entourant la ville pour visiter Senhora da Penha, un lieu de p\u00e8lerinage accessible par des chemins \u00e9troits, perch\u00e9 entre de gros rochers de granit.<\/p>\n<p>Fafe sera une autre \u00e9tape, une ville historique b\u00e9nie par la proximit\u00e9 des rivi\u00e8res Vizela et Ferro.<\/p>\n<p>En plus de tout cela, nous aurons l&#039;une des meilleures cuisines du Portugal ! La r\u00e9gion du Minho propose des plats app\u00e9tissants, du poisson tout droit sorti de la mer aux plats de viande terreux et de nombreux autres d\u00e9lices savoureux. Pour les vins, essayez les rafra\u00eechissants et estivaux <a href=\"..\/..\/?s=Vinho+Verde\">Vinho Verde<\/a>!<\/p>\n<div class=\"row\" style=\"display: flex;\">\n<div class=\"column\" style=\"flex: 45%;\">\n<p><iframe loading=\"lazy\" title=\"&quot;Portugal Attendez-vous \u00e0 l&#039;inattendu - Viana do Castelo&quot;\" width=\"1080\" height=\"608\" src=\"https:\/\/www.youtube.com\/embed\/zqKfGVdQ-wo?feature=oembed\" frameborder=\"0\" allow=\"accelerometer; autoplay; clipboard-write; encrypted-media; gyroscope; picture-in-picture\" allowfullscreen><\/iframe><\/p>\n<\/div>\n<div class=\"column\" style=\"flex: 10%;\"><\/div>\n<div class=\"column\" style=\"flex: 45%;\">\n<p><iframe loading=\"lazy\" title=\"Turismo do Porto e Norte de Portugal Touring Cultural e Paisag\u00edstico\" width=\"1080\" height=\"608\" src=\"https:\/\/www.youtube.com\/embed\/79Lez0GoHqI?feature=oembed\" frameborder=\"0\" allow=\"accelerometer; autoplay; clipboard-write; encrypted-media; gyroscope; picture-in-picture\" allowfullscreen><\/iframe><\/p>\n<\/div>\n<\/div>","protected":false},"excerpt":{"rendered":"<p>Le nord du Portugal pr\u00e9sente une combinaison attrayante de charmantes villes historiques, de villages endormis, d&#039;une campagne luxuriante et d&#039;un littoral \u00e9tendu et sauvage.<\/p>\n<p>Cette visite guid\u00e9e est bas\u00e9e dans deux charmantes villes de la r\u00e9gion du Minho : Viana do Castelo, connue comme la \u00ab Perle du Nord \u00bb, et Guimar\u00e3es, connue comme le berceau du Portugal.<\/p>","protected":false},"featured_media":1762,"comment_status":"closed","ping_status":"closed","template":"","meta":{"_acf_changed":false,"inline_featured_image":false},"product_brand":[],"product_cat":[32,28,29,30],"product_tag":[212,234,403,235,236,237,238,239,36,214,41,603,240,89,48,90,91,117,217,192,241,94,242,243,95,199,201,244,221,245,224,100,162,272,246,1127,247,106,248,407,227,249,228,66,250,171,251,71,230,252,233],"class_list":{"0":"post-1769","1":"product","2":"type-product","3":"status-publish","4":"has-post-thumbnail","6":"product_cat-cultural-tours-and-holidays-in-portugal","7":"product_cat-guided-group-tours","8":"product_cat-portugal-guided-historical-holidays","9":"product_cat-guided-sightseeing-holidays-portugal","10":"product_tag-ancient-buildings","11":"product_tag-baroque-buildings","12":"product_tag-beautiful-walk","13":"product_tag-best-of-portugal","14":"product_tag-birthplace-of-portugal","15":"product_tag-bom-jesus-de-braga","16":"product_tag-braga","17":"product_tag-caminha","18":"product_tag-cultural-heritage","19":"product_tag-culture","20":"product_tag-escorted-tour","21":"product_tag-fantastic-itinerary-of-walks","22":"product_tag-green-coast","23":"product_tag-guided-group-tour","24":"product_tag-guided-tours","25":"product_tag-guided-walking-holidays","26":"product_tag-guided-walking-tours","27":"product_tag-guimaraes","28":"product_tag-heritage","29":"product_tag-historic-buildings","30":"product_tag-historic-cities","31":"product_tag-landscape","32":"product_tag-longest-funicular-in-portugal","33":"product_tag-lush-countryside","34":"product_tag-magnificent-landscape","35":"product_tag-medieval-castle","36":"product_tag-medieval-streets","37":"product_tag-minho","38":"product_tag-minho-region-portugal","39":"product_tag-narrow-winding-streets","40":"product_tag-nature","41":"product_tag-nature-holidays","42":"product_tag-nature-walks","43":"product_tag-north-of-portugal","44":"product_tag-northern-portugal","45":"product_tag-northern-portugals","46":"product_tag-pearl-of-the-north","47":"product_tag-picturesque-landscapes","48":"product_tag-port","49":"product_tag-portugal-perfect-walking-holiday","50":"product_tag-private-groups","51":"product_tag-santa-tecla","52":"product_tag-sightseeing","53":"product_tag-sightseeing-tour","54":"product_tag-sleepy-villages","55":"product_tag-small-group","56":"product_tag-stone-walled-houses","57":"product_tag-unesco-world-heritage-site","58":"product_tag-viana-do-castelo","59":"product_tag-vila-praia-de-ancora","60":"product_tag-world-heritage","62":"first","63":"instock","64":"virtual","65":"product-type-simple"},"acf":[],"yoast_head":"<!-- This site is optimized with the Yoast SEO Premium plugin v26.8 (Yoast SEO v27.4) - https:\/\/yoast.com\/product\/yoast-seo-premium-wordpress\/ -->\n<title>Walk and Explore Northern Portugal&#039;s Culture, Heritage &amp; Nature - Legendary Adventure DMC Portugal<\/title>\n<meta name=\"robots\" content=\"index, follow, max-snippet:-1, max-image-preview:large, max-video-preview:-1\" \/>\n<link rel=\"canonical\" href=\"https:\/\/legendatours.com\/fr\/produit\/explore-northern-portugals-culture-heritage-nature-10700g\/\" \/>\n<meta property=\"og:locale\" content=\"fr_FR\" \/>\n<meta property=\"og:type\" content=\"article\" \/>\n<meta property=\"og:title\" content=\"Walk and Explore Northern Portugal&#039;s Culture, Heritage &amp; Nature\" \/>\n<meta property=\"og:description\" content=\"The North of Portugal features an appealing combination of charming historic cities, sleepy villages, lush countryside, and an extensive and wild coastline.  This escorted tour is based in two lovely cities of the Minho region: Viana do Castelo, known as the &quot;Pearl of the North&quot;, and Guimar\u00e3es, known as the birthplace of Portugal.\" \/>\n<meta property=\"og:url\" content=\"https:\/\/legendatours.com\/fr\/produit\/explore-northern-portugals-culture-heritage-nature-10700g\/\" \/>\n<meta property=\"og:site_name\" content=\"Legendary Adventure DMC Portugal\" \/>\n<meta property=\"article:publisher\" content=\"https:\/\/www.facebook.com\/legendaryadventuredmc\/\" \/>\n<meta property=\"article:modified_time\" content=\"2021-09-17T12:33:19+00:00\" \/>\n<meta property=\"og:image\" content=\"https:\/\/legendatours.com\/wp-content\/uploads\/sites\/12\/2021\/04\/guimaraes.jpg\" \/>\n\t<meta property=\"og:image:width\" content=\"1200\" \/>\n\t<meta property=\"og:image:height\" content=\"798\" \/>\n\t<meta property=\"og:image:type\" content=\"image\/jpeg\" \/>\n<meta name=\"twitter:card\" content=\"summary_large_image\" \/>\n<meta name=\"twitter:label1\" content=\"Dur\u00e9e de lecture estim\u00e9e\" \/>\n\t<meta name=\"twitter:data1\" content=\"2 minutes\" \/>\n<script type=\"application\/ld+json\" class=\"yoast-schema-graph\">{\"@context\":\"https:\\\/\\\/schema.org\",\"@graph\":[{\"@type\":\"WebPage\",\"@id\":\"https:\\\/\\\/legendatours.com\\\/product\\\/explore-northern-portugals-culture-heritage-nature-10700g\\\/\",\"url\":\"https:\\\/\\\/legendatours.com\\\/product\\\/explore-northern-portugals-culture-heritage-nature-10700g\\\/\",\"name\":\"Walk and Explore Northern Portugal's Culture, Heritage &amp; Nature - Legendary Adventure DMC Portugal\",\"isPartOf\":{\"@id\":\"https:\\\/\\\/legendatours.com\\\/#website\"},\"primaryImageOfPage\":{\"@id\":\"https:\\\/\\\/legendatours.com\\\/product\\\/explore-northern-portugals-culture-heritage-nature-10700g\\\/#primaryimage\"},\"image\":{\"@id\":\"https:\\\/\\\/legendatours.com\\\/product\\\/explore-northern-portugals-culture-heritage-nature-10700g\\\/#primaryimage\"},\"thumbnailUrl\":\"https:\\\/\\\/legendatours.com\\\/wp-content\\\/uploads\\\/sites\\\/12\\\/2021\\\/04\\\/guimaraes.jpg\",\"datePublished\":\"2020-08-12T09:30:03+00:00\",\"dateModified\":\"2021-09-17T12:33:19+00:00\",\"breadcrumb\":{\"@id\":\"https:\\\/\\\/legendatours.com\\\/product\\\/explore-northern-portugals-culture-heritage-nature-10700g\\\/#breadcrumb\"},\"inLanguage\":\"fr-FR\",\"potentialAction\":[{\"@type\":\"ReadAction\",\"target\":[\"https:\\\/\\\/legendatours.com\\\/product\\\/explore-northern-portugals-culture-heritage-nature-10700g\\\/\"]}]},{\"@type\":\"ImageObject\",\"inLanguage\":\"fr-FR\",\"@id\":\"https:\\\/\\\/legendatours.com\\\/product\\\/explore-northern-portugals-culture-heritage-nature-10700g\\\/#primaryimage\",\"url\":\"https:\\\/\\\/legendatours.com\\\/wp-content\\\/uploads\\\/sites\\\/12\\\/2021\\\/04\\\/guimaraes.jpg\",\"contentUrl\":\"https:\\\/\\\/legendatours.com\\\/wp-content\\\/uploads\\\/sites\\\/12\\\/2021\\\/04\\\/guimaraes.jpg\",\"width\":1200,\"height\":798,\"caption\":\"Guimar\u00e3es city center\"},{\"@type\":\"BreadcrumbList\",\"@id\":\"https:\\\/\\\/legendatours.com\\\/product\\\/explore-northern-portugals-culture-heritage-nature-10700g\\\/#breadcrumb\",\"itemListElement\":[{\"@type\":\"ListItem\",\"position\":1,\"name\":\"Home\",\"item\":\"https:\\\/\\\/legendatours.com\\\/\"},{\"@type\":\"ListItem\",\"position\":2,\"name\":\"Shop\",\"item\":\"https:\\\/\\\/legendatours.com\\\/sv\\\/?page_id=4\"},{\"@type\":\"ListItem\",\"position\":3,\"name\":\"Walk and Explore Northern Portugal&#8217;s Culture, Heritage &amp; Nature\"}]},{\"@type\":\"WebSite\",\"@id\":\"https:\\\/\\\/legendatours.com\\\/#website\",\"url\":\"https:\\\/\\\/legendatours.com\\\/\",\"name\":\"Legendary Adventure DMC Portugal\",\"description\":\"Responsible Walking &amp; Nature Holidays in Portugal\",\"publisher\":{\"@id\":\"https:\\\/\\\/legendatours.com\\\/#organization\"},\"alternateName\":\"Legendary Adventure Portugal\",\"potentialAction\":[{\"@type\":\"SearchAction\",\"target\":{\"@type\":\"EntryPoint\",\"urlTemplate\":\"https:\\\/\\\/legendatours.com\\\/?s={search_term_string}\"},\"query-input\":{\"@type\":\"PropertyValueSpecification\",\"valueRequired\":true,\"valueName\":\"search_term_string\"}}],\"inLanguage\":\"fr-FR\"},{\"@type\":\"Organization\",\"@id\":\"https:\\\/\\\/legendatours.com\\\/#organization\",\"name\":\"legendatours.com\",\"url\":\"https:\\\/\\\/legendatours.com\\\/\",\"logo\":{\"@type\":\"ImageObject\",\"inLanguage\":\"fr-FR\",\"@id\":\"https:\\\/\\\/legendatours.com\\\/#\\\/schema\\\/logo\\\/image\\\/\",\"url\":\"https:\\\/\\\/legendatours.com\\\/wp-content\\\/uploads\\\/sites\\\/12\\\/2021\\\/06\\\/legendary_adventure_dmc.png\",\"contentUrl\":\"https:\\\/\\\/legendatours.com\\\/wp-content\\\/uploads\\\/sites\\\/12\\\/2021\\\/06\\\/legendary_adventure_dmc.png\",\"width\":250,\"height\":74,\"caption\":\"legendatours.com\"},\"image\":{\"@id\":\"https:\\\/\\\/legendatours.com\\\/#\\\/schema\\\/logo\\\/image\\\/\"},\"sameAs\":[\"https:\\\/\\\/www.facebook.com\\\/legendaryadventuredmc\\\/\",\"https:\\\/\\\/www.linkedin.com\\\/company\\\/legendary-adventure-dmc-portugal\",\"https:\\\/\\\/www.youtube.com\\\/channel\\\/UCOIRDx_KM6ynIcacQkZjb6g\"]}]}<\/script>\n<!-- \/ Yoast SEO Premium plugin. -->","yoast_head_json":{"title":"Marchez et explorez la culture, le patrimoine et la nature du nord du Portugal - Aventure l\u00e9gendaire DMC Portugal","robots":{"index":"index","follow":"follow","max-snippet":"max-snippet:-1","max-image-preview":"max-image-preview:large","max-video-preview":"max-video-preview:-1"},"canonical":"https:\/\/legendatours.com\/fr\/produit\/explore-northern-portugals-culture-heritage-nature-10700g\/","og_locale":"fr_FR","og_type":"article","og_title":"Walk and Explore Northern Portugal's Culture, Heritage &amp; Nature","og_description":"The North of Portugal features an appealing combination of charming historic cities, sleepy villages, lush countryside, and an extensive and wild coastline.  This escorted tour is based in two lovely cities of the Minho region: Viana do Castelo, known as the \"Pearl of the North\", and Guimar\u00e3es, known as the birthplace of Portugal.","og_url":"https:\/\/legendatours.com\/fr\/produit\/explore-northern-portugals-culture-heritage-nature-10700g\/","og_site_name":"Legendary Adventure DMC Portugal","article_publisher":"https:\/\/www.facebook.com\/legendaryadventuredmc\/","article_modified_time":"2021-09-17T12:33:19+00:00","og_image":[{"width":1200,"height":798,"url":"https:\/\/legendatours.com\/wp-content\/uploads\/sites\/12\/2021\/04\/guimaraes.jpg","type":"image\/jpeg"}],"twitter_card":"summary_large_image","twitter_misc":{"Dur\u00e9e de lecture estim\u00e9e":"2 minutes"},"schema":{"@context":"https:\/\/schema.org","@graph":[{"@type":"WebPage","@id":"https:\/\/legendatours.com\/product\/explore-northern-portugals-culture-heritage-nature-10700g\/","url":"https:\/\/legendatours.com\/product\/explore-northern-portugals-culture-heritage-nature-10700g\/","name":"Marchez et explorez la culture, le patrimoine et la nature du nord du Portugal - Aventure l\u00e9gendaire DMC Portugal","isPartOf":{"@id":"https:\/\/legendatours.com\/#website"},"primaryImageOfPage":{"@id":"https:\/\/legendatours.com\/product\/explore-northern-portugals-culture-heritage-nature-10700g\/#primaryimage"},"image":{"@id":"https:\/\/legendatours.com\/product\/explore-northern-portugals-culture-heritage-nature-10700g\/#primaryimage"},"thumbnailUrl":"https:\/\/legendatours.com\/wp-content\/uploads\/sites\/12\/2021\/04\/guimaraes.jpg","datePublished":"2020-08-12T09:30:03+00:00","dateModified":"2021-09-17T12:33:19+00:00","breadcrumb":{"@id":"https:\/\/legendatours.com\/product\/explore-northern-portugals-culture-heritage-nature-10700g\/#breadcrumb"},"inLanguage":"fr-FR","potentialAction":[{"@type":"ReadAction","target":["https:\/\/legendatours.com\/product\/explore-northern-portugals-culture-heritage-nature-10700g\/"]}]},{"@type":"ImageObject","inLanguage":"fr-FR","@id":"https:\/\/legendatours.com\/product\/explore-northern-portugals-culture-heritage-nature-10700g\/#primaryimage","url":"https:\/\/legendatours.com\/wp-content\/uploads\/sites\/12\/2021\/04\/guimaraes.jpg","contentUrl":"https:\/\/legendatours.com\/wp-content\/uploads\/sites\/12\/2021\/04\/guimaraes.jpg","width":1200,"height":798,"caption":"Guimar\u00e3es city center"},{"@type":"BreadcrumbList","@id":"https:\/\/legendatours.com\/product\/explore-northern-portugals-culture-heritage-nature-10700g\/#breadcrumb","itemListElement":[{"@type":"ListItem","position":1,"name":"Home","item":"https:\/\/legendatours.com\/"},{"@type":"ListItem","position":2,"name":"Shop","item":"https:\/\/legendatours.com\/sv\/?page_id=4"},{"@type":"ListItem","position":3,"name":"Walk and Explore Northern Portugal&#8217;s Culture, Heritage &amp; Nature"}]},{"@type":"WebSite","@id":"https:\/\/legendatours.com\/#website","url":"https:\/\/legendatours.com\/","name":"Aventure l\u00e9gendaire DMC Portugal","description":"Randonn\u00e9es responsables et vacances nature au Portugal","publisher":{"@id":"https:\/\/legendatours.com\/#organization"},"alternateName":"Legendary Adventure Portugal","potentialAction":[{"@type":"SearchAction","target":{"@type":"EntryPoint","urlTemplate":"https:\/\/legendatours.com\/?s={search_term_string}"},"query-input":{"@type":"PropertyValueSpecification","valueRequired":true,"valueName":"search_term_string"}}],"inLanguage":"fr-FR"},{"@type":"Organization","@id":"https:\/\/legendatours.com\/#organization","name":"legendatours.com","url":"https:\/\/legendatours.com\/","logo":{"@type":"ImageObject","inLanguage":"fr-FR","@id":"https:\/\/legendatours.com\/#\/schema\/logo\/image\/","url":"https:\/\/legendatours.com\/wp-content\/uploads\/sites\/12\/2021\/06\/legendary_adventure_dmc.png","contentUrl":"https:\/\/legendatours.com\/wp-content\/uploads\/sites\/12\/2021\/06\/legendary_adventure_dmc.png","width":250,"height":74,"caption":"legendatours.com"},"image":{"@id":"https:\/\/legendatours.com\/#\/schema\/logo\/image\/"},"sameAs":["https:\/\/www.facebook.com\/legendaryadventuredmc\/","https:\/\/www.linkedin.com\/company\/legendary-adventure-dmc-portugal","https:\/\/www.youtube.com\/channel\/UCOIRDx_KM6ynIcacQkZjb6g"]}]}},"_links":{"self":[{"href":"https:\/\/legendatours.com\/fr\/wp-json\/wp\/v2\/product\/1769","targetHints":{"allow":["GET"]}}],"collection":[{"href":"https:\/\/legendatours.com\/fr\/wp-json\/wp\/v2\/product"}],"about":[{"href":"https:\/\/legendatours.com\/fr\/wp-json\/wp\/v2\/types\/product"}],"replies":[{"embeddable":true,"href":"https:\/\/legendatours.com\/fr\/wp-json\/wp\/v2\/comments?post=1769"}],"wp:featuredmedia":[{"embeddable":true,"href":"https:\/\/legendatours.com\/fr\/wp-json\/wp\/v2\/media\/1762"}],"wp:attachment":[{"href":"https:\/\/legendatours.com\/fr\/wp-json\/wp\/v2\/media?parent=1769"}],"wp:term":[{"taxonomy":"product_brand","embeddable":true,"href":"https:\/\/legendatours.com\/fr\/wp-json\/wp\/v2\/product_brand?post=1769"},{"taxonomy":"product_cat","embeddable":true,"href":"https:\/\/legendatours.com\/fr\/wp-json\/wp\/v2\/product_cat?post=1769"},{"taxonomy":"product_tag","embeddable":true,"href":"https:\/\/legendatours.com\/fr\/wp-json\/wp\/v2\/product_tag?post=1769"}],"curies":[{"name":"wp","href":"https:\/\/api.w.org\/{rel}","templated":true}]}}