{"id":1776,"date":"2020-08-11T16:04:49","date_gmt":"2020-08-11T16:04:49","guid":{"rendered":"https:\/\/legendatours.com\/product\/highlights-of-lisbon-porto-group-sightseeing-holidays-in-portugal\/"},"modified":"2021-09-17T12:41:43","modified_gmt":"2021-09-17T12:41:43","slug":"highlights-of-lisbon-porto-11201g","status":"publish","type":"product","link":"https:\/\/legendatours.com\/fr\/produit\/highlights-of-lisbon-porto-11201g\/","title":{"rendered":"Points forts de Lisbonne et de Porto - Vacances touristiques en groupe au Portugal"},"content":{"rendered":"<p><strong>Groupes accept\u00e9s avec un minimum de 6 personnes.<\/strong><\/p>\n<p>&nbsp;<\/p>\n<p>Ce circuit offrira le meilleur des deux grandes villes du Portugal, \u00e0 la fois charg\u00e9es d&#039;histoire, mais dynamiques et modernes \u00e0 la fois.<\/p>\n<p>&nbsp;<\/p>\n<p>Lisbonne<\/p>\n<p>Lisbonne est tellement de choses sp\u00e9ciales ; c&#039;est le son des tramways d&#039;\u00e9poque qui parcourent les rues pav\u00e9es, un m\u00e9lange de chansons de fado sinc\u00e8res, une galerie en plein air du patrimoine historique, un refuge pour les esprits libres, une surprise pour les acheteurs \u00e0 la mode et la &quot;ville la plus cool&quot; du Portugal.<\/p>\n<div id=\"attachment_2505\" style=\"width: 1034px\" class=\"wp-caption alignnone\"><img loading=\"lazy\" decoding=\"async\" aria-describedby=\"caption-attachment-2505\" class=\"wp-image-2505 size-large\" title=\"Place Comercio, Lisbonne Ancr\u00e9e dans l&#039;histoire et la culture\" src=\"https:\/\/legendatours.net\/wp-content\/uploads\/2020\/03\/Comercio_square_Lisbon-1024x683.jpg\" alt=\"Comercio Square, Lisbon Steeped in history and culture\" width=\"1024\" height=\"683\" \/><p id=\"caption-attachment-2505\" class=\"wp-caption-text\">Place Comercio, Lisbonne Ancr\u00e9e dans l&#039;histoire et la culture<\/p><\/div>\n<p>Impr\u00e9gn\u00e9e d&#039;histoire et de culture, cette \u00ab ville lumi\u00e8re \u00bb enchanteresse b\u00e9n\u00e9ficie d&#039;une luminosit\u00e9 naturelle et d&#039;un charme sans effort comme aucun autre dans le pays et est devenue une destination europ\u00e9enne populaire pour sa diversit\u00e9 passionnante, ses sites magnifiques et son climat ensoleill\u00e9 enviable.<\/p>\n<p>Marquant chaque recoin de la ville d&#039;une touche de tradition, Lisbonne s&#039;attache \u00e0 pr\u00e9server la beaut\u00e9 de \u00abl&#039;ancien\u00bb, qu&#039;elle soit incarn\u00e9e par de sympathiques vendeurs de fleurs et de ch\u00e2taignes dans les rues, sa majestueuse architecture orn\u00e9e d&#039;azulejos et ses p\u00e2tisseries typiques, ou charmante, restaurants d&#039;inspiration taverne.<\/p>\n<p>&nbsp;<\/p>\n<p>Porto<\/p>\n<p>Porto perch\u00e9e de fa\u00e7on spectaculaire \u00e0 l&#039;embouchure du Rio Douro d\u00e9gage une atmosph\u00e8re merveilleuse. Elle regorge d&#039;anciens et de grands monuments qui c\u00f4toient la vie quotidienne portugaise.<\/p>\n<p>La vieille ville est un site du patrimoine mondial de l&#039;UNESCO regorgeant de b\u00e2timents historiques et de monuments exceptionnels ainsi que de rues m\u00e9di\u00e9vales pittoresques.<\/p>\n<div id=\"attachment_1946\" style=\"width: 1034px\" class=\"wp-caption alignnone\"><img loading=\"lazy\" decoding=\"async\" aria-describedby=\"caption-attachment-1946\" class=\"wp-image-1946 size-large\" title=\"Bateau Rabelo Porto perch\u00e9 de fa\u00e7on spectaculaire \u00e0 l&#039;embouchure du Rio Douro\" src=\"https:\/\/legendatours.net\/wp-content\/uploads\/2020\/03\/Rabelo-boat-Porto-1024x683.jpg\" alt=\"Rabelo boat Porto dramatically perched at the mouth of the Rio Douro\" width=\"1024\" height=\"683\" \/><p id=\"caption-attachment-1946\" class=\"wp-caption-text\">Bateau Rabelo Porto perch\u00e9 de fa\u00e7on spectaculaire \u00e0 l&#039;embouchure du Rio Douro<\/p><\/div>\n<p>Les points forts de cette merveilleuse ville incluent la formidable cath\u00e9drale de Porto, la Torre dos Cl\u00e9rigos et les c\u00e9l\u00e8bres pavillons de vin de Porto qui dominent la colline de Vila Nova de Gaia.<\/p>\n<p>Porto offre une synth\u00e8se convaincante d&#039;attractions anciennes et contemporaines et c&#039;est un plaisir de se promener doucement \u00e0 travers son paysage diversifi\u00e9.<\/p>\n<div class=\"row\" style=\"display: flex;\">\n<div class=\"column\" style=\"flex: 45%;\">\n<p><iframe loading=\"lazy\" title=\"DANS L&#039;HUMEUR POUR LISBONNE | Votre guide de voyage \u00e0 Lisbonne 2019 | Pourquoi j&#039;ai d\u00e9m\u00e9nag\u00e9 \u00e0 Lisbonne, Portugal \ud83c\uddf5\ud83c\uddf9\" width=\"1080\" height=\"608\" src=\"https:\/\/www.youtube.com\/embed\/Qv7CtN1mOlc?feature=oembed\" frameborder=\"0\" allow=\"accelerometer; autoplay; clipboard-write; encrypted-media; gyroscope; picture-in-picture\" allowfullscreen><\/iframe><\/p>\n<\/div>\n<div class=\"column\" style=\"flex: 10%;\"><\/div>\n<div class=\"column\" style=\"flex: 45%;\">\n<p><iframe loading=\"lazy\" title=\"DANS L&#039;HUMEUR DE PORTO (Ep 2) | Attractions de Porto, Gastronomie et vins | Guide de voyage\" width=\"1080\" height=\"608\" src=\"https:\/\/www.youtube.com\/embed\/6PRWBBrmsOE?feature=oembed\" frameborder=\"0\" allow=\"accelerometer; autoplay; clipboard-write; encrypted-media; gyroscope; picture-in-picture\" allowfullscreen><\/iframe><\/p>\n<\/div>\n<\/div>","protected":false},"excerpt":{"rendered":"<p>Ce circuit offrira le meilleur des deux grandes villes du Portugal, \u00e0 la fois charg\u00e9es d&#039;histoire, mais dynamiques et modernes \u00e0 la fois.<\/p>","protected":false},"featured_media":1693,"comment_status":"closed","ping_status":"closed","template":"","meta":{"_acf_changed":false,"inline_featured_image":false},"product_brand":[],"product_cat":[32,28,29,30],"product_tag":[126,253,267,36,38,39,40,43,44,45,254,46,47,48,131,49,50,51,134,52,53,54,255,256,138,139,55,140,257,258,56,259,57,59,60,260,61,62,64,65,261,143,66,278,262,67,144,68,69,70,209,71,72,263],"class_list":{"0":"post-1776","1":"product","2":"type-product","3":"status-publish","4":"has-post-thumbnail","6":"product_cat-cultural-tours-and-holidays-in-portugal","7":"product_cat-guided-group-tours","8":"product_cat-portugal-guided-historical-holidays","9":"product_cat-guided-sightseeing-holidays-portugal","10":"product_tag-alfama","11":"product_tag-belem-tower","12":"product_tag-coimbra","13":"product_tag-cultural-heritage","14":"product_tag-douro","15":"product_tag-douro-river","16":"product_tag-douro-valley","17":"product_tag-fado","18":"product_tag-fado-music","19":"product_tag-fado-songs","20":"product_tag-fashionable-shoppers","21":"product_tag-gastronomy-and-wines","22":"product_tag-guided-holidays","23":"product_tag-guided-tours","24":"product_tag-heritage-in-lisbon","25":"product_tag-hidden-landscapes","26":"product_tag-historic","27":"product_tag-historic-heritage","28":"product_tag-historic-monuments-in-lisbon","29":"product_tag-historic-town","30":"product_tag-historical-monuments-in-lisbon","31":"product_tag-historical-tour","32":"product_tag-holidays-in-portugal","33":"product_tag-jeronimos-monastery","34":"product_tag-lisbon","35":"product_tag-lisbon-holidays","36":"product_tag-local-gastronomy","37":"product_tag-major-cities-of-portugal","38":"product_tag-monastery-of-jeronimos","39":"product_tag-open-air-gallery","40":"product_tag-oporto","41":"product_tag-pasteis-de-belem","42":"product_tag-porto","43":"product_tag-porto-world-heritage","44":"product_tag-portugal","45":"product_tag-portugals-coolest-city","46":"product_tag-private-group","47":"product_tag-rio-douro","48":"product_tag-roman-and-arab-vestiges","49":"product_tag-roman-vestiges","50":"product_tag-shopping-in-lisbon","51":"product_tag-sightseeing-lisbon","52":"product_tag-sightseeing-tour","53":"product_tag-sintra","54":"product_tag-tavern-inspired-restaurants","55":"product_tag-torre-de-belem","56":"product_tag-torre-dos-clerigos","57":"product_tag-tours-in-portugal","58":"product_tag-traditional-portuguese","59":"product_tag-traditions","60":"product_tag-typical-quarters-of-lisbon","61":"product_tag-unesco-world-heritage-site","62":"product_tag-vila-nova-de-gaia","63":"product_tag-vintage-trams","65":"first","66":"instock","67":"virtual","68":"product-type-simple"},"acf":[],"yoast_head":"<!-- This site is optimized with the Yoast SEO Premium plugin v26.8 (Yoast SEO v27.4) - https:\/\/yoast.com\/product\/yoast-seo-premium-wordpress\/ -->\n<title>Highlights of Lisbon &amp; Porto - Group Sightseeing Holidays in Portugal - Legendary Adventure DMC Portugal<\/title>\n<meta name=\"robots\" content=\"index, follow, max-snippet:-1, max-image-preview:large, max-video-preview:-1\" \/>\n<link rel=\"canonical\" href=\"https:\/\/legendatours.com\/fr\/produit\/highlights-of-lisbon-porto-11201g\/\" \/>\n<meta property=\"og:locale\" content=\"fr_FR\" \/>\n<meta property=\"og:type\" content=\"article\" \/>\n<meta property=\"og:title\" content=\"Highlights of Lisbon &amp; Porto - Group Sightseeing Holidays in Portugal\" \/>\n<meta property=\"og:description\" content=\"This Tour will give the best of the two major cities of Portugal, both steeped in history, yet vibrant and modern at the same time.\" \/>\n<meta property=\"og:url\" content=\"https:\/\/legendatours.com\/fr\/produit\/highlights-of-lisbon-porto-11201g\/\" \/>\n<meta property=\"og:site_name\" content=\"Legendary Adventure DMC Portugal\" \/>\n<meta property=\"article:publisher\" content=\"https:\/\/www.facebook.com\/legendaryadventuredmc\/\" \/>\n<meta property=\"article:modified_time\" content=\"2021-09-17T12:41:43+00:00\" \/>\n<meta property=\"og:image\" content=\"https:\/\/legendatours.com\/wp-content\/uploads\/sites\/12\/2021\/04\/jeronimos_monastery_lisbon.jpg\" \/>\n\t<meta property=\"og:image:width\" content=\"1200\" \/>\n\t<meta property=\"og:image:height\" content=\"750\" \/>\n\t<meta property=\"og:image:type\" content=\"image\/jpeg\" \/>\n<meta name=\"twitter:card\" content=\"summary_large_image\" \/>\n<meta name=\"twitter:label1\" content=\"Dur\u00e9e de lecture estim\u00e9e\" \/>\n\t<meta name=\"twitter:data1\" content=\"2 minutes\" \/>\n<script type=\"application\/ld+json\" class=\"yoast-schema-graph\">{\"@context\":\"https:\\\/\\\/schema.org\",\"@graph\":[{\"@type\":\"WebPage\",\"@id\":\"https:\\\/\\\/legendatours.com\\\/product\\\/highlights-of-lisbon-porto-11201g\\\/\",\"url\":\"https:\\\/\\\/legendatours.com\\\/product\\\/highlights-of-lisbon-porto-11201g\\\/\",\"name\":\"Highlights of Lisbon &amp; Porto - Group Sightseeing Holidays in Portugal - Legendary Adventure DMC Portugal\",\"isPartOf\":{\"@id\":\"https:\\\/\\\/legendatours.com\\\/#website\"},\"primaryImageOfPage\":{\"@id\":\"https:\\\/\\\/legendatours.com\\\/product\\\/highlights-of-lisbon-porto-11201g\\\/#primaryimage\"},\"image\":{\"@id\":\"https:\\\/\\\/legendatours.com\\\/product\\\/highlights-of-lisbon-porto-11201g\\\/#primaryimage\"},\"thumbnailUrl\":\"https:\\\/\\\/legendatours.com\\\/wp-content\\\/uploads\\\/sites\\\/12\\\/2021\\\/04\\\/jeronimos_monastery_lisbon.jpg\",\"datePublished\":\"2020-08-11T16:04:49+00:00\",\"dateModified\":\"2021-09-17T12:41:43+00:00\",\"breadcrumb\":{\"@id\":\"https:\\\/\\\/legendatours.com\\\/product\\\/highlights-of-lisbon-porto-11201g\\\/#breadcrumb\"},\"inLanguage\":\"fr-FR\",\"potentialAction\":[{\"@type\":\"ReadAction\",\"target\":[\"https:\\\/\\\/legendatours.com\\\/product\\\/highlights-of-lisbon-porto-11201g\\\/\"]}]},{\"@type\":\"ImageObject\",\"inLanguage\":\"fr-FR\",\"@id\":\"https:\\\/\\\/legendatours.com\\\/product\\\/highlights-of-lisbon-porto-11201g\\\/#primaryimage\",\"url\":\"https:\\\/\\\/legendatours.com\\\/wp-content\\\/uploads\\\/sites\\\/12\\\/2021\\\/04\\\/jeronimos_monastery_lisbon.jpg\",\"contentUrl\":\"https:\\\/\\\/legendatours.com\\\/wp-content\\\/uploads\\\/sites\\\/12\\\/2021\\\/04\\\/jeronimos_monastery_lisbon.jpg\",\"width\":1200,\"height\":750,\"caption\":\"Jeronimos Monastery Lisboa\"},{\"@type\":\"BreadcrumbList\",\"@id\":\"https:\\\/\\\/legendatours.com\\\/product\\\/highlights-of-lisbon-porto-11201g\\\/#breadcrumb\",\"itemListElement\":[{\"@type\":\"ListItem\",\"position\":1,\"name\":\"Home\",\"item\":\"https:\\\/\\\/legendatours.com\\\/\"},{\"@type\":\"ListItem\",\"position\":2,\"name\":\"Shop\",\"item\":\"https:\\\/\\\/legendatours.com\\\/sv\\\/?page_id=4\"},{\"@type\":\"ListItem\",\"position\":3,\"name\":\"Highlights of Lisbon &amp; Porto &#8211; Group Sightseeing Holidays in Portugal\"}]},{\"@type\":\"WebSite\",\"@id\":\"https:\\\/\\\/legendatours.com\\\/#website\",\"url\":\"https:\\\/\\\/legendatours.com\\\/\",\"name\":\"Legendary Adventure DMC Portugal\",\"description\":\"Responsible Walking &amp; Nature Holidays in Portugal\",\"publisher\":{\"@id\":\"https:\\\/\\\/legendatours.com\\\/#organization\"},\"alternateName\":\"Legendary Adventure Portugal\",\"potentialAction\":[{\"@type\":\"SearchAction\",\"target\":{\"@type\":\"EntryPoint\",\"urlTemplate\":\"https:\\\/\\\/legendatours.com\\\/?s={search_term_string}\"},\"query-input\":{\"@type\":\"PropertyValueSpecification\",\"valueRequired\":true,\"valueName\":\"search_term_string\"}}],\"inLanguage\":\"fr-FR\"},{\"@type\":\"Organization\",\"@id\":\"https:\\\/\\\/legendatours.com\\\/#organization\",\"name\":\"legendatours.com\",\"url\":\"https:\\\/\\\/legendatours.com\\\/\",\"logo\":{\"@type\":\"ImageObject\",\"inLanguage\":\"fr-FR\",\"@id\":\"https:\\\/\\\/legendatours.com\\\/#\\\/schema\\\/logo\\\/image\\\/\",\"url\":\"https:\\\/\\\/legendatours.com\\\/wp-content\\\/uploads\\\/sites\\\/12\\\/2021\\\/06\\\/legendary_adventure_dmc.png\",\"contentUrl\":\"https:\\\/\\\/legendatours.com\\\/wp-content\\\/uploads\\\/sites\\\/12\\\/2021\\\/06\\\/legendary_adventure_dmc.png\",\"width\":250,\"height\":74,\"caption\":\"legendatours.com\"},\"image\":{\"@id\":\"https:\\\/\\\/legendatours.com\\\/#\\\/schema\\\/logo\\\/image\\\/\"},\"sameAs\":[\"https:\\\/\\\/www.facebook.com\\\/legendaryadventuredmc\\\/\",\"https:\\\/\\\/www.linkedin.com\\\/company\\\/legendary-adventure-dmc-portugal\",\"https:\\\/\\\/www.youtube.com\\\/channel\\\/UCOIRDx_KM6ynIcacQkZjb6g\"]}]}<\/script>\n<!-- \/ Yoast SEO Premium plugin. -->","yoast_head_json":{"title":"D\u00e9couvrez les incontournables de Lisbonne et Porto - Voyages touristiques en groupe au Portugal - Legendary Adventure DMC Portugal","robots":{"index":"index","follow":"follow","max-snippet":"max-snippet:-1","max-image-preview":"max-image-preview:large","max-video-preview":"max-video-preview:-1"},"canonical":"https:\/\/legendatours.com\/fr\/produit\/highlights-of-lisbon-porto-11201g\/","og_locale":"fr_FR","og_type":"article","og_title":"Highlights of Lisbon &amp; Porto - Group Sightseeing Holidays in Portugal","og_description":"This Tour will give the best of the two major cities of Portugal, both steeped in history, yet vibrant and modern at the same time.","og_url":"https:\/\/legendatours.com\/fr\/produit\/highlights-of-lisbon-porto-11201g\/","og_site_name":"Legendary Adventure DMC Portugal","article_publisher":"https:\/\/www.facebook.com\/legendaryadventuredmc\/","article_modified_time":"2021-09-17T12:41:43+00:00","og_image":[{"width":1200,"height":750,"url":"https:\/\/legendatours.com\/wp-content\/uploads\/sites\/12\/2021\/04\/jeronimos_monastery_lisbon.jpg","type":"image\/jpeg"}],"twitter_card":"summary_large_image","twitter_misc":{"Dur\u00e9e de lecture estim\u00e9e":"2 minutes"},"schema":{"@context":"https:\/\/schema.org","@graph":[{"@type":"WebPage","@id":"https:\/\/legendatours.com\/product\/highlights-of-lisbon-porto-11201g\/","url":"https:\/\/legendatours.com\/product\/highlights-of-lisbon-porto-11201g\/","name":"D\u00e9couvrez les incontournables de Lisbonne et Porto - Voyages touristiques en groupe au Portugal - Legendary Adventure DMC Portugal","isPartOf":{"@id":"https:\/\/legendatours.com\/#website"},"primaryImageOfPage":{"@id":"https:\/\/legendatours.com\/product\/highlights-of-lisbon-porto-11201g\/#primaryimage"},"image":{"@id":"https:\/\/legendatours.com\/product\/highlights-of-lisbon-porto-11201g\/#primaryimage"},"thumbnailUrl":"https:\/\/legendatours.com\/wp-content\/uploads\/sites\/12\/2021\/04\/jeronimos_monastery_lisbon.jpg","datePublished":"2020-08-11T16:04:49+00:00","dateModified":"2021-09-17T12:41:43+00:00","breadcrumb":{"@id":"https:\/\/legendatours.com\/product\/highlights-of-lisbon-porto-11201g\/#breadcrumb"},"inLanguage":"fr-FR","potentialAction":[{"@type":"ReadAction","target":["https:\/\/legendatours.com\/product\/highlights-of-lisbon-porto-11201g\/"]}]},{"@type":"ImageObject","inLanguage":"fr-FR","@id":"https:\/\/legendatours.com\/product\/highlights-of-lisbon-porto-11201g\/#primaryimage","url":"https:\/\/legendatours.com\/wp-content\/uploads\/sites\/12\/2021\/04\/jeronimos_monastery_lisbon.jpg","contentUrl":"https:\/\/legendatours.com\/wp-content\/uploads\/sites\/12\/2021\/04\/jeronimos_monastery_lisbon.jpg","width":1200,"height":750,"caption":"Jeronimos Monastery Lisboa"},{"@type":"BreadcrumbList","@id":"https:\/\/legendatours.com\/product\/highlights-of-lisbon-porto-11201g\/#breadcrumb","itemListElement":[{"@type":"ListItem","position":1,"name":"Home","item":"https:\/\/legendatours.com\/"},{"@type":"ListItem","position":2,"name":"Shop","item":"https:\/\/legendatours.com\/sv\/?page_id=4"},{"@type":"ListItem","position":3,"name":"Highlights of Lisbon &amp; Porto &#8211; Group Sightseeing Holidays in Portugal"}]},{"@type":"WebSite","@id":"https:\/\/legendatours.com\/#website","url":"https:\/\/legendatours.com\/","name":"Aventure l\u00e9gendaire DMC Portugal","description":"Randonn\u00e9es responsables et vacances nature au Portugal","publisher":{"@id":"https:\/\/legendatours.com\/#organization"},"alternateName":"Legendary Adventure Portugal","potentialAction":[{"@type":"SearchAction","target":{"@type":"EntryPoint","urlTemplate":"https:\/\/legendatours.com\/?s={search_term_string}"},"query-input":{"@type":"PropertyValueSpecification","valueRequired":true,"valueName":"search_term_string"}}],"inLanguage":"fr-FR"},{"@type":"Organization","@id":"https:\/\/legendatours.com\/#organization","name":"legendatours.com","url":"https:\/\/legendatours.com\/","logo":{"@type":"ImageObject","inLanguage":"fr-FR","@id":"https:\/\/legendatours.com\/#\/schema\/logo\/image\/","url":"https:\/\/legendatours.com\/wp-content\/uploads\/sites\/12\/2021\/06\/legendary_adventure_dmc.png","contentUrl":"https:\/\/legendatours.com\/wp-content\/uploads\/sites\/12\/2021\/06\/legendary_adventure_dmc.png","width":250,"height":74,"caption":"legendatours.com"},"image":{"@id":"https:\/\/legendatours.com\/#\/schema\/logo\/image\/"},"sameAs":["https:\/\/www.facebook.com\/legendaryadventuredmc\/","https:\/\/www.linkedin.com\/company\/legendary-adventure-dmc-portugal","https:\/\/www.youtube.com\/channel\/UCOIRDx_KM6ynIcacQkZjb6g"]}]}},"_links":{"self":[{"href":"https:\/\/legendatours.com\/fr\/wp-json\/wp\/v2\/product\/1776","targetHints":{"allow":["GET"]}}],"collection":[{"href":"https:\/\/legendatours.com\/fr\/wp-json\/wp\/v2\/product"}],"about":[{"href":"https:\/\/legendatours.com\/fr\/wp-json\/wp\/v2\/types\/product"}],"replies":[{"embeddable":true,"href":"https:\/\/legendatours.com\/fr\/wp-json\/wp\/v2\/comments?post=1776"}],"wp:featuredmedia":[{"embeddable":true,"href":"https:\/\/legendatours.com\/fr\/wp-json\/wp\/v2\/media\/1693"}],"wp:attachment":[{"href":"https:\/\/legendatours.com\/fr\/wp-json\/wp\/v2\/media?parent=1776"}],"wp:term":[{"taxonomy":"product_brand","embeddable":true,"href":"https:\/\/legendatours.com\/fr\/wp-json\/wp\/v2\/product_brand?post=1776"},{"taxonomy":"product_cat","embeddable":true,"href":"https:\/\/legendatours.com\/fr\/wp-json\/wp\/v2\/product_cat?post=1776"},{"taxonomy":"product_tag","embeddable":true,"href":"https:\/\/legendatours.com\/fr\/wp-json\/wp\/v2\/product_tag?post=1776"}],"curies":[{"name":"wp","href":"https:\/\/api.w.org\/{rel}","templated":true}]}}