{"id":1800,"date":"2020-08-11T14:01:45","date_gmt":"2020-08-11T14:01:45","guid":{"rendered":"https:\/\/legendatours.com\/product\/the-best-rail-holidays-in-portugal\/"},"modified":"2021-09-17T12:46:56","modified_gmt":"2021-09-17T12:46:56","slug":"rail-holidays-in-portugal-8301go","status":"publish","type":"product","link":"https:\/\/legendatours.com\/fr\/produit\/rail-holidays-in-portugal-8301go\/","title":{"rendered":"Les meilleures vacances en train au Portugal"},"content":{"rendered":"<p><strong>Groupes accept\u00e9s avec un minimum de 6 personnes.<\/strong><\/p>\n<p>&nbsp;<\/p>\n<p>Ces vacances en train nous emm\u00e8neront sur certaines des routes ferroviaires les plus pittoresques du Portugal, tandis que nous sillonnerons le pays du nord au sud.<\/p>\n<p>Tout au long de notre visite, nous profiterons de paysages \u00e9poustouflants, aurons l&#039;occasion de visiter de jolies villes et villages et nous nous arr\u00eaterons dans des endroits strat\u00e9giques pour admirer des sites historiques ainsi que des gares magnifiquement d\u00e9cor\u00e9es.<\/p>\n<p>Nous prendrons \u00e9galement le temps de fl\u00e2ner et de visiter des sites class\u00e9s au patrimoine mondial de l&#039;UNESCO, des monuments impressionnants et de regarder le Portugal d&#039;un autre \u0153il, sans oublier l&#039;occasion de profiter de l&#039;excellente gastronomie et des vins !<\/p>\n<p>Nous commencerons la visite vers le nord par un trajet en train le long du Rio Douro, l&#039;une des grandes exp\u00e9riences m\u00e9connues d&#039;une visite \u00e0 <a href=\"..\/..\/?s=Portugal\">le Portugal<\/a>. Le paysage est \u00e0 couper le souffle, et beaucoup disent que c&#039;est l&#039;un des <a href=\"..\/..\/product-tag\/travel-train-tour-in-portugal\/\">les plus grands trajets en train<\/a> dans le monde.<\/p>\n<div id=\"attachment_2567\" style=\"width: 1034px\" class=\"wp-caption alignnone\"><img loading=\"lazy\" decoding=\"async\" aria-describedby=\"caption-attachment-2567\" class=\"wp-image-2567 size-large\" title=\"Viana do Castelo aper\u00e7u de la basilique de Santa Luzia\" src=\"https:\/\/legendatours.net\/wp-content\/uploads\/2020\/06\/viana-do-castelo-1024x733.jpg\" alt=\"Viana do Castelo overview of basilica of Santa Luzia\" width=\"1024\" height=\"733\" \/><p id=\"caption-attachment-2567\" class=\"wp-caption-text\">Viana do Castelo aper\u00e7u de la basilique de Santa Luzia<\/p><\/div>\n<p>De notre base, Porto, nous visiterons \u00e9galement Viana do Castelo, le joyau du Minho; prenez un train lent pour Guimar\u00e3es, la ville natale du Portugal et un site du patrimoine mondial et Aveiro avec son magnifique syst\u00e8me de lagunes et de maisons aux couleurs vives.<\/p>\n<p>\u00c0 Porto, \u00e9galement site du patrimoine mondial, nous monterons dans un charmant tramway jusqu&#039;\u00e0 Foz et visiterons le National <a href=\"..\/..\/?s=Tram+Museum\">Mus\u00e9e du tramway<\/a>. Et, bien s\u00fbr, d\u00e9gustez les c\u00e9l\u00e8bres vins de Porto.<\/p>\n<p>En allant vers le sud, nous nous dirigeons vers la capitale anim\u00e9e du Portugal, Lisbonne. De l\u00e0, nous passerons une journ\u00e9e \u00e0 Sintra, autrefois r\u00e9sidence d&#039;\u00e9t\u00e9 pr\u00e9f\u00e9r\u00e9e de la royaut\u00e9 portugaise et toujours un paysage de conte de f\u00e9es avec des collines verdoyantes et des joyaux architecturaux cach\u00e9s.<\/p>\n<div id=\"attachment_2537\" style=\"width: 1034px\" class=\"wp-caption alignnone\"><img loading=\"lazy\" decoding=\"async\" aria-describedby=\"caption-attachment-2537\" class=\"wp-image-2537 size-large\" title=\"Train in Douro line - Prenez le train, et profitez de vos vacances \u00e0 pied dans ce lieu hors du temps et magique !\" src=\"https:\/\/legendatours.net\/wp-content\/uploads\/2020\/06\/train_douro-1024x683.jpg\" alt=\"Train in Douro line - Take the train, and enjoy your walking holidays in this timeless and magical place!\" width=\"1024\" height=\"683\" \/><p id=\"caption-attachment-2537\" class=\"wp-caption-text\">Train de la ligne du Douro \u2013 Prenez le train, et profitez de vos vacances \u00e0 pied dans ce lieu hors du temps et magique !<\/p><\/div>\n<p>De plus, Tomar, autrefois si\u00e8ge du pouvoir pour le <a href=\"..\/..\/?s=Knights+Templar\">Chevaliers templiers<\/a>, un ordre religieux secret mais influent de chevaliers guerriers, \u00e9tait \u00e9troitement li\u00e9 \u00e0 la noblesse portugaise.<\/p>\n<p>Dans l&#039;Alentejo, traversant des paysages plats envo\u00fbtants, nous visiterons \u00c9vora, une ville m\u00e9di\u00e9vale fortifi\u00e9e et class\u00e9e au patrimoine mondial.<\/p>\n<p>Le sentier nous m\u00e8ne plus au sud, vers les merveilles c\u00f4ti\u00e8res du <a href=\"..\/..\/product-tag\/algarve\/\">Algarve<\/a>, mais vu d&#039;un tout autre point de vue. Les lignes de train longent <a href=\"..\/..\/product-tag\/ria-formosa\/\">Ria Formosa<\/a>, une R\u00e9serve Naturelle, offrant des vues privil\u00e9gi\u00e9es. Et tandis que le Portugal est une destination merveilleuse en soi, doublez vos vacances en visitant l&#039;Espagne voisine en traversant l&#039;ancien ferry de Vila Real de Santo Ant\u00f3nio.<\/p>\n<p>&nbsp;<\/p>\n<div class=\"row\" style=\"display: flex;\">\n<div class=\"column\" style=\"flex: 45%;\">\n<p><iframe loading=\"lazy\" title=\"Le Portugal comme jamais vu auparavant (patrimoine)\" width=\"1080\" height=\"608\" src=\"https:\/\/www.youtube.com\/embed\/AwMagvRIWhc?list=PLuMAo-oYl9zgZ7THp1rusNGKOkYZUOfhp\" frameborder=\"0\" allow=\"accelerometer; autoplay; clipboard-write; encrypted-media; gyroscope; picture-in-picture\" allowfullscreen><\/iframe><\/p>\n<\/div>\n<div class=\"column\" style=\"flex: 10%;\"><\/div>\n<div class=\"column\" style=\"flex: 45%;\">\n<p><iframe loading=\"lazy\" title=\"La r\u00e9gion de Lisbonne comme jamais vue auparavant\" width=\"1080\" height=\"608\" src=\"https:\/\/www.youtube.com\/embed\/mK7rgh4fhYQ?list=PLuMAo-oYl9zgZ7THp1rusNGKOkYZUOfhp\" frameborder=\"0\" allow=\"accelerometer; autoplay; clipboard-write; encrypted-media; gyroscope; picture-in-picture\" allowfullscreen><\/iframe><\/p>\n<\/div>\n<\/div>","protected":false},"excerpt":{"rendered":"<p>Ces vacances en train nous emm\u00e8neront sur certaines des routes ferroviaires les plus pittoresques du Portugal, tandis que nous sillonnerons le pays du nord au sud.<\/p>\n<p>Tout au long de notre visite, nous profiterons de paysages \u00e9poustouflants, aurons l&#039;occasion de visiter de jolies villes et villages et nous nous arr\u00eaterons dans des endroits strat\u00e9giques pour admirer des sites historiques ainsi que des gares magnifiquement d\u00e9cor\u00e9es.<\/p>\n<p>Nous prendrons \u00e9galement le temps de fl\u00e2ner et de visiter des sites class\u00e9s au patrimoine mondial de l&#039;UNESCO, des monuments impressionnants et de regarder le Portugal d&#039;un autre \u0153il, sans oublier l&#039;occasion de profiter de l&#039;excellente gastronomie et des vins !<\/p>","protected":false},"featured_media":1777,"comment_status":"closed","ping_status":"closed","template":"","meta":{"_acf_changed":false,"inline_featured_image":false},"product_brand":[],"product_cat":[32,28,29,30,264],"product_tag":[211,150,265,239,266,267,36,39,215,268,269,130,87,117,217,131,160,270,138,55,271,95,221,223,98,272,56,57,59,61,273,274,275,276,408,169,62,277,143,278,279,207,69,208,70,280,281,282,283,284,285,71,230,286,145,233,287],"class_list":{"0":"post-1800","1":"product","2":"type-product","3":"status-publish","4":"has-post-thumbnail","6":"product_cat-cultural-tours-and-holidays-in-portugal","7":"product_cat-guided-group-tours","8":"product_cat-portugal-guided-historical-holidays","9":"product_cat-guided-sightseeing-holidays-portugal","10":"product_cat-guided-train-tours-and-rail-holiday-in-portugal","11":"product_tag-alentejo-landscape","12":"product_tag-algarve-sand-islands","13":"product_tag-aveiro","14":"product_tag-caminha","15":"product_tag-cascais","16":"product_tag-coimbra","17":"product_tag-cultural-heritage","18":"product_tag-douro-river","19":"product_tag-evora","20":"product_tag-faro","21":"product_tag-from-north-to-south","22":"product_tag-gastronomy","23":"product_tag-green-landscape","24":"product_tag-guimaraes","25":"product_tag-heritage","26":"product_tag-heritage-in-lisbon","27":"product_tag-holidays","28":"product_tag-lagos","29":"product_tag-lisbon","30":"product_tag-local-gastronomy","31":"product_tag-lush-green-hills","32":"product_tag-magnificent-landscape","33":"product_tag-minho-region-portugal","34":"product_tag-monuments","35":"product_tag-natural-reserves","36":"product_tag-north-of-portugal","37":"product_tag-oporto","38":"product_tag-porto","39":"product_tag-porto-world-heritage","40":"product_tag-private-group","41":"product_tag-rail-holiday","42":"product_tag-rail-holidays","43":"product_tag-rail-routes-in-portugal","44":"product_tag-railroad","45":"product_tag-regua","46":"product_tag-ria-formosa-natural-park","47":"product_tag-rio-douro","48":"product_tag-river-douro","49":"product_tag-sightseeing-lisbon","50":"product_tag-sintra","51":"product_tag-south-portugal","52":"product_tag-tomar","53":"product_tag-traditional-portuguese","54":"product_tag-traditional-villages","55":"product_tag-traditions","56":"product_tag-train","57":"product_tag-train-holidays","58":"product_tag-train-journey-up-the-douro-valley","59":"product_tag-train-tour","60":"product_tag-tram-museum","61":"product_tag-travel-train-tour-in-portugal","62":"product_tag-unesco-world-heritage-site","63":"product_tag-viana-do-castelo","64":"product_tag-vila-real-de-santo-antonio","65":"product_tag-wines","66":"product_tag-world-heritage","67":"product_tag-world-heritage-sites","69":"first","70":"instock","71":"virtual","72":"product-type-simple"},"acf":[],"yoast_head":"<!-- This site is optimized with the Yoast SEO Premium plugin v26.8 (Yoast SEO v27.4) - https:\/\/yoast.com\/product\/yoast-seo-premium-wordpress\/ -->\n<title>The Best Rail Holidays in Portugal - Legendary Adventure DMC Portugal<\/title>\n<meta name=\"robots\" content=\"index, follow, max-snippet:-1, max-image-preview:large, max-video-preview:-1\" \/>\n<link rel=\"canonical\" href=\"https:\/\/legendatours.com\/fr\/produit\/rail-holidays-in-portugal-8301go\/\" \/>\n<meta property=\"og:locale\" content=\"fr_FR\" \/>\n<meta property=\"og:type\" content=\"article\" \/>\n<meta property=\"og:title\" content=\"The Best Rail Holidays in Portugal\" \/>\n<meta property=\"og:description\" content=\"This Rail Holiday will take us on some of the most scenic rail routes in Portugal, while we criss-cross the country from north to south.  Along our tour we will enjoy stunning landscapes, have the opportunity to visit lovely towns and villages, and stop in strategic places to admire historic settings as well as gorgeously decorated train stations.  We\u2019ll also take time to wander and visit some UNESCO World Heritage Sites, impressive monuments, and look at Portugal with different eyes, not forgetting the opportunity to enjoy the excellent gastronomy and wines!\" \/>\n<meta property=\"og:url\" content=\"https:\/\/legendatours.com\/fr\/produit\/rail-holidays-in-portugal-8301go\/\" \/>\n<meta property=\"og:site_name\" content=\"Legendary Adventure DMC Portugal\" \/>\n<meta property=\"article:publisher\" content=\"https:\/\/www.facebook.com\/legendaryadventuredmc\/\" \/>\n<meta property=\"article:modified_time\" content=\"2021-09-17T12:46:56+00:00\" \/>\n<meta property=\"og:image\" content=\"https:\/\/legendatours.com\/wp-content\/uploads\/sites\/12\/2021\/04\/Train-tour-Legendary-Adventure-e1611669036691.jpg\" \/>\n\t<meta property=\"og:image:width\" content=\"1024\" \/>\n\t<meta property=\"og:image:height\" content=\"576\" \/>\n\t<meta property=\"og:image:type\" content=\"image\/jpeg\" \/>\n<meta name=\"twitter:card\" content=\"summary_large_image\" \/>\n<meta name=\"twitter:label1\" content=\"Dur\u00e9e de lecture estim\u00e9e\" \/>\n\t<meta name=\"twitter:data1\" content=\"2 minutes\" \/>\n<script type=\"application\/ld+json\" class=\"yoast-schema-graph\">{\"@context\":\"https:\\\/\\\/schema.org\",\"@graph\":[{\"@type\":\"WebPage\",\"@id\":\"https:\\\/\\\/legendatours.com\\\/product\\\/rail-holidays-in-portugal-8301go\\\/\",\"url\":\"https:\\\/\\\/legendatours.com\\\/product\\\/rail-holidays-in-portugal-8301go\\\/\",\"name\":\"The Best Rail Holidays in Portugal - Legendary Adventure DMC Portugal\",\"isPartOf\":{\"@id\":\"https:\\\/\\\/legendatours.com\\\/#website\"},\"primaryImageOfPage\":{\"@id\":\"https:\\\/\\\/legendatours.com\\\/product\\\/rail-holidays-in-portugal-8301go\\\/#primaryimage\"},\"image\":{\"@id\":\"https:\\\/\\\/legendatours.com\\\/product\\\/rail-holidays-in-portugal-8301go\\\/#primaryimage\"},\"thumbnailUrl\":\"https:\\\/\\\/legendatours.com\\\/wp-content\\\/uploads\\\/sites\\\/12\\\/2021\\\/04\\\/Train-tour-Legendary-Adventure-e1611669036691.jpg\",\"datePublished\":\"2020-08-11T14:01:45+00:00\",\"dateModified\":\"2021-09-17T12:46:56+00:00\",\"breadcrumb\":{\"@id\":\"https:\\\/\\\/legendatours.com\\\/product\\\/rail-holidays-in-portugal-8301go\\\/#breadcrumb\"},\"inLanguage\":\"fr-FR\",\"potentialAction\":[{\"@type\":\"ReadAction\",\"target\":[\"https:\\\/\\\/legendatours.com\\\/product\\\/rail-holidays-in-portugal-8301go\\\/\"]}]},{\"@type\":\"ImageObject\",\"inLanguage\":\"fr-FR\",\"@id\":\"https:\\\/\\\/legendatours.com\\\/product\\\/rail-holidays-in-portugal-8301go\\\/#primaryimage\",\"url\":\"https:\\\/\\\/legendatours.com\\\/wp-content\\\/uploads\\\/sites\\\/12\\\/2021\\\/04\\\/Train-tour-Legendary-Adventure-e1611669036691.jpg\",\"contentUrl\":\"https:\\\/\\\/legendatours.com\\\/wp-content\\\/uploads\\\/sites\\\/12\\\/2021\\\/04\\\/Train-tour-Legendary-Adventure-e1611669036691.jpg\",\"width\":1024,\"height\":576,\"caption\":\"Privat Train Tour in Porto\"},{\"@type\":\"BreadcrumbList\",\"@id\":\"https:\\\/\\\/legendatours.com\\\/product\\\/rail-holidays-in-portugal-8301go\\\/#breadcrumb\",\"itemListElement\":[{\"@type\":\"ListItem\",\"position\":1,\"name\":\"Home\",\"item\":\"https:\\\/\\\/legendatours.com\\\/\"},{\"@type\":\"ListItem\",\"position\":2,\"name\":\"Shop\",\"item\":\"https:\\\/\\\/legendatours.com\\\/sv\\\/?page_id=4\"},{\"@type\":\"ListItem\",\"position\":3,\"name\":\"The Best Rail Holidays in Portugal\"}]},{\"@type\":\"WebSite\",\"@id\":\"https:\\\/\\\/legendatours.com\\\/#website\",\"url\":\"https:\\\/\\\/legendatours.com\\\/\",\"name\":\"Legendary Adventure DMC Portugal\",\"description\":\"Responsible Walking &amp; Nature Holidays in Portugal\",\"publisher\":{\"@id\":\"https:\\\/\\\/legendatours.com\\\/#organization\"},\"alternateName\":\"Legendary Adventure Portugal\",\"potentialAction\":[{\"@type\":\"SearchAction\",\"target\":{\"@type\":\"EntryPoint\",\"urlTemplate\":\"https:\\\/\\\/legendatours.com\\\/?s={search_term_string}\"},\"query-input\":{\"@type\":\"PropertyValueSpecification\",\"valueRequired\":true,\"valueName\":\"search_term_string\"}}],\"inLanguage\":\"fr-FR\"},{\"@type\":\"Organization\",\"@id\":\"https:\\\/\\\/legendatours.com\\\/#organization\",\"name\":\"legendatours.com\",\"url\":\"https:\\\/\\\/legendatours.com\\\/\",\"logo\":{\"@type\":\"ImageObject\",\"inLanguage\":\"fr-FR\",\"@id\":\"https:\\\/\\\/legendatours.com\\\/#\\\/schema\\\/logo\\\/image\\\/\",\"url\":\"https:\\\/\\\/legendatours.com\\\/wp-content\\\/uploads\\\/sites\\\/12\\\/2021\\\/06\\\/legendary_adventure_dmc.png\",\"contentUrl\":\"https:\\\/\\\/legendatours.com\\\/wp-content\\\/uploads\\\/sites\\\/12\\\/2021\\\/06\\\/legendary_adventure_dmc.png\",\"width\":250,\"height\":74,\"caption\":\"legendatours.com\"},\"image\":{\"@id\":\"https:\\\/\\\/legendatours.com\\\/#\\\/schema\\\/logo\\\/image\\\/\"},\"sameAs\":[\"https:\\\/\\\/www.facebook.com\\\/legendaryadventuredmc\\\/\",\"https:\\\/\\\/www.linkedin.com\\\/company\\\/legendary-adventure-dmc-portugal\",\"https:\\\/\\\/www.youtube.com\\\/channel\\\/UCOIRDx_KM6ynIcacQkZjb6g\"]}]}<\/script>\n<!-- \/ Yoast SEO Premium plugin. -->","yoast_head_json":{"title":"Les meilleures vacances en train au Portugal - Legendary Adventure DMC Portugal","robots":{"index":"index","follow":"follow","max-snippet":"max-snippet:-1","max-image-preview":"max-image-preview:large","max-video-preview":"max-video-preview:-1"},"canonical":"https:\/\/legendatours.com\/fr\/produit\/rail-holidays-in-portugal-8301go\/","og_locale":"fr_FR","og_type":"article","og_title":"The Best Rail Holidays in Portugal","og_description":"This Rail Holiday will take us on some of the most scenic rail routes in Portugal, while we criss-cross the country from north to south.  Along our tour we will enjoy stunning landscapes, have the opportunity to visit lovely towns and villages, and stop in strategic places to admire historic settings as well as gorgeously decorated train stations.  We\u2019ll also take time to wander and visit some UNESCO World Heritage Sites, impressive monuments, and look at Portugal with different eyes, not forgetting the opportunity to enjoy the excellent gastronomy and wines!","og_url":"https:\/\/legendatours.com\/fr\/produit\/rail-holidays-in-portugal-8301go\/","og_site_name":"Legendary Adventure DMC Portugal","article_publisher":"https:\/\/www.facebook.com\/legendaryadventuredmc\/","article_modified_time":"2021-09-17T12:46:56+00:00","og_image":[{"width":1024,"height":576,"url":"https:\/\/legendatours.com\/wp-content\/uploads\/sites\/12\/2021\/04\/Train-tour-Legendary-Adventure-e1611669036691.jpg","type":"image\/jpeg"}],"twitter_card":"summary_large_image","twitter_misc":{"Dur\u00e9e de lecture estim\u00e9e":"2 minutes"},"schema":{"@context":"https:\/\/schema.org","@graph":[{"@type":"WebPage","@id":"https:\/\/legendatours.com\/product\/rail-holidays-in-portugal-8301go\/","url":"https:\/\/legendatours.com\/product\/rail-holidays-in-portugal-8301go\/","name":"Les meilleures vacances en train au Portugal - Legendary Adventure DMC Portugal","isPartOf":{"@id":"https:\/\/legendatours.com\/#website"},"primaryImageOfPage":{"@id":"https:\/\/legendatours.com\/product\/rail-holidays-in-portugal-8301go\/#primaryimage"},"image":{"@id":"https:\/\/legendatours.com\/product\/rail-holidays-in-portugal-8301go\/#primaryimage"},"thumbnailUrl":"https:\/\/legendatours.com\/wp-content\/uploads\/sites\/12\/2021\/04\/Train-tour-Legendary-Adventure-e1611669036691.jpg","datePublished":"2020-08-11T14:01:45+00:00","dateModified":"2021-09-17T12:46:56+00:00","breadcrumb":{"@id":"https:\/\/legendatours.com\/product\/rail-holidays-in-portugal-8301go\/#breadcrumb"},"inLanguage":"fr-FR","potentialAction":[{"@type":"ReadAction","target":["https:\/\/legendatours.com\/product\/rail-holidays-in-portugal-8301go\/"]}]},{"@type":"ImageObject","inLanguage":"fr-FR","@id":"https:\/\/legendatours.com\/product\/rail-holidays-in-portugal-8301go\/#primaryimage","url":"https:\/\/legendatours.com\/wp-content\/uploads\/sites\/12\/2021\/04\/Train-tour-Legendary-Adventure-e1611669036691.jpg","contentUrl":"https:\/\/legendatours.com\/wp-content\/uploads\/sites\/12\/2021\/04\/Train-tour-Legendary-Adventure-e1611669036691.jpg","width":1024,"height":576,"caption":"Privat Train Tour in Porto"},{"@type":"BreadcrumbList","@id":"https:\/\/legendatours.com\/product\/rail-holidays-in-portugal-8301go\/#breadcrumb","itemListElement":[{"@type":"ListItem","position":1,"name":"Home","item":"https:\/\/legendatours.com\/"},{"@type":"ListItem","position":2,"name":"Shop","item":"https:\/\/legendatours.com\/sv\/?page_id=4"},{"@type":"ListItem","position":3,"name":"The Best Rail Holidays in Portugal"}]},{"@type":"WebSite","@id":"https:\/\/legendatours.com\/#website","url":"https:\/\/legendatours.com\/","name":"Aventure l\u00e9gendaire DMC Portugal","description":"Randonn\u00e9es responsables et vacances nature au Portugal","publisher":{"@id":"https:\/\/legendatours.com\/#organization"},"alternateName":"Legendary Adventure Portugal","potentialAction":[{"@type":"SearchAction","target":{"@type":"EntryPoint","urlTemplate":"https:\/\/legendatours.com\/?s={search_term_string}"},"query-input":{"@type":"PropertyValueSpecification","valueRequired":true,"valueName":"search_term_string"}}],"inLanguage":"fr-FR"},{"@type":"Organization","@id":"https:\/\/legendatours.com\/#organization","name":"legendatours.com","url":"https:\/\/legendatours.com\/","logo":{"@type":"ImageObject","inLanguage":"fr-FR","@id":"https:\/\/legendatours.com\/#\/schema\/logo\/image\/","url":"https:\/\/legendatours.com\/wp-content\/uploads\/sites\/12\/2021\/06\/legendary_adventure_dmc.png","contentUrl":"https:\/\/legendatours.com\/wp-content\/uploads\/sites\/12\/2021\/06\/legendary_adventure_dmc.png","width":250,"height":74,"caption":"legendatours.com"},"image":{"@id":"https:\/\/legendatours.com\/#\/schema\/logo\/image\/"},"sameAs":["https:\/\/www.facebook.com\/legendaryadventuredmc\/","https:\/\/www.linkedin.com\/company\/legendary-adventure-dmc-portugal","https:\/\/www.youtube.com\/channel\/UCOIRDx_KM6ynIcacQkZjb6g"]}]}},"_links":{"self":[{"href":"https:\/\/legendatours.com\/fr\/wp-json\/wp\/v2\/product\/1800","targetHints":{"allow":["GET"]}}],"collection":[{"href":"https:\/\/legendatours.com\/fr\/wp-json\/wp\/v2\/product"}],"about":[{"href":"https:\/\/legendatours.com\/fr\/wp-json\/wp\/v2\/types\/product"}],"replies":[{"embeddable":true,"href":"https:\/\/legendatours.com\/fr\/wp-json\/wp\/v2\/comments?post=1800"}],"wp:featuredmedia":[{"embeddable":true,"href":"https:\/\/legendatours.com\/fr\/wp-json\/wp\/v2\/media\/1777"}],"wp:attachment":[{"href":"https:\/\/legendatours.com\/fr\/wp-json\/wp\/v2\/media?parent=1800"}],"wp:term":[{"taxonomy":"product_brand","embeddable":true,"href":"https:\/\/legendatours.com\/fr\/wp-json\/wp\/v2\/product_brand?post=1800"},{"taxonomy":"product_cat","embeddable":true,"href":"https:\/\/legendatours.com\/fr\/wp-json\/wp\/v2\/product_cat?post=1800"},{"taxonomy":"product_tag","embeddable":true,"href":"https:\/\/legendatours.com\/fr\/wp-json\/wp\/v2\/product_tag?post=1800"}],"curies":[{"name":"wp","href":"https:\/\/api.w.org\/{rel}","templated":true}]}}