{"id":7604,"date":"2020-07-21T14:46:39","date_gmt":"2020-07-21T14:46:39","guid":{"rendered":"https:\/\/legendatours.com\/product\/cool-porto-active-city-break-portugal\/"},"modified":"2021-11-22T12:38:02","modified_gmt":"2021-11-22T12:38:02","slug":"cool-porto-20200g","status":"publish","type":"product","link":"https:\/\/legendatours.com\/fr\/produit\/cool-porto-20200g\/","title":{"rendered":"Cool Porto Active City Break Portugal"},"content":{"rendered":"<p><strong>Groupes accept\u00e9s avec un minimum de 6 personnes.<\/strong><\/p>\n<p>&nbsp;<\/p>\n<p>Porto perch\u00e9e de fa\u00e7on spectaculaire \u00e0 l&#039;embouchure du Rio Douro d\u00e9gage une atmosph\u00e8re merveilleuse. Elle regorge d&#039;anciens et de grands monuments qui c\u00f4toient la vie quotidienne portugaise.<\/p>\n<p>La vieille ville est un site du patrimoine mondial de l&#039;UNESCO regorgeant de b\u00e2timents historiques et de monuments exceptionnels ainsi que de rues m\u00e9di\u00e9vales pittoresques.<\/p>\n<div id=\"attachment_2525\" style=\"width: 1034px\" class=\"wp-caption alignnone\"><img loading=\"lazy\" decoding=\"async\" aria-describedby=\"caption-attachment-2525\" class=\"wp-image-2525 size-large\" title=\"Bateaux Rabelo sur le fleuve Douro\" src=\"https:\/\/legendatours.net\/wp-content\/uploads\/2020\/06\/Rabelo_boats_porto-1024x683.jpg\" alt=\"Rabelo boats in Douro River\" width=\"1024\" height=\"683\" \/><p id=\"caption-attachment-2525\" class=\"wp-caption-text\">Bateaux Rabelo dans le fleuve Douro, l&#039;un des symboles les plus populaires de\u00a0<em>Porto<\/em>\u00a0est le\u00a0<em>Bateau Rabelo<\/em>.<\/p><\/div>\n<p>Les points forts de cette merveilleuse ville incluent la formidable cath\u00e9drale de Porto, la Torre dos Cl\u00e9rigos et les c\u00e9l\u00e8bres pavillons de vin de Porto qui dominent la colline de Vila Nova de Gaia.<\/p>\n<p>Porto offre une synth\u00e8se convaincante d&#039;attractions anciennes et contemporaines et c&#039;est un plaisir de se promener doucement \u00e0 travers son paysage diversifi\u00e9.<\/p>\n<div class=\"row\" style=\"display: flex;\">\n<div class=\"column\" style=\"flex: 45%;\">\n<p><iframe loading=\"lazy\" title=\"DANS L&#039;HUMEUR POUR PORTO : \u00c9PISODE UN | Guide de Voyage Porto 2019 | Le joyau du nord du Portugal \ud83c\uddf5\ud83c\uddf9\" width=\"1080\" height=\"608\" src=\"https:\/\/www.youtube.com\/embed\/Ip-ybLFbvCQ?feature=oembed\" frameborder=\"0\" allow=\"accelerometer; autoplay; clipboard-write; encrypted-media; gyroscope; picture-in-picture\" allowfullscreen><\/iframe><\/p>\n<\/div>\n<div class=\"column\" style=\"flex: 10%;\"><\/div>\n<div class=\"column\" style=\"flex: 45%;\">\n<p><iframe loading=\"lazy\" title=\"DANS L&#039;HUMEUR DE PORTO (Ep 2) | Attractions de Porto, Gastronomie et vins | Guide de voyage\" width=\"1080\" height=\"608\" src=\"https:\/\/www.youtube.com\/embed\/6PRWBBrmsOE?feature=oembed\" frameborder=\"0\" allow=\"accelerometer; autoplay; clipboard-write; encrypted-media; gyroscope; picture-in-picture\" allowfullscreen><\/iframe><\/p>\n<\/div>\n<\/div>","protected":false},"excerpt":{"rendered":"<p>Porto perch\u00e9e de fa\u00e7on spectaculaire \u00e0 l&#039;embouchure du Rio Douro d\u00e9gage une atmosph\u00e8re merveilleuse. Elle regorge d&#039;anciens et de grands monuments qui c\u00f4toient la vie quotidienne portugaise.<\/p>\n<p>La vieille ville est un site du patrimoine mondial de l&#039;UNESCO regorgeant de b\u00e2timents historiques et de monuments exceptionnels ainsi que de rues m\u00e9di\u00e9vales pittoresques.<\/p>","protected":false},"featured_media":7600,"comment_status":"closed","ping_status":"closed","template":"","meta":{"_acf_changed":false,"inline_featured_image":false},"product_brand":[],"product_cat":[32,347,28,29,30],"product_tag":[348,349,128,39,350,43,46,48,49,50,241,135,52,54,351,55,352,272,246,56,353,354,118,355,57,58,356,226,341,260,357,62,63,277,358,229,67,144,70,71,72,359,360,361,346],"class_list":{"0":"post-7604","1":"product","2":"type-product","3":"status-publish","4":"has-post-thumbnail","6":"product_cat-cultural-tours-and-holidays-in-portugal","7":"product_cat-portugal-guided-city-breaks","8":"product_cat-guided-group-tours","9":"product_cat-portugal-guided-historical-holidays","10":"product_cat-guided-sightseeing-holidays-portugal","11":"product_tag-active-family","12":"product_tag-bolhao-market","13":"product_tag-city-walks","14":"product_tag-douro-river","15":"product_tag-douro-riverbanks","16":"product_tag-fado","17":"product_tag-gastronomy-and-wines","18":"product_tag-guided-tours","19":"product_tag-hidden-landscapes","20":"product_tag-historic","21":"product_tag-historic-cities","22":"product_tag-historic-monuments-in-porto","23":"product_tag-historic-town","24":"product_tag-historical-tour","25":"product_tag-largest-city-of-portugal","26":"product_tag-local-gastronomy","27":"product_tag-local-wines","28":"product_tag-north-of-portugal","29":"product_tag-northern-portugal","30":"product_tag-oporto","31":"product_tag-port-lodges","32":"product_tag-port-wine","33":"product_tag-a-port-wine-cellar","34":"product_tag-port-wine-lodges","35":"product_tag-porto","36":"product_tag-porto-bridges","37":"product_tag-porto-holidays","38":"product_tag-portos-old-town","39":"product_tag-portugal-great-food-and-wine","40":"product_tag-portugals-coolest-city","41":"product_tag-portugals-delightful-second-city","42":"product_tag-rio-douro","43":"product_tag-river-cruise-douro","44":"product_tag-river-douro","45":"product_tag-sao-bento-railway-station","46":"product_tag-sightseeing-porto","47":"product_tag-torre-de-belem","48":"product_tag-torre-dos-clerigos","49":"product_tag-traditions","50":"product_tag-unesco-world-heritage-site","51":"product_tag-vila-nova-de-gaia","52":"product_tag-walks-porto","53":"product_tag-wine-lovers","54":"product_tag-wine-tasting","55":"product_tag-world-heritage-city","57":"first","58":"instock","59":"virtual","60":"product-type-simple"},"acf":[],"yoast_head":"<!-- This site is optimized with the Yoast SEO Premium plugin v26.8 (Yoast SEO v27.5) - https:\/\/yoast.com\/product\/yoast-seo-premium-wordpress\/ -->\n<title>Cool Porto Active City Break Portugal - Legendary Adventure DMC Portugal<\/title>\n<meta name=\"robots\" content=\"index, follow, max-snippet:-1, max-image-preview:large, max-video-preview:-1\" \/>\n<link rel=\"canonical\" href=\"https:\/\/legendatours.com\/fr\/produit\/cool-porto-20200g\/\" \/>\n<meta property=\"og:locale\" content=\"fr_FR\" \/>\n<meta property=\"og:type\" content=\"article\" \/>\n<meta property=\"og:title\" content=\"Cool Porto Active City Break Portugal\" \/>\n<meta property=\"og:description\" content=\"Porto dramatically perched at the mouth of the Rio Douro has a wonderful atmosphere. It is packed with ancient and great monuments rubbing shoulders with everyday Portuguese life.  The old town is a UNESCO World Heritage Site full of historic buildings and outstanding monuments as well as quaint medieval streets.\" \/>\n<meta property=\"og:url\" content=\"https:\/\/legendatours.com\/fr\/produit\/cool-porto-20200g\/\" \/>\n<meta property=\"og:site_name\" content=\"Legendary Adventure DMC Portugal\" \/>\n<meta property=\"article:publisher\" content=\"https:\/\/www.facebook.com\/legendaryadventuredmc\/\" \/>\n<meta property=\"article:modified_time\" content=\"2021-11-22T12:38:02+00:00\" \/>\n<meta property=\"og:image\" content=\"https:\/\/legendatours.com\/wp-content\/uploads\/sites\/12\/2021\/04\/Porto_aerial_view.jpg\" \/>\n\t<meta property=\"og:image:width\" content=\"1200\" \/>\n\t<meta property=\"og:image:height\" content=\"720\" \/>\n\t<meta property=\"og:image:type\" content=\"image\/jpeg\" \/>\n<meta name=\"twitter:card\" content=\"summary_large_image\" \/>\n<meta name=\"twitter:label1\" content=\"Dur\u00e9e de lecture estim\u00e9e\" \/>\n\t<meta name=\"twitter:data1\" content=\"1 minute\" \/>\n<script type=\"application\/ld+json\" class=\"yoast-schema-graph\">{\"@context\":\"https:\\\/\\\/schema.org\",\"@graph\":[{\"@type\":\"WebPage\",\"@id\":\"https:\\\/\\\/legendatours.com\\\/product\\\/cool-porto-20200g\\\/\",\"url\":\"https:\\\/\\\/legendatours.com\\\/product\\\/cool-porto-20200g\\\/\",\"name\":\"Cool Porto Active City Break Portugal - Legendary Adventure DMC Portugal\",\"isPartOf\":{\"@id\":\"https:\\\/\\\/legendatours.com\\\/#website\"},\"primaryImageOfPage\":{\"@id\":\"https:\\\/\\\/legendatours.com\\\/product\\\/cool-porto-20200g\\\/#primaryimage\"},\"image\":{\"@id\":\"https:\\\/\\\/legendatours.com\\\/product\\\/cool-porto-20200g\\\/#primaryimage\"},\"thumbnailUrl\":\"https:\\\/\\\/legendatours.com\\\/wp-content\\\/uploads\\\/sites\\\/12\\\/2021\\\/04\\\/Porto_aerial_view.jpg\",\"datePublished\":\"2020-07-21T14:46:39+00:00\",\"dateModified\":\"2021-11-22T12:38:02+00:00\",\"breadcrumb\":{\"@id\":\"https:\\\/\\\/legendatours.com\\\/product\\\/cool-porto-20200g\\\/#breadcrumb\"},\"inLanguage\":\"fr-FR\",\"potentialAction\":[{\"@type\":\"ReadAction\",\"target\":[\"https:\\\/\\\/legendatours.com\\\/product\\\/cool-porto-20200g\\\/\"]}]},{\"@type\":\"ImageObject\",\"inLanguage\":\"fr-FR\",\"@id\":\"https:\\\/\\\/legendatours.com\\\/product\\\/cool-porto-20200g\\\/#primaryimage\",\"url\":\"https:\\\/\\\/legendatours.com\\\/wp-content\\\/uploads\\\/sites\\\/12\\\/2021\\\/04\\\/Porto_aerial_view.jpg\",\"contentUrl\":\"https:\\\/\\\/legendatours.com\\\/wp-content\\\/uploads\\\/sites\\\/12\\\/2021\\\/04\\\/Porto_aerial_view.jpg\",\"width\":1200,\"height\":720,\"caption\":\"Porto\"},{\"@type\":\"BreadcrumbList\",\"@id\":\"https:\\\/\\\/legendatours.com\\\/product\\\/cool-porto-20200g\\\/#breadcrumb\",\"itemListElement\":[{\"@type\":\"ListItem\",\"position\":1,\"name\":\"Home\",\"item\":\"https:\\\/\\\/legendatours.com\\\/\"},{\"@type\":\"ListItem\",\"position\":2,\"name\":\"Shop\",\"item\":\"https:\\\/\\\/legendatours.com\\\/sv\\\/?page_id=4\"},{\"@type\":\"ListItem\",\"position\":3,\"name\":\"Cool Porto Active City Break Portugal\"}]},{\"@type\":\"WebSite\",\"@id\":\"https:\\\/\\\/legendatours.com\\\/#website\",\"url\":\"https:\\\/\\\/legendatours.com\\\/\",\"name\":\"Legendary Adventure DMC Portugal\",\"description\":\"Responsible Walking &amp; Nature Holidays in Portugal\",\"publisher\":{\"@id\":\"https:\\\/\\\/legendatours.com\\\/#organization\"},\"alternateName\":\"Legendary Adventure Portugal\",\"potentialAction\":[{\"@type\":\"SearchAction\",\"target\":{\"@type\":\"EntryPoint\",\"urlTemplate\":\"https:\\\/\\\/legendatours.com\\\/?s={search_term_string}\"},\"query-input\":{\"@type\":\"PropertyValueSpecification\",\"valueRequired\":true,\"valueName\":\"search_term_string\"}}],\"inLanguage\":\"fr-FR\"},{\"@type\":\"Organization\",\"@id\":\"https:\\\/\\\/legendatours.com\\\/#organization\",\"name\":\"legendatours.com\",\"url\":\"https:\\\/\\\/legendatours.com\\\/\",\"logo\":{\"@type\":\"ImageObject\",\"inLanguage\":\"fr-FR\",\"@id\":\"https:\\\/\\\/legendatours.com\\\/#\\\/schema\\\/logo\\\/image\\\/\",\"url\":\"https:\\\/\\\/legendatours.com\\\/wp-content\\\/uploads\\\/sites\\\/12\\\/2021\\\/06\\\/legendary_adventure_dmc.png\",\"contentUrl\":\"https:\\\/\\\/legendatours.com\\\/wp-content\\\/uploads\\\/sites\\\/12\\\/2021\\\/06\\\/legendary_adventure_dmc.png\",\"width\":250,\"height\":74,\"caption\":\"legendatours.com\"},\"image\":{\"@id\":\"https:\\\/\\\/legendatours.com\\\/#\\\/schema\\\/logo\\\/image\\\/\"},\"sameAs\":[\"https:\\\/\\\/www.facebook.com\\\/legendaryadventuredmc\\\/\",\"https:\\\/\\\/www.linkedin.com\\\/company\\\/legendary-adventure-dmc-portugal\",\"https:\\\/\\\/www.youtube.com\\\/channel\\\/UCOIRDx_KM6ynIcacQkZjb6g\"]}]}<\/script>\n<!-- \/ Yoast SEO Premium plugin. -->","yoast_head_json":{"title":"Cool Porto Active City Break Portugal - Aventure L\u00e9gendaire DMC Portugal","robots":{"index":"index","follow":"follow","max-snippet":"max-snippet:-1","max-image-preview":"max-image-preview:large","max-video-preview":"max-video-preview:-1"},"canonical":"https:\/\/legendatours.com\/fr\/produit\/cool-porto-20200g\/","og_locale":"fr_FR","og_type":"article","og_title":"Cool Porto Active City Break Portugal","og_description":"Porto dramatically perched at the mouth of the Rio Douro has a wonderful atmosphere. It is packed with ancient and great monuments rubbing shoulders with everyday Portuguese life.  The old town is a UNESCO World Heritage Site full of historic buildings and outstanding monuments as well as quaint medieval streets.","og_url":"https:\/\/legendatours.com\/fr\/produit\/cool-porto-20200g\/","og_site_name":"Legendary Adventure DMC Portugal","article_publisher":"https:\/\/www.facebook.com\/legendaryadventuredmc\/","article_modified_time":"2021-11-22T12:38:02+00:00","og_image":[{"width":1200,"height":720,"url":"https:\/\/legendatours.com\/wp-content\/uploads\/sites\/12\/2021\/04\/Porto_aerial_view.jpg","type":"image\/jpeg"}],"twitter_card":"summary_large_image","twitter_misc":{"Dur\u00e9e de lecture estim\u00e9e":"1 minute"},"schema":{"@context":"https:\/\/schema.org","@graph":[{"@type":"WebPage","@id":"https:\/\/legendatours.com\/product\/cool-porto-20200g\/","url":"https:\/\/legendatours.com\/product\/cool-porto-20200g\/","name":"Cool Porto Active City Break Portugal - Aventure L\u00e9gendaire DMC Portugal","isPartOf":{"@id":"https:\/\/legendatours.com\/#website"},"primaryImageOfPage":{"@id":"https:\/\/legendatours.com\/product\/cool-porto-20200g\/#primaryimage"},"image":{"@id":"https:\/\/legendatours.com\/product\/cool-porto-20200g\/#primaryimage"},"thumbnailUrl":"https:\/\/legendatours.com\/wp-content\/uploads\/sites\/12\/2021\/04\/Porto_aerial_view.jpg","datePublished":"2020-07-21T14:46:39+00:00","dateModified":"2021-11-22T12:38:02+00:00","breadcrumb":{"@id":"https:\/\/legendatours.com\/product\/cool-porto-20200g\/#breadcrumb"},"inLanguage":"fr-FR","potentialAction":[{"@type":"ReadAction","target":["https:\/\/legendatours.com\/product\/cool-porto-20200g\/"]}]},{"@type":"ImageObject","inLanguage":"fr-FR","@id":"https:\/\/legendatours.com\/product\/cool-porto-20200g\/#primaryimage","url":"https:\/\/legendatours.com\/wp-content\/uploads\/sites\/12\/2021\/04\/Porto_aerial_view.jpg","contentUrl":"https:\/\/legendatours.com\/wp-content\/uploads\/sites\/12\/2021\/04\/Porto_aerial_view.jpg","width":1200,"height":720,"caption":"Porto"},{"@type":"BreadcrumbList","@id":"https:\/\/legendatours.com\/product\/cool-porto-20200g\/#breadcrumb","itemListElement":[{"@type":"ListItem","position":1,"name":"Home","item":"https:\/\/legendatours.com\/"},{"@type":"ListItem","position":2,"name":"Shop","item":"https:\/\/legendatours.com\/sv\/?page_id=4"},{"@type":"ListItem","position":3,"name":"Cool Porto Active City Break Portugal"}]},{"@type":"WebSite","@id":"https:\/\/legendatours.com\/#website","url":"https:\/\/legendatours.com\/","name":"Aventure l\u00e9gendaire DMC Portugal","description":"Randonn\u00e9es responsables et vacances nature au Portugal","publisher":{"@id":"https:\/\/legendatours.com\/#organization"},"alternateName":"Legendary Adventure Portugal","potentialAction":[{"@type":"SearchAction","target":{"@type":"EntryPoint","urlTemplate":"https:\/\/legendatours.com\/?s={search_term_string}"},"query-input":{"@type":"PropertyValueSpecification","valueRequired":true,"valueName":"search_term_string"}}],"inLanguage":"fr-FR"},{"@type":"Organization","@id":"https:\/\/legendatours.com\/#organization","name":"legendatours.com","url":"https:\/\/legendatours.com\/","logo":{"@type":"ImageObject","inLanguage":"fr-FR","@id":"https:\/\/legendatours.com\/#\/schema\/logo\/image\/","url":"https:\/\/legendatours.com\/wp-content\/uploads\/sites\/12\/2021\/06\/legendary_adventure_dmc.png","contentUrl":"https:\/\/legendatours.com\/wp-content\/uploads\/sites\/12\/2021\/06\/legendary_adventure_dmc.png","width":250,"height":74,"caption":"legendatours.com"},"image":{"@id":"https:\/\/legendatours.com\/#\/schema\/logo\/image\/"},"sameAs":["https:\/\/www.facebook.com\/legendaryadventuredmc\/","https:\/\/www.linkedin.com\/company\/legendary-adventure-dmc-portugal","https:\/\/www.youtube.com\/channel\/UCOIRDx_KM6ynIcacQkZjb6g"]}]}},"_links":{"self":[{"href":"https:\/\/legendatours.com\/fr\/wp-json\/wp\/v2\/product\/7604","targetHints":{"allow":["GET"]}}],"collection":[{"href":"https:\/\/legendatours.com\/fr\/wp-json\/wp\/v2\/product"}],"about":[{"href":"https:\/\/legendatours.com\/fr\/wp-json\/wp\/v2\/types\/product"}],"replies":[{"embeddable":true,"href":"https:\/\/legendatours.com\/fr\/wp-json\/wp\/v2\/comments?post=7604"}],"wp:featuredmedia":[{"embeddable":true,"href":"https:\/\/legendatours.com\/fr\/wp-json\/wp\/v2\/media\/7600"}],"wp:attachment":[{"href":"https:\/\/legendatours.com\/fr\/wp-json\/wp\/v2\/media?parent=7604"}],"wp:term":[{"taxonomy":"product_brand","embeddable":true,"href":"https:\/\/legendatours.com\/fr\/wp-json\/wp\/v2\/product_brand?post=7604"},{"taxonomy":"product_cat","embeddable":true,"href":"https:\/\/legendatours.com\/fr\/wp-json\/wp\/v2\/product_cat?post=7604"},{"taxonomy":"product_tag","embeddable":true,"href":"https:\/\/legendatours.com\/fr\/wp-json\/wp\/v2\/product_tag?post=7604"}],"curies":[{"name":"wp","href":"https:\/\/api.w.org\/{rel}","templated":true}]}}