{"id":7612,"date":"2020-07-20T15:43:23","date_gmt":"2020-07-20T15:43:23","guid":{"rendered":"https:\/\/legendatours.com\/product\/portugal-holiday-in-porto-capital-of-the-north\/"},"modified":"2021-11-22T12:44:45","modified_gmt":"2021-11-22T12:44:45","slug":"porto-capital-of-the-north-10300g","status":"publish","type":"product","link":"https:\/\/legendatours.com\/fr\/produit\/porto-capital-of-the-north-10300g\/","title":{"rendered":"Portugal Vacances \u00e0 Porto, Capitale du Nord"},"content":{"rendered":"<p><strong>Groupes accept\u00e9s avec un minimum de 6 personnes.<\/strong><\/p>\n<p>&nbsp;<\/p>\n<p>Perch\u00e9e de fa\u00e7on spectaculaire \u00e0 l&#039;embouchure du Rio Douro, la ville de Porto est l&#039;une des destinations les plus \u00e9clectiques d&#039;Europe et d\u00e9gage une atmosph\u00e8re merveilleuse.<\/p>\n<p>Regorgeant d&#039;anciens et de grands monuments c\u00f4toyant la vie quotidienne portugaise, il n&#039;est pas surprenant que Porto ait \u00e9t\u00e9 \u00e9lue meilleure destination d&#039;Europe \u00e0 deux reprises au cours des quatre derni\u00e8res ann\u00e9es !<\/p>\n<p>La vieille ville color\u00e9e (Ribeira) de la charmante deuxi\u00e8me ville du Portugal est un site du patrimoine mondial de l&#039;UNESCO, regorgeant de b\u00e2timents historiques et de monuments exceptionnels ainsi que de rues m\u00e9di\u00e9vales pittoresques.<\/p>\n<div id=\"attachment_2529\" style=\"width: 1034px\" class=\"wp-caption alignnone\"><img loading=\"lazy\" decoding=\"async\" aria-describedby=\"caption-attachment-2529\" class=\"wp-image-2529 size-large\" title=\"Caf\u00e9s Ribeira dans l&#039;estuaire du fleuve Douro Porto\" src=\"https:\/\/legendatours.net\/wp-content\/uploads\/2020\/06\/Ribeira_cafes-1024x768.jpg\" alt=\"Ribeira cafes in Porto river Douro estuary\" width=\"1024\" height=\"768\" \/><p id=\"caption-attachment-2529\" class=\"wp-caption-text\">Caf\u00e9s de Ribeira dans l&#039;estuaire du fleuve Douro de Porto. Asseyez-vous dans l&#039;un des caf\u00e9s de rue de Cais da Ribeira, regardez passer les bateaux, \u00e9coutez de la musique de rue et essayez d&#039;identifier dans le paysage la cave \u00e0 vin de Porto que vous souhaitez visiter.<\/p><\/div>\n<p>Parmi les autres points forts de cette merveilleuse ville, citons la formidable cath\u00e9drale de Porto, le pont Dom Luis I (con\u00e7u par un disciple de Gustave Eiffel, Te\u00f3filo Seyrig), les caf\u00e9s Art nouveau, la Torre dos Cl\u00e9rigos et les c\u00e9l\u00e8bres loges \u00e0 vin de Porto qui dominent la colline de Vila Nova. de Ga\u00efa.<\/p>\n<p>&nbsp;<\/p>\n<div id=\"attachment_1931\" style=\"width: 1034px\" class=\"wp-caption alignnone\"><img loading=\"lazy\" decoding=\"async\" aria-describedby=\"caption-attachment-1931\" class=\"size-full wp-image-1931\" src=\"https:\/\/legendatours.net\/wp-content\/uploads\/2020\/03\/Art-deco-facade-Porto-e1611680378904.jpg\" alt=\"Art deco facade Porto\" width=\"1024\" height=\"683\" \/><p id=\"caption-attachment-1931\" class=\"wp-caption-text\">Fa\u00e7ade art d\u00e9co Porto. B\u00e2timents Art d\u00e9co dans le cadre de leur glamour et de leur patrimoine culturel, l&#039;abondance surprenante d&#039;architecture Art d\u00e9co d\u00e9cadente de Porto occupe des parties de l&#039;horizon de la ville.<\/p><\/div>\n<p>La ville d\u00e9gage un charme historique, et l&#039;on pourrait citer la librairie Lello, consid\u00e9r\u00e9e comme l&#039;une des plus belles du monde, avec ses int\u00e9rieurs n\u00e9o-gothiques remarquables, ou les carreaux exquis qui recouvrent la gare de S\u00e3o Bento, comme de beaux exemples d&#039;incontournables. endroits \u00e0 Porto.<\/p>\n<p>Cette ville offre une synth\u00e8se convaincante d&#039;attractions anciennes et contemporaines et c&#039;est un plaisir de se promener doucement \u00e0 travers son paysage diversifi\u00e9.<\/p>\n<div class=\"row\" style=\"display: flex;\">\n<div class=\"column\" style=\"flex: 45%;\">\n<p><iframe loading=\"lazy\" title=\"DANS L&#039;HUMEUR POUR PORTO : \u00c9PISODE UN | Guide de Voyage Porto 2019 | Le joyau du nord du Portugal \ud83c\uddf5\ud83c\uddf9\" width=\"1080\" height=\"608\" src=\"https:\/\/www.youtube.com\/embed\/Ip-ybLFbvCQ?feature=oembed\" frameborder=\"0\" allow=\"accelerometer; autoplay; clipboard-write; encrypted-media; gyroscope; picture-in-picture\" allowfullscreen><\/iframe><\/p>\n<\/div>\n<div class=\"column\" style=\"flex: 10%;\"><\/div>\n<div class=\"column\" style=\"flex: 45%;\">\n<p><iframe loading=\"lazy\" title=\"DANS L&#039;HUMEUR DE PORTO (Ep 2) | Attractions de Porto, Gastronomie et vins | Guide de voyage\" width=\"1080\" height=\"608\" src=\"https:\/\/www.youtube.com\/embed\/6PRWBBrmsOE?feature=oembed\" frameborder=\"0\" allow=\"accelerometer; autoplay; clipboard-write; encrypted-media; gyroscope; picture-in-picture\" allowfullscreen><\/iframe><\/p>\n<\/div>\n<\/div>","protected":false},"excerpt":{"rendered":"<p>Perch\u00e9e de fa\u00e7on spectaculaire \u00e0 l&#039;embouchure du Rio Douro, la ville de Porto est l&#039;une des destinations les plus \u00e9clectiques d&#039;Europe et d\u00e9gage une atmosph\u00e8re merveilleuse.<\/p>\n<p>Regorgeant d&#039;anciens et de grands monuments c\u00f4toyant la vie quotidienne portugaise, il n&#039;est pas surprenant que Porto ait \u00e9t\u00e9 \u00e9lue meilleure destination d&#039;Europe \u00e0 deux reprises au cours des quatre derni\u00e8res ann\u00e9es !<\/p>","protected":false},"featured_media":1707,"comment_status":"closed","ping_status":"closed","template":"","meta":{"_acf_changed":false,"inline_featured_image":false},"product_brand":[],"product_cat":[32,28,29,30],"product_tag":[235,349,39,350,40,43,48,49,50,192,51,135,52,54,362,55,140,272,246,56,353,354,119,57,58,356,59,226,1098,776,277,358,363,229,67,144,70,71,359,410],"class_list":{"0":"post-7612","1":"product","2":"type-product","3":"status-publish","4":"has-post-thumbnail","6":"product_cat-cultural-tours-and-holidays-in-portugal","7":"product_cat-guided-group-tours","8":"product_cat-portugal-guided-historical-holidays","9":"product_cat-guided-sightseeing-holidays-portugal","10":"product_tag-best-of-portugal","11":"product_tag-bolhao-market","12":"product_tag-douro-river","13":"product_tag-douro-riverbanks","14":"product_tag-douro-valley","15":"product_tag-fado","16":"product_tag-guided-tours","17":"product_tag-hidden-landscapes","18":"product_tag-historic","19":"product_tag-historic-buildings","20":"product_tag-historic-heritage","21":"product_tag-historic-monuments-in-porto","22":"product_tag-historic-town","23":"product_tag-historical-tour","24":"product_tag-lello-bookshop","25":"product_tag-local-gastronomy","26":"product_tag-major-cities-of-portugal","27":"product_tag-north-of-portugal","28":"product_tag-northern-portugal","29":"product_tag-oporto","30":"product_tag-port-lodges","31":"product_tag-port-wine","32":"product_tag-port-wine-cellars","33":"product_tag-porto","34":"product_tag-porto-bridges","35":"product_tag-porto-holidays","36":"product_tag-porto-world-heritage","37":"product_tag-portos-old-town","38":"product_tag-praca-da-ribeira","39":"product_tag-ribeira","40":"product_tag-river-douro","41":"product_tag-sao-bento-railway-station","42":"product_tag-shopping-in-porto","43":"product_tag-sightseeing-porto","44":"product_tag-torre-de-belem","45":"product_tag-torre-dos-clerigos","46":"product_tag-traditions","47":"product_tag-unesco-world-heritage-site","48":"product_tag-walks-porto","49":"product_tag-worlds-best-wines","51":"first","52":"instock","53":"virtual","54":"product-type-simple"},"acf":[],"yoast_head":"<!-- This site is optimized with the Yoast SEO Premium plugin v26.8 (Yoast SEO v27.4) - https:\/\/yoast.com\/product\/yoast-seo-premium-wordpress\/ -->\n<title>Portugal Holiday in Porto, Capital of the North - Legendary Adventure DMC Portugal<\/title>\n<meta name=\"robots\" content=\"index, follow, max-snippet:-1, max-image-preview:large, max-video-preview:-1\" \/>\n<link rel=\"canonical\" href=\"https:\/\/legendatours.com\/fr\/produit\/porto-capital-of-the-north-10300g\/\" \/>\n<meta property=\"og:locale\" content=\"fr_FR\" \/>\n<meta property=\"og:type\" content=\"article\" \/>\n<meta property=\"og:title\" content=\"Portugal Holiday in Porto, Capital of the North\" \/>\n<meta property=\"og:description\" content=\"Dramatically perched at the mouth of the Rio Douro, the city of Porto is one of the most eclectic destinations in Europe, and has a wonderful atmosphere.  Packed with ancient and great monuments rubbing shoulders with everyday Portuguese life, it comes as little surprise that Porto was elected Europe\u2019s best destination twice in the last four years!\" \/>\n<meta property=\"og:url\" content=\"https:\/\/legendatours.com\/fr\/produit\/porto-capital-of-the-north-10300g\/\" \/>\n<meta property=\"og:site_name\" content=\"Legendary Adventure DMC Portugal\" \/>\n<meta property=\"article:publisher\" content=\"https:\/\/www.facebook.com\/legendaryadventuredmc\/\" \/>\n<meta property=\"article:modified_time\" content=\"2021-11-22T12:44:45+00:00\" \/>\n<meta property=\"og:image\" content=\"https:\/\/legendatours.com\/wp-content\/uploads\/sites\/12\/2021\/04\/Ribeira_cafes.jpg\" \/>\n\t<meta property=\"og:image:width\" content=\"1066\" \/>\n\t<meta property=\"og:image:height\" content=\"800\" \/>\n\t<meta property=\"og:image:type\" content=\"image\/jpeg\" \/>\n<meta name=\"twitter:card\" content=\"summary_large_image\" \/>\n<meta name=\"twitter:label1\" content=\"Dur\u00e9e de lecture estim\u00e9e\" \/>\n\t<meta name=\"twitter:data1\" content=\"2 minutes\" \/>\n<script type=\"application\/ld+json\" class=\"yoast-schema-graph\">{\"@context\":\"https:\\\/\\\/schema.org\",\"@graph\":[{\"@type\":\"WebPage\",\"@id\":\"https:\\\/\\\/legendatours.com\\\/product\\\/porto-capital-of-the-north-10300g\\\/\",\"url\":\"https:\\\/\\\/legendatours.com\\\/product\\\/porto-capital-of-the-north-10300g\\\/\",\"name\":\"Portugal Holiday in Porto, Capital of the North - Legendary Adventure DMC Portugal\",\"isPartOf\":{\"@id\":\"https:\\\/\\\/legendatours.com\\\/#website\"},\"primaryImageOfPage\":{\"@id\":\"https:\\\/\\\/legendatours.com\\\/product\\\/porto-capital-of-the-north-10300g\\\/#primaryimage\"},\"image\":{\"@id\":\"https:\\\/\\\/legendatours.com\\\/product\\\/porto-capital-of-the-north-10300g\\\/#primaryimage\"},\"thumbnailUrl\":\"https:\\\/\\\/legendatours.com\\\/wp-content\\\/uploads\\\/sites\\\/12\\\/2021\\\/04\\\/Ribeira_cafes.jpg\",\"datePublished\":\"2020-07-20T15:43:23+00:00\",\"dateModified\":\"2021-11-22T12:44:45+00:00\",\"breadcrumb\":{\"@id\":\"https:\\\/\\\/legendatours.com\\\/product\\\/porto-capital-of-the-north-10300g\\\/#breadcrumb\"},\"inLanguage\":\"fr-FR\",\"potentialAction\":[{\"@type\":\"ReadAction\",\"target\":[\"https:\\\/\\\/legendatours.com\\\/product\\\/porto-capital-of-the-north-10300g\\\/\"]}]},{\"@type\":\"ImageObject\",\"inLanguage\":\"fr-FR\",\"@id\":\"https:\\\/\\\/legendatours.com\\\/product\\\/porto-capital-of-the-north-10300g\\\/#primaryimage\",\"url\":\"https:\\\/\\\/legendatours.com\\\/wp-content\\\/uploads\\\/sites\\\/12\\\/2021\\\/04\\\/Ribeira_cafes.jpg\",\"contentUrl\":\"https:\\\/\\\/legendatours.com\\\/wp-content\\\/uploads\\\/sites\\\/12\\\/2021\\\/04\\\/Ribeira_cafes.jpg\",\"width\":1066,\"height\":800,\"caption\":\"Ribeira cafes in Porto river Douro estuary\"},{\"@type\":\"BreadcrumbList\",\"@id\":\"https:\\\/\\\/legendatours.com\\\/product\\\/porto-capital-of-the-north-10300g\\\/#breadcrumb\",\"itemListElement\":[{\"@type\":\"ListItem\",\"position\":1,\"name\":\"Home\",\"item\":\"https:\\\/\\\/legendatours.com\\\/\"},{\"@type\":\"ListItem\",\"position\":2,\"name\":\"Shop\",\"item\":\"https:\\\/\\\/legendatours.com\\\/sv\\\/?page_id=4\"},{\"@type\":\"ListItem\",\"position\":3,\"name\":\"Portugal Holiday in Porto, Capital of the North\"}]},{\"@type\":\"WebSite\",\"@id\":\"https:\\\/\\\/legendatours.com\\\/#website\",\"url\":\"https:\\\/\\\/legendatours.com\\\/\",\"name\":\"Legendary Adventure DMC Portugal\",\"description\":\"Responsible Walking &amp; Nature Holidays in Portugal\",\"publisher\":{\"@id\":\"https:\\\/\\\/legendatours.com\\\/#organization\"},\"alternateName\":\"Legendary Adventure Portugal\",\"potentialAction\":[{\"@type\":\"SearchAction\",\"target\":{\"@type\":\"EntryPoint\",\"urlTemplate\":\"https:\\\/\\\/legendatours.com\\\/?s={search_term_string}\"},\"query-input\":{\"@type\":\"PropertyValueSpecification\",\"valueRequired\":true,\"valueName\":\"search_term_string\"}}],\"inLanguage\":\"fr-FR\"},{\"@type\":\"Organization\",\"@id\":\"https:\\\/\\\/legendatours.com\\\/#organization\",\"name\":\"legendatours.com\",\"url\":\"https:\\\/\\\/legendatours.com\\\/\",\"logo\":{\"@type\":\"ImageObject\",\"inLanguage\":\"fr-FR\",\"@id\":\"https:\\\/\\\/legendatours.com\\\/#\\\/schema\\\/logo\\\/image\\\/\",\"url\":\"https:\\\/\\\/legendatours.com\\\/wp-content\\\/uploads\\\/sites\\\/12\\\/2021\\\/06\\\/legendary_adventure_dmc.png\",\"contentUrl\":\"https:\\\/\\\/legendatours.com\\\/wp-content\\\/uploads\\\/sites\\\/12\\\/2021\\\/06\\\/legendary_adventure_dmc.png\",\"width\":250,\"height\":74,\"caption\":\"legendatours.com\"},\"image\":{\"@id\":\"https:\\\/\\\/legendatours.com\\\/#\\\/schema\\\/logo\\\/image\\\/\"},\"sameAs\":[\"https:\\\/\\\/www.facebook.com\\\/legendaryadventuredmc\\\/\",\"https:\\\/\\\/www.linkedin.com\\\/company\\\/legendary-adventure-dmc-portugal\",\"https:\\\/\\\/www.youtube.com\\\/channel\\\/UCOIRDx_KM6ynIcacQkZjb6g\"]}]}<\/script>\n<!-- \/ Yoast SEO Premium plugin. -->","yoast_head_json":{"title":"Vacances \u00e0 Porto, capitale du Nord - Legendary Adventure DMC Portugal","robots":{"index":"index","follow":"follow","max-snippet":"max-snippet:-1","max-image-preview":"max-image-preview:large","max-video-preview":"max-video-preview:-1"},"canonical":"https:\/\/legendatours.com\/fr\/produit\/porto-capital-of-the-north-10300g\/","og_locale":"fr_FR","og_type":"article","og_title":"Portugal Holiday in Porto, Capital of the North","og_description":"Dramatically perched at the mouth of the Rio Douro, the city of Porto is one of the most eclectic destinations in Europe, and has a wonderful atmosphere.  Packed with ancient and great monuments rubbing shoulders with everyday Portuguese life, it comes as little surprise that Porto was elected Europe\u2019s best destination twice in the last four years!","og_url":"https:\/\/legendatours.com\/fr\/produit\/porto-capital-of-the-north-10300g\/","og_site_name":"Legendary Adventure DMC Portugal","article_publisher":"https:\/\/www.facebook.com\/legendaryadventuredmc\/","article_modified_time":"2021-11-22T12:44:45+00:00","og_image":[{"width":1066,"height":800,"url":"https:\/\/legendatours.com\/wp-content\/uploads\/sites\/12\/2021\/04\/Ribeira_cafes.jpg","type":"image\/jpeg"}],"twitter_card":"summary_large_image","twitter_misc":{"Dur\u00e9e de lecture estim\u00e9e":"2 minutes"},"schema":{"@context":"https:\/\/schema.org","@graph":[{"@type":"WebPage","@id":"https:\/\/legendatours.com\/product\/porto-capital-of-the-north-10300g\/","url":"https:\/\/legendatours.com\/product\/porto-capital-of-the-north-10300g\/","name":"Vacances \u00e0 Porto, capitale du Nord - Legendary Adventure DMC Portugal","isPartOf":{"@id":"https:\/\/legendatours.com\/#website"},"primaryImageOfPage":{"@id":"https:\/\/legendatours.com\/product\/porto-capital-of-the-north-10300g\/#primaryimage"},"image":{"@id":"https:\/\/legendatours.com\/product\/porto-capital-of-the-north-10300g\/#primaryimage"},"thumbnailUrl":"https:\/\/legendatours.com\/wp-content\/uploads\/sites\/12\/2021\/04\/Ribeira_cafes.jpg","datePublished":"2020-07-20T15:43:23+00:00","dateModified":"2021-11-22T12:44:45+00:00","breadcrumb":{"@id":"https:\/\/legendatours.com\/product\/porto-capital-of-the-north-10300g\/#breadcrumb"},"inLanguage":"fr-FR","potentialAction":[{"@type":"ReadAction","target":["https:\/\/legendatours.com\/product\/porto-capital-of-the-north-10300g\/"]}]},{"@type":"ImageObject","inLanguage":"fr-FR","@id":"https:\/\/legendatours.com\/product\/porto-capital-of-the-north-10300g\/#primaryimage","url":"https:\/\/legendatours.com\/wp-content\/uploads\/sites\/12\/2021\/04\/Ribeira_cafes.jpg","contentUrl":"https:\/\/legendatours.com\/wp-content\/uploads\/sites\/12\/2021\/04\/Ribeira_cafes.jpg","width":1066,"height":800,"caption":"Ribeira cafes in Porto river Douro estuary"},{"@type":"BreadcrumbList","@id":"https:\/\/legendatours.com\/product\/porto-capital-of-the-north-10300g\/#breadcrumb","itemListElement":[{"@type":"ListItem","position":1,"name":"Home","item":"https:\/\/legendatours.com\/"},{"@type":"ListItem","position":2,"name":"Shop","item":"https:\/\/legendatours.com\/sv\/?page_id=4"},{"@type":"ListItem","position":3,"name":"Portugal Holiday in Porto, Capital of the North"}]},{"@type":"WebSite","@id":"https:\/\/legendatours.com\/#website","url":"https:\/\/legendatours.com\/","name":"Aventure l\u00e9gendaire DMC Portugal","description":"Randonn\u00e9es responsables et vacances nature au Portugal","publisher":{"@id":"https:\/\/legendatours.com\/#organization"},"alternateName":"Legendary Adventure Portugal","potentialAction":[{"@type":"SearchAction","target":{"@type":"EntryPoint","urlTemplate":"https:\/\/legendatours.com\/?s={search_term_string}"},"query-input":{"@type":"PropertyValueSpecification","valueRequired":true,"valueName":"search_term_string"}}],"inLanguage":"fr-FR"},{"@type":"Organization","@id":"https:\/\/legendatours.com\/#organization","name":"legendatours.com","url":"https:\/\/legendatours.com\/","logo":{"@type":"ImageObject","inLanguage":"fr-FR","@id":"https:\/\/legendatours.com\/#\/schema\/logo\/image\/","url":"https:\/\/legendatours.com\/wp-content\/uploads\/sites\/12\/2021\/06\/legendary_adventure_dmc.png","contentUrl":"https:\/\/legendatours.com\/wp-content\/uploads\/sites\/12\/2021\/06\/legendary_adventure_dmc.png","width":250,"height":74,"caption":"legendatours.com"},"image":{"@id":"https:\/\/legendatours.com\/#\/schema\/logo\/image\/"},"sameAs":["https:\/\/www.facebook.com\/legendaryadventuredmc\/","https:\/\/www.linkedin.com\/company\/legendary-adventure-dmc-portugal","https:\/\/www.youtube.com\/channel\/UCOIRDx_KM6ynIcacQkZjb6g"]}]}},"_links":{"self":[{"href":"https:\/\/legendatours.com\/fr\/wp-json\/wp\/v2\/product\/7612","targetHints":{"allow":["GET"]}}],"collection":[{"href":"https:\/\/legendatours.com\/fr\/wp-json\/wp\/v2\/product"}],"about":[{"href":"https:\/\/legendatours.com\/fr\/wp-json\/wp\/v2\/types\/product"}],"replies":[{"embeddable":true,"href":"https:\/\/legendatours.com\/fr\/wp-json\/wp\/v2\/comments?post=7612"}],"wp:featuredmedia":[{"embeddable":true,"href":"https:\/\/legendatours.com\/fr\/wp-json\/wp\/v2\/media\/1707"}],"wp:attachment":[{"href":"https:\/\/legendatours.com\/fr\/wp-json\/wp\/v2\/media?parent=7612"}],"wp:term":[{"taxonomy":"product_brand","embeddable":true,"href":"https:\/\/legendatours.com\/fr\/wp-json\/wp\/v2\/product_brand?post=7612"},{"taxonomy":"product_cat","embeddable":true,"href":"https:\/\/legendatours.com\/fr\/wp-json\/wp\/v2\/product_cat?post=7612"},{"taxonomy":"product_tag","embeddable":true,"href":"https:\/\/legendatours.com\/fr\/wp-json\/wp\/v2\/product_tag?post=7612"}],"curies":[{"name":"wp","href":"https:\/\/api.w.org\/{rel}","templated":true}]}}