{"id":7625,"date":"2020-07-15T11:17:56","date_gmt":"2020-07-15T11:17:56","guid":{"rendered":"https:\/\/legendatours.com\/product\/the-best-north-of-portugal-scenic-rail-routes\/"},"modified":"2022-01-12T14:31:00","modified_gmt":"2022-01-12T14:31:00","slug":"north-of-portugal-8100g","status":"publish","type":"product","link":"https:\/\/legendatours.com\/fr\/produit\/north-of-portugal-8100g\/","title":{"rendered":"Les meilleurs itin\u00e9raires ferroviaires panoramiques du nord du Portugal"},"content":{"rendered":"<p><strong>Groupes accept\u00e9s avec un minimum de 6 personnes.<\/strong><\/p>\n<p>&nbsp;<\/p>\n<p>Ces vacances nous emm\u00e8neront sur certaines des routes ferroviaires les plus pittoresques du nord du Portugal.<\/p>\n<p>Nous profiterons de paysages \u00e9poustouflants, de l&#039;opportunit\u00e9 de visiter de charmantes villes et villages et de nous arr\u00eater dans des endroits strat\u00e9giques pour admirer le mat\u00e9riel roulant historique ainsi que les gares magnifiquement d\u00e9cor\u00e9es.<\/p>\n<p>Nous prendrons \u00e9galement le temps de fl\u00e2ner et de visiter d&#039;incroyables sites class\u00e9s au patrimoine mondial de l&#039;UNESCO.<\/p>\n<div id=\"attachment_3845\" style=\"width: 1034px\" class=\"wp-caption alignnone\"><img loading=\"lazy\" decoding=\"async\" aria-describedby=\"caption-attachment-3845\" class=\"wp-image-3845 size-large\" title=\"Les routes ferroviaires les plus pittoresques du Douro au Portugal\" src=\"https:\/\/legendatours.net\/wp-content\/uploads\/2020\/07\/douro_railway-1024x677.jpg\" alt=\"Douro most scenic rail routes in Portugal\" width=\"1024\" height=\"677\" \/><p id=\"caption-attachment-3845\" class=\"wp-caption-text\">Train Douro paysages magnifiques Portugal<\/p><\/div>\n<p>L&#039;histoire du chemin de fer au Portugal est tr\u00e8s riche et vari\u00e9e comme en t\u00e9moignent le contenu des diff\u00e9rents mus\u00e9es que nous visiterons et le parc ferroviaire d&#039;aujourd&#039;hui \u00e9galement.<br \/>\nL&#039;ing\u00e9nierie, l&#039;art et la science se recoupent avec la vie des soci\u00e9t\u00e9s, des groupes et des individus.<\/p>\n<p>Le chemin de fer a d\u00e9frich\u00e9 de nouveaux territoires, cr\u00e9\u00e9 des villes, reli\u00e9 des communaut\u00e9s plus ou moins \u00e9loign\u00e9es, cr\u00e9\u00e9 et soutenu de nouvelles opportunit\u00e9s et de nouveaux besoins, chang\u00e9 notre fa\u00e7on de voir et de vivre dans le monde.<\/p>\n<p>L&#039;histoire des trains au Portugal a commenc\u00e9 en octobre 1856, pendant la r\u00e9volution industrielle, lorsque le premier voyage entre Lisbonne et Carregado a eu lieu.<\/p>\n<p>Le voyage inaugural de 37 km aurait d\u00fb avoir la pr\u00e9sence du roi Pedro V, mais il est arriv\u00e9 en retard et le train, baptis\u00e9 D. Luis, est parti sans le passager royal.<\/p>\n<p>Le r\u00e9seau ferroviaire se d\u00e9veloppe rapidement dans les ann\u00e9es suivantes, notamment sous l&#039;influence de Fontes Pereira de Melo, ministre des Travaux publics. En 1861 le train arrive \u00e0 la fronti\u00e8re avec l&#039;Espagne, pr\u00e8s de Badajoz, et l&#039;ann\u00e9e suivante, la liaison entre Lisbonne et Porto est assur\u00e9e.<\/p>\n<div id=\"attachment_2537\" style=\"width: 1034px\" class=\"wp-caption alignnone\"><img loading=\"lazy\" decoding=\"async\" aria-describedby=\"caption-attachment-2537\" class=\"wp-image-2537 size-large\" title=\"Train in Douro line - Prenez le train, et profitez de vos vacances \u00e0 pied dans ce lieu hors du temps et magique !\" src=\"https:\/\/legendatours.net\/wp-content\/uploads\/2020\/06\/train_douro-1024x683.jpg\" alt=\"Train in Douro line - Take the train, and enjoy your walking holidays in this timeless and magical place!\" width=\"1024\" height=\"683\" \/><p id=\"caption-attachment-2537\" class=\"wp-caption-text\">Train de la ligne du Douro \u2013 Prenez le train, et profitez de vos vacances \u00e0 pied dans ce lieu hors du temps et magique !<\/p><\/div>\n<p>Les premiers moteurs diesel arrivent en 1948, annonciateurs de la fin de l&#039;\u00e8re des locomotives \u00e0 vapeur. Plus tard, les trains ont commenc\u00e9 \u00e0 utiliser l&#039;\u00e9lectricit\u00e9 et, plus r\u00e9cemment, leur circulation est de plus en plus informatis\u00e9e.<\/p>\n<p>Nous commencerons la visite par une visite des nombreux charmes de Porto, des monuments antiques au magnifique littoral. \u00c0 Porto, \u00e9galement un site du patrimoine mondial, nous prendrons un charmant tramway jusqu&#039;\u00e0 Foz et visiterons le mus\u00e9e national du tramway.<\/p>\n<p>De notre base, Porto, nous visiterons Viana do Castelo, le joyau du Minho; prenez un train pour Guimar\u00e3es, la ville natale du Portugal et un site du patrimoine mondial ; Aveiro avec son magnifique syst\u00e8me de lagunes et de maisons aux couleurs vives et Coimbra, qui abrite l&#039;une des plus anciennes universit\u00e9s d&#039;Europe.<\/p>\n<p>Et bien s\u00fbr, nous terminons par une superbe croisi\u00e8re fluviale sur le magnifique fleuve Douro et un trajet en train le long du Rio Douro, l&#039;une des grandes exp\u00e9riences m\u00e9connues d&#039;une visite au Portugal.<\/p>\n<p>Le paysage est \u00e0 couper le souffle, et beaucoup disent que c&#039;est l&#039;un des plus grands voyages en train au monde.<\/p>\n<div class=\"row\" style=\"display: flex;\">\n<div class=\"column\" style=\"flex: 45%;\">\n<p><iframe loading=\"lazy\" title=\"Le Portugal comme jamais vu auparavant (patrimoine)\" width=\"1080\" height=\"608\" src=\"https:\/\/www.youtube.com\/embed\/AwMagvRIWhc?list=PLuMAo-oYl9zgZ7THp1rusNGKOkYZUOfhp\" frameborder=\"0\" allow=\"accelerometer; autoplay; clipboard-write; encrypted-media; gyroscope; picture-in-picture\" allowfullscreen><\/iframe><\/p>\n<\/div>\n<div class=\"column\" style=\"flex: 10%;\"><\/div>\n<div class=\"column\" style=\"flex: 45%;\">\n<p><iframe loading=\"lazy\" title=\"Caminho Portugu\u00eas da Costa - EM CADA PASSO, UM SENTIDO - V02\" width=\"1080\" height=\"608\" src=\"https:\/\/www.youtube.com\/embed\/qFqhYRKPTK8?feature=oembed\" frameborder=\"0\" allow=\"accelerometer; autoplay; clipboard-write; encrypted-media; gyroscope; picture-in-picture\" allowfullscreen><\/iframe><\/p>\n<\/div>\n<\/div>","protected":false},"excerpt":{"rendered":"<p>Ces vacances nous emm\u00e8neront sur certaines des routes ferroviaires les plus pittoresques du nord du Portugal.<\/p>\n<p>Nous profiterons de paysages \u00e9poustouflants, de l&#039;opportunit\u00e9 de visiter de charmantes villes et villages et de nous arr\u00eater dans des endroits strat\u00e9giques pour admirer le mat\u00e9riel roulant historique ainsi que les gares magnifiquement d\u00e9cor\u00e9es.<\/p>\n<p>Nous prendrons \u00e9galement le temps de fl\u00e2ner et de visiter d&#039;incroyables sites class\u00e9s au patrimoine mondial de l&#039;UNESCO.<\/p>\n<p>L&#039;histoire du chemin de fer au Portugal est tr\u00e8s riche et vari\u00e9e comme en t\u00e9moignent le contenu des diff\u00e9rents mus\u00e9es que nous visiterons et le parc ferroviaire d&#039;aujourd&#039;hui \u00e9galement.<\/p>\n<p>L&#039;ing\u00e9nierie, l&#039;art et la science se recoupent avec la vie des soci\u00e9t\u00e9s, des groupes et des individus.<\/p>","protected":false},"featured_media":1646,"comment_status":"closed","ping_status":"closed","template":"","meta":{"_acf_changed":false,"inline_featured_image":false},"product_brand":[],"product_cat":[32,28,29,30,264],"product_tag":[265,369,78,267,36,370,37,39,46,87,117,217,195,371,55,242,95,221,223,272,246,56,57,273,274,275,276,408,372,62,63,358,280,281,282,283,284,285,71,230,263,668],"class_list":{"0":"post-7625","1":"product","2":"type-product","3":"status-publish","4":"has-post-thumbnail","6":"product_cat-cultural-tours-and-holidays-in-portugal","7":"product_cat-guided-group-tours","8":"product_cat-portugal-guided-historical-holidays","9":"product_cat-guided-sightseeing-holidays-portugal","10":"product_cat-guided-train-tours-and-rail-holiday-in-portugal","11":"product_tag-aveiro","12":"product_tag-badajoz","13":"product_tag-beautiful-landscapes","14":"product_tag-coimbra","15":"product_tag-cultural-heritage","16":"product_tag-d-luis","17":"product_tag-d-luis-i-bridge","18":"product_tag-douro-river","19":"product_tag-gastronomy-and-wines","20":"product_tag-green-landscape","21":"product_tag-guimaraes","22":"product_tag-heritage","23":"product_tag-history-and-heritage","24":"product_tag-industrial-revolution","25":"product_tag-local-gastronomy","26":"product_tag-longest-funicular-in-portugal","27":"product_tag-magnificent-landscape","28":"product_tag-minho-region-portugal","29":"product_tag-monuments","30":"product_tag-north-of-portugal","31":"product_tag-northern-portugal","32":"product_tag-oporto","33":"product_tag-porto","34":"product_tag-rail-holiday","35":"product_tag-rail-holidays","36":"product_tag-rail-routes-in-portugal","37":"product_tag-railroad","38":"product_tag-regua","39":"product_tag-ria-of-aveiro","40":"product_tag-rio-douro","41":"product_tag-river-cruise-douro","42":"product_tag-sao-bento-railway-station","43":"product_tag-train","44":"product_tag-train-holidays","45":"product_tag-train-journey-up-the-douro-valley","46":"product_tag-train-tour","47":"product_tag-tram-museum","48":"product_tag-travel-train-tour-in-portugal","49":"product_tag-unesco-world-heritage-site","50":"product_tag-viana-do-castelo","51":"product_tag-vintage-trams","52":"product_tag-vouga","54":"first","55":"instock","56":"virtual","57":"product-type-simple"},"acf":[],"yoast_head":"<!-- This site is optimized with the Yoast SEO Premium plugin v26.8 (Yoast SEO v27.5) - https:\/\/yoast.com\/product\/yoast-seo-premium-wordpress\/ -->\n<title>The Best North of Portugal Scenic Rail Routes - Legendary Adventure DMC Portugal<\/title>\n<meta name=\"robots\" content=\"index, follow, max-snippet:-1, max-image-preview:large, max-video-preview:-1\" \/>\n<link rel=\"canonical\" href=\"https:\/\/legendatours.com\/fr\/produit\/north-of-portugal-8100g\/\" \/>\n<meta property=\"og:locale\" content=\"fr_FR\" \/>\n<meta property=\"og:type\" content=\"article\" \/>\n<meta property=\"og:title\" content=\"The Best North of Portugal Scenic Rail Routes\" \/>\n<meta property=\"og:description\" content=\"This holiday will take us on some of the most scenic rail routes in the north of Portugal.  We will enjoy stunning landscapes, the opportunity to visit lovely towns and villages and stop in strategic places to admire historic rolling stock as well as gorgeously decorated train stations.  We\u2019ll also take time to wander and visit some amazing UNESCO World Heritage Sites.  The history of the railroad in Portugal is very rich and varied as evidenced by the contents of the various museums we will visit and today\u2019s rail stock as well.  Engineering, art, and science intersect with the lives of societies, groups, and individuals.\" \/>\n<meta property=\"og:url\" content=\"https:\/\/legendatours.com\/fr\/produit\/north-of-portugal-8100g\/\" \/>\n<meta property=\"og:site_name\" content=\"Legendary Adventure DMC Portugal\" \/>\n<meta property=\"article:publisher\" content=\"https:\/\/www.facebook.com\/legendaryadventuredmc\/\" \/>\n<meta property=\"article:modified_time\" content=\"2022-01-12T14:31:00+00:00\" \/>\n<meta property=\"og:image\" content=\"https:\/\/legendatours.com\/wp-content\/uploads\/sites\/12\/2021\/04\/Douro-river-Porto-e1611680513914.jpg\" \/>\n\t<meta property=\"og:image:width\" content=\"1024\" \/>\n\t<meta property=\"og:image:height\" content=\"686\" \/>\n\t<meta property=\"og:image:type\" content=\"image\/jpeg\" \/>\n<meta name=\"twitter:card\" content=\"summary_large_image\" \/>\n<meta name=\"twitter:label1\" content=\"Dur\u00e9e de lecture estim\u00e9e\" \/>\n\t<meta name=\"twitter:data1\" content=\"2 minutes\" \/>\n<script type=\"application\/ld+json\" class=\"yoast-schema-graph\">{\"@context\":\"https:\\\/\\\/schema.org\",\"@graph\":[{\"@type\":\"WebPage\",\"@id\":\"https:\\\/\\\/legendatours.com\\\/product\\\/north-of-portugal-8100g\\\/\",\"url\":\"https:\\\/\\\/legendatours.com\\\/product\\\/north-of-portugal-8100g\\\/\",\"name\":\"The Best North of Portugal Scenic Rail Routes - Legendary Adventure DMC Portugal\",\"isPartOf\":{\"@id\":\"https:\\\/\\\/legendatours.com\\\/#website\"},\"primaryImageOfPage\":{\"@id\":\"https:\\\/\\\/legendatours.com\\\/product\\\/north-of-portugal-8100g\\\/#primaryimage\"},\"image\":{\"@id\":\"https:\\\/\\\/legendatours.com\\\/product\\\/north-of-portugal-8100g\\\/#primaryimage\"},\"thumbnailUrl\":\"https:\\\/\\\/legendatours.com\\\/wp-content\\\/uploads\\\/sites\\\/12\\\/2021\\\/04\\\/Douro-river-Porto-e1611680513914.jpg\",\"datePublished\":\"2020-07-15T11:17:56+00:00\",\"dateModified\":\"2022-01-12T14:31:00+00:00\",\"breadcrumb\":{\"@id\":\"https:\\\/\\\/legendatours.com\\\/product\\\/north-of-portugal-8100g\\\/#breadcrumb\"},\"inLanguage\":\"fr-FR\",\"potentialAction\":[{\"@type\":\"ReadAction\",\"target\":[\"https:\\\/\\\/legendatours.com\\\/product\\\/north-of-portugal-8100g\\\/\"]}]},{\"@type\":\"ImageObject\",\"inLanguage\":\"fr-FR\",\"@id\":\"https:\\\/\\\/legendatours.com\\\/product\\\/north-of-portugal-8100g\\\/#primaryimage\",\"url\":\"https:\\\/\\\/legendatours.com\\\/wp-content\\\/uploads\\\/sites\\\/12\\\/2021\\\/04\\\/Douro-river-Porto-e1611680513914.jpg\",\"contentUrl\":\"https:\\\/\\\/legendatours.com\\\/wp-content\\\/uploads\\\/sites\\\/12\\\/2021\\\/04\\\/Douro-river-Porto-e1611680513914.jpg\",\"width\":1024,\"height\":686,\"caption\":\"Douro river Porto\"},{\"@type\":\"BreadcrumbList\",\"@id\":\"https:\\\/\\\/legendatours.com\\\/product\\\/north-of-portugal-8100g\\\/#breadcrumb\",\"itemListElement\":[{\"@type\":\"ListItem\",\"position\":1,\"name\":\"Home\",\"item\":\"https:\\\/\\\/legendatours.com\\\/\"},{\"@type\":\"ListItem\",\"position\":2,\"name\":\"Shop\",\"item\":\"https:\\\/\\\/legendatours.com\\\/sv\\\/?page_id=4\"},{\"@type\":\"ListItem\",\"position\":3,\"name\":\"The Best North of Portugal Scenic Rail Routes\"}]},{\"@type\":\"WebSite\",\"@id\":\"https:\\\/\\\/legendatours.com\\\/#website\",\"url\":\"https:\\\/\\\/legendatours.com\\\/\",\"name\":\"Legendary Adventure DMC Portugal\",\"description\":\"Responsible Walking &amp; Nature Holidays in Portugal\",\"publisher\":{\"@id\":\"https:\\\/\\\/legendatours.com\\\/#organization\"},\"alternateName\":\"Legendary Adventure Portugal\",\"potentialAction\":[{\"@type\":\"SearchAction\",\"target\":{\"@type\":\"EntryPoint\",\"urlTemplate\":\"https:\\\/\\\/legendatours.com\\\/?s={search_term_string}\"},\"query-input\":{\"@type\":\"PropertyValueSpecification\",\"valueRequired\":true,\"valueName\":\"search_term_string\"}}],\"inLanguage\":\"fr-FR\"},{\"@type\":\"Organization\",\"@id\":\"https:\\\/\\\/legendatours.com\\\/#organization\",\"name\":\"legendatours.com\",\"url\":\"https:\\\/\\\/legendatours.com\\\/\",\"logo\":{\"@type\":\"ImageObject\",\"inLanguage\":\"fr-FR\",\"@id\":\"https:\\\/\\\/legendatours.com\\\/#\\\/schema\\\/logo\\\/image\\\/\",\"url\":\"https:\\\/\\\/legendatours.com\\\/wp-content\\\/uploads\\\/sites\\\/12\\\/2021\\\/06\\\/legendary_adventure_dmc.png\",\"contentUrl\":\"https:\\\/\\\/legendatours.com\\\/wp-content\\\/uploads\\\/sites\\\/12\\\/2021\\\/06\\\/legendary_adventure_dmc.png\",\"width\":250,\"height\":74,\"caption\":\"legendatours.com\"},\"image\":{\"@id\":\"https:\\\/\\\/legendatours.com\\\/#\\\/schema\\\/logo\\\/image\\\/\"},\"sameAs\":[\"https:\\\/\\\/www.facebook.com\\\/legendaryadventuredmc\\\/\",\"https:\\\/\\\/www.linkedin.com\\\/company\\\/legendary-adventure-dmc-portugal\",\"https:\\\/\\\/www.youtube.com\\\/channel\\\/UCOIRDx_KM6ynIcacQkZjb6g\"]}]}<\/script>\n<!-- \/ Yoast SEO Premium plugin. -->","yoast_head_json":{"title":"Les meilleurs itin\u00e9raires ferroviaires panoramiques du nord du Portugal - L&#039;aventure l\u00e9gendaire DMC Portugal","robots":{"index":"index","follow":"follow","max-snippet":"max-snippet:-1","max-image-preview":"max-image-preview:large","max-video-preview":"max-video-preview:-1"},"canonical":"https:\/\/legendatours.com\/fr\/produit\/north-of-portugal-8100g\/","og_locale":"fr_FR","og_type":"article","og_title":"The Best North of Portugal Scenic Rail Routes","og_description":"This holiday will take us on some of the most scenic rail routes in the north of Portugal.  We will enjoy stunning landscapes, the opportunity to visit lovely towns and villages and stop in strategic places to admire historic rolling stock as well as gorgeously decorated train stations.  We\u2019ll also take time to wander and visit some amazing UNESCO World Heritage Sites.  The history of the railroad in Portugal is very rich and varied as evidenced by the contents of the various museums we will visit and today\u2019s rail stock as well.  Engineering, art, and science intersect with the lives of societies, groups, and individuals.","og_url":"https:\/\/legendatours.com\/fr\/produit\/north-of-portugal-8100g\/","og_site_name":"Legendary Adventure DMC Portugal","article_publisher":"https:\/\/www.facebook.com\/legendaryadventuredmc\/","article_modified_time":"2022-01-12T14:31:00+00:00","og_image":[{"width":1024,"height":686,"url":"https:\/\/legendatours.com\/wp-content\/uploads\/sites\/12\/2021\/04\/Douro-river-Porto-e1611680513914.jpg","type":"image\/jpeg"}],"twitter_card":"summary_large_image","twitter_misc":{"Dur\u00e9e de lecture estim\u00e9e":"2 minutes"},"schema":{"@context":"https:\/\/schema.org","@graph":[{"@type":"WebPage","@id":"https:\/\/legendatours.com\/product\/north-of-portugal-8100g\/","url":"https:\/\/legendatours.com\/product\/north-of-portugal-8100g\/","name":"Les meilleurs itin\u00e9raires ferroviaires panoramiques du nord du Portugal - L&#039;aventure l\u00e9gendaire DMC Portugal","isPartOf":{"@id":"https:\/\/legendatours.com\/#website"},"primaryImageOfPage":{"@id":"https:\/\/legendatours.com\/product\/north-of-portugal-8100g\/#primaryimage"},"image":{"@id":"https:\/\/legendatours.com\/product\/north-of-portugal-8100g\/#primaryimage"},"thumbnailUrl":"https:\/\/legendatours.com\/wp-content\/uploads\/sites\/12\/2021\/04\/Douro-river-Porto-e1611680513914.jpg","datePublished":"2020-07-15T11:17:56+00:00","dateModified":"2022-01-12T14:31:00+00:00","breadcrumb":{"@id":"https:\/\/legendatours.com\/product\/north-of-portugal-8100g\/#breadcrumb"},"inLanguage":"fr-FR","potentialAction":[{"@type":"ReadAction","target":["https:\/\/legendatours.com\/product\/north-of-portugal-8100g\/"]}]},{"@type":"ImageObject","inLanguage":"fr-FR","@id":"https:\/\/legendatours.com\/product\/north-of-portugal-8100g\/#primaryimage","url":"https:\/\/legendatours.com\/wp-content\/uploads\/sites\/12\/2021\/04\/Douro-river-Porto-e1611680513914.jpg","contentUrl":"https:\/\/legendatours.com\/wp-content\/uploads\/sites\/12\/2021\/04\/Douro-river-Porto-e1611680513914.jpg","width":1024,"height":686,"caption":"Douro river Porto"},{"@type":"BreadcrumbList","@id":"https:\/\/legendatours.com\/product\/north-of-portugal-8100g\/#breadcrumb","itemListElement":[{"@type":"ListItem","position":1,"name":"Home","item":"https:\/\/legendatours.com\/"},{"@type":"ListItem","position":2,"name":"Shop","item":"https:\/\/legendatours.com\/sv\/?page_id=4"},{"@type":"ListItem","position":3,"name":"The Best North of Portugal Scenic Rail Routes"}]},{"@type":"WebSite","@id":"https:\/\/legendatours.com\/#website","url":"https:\/\/legendatours.com\/","name":"Aventure l\u00e9gendaire DMC Portugal","description":"Randonn\u00e9es responsables et vacances nature au Portugal","publisher":{"@id":"https:\/\/legendatours.com\/#organization"},"alternateName":"Legendary Adventure Portugal","potentialAction":[{"@type":"SearchAction","target":{"@type":"EntryPoint","urlTemplate":"https:\/\/legendatours.com\/?s={search_term_string}"},"query-input":{"@type":"PropertyValueSpecification","valueRequired":true,"valueName":"search_term_string"}}],"inLanguage":"fr-FR"},{"@type":"Organization","@id":"https:\/\/legendatours.com\/#organization","name":"legendatours.com","url":"https:\/\/legendatours.com\/","logo":{"@type":"ImageObject","inLanguage":"fr-FR","@id":"https:\/\/legendatours.com\/#\/schema\/logo\/image\/","url":"https:\/\/legendatours.com\/wp-content\/uploads\/sites\/12\/2021\/06\/legendary_adventure_dmc.png","contentUrl":"https:\/\/legendatours.com\/wp-content\/uploads\/sites\/12\/2021\/06\/legendary_adventure_dmc.png","width":250,"height":74,"caption":"legendatours.com"},"image":{"@id":"https:\/\/legendatours.com\/#\/schema\/logo\/image\/"},"sameAs":["https:\/\/www.facebook.com\/legendaryadventuredmc\/","https:\/\/www.linkedin.com\/company\/legendary-adventure-dmc-portugal","https:\/\/www.youtube.com\/channel\/UCOIRDx_KM6ynIcacQkZjb6g"]}]}},"_links":{"self":[{"href":"https:\/\/legendatours.com\/fr\/wp-json\/wp\/v2\/product\/7625","targetHints":{"allow":["GET"]}}],"collection":[{"href":"https:\/\/legendatours.com\/fr\/wp-json\/wp\/v2\/product"}],"about":[{"href":"https:\/\/legendatours.com\/fr\/wp-json\/wp\/v2\/types\/product"}],"replies":[{"embeddable":true,"href":"https:\/\/legendatours.com\/fr\/wp-json\/wp\/v2\/comments?post=7625"}],"wp:featuredmedia":[{"embeddable":true,"href":"https:\/\/legendatours.com\/fr\/wp-json\/wp\/v2\/media\/1646"}],"wp:attachment":[{"href":"https:\/\/legendatours.com\/fr\/wp-json\/wp\/v2\/media?parent=7625"}],"wp:term":[{"taxonomy":"product_brand","embeddable":true,"href":"https:\/\/legendatours.com\/fr\/wp-json\/wp\/v2\/product_brand?post=7625"},{"taxonomy":"product_cat","embeddable":true,"href":"https:\/\/legendatours.com\/fr\/wp-json\/wp\/v2\/product_cat?post=7625"},{"taxonomy":"product_tag","embeddable":true,"href":"https:\/\/legendatours.com\/fr\/wp-json\/wp\/v2\/product_tag?post=7625"}],"curies":[{"name":"wp","href":"https:\/\/api.w.org\/{rel}","templated":true}]}}