{"id":7633,"date":"2020-07-15T11:06:44","date_gmt":"2020-07-15T11:06:44","guid":{"rendered":"https:\/\/legendatours.com\/product\/tennis-holidays-in-the-algarve\/"},"modified":"2021-08-11T14:09:00","modified_gmt":"2021-08-11T14:09:00","slug":"tennis-holidays-in-the-algarve-7100g","status":"publish","type":"product","link":"https:\/\/legendatours.com\/fr\/produit\/tennis-holidays-in-the-algarve-7100g\/","title":{"rendered":"Vacances de tennis en Algarve"},"content":{"rendered":"<p><strong>Groupes accept\u00e9s avec un minimum de 6 personnes.<\/strong><\/p>\n<p>&nbsp;<\/p>\n<p>Ces vacances vous offriront l&#039;exp\u00e9rience la plus incroyable en raison de ses emplacements incroyables. Vous pourrez non seulement profiter de la belle plage, vous connecter avec la nature avec une vue splendide sur la mer, mais aussi faire de l&#039;exercice et jouer \u00e0 votre jeu pr\u00e9f\u00e9r\u00e9 - le tennis.<\/p>","protected":false},"excerpt":{"rendered":"<p>Ces vacances vous offriront l&#039;exp\u00e9rience la plus incroyable en raison de ses emplacements incroyables. Vous pourrez non seulement profiter de la belle plage, vous connecter avec la nature avec une vue splendide sur la mer, mais aussi faire de l&#039;exercice et jouer \u00e0 votre jeu pr\u00e9f\u00e9r\u00e9 - le tennis.<\/p>","protected":false},"featured_media":7626,"comment_status":"closed","ping_status":"closed","template":"","meta":{"_acf_changed":false,"inline_featured_image":false},"product_brand":[],"product_cat":[28,373],"product_tag":[147,305,374,307,375,376,255,312,377,224,315,378,323,379,380,381],"class_list":{"0":"post-7633","1":"product","2":"type-product","3":"status-publish","4":"has-post-thumbnail","6":"product_cat-guided-group-tours","7":"product_cat-tennis-holidays-portugal","8":"product_tag-algarve","9":"product_tag-algarve-coastline","10":"product_tag-beautiful-beach","11":"product_tag-beautiful-beache","12":"product_tag-groups-of-friends","13":"product_tag-guided-tennis-holidays","14":"product_tag-holidays-in-portugal","15":"product_tag-holidays-in-the-algarve","16":"product_tag-like-minded-people","17":"product_tag-nature","18":"product_tag-nature-activities","19":"product_tag-perfect-holiday","20":"product_tag-sports","21":"product_tag-tennis","22":"product_tag-tennis-holidays-in-the-algarve","23":"product_tag-tennis-mix-ins","25":"first","26":"instock","27":"virtual","28":"product-type-simple"},"acf":[],"yoast_head":"<!-- This site is optimized with the Yoast SEO Premium plugin v26.8 (Yoast SEO v27.4) - https:\/\/yoast.com\/product\/yoast-seo-premium-wordpress\/ -->\n<title>Tennis Holidays in the Algarve - Legendary Adventure DMC Portugal<\/title>\n<meta name=\"robots\" content=\"index, follow, max-snippet:-1, max-image-preview:large, max-video-preview:-1\" \/>\n<link rel=\"canonical\" href=\"https:\/\/legendatours.com\/fr\/produit\/tennis-holidays-in-the-algarve-7100g\/\" \/>\n<meta property=\"og:locale\" content=\"fr_FR\" \/>\n<meta property=\"og:type\" content=\"article\" \/>\n<meta property=\"og:title\" content=\"Tennis Holidays in the Algarve\" \/>\n<meta property=\"og:description\" content=\"This holiday will give you the most amazing experience due to its incredible locations. You will be able to enjoy not just the beautiful beach, connect with nature with a splendid view over the sea but also exercise and play your favorite game - Tennis.\" \/>\n<meta property=\"og:url\" content=\"https:\/\/legendatours.com\/fr\/produit\/tennis-holidays-in-the-algarve-7100g\/\" \/>\n<meta property=\"og:site_name\" content=\"Legendary Adventure DMC Portugal\" \/>\n<meta property=\"article:publisher\" content=\"https:\/\/www.facebook.com\/legendaryadventuredmc\/\" \/>\n<meta property=\"article:modified_time\" content=\"2021-08-11T14:09:00+00:00\" \/>\n<meta property=\"og:image\" content=\"https:\/\/legendatours.com\/wp-content\/uploads\/sites\/12\/2021\/04\/tennis_algarve_holidays.jpg\" \/>\n\t<meta property=\"og:image:width\" content=\"1200\" \/>\n\t<meta property=\"og:image:height\" content=\"800\" \/>\n\t<meta property=\"og:image:type\" content=\"image\/jpeg\" \/>\n<meta name=\"twitter:card\" content=\"summary_large_image\" \/>\n<script type=\"application\/ld+json\" class=\"yoast-schema-graph\">{\"@context\":\"https:\\\/\\\/schema.org\",\"@graph\":[{\"@type\":\"WebPage\",\"@id\":\"https:\\\/\\\/legendatours.com\\\/product\\\/tennis-holidays-in-the-algarve-7100g\\\/\",\"url\":\"https:\\\/\\\/legendatours.com\\\/product\\\/tennis-holidays-in-the-algarve-7100g\\\/\",\"name\":\"Tennis Holidays in the Algarve - Legendary Adventure DMC Portugal\",\"isPartOf\":{\"@id\":\"https:\\\/\\\/legendatours.com\\\/#website\"},\"primaryImageOfPage\":{\"@id\":\"https:\\\/\\\/legendatours.com\\\/product\\\/tennis-holidays-in-the-algarve-7100g\\\/#primaryimage\"},\"image\":{\"@id\":\"https:\\\/\\\/legendatours.com\\\/product\\\/tennis-holidays-in-the-algarve-7100g\\\/#primaryimage\"},\"thumbnailUrl\":\"https:\\\/\\\/legendatours.com\\\/wp-content\\\/uploads\\\/sites\\\/12\\\/2021\\\/04\\\/tennis_algarve_holidays.jpg\",\"datePublished\":\"2020-07-15T11:06:44+00:00\",\"dateModified\":\"2021-08-11T14:09:00+00:00\",\"breadcrumb\":{\"@id\":\"https:\\\/\\\/legendatours.com\\\/product\\\/tennis-holidays-in-the-algarve-7100g\\\/#breadcrumb\"},\"inLanguage\":\"fr-FR\",\"potentialAction\":[{\"@type\":\"ReadAction\",\"target\":[\"https:\\\/\\\/legendatours.com\\\/product\\\/tennis-holidays-in-the-algarve-7100g\\\/\"]}]},{\"@type\":\"ImageObject\",\"inLanguage\":\"fr-FR\",\"@id\":\"https:\\\/\\\/legendatours.com\\\/product\\\/tennis-holidays-in-the-algarve-7100g\\\/#primaryimage\",\"url\":\"https:\\\/\\\/legendatours.com\\\/wp-content\\\/uploads\\\/sites\\\/12\\\/2021\\\/04\\\/tennis_algarve_holidays.jpg\",\"contentUrl\":\"https:\\\/\\\/legendatours.com\\\/wp-content\\\/uploads\\\/sites\\\/12\\\/2021\\\/04\\\/tennis_algarve_holidays.jpg\",\"width\":1200,\"height\":800,\"caption\":\"Tennis holidays in the Algarve\"},{\"@type\":\"BreadcrumbList\",\"@id\":\"https:\\\/\\\/legendatours.com\\\/product\\\/tennis-holidays-in-the-algarve-7100g\\\/#breadcrumb\",\"itemListElement\":[{\"@type\":\"ListItem\",\"position\":1,\"name\":\"Home\",\"item\":\"https:\\\/\\\/legendatours.com\\\/\"},{\"@type\":\"ListItem\",\"position\":2,\"name\":\"Shop\",\"item\":\"https:\\\/\\\/legendatours.com\\\/sv\\\/?page_id=4\"},{\"@type\":\"ListItem\",\"position\":3,\"name\":\"Tennis Holidays in the Algarve\"}]},{\"@type\":\"WebSite\",\"@id\":\"https:\\\/\\\/legendatours.com\\\/#website\",\"url\":\"https:\\\/\\\/legendatours.com\\\/\",\"name\":\"Legendary Adventure DMC Portugal\",\"description\":\"Responsible Walking &amp; Nature Holidays in Portugal\",\"publisher\":{\"@id\":\"https:\\\/\\\/legendatours.com\\\/#organization\"},\"alternateName\":\"Legendary Adventure Portugal\",\"potentialAction\":[{\"@type\":\"SearchAction\",\"target\":{\"@type\":\"EntryPoint\",\"urlTemplate\":\"https:\\\/\\\/legendatours.com\\\/?s={search_term_string}\"},\"query-input\":{\"@type\":\"PropertyValueSpecification\",\"valueRequired\":true,\"valueName\":\"search_term_string\"}}],\"inLanguage\":\"fr-FR\"},{\"@type\":\"Organization\",\"@id\":\"https:\\\/\\\/legendatours.com\\\/#organization\",\"name\":\"legendatours.com\",\"url\":\"https:\\\/\\\/legendatours.com\\\/\",\"logo\":{\"@type\":\"ImageObject\",\"inLanguage\":\"fr-FR\",\"@id\":\"https:\\\/\\\/legendatours.com\\\/#\\\/schema\\\/logo\\\/image\\\/\",\"url\":\"https:\\\/\\\/legendatours.com\\\/wp-content\\\/uploads\\\/sites\\\/12\\\/2021\\\/06\\\/legendary_adventure_dmc.png\",\"contentUrl\":\"https:\\\/\\\/legendatours.com\\\/wp-content\\\/uploads\\\/sites\\\/12\\\/2021\\\/06\\\/legendary_adventure_dmc.png\",\"width\":250,\"height\":74,\"caption\":\"legendatours.com\"},\"image\":{\"@id\":\"https:\\\/\\\/legendatours.com\\\/#\\\/schema\\\/logo\\\/image\\\/\"},\"sameAs\":[\"https:\\\/\\\/www.facebook.com\\\/legendaryadventuredmc\\\/\",\"https:\\\/\\\/www.linkedin.com\\\/company\\\/legendary-adventure-dmc-portugal\",\"https:\\\/\\\/www.youtube.com\\\/channel\\\/UCOIRDx_KM6ynIcacQkZjb6g\"]}]}<\/script>\n<!-- \/ Yoast SEO Premium plugin. -->","yoast_head_json":{"title":"Vacances de tennis en Algarve - Aventure l\u00e9gendaire DMC Portugal","robots":{"index":"index","follow":"follow","max-snippet":"max-snippet:-1","max-image-preview":"max-image-preview:large","max-video-preview":"max-video-preview:-1"},"canonical":"https:\/\/legendatours.com\/fr\/produit\/tennis-holidays-in-the-algarve-7100g\/","og_locale":"fr_FR","og_type":"article","og_title":"Tennis Holidays in the Algarve","og_description":"This holiday will give you the most amazing experience due to its incredible locations. You will be able to enjoy not just the beautiful beach, connect with nature with a splendid view over the sea but also exercise and play your favorite game - Tennis.","og_url":"https:\/\/legendatours.com\/fr\/produit\/tennis-holidays-in-the-algarve-7100g\/","og_site_name":"Legendary Adventure DMC Portugal","article_publisher":"https:\/\/www.facebook.com\/legendaryadventuredmc\/","article_modified_time":"2021-08-11T14:09:00+00:00","og_image":[{"width":1200,"height":800,"url":"https:\/\/legendatours.com\/wp-content\/uploads\/sites\/12\/2021\/04\/tennis_algarve_holidays.jpg","type":"image\/jpeg"}],"twitter_card":"summary_large_image","schema":{"@context":"https:\/\/schema.org","@graph":[{"@type":"WebPage","@id":"https:\/\/legendatours.com\/product\/tennis-holidays-in-the-algarve-7100g\/","url":"https:\/\/legendatours.com\/product\/tennis-holidays-in-the-algarve-7100g\/","name":"Vacances de tennis en Algarve - Aventure l\u00e9gendaire DMC Portugal","isPartOf":{"@id":"https:\/\/legendatours.com\/#website"},"primaryImageOfPage":{"@id":"https:\/\/legendatours.com\/product\/tennis-holidays-in-the-algarve-7100g\/#primaryimage"},"image":{"@id":"https:\/\/legendatours.com\/product\/tennis-holidays-in-the-algarve-7100g\/#primaryimage"},"thumbnailUrl":"https:\/\/legendatours.com\/wp-content\/uploads\/sites\/12\/2021\/04\/tennis_algarve_holidays.jpg","datePublished":"2020-07-15T11:06:44+00:00","dateModified":"2021-08-11T14:09:00+00:00","breadcrumb":{"@id":"https:\/\/legendatours.com\/product\/tennis-holidays-in-the-algarve-7100g\/#breadcrumb"},"inLanguage":"fr-FR","potentialAction":[{"@type":"ReadAction","target":["https:\/\/legendatours.com\/product\/tennis-holidays-in-the-algarve-7100g\/"]}]},{"@type":"ImageObject","inLanguage":"fr-FR","@id":"https:\/\/legendatours.com\/product\/tennis-holidays-in-the-algarve-7100g\/#primaryimage","url":"https:\/\/legendatours.com\/wp-content\/uploads\/sites\/12\/2021\/04\/tennis_algarve_holidays.jpg","contentUrl":"https:\/\/legendatours.com\/wp-content\/uploads\/sites\/12\/2021\/04\/tennis_algarve_holidays.jpg","width":1200,"height":800,"caption":"Tennis holidays in the Algarve"},{"@type":"BreadcrumbList","@id":"https:\/\/legendatours.com\/product\/tennis-holidays-in-the-algarve-7100g\/#breadcrumb","itemListElement":[{"@type":"ListItem","position":1,"name":"Home","item":"https:\/\/legendatours.com\/"},{"@type":"ListItem","position":2,"name":"Shop","item":"https:\/\/legendatours.com\/sv\/?page_id=4"},{"@type":"ListItem","position":3,"name":"Tennis Holidays in the Algarve"}]},{"@type":"WebSite","@id":"https:\/\/legendatours.com\/#website","url":"https:\/\/legendatours.com\/","name":"Aventure l\u00e9gendaire DMC Portugal","description":"Randonn\u00e9es responsables et vacances nature au Portugal","publisher":{"@id":"https:\/\/legendatours.com\/#organization"},"alternateName":"Legendary Adventure Portugal","potentialAction":[{"@type":"SearchAction","target":{"@type":"EntryPoint","urlTemplate":"https:\/\/legendatours.com\/?s={search_term_string}"},"query-input":{"@type":"PropertyValueSpecification","valueRequired":true,"valueName":"search_term_string"}}],"inLanguage":"fr-FR"},{"@type":"Organization","@id":"https:\/\/legendatours.com\/#organization","name":"legendatours.com","url":"https:\/\/legendatours.com\/","logo":{"@type":"ImageObject","inLanguage":"fr-FR","@id":"https:\/\/legendatours.com\/#\/schema\/logo\/image\/","url":"https:\/\/legendatours.com\/wp-content\/uploads\/sites\/12\/2021\/06\/legendary_adventure_dmc.png","contentUrl":"https:\/\/legendatours.com\/wp-content\/uploads\/sites\/12\/2021\/06\/legendary_adventure_dmc.png","width":250,"height":74,"caption":"legendatours.com"},"image":{"@id":"https:\/\/legendatours.com\/#\/schema\/logo\/image\/"},"sameAs":["https:\/\/www.facebook.com\/legendaryadventuredmc\/","https:\/\/www.linkedin.com\/company\/legendary-adventure-dmc-portugal","https:\/\/www.youtube.com\/channel\/UCOIRDx_KM6ynIcacQkZjb6g"]}]}},"_links":{"self":[{"href":"https:\/\/legendatours.com\/fr\/wp-json\/wp\/v2\/product\/7633","targetHints":{"allow":["GET"]}}],"collection":[{"href":"https:\/\/legendatours.com\/fr\/wp-json\/wp\/v2\/product"}],"about":[{"href":"https:\/\/legendatours.com\/fr\/wp-json\/wp\/v2\/types\/product"}],"replies":[{"embeddable":true,"href":"https:\/\/legendatours.com\/fr\/wp-json\/wp\/v2\/comments?post=7633"}],"wp:featuredmedia":[{"embeddable":true,"href":"https:\/\/legendatours.com\/fr\/wp-json\/wp\/v2\/media\/7626"}],"wp:attachment":[{"href":"https:\/\/legendatours.com\/fr\/wp-json\/wp\/v2\/media?parent=7633"}],"wp:term":[{"taxonomy":"product_brand","embeddable":true,"href":"https:\/\/legendatours.com\/fr\/wp-json\/wp\/v2\/product_brand?post=7633"},{"taxonomy":"product_cat","embeddable":true,"href":"https:\/\/legendatours.com\/fr\/wp-json\/wp\/v2\/product_cat?post=7633"},{"taxonomy":"product_tag","embeddable":true,"href":"https:\/\/legendatours.com\/fr\/wp-json\/wp\/v2\/product_tag?post=7633"}],"curies":[{"name":"wp","href":"https:\/\/api.w.org\/{rel}","templated":true}]}}