{"id":7698,"date":"2020-07-10T14:11:56","date_gmt":"2020-07-10T14:11:56","guid":{"rendered":"https:\/\/legendatours.com\/product\/cycle-holidays-in-the-east-algarve-south-of-spain\/"},"modified":"2024-11-22T15:43:41","modified_gmt":"2024-11-22T15:43:41","slug":"cycle-the-east-algarve-south-of-spain-2100g","status":"publish","type":"product","link":"https:\/\/legendatours.com\/fr\/produit\/cycle-the-east-algarve-south-of-spain-2100g\/","title":{"rendered":"Vacances \u00e0 v\u00e9lo dans l&#039;est de l&#039;Algarve et le sud de l&#039;Espagne"},"content":{"rendered":"<p><strong>Groupes accept\u00e9s avec un minimum de 6 personnes.<\/strong><\/p>\n<p>&nbsp;<\/p>\n<p>Ces vacances \u00e0 v\u00e9lo sont comme un banquet pour vos sens alors que vous d\u00e9couvrez les paysages \u00e0 couper le souffle de l&#039;est de l&#039;Algarve. \u00c0 l&#039;int\u00e9rieur des terres, il est possible de serpenter sur des kilom\u00e8tres \u00e0 travers des vall\u00e9es enchant\u00e9es, d&#039;entendre le chant des oiseaux, de voir peu de monde et de trouver la paix. La bande c\u00f4ti\u00e8re est l&#039;endroit o\u00f9 l&#039;oc\u00e9an est apprivois\u00e9 par les \u00eeles de sable, les marais salants et les lagons azur du parc naturel de Ria Formosa, o\u00f9 les flamants roses et les oiseaux aquatiques abondent.<\/p>\n<div id=\"attachment_2897\" style=\"width: 1034px\" class=\"wp-caption alignnone\"><img loading=\"lazy\" decoding=\"async\" aria-describedby=\"caption-attachment-2897\" class=\"wp-image-2897 size-full\" title=\"Faire du v\u00e9lo dans l&#039;est de l&#039;Algarve Tour de groupe\" src=\"https:\/\/legendatours.net\/wp-content\/uploads\/2020\/07\/cycling_east_-algarve.jpg\" alt=\"East Algarve Cycling Holidays\" width=\"1024\" height=\"768\" \/><p id=\"caption-attachment-2897\" class=\"wp-caption-text\">Faire du v\u00e9lo dans l&#039;est de l&#039;Algarve Tour de groupe<\/p><\/div>\n<p>Une semaine de plaisir et d&#039;aventure, avec \u00e0 la fois des pistes cyclables rev\u00eatues et des ruelles tranquilles. Il y a un m\u00e9lange de terrain plat et l\u00e9g\u00e8rement vallonn\u00e9 adapt\u00e9 \u00e0 tout le monde.<\/p>\n<p>Nous serons bas\u00e9s \u00e0 Monte Gordo, une station baln\u00e9aire populaire situ\u00e9e sur l&#039;une des plus belles plages du Portugal, s&#039;\u00e9tendant sur des kilom\u00e8tres dans les deux sens avec du sable fin et des eaux cristallines. La ville poss\u00e8de d&#039;excellentes installations touristiques, notamment d&#039;excellents bars et caf\u00e9s et de nombreux restaurants vari\u00e9s.<\/p>\n<p>Notre programme comprend 6 magnifiques balades \u00e0 travers le parc naturel de Ria Formosa, la r\u00e9serve naturelle de Castro Marim, \u00e0 travers les Marismas da Isla Cristina et \u00e0 l&#039;int\u00e9rieur luxuriant de l&#039;Algarve.<\/p>","protected":false},"excerpt":{"rendered":"<p>Ces vacances \u00e0 v\u00e9lo sont comme un banquet pour vos sens alors que vous d\u00e9couvrez les paysages \u00e0 couper le souffle de l&#039;est de l&#039;Algarve. \u00c0 l&#039;int\u00e9rieur des terres, il est possible de serpenter sur des kilom\u00e8tres \u00e0 travers des vall\u00e9es enchant\u00e9es, d&#039;entendre le chant des oiseaux, de voir peu de monde et de trouver la paix. La bande c\u00f4ti\u00e8re est l&#039;endroit o\u00f9 l&#039;oc\u00e9an est apprivois\u00e9 par les \u00eeles de sable, les marais salants et les lagons azur du parc naturel de Ria Formosa, o\u00f9 les flamants roses et les oiseaux aquatiques abondent.<\/p>","protected":false},"featured_media":7685,"comment_status":"closed","ping_status":"closed","template":"","meta":{"_acf_changed":false,"inline_featured_image":false},"product_brand":[],"product_cat":[32,467,28,30],"product_tag":[468,147,469,470,148,471,306,472,76,473,474,475,476,154,46,160,477,478,479,168,169,480,481,286],"class_list":{"0":"post-7698","1":"product","2":"type-product","3":"status-publish","4":"has-post-thumbnail","6":"product_cat-cultural-tours-and-holidays-in-portugal","7":"product_cat-guided-cycling-holidays-portugal","8":"product_cat-guided-group-tours","9":"product_cat-guided-sightseeing-holidays-portugal","10":"product_tag-activities-algarve","11":"product_tag-algarve","12":"product_tag-algarve-cycle-tracks","13":"product_tag-algarve-cycling-holiday","14":"product_tag-algarve-east-cost","15":"product_tag-algarve-glorious-countryside","16":"product_tag-alleine-reisen","17":"product_tag-ayamonte","18":"product_tag-beaches","19":"product_tag-bike-tour","20":"product_tag-castro-marim-natural-reserve","21":"product_tag-cycle","22":"product_tag-cycling-algarve","23":"product_tag-east-algarve","24":"product_tag-gastronomy-and-wines","25":"product_tag-holidays","26":"product_tag-marismas-da-isla-cristina","27":"product_tag-monte-gordo","28":"product_tag-nature-reserve","29":"product_tag-ria-formosa","30":"product_tag-ria-formosa-natural-park","31":"product_tag-ria-formosa-natural-reserve","32":"product_tag-travel-algarve","33":"product_tag-vila-real-de-santo-antonio","35":"first","36":"instock","37":"virtual","38":"product-type-simple"},"acf":[],"yoast_head":"<!-- This site is optimized with the Yoast SEO Premium plugin v26.8 (Yoast SEO v27.4) - https:\/\/yoast.com\/product\/yoast-seo-premium-wordpress\/ -->\n<title>Cycle Holidays in the East Algarve &amp; South of Spain - Legendary Adventure DMC Portugal<\/title>\n<meta name=\"description\" content=\"Cycle Holidays in the East Algarve &amp; South of Spain\" \/>\n<meta name=\"robots\" content=\"index, follow, max-snippet:-1, max-image-preview:large, max-video-preview:-1\" \/>\n<link rel=\"canonical\" href=\"https:\/\/legendatours.com\/fr\/produit\/cycle-the-east-algarve-south-of-spain-2100g\/\" \/>\n<meta property=\"og:locale\" content=\"fr_FR\" \/>\n<meta property=\"og:type\" content=\"article\" \/>\n<meta property=\"og:title\" content=\"Cycle Holidays in the East Algarve &amp; South of Spain\" \/>\n<meta property=\"og:description\" content=\"Cycle Holidays in the East Algarve &amp; South of Spain\" \/>\n<meta property=\"og:url\" content=\"https:\/\/legendatours.com\/fr\/produit\/cycle-the-east-algarve-south-of-spain-2100g\/\" \/>\n<meta property=\"og:site_name\" content=\"Legendary Adventure DMC Portugal\" \/>\n<meta property=\"article:publisher\" content=\"https:\/\/www.facebook.com\/legendaryadventuredmc\/\" \/>\n<meta property=\"article:modified_time\" content=\"2024-11-22T15:43:41+00:00\" \/>\n<meta property=\"og:image\" content=\"https:\/\/legendatours.com\/wp-content\/uploads\/sites\/12\/2021\/04\/cycling_east_-algarve.jpg\" \/>\n\t<meta property=\"og:image:width\" content=\"1024\" \/>\n\t<meta property=\"og:image:height\" content=\"768\" \/>\n\t<meta property=\"og:image:type\" content=\"image\/jpeg\" \/>\n<meta name=\"twitter:card\" content=\"summary_large_image\" \/>\n<meta name=\"twitter:label1\" content=\"Dur\u00e9e de lecture estim\u00e9e\" \/>\n\t<meta name=\"twitter:data1\" content=\"2 minutes\" \/>\n<script type=\"application\/ld+json\" class=\"yoast-schema-graph\">{\"@context\":\"https:\\\/\\\/schema.org\",\"@graph\":[{\"@type\":\"WebPage\",\"@id\":\"https:\\\/\\\/legendatours.com\\\/product\\\/cycle-the-east-algarve-south-of-spain-2100g\\\/\",\"url\":\"https:\\\/\\\/legendatours.com\\\/product\\\/cycle-the-east-algarve-south-of-spain-2100g\\\/\",\"name\":\"Cycle Holidays in the East Algarve &amp; South of Spain - Legendary Adventure DMC Portugal\",\"isPartOf\":{\"@id\":\"https:\\\/\\\/legendatours.com\\\/#website\"},\"primaryImageOfPage\":{\"@id\":\"https:\\\/\\\/legendatours.com\\\/product\\\/cycle-the-east-algarve-south-of-spain-2100g\\\/#primaryimage\"},\"image\":{\"@id\":\"https:\\\/\\\/legendatours.com\\\/product\\\/cycle-the-east-algarve-south-of-spain-2100g\\\/#primaryimage\"},\"thumbnailUrl\":\"https:\\\/\\\/legendatours.com\\\/wp-content\\\/uploads\\\/sites\\\/12\\\/2021\\\/04\\\/cycling_east_-algarve.jpg\",\"datePublished\":\"2020-07-10T14:11:56+00:00\",\"dateModified\":\"2024-11-22T15:43:41+00:00\",\"description\":\"Cycle Holidays in the East Algarve & South of Spain\",\"breadcrumb\":{\"@id\":\"https:\\\/\\\/legendatours.com\\\/product\\\/cycle-the-east-algarve-south-of-spain-2100g\\\/#breadcrumb\"},\"inLanguage\":\"fr-FR\",\"potentialAction\":[{\"@type\":\"ReadAction\",\"target\":[\"https:\\\/\\\/legendatours.com\\\/product\\\/cycle-the-east-algarve-south-of-spain-2100g\\\/\"]}]},{\"@type\":\"ImageObject\",\"inLanguage\":\"fr-FR\",\"@id\":\"https:\\\/\\\/legendatours.com\\\/product\\\/cycle-the-east-algarve-south-of-spain-2100g\\\/#primaryimage\",\"url\":\"https:\\\/\\\/legendatours.com\\\/wp-content\\\/uploads\\\/sites\\\/12\\\/2021\\\/04\\\/cycling_east_-algarve.jpg\",\"contentUrl\":\"https:\\\/\\\/legendatours.com\\\/wp-content\\\/uploads\\\/sites\\\/12\\\/2021\\\/04\\\/cycling_east_-algarve.jpg\",\"width\":1024,\"height\":768,\"caption\":\"Cycling in East Algarve Group tour\"},{\"@type\":\"BreadcrumbList\",\"@id\":\"https:\\\/\\\/legendatours.com\\\/product\\\/cycle-the-east-algarve-south-of-spain-2100g\\\/#breadcrumb\",\"itemListElement\":[{\"@type\":\"ListItem\",\"position\":1,\"name\":\"Home\",\"item\":\"https:\\\/\\\/legendatours.com\\\/\"},{\"@type\":\"ListItem\",\"position\":2,\"name\":\"Shop\",\"item\":\"https:\\\/\\\/legendatours.com\\\/sv\\\/?page_id=4\"},{\"@type\":\"ListItem\",\"position\":3,\"name\":\"Cycle Holidays in the East Algarve & South of Spain\"}]},{\"@type\":\"WebSite\",\"@id\":\"https:\\\/\\\/legendatours.com\\\/#website\",\"url\":\"https:\\\/\\\/legendatours.com\\\/\",\"name\":\"Legendary Adventure DMC Portugal\",\"description\":\"Responsible Walking &amp; Nature Holidays in Portugal\",\"publisher\":{\"@id\":\"https:\\\/\\\/legendatours.com\\\/#organization\"},\"alternateName\":\"Legendary Adventure Portugal\",\"potentialAction\":[{\"@type\":\"SearchAction\",\"target\":{\"@type\":\"EntryPoint\",\"urlTemplate\":\"https:\\\/\\\/legendatours.com\\\/?s={search_term_string}\"},\"query-input\":{\"@type\":\"PropertyValueSpecification\",\"valueRequired\":true,\"valueName\":\"search_term_string\"}}],\"inLanguage\":\"fr-FR\"},{\"@type\":\"Organization\",\"@id\":\"https:\\\/\\\/legendatours.com\\\/#organization\",\"name\":\"legendatours.com\",\"url\":\"https:\\\/\\\/legendatours.com\\\/\",\"logo\":{\"@type\":\"ImageObject\",\"inLanguage\":\"fr-FR\",\"@id\":\"https:\\\/\\\/legendatours.com\\\/#\\\/schema\\\/logo\\\/image\\\/\",\"url\":\"https:\\\/\\\/legendatours.com\\\/wp-content\\\/uploads\\\/sites\\\/12\\\/2021\\\/06\\\/legendary_adventure_dmc.png\",\"contentUrl\":\"https:\\\/\\\/legendatours.com\\\/wp-content\\\/uploads\\\/sites\\\/12\\\/2021\\\/06\\\/legendary_adventure_dmc.png\",\"width\":250,\"height\":74,\"caption\":\"legendatours.com\"},\"image\":{\"@id\":\"https:\\\/\\\/legendatours.com\\\/#\\\/schema\\\/logo\\\/image\\\/\"},\"sameAs\":[\"https:\\\/\\\/www.facebook.com\\\/legendaryadventuredmc\\\/\",\"https:\\\/\\\/www.linkedin.com\\\/company\\\/legendary-adventure-dmc-portugal\",\"https:\\\/\\\/www.youtube.com\\\/channel\\\/UCOIRDx_KM6ynIcacQkZjb6g\"]}]}<\/script>\n<!-- \/ Yoast SEO Premium plugin. -->","yoast_head_json":{"title":"Vacances \u00e0 v\u00e9lo dans l&#039;est de l&#039;Algarve et le sud de l&#039;Espagne - Legendary Adventure DMC Portugal","description":"Vacances \u00e0 v\u00e9lo dans l&#039;est de l&#039;Algarve et le sud de l&#039;Espagne","robots":{"index":"index","follow":"follow","max-snippet":"max-snippet:-1","max-image-preview":"max-image-preview:large","max-video-preview":"max-video-preview:-1"},"canonical":"https:\/\/legendatours.com\/fr\/produit\/cycle-the-east-algarve-south-of-spain-2100g\/","og_locale":"fr_FR","og_type":"article","og_title":"Cycle Holidays in the East Algarve &amp; South of Spain","og_description":"Cycle Holidays in the East Algarve & South of Spain","og_url":"https:\/\/legendatours.com\/fr\/produit\/cycle-the-east-algarve-south-of-spain-2100g\/","og_site_name":"Legendary Adventure DMC Portugal","article_publisher":"https:\/\/www.facebook.com\/legendaryadventuredmc\/","article_modified_time":"2024-11-22T15:43:41+00:00","og_image":[{"width":1024,"height":768,"url":"https:\/\/legendatours.com\/wp-content\/uploads\/sites\/12\/2021\/04\/cycling_east_-algarve.jpg","type":"image\/jpeg"}],"twitter_card":"summary_large_image","twitter_misc":{"Dur\u00e9e de lecture estim\u00e9e":"2 minutes"},"schema":{"@context":"https:\/\/schema.org","@graph":[{"@type":"WebPage","@id":"https:\/\/legendatours.com\/product\/cycle-the-east-algarve-south-of-spain-2100g\/","url":"https:\/\/legendatours.com\/product\/cycle-the-east-algarve-south-of-spain-2100g\/","name":"Vacances \u00e0 v\u00e9lo dans l&#039;est de l&#039;Algarve et le sud de l&#039;Espagne - Legendary Adventure DMC Portugal","isPartOf":{"@id":"https:\/\/legendatours.com\/#website"},"primaryImageOfPage":{"@id":"https:\/\/legendatours.com\/product\/cycle-the-east-algarve-south-of-spain-2100g\/#primaryimage"},"image":{"@id":"https:\/\/legendatours.com\/product\/cycle-the-east-algarve-south-of-spain-2100g\/#primaryimage"},"thumbnailUrl":"https:\/\/legendatours.com\/wp-content\/uploads\/sites\/12\/2021\/04\/cycling_east_-algarve.jpg","datePublished":"2020-07-10T14:11:56+00:00","dateModified":"2024-11-22T15:43:41+00:00","description":"Vacances \u00e0 v\u00e9lo dans l&#039;est de l&#039;Algarve et le sud de l&#039;Espagne","breadcrumb":{"@id":"https:\/\/legendatours.com\/product\/cycle-the-east-algarve-south-of-spain-2100g\/#breadcrumb"},"inLanguage":"fr-FR","potentialAction":[{"@type":"ReadAction","target":["https:\/\/legendatours.com\/product\/cycle-the-east-algarve-south-of-spain-2100g\/"]}]},{"@type":"ImageObject","inLanguage":"fr-FR","@id":"https:\/\/legendatours.com\/product\/cycle-the-east-algarve-south-of-spain-2100g\/#primaryimage","url":"https:\/\/legendatours.com\/wp-content\/uploads\/sites\/12\/2021\/04\/cycling_east_-algarve.jpg","contentUrl":"https:\/\/legendatours.com\/wp-content\/uploads\/sites\/12\/2021\/04\/cycling_east_-algarve.jpg","width":1024,"height":768,"caption":"Cycling in East Algarve Group tour"},{"@type":"BreadcrumbList","@id":"https:\/\/legendatours.com\/product\/cycle-the-east-algarve-south-of-spain-2100g\/#breadcrumb","itemListElement":[{"@type":"ListItem","position":1,"name":"Home","item":"https:\/\/legendatours.com\/"},{"@type":"ListItem","position":2,"name":"Shop","item":"https:\/\/legendatours.com\/sv\/?page_id=4"},{"@type":"ListItem","position":3,"name":"Cycle Holidays in the East Algarve & South of Spain"}]},{"@type":"WebSite","@id":"https:\/\/legendatours.com\/#website","url":"https:\/\/legendatours.com\/","name":"Aventure l\u00e9gendaire DMC Portugal","description":"Randonn\u00e9es responsables et vacances nature au Portugal","publisher":{"@id":"https:\/\/legendatours.com\/#organization"},"alternateName":"Legendary Adventure Portugal","potentialAction":[{"@type":"SearchAction","target":{"@type":"EntryPoint","urlTemplate":"https:\/\/legendatours.com\/?s={search_term_string}"},"query-input":{"@type":"PropertyValueSpecification","valueRequired":true,"valueName":"search_term_string"}}],"inLanguage":"fr-FR"},{"@type":"Organization","@id":"https:\/\/legendatours.com\/#organization","name":"legendatours.com","url":"https:\/\/legendatours.com\/","logo":{"@type":"ImageObject","inLanguage":"fr-FR","@id":"https:\/\/legendatours.com\/#\/schema\/logo\/image\/","url":"https:\/\/legendatours.com\/wp-content\/uploads\/sites\/12\/2021\/06\/legendary_adventure_dmc.png","contentUrl":"https:\/\/legendatours.com\/wp-content\/uploads\/sites\/12\/2021\/06\/legendary_adventure_dmc.png","width":250,"height":74,"caption":"legendatours.com"},"image":{"@id":"https:\/\/legendatours.com\/#\/schema\/logo\/image\/"},"sameAs":["https:\/\/www.facebook.com\/legendaryadventuredmc\/","https:\/\/www.linkedin.com\/company\/legendary-adventure-dmc-portugal","https:\/\/www.youtube.com\/channel\/UCOIRDx_KM6ynIcacQkZjb6g"]}]}},"_links":{"self":[{"href":"https:\/\/legendatours.com\/fr\/wp-json\/wp\/v2\/product\/7698","targetHints":{"allow":["GET"]}}],"collection":[{"href":"https:\/\/legendatours.com\/fr\/wp-json\/wp\/v2\/product"}],"about":[{"href":"https:\/\/legendatours.com\/fr\/wp-json\/wp\/v2\/types\/product"}],"replies":[{"embeddable":true,"href":"https:\/\/legendatours.com\/fr\/wp-json\/wp\/v2\/comments?post=7698"}],"wp:featuredmedia":[{"embeddable":true,"href":"https:\/\/legendatours.com\/fr\/wp-json\/wp\/v2\/media\/7685"}],"wp:attachment":[{"href":"https:\/\/legendatours.com\/fr\/wp-json\/wp\/v2\/media?parent=7698"}],"wp:term":[{"taxonomy":"product_brand","embeddable":true,"href":"https:\/\/legendatours.com\/fr\/wp-json\/wp\/v2\/product_brand?post=7698"},{"taxonomy":"product_cat","embeddable":true,"href":"https:\/\/legendatours.com\/fr\/wp-json\/wp\/v2\/product_cat?post=7698"},{"taxonomy":"product_tag","embeddable":true,"href":"https:\/\/legendatours.com\/fr\/wp-json\/wp\/v2\/product_tag?post=7698"}],"curies":[{"name":"wp","href":"https:\/\/api.w.org\/{rel}","templated":true}]}}