{"id":7706,"date":"2020-07-10T11:35:33","date_gmt":"2020-07-10T11:35:33","guid":{"rendered":"https:\/\/legendatours.com\/product\/east-madeira-walking-holidays\/"},"modified":"2025-02-27T15:27:48","modified_gmt":"2025-02-27T15:27:48","slug":"east-madeira-13300g","status":"publish","type":"product","link":"https:\/\/legendatours.com\/fr\/produit\/east-madeira-13300g\/","title":{"rendered":"Vacances \u00e0 pied dans l&#039;est de Mad\u00e8re"},"content":{"rendered":"<p><strong>Groupes accept\u00e9s avec un minimum de 6 personnes.<\/strong><\/p>\n<p>&nbsp;<\/p>\n<p>Mad\u00e8re, connue sous le nom de Garden Island, est une destination de r\u00eave pour les randonneurs.<\/p>\n<p>Les canyons, les paysages impressionnants et les cascades sont cach\u00e9s dans les for\u00eats luxuriantes et les montagnes de Mad\u00e8re sont un r\u00e9gal pour les randonneurs passionn\u00e9s. Les vues sont absolument \u00e0 couper le souffle et lors de certaines promenades, vous \u00eates pour la plupart au-dessus des nuages, dans des d\u00e9cors magiques.<\/p>\n<div id=\"attachment_2891\" style=\"width: 1034px\" class=\"wp-caption alignnone\"><img loading=\"lazy\" decoding=\"async\" aria-describedby=\"caption-attachment-2891\" class=\"wp-image-2891 size-large\" title=\"Ponta S\u00e3o Louren\u00e7o Mad\u00e8re\" src=\"https:\/\/legendatours.net\/wp-content\/uploads\/2020\/07\/ponta_sao_lourenco-1024x704.jpg\" alt=\"Ponta S\u00e3o Louren\u00e7o Madeira\" width=\"1024\" height=\"704\" \/><p id=\"caption-attachment-2891\" class=\"wp-caption-text\">Ponta de S\u00e3o Louren\u00e7o \u00e0 Mad\u00e8re, cette promenade explore la longue p\u00e9ninsule mince \u00e0 l&#039;extr\u00e9mit\u00e9 orientale de l&#039;\u00eele.<\/p><\/div>\n<p>Cette visite est bas\u00e9e \u00e0 Machico, o\u00f9 les d\u00e9couvreurs de l&#039;\u00eele ont d\u00e9barqu\u00e9 pour la premi\u00e8re fois en 1419, et \u00e0 Funchal, la capitale, une ville pleine de b\u00e2timents historiques et de jardins luxuriants.<\/p>\n<p>De l\u00e0, nous aurons acc\u00e8s \u00e0 un large \u00e9ventail de promenades magnifiques et spectaculaires.<\/p>\n<div id=\"attachment_2838\" style=\"width: 1034px\" class=\"wp-caption alignnone\"><img loading=\"lazy\" decoding=\"async\" aria-describedby=\"caption-attachment-2838\" class=\"wp-image-2838 size-full\" src=\"https:\/\/legendatours.net\/wp-content\/uploads\/2020\/07\/madeira_walking_seaside-e1611669622790.jpg\" alt=\"Group Walk Madeira\" width=\"1024\" height=\"768\" \/><p id=\"caption-attachment-2838\" class=\"wp-caption-text\">Promenade en bord de mer \u00e0 Mad\u00e8re. Explorez la magnifique \u00eele de Mad\u00e8re \u00e0 pied.<\/p><\/div>\n<p>Comprend une journ\u00e9e \u00e0 l&#039;extr\u00eame est de l&#039;\u00eele o\u00f9 le promontoire de Ponta S\u00e3o Louren\u00e7o offre une promenade sauvage et venteuse assez diff\u00e9rente de n&#039;importe o\u00f9 ailleurs sur l&#039;\u00eele. La nature ici est brute et pr\u00e9serv\u00e9e, les formations rocheuses et le contraste des couleurs avec l&#039;eau bleue de l&#039;oc\u00e9an sauvage \u00e9tant un vrai spectacle \u00e0 voir !<\/p>\n<p>En suivant les levadas (canaux d&#039;irrigation), parmi la for\u00eat Laurissilva - site du patrimoine mondial de l&#039;UNESCO, et en entendant le bruit de l&#039;eau et le murmure de la for\u00eat, nous aurons une belle semaine de promenades dans la partie est de l&#039;\u00eele.<\/p>\n<div class=\"row\">\n<div class=\"column\" style=\"flex: 45%\">\n<p><iframe loading=\"lazy\" title=\"Marcher sur l&#039;\u00eele de Mad\u00e8re - Les plus beaux sentiers du monde\" width=\"1080\" height=\"608\" src=\"https:\/\/www.youtube.com\/embed\/e5InoSl1H2o?feature=oembed\" frameborder=\"0\" allow=\"accelerometer; autoplay; clipboard-write; encrypted-media; gyroscope; picture-in-picture\" allowfullscreen><\/iframe><\/p>\n<\/div>\n<div class=\"column\" style=\"flex: 10%\"><\/div>\n<div class=\"column\" style=\"flex: 45%\">\n<p><iframe loading=\"lazy\" title=\"\u00cele de Mad\u00e8re | La meilleure \u00eele du monde 2019\" width=\"1080\" height=\"608\" src=\"https:\/\/www.youtube.com\/embed\/-ipzaxBBGjI?feature=oembed\" frameborder=\"0\" allow=\"accelerometer; autoplay; clipboard-write; encrypted-media; gyroscope; picture-in-picture\" allowfullscreen><\/iframe><\/p>\n<\/div>\n<\/div>","protected":false},"excerpt":{"rendered":"<p>Mad\u00e8re, connue sous le nom de Garden Island, est une destination de r\u00eave pour les randonneurs.<\/p>\n<p>Les canyons, les paysages impressionnants et les cascades sont cach\u00e9s dans les for\u00eats luxuriantes et les montagnes de Mad\u00e8re sont un r\u00e9gal pour les randonneurs passionn\u00e9s. Les vues sont absolument \u00e0 couper le souffle et lors de certaines promenades, vous \u00eates pour la plupart au-dessus des nuages, dans des d\u00e9cors magiques.<\/p>\n<p>Cette visite est bas\u00e9e \u00e0 Machico, o\u00f9 les d\u00e9couvreurs de l&#039;\u00eele ont d\u00e9barqu\u00e9 pour la premi\u00e8re fois en 1419, et \u00e0 Funchal, la capitale, une ville pleine de b\u00e2timents historiques et de jardins luxuriants. De l\u00e0, nous aurons acc\u00e8s \u00e0 un large \u00e9ventail de promenades magnifiques et spectaculaires.<\/p>","protected":false},"featured_media":7699,"comment_status":"closed","ping_status":"closed","template":"","meta":{"_acf_changed":false,"inline_featured_image":false},"product_brand":[],"product_cat":[32,28,29,30,31],"product_tag":[78,482,483,484,485,87,486,487,94,488,489,490,491,492,493,494,95,99,224,100,449,495,496,497,498,499,500,501,502,208,70,71,503,504,505],"class_list":{"0":"post-7706","1":"product","2":"type-product","3":"status-publish","4":"has-post-thumbnail","6":"product_cat-cultural-tours-and-holidays-in-portugal","7":"product_cat-guided-group-tours","8":"product_cat-portugal-guided-historical-holidays","9":"product_cat-guided-sightseeing-holidays-portugal","10":"product_cat-guided-walking-holidays-in-portugal","11":"product_tag-beautiful-landscapes","12":"product_tag-big-peaks","13":"product_tag-coastal-village","14":"product_tag-curral-das-freiras","15":"product_tag-great-madeira-walks","16":"product_tag-green-landscape","17":"product_tag-intimate-trails","18":"product_tag-islands-discoverers","19":"product_tag-landscape","20":"product_tag-levada-dos-tornos","21":"product_tag-levadas-walking","22":"product_tag-lush-mountain-slopes","23":"product_tag-machico","24":"product_tag-madeira","25":"product_tag-madeira-island","26":"product_tag-madeira-walks","27":"product_tag-magnificent-landscape","28":"product_tag-natural-scenery","29":"product_tag-nature","30":"product_tag-nature-holidays","31":"product_tag-nature-observation","32":"product_tag-nature-paradise","33":"product_tag-ponta-de-s-lourenco","34":"product_tag-porto-cruz","35":"product_tag-ribeira-brava","36":"product_tag-ribeiro-frio","37":"product_tag-serra-do-faial","38":"product_tag-spectacular-walks","39":"product_tag-surprising-walk","40":"product_tag-traditional-villages","41":"product_tag-traditions","42":"product_tag-unesco-world-heritage-site","43":"product_tag-waterwheels","44":"product_tag-woodland-trails","45":"product_tag-worlds-great-walks","47":"first","48":"instock","49":"virtual","50":"product-type-simple"},"acf":[],"yoast_head":"<!-- This site is optimized with the Yoast SEO Premium plugin v26.8 (Yoast SEO v27.5) - https:\/\/yoast.com\/product\/yoast-seo-premium-wordpress\/ -->\n<title>East Madeira Walking Holidays - Legendary Adventure DMC Portugal<\/title>\n<meta name=\"robots\" content=\"index, follow, max-snippet:-1, max-image-preview:large, max-video-preview:-1\" \/>\n<link rel=\"canonical\" href=\"https:\/\/legendatours.com\/fr\/produit\/east-madeira-13300g\/\" \/>\n<meta property=\"og:locale\" content=\"fr_FR\" \/>\n<meta property=\"og:type\" content=\"article\" \/>\n<meta property=\"og:title\" content=\"East Madeira Walking Holidays\" \/>\n<meta property=\"og:description\" content=\"Madeira, known as the Garden Island is a dream walker\u2019s destination.  The canyons, impressive landscapes, and waterfalls are hidden in Madeira\u2019s lush forests and mountains are a treat to the keen hiker. The views are absolutely breathtaking and in some walks, you\u2019re mostly above the clouds, in magical settings.  This tour is based in Machico, where the island&#039;s discoverers first landed in 1419, and in Funchal, the capital, a city full of historical buildings and lush gardens. From here we\u2019ll have access to a wide range of magnificent and spectacular walks.\" \/>\n<meta property=\"og:url\" content=\"https:\/\/legendatours.com\/fr\/produit\/east-madeira-13300g\/\" \/>\n<meta property=\"og:site_name\" content=\"Legendary Adventure DMC Portugal\" \/>\n<meta property=\"article:publisher\" content=\"https:\/\/www.facebook.com\/legendaryadventuredmc\/\" \/>\n<meta property=\"article:modified_time\" content=\"2025-02-27T15:27:48+00:00\" \/>\n<meta property=\"og:image\" content=\"https:\/\/legendatours.com\/wp-content\/uploads\/sites\/12\/2021\/04\/walking_madeira_picos-e1611669225394.jpg\" \/>\n\t<meta property=\"og:image:width\" content=\"1024\" \/>\n\t<meta property=\"og:image:height\" content=\"683\" \/>\n\t<meta property=\"og:image:type\" content=\"image\/jpeg\" \/>\n<meta name=\"twitter:card\" content=\"summary_large_image\" \/>\n<meta name=\"twitter:label1\" content=\"Dur\u00e9e de lecture estim\u00e9e\" \/>\n\t<meta name=\"twitter:data1\" content=\"1 minute\" \/>\n<script type=\"application\/ld+json\" class=\"yoast-schema-graph\">{\"@context\":\"https:\\\/\\\/schema.org\",\"@graph\":[{\"@type\":\"WebPage\",\"@id\":\"https:\\\/\\\/legendatours.com\\\/product\\\/east-madeira-13300g\\\/\",\"url\":\"https:\\\/\\\/legendatours.com\\\/product\\\/east-madeira-13300g\\\/\",\"name\":\"East Madeira Walking Holidays - Legendary Adventure DMC Portugal\",\"isPartOf\":{\"@id\":\"https:\\\/\\\/legendatours.com\\\/#website\"},\"primaryImageOfPage\":{\"@id\":\"https:\\\/\\\/legendatours.com\\\/product\\\/east-madeira-13300g\\\/#primaryimage\"},\"image\":{\"@id\":\"https:\\\/\\\/legendatours.com\\\/product\\\/east-madeira-13300g\\\/#primaryimage\"},\"thumbnailUrl\":\"https:\\\/\\\/legendatours.com\\\/wp-content\\\/uploads\\\/sites\\\/12\\\/2021\\\/04\\\/walking_madeira_picos-e1611669225394.jpg\",\"datePublished\":\"2020-07-10T11:35:33+00:00\",\"dateModified\":\"2025-02-27T15:27:48+00:00\",\"breadcrumb\":{\"@id\":\"https:\\\/\\\/legendatours.com\\\/product\\\/east-madeira-13300g\\\/#breadcrumb\"},\"inLanguage\":\"fr-FR\",\"potentialAction\":[{\"@type\":\"ReadAction\",\"target\":[\"https:\\\/\\\/legendatours.com\\\/product\\\/east-madeira-13300g\\\/\"]}]},{\"@type\":\"ImageObject\",\"inLanguage\":\"fr-FR\",\"@id\":\"https:\\\/\\\/legendatours.com\\\/product\\\/east-madeira-13300g\\\/#primaryimage\",\"url\":\"https:\\\/\\\/legendatours.com\\\/wp-content\\\/uploads\\\/sites\\\/12\\\/2021\\\/04\\\/walking_madeira_picos-e1611669225394.jpg\",\"contentUrl\":\"https:\\\/\\\/legendatours.com\\\/wp-content\\\/uploads\\\/sites\\\/12\\\/2021\\\/04\\\/walking_madeira_picos-e1611669225394.jpg\",\"width\":1024,\"height\":683,\"caption\":\"Walking in Madeira Picos Trails\"},{\"@type\":\"BreadcrumbList\",\"@id\":\"https:\\\/\\\/legendatours.com\\\/product\\\/east-madeira-13300g\\\/#breadcrumb\",\"itemListElement\":[{\"@type\":\"ListItem\",\"position\":1,\"name\":\"Home\",\"item\":\"https:\\\/\\\/legendatours.com\\\/\"},{\"@type\":\"ListItem\",\"position\":2,\"name\":\"Shop\",\"item\":\"https:\\\/\\\/legendatours.com\\\/sv\\\/?page_id=4\"},{\"@type\":\"ListItem\",\"position\":3,\"name\":\"East Madeira Walking Holidays\"}]},{\"@type\":\"WebSite\",\"@id\":\"https:\\\/\\\/legendatours.com\\\/#website\",\"url\":\"https:\\\/\\\/legendatours.com\\\/\",\"name\":\"Legendary Adventure DMC Portugal\",\"description\":\"Responsible Walking &amp; Nature Holidays in Portugal\",\"publisher\":{\"@id\":\"https:\\\/\\\/legendatours.com\\\/#organization\"},\"alternateName\":\"Legendary Adventure Portugal\",\"potentialAction\":[{\"@type\":\"SearchAction\",\"target\":{\"@type\":\"EntryPoint\",\"urlTemplate\":\"https:\\\/\\\/legendatours.com\\\/?s={search_term_string}\"},\"query-input\":{\"@type\":\"PropertyValueSpecification\",\"valueRequired\":true,\"valueName\":\"search_term_string\"}}],\"inLanguage\":\"fr-FR\"},{\"@type\":\"Organization\",\"@id\":\"https:\\\/\\\/legendatours.com\\\/#organization\",\"name\":\"legendatours.com\",\"url\":\"https:\\\/\\\/legendatours.com\\\/\",\"logo\":{\"@type\":\"ImageObject\",\"inLanguage\":\"fr-FR\",\"@id\":\"https:\\\/\\\/legendatours.com\\\/#\\\/schema\\\/logo\\\/image\\\/\",\"url\":\"https:\\\/\\\/legendatours.com\\\/wp-content\\\/uploads\\\/sites\\\/12\\\/2021\\\/06\\\/legendary_adventure_dmc.png\",\"contentUrl\":\"https:\\\/\\\/legendatours.com\\\/wp-content\\\/uploads\\\/sites\\\/12\\\/2021\\\/06\\\/legendary_adventure_dmc.png\",\"width\":250,\"height\":74,\"caption\":\"legendatours.com\"},\"image\":{\"@id\":\"https:\\\/\\\/legendatours.com\\\/#\\\/schema\\\/logo\\\/image\\\/\"},\"sameAs\":[\"https:\\\/\\\/www.facebook.com\\\/legendaryadventuredmc\\\/\",\"https:\\\/\\\/www.linkedin.com\\\/company\\\/legendary-adventure-dmc-portugal\",\"https:\\\/\\\/www.youtube.com\\\/channel\\\/UCOIRDx_KM6ynIcacQkZjb6g\"]}]}<\/script>\n<!-- \/ Yoast SEO Premium plugin. -->","yoast_head_json":{"title":"Vacances \u00e0 pied dans l&#039;est de Mad\u00e8re - Aventure l\u00e9gendaire DMC Portugal","robots":{"index":"index","follow":"follow","max-snippet":"max-snippet:-1","max-image-preview":"max-image-preview:large","max-video-preview":"max-video-preview:-1"},"canonical":"https:\/\/legendatours.com\/fr\/produit\/east-madeira-13300g\/","og_locale":"fr_FR","og_type":"article","og_title":"East Madeira Walking Holidays","og_description":"Madeira, known as the Garden Island is a dream walker\u2019s destination.  The canyons, impressive landscapes, and waterfalls are hidden in Madeira\u2019s lush forests and mountains are a treat to the keen hiker. The views are absolutely breathtaking and in some walks, you\u2019re mostly above the clouds, in magical settings.  This tour is based in Machico, where the island's discoverers first landed in 1419, and in Funchal, the capital, a city full of historical buildings and lush gardens. From here we\u2019ll have access to a wide range of magnificent and spectacular walks.","og_url":"https:\/\/legendatours.com\/fr\/produit\/east-madeira-13300g\/","og_site_name":"Legendary Adventure DMC Portugal","article_publisher":"https:\/\/www.facebook.com\/legendaryadventuredmc\/","article_modified_time":"2025-02-27T15:27:48+00:00","og_image":[{"width":1024,"height":683,"url":"https:\/\/legendatours.com\/wp-content\/uploads\/sites\/12\/2021\/04\/walking_madeira_picos-e1611669225394.jpg","type":"image\/jpeg"}],"twitter_card":"summary_large_image","twitter_misc":{"Dur\u00e9e de lecture estim\u00e9e":"1 minute"},"schema":{"@context":"https:\/\/schema.org","@graph":[{"@type":"WebPage","@id":"https:\/\/legendatours.com\/product\/east-madeira-13300g\/","url":"https:\/\/legendatours.com\/product\/east-madeira-13300g\/","name":"Vacances \u00e0 pied dans l&#039;est de Mad\u00e8re - Aventure l\u00e9gendaire DMC Portugal","isPartOf":{"@id":"https:\/\/legendatours.com\/#website"},"primaryImageOfPage":{"@id":"https:\/\/legendatours.com\/product\/east-madeira-13300g\/#primaryimage"},"image":{"@id":"https:\/\/legendatours.com\/product\/east-madeira-13300g\/#primaryimage"},"thumbnailUrl":"https:\/\/legendatours.com\/wp-content\/uploads\/sites\/12\/2021\/04\/walking_madeira_picos-e1611669225394.jpg","datePublished":"2020-07-10T11:35:33+00:00","dateModified":"2025-02-27T15:27:48+00:00","breadcrumb":{"@id":"https:\/\/legendatours.com\/product\/east-madeira-13300g\/#breadcrumb"},"inLanguage":"fr-FR","potentialAction":[{"@type":"ReadAction","target":["https:\/\/legendatours.com\/product\/east-madeira-13300g\/"]}]},{"@type":"ImageObject","inLanguage":"fr-FR","@id":"https:\/\/legendatours.com\/product\/east-madeira-13300g\/#primaryimage","url":"https:\/\/legendatours.com\/wp-content\/uploads\/sites\/12\/2021\/04\/walking_madeira_picos-e1611669225394.jpg","contentUrl":"https:\/\/legendatours.com\/wp-content\/uploads\/sites\/12\/2021\/04\/walking_madeira_picos-e1611669225394.jpg","width":1024,"height":683,"caption":"Walking in Madeira Picos Trails"},{"@type":"BreadcrumbList","@id":"https:\/\/legendatours.com\/product\/east-madeira-13300g\/#breadcrumb","itemListElement":[{"@type":"ListItem","position":1,"name":"Home","item":"https:\/\/legendatours.com\/"},{"@type":"ListItem","position":2,"name":"Shop","item":"https:\/\/legendatours.com\/sv\/?page_id=4"},{"@type":"ListItem","position":3,"name":"East Madeira Walking Holidays"}]},{"@type":"WebSite","@id":"https:\/\/legendatours.com\/#website","url":"https:\/\/legendatours.com\/","name":"Aventure l\u00e9gendaire DMC Portugal","description":"Randonn\u00e9es responsables et vacances nature au Portugal","publisher":{"@id":"https:\/\/legendatours.com\/#organization"},"alternateName":"Legendary Adventure Portugal","potentialAction":[{"@type":"SearchAction","target":{"@type":"EntryPoint","urlTemplate":"https:\/\/legendatours.com\/?s={search_term_string}"},"query-input":{"@type":"PropertyValueSpecification","valueRequired":true,"valueName":"search_term_string"}}],"inLanguage":"fr-FR"},{"@type":"Organization","@id":"https:\/\/legendatours.com\/#organization","name":"legendatours.com","url":"https:\/\/legendatours.com\/","logo":{"@type":"ImageObject","inLanguage":"fr-FR","@id":"https:\/\/legendatours.com\/#\/schema\/logo\/image\/","url":"https:\/\/legendatours.com\/wp-content\/uploads\/sites\/12\/2021\/06\/legendary_adventure_dmc.png","contentUrl":"https:\/\/legendatours.com\/wp-content\/uploads\/sites\/12\/2021\/06\/legendary_adventure_dmc.png","width":250,"height":74,"caption":"legendatours.com"},"image":{"@id":"https:\/\/legendatours.com\/#\/schema\/logo\/image\/"},"sameAs":["https:\/\/www.facebook.com\/legendaryadventuredmc\/","https:\/\/www.linkedin.com\/company\/legendary-adventure-dmc-portugal","https:\/\/www.youtube.com\/channel\/UCOIRDx_KM6ynIcacQkZjb6g"]}]}},"_links":{"self":[{"href":"https:\/\/legendatours.com\/fr\/wp-json\/wp\/v2\/product\/7706","targetHints":{"allow":["GET"]}}],"collection":[{"href":"https:\/\/legendatours.com\/fr\/wp-json\/wp\/v2\/product"}],"about":[{"href":"https:\/\/legendatours.com\/fr\/wp-json\/wp\/v2\/types\/product"}],"replies":[{"embeddable":true,"href":"https:\/\/legendatours.com\/fr\/wp-json\/wp\/v2\/comments?post=7706"}],"wp:featuredmedia":[{"embeddable":true,"href":"https:\/\/legendatours.com\/fr\/wp-json\/wp\/v2\/media\/7699"}],"wp:attachment":[{"href":"https:\/\/legendatours.com\/fr\/wp-json\/wp\/v2\/media?parent=7706"}],"wp:term":[{"taxonomy":"product_brand","embeddable":true,"href":"https:\/\/legendatours.com\/fr\/wp-json\/wp\/v2\/product_brand?post=7706"},{"taxonomy":"product_cat","embeddable":true,"href":"https:\/\/legendatours.com\/fr\/wp-json\/wp\/v2\/product_cat?post=7706"},{"taxonomy":"product_tag","embeddable":true,"href":"https:\/\/legendatours.com\/fr\/wp-json\/wp\/v2\/product_tag?post=7706"}],"curies":[{"name":"wp","href":"https:\/\/api.w.org\/{rel}","templated":true}]}}