{"id":7710,"date":"2020-07-10T11:17:10","date_gmt":"2020-07-10T11:17:10","guid":{"rendered":"https:\/\/legendatours.com\/product\/holidays-walking-in-west-madeira\/"},"modified":"2025-02-27T15:28:18","modified_gmt":"2025-02-27T15:28:18","slug":"west-madeira-13200g","status":"publish","type":"product","link":"https:\/\/legendatours.com\/fr\/produit\/west-madeira-13200g\/","title":{"rendered":"Vacances \u00e0 pied dans l&#039;ouest de Mad\u00e8re"},"content":{"rendered":"<p><strong>Groupes accept\u00e9s avec un minimum de 6 personnes.<\/strong><\/p>\n<p>&nbsp;<\/p>\n<p>L&#039;\u00eele de Mad\u00e8re a une multitude de promenades \u00e0 offrir dans ses parties les plus recul\u00e9es, ainsi que des promenades exceptionnelles accessibles depuis la capitale de l&#039;\u00eele, Funchal. Entre autres promenades, nous pouvons explorer des levadas moins connues, les \u00e9troits canaux d&#039;irrigation de montagne qui am\u00e8nent l&#039;eau des collines du nord vers les terrasses du sud.<\/p>\n<div id=\"attachment_2835\" style=\"width: 1034px\" class=\"wp-caption alignnone\"><img loading=\"lazy\" decoding=\"async\" aria-describedby=\"caption-attachment-2835\" class=\"wp-image-2835 size-full\" title=\"Maisons typiques de Mad\u00e8re\" src=\"https:\/\/legendatours.net\/wp-content\/uploads\/2020\/07\/typical_houses_madeira.jpg\" alt=\"Madeira typical Santana houses\" width=\"1024\" height=\"768\" \/><p id=\"caption-attachment-2835\" class=\"wp-caption-text\">Maisons typiques de Mad\u00e8re<\/p><\/div>\n<p>Nous commen\u00e7ons \u00e0 Porto Moniz, \u00e0 l&#039;extr\u00eame nord-ouest de l&#039;\u00eele. C&#039;est un port abrit\u00e9 o\u00f9 une masse de r\u00e9cifs pointus dans les roches de lave offre des bassins de baignade naturels.<\/p>\n<p>L&#039;\u00e9loignement est la seule raison pour laquelle la r\u00e9gion re\u00e7oit peu de visiteurs.<\/p>\n<p>La marche nous emm\u00e8ne \u00e0 travers des collines escarp\u00e9es en terrasses, souvent avec des vues sur la c\u00f4te o\u00f9 les rouleaux de l&#039;Atlantique s&#039;\u00e9crasent. Nous marchons \u00e9galement dans la paisible Levada do Moinho avec plusieurs moulins \u00e0 eau le long de son parcours.<\/p>\n<div id=\"attachment_2736\" style=\"width: 1034px\" class=\"wp-caption alignnone\"><img loading=\"lazy\" decoding=\"async\" aria-describedby=\"caption-attachment-2736\" class=\"wp-image-2736 size-full\" src=\"https:\/\/legendatours.net\/wp-content\/uploads\/2020\/07\/Walk_madeira_Levada_Castelejo-e1611683538923.jpg\" alt=\"Walk in Madeira\" width=\"1024\" height=\"684\" \/><p id=\"caption-attachment-2736\" class=\"wp-caption-text\">Walk-in Mad\u00e8re. Explorez les villages peu visit\u00e9s, \u00e0 l&#039;extr\u00eame nord-ouest de Mad\u00e8re.<\/p><\/div>\n<p>En route vers notre prochain centre, Ponta do Sol, sur la c\u00f4te sud, nous longeons la Levada de Lombo de Mouro, une Levada attrayante et peu fr\u00e9quent\u00e9e qui commence tout en haut pr\u00e8s du col central de l&#039;\u00eele \u00e0 Encumeada.<\/p>\n<p>Ponta do Sol est un petit village nich\u00e9 entre des collines en terrasses o\u00f9 notre h\u00f4tel se trouve \u00e0 quelques secondes de la mer. Il a une belle toile de fond de montagne, mais la plus grande attraction est ses piscines de lave volcanique transform\u00e9es avec go\u00fbt en un lido, avec des passerelles et des ponts.<\/p>\n<div class=\"row\">\n<div class=\"column\" style=\"flex: 45%\">\n<p><iframe loading=\"lazy\" title=\"Marcher sur l&#039;\u00eele de Mad\u00e8re - Les plus beaux sentiers du monde\" width=\"1080\" height=\"608\" src=\"https:\/\/www.youtube.com\/embed\/e5InoSl1H2o?feature=oembed\" frameborder=\"0\" allow=\"accelerometer; autoplay; clipboard-write; encrypted-media; gyroscope; picture-in-picture\" allowfullscreen><\/iframe><\/p>\n<\/div>\n<div class=\"column\" style=\"flex: 10%\"><\/div>\n<div class=\"column\" style=\"flex: 45%\">\n<p><iframe loading=\"lazy\" title=\"\u00cele de Mad\u00e8re | Chemin vers Pico Ruivo\" width=\"1080\" height=\"608\" src=\"https:\/\/www.youtube.com\/embed\/IlpBJP0z8Kw?feature=oembed\" frameborder=\"0\" allow=\"accelerometer; autoplay; clipboard-write; encrypted-media; gyroscope; picture-in-picture\" allowfullscreen><\/iframe><\/p>\n<\/div>\n<\/div>","protected":false},"excerpt":{"rendered":"<p>L&#039;\u00eele de Mad\u00e8re a une multitude de promenades \u00e0 offrir dans ses parties les plus recul\u00e9es, ainsi que des promenades exceptionnelles accessibles depuis la capitale de l&#039;\u00eele, Funchal. Entre autres promenades, nous pouvons explorer des levadas moins connues, les \u00e9troits canaux d&#039;irrigation de montagne qui am\u00e8nent l&#039;eau des collines du nord vers les terrasses du sud.<\/p>","protected":false},"featured_media":7707,"comment_status":"closed","ping_status":"closed","template":"","meta":{"_acf_changed":false,"inline_featured_image":false},"product_brand":[],"product_cat":[32,28,29,30,31],"product_tag":[506,507,78,508,509,510,511,87,512,94,513,514,515,516,492,493,494,95,98,99,517,518,519,520,521,522,208,523,524,525,526,527],"class_list":{"0":"post-7710","1":"product","2":"type-product","3":"status-publish","4":"has-post-thumbnail","6":"product_cat-cultural-tours-and-holidays-in-portugal","7":"product_cat-guided-group-tours","8":"product_cat-portugal-guided-historical-holidays","9":"product_cat-guided-sightseeing-holidays-portugal","10":"product_cat-guided-walking-holidays-in-portugal","11":"product_tag-atlantic-ocean","12":"product_tag-banana-plantations","13":"product_tag-beautiful-landscapes","14":"product_tag-corujeira","15":"product_tag-encumeada","16":"product_tag-fontes-chao-dos-terreiros","17":"product_tag-funchal","18":"product_tag-green-landscape","19":"product_tag-lamaceiras","20":"product_tag-landscape","21":"product_tag-levada-de-lombo-de-mouro","22":"product_tag-levada-do-moinho","23":"product_tag-levada-nova-and-levada-do-moinho","24":"product_tag-levadas","25":"product_tag-madeira","26":"product_tag-madeira-island","27":"product_tag-madeira-walks","28":"product_tag-magnificent-landscape","29":"product_tag-natural-reserves","30":"product_tag-natural-scenery","31":"product_tag-ponta-do-sol","32":"product_tag-porto-moniz","33":"product_tag-rabacal","34":"product_tag-ribeira-da-janela","35":"product_tag-sub-tropical-woodland","36":"product_tag-tiny-levada","37":"product_tag-traditional-villages","38":"product_tag-ush-woodland","39":"product_tag-village-of-santa","40":"product_tag-walkways-and-bridges","41":"product_tag-waterfall-of-risco","42":"product_tag-waterfalls","44":"first","45":"instock","46":"virtual","47":"product-type-simple"},"acf":[],"yoast_head":"<!-- This site is optimized with the Yoast SEO Premium plugin v26.8 (Yoast SEO v27.5) - https:\/\/yoast.com\/product\/yoast-seo-premium-wordpress\/ -->\n<title>Holidays Walking in West Madeira - Legendary Adventure DMC Portugal<\/title>\n<meta name=\"robots\" content=\"index, follow, max-snippet:-1, max-image-preview:large, max-video-preview:-1\" \/>\n<link rel=\"canonical\" href=\"https:\/\/legendatours.com\/fr\/produit\/west-madeira-13200g\/\" \/>\n<meta property=\"og:locale\" content=\"fr_FR\" \/>\n<meta property=\"og:type\" content=\"article\" \/>\n<meta property=\"og:title\" content=\"Holidays Walking in West Madeira\" \/>\n<meta property=\"og:description\" content=\"Madeira Island has a wealth of walking to offer in its more remote parts, as well as the exceptional walks accessible from the island\u2019s capital Funchal. Amongst other walks, we are able to explore less well-known levadas, the narrow mountain irrigation channels which take water from the northern hills to the southern terraces.\" \/>\n<meta property=\"og:url\" content=\"https:\/\/legendatours.com\/fr\/produit\/west-madeira-13200g\/\" \/>\n<meta property=\"og:site_name\" content=\"Legendary Adventure DMC Portugal\" \/>\n<meta property=\"article:publisher\" content=\"https:\/\/www.facebook.com\/legendaryadventuredmc\/\" \/>\n<meta property=\"article:modified_time\" content=\"2025-02-27T15:28:18+00:00\" \/>\n<meta property=\"og:image\" content=\"https:\/\/legendatours.com\/wp-content\/uploads\/sites\/12\/2021\/04\/Walk_madeira_Levada_Castelejo-e1611683538923.jpg\" \/>\n\t<meta property=\"og:image:width\" content=\"1024\" \/>\n\t<meta property=\"og:image:height\" content=\"684\" \/>\n\t<meta property=\"og:image:type\" content=\"image\/jpeg\" \/>\n<meta name=\"twitter:card\" content=\"summary_large_image\" \/>\n<meta name=\"twitter:label1\" content=\"Dur\u00e9e de lecture estim\u00e9e\" \/>\n\t<meta name=\"twitter:data1\" content=\"1 minute\" \/>\n<script type=\"application\/ld+json\" class=\"yoast-schema-graph\">{\"@context\":\"https:\\\/\\\/schema.org\",\"@graph\":[{\"@type\":\"WebPage\",\"@id\":\"https:\\\/\\\/legendatours.com\\\/product\\\/west-madeira-13200g\\\/\",\"url\":\"https:\\\/\\\/legendatours.com\\\/product\\\/west-madeira-13200g\\\/\",\"name\":\"Holidays Walking in West Madeira - Legendary Adventure DMC Portugal\",\"isPartOf\":{\"@id\":\"https:\\\/\\\/legendatours.com\\\/#website\"},\"primaryImageOfPage\":{\"@id\":\"https:\\\/\\\/legendatours.com\\\/product\\\/west-madeira-13200g\\\/#primaryimage\"},\"image\":{\"@id\":\"https:\\\/\\\/legendatours.com\\\/product\\\/west-madeira-13200g\\\/#primaryimage\"},\"thumbnailUrl\":\"https:\\\/\\\/legendatours.com\\\/wp-content\\\/uploads\\\/sites\\\/12\\\/2021\\\/04\\\/Walk_madeira_Levada_Castelejo-e1611683538923.jpg\",\"datePublished\":\"2020-07-10T11:17:10+00:00\",\"dateModified\":\"2025-02-27T15:28:18+00:00\",\"breadcrumb\":{\"@id\":\"https:\\\/\\\/legendatours.com\\\/product\\\/west-madeira-13200g\\\/#breadcrumb\"},\"inLanguage\":\"fr-FR\",\"potentialAction\":[{\"@type\":\"ReadAction\",\"target\":[\"https:\\\/\\\/legendatours.com\\\/product\\\/west-madeira-13200g\\\/\"]}]},{\"@type\":\"ImageObject\",\"inLanguage\":\"fr-FR\",\"@id\":\"https:\\\/\\\/legendatours.com\\\/product\\\/west-madeira-13200g\\\/#primaryimage\",\"url\":\"https:\\\/\\\/legendatours.com\\\/wp-content\\\/uploads\\\/sites\\\/12\\\/2021\\\/04\\\/Walk_madeira_Levada_Castelejo-e1611683538923.jpg\",\"contentUrl\":\"https:\\\/\\\/legendatours.com\\\/wp-content\\\/uploads\\\/sites\\\/12\\\/2021\\\/04\\\/Walk_madeira_Levada_Castelejo-e1611683538923.jpg\",\"width\":1024,\"height\":684,\"caption\":\"Walk in Madeira\"},{\"@type\":\"BreadcrumbList\",\"@id\":\"https:\\\/\\\/legendatours.com\\\/product\\\/west-madeira-13200g\\\/#breadcrumb\",\"itemListElement\":[{\"@type\":\"ListItem\",\"position\":1,\"name\":\"Home\",\"item\":\"https:\\\/\\\/legendatours.com\\\/\"},{\"@type\":\"ListItem\",\"position\":2,\"name\":\"Shop\",\"item\":\"https:\\\/\\\/legendatours.com\\\/sv\\\/?page_id=4\"},{\"@type\":\"ListItem\",\"position\":3,\"name\":\"Holidays Walking in West Madeira\"}]},{\"@type\":\"WebSite\",\"@id\":\"https:\\\/\\\/legendatours.com\\\/#website\",\"url\":\"https:\\\/\\\/legendatours.com\\\/\",\"name\":\"Legendary Adventure DMC Portugal\",\"description\":\"Responsible Walking &amp; Nature Holidays in Portugal\",\"publisher\":{\"@id\":\"https:\\\/\\\/legendatours.com\\\/#organization\"},\"alternateName\":\"Legendary Adventure Portugal\",\"potentialAction\":[{\"@type\":\"SearchAction\",\"target\":{\"@type\":\"EntryPoint\",\"urlTemplate\":\"https:\\\/\\\/legendatours.com\\\/?s={search_term_string}\"},\"query-input\":{\"@type\":\"PropertyValueSpecification\",\"valueRequired\":true,\"valueName\":\"search_term_string\"}}],\"inLanguage\":\"fr-FR\"},{\"@type\":\"Organization\",\"@id\":\"https:\\\/\\\/legendatours.com\\\/#organization\",\"name\":\"legendatours.com\",\"url\":\"https:\\\/\\\/legendatours.com\\\/\",\"logo\":{\"@type\":\"ImageObject\",\"inLanguage\":\"fr-FR\",\"@id\":\"https:\\\/\\\/legendatours.com\\\/#\\\/schema\\\/logo\\\/image\\\/\",\"url\":\"https:\\\/\\\/legendatours.com\\\/wp-content\\\/uploads\\\/sites\\\/12\\\/2021\\\/06\\\/legendary_adventure_dmc.png\",\"contentUrl\":\"https:\\\/\\\/legendatours.com\\\/wp-content\\\/uploads\\\/sites\\\/12\\\/2021\\\/06\\\/legendary_adventure_dmc.png\",\"width\":250,\"height\":74,\"caption\":\"legendatours.com\"},\"image\":{\"@id\":\"https:\\\/\\\/legendatours.com\\\/#\\\/schema\\\/logo\\\/image\\\/\"},\"sameAs\":[\"https:\\\/\\\/www.facebook.com\\\/legendaryadventuredmc\\\/\",\"https:\\\/\\\/www.linkedin.com\\\/company\\\/legendary-adventure-dmc-portugal\",\"https:\\\/\\\/www.youtube.com\\\/channel\\\/UCOIRDx_KM6ynIcacQkZjb6g\"]}]}<\/script>\n<!-- \/ Yoast SEO Premium plugin. -->","yoast_head_json":{"title":"Randonn\u00e9es p\u00e9destres dans l&#039;ouest de Mad\u00e8re - Legendary Adventure DMC Portugal","robots":{"index":"index","follow":"follow","max-snippet":"max-snippet:-1","max-image-preview":"max-image-preview:large","max-video-preview":"max-video-preview:-1"},"canonical":"https:\/\/legendatours.com\/fr\/produit\/west-madeira-13200g\/","og_locale":"fr_FR","og_type":"article","og_title":"Holidays Walking in West Madeira","og_description":"Madeira Island has a wealth of walking to offer in its more remote parts, as well as the exceptional walks accessible from the island\u2019s capital Funchal. Amongst other walks, we are able to explore less well-known levadas, the narrow mountain irrigation channels which take water from the northern hills to the southern terraces.","og_url":"https:\/\/legendatours.com\/fr\/produit\/west-madeira-13200g\/","og_site_name":"Legendary Adventure DMC Portugal","article_publisher":"https:\/\/www.facebook.com\/legendaryadventuredmc\/","article_modified_time":"2025-02-27T15:28:18+00:00","og_image":[{"width":1024,"height":684,"url":"https:\/\/legendatours.com\/wp-content\/uploads\/sites\/12\/2021\/04\/Walk_madeira_Levada_Castelejo-e1611683538923.jpg","type":"image\/jpeg"}],"twitter_card":"summary_large_image","twitter_misc":{"Dur\u00e9e de lecture estim\u00e9e":"1 minute"},"schema":{"@context":"https:\/\/schema.org","@graph":[{"@type":"WebPage","@id":"https:\/\/legendatours.com\/product\/west-madeira-13200g\/","url":"https:\/\/legendatours.com\/product\/west-madeira-13200g\/","name":"Randonn\u00e9es p\u00e9destres dans l&#039;ouest de Mad\u00e8re - Legendary Adventure DMC Portugal","isPartOf":{"@id":"https:\/\/legendatours.com\/#website"},"primaryImageOfPage":{"@id":"https:\/\/legendatours.com\/product\/west-madeira-13200g\/#primaryimage"},"image":{"@id":"https:\/\/legendatours.com\/product\/west-madeira-13200g\/#primaryimage"},"thumbnailUrl":"https:\/\/legendatours.com\/wp-content\/uploads\/sites\/12\/2021\/04\/Walk_madeira_Levada_Castelejo-e1611683538923.jpg","datePublished":"2020-07-10T11:17:10+00:00","dateModified":"2025-02-27T15:28:18+00:00","breadcrumb":{"@id":"https:\/\/legendatours.com\/product\/west-madeira-13200g\/#breadcrumb"},"inLanguage":"fr-FR","potentialAction":[{"@type":"ReadAction","target":["https:\/\/legendatours.com\/product\/west-madeira-13200g\/"]}]},{"@type":"ImageObject","inLanguage":"fr-FR","@id":"https:\/\/legendatours.com\/product\/west-madeira-13200g\/#primaryimage","url":"https:\/\/legendatours.com\/wp-content\/uploads\/sites\/12\/2021\/04\/Walk_madeira_Levada_Castelejo-e1611683538923.jpg","contentUrl":"https:\/\/legendatours.com\/wp-content\/uploads\/sites\/12\/2021\/04\/Walk_madeira_Levada_Castelejo-e1611683538923.jpg","width":1024,"height":684,"caption":"Walk in Madeira"},{"@type":"BreadcrumbList","@id":"https:\/\/legendatours.com\/product\/west-madeira-13200g\/#breadcrumb","itemListElement":[{"@type":"ListItem","position":1,"name":"Home","item":"https:\/\/legendatours.com\/"},{"@type":"ListItem","position":2,"name":"Shop","item":"https:\/\/legendatours.com\/sv\/?page_id=4"},{"@type":"ListItem","position":3,"name":"Holidays Walking in West Madeira"}]},{"@type":"WebSite","@id":"https:\/\/legendatours.com\/#website","url":"https:\/\/legendatours.com\/","name":"Aventure l\u00e9gendaire DMC Portugal","description":"Randonn\u00e9es responsables et vacances nature au Portugal","publisher":{"@id":"https:\/\/legendatours.com\/#organization"},"alternateName":"Legendary Adventure Portugal","potentialAction":[{"@type":"SearchAction","target":{"@type":"EntryPoint","urlTemplate":"https:\/\/legendatours.com\/?s={search_term_string}"},"query-input":{"@type":"PropertyValueSpecification","valueRequired":true,"valueName":"search_term_string"}}],"inLanguage":"fr-FR"},{"@type":"Organization","@id":"https:\/\/legendatours.com\/#organization","name":"legendatours.com","url":"https:\/\/legendatours.com\/","logo":{"@type":"ImageObject","inLanguage":"fr-FR","@id":"https:\/\/legendatours.com\/#\/schema\/logo\/image\/","url":"https:\/\/legendatours.com\/wp-content\/uploads\/sites\/12\/2021\/06\/legendary_adventure_dmc.png","contentUrl":"https:\/\/legendatours.com\/wp-content\/uploads\/sites\/12\/2021\/06\/legendary_adventure_dmc.png","width":250,"height":74,"caption":"legendatours.com"},"image":{"@id":"https:\/\/legendatours.com\/#\/schema\/logo\/image\/"},"sameAs":["https:\/\/www.facebook.com\/legendaryadventuredmc\/","https:\/\/www.linkedin.com\/company\/legendary-adventure-dmc-portugal","https:\/\/www.youtube.com\/channel\/UCOIRDx_KM6ynIcacQkZjb6g"]}]}},"_links":{"self":[{"href":"https:\/\/legendatours.com\/fr\/wp-json\/wp\/v2\/product\/7710","targetHints":{"allow":["GET"]}}],"collection":[{"href":"https:\/\/legendatours.com\/fr\/wp-json\/wp\/v2\/product"}],"about":[{"href":"https:\/\/legendatours.com\/fr\/wp-json\/wp\/v2\/types\/product"}],"replies":[{"embeddable":true,"href":"https:\/\/legendatours.com\/fr\/wp-json\/wp\/v2\/comments?post=7710"}],"wp:featuredmedia":[{"embeddable":true,"href":"https:\/\/legendatours.com\/fr\/wp-json\/wp\/v2\/media\/7707"}],"wp:attachment":[{"href":"https:\/\/legendatours.com\/fr\/wp-json\/wp\/v2\/media?parent=7710"}],"wp:term":[{"taxonomy":"product_brand","embeddable":true,"href":"https:\/\/legendatours.com\/fr\/wp-json\/wp\/v2\/product_brand?post=7710"},{"taxonomy":"product_cat","embeddable":true,"href":"https:\/\/legendatours.com\/fr\/wp-json\/wp\/v2\/product_cat?post=7710"},{"taxonomy":"product_tag","embeddable":true,"href":"https:\/\/legendatours.com\/fr\/wp-json\/wp\/v2\/product_tag?post=7710"}],"curies":[{"name":"wp","href":"https:\/\/api.w.org\/{rel}","templated":true}]}}