{"id":7716,"date":"2020-07-09T14:43:16","date_gmt":"2020-07-09T14:43:16","guid":{"rendered":"https:\/\/legendatours.com\/product\/the-ribatejo-walking-experience-discover-abrantes-nazare\/"},"modified":"2021-08-11T14:29:38","modified_gmt":"2021-08-11T14:29:38","slug":"the-ribatejo-experience-discover-abrantes-nazare-12800g","status":"publish","type":"product","link":"https:\/\/legendatours.com\/fr\/produit\/the-ribatejo-experience-discover-abrantes-nazare-12800g\/","title":{"rendered":"L&#039;exp\u00e9rience de marche du Ribatejo: D\u00e9couvrez Abrantes &amp; Nazar\u00e9"},"content":{"rendered":"<p><strong>Groupes accept\u00e9s avec un minimum de 6 personnes.<\/strong><\/p>\n<p>&nbsp;<\/p>\n<p>Nos vacances nouvellement con\u00e7ues visitent deux des r\u00e9gions les plus anciennes et les plus fascinantes du Portugal, dans la r\u00e9gion fertile de Ribatejo.<\/p>\n<p>Pendant des si\u00e8cles, le Ribatejo a \u00e9t\u00e9 le c\u0153ur des domaines viticoles, de la culture du bl\u00e9 et de la production de soie. Il est aujourd&#039;hui c\u00e9l\u00e8bre pour l&#039;\u00e9levage de b\u00e9tail et de chevaux, ce qui lui donne la r\u00e9putation de \u00ab\u00a0l&#039;ouest sauvage du Portugal\u00a0\u00bb.<\/p>\n<div id=\"attachment_2651\" style=\"width: 1034px\" class=\"wp-caption alignnone\"><img loading=\"lazy\" decoding=\"async\" aria-describedby=\"caption-attachment-2651\" class=\"wp-image-2651 size-large\" src=\"https:\/\/legendatours.net\/wp-content\/uploads\/2020\/06\/Nazare_cliff-1024x638.jpg\" alt=\"Nazare cliff\" width=\"1024\" height=\"638\" \/><p id=\"caption-attachment-2651\" class=\"wp-caption-text\">Falaise de Nazare, Magnifique vue sur la falaise sur Nazare et les plages.<\/p><\/div>\n<p>Notre premier centre est la belle ville d&#039;Abrantes. Son ch\u00e2teau, s&#039;\u00e9levant au-dessus du fleuve Tage, regarde vers le sud \u00e0 travers les plaines de la rive sud du Tage. Au nord, les collines verdoyantes s&#039;\u00e9l\u00e8vent pour le prot\u00e9ger.<\/p>\n<p>Plein d&#039;histoire des temps celtique et romain, il est devenu le favori des rois portugais qui l&#039;ont dot\u00e9 de certains de ses plus beaux \u00e9difices, Abrantes refl\u00e8te une histoire pleine et diversifi\u00e9e.<\/p>\n<p>Aujourd&#039;hui, c&#039;est une ville prosp\u00e8re mais paisible, o\u00f9 il vaut la peine de se promener dans les maisons blanchies \u00e0 la chaux et les rues pav\u00e9es qui sont consid\u00e9r\u00e9es comme ayant la d\u00e9coration florale la plus riche de tout le pays.<\/p>\n<div id=\"attachment_2887\" style=\"width: 1034px\" class=\"wp-caption alignnone\"><img loading=\"lazy\" decoding=\"async\" aria-describedby=\"caption-attachment-2887\" class=\"wp-image-2887 size-large\" title=\"\u00c9glise monastique d&#039;Alcoba\u00e7a\" src=\"https:\/\/legendatours.net\/wp-content\/uploads\/2020\/07\/mosteiro_alcobaca-1024x683.jpg\" alt=\"Alcoba\u00e7a Monestary Church\" width=\"1024\" height=\"683\" \/><p id=\"caption-attachment-2887\" class=\"wp-caption-text\">Monast\u00e8re d&#039;Alcoba\u00e7a. Le monast\u00e8re d&#039;Alcoba\u00e7a est un complexe monastique catholique romain situ\u00e9 dans la ville d&#039;Alcoba\u00e7a, au centre du Portugal.<\/p><\/div>\n<p>De l\u00e0, nous nous dirigeons vers la C\u00f4te d&#039;Argent, la &quot;Costa da Prata&quot;, du nom de ses plages d&#039;argent, parsem\u00e9es de moulins \u00e0 vent &quot;chantants&quot; et de villages de p\u00eacheurs traditionnels - comme Nazar\u00e9.<\/p>\n<p>Nazar\u00e9 est l&#039;un des villages de p\u00eacheurs les plus connus du Portugal !<\/p>\n<div id=\"attachment_2889\" style=\"width: 1034px\" class=\"wp-caption alignnone\"><img loading=\"lazy\" decoding=\"async\" aria-describedby=\"caption-attachment-2889\" class=\"wp-image-2889 size-full\" src=\"https:\/\/legendatours.net\/wp-content\/uploads\/2020\/07\/sao_martinho_porto.jpg\" alt=\"S\u00e3o Martinho Lake Porto\" width=\"1024\" height=\"768\" \/><p id=\"caption-attachment-2889\" class=\"wp-caption-text\">Sao Martinho do Porto, La mer ici est pratiquement toujours calme car la baie est tr\u00e8s abrit\u00e9e (l&#039;oppos\u00e9 polaire de la station baln\u00e9aire voisine de Nazare).<\/p><\/div>\n<p>Au milieu de l&#039;\u00e9t\u00e9, les touristes affluent vers ses plages spectaculaires, mais hors saison, il retourne dans l&#039;authentique village de p\u00eacheurs qu&#039;il \u00e9tait autrefois.<\/p>\n<p>Magnifiquement situ\u00e9e entre sa plage de sable en forme de croissant d&#039;un c\u00f4t\u00e9 et le promontoire rocheux de Sit\u00edo de l&#039;autre, Nazar\u00e9 poss\u00e8de certaines des plus anciennes traditions de p\u00eache au Portugal.<\/p>\n<p>Nous verrons encore l&#039;authentique village de p\u00eacheurs qu&#039;\u00e9tait Nazar\u00e9 et profiterons de l&#039;atmosph\u00e8re unique qui s&#039;y trouve encore. Admirez les bateaux de p\u00eache color\u00e9s, en bois et \u00e9l\u00e9gants encore utilis\u00e9s aujourd&#039;hui avec leurs proues courbes typiques dress\u00e9es sur la plage de sable parmi les filets de s\u00e9chage.<\/p>\n<p>Au nord de la plage s&#039;\u00e9l\u00e8ve le promontoire rocheux de S\u00edtio o\u00f9 un funiculaire monte \u00e0 flanc de colline jusqu&#039;\u00e0 cet ancien village.<\/p>\n<p>Ici, nous avons une perspective diff\u00e9rente, o\u00f9 des vues c\u00f4ti\u00e8res de carte postale se d\u00e9roulent des falaises au nord et au sud.<\/p>\n<div class=\"row\" style=\"display: flex;\">\n<div class=\"column\" style=\"flex: 45%;\">\n<p><iframe loading=\"lazy\" title=\"Abrantes - Tudo Incluido - Centro Historico - FRA\" width=\"1080\" height=\"608\" src=\"https:\/\/www.youtube.com\/embed\/XYhDwTKUJmo?feature=oembed\" frameborder=\"0\" allow=\"accelerometer; autoplay; clipboard-write; encrypted-media; gyroscope; picture-in-picture\" allowfullscreen><\/iframe><\/p>\n<\/div>\n<div class=\"column\" style=\"flex: 10%;\"><\/div>\n<div class=\"column\" style=\"flex: 45%;\">\n<p><iframe loading=\"lazy\" title=\"Nazar\u00e9 - Entre a Terra eo Mar\" width=\"1080\" height=\"608\" src=\"https:\/\/www.youtube.com\/embed\/GHY6O6dp5BE?list=PLEjTB2bxuHjT3jhRero_RIduykEauebzg\" frameborder=\"0\" allow=\"accelerometer; autoplay; clipboard-write; encrypted-media; gyroscope; picture-in-picture\" allowfullscreen><\/iframe><\/p>\n<\/div>\n<\/div>","protected":false},"excerpt":{"rendered":"<p>Nos vacances nouvellement con\u00e7ues visitent deux des r\u00e9gions les plus anciennes et les plus fascinantes du Portugal, dans la r\u00e9gion fertile de Ribatejo.<\/p>\n<p>Pendant des si\u00e8cles, le Ribatejo a \u00e9t\u00e9 le c\u0153ur des domaines viticoles, de la culture du bl\u00e9 et de la production de soie. Il est aujourd&#039;hui c\u00e9l\u00e8bre pour l&#039;\u00e9levage de b\u00e9tail et de chevaux, ce qui lui donne la r\u00e9putation de \u00ab\u00a0l&#039;ouest sauvage du Portugal\u00a0\u00bb.<\/p>","protected":false},"featured_media":7711,"comment_status":"closed","ping_status":"closed","template":"","meta":{"_acf_changed":false,"inline_featured_image":false},"product_brand":[],"product_cat":[32,28,29,30,31],"product_tag":[528,529,530,531,212,78,532,533,534,87,90,50,535,52,195,536,537,538,539,540,407,204,205,65,541,542,543,544,545,365,207,400,208,546],"class_list":{"0":"post-7716","1":"product","2":"type-product","3":"status-publish","4":"has-post-thumbnail","6":"product_cat-cultural-tours-and-holidays-in-portugal","7":"product_cat-guided-group-tours","8":"product_cat-portugal-guided-historical-holidays","9":"product_cat-guided-sightseeing-holidays-portugal","10":"product_cat-guided-walking-holidays-in-portugal","11":"product_tag-abrantes","12":"product_tag-abundance-of-flowers","13":"product_tag-adrift-boats","14":"product_tag-alm-blue-waters","15":"product_tag-ancient-buildings","16":"product_tag-beautiful-landscapes","17":"product_tag-common-kestrel","18":"product_tag-eurasian-buzzard","19":"product_tag-fishing-village","20":"product_tag-green-landscape","21":"product_tag-guided-walking-holidays","22":"product_tag-historic","23":"product_tag-historic-centre","24":"product_tag-historic-town","25":"product_tag-history-and-heritage","26":"product_tag-lady-of-nazare","27":"product_tag-luxurious-riverbanks","28":"product_tag-mediterranean-flora-island","29":"product_tag-nazare","30":"product_tag-pine-woodlands","31":"product_tag-portugal-perfect-walking-holiday","32":"product_tag-ribatejo","33":"product_tag-river-nabao","34":"product_tag-roman-vestiges","35":"product_tag-s-martinho-do-porto","36":"product_tag-sandy-beaches","37":"product_tag-sardoal-walk","38":"product_tag-sellium","39":"product_tag-tamarama","40":"product_tag-tejo-river","41":"product_tag-tomar","42":"product_tag-traditional-fishing-boats","43":"product_tag-traditional-villages","44":"product_tag-wildlife","46":"first","47":"instock","48":"virtual","49":"product-type-simple"},"acf":[],"yoast_head":"<!-- This site is optimized with the Yoast SEO Premium plugin v26.8 (Yoast SEO v27.5) - https:\/\/yoast.com\/product\/yoast-seo-premium-wordpress\/ -->\n<title>The Ribatejo Walking Experience: Discover Abrantes &amp; Nazar\u00e9 - Legendary Adventure DMC Portugal<\/title>\n<meta name=\"robots\" content=\"index, follow, max-snippet:-1, max-image-preview:large, max-video-preview:-1\" \/>\n<link rel=\"canonical\" href=\"https:\/\/legendatours.com\/fr\/produit\/the-ribatejo-experience-discover-abrantes-nazare-12800g\/\" \/>\n<meta property=\"og:locale\" content=\"fr_FR\" \/>\n<meta property=\"og:type\" content=\"article\" \/>\n<meta property=\"og:title\" content=\"The Ribatejo Walking Experience: Discover Abrantes &amp; Nazar\u00e9\" \/>\n<meta property=\"og:description\" content=\"Our newly designed holiday visits two of Portugal\u2019s most ancient &amp; fascinating regions, in the fertile area of Ribatejo.  For centuries, the Ribatejo has been the heart of the wine estates, wheat growing, and silk production. It is famous nowadays for cattle &amp; horse raising giving it the reputation of the \u201cwild west of Portugal\u201d.\" \/>\n<meta property=\"og:url\" content=\"https:\/\/legendatours.com\/fr\/produit\/the-ribatejo-experience-discover-abrantes-nazare-12800g\/\" \/>\n<meta property=\"og:site_name\" content=\"Legendary Adventure DMC Portugal\" \/>\n<meta property=\"article:publisher\" content=\"https:\/\/www.facebook.com\/legendaryadventuredmc\/\" \/>\n<meta property=\"article:modified_time\" content=\"2021-08-11T14:29:38+00:00\" \/>\n<meta property=\"og:image\" content=\"https:\/\/legendatours.com\/wp-content\/uploads\/sites\/12\/2021\/04\/nazare_beach-e1611669260591.jpg\" \/>\n\t<meta property=\"og:image:width\" content=\"1024\" \/>\n\t<meta property=\"og:image:height\" content=\"680\" \/>\n\t<meta property=\"og:image:type\" content=\"image\/jpeg\" \/>\n<meta name=\"twitter:card\" content=\"summary_large_image\" \/>\n<meta name=\"twitter:label1\" content=\"Dur\u00e9e de lecture estim\u00e9e\" \/>\n\t<meta name=\"twitter:data1\" content=\"2 minutes\" \/>\n<script type=\"application\/ld+json\" class=\"yoast-schema-graph\">{\"@context\":\"https:\\\/\\\/schema.org\",\"@graph\":[{\"@type\":\"WebPage\",\"@id\":\"https:\\\/\\\/legendatours.com\\\/product\\\/the-ribatejo-experience-discover-abrantes-nazare-12800g\\\/\",\"url\":\"https:\\\/\\\/legendatours.com\\\/product\\\/the-ribatejo-experience-discover-abrantes-nazare-12800g\\\/\",\"name\":\"The Ribatejo Walking Experience: Discover Abrantes &amp; Nazar\u00e9 - Legendary Adventure DMC Portugal\",\"isPartOf\":{\"@id\":\"https:\\\/\\\/legendatours.com\\\/#website\"},\"primaryImageOfPage\":{\"@id\":\"https:\\\/\\\/legendatours.com\\\/product\\\/the-ribatejo-experience-discover-abrantes-nazare-12800g\\\/#primaryimage\"},\"image\":{\"@id\":\"https:\\\/\\\/legendatours.com\\\/product\\\/the-ribatejo-experience-discover-abrantes-nazare-12800g\\\/#primaryimage\"},\"thumbnailUrl\":\"https:\\\/\\\/legendatours.com\\\/wp-content\\\/uploads\\\/sites\\\/12\\\/2021\\\/04\\\/nazare_beach-e1611669260591.jpg\",\"datePublished\":\"2020-07-09T14:43:16+00:00\",\"dateModified\":\"2021-08-11T14:29:38+00:00\",\"breadcrumb\":{\"@id\":\"https:\\\/\\\/legendatours.com\\\/product\\\/the-ribatejo-experience-discover-abrantes-nazare-12800g\\\/#breadcrumb\"},\"inLanguage\":\"fr-FR\",\"potentialAction\":[{\"@type\":\"ReadAction\",\"target\":[\"https:\\\/\\\/legendatours.com\\\/product\\\/the-ribatejo-experience-discover-abrantes-nazare-12800g\\\/\"]}]},{\"@type\":\"ImageObject\",\"inLanguage\":\"fr-FR\",\"@id\":\"https:\\\/\\\/legendatours.com\\\/product\\\/the-ribatejo-experience-discover-abrantes-nazare-12800g\\\/#primaryimage\",\"url\":\"https:\\\/\\\/legendatours.com\\\/wp-content\\\/uploads\\\/sites\\\/12\\\/2021\\\/04\\\/nazare_beach-e1611669260591.jpg\",\"contentUrl\":\"https:\\\/\\\/legendatours.com\\\/wp-content\\\/uploads\\\/sites\\\/12\\\/2021\\\/04\\\/nazare_beach-e1611669260591.jpg\",\"width\":1024,\"height\":680,\"caption\":\"Nazare\"},{\"@type\":\"BreadcrumbList\",\"@id\":\"https:\\\/\\\/legendatours.com\\\/product\\\/the-ribatejo-experience-discover-abrantes-nazare-12800g\\\/#breadcrumb\",\"itemListElement\":[{\"@type\":\"ListItem\",\"position\":1,\"name\":\"Home\",\"item\":\"https:\\\/\\\/legendatours.com\\\/\"},{\"@type\":\"ListItem\",\"position\":2,\"name\":\"Shop\",\"item\":\"https:\\\/\\\/legendatours.com\\\/sv\\\/?page_id=4\"},{\"@type\":\"ListItem\",\"position\":3,\"name\":\"The Ribatejo Walking Experience: Discover Abrantes &amp; Nazar\u00e9\"}]},{\"@type\":\"WebSite\",\"@id\":\"https:\\\/\\\/legendatours.com\\\/#website\",\"url\":\"https:\\\/\\\/legendatours.com\\\/\",\"name\":\"Legendary Adventure DMC Portugal\",\"description\":\"Responsible Walking &amp; Nature Holidays in Portugal\",\"publisher\":{\"@id\":\"https:\\\/\\\/legendatours.com\\\/#organization\"},\"alternateName\":\"Legendary Adventure Portugal\",\"potentialAction\":[{\"@type\":\"SearchAction\",\"target\":{\"@type\":\"EntryPoint\",\"urlTemplate\":\"https:\\\/\\\/legendatours.com\\\/?s={search_term_string}\"},\"query-input\":{\"@type\":\"PropertyValueSpecification\",\"valueRequired\":true,\"valueName\":\"search_term_string\"}}],\"inLanguage\":\"fr-FR\"},{\"@type\":\"Organization\",\"@id\":\"https:\\\/\\\/legendatours.com\\\/#organization\",\"name\":\"legendatours.com\",\"url\":\"https:\\\/\\\/legendatours.com\\\/\",\"logo\":{\"@type\":\"ImageObject\",\"inLanguage\":\"fr-FR\",\"@id\":\"https:\\\/\\\/legendatours.com\\\/#\\\/schema\\\/logo\\\/image\\\/\",\"url\":\"https:\\\/\\\/legendatours.com\\\/wp-content\\\/uploads\\\/sites\\\/12\\\/2021\\\/06\\\/legendary_adventure_dmc.png\",\"contentUrl\":\"https:\\\/\\\/legendatours.com\\\/wp-content\\\/uploads\\\/sites\\\/12\\\/2021\\\/06\\\/legendary_adventure_dmc.png\",\"width\":250,\"height\":74,\"caption\":\"legendatours.com\"},\"image\":{\"@id\":\"https:\\\/\\\/legendatours.com\\\/#\\\/schema\\\/logo\\\/image\\\/\"},\"sameAs\":[\"https:\\\/\\\/www.facebook.com\\\/legendaryadventuredmc\\\/\",\"https:\\\/\\\/www.linkedin.com\\\/company\\\/legendary-adventure-dmc-portugal\",\"https:\\\/\\\/www.youtube.com\\\/channel\\\/UCOIRDx_KM6ynIcacQkZjb6g\"]}]}<\/script>\n<!-- \/ Yoast SEO Premium plugin. -->","yoast_head_json":{"title":"L&#039;exp\u00e9rience de marche du Ribatejo\u00a0: d\u00e9couvrez Abrantes et Nazar\u00e9 - L&#039;aventure l\u00e9gendaire DMC Portugal","robots":{"index":"index","follow":"follow","max-snippet":"max-snippet:-1","max-image-preview":"max-image-preview:large","max-video-preview":"max-video-preview:-1"},"canonical":"https:\/\/legendatours.com\/fr\/produit\/the-ribatejo-experience-discover-abrantes-nazare-12800g\/","og_locale":"fr_FR","og_type":"article","og_title":"The Ribatejo Walking Experience: Discover Abrantes &amp; Nazar\u00e9","og_description":"Our newly designed holiday visits two of Portugal\u2019s most ancient &amp; fascinating regions, in the fertile area of Ribatejo.  For centuries, the Ribatejo has been the heart of the wine estates, wheat growing, and silk production. It is famous nowadays for cattle &amp; horse raising giving it the reputation of the \u201cwild west of Portugal\u201d.","og_url":"https:\/\/legendatours.com\/fr\/produit\/the-ribatejo-experience-discover-abrantes-nazare-12800g\/","og_site_name":"Legendary Adventure DMC Portugal","article_publisher":"https:\/\/www.facebook.com\/legendaryadventuredmc\/","article_modified_time":"2021-08-11T14:29:38+00:00","og_image":[{"width":1024,"height":680,"url":"https:\/\/legendatours.com\/wp-content\/uploads\/sites\/12\/2021\/04\/nazare_beach-e1611669260591.jpg","type":"image\/jpeg"}],"twitter_card":"summary_large_image","twitter_misc":{"Dur\u00e9e de lecture estim\u00e9e":"2 minutes"},"schema":{"@context":"https:\/\/schema.org","@graph":[{"@type":"WebPage","@id":"https:\/\/legendatours.com\/product\/the-ribatejo-experience-discover-abrantes-nazare-12800g\/","url":"https:\/\/legendatours.com\/product\/the-ribatejo-experience-discover-abrantes-nazare-12800g\/","name":"L&#039;exp\u00e9rience de marche du Ribatejo\u00a0: d\u00e9couvrez Abrantes et Nazar\u00e9 - L&#039;aventure l\u00e9gendaire DMC Portugal","isPartOf":{"@id":"https:\/\/legendatours.com\/#website"},"primaryImageOfPage":{"@id":"https:\/\/legendatours.com\/product\/the-ribatejo-experience-discover-abrantes-nazare-12800g\/#primaryimage"},"image":{"@id":"https:\/\/legendatours.com\/product\/the-ribatejo-experience-discover-abrantes-nazare-12800g\/#primaryimage"},"thumbnailUrl":"https:\/\/legendatours.com\/wp-content\/uploads\/sites\/12\/2021\/04\/nazare_beach-e1611669260591.jpg","datePublished":"2020-07-09T14:43:16+00:00","dateModified":"2021-08-11T14:29:38+00:00","breadcrumb":{"@id":"https:\/\/legendatours.com\/product\/the-ribatejo-experience-discover-abrantes-nazare-12800g\/#breadcrumb"},"inLanguage":"fr-FR","potentialAction":[{"@type":"ReadAction","target":["https:\/\/legendatours.com\/product\/the-ribatejo-experience-discover-abrantes-nazare-12800g\/"]}]},{"@type":"ImageObject","inLanguage":"fr-FR","@id":"https:\/\/legendatours.com\/product\/the-ribatejo-experience-discover-abrantes-nazare-12800g\/#primaryimage","url":"https:\/\/legendatours.com\/wp-content\/uploads\/sites\/12\/2021\/04\/nazare_beach-e1611669260591.jpg","contentUrl":"https:\/\/legendatours.com\/wp-content\/uploads\/sites\/12\/2021\/04\/nazare_beach-e1611669260591.jpg","width":1024,"height":680,"caption":"Nazare"},{"@type":"BreadcrumbList","@id":"https:\/\/legendatours.com\/product\/the-ribatejo-experience-discover-abrantes-nazare-12800g\/#breadcrumb","itemListElement":[{"@type":"ListItem","position":1,"name":"Home","item":"https:\/\/legendatours.com\/"},{"@type":"ListItem","position":2,"name":"Shop","item":"https:\/\/legendatours.com\/sv\/?page_id=4"},{"@type":"ListItem","position":3,"name":"The Ribatejo Walking Experience: Discover Abrantes &amp; Nazar\u00e9"}]},{"@type":"WebSite","@id":"https:\/\/legendatours.com\/#website","url":"https:\/\/legendatours.com\/","name":"Aventure l\u00e9gendaire DMC Portugal","description":"Randonn\u00e9es responsables et vacances nature au Portugal","publisher":{"@id":"https:\/\/legendatours.com\/#organization"},"alternateName":"Legendary Adventure Portugal","potentialAction":[{"@type":"SearchAction","target":{"@type":"EntryPoint","urlTemplate":"https:\/\/legendatours.com\/?s={search_term_string}"},"query-input":{"@type":"PropertyValueSpecification","valueRequired":true,"valueName":"search_term_string"}}],"inLanguage":"fr-FR"},{"@type":"Organization","@id":"https:\/\/legendatours.com\/#organization","name":"legendatours.com","url":"https:\/\/legendatours.com\/","logo":{"@type":"ImageObject","inLanguage":"fr-FR","@id":"https:\/\/legendatours.com\/#\/schema\/logo\/image\/","url":"https:\/\/legendatours.com\/wp-content\/uploads\/sites\/12\/2021\/06\/legendary_adventure_dmc.png","contentUrl":"https:\/\/legendatours.com\/wp-content\/uploads\/sites\/12\/2021\/06\/legendary_adventure_dmc.png","width":250,"height":74,"caption":"legendatours.com"},"image":{"@id":"https:\/\/legendatours.com\/#\/schema\/logo\/image\/"},"sameAs":["https:\/\/www.facebook.com\/legendaryadventuredmc\/","https:\/\/www.linkedin.com\/company\/legendary-adventure-dmc-portugal","https:\/\/www.youtube.com\/channel\/UCOIRDx_KM6ynIcacQkZjb6g"]}]}},"_links":{"self":[{"href":"https:\/\/legendatours.com\/fr\/wp-json\/wp\/v2\/product\/7716","targetHints":{"allow":["GET"]}}],"collection":[{"href":"https:\/\/legendatours.com\/fr\/wp-json\/wp\/v2\/product"}],"about":[{"href":"https:\/\/legendatours.com\/fr\/wp-json\/wp\/v2\/types\/product"}],"replies":[{"embeddable":true,"href":"https:\/\/legendatours.com\/fr\/wp-json\/wp\/v2\/comments?post=7716"}],"wp:featuredmedia":[{"embeddable":true,"href":"https:\/\/legendatours.com\/fr\/wp-json\/wp\/v2\/media\/7711"}],"wp:attachment":[{"href":"https:\/\/legendatours.com\/fr\/wp-json\/wp\/v2\/media?parent=7716"}],"wp:term":[{"taxonomy":"product_brand","embeddable":true,"href":"https:\/\/legendatours.com\/fr\/wp-json\/wp\/v2\/product_brand?post=7716"},{"taxonomy":"product_cat","embeddable":true,"href":"https:\/\/legendatours.com\/fr\/wp-json\/wp\/v2\/product_cat?post=7716"},{"taxonomy":"product_tag","embeddable":true,"href":"https:\/\/legendatours.com\/fr\/wp-json\/wp\/v2\/product_tag?post=7716"}],"curies":[{"name":"wp","href":"https:\/\/api.w.org\/{rel}","templated":true}]}}