{"id":7741,"date":"2020-07-09T10:34:37","date_gmt":"2020-07-09T10:34:37","guid":{"rendered":"https:\/\/legendatours.com\/product\/walking-the-vicentina-coast\/"},"modified":"2022-05-31T16:38:45","modified_gmt":"2022-05-31T16:38:45","slug":"the-vicentina-coast-12300g","status":"publish","type":"product","link":"https:\/\/legendatours.com\/fr\/produit\/the-vicentina-coast-12300g\/","title":{"rendered":"Marcher sur la c\u00f4te Vicentina"},"content":{"rendered":"<p><strong>Groupes accept\u00e9s avec un minimum de 6 personnes.<\/strong><\/p>\n<p>&nbsp;<\/p>\n<p>La Rota Vicentina est un chemin de longue distance dans le sud-ouest du Portugal, entre la ville de Santiago, do Cac\u00e9m, et le Cap de Saint-Vincent. L&#039;itin\u00e9raire de 340 km fait partie du r\u00e9seau de sentiers europ\u00e9ens et m\u00e9lange la marche int\u00e9rieure et c\u00f4ti\u00e8re avec l&#039;un des littoraux les plus beaux et les mieux conserv\u00e9s du sud de l&#039;Europe. C&#039;est une fa\u00e7on enrichissante de voir les vraies r\u00e9gions de l&#039;Alentejo et de l&#039;Algarve au Portugal et de parcourir des routes inoubliables pleines de traditions.<\/p>\n<p>La r\u00e9gion a un paysage sauvage et puissant de la c\u00f4te et des paysages marins spectaculaires \u00e0 la sensation plus intime et prot\u00e9g\u00e9e de l&#039;int\u00e9rieur bois\u00e9.<\/p>\n<div id=\"attachment_2860\" style=\"width: 1034px\" class=\"wp-caption alignnone\"><img loading=\"lazy\" decoding=\"async\" aria-describedby=\"caption-attachment-2860\" class=\"wp-image-2860 size-large\" title=\"Rota Vicentina paysage puissant de la c\u00f4te spectaculaire \" src=\"https:\/\/legendatours.net\/wp-content\/uploads\/2020\/07\/vicentina-1024x683.jpeg\" alt=\"Rota Vicentina walking\" width=\"1024\" height=\"683\" \/><p id=\"caption-attachment-2860\" class=\"wp-caption-text\">Rota Vicentina paysage puissant de la c\u00f4te spectaculaire<\/p><\/div>\n<p>Nous nous basons dans un seul centre. Le confortable H\u00f4tel Enigma avec ses nombreuses installations est notre maison pour la semaine. Cela minimise les bouleversements li\u00e9s \u00e0 l&#039;emballage et au d\u00e9ballage continus, ce qui laisse plus de temps pour profiter de la visite. Le centre donne un acc\u00e8s facile et facile \u00e0 certaines des plus belles sections de cet itin\u00e9raire.<\/p>\n<p>Ce circuit n&#039;a pas pour objectif de couvrir toutes les \u00e9tapes du parcours de la Rota Vicentina, mais plut\u00f4t de suivre certaines des sections les plus vari\u00e9es et les plus attrayantes des sentiers, donnant toute la saveur de cette r\u00e9gion fascinante.<\/p>\n<p>Nous explorons la beaut\u00e9 contrast\u00e9e des paysages c\u00f4tiers et int\u00e9rieurs, d\u00e9couvrons une nature sauvage et vierge, des vues \u00e0 couper le souffle, des plages d\u00e9sertes, l&#039;authenticit\u00e9 de la r\u00e9gion et sa riche identit\u00e9. Le temps doux toute l&#039;ann\u00e9e et la nourriture d\u00e9licieuse.<\/p>\n<p>R\u00e9galez-vous des beaux paysages couverts de fleurs sauvages et profitez des modes de vie traditionnels.<\/p>\n<p>Nous marchons dans des \u00e9tendues de for\u00eats de ch\u00eanes-li\u00e8ges, de douces collines, de vall\u00e9es verdoyantes, le long de rivi\u00e8res et de ruisseaux sinueux, dans un v\u00e9ritable voyage dans le temps, la culture locale et les sentiers naturels. L&#039;itin\u00e9raire traverse un parc naturel, parmi les zones c\u00f4ti\u00e8res les plus belles et les mieux pr\u00e9serv\u00e9es du sud de l&#039;Europe, avec des plages sauvages et une culture rurale fascinante.<\/p>\n<p>Nous visiterons des villages locaux o\u00f9 la vie active se poursuit comme elle l&#039;a fait pendant des si\u00e8cles.<\/p>\n<div id=\"attachment_2200\" style=\"width: 1034px\" class=\"wp-caption alignnone\"><img loading=\"lazy\" decoding=\"async\" aria-describedby=\"caption-attachment-2200\" class=\"wp-image-2200 size-large\" title=\"Route Vicentina - Chemin Historique\" src=\"https:\/\/legendatours.net\/wp-content\/uploads\/2020\/05\/Hike_countryside-1024x768.jpg\" alt=\"Vicentina Route - Historical Way\" width=\"1024\" height=\"768\" \/><p id=\"caption-attachment-2200\" class=\"wp-caption-text\">Route Vicentina \u2013 Chemin Historique<\/p><\/div>\n<p>La v\u00e9g\u00e9tation caract\u00e9ristique des collines comprend le ch\u00eane-li\u00e8ge (Quercus suber) et l&#039;arbousier (Arbutus unedo).<\/p>\n<p>Parce que nous avons des transports d\u00e9di\u00e9s, il y aura une grande flexibilit\u00e9 pour les activit\u00e9s du groupe. Notre imaginatif \u00ab\u00a0syst\u00e8me de retrait ou d&#039;inscription\u00a0\u00bb signifie que les promenades peuvent \u00eatre aussi difficiles ou aussi relaxantes et faciles que vous le souhaitez.<\/p>\n<p>Les villages et r\u00e9serves naturelles le long du parcours font partie int\u00e9grante de son caract\u00e8re et il sera temps de les appr\u00e9cier.<\/p>\n<p>Au cours de la semaine, nous d\u00e9couvrirons un littoral de falaises impressionnantes surmont\u00e9es de dunes de sable recouvertes d&#039;une flore m\u00e9diterran\u00e9enne aromatique; \u00eelots rocheux parsem\u00e9s de nids de cigognes blanches, seule colonie marine d&#039;Europe, et petits ports de p\u00eache d&#039;o\u00f9 les p\u00eacheurs affrontent quotidiennement les vagues de l&#039;Atlantique.<\/p>\n<p>Nous embrassons un paradis de paix et de nature en marchant le long des berges ombrag\u00e9es contrastant avec les collines ouvertes o\u00f9 le ch\u00eane-li\u00e8ge est roi. Sur les pentes les plus raides se trouvent les vestiges de la for\u00eat de ch\u00eanes m\u00e9diterran\u00e9ens indig\u00e8nes, tandis que la vall\u00e9e de la rivi\u00e8re Mira est remplie d&#039;oiseaux.<\/p>\n<p>Pour explorer un paysage c\u00f4tier vraiment sauvage, choisissez cette visite douce mais spectaculaire qui r\u00e9v\u00e8le la beaut\u00e9 envo\u00fbtante de la c\u00f4te sud-ouest du Portugal.<\/p>\n<div class=\"row\" style=\"display: flex;\">\n<div class=\"column\" style=\"flex: 45%;\">\n<div class=\"row\" style=\"display: flex;\">\n<div class=\"column\" style=\"flex: 45%;\">\n<p><iframe loading=\"lazy\" title=\"Deux pas vers la libert\u00e9 - Rota Vicentina - Version anglaise\" width=\"1080\" height=\"608\" src=\"https:\/\/www.youtube.com\/embed\/378VE1BxOrs?list=PLXuQK_E-D9ms4xzwNQLaux8GjS_169PbF\" frameborder=\"0\" allow=\"accelerometer; autoplay; clipboard-write; encrypted-media; gyroscope; picture-in-picture\" allowfullscreen><\/iframe><\/p>\n<\/div>\n<div class=\"column\" style=\"flex: 10%;\"><\/div>\n<div class=\"column\" style=\"flex: 45%;\"><\/div>\n<\/div>\n<\/div>\n<\/div>","protected":false},"excerpt":{"rendered":"<p>La Rota Vicentina est un chemin de longue distance dans le sud-ouest du Portugal, entre la ville de Santiago, do Cac\u00e9m, et le Cap de Saint-Vincent. L&#039;itin\u00e9raire de 340 km fait partie du r\u00e9seau de sentiers europ\u00e9ens et m\u00e9lange la marche int\u00e9rieure et c\u00f4ti\u00e8re avec l&#039;un des littoraux les plus beaux et les mieux conserv\u00e9s du sud de l&#039;Europe. C&#039;est une fa\u00e7on enrichissante de voir les vraies r\u00e9gions de l&#039;Alentejo et de l&#039;Algarve au Portugal et de parcourir des routes inoubliables pleines de traditions.<\/p>\n<p>La r\u00e9gion a un paysage sauvage et puissant de la c\u00f4te et des paysages marins spectaculaires \u00e0 la sensation plus intime et prot\u00e9g\u00e9e de l&#039;int\u00e9rieur bois\u00e9.<\/p>","protected":false},"featured_media":1665,"comment_status":"closed","ping_status":"closed","template":"","meta":{"_acf_changed":false,"inline_featured_image":false},"product_brand":[],"product_cat":[32,28,29,30,31],"product_tag":[211,73,74,78,567,568,80,81,82,83,36,84,85,87,88,92,93,94,55,95,97,98,99,100,101,102,105,106,108,109,569,110,111,232],"class_list":{"0":"post-7741","1":"product","2":"type-product","3":"status-publish","4":"has-post-thumbnail","6":"product_cat-cultural-tours-and-holidays-in-portugal","7":"product_cat-guided-group-tours","8":"product_cat-portugal-guided-historical-holidays","9":"product_cat-guided-sightseeing-holidays-portugal","10":"product_cat-guided-walking-holidays-in-portugal","11":"product_tag-alentejo-landscape","12":"product_tag-alentejo-walking","13":"product_tag-algarve-gr13","14":"product_tag-beautiful-landscapes","15":"product_tag-cape-of-st-vincent","16":"product_tag-cape-st-vincent","17":"product_tag-coastal-scenery","18":"product_tag-coastal-walks","19":"product_tag-coastal-way","20":"product_tag-cork-trees","21":"product_tag-cultural-heritage","22":"product_tag-dramatic-beauty-of-the-atlantic-coast","23":"product_tag-dramatic-cliffs","24":"product_tag-green-landscape","25":"product_tag-green-valleys","26":"product_tag-inland-sceneries","27":"product_tag-inland-walks","28":"product_tag-landscape","29":"product_tag-local-gastronomy","30":"product_tag-magnificent-landscape","31":"product_tag-natural-park","32":"product_tag-natural-reserves","33":"product_tag-natural-scenery","34":"product_tag-nature-holidays","35":"product_tag-nature-tour","36":"product_tag-nature-trails","37":"product_tag-parque-natural-de-costa-vicentina","38":"product_tag-picturesque-landscapes","39":"product_tag-portugals-biggest-natural-reserve","40":"product_tag-rota-vicentina","41":"product_tag-santiago-do-cacem","42":"product_tag-vicentina-coast","43":"product_tag-vicentina-route","44":"product_tag-wild-flowers-alentejo","46":"first","47":"instock","48":"virtual","49":"product-type-simple"},"acf":[],"yoast_head":"<!-- This site is optimized with the Yoast SEO Premium plugin v26.8 (Yoast SEO v27.4) - https:\/\/yoast.com\/product\/yoast-seo-premium-wordpress\/ -->\n<title>Walking The Vicentina Coast - Legendary Adventure DMC Portugal<\/title>\n<meta name=\"robots\" content=\"index, follow, max-snippet:-1, max-image-preview:large, max-video-preview:-1\" \/>\n<link rel=\"canonical\" href=\"https:\/\/legendatours.com\/fr\/produit\/the-vicentina-coast-12300g\/\" \/>\n<meta property=\"og:locale\" content=\"fr_FR\" \/>\n<meta property=\"og:type\" content=\"article\" \/>\n<meta property=\"og:title\" content=\"Walking The Vicentina Coast\" \/>\n<meta property=\"og:description\" content=\"The Rota Vicentina is a long-distance path in SW Portugal, between the city of Santiago, do Cac\u00e9m, and the Cape of St. Vincent. The 340 km route forms part of the European footpath network and mixes inland and coastal walking along with one of the most beautiful and best-preserved coastlines of southern Europe. It is a rewarding way of seeing the real Alentejo and Algarve regions of Portugal and walk on unforgettable routes full of tradition.  The area has a wild and powerful landscape from the dramatic coast and seascapes to the more intimate and protected feel of the wooded interior.\" \/>\n<meta property=\"og:url\" content=\"https:\/\/legendatours.com\/fr\/produit\/the-vicentina-coast-12300g\/\" \/>\n<meta property=\"og:site_name\" content=\"Legendary Adventure DMC Portugal\" \/>\n<meta property=\"article:publisher\" content=\"https:\/\/www.facebook.com\/legendaryadventuredmc\/\" \/>\n<meta property=\"article:modified_time\" content=\"2022-05-31T16:38:45+00:00\" \/>\n<meta property=\"og:image\" content=\"https:\/\/legendatours.com\/wp-content\/uploads\/sites\/12\/2021\/04\/fisherman_trail_vicentina-e1611669430643.jpg\" \/>\n\t<meta property=\"og:image:width\" content=\"1024\" \/>\n\t<meta property=\"og:image:height\" content=\"757\" \/>\n\t<meta property=\"og:image:type\" content=\"image\/jpeg\" \/>\n<meta name=\"twitter:card\" content=\"summary_large_image\" \/>\n<meta name=\"twitter:label1\" content=\"Dur\u00e9e de lecture estim\u00e9e\" \/>\n\t<meta name=\"twitter:data1\" content=\"3 minutes\" \/>\n<script type=\"application\/ld+json\" class=\"yoast-schema-graph\">{\"@context\":\"https:\\\/\\\/schema.org\",\"@graph\":[{\"@type\":\"WebPage\",\"@id\":\"https:\\\/\\\/legendatours.com\\\/product\\\/the-vicentina-coast-12300g\\\/\",\"url\":\"https:\\\/\\\/legendatours.com\\\/product\\\/the-vicentina-coast-12300g\\\/\",\"name\":\"Walking The Vicentina Coast - Legendary Adventure DMC Portugal\",\"isPartOf\":{\"@id\":\"https:\\\/\\\/legendatours.com\\\/#website\"},\"primaryImageOfPage\":{\"@id\":\"https:\\\/\\\/legendatours.com\\\/product\\\/the-vicentina-coast-12300g\\\/#primaryimage\"},\"image\":{\"@id\":\"https:\\\/\\\/legendatours.com\\\/product\\\/the-vicentina-coast-12300g\\\/#primaryimage\"},\"thumbnailUrl\":\"https:\\\/\\\/legendatours.com\\\/wp-content\\\/uploads\\\/sites\\\/12\\\/2021\\\/04\\\/fisherman_trail_vicentina-e1611669430643.jpg\",\"datePublished\":\"2020-07-09T10:34:37+00:00\",\"dateModified\":\"2022-05-31T16:38:45+00:00\",\"breadcrumb\":{\"@id\":\"https:\\\/\\\/legendatours.com\\\/product\\\/the-vicentina-coast-12300g\\\/#breadcrumb\"},\"inLanguage\":\"fr-FR\",\"potentialAction\":[{\"@type\":\"ReadAction\",\"target\":[\"https:\\\/\\\/legendatours.com\\\/product\\\/the-vicentina-coast-12300g\\\/\"]}]},{\"@type\":\"ImageObject\",\"inLanguage\":\"fr-FR\",\"@id\":\"https:\\\/\\\/legendatours.com\\\/product\\\/the-vicentina-coast-12300g\\\/#primaryimage\",\"url\":\"https:\\\/\\\/legendatours.com\\\/wp-content\\\/uploads\\\/sites\\\/12\\\/2021\\\/04\\\/fisherman_trail_vicentina-e1611669430643.jpg\",\"contentUrl\":\"https:\\\/\\\/legendatours.com\\\/wp-content\\\/uploads\\\/sites\\\/12\\\/2021\\\/04\\\/fisherman_trail_vicentina-e1611669430643.jpg\",\"width\":1024,\"height\":757,\"caption\":\"Fisherman's trail Rota Vicentina\"},{\"@type\":\"BreadcrumbList\",\"@id\":\"https:\\\/\\\/legendatours.com\\\/product\\\/the-vicentina-coast-12300g\\\/#breadcrumb\",\"itemListElement\":[{\"@type\":\"ListItem\",\"position\":1,\"name\":\"Home\",\"item\":\"https:\\\/\\\/legendatours.com\\\/\"},{\"@type\":\"ListItem\",\"position\":2,\"name\":\"Shop\",\"item\":\"https:\\\/\\\/legendatours.com\\\/sv\\\/?page_id=4\"},{\"@type\":\"ListItem\",\"position\":3,\"name\":\"Walking The Vicentina Coast\"}]},{\"@type\":\"WebSite\",\"@id\":\"https:\\\/\\\/legendatours.com\\\/#website\",\"url\":\"https:\\\/\\\/legendatours.com\\\/\",\"name\":\"Legendary Adventure DMC Portugal\",\"description\":\"Responsible Walking &amp; Nature Holidays in Portugal\",\"publisher\":{\"@id\":\"https:\\\/\\\/legendatours.com\\\/#organization\"},\"alternateName\":\"Legendary Adventure Portugal\",\"potentialAction\":[{\"@type\":\"SearchAction\",\"target\":{\"@type\":\"EntryPoint\",\"urlTemplate\":\"https:\\\/\\\/legendatours.com\\\/?s={search_term_string}\"},\"query-input\":{\"@type\":\"PropertyValueSpecification\",\"valueRequired\":true,\"valueName\":\"search_term_string\"}}],\"inLanguage\":\"fr-FR\"},{\"@type\":\"Organization\",\"@id\":\"https:\\\/\\\/legendatours.com\\\/#organization\",\"name\":\"legendatours.com\",\"url\":\"https:\\\/\\\/legendatours.com\\\/\",\"logo\":{\"@type\":\"ImageObject\",\"inLanguage\":\"fr-FR\",\"@id\":\"https:\\\/\\\/legendatours.com\\\/#\\\/schema\\\/logo\\\/image\\\/\",\"url\":\"https:\\\/\\\/legendatours.com\\\/wp-content\\\/uploads\\\/sites\\\/12\\\/2021\\\/06\\\/legendary_adventure_dmc.png\",\"contentUrl\":\"https:\\\/\\\/legendatours.com\\\/wp-content\\\/uploads\\\/sites\\\/12\\\/2021\\\/06\\\/legendary_adventure_dmc.png\",\"width\":250,\"height\":74,\"caption\":\"legendatours.com\"},\"image\":{\"@id\":\"https:\\\/\\\/legendatours.com\\\/#\\\/schema\\\/logo\\\/image\\\/\"},\"sameAs\":[\"https:\\\/\\\/www.facebook.com\\\/legendaryadventuredmc\\\/\",\"https:\\\/\\\/www.linkedin.com\\\/company\\\/legendary-adventure-dmc-portugal\",\"https:\\\/\\\/www.youtube.com\\\/channel\\\/UCOIRDx_KM6ynIcacQkZjb6g\"]}]}<\/script>\n<!-- \/ Yoast SEO Premium plugin. -->","yoast_head_json":{"title":"Marcher sur la c\u00f4te Vicentina - Aventure l\u00e9gendaire DMC Portugal","robots":{"index":"index","follow":"follow","max-snippet":"max-snippet:-1","max-image-preview":"max-image-preview:large","max-video-preview":"max-video-preview:-1"},"canonical":"https:\/\/legendatours.com\/fr\/produit\/the-vicentina-coast-12300g\/","og_locale":"fr_FR","og_type":"article","og_title":"Walking The Vicentina Coast","og_description":"The Rota Vicentina is a long-distance path in SW Portugal, between the city of Santiago, do Cac\u00e9m, and the Cape of St. Vincent. The 340 km route forms part of the European footpath network and mixes inland and coastal walking along with one of the most beautiful and best-preserved coastlines of southern Europe. It is a rewarding way of seeing the real Alentejo and Algarve regions of Portugal and walk on unforgettable routes full of tradition.  The area has a wild and powerful landscape from the dramatic coast and seascapes to the more intimate and protected feel of the wooded interior.","og_url":"https:\/\/legendatours.com\/fr\/produit\/the-vicentina-coast-12300g\/","og_site_name":"Legendary Adventure DMC Portugal","article_publisher":"https:\/\/www.facebook.com\/legendaryadventuredmc\/","article_modified_time":"2022-05-31T16:38:45+00:00","og_image":[{"width":1024,"height":757,"url":"https:\/\/legendatours.com\/wp-content\/uploads\/sites\/12\/2021\/04\/fisherman_trail_vicentina-e1611669430643.jpg","type":"image\/jpeg"}],"twitter_card":"summary_large_image","twitter_misc":{"Dur\u00e9e de lecture estim\u00e9e":"3 minutes"},"schema":{"@context":"https:\/\/schema.org","@graph":[{"@type":"WebPage","@id":"https:\/\/legendatours.com\/product\/the-vicentina-coast-12300g\/","url":"https:\/\/legendatours.com\/product\/the-vicentina-coast-12300g\/","name":"Marcher sur la c\u00f4te Vicentina - Aventure l\u00e9gendaire DMC Portugal","isPartOf":{"@id":"https:\/\/legendatours.com\/#website"},"primaryImageOfPage":{"@id":"https:\/\/legendatours.com\/product\/the-vicentina-coast-12300g\/#primaryimage"},"image":{"@id":"https:\/\/legendatours.com\/product\/the-vicentina-coast-12300g\/#primaryimage"},"thumbnailUrl":"https:\/\/legendatours.com\/wp-content\/uploads\/sites\/12\/2021\/04\/fisherman_trail_vicentina-e1611669430643.jpg","datePublished":"2020-07-09T10:34:37+00:00","dateModified":"2022-05-31T16:38:45+00:00","breadcrumb":{"@id":"https:\/\/legendatours.com\/product\/the-vicentina-coast-12300g\/#breadcrumb"},"inLanguage":"fr-FR","potentialAction":[{"@type":"ReadAction","target":["https:\/\/legendatours.com\/product\/the-vicentina-coast-12300g\/"]}]},{"@type":"ImageObject","inLanguage":"fr-FR","@id":"https:\/\/legendatours.com\/product\/the-vicentina-coast-12300g\/#primaryimage","url":"https:\/\/legendatours.com\/wp-content\/uploads\/sites\/12\/2021\/04\/fisherman_trail_vicentina-e1611669430643.jpg","contentUrl":"https:\/\/legendatours.com\/wp-content\/uploads\/sites\/12\/2021\/04\/fisherman_trail_vicentina-e1611669430643.jpg","width":1024,"height":757,"caption":"Fisherman's trail Rota Vicentina"},{"@type":"BreadcrumbList","@id":"https:\/\/legendatours.com\/product\/the-vicentina-coast-12300g\/#breadcrumb","itemListElement":[{"@type":"ListItem","position":1,"name":"Home","item":"https:\/\/legendatours.com\/"},{"@type":"ListItem","position":2,"name":"Shop","item":"https:\/\/legendatours.com\/sv\/?page_id=4"},{"@type":"ListItem","position":3,"name":"Walking The Vicentina Coast"}]},{"@type":"WebSite","@id":"https:\/\/legendatours.com\/#website","url":"https:\/\/legendatours.com\/","name":"Aventure l\u00e9gendaire DMC Portugal","description":"Randonn\u00e9es responsables et vacances nature au Portugal","publisher":{"@id":"https:\/\/legendatours.com\/#organization"},"alternateName":"Legendary Adventure Portugal","potentialAction":[{"@type":"SearchAction","target":{"@type":"EntryPoint","urlTemplate":"https:\/\/legendatours.com\/?s={search_term_string}"},"query-input":{"@type":"PropertyValueSpecification","valueRequired":true,"valueName":"search_term_string"}}],"inLanguage":"fr-FR"},{"@type":"Organization","@id":"https:\/\/legendatours.com\/#organization","name":"legendatours.com","url":"https:\/\/legendatours.com\/","logo":{"@type":"ImageObject","inLanguage":"fr-FR","@id":"https:\/\/legendatours.com\/#\/schema\/logo\/image\/","url":"https:\/\/legendatours.com\/wp-content\/uploads\/sites\/12\/2021\/06\/legendary_adventure_dmc.png","contentUrl":"https:\/\/legendatours.com\/wp-content\/uploads\/sites\/12\/2021\/06\/legendary_adventure_dmc.png","width":250,"height":74,"caption":"legendatours.com"},"image":{"@id":"https:\/\/legendatours.com\/#\/schema\/logo\/image\/"},"sameAs":["https:\/\/www.facebook.com\/legendaryadventuredmc\/","https:\/\/www.linkedin.com\/company\/legendary-adventure-dmc-portugal","https:\/\/www.youtube.com\/channel\/UCOIRDx_KM6ynIcacQkZjb6g"]}]}},"_links":{"self":[{"href":"https:\/\/legendatours.com\/fr\/wp-json\/wp\/v2\/product\/7741","targetHints":{"allow":["GET"]}}],"collection":[{"href":"https:\/\/legendatours.com\/fr\/wp-json\/wp\/v2\/product"}],"about":[{"href":"https:\/\/legendatours.com\/fr\/wp-json\/wp\/v2\/types\/product"}],"replies":[{"embeddable":true,"href":"https:\/\/legendatours.com\/fr\/wp-json\/wp\/v2\/comments?post=7741"}],"wp:featuredmedia":[{"embeddable":true,"href":"https:\/\/legendatours.com\/fr\/wp-json\/wp\/v2\/media\/1665"}],"wp:attachment":[{"href":"https:\/\/legendatours.com\/fr\/wp-json\/wp\/v2\/media?parent=7741"}],"wp:term":[{"taxonomy":"product_brand","embeddable":true,"href":"https:\/\/legendatours.com\/fr\/wp-json\/wp\/v2\/product_brand?post=7741"},{"taxonomy":"product_cat","embeddable":true,"href":"https:\/\/legendatours.com\/fr\/wp-json\/wp\/v2\/product_cat?post=7741"},{"taxonomy":"product_tag","embeddable":true,"href":"https:\/\/legendatours.com\/fr\/wp-json\/wp\/v2\/product_tag?post=7741"}],"curies":[{"name":"wp","href":"https:\/\/api.w.org\/{rel}","templated":true}]}}