{"id":7782,"date":"2020-07-08T11:42:32","date_gmt":"2020-07-08T11:42:32","guid":{"rendered":"https:\/\/legendatours.com\/product\/serra-da-estrela-mountain-of-the-stars\/"},"modified":"2021-08-11T15:37:14","modified_gmt":"2021-08-11T15:37:14","slug":"serra-da-estrela-mountain-of-the-stars-11600g","status":"publish","type":"product","link":"https:\/\/legendatours.com\/fr\/produit\/serra-da-estrela-mountain-of-the-stars-11600g\/","title":{"rendered":"Serra Da Estrela : Montagne des \u00e9toiles"},"content":{"rendered":"<p><strong>Groupes accept\u00e9s avec un minimum de 6 personnes.<\/strong><\/p>\n<p>&nbsp;<\/p>\n<p>Le Portugal est un pays d&#039;une beaut\u00e9 \u00e9tonnante et de contrastes \u00e9tonnants. Outre son c\u00e9l\u00e8bre littoral, la majorit\u00e9 de ses montagnes et for\u00eats sont relativement m\u00e9connues et offrent donc d&#039;\u00e9normes r\u00e9compenses au marcheur \u00e0 la recherche de quelque chose de sp\u00e9cial.<\/p>\n<p>Ces vacances se d\u00e9roulent dans le parc naturel de la Serra da Estrela, les \u00abmontagnes des \u00e9toiles\u00bb, la plus haute cha\u00eene de montagnes du Portugal continental culminant \u00e0 1993m.<\/p>\n<div id=\"attachment_2808\" style=\"width: 1034px\" class=\"wp-caption alignnone\"><img loading=\"lazy\" decoding=\"async\" aria-describedby=\"caption-attachment-2808\" class=\"wp-image-2808 size-large\" title=\"Sentiers p\u00e9destres de la Serra da Estrela\" src=\"https:\/\/legendatours.net\/wp-content\/uploads\/2020\/07\/routes_mountain_stars-1024x683.jpg\" alt=\"Serra da Estrela walking routes\" width=\"1024\" height=\"683\" \/><p id=\"caption-attachment-2808\" class=\"wp-caption-text\">Sentiers p\u00e9destres de la Serra da Estrela<\/p><\/div>\n<p>Les paysages de for\u00eats de ch\u00e2taigniers, de h\u00eatres et de pins, de lacs et de vall\u00e9es glaciaires de la Serra profitent tous de l&#039;air pur et frais de la montagne.<\/p>\n<p>Le parc naturel est \u00e9galement la source des rivi\u00e8res Mondego, Z\u00eazere et Alva.<\/p>\n<p>Des rochers et des ravins spectaculaires rendent cette r\u00e9gion incroyablement belle et un plaisir \u00e0 explorer. C&#039;est un centre reconnu pour l&#039;escalade mais notre<br \/>\ndes promenades permettent d&#039;acc\u00e9der \u00e0 toute cette beaut\u00e9 sur des chemins plus conventionnels.<\/p>\n<p>Les moutons et les ch\u00e8vres jouent un r\u00f4le traditionnel dans la fabrication du c\u00e9l\u00e8bre fromage Serra da Estrela. Les saucisses et le vin sont \u00e9galement importants pour l&#039;\u00e9conomie locale, tout comme les produits fum\u00e9s et le coton brod\u00e9. L&#039;artisan utilise ses comp\u00e9tences dans le travail de la vannerie en utilisant l&#039;osier et le ch\u00e2taignier. La Serra da Estrela poss\u00e8de \u00e9galement sa propre race ancienne de chien de berger de montagne.<\/p>\n<div id=\"attachment_2810\" style=\"width: 1034px\" class=\"wp-caption alignnone\"><img loading=\"lazy\" decoding=\"async\" aria-describedby=\"caption-attachment-2810\" class=\"wp-image-2810 size-large\" title=\"Valley Nave Mestra - promenade dans la serra da Estrela\" src=\"https:\/\/legendatours.net\/wp-content\/uploads\/2020\/07\/vale_mestra-1024x768.jpg\" alt=\"Valley Nave Mestra - walking in serra da Estrela\" width=\"1024\" height=\"768\" \/><p id=\"caption-attachment-2810\" class=\"wp-caption-text\">Vall\u00e9e Nave Mestra \u2013 promenade dans la serra da Estrela<\/p><\/div>\n<p>Les villages de la Serra da Estrela remontent \u00e0 l&#039;\u00e9poque m\u00e9di\u00e9vale et au-del\u00e0. Des preuves de la pr\u00e9sence romaine et de l&#039;influence arabe peuvent \u00eatre observ\u00e9es dans la r\u00e9gion. C&#039;est vraiment un paradis pour les randonneurs, non seulement pour la marche incroyable, mais aussi pour la beaut\u00e9 qui orne tant cette partie stimulante du Portugal.<\/p>\n<p>Notre visite est centr\u00e9e sur Manteigas, une ville pittoresque au c\u0153ur m\u00eame d&#039;une vall\u00e9e glaciaire.<\/p>\n<p>Ce sera notre point de d\u00e9part pour de belles promenades parmi les magnifiques paysages que la nature a conf\u00e9r\u00e9s au parc naturel de la Serra da Estrela. Il y a de bons sentiers qui parcourent le parc, ce qui permet de d\u00e9couvrir davantage cette magnifique r\u00e9gion.<\/p>\n<p>Si vous aimez les bonnes marches et les paysages magnifiques, ces vacances sont un choix parfait.<\/p>","protected":false},"excerpt":{"rendered":"<p>Ces vacances se d\u00e9roulent dans le parc naturel de la Serra da Estrela, les \u00abmontagnes des \u00e9toiles\u00bb, la plus haute cha\u00eene de montagnes du Portugal continental culminant \u00e0 1993m.<\/p>\n<p>Les paysages de for\u00eats de ch\u00e2taigniers, de h\u00eatres et de pins, de lacs et de vall\u00e9es glaciaires de la Serra profitent tous de l&#039;air pur et frais de la montagne.<\/p>\n<p>Le parc naturel est \u00e9galement la source des rivi\u00e8res Mondego, Z\u00eazere et Alva.<\/p>\n<p>Des rochers et des ravins spectaculaires rendent cette r\u00e9gion incroyablement belle et un plaisir \u00e0 explorer. C&#039;est un centre d&#039;escalade reconnu mais nos promenades nous permettent d&#039;acc\u00e9der \u00e0 toute cette beaut\u00e9 sur des chemins plus conventionnels.<\/p>","protected":false},"featured_media":7775,"comment_status":"closed","ping_status":"closed","template":"","meta":{"_acf_changed":false,"inline_featured_image":false},"product_brand":[],"product_cat":[32,28,29,30,31],"product_tag":[402,78,608,603,90,93,94,95,578,202,416,97,99,609,106,589,590,501,121,626,610,122],"class_list":{"0":"post-7782","1":"product","2":"type-product","3":"status-publish","4":"has-post-thumbnail","6":"product_cat-cultural-tours-and-holidays-in-portugal","7":"product_cat-guided-group-tours","8":"product_cat-portugal-guided-historical-holidays","9":"product_cat-guided-sightseeing-holidays-portugal","10":"product_cat-guided-walking-holidays-in-portugal","11":"product_tag-amazing-walking","12":"product_tag-beautiful-landscapes","13":"product_tag-cherry-picked-walks","14":"product_tag-fantastic-itinerary-of-walks","15":"product_tag-guided-walking-holidays","16":"product_tag-inland-walks","17":"product_tag-landscape","18":"product_tag-magnificent-landscape","19":"product_tag-manteigas","20":"product_tag-medieval-times","21":"product_tag-natural-attractions-in-portugal","22":"product_tag-natural-park","23":"product_tag-natural-scenery","24":"product_tag-perfect-walking-holiday","25":"product_tag-picturesque-landscapes","26":"product_tag-serra-da-estrela-cheese","27":"product_tag-serra-da-estrela-natural-park","28":"product_tag-spectacular-walks","29":"product_tag-walking","30":"product_tag-walking-along-quiet-paths","31":"product_tag-walking-experiences","32":"product_tag-walking-tours","34":"first","35":"instock","36":"virtual","37":"product-type-simple"},"acf":[],"yoast_head":"<!-- This site is optimized with the Yoast SEO Premium plugin v26.8 (Yoast SEO v27.4) - https:\/\/yoast.com\/product\/yoast-seo-premium-wordpress\/ -->\n<title>Serra Da Estrela: Mountain of the Stars - Legendary Adventure DMC Portugal<\/title>\n<meta name=\"robots\" content=\"index, follow, max-snippet:-1, max-image-preview:large, max-video-preview:-1\" \/>\n<link rel=\"canonical\" href=\"https:\/\/legendatours.com\/fr\/produit\/serra-da-estrela-mountain-of-the-stars-11600g\/\" \/>\n<meta property=\"og:locale\" content=\"fr_FR\" \/>\n<meta property=\"og:type\" content=\"article\" \/>\n<meta property=\"og:title\" content=\"Serra Da Estrela: Mountain of the Stars\" \/>\n<meta property=\"og:description\" content=\"This holiday is in the Serra da Estrela Natural Park, the \u201cmountains of the stars\u201d, the highest mountain range in mainland Portugal rising to 1993m.  The Serra\u2019s landscapes of chestnut, beech, and pine forests, lakes, and glacial valleys all enjoy clean, crisp, mountain air.  The Natural Park is also the source of the Mondego, Z\u00eazere, and Alva rivers.  Dramatic crags and ravines make this region stunningly beautiful and a pleasure to explore. It is an acknowledged center for rock climbing but our walks enable us to access all this beauty on more conventional paths.\" \/>\n<meta property=\"og:url\" content=\"https:\/\/legendatours.com\/fr\/produit\/serra-da-estrela-mountain-of-the-stars-11600g\/\" \/>\n<meta property=\"og:site_name\" content=\"Legendary Adventure DMC Portugal\" \/>\n<meta property=\"article:publisher\" content=\"https:\/\/www.facebook.com\/legendaryadventuredmc\/\" \/>\n<meta property=\"article:modified_time\" content=\"2021-08-11T15:37:14+00:00\" \/>\n<meta property=\"og:image\" content=\"https:\/\/legendatours.com\/wp-content\/uploads\/sites\/12\/2021\/04\/espinhaco_cao_serra_estrela-e1611671770212.jpg\" \/>\n\t<meta property=\"og:image:width\" content=\"1024\" \/>\n\t<meta property=\"og:image:height\" content=\"722\" \/>\n\t<meta property=\"og:image:type\" content=\"image\/jpeg\" \/>\n<meta name=\"twitter:card\" content=\"summary_large_image\" \/>\n<meta name=\"twitter:label1\" content=\"Dur\u00e9e de lecture estim\u00e9e\" \/>\n\t<meta name=\"twitter:data1\" content=\"2 minutes\" \/>\n<script type=\"application\/ld+json\" class=\"yoast-schema-graph\">{\"@context\":\"https:\\\/\\\/schema.org\",\"@graph\":[{\"@type\":\"WebPage\",\"@id\":\"https:\\\/\\\/legendatours.com\\\/product\\\/serra-da-estrela-mountain-of-the-stars-11600g\\\/\",\"url\":\"https:\\\/\\\/legendatours.com\\\/product\\\/serra-da-estrela-mountain-of-the-stars-11600g\\\/\",\"name\":\"Serra Da Estrela: Mountain of the Stars - Legendary Adventure DMC Portugal\",\"isPartOf\":{\"@id\":\"https:\\\/\\\/legendatours.com\\\/#website\"},\"primaryImageOfPage\":{\"@id\":\"https:\\\/\\\/legendatours.com\\\/product\\\/serra-da-estrela-mountain-of-the-stars-11600g\\\/#primaryimage\"},\"image\":{\"@id\":\"https:\\\/\\\/legendatours.com\\\/product\\\/serra-da-estrela-mountain-of-the-stars-11600g\\\/#primaryimage\"},\"thumbnailUrl\":\"https:\\\/\\\/legendatours.com\\\/wp-content\\\/uploads\\\/sites\\\/12\\\/2021\\\/04\\\/espinhaco_cao_serra_estrela-e1611671770212.jpg\",\"datePublished\":\"2020-07-08T11:42:32+00:00\",\"dateModified\":\"2021-08-11T15:37:14+00:00\",\"breadcrumb\":{\"@id\":\"https:\\\/\\\/legendatours.com\\\/product\\\/serra-da-estrela-mountain-of-the-stars-11600g\\\/#breadcrumb\"},\"inLanguage\":\"fr-FR\",\"potentialAction\":[{\"@type\":\"ReadAction\",\"target\":[\"https:\\\/\\\/legendatours.com\\\/product\\\/serra-da-estrela-mountain-of-the-stars-11600g\\\/\"]}]},{\"@type\":\"ImageObject\",\"inLanguage\":\"fr-FR\",\"@id\":\"https:\\\/\\\/legendatours.com\\\/product\\\/serra-da-estrela-mountain-of-the-stars-11600g\\\/#primaryimage\",\"url\":\"https:\\\/\\\/legendatours.com\\\/wp-content\\\/uploads\\\/sites\\\/12\\\/2021\\\/04\\\/espinhaco_cao_serra_estrela-e1611671770212.jpg\",\"contentUrl\":\"https:\\\/\\\/legendatours.com\\\/wp-content\\\/uploads\\\/sites\\\/12\\\/2021\\\/04\\\/espinhaco_cao_serra_estrela-e1611671770212.jpg\",\"width\":1024,\"height\":722,\"caption\":\"Espinhaco de Cao - Serra da Estrela\"},{\"@type\":\"BreadcrumbList\",\"@id\":\"https:\\\/\\\/legendatours.com\\\/product\\\/serra-da-estrela-mountain-of-the-stars-11600g\\\/#breadcrumb\",\"itemListElement\":[{\"@type\":\"ListItem\",\"position\":1,\"name\":\"Home\",\"item\":\"https:\\\/\\\/legendatours.com\\\/\"},{\"@type\":\"ListItem\",\"position\":2,\"name\":\"Shop\",\"item\":\"https:\\\/\\\/legendatours.com\\\/sv\\\/?page_id=4\"},{\"@type\":\"ListItem\",\"position\":3,\"name\":\"Serra Da Estrela: Mountain of the Stars\"}]},{\"@type\":\"WebSite\",\"@id\":\"https:\\\/\\\/legendatours.com\\\/#website\",\"url\":\"https:\\\/\\\/legendatours.com\\\/\",\"name\":\"Legendary Adventure DMC Portugal\",\"description\":\"Responsible Walking &amp; Nature Holidays in Portugal\",\"publisher\":{\"@id\":\"https:\\\/\\\/legendatours.com\\\/#organization\"},\"alternateName\":\"Legendary Adventure Portugal\",\"potentialAction\":[{\"@type\":\"SearchAction\",\"target\":{\"@type\":\"EntryPoint\",\"urlTemplate\":\"https:\\\/\\\/legendatours.com\\\/?s={search_term_string}\"},\"query-input\":{\"@type\":\"PropertyValueSpecification\",\"valueRequired\":true,\"valueName\":\"search_term_string\"}}],\"inLanguage\":\"fr-FR\"},{\"@type\":\"Organization\",\"@id\":\"https:\\\/\\\/legendatours.com\\\/#organization\",\"name\":\"legendatours.com\",\"url\":\"https:\\\/\\\/legendatours.com\\\/\",\"logo\":{\"@type\":\"ImageObject\",\"inLanguage\":\"fr-FR\",\"@id\":\"https:\\\/\\\/legendatours.com\\\/#\\\/schema\\\/logo\\\/image\\\/\",\"url\":\"https:\\\/\\\/legendatours.com\\\/wp-content\\\/uploads\\\/sites\\\/12\\\/2021\\\/06\\\/legendary_adventure_dmc.png\",\"contentUrl\":\"https:\\\/\\\/legendatours.com\\\/wp-content\\\/uploads\\\/sites\\\/12\\\/2021\\\/06\\\/legendary_adventure_dmc.png\",\"width\":250,\"height\":74,\"caption\":\"legendatours.com\"},\"image\":{\"@id\":\"https:\\\/\\\/legendatours.com\\\/#\\\/schema\\\/logo\\\/image\\\/\"},\"sameAs\":[\"https:\\\/\\\/www.facebook.com\\\/legendaryadventuredmc\\\/\",\"https:\\\/\\\/www.linkedin.com\\\/company\\\/legendary-adventure-dmc-portugal\",\"https:\\\/\\\/www.youtube.com\\\/channel\\\/UCOIRDx_KM6ynIcacQkZjb6g\"]}]}<\/script>\n<!-- \/ Yoast SEO Premium plugin. -->","yoast_head_json":{"title":"Serra Da Estrela : Montagne des \u00c9toiles - Aventure L\u00e9gendaire DMC Portugal","robots":{"index":"index","follow":"follow","max-snippet":"max-snippet:-1","max-image-preview":"max-image-preview:large","max-video-preview":"max-video-preview:-1"},"canonical":"https:\/\/legendatours.com\/fr\/produit\/serra-da-estrela-mountain-of-the-stars-11600g\/","og_locale":"fr_FR","og_type":"article","og_title":"Serra Da Estrela: Mountain of the Stars","og_description":"This holiday is in the Serra da Estrela Natural Park, the \u201cmountains of the stars\u201d, the highest mountain range in mainland Portugal rising to 1993m.  The Serra\u2019s landscapes of chestnut, beech, and pine forests, lakes, and glacial valleys all enjoy clean, crisp, mountain air.  The Natural Park is also the source of the Mondego, Z\u00eazere, and Alva rivers.  Dramatic crags and ravines make this region stunningly beautiful and a pleasure to explore. It is an acknowledged center for rock climbing but our walks enable us to access all this beauty on more conventional paths.","og_url":"https:\/\/legendatours.com\/fr\/produit\/serra-da-estrela-mountain-of-the-stars-11600g\/","og_site_name":"Legendary Adventure DMC Portugal","article_publisher":"https:\/\/www.facebook.com\/legendaryadventuredmc\/","article_modified_time":"2021-08-11T15:37:14+00:00","og_image":[{"width":1024,"height":722,"url":"https:\/\/legendatours.com\/wp-content\/uploads\/sites\/12\/2021\/04\/espinhaco_cao_serra_estrela-e1611671770212.jpg","type":"image\/jpeg"}],"twitter_card":"summary_large_image","twitter_misc":{"Dur\u00e9e de lecture estim\u00e9e":"2 minutes"},"schema":{"@context":"https:\/\/schema.org","@graph":[{"@type":"WebPage","@id":"https:\/\/legendatours.com\/product\/serra-da-estrela-mountain-of-the-stars-11600g\/","url":"https:\/\/legendatours.com\/product\/serra-da-estrela-mountain-of-the-stars-11600g\/","name":"Serra Da Estrela : Montagne des \u00c9toiles - Aventure L\u00e9gendaire DMC Portugal","isPartOf":{"@id":"https:\/\/legendatours.com\/#website"},"primaryImageOfPage":{"@id":"https:\/\/legendatours.com\/product\/serra-da-estrela-mountain-of-the-stars-11600g\/#primaryimage"},"image":{"@id":"https:\/\/legendatours.com\/product\/serra-da-estrela-mountain-of-the-stars-11600g\/#primaryimage"},"thumbnailUrl":"https:\/\/legendatours.com\/wp-content\/uploads\/sites\/12\/2021\/04\/espinhaco_cao_serra_estrela-e1611671770212.jpg","datePublished":"2020-07-08T11:42:32+00:00","dateModified":"2021-08-11T15:37:14+00:00","breadcrumb":{"@id":"https:\/\/legendatours.com\/product\/serra-da-estrela-mountain-of-the-stars-11600g\/#breadcrumb"},"inLanguage":"fr-FR","potentialAction":[{"@type":"ReadAction","target":["https:\/\/legendatours.com\/product\/serra-da-estrela-mountain-of-the-stars-11600g\/"]}]},{"@type":"ImageObject","inLanguage":"fr-FR","@id":"https:\/\/legendatours.com\/product\/serra-da-estrela-mountain-of-the-stars-11600g\/#primaryimage","url":"https:\/\/legendatours.com\/wp-content\/uploads\/sites\/12\/2021\/04\/espinhaco_cao_serra_estrela-e1611671770212.jpg","contentUrl":"https:\/\/legendatours.com\/wp-content\/uploads\/sites\/12\/2021\/04\/espinhaco_cao_serra_estrela-e1611671770212.jpg","width":1024,"height":722,"caption":"Espinhaco de Cao - Serra da Estrela"},{"@type":"BreadcrumbList","@id":"https:\/\/legendatours.com\/product\/serra-da-estrela-mountain-of-the-stars-11600g\/#breadcrumb","itemListElement":[{"@type":"ListItem","position":1,"name":"Home","item":"https:\/\/legendatours.com\/"},{"@type":"ListItem","position":2,"name":"Shop","item":"https:\/\/legendatours.com\/sv\/?page_id=4"},{"@type":"ListItem","position":3,"name":"Serra Da Estrela: Mountain of the Stars"}]},{"@type":"WebSite","@id":"https:\/\/legendatours.com\/#website","url":"https:\/\/legendatours.com\/","name":"Aventure l\u00e9gendaire DMC Portugal","description":"Randonn\u00e9es responsables et vacances nature au Portugal","publisher":{"@id":"https:\/\/legendatours.com\/#organization"},"alternateName":"Legendary Adventure Portugal","potentialAction":[{"@type":"SearchAction","target":{"@type":"EntryPoint","urlTemplate":"https:\/\/legendatours.com\/?s={search_term_string}"},"query-input":{"@type":"PropertyValueSpecification","valueRequired":true,"valueName":"search_term_string"}}],"inLanguage":"fr-FR"},{"@type":"Organization","@id":"https:\/\/legendatours.com\/#organization","name":"legendatours.com","url":"https:\/\/legendatours.com\/","logo":{"@type":"ImageObject","inLanguage":"fr-FR","@id":"https:\/\/legendatours.com\/#\/schema\/logo\/image\/","url":"https:\/\/legendatours.com\/wp-content\/uploads\/sites\/12\/2021\/06\/legendary_adventure_dmc.png","contentUrl":"https:\/\/legendatours.com\/wp-content\/uploads\/sites\/12\/2021\/06\/legendary_adventure_dmc.png","width":250,"height":74,"caption":"legendatours.com"},"image":{"@id":"https:\/\/legendatours.com\/#\/schema\/logo\/image\/"},"sameAs":["https:\/\/www.facebook.com\/legendaryadventuredmc\/","https:\/\/www.linkedin.com\/company\/legendary-adventure-dmc-portugal","https:\/\/www.youtube.com\/channel\/UCOIRDx_KM6ynIcacQkZjb6g"]}]}},"_links":{"self":[{"href":"https:\/\/legendatours.com\/fr\/wp-json\/wp\/v2\/product\/7782","targetHints":{"allow":["GET"]}}],"collection":[{"href":"https:\/\/legendatours.com\/fr\/wp-json\/wp\/v2\/product"}],"about":[{"href":"https:\/\/legendatours.com\/fr\/wp-json\/wp\/v2\/types\/product"}],"replies":[{"embeddable":true,"href":"https:\/\/legendatours.com\/fr\/wp-json\/wp\/v2\/comments?post=7782"}],"wp:featuredmedia":[{"embeddable":true,"href":"https:\/\/legendatours.com\/fr\/wp-json\/wp\/v2\/media\/7775"}],"wp:attachment":[{"href":"https:\/\/legendatours.com\/fr\/wp-json\/wp\/v2\/media?parent=7782"}],"wp:term":[{"taxonomy":"product_brand","embeddable":true,"href":"https:\/\/legendatours.com\/fr\/wp-json\/wp\/v2\/product_brand?post=7782"},{"taxonomy":"product_cat","embeddable":true,"href":"https:\/\/legendatours.com\/fr\/wp-json\/wp\/v2\/product_cat?post=7782"},{"taxonomy":"product_tag","embeddable":true,"href":"https:\/\/legendatours.com\/fr\/wp-json\/wp\/v2\/product_tag?post=7782"}],"curies":[{"name":"wp","href":"https:\/\/api.w.org\/{rel}","templated":true}]}}