{"id":7811,"date":"2020-07-08T09:03:15","date_gmt":"2020-07-08T09:03:15","guid":{"rendered":"https:\/\/legendatours.com\/product\/walking-the-portuguese-way-to-santiago\/"},"modified":"2021-08-11T15:40:48","modified_gmt":"2021-08-11T15:40:48","slug":"portuguese-way-to-santiago-11400g","status":"publish","type":"product","link":"https:\/\/legendatours.com\/fr\/produit\/portuguese-way-to-santiago-11400g\/","title":{"rendered":"Marcher sur le chemin portugais de Santiago"},"content":{"rendered":"<p><strong>Groupes accept\u00e9s avec un minimum de 6 personnes.<\/strong><\/p>\n<p>Notre circuit traverse le nord du Portugal pour se terminer \u00e0 Santiago, de l&#039;autre c\u00f4t\u00e9 de la fronti\u00e8re, en Galice, en Espagne.<\/p>\n<p>De la vieille ville de Porto, ville class\u00e9e au patrimoine mondial de l&#039;UNESCO et patrie du vin de Porto, \u00e0 la ville m\u00e9di\u00e9vale de Saint-Jacques-de-Compostelle, en traversant de belles r\u00e9gions du nord du Portugal et de la Galice, le Chemin de Saint-Jacques-de-Compostelle portugais est un voyage inoubliable.<\/p>\n<div id=\"attachment_2775\" style=\"width: 1034px\" class=\"wp-caption alignnone\"><img loading=\"lazy\" decoding=\"async\" aria-describedby=\"caption-attachment-2775\" class=\"wp-image-2775 size-large\" src=\"https:\/\/legendatours.net\/wp-content\/uploads\/2020\/07\/Walking_minho-1024x768.jpg\" alt=\"Group Walking in Minho\" width=\"1024\" height=\"768\" \/><p id=\"caption-attachment-2775\" class=\"wp-caption-text\">Se promener dans le Minho<\/p><\/div>\n<p>Avec le bord de la rivi\u00e8re pittoresque de Porto, les c\u00e9l\u00e8bres c\u00e9ramiques de Barcelos, les collines verdoyantes du nord du Portugal et de la Galice, sans oublier les nombreuses \u00e9glises baroques, les villages m\u00e9di\u00e9vaux et les ponts tout au long du chemin, le Chemin Portugais a beaucoup \u00e0 offrir, pour tous les amoureux du patrimoine, de la culture et de la nature.<\/p>\n<p>Nous ne pouvons manquer de mentionner la somptueuse gastronomie des deux r\u00e9gions et les bons vins, parmi les meilleurs au monde.<\/p>\n<p>Le Chemin Portugais fait environ 241 km, nous s\u00e9lectionnerons les meilleures sections pour votre plus grand plaisir.<\/p>\n<p>Le Chemin Portugais de Saint-Jacques-de-Compostelle est un itin\u00e9raire classique qui allie d\u00e9fi personnel, int\u00e9r\u00eat pour l&#039;histoire, l&#039;art et la nature. Ann\u00e9e apr\u00e8s ann\u00e9e, les p\u00e8lerins parcourent des centaines de kilom\u00e8tres \u00e0 travers des paysages \u00e9poustouflants, des villages isol\u00e9s cach\u00e9s et des villes m\u00e9di\u00e9vales spectaculaires.<\/p>\n<div id=\"attachment_2797\" style=\"width: 1034px\" class=\"wp-caption alignnone\"><img loading=\"lazy\" decoding=\"async\" aria-describedby=\"caption-attachment-2797\" class=\"wp-image-2797 size-large\" title=\"Marcher sur le chemin de Saint-Jacques-de-Compostelle portugais\" src=\"https:\/\/legendatours.net\/wp-content\/uploads\/2020\/07\/santiago_way-1024x768.jpg\" alt=\"Walking Portuguese Santiago Way\" width=\"1024\" height=\"768\" \/><p id=\"caption-attachment-2797\" class=\"wp-caption-text\">Marcher sur le chemin de Saint-Jacques-de-Compostelle portugais<\/p><\/div>\n<p>La p\u00e9r\u00e9grination vers Santiago depuis le Portugal a commenc\u00e9 au haut Moyen \u00c2ge. Pendant des si\u00e8cles, le peuple portugais a particip\u00e9 \u00e0 cette exp\u00e9rience collective, \u00e0 l\u2019instar des monarques, des membres de la noblesse et du haut clerg\u00e9.<\/p>\n<p>L&#039;hospitalit\u00e9 offerte par les gens est proverbiale et constitue un v\u00e9ritable point fort. Cette pratique a \u00e9t\u00e9 initi\u00e9e au Moyen \u00c2ge par les moines et les eccl\u00e9siastiques, et la tradition est aujourd&#039;hui maintenue tout au long du Chemin.<\/p>\n<div class=\"row\" style=\"display: flex;\">\n<div class=\"column\" style=\"flex: 45%;\">\n<p><iframe loading=\"lazy\" title=\"Caminhos de Santiago - Caminho Portugu\u00eas da Costa\" width=\"1080\" height=\"608\" src=\"https:\/\/www.youtube.com\/embed\/2xszS0FYP00?feature=oembed\" frameborder=\"0\" allow=\"accelerometer; autoplay; clipboard-write; encrypted-media; gyroscope; picture-in-picture\" allowfullscreen><\/iframe><\/p>\n<\/div>\n<div class=\"column\" style=\"flex: 10%;\"><\/div>\n<div class=\"column\" style=\"flex: 45%;\">\n<p><iframe loading=\"lazy\" title=\"Algarve Visto do Ar - Concelho de Olh\u00e3o\" width=\"1080\" height=\"608\" src=\"https:\/\/www.youtube.com\/embed\/MP6BCGjhkwQ?feature=oembed\" frameborder=\"0\" allow=\"accelerometer; autoplay; clipboard-write; encrypted-media; gyroscope; picture-in-picture\" allowfullscreen><\/iframe><\/p>\n<\/div>\n<\/div>","protected":false},"excerpt":{"rendered":"<p>Notre circuit traverse le nord du Portugal pour se terminer \u00e0 Santiago, de l&#039;autre c\u00f4t\u00e9 de la fronti\u00e8re, en Galice, en Espagne.<\/p>\n<p>De la vieille ville de Porto, ville class\u00e9e au patrimoine mondial de l&#039;UNESCO et patrie du vin de Porto, \u00e0 la ville m\u00e9di\u00e9vale de Saint-Jacques-de-Compostelle, en traversant de belles r\u00e9gions du nord du Portugal et de la Galice, le Chemin de Saint-Jacques-de-Compostelle portugais est un voyage inoubliable.<\/p>","protected":false},"featured_media":7795,"comment_status":"closed","ping_status":"closed","template":"","meta":{"_acf_changed":false,"inline_featured_image":false},"product_brand":[],"product_cat":[32,28,29,30,31],"product_tag":[402,333,548,78,36,130,46,616,87,90,91,217,195,55,95,202,566,221,100,101,162,246,617,56,57,58,618,59,226,407,249,619,620,229,71,610,359,233,346],"class_list":{"0":"post-7811","1":"product","2":"type-product","3":"status-publish","4":"has-post-thumbnail","6":"product_cat-cultural-tours-and-holidays-in-portugal","7":"product_cat-guided-group-tours","8":"product_cat-portugal-guided-historical-holidays","9":"product_cat-guided-sightseeing-holidays-portugal","10":"product_cat-guided-walking-holidays-in-portugal","11":"product_tag-amazing-walking","12":"product_tag-ancient-churches","13":"product_tag-architectonic-heritage","14":"product_tag-beautiful-landscapes","15":"product_tag-cultural-heritage","16":"product_tag-gastronomy","17":"product_tag-gastronomy-and-wines","18":"product_tag-greatest-baroque-structures-in-europe","19":"product_tag-green-landscape","20":"product_tag-guided-walking-holidays","21":"product_tag-guided-walking-tours","22":"product_tag-heritage","23":"product_tag-history-and-heritage","24":"product_tag-local-gastronomy","25":"product_tag-magnificent-landscape","26":"product_tag-medieval-times","27":"product_tag-medieval-villages","28":"product_tag-minho-region-portugal","29":"product_tag-nature-holidays","30":"product_tag-nature-tour","31":"product_tag-nature-walks","32":"product_tag-northern-portugal","33":"product_tag-northern-portugal-and-galicia","34":"product_tag-oporto","35":"product_tag-porto","36":"product_tag-porto-bridges","37":"product_tag-porto-cathedral","38":"product_tag-porto-world-heritage","39":"product_tag-portos-old-town","40":"product_tag-portugal-perfect-walking-holiday","41":"product_tag-santa-tecla","42":"product_tag-santiago-compostela-walks","43":"product_tag-santiago-de-compostela","44":"product_tag-sightseeing-porto","45":"product_tag-unesco-world-heritage-site","46":"product_tag-walking-experiences","47":"product_tag-walks-porto","48":"product_tag-world-heritage","49":"product_tag-world-heritage-city","51":"first","52":"instock","53":"virtual","54":"product-type-simple"},"acf":[],"yoast_head":"<!-- This site is optimized with the Yoast SEO Premium plugin v26.8 (Yoast SEO v27.5) - https:\/\/yoast.com\/product\/yoast-seo-premium-wordpress\/ -->\n<title>Walking The Portuguese Way to Santiago - Legendary Adventure DMC Portugal<\/title>\n<meta name=\"robots\" content=\"index, follow, max-snippet:-1, max-image-preview:large, max-video-preview:-1\" \/>\n<link rel=\"canonical\" href=\"https:\/\/legendatours.com\/fr\/produit\/portuguese-way-to-santiago-11400g\/\" \/>\n<meta property=\"og:locale\" content=\"fr_FR\" \/>\n<meta property=\"og:type\" content=\"article\" \/>\n<meta property=\"og:title\" content=\"Walking The Portuguese Way to Santiago\" \/>\n<meta property=\"og:description\" content=\"Our tour crosses Northern Portugal to end up in Santiago, on the other side of the border, in Galicia, Spain.  From the old town of Porto, a UNESCO World Heritage city, and home of Port wine, to the medieval town of Santiago de Compostela, crossing beautiful regions in Northern Portugal and Galicia, the Portuguese Way of Santiago is an unforgettable journey.\" \/>\n<meta property=\"og:url\" content=\"https:\/\/legendatours.com\/fr\/produit\/portuguese-way-to-santiago-11400g\/\" \/>\n<meta property=\"og:site_name\" content=\"Legendary Adventure DMC Portugal\" \/>\n<meta property=\"article:publisher\" content=\"https:\/\/www.facebook.com\/legendaryadventuredmc\/\" \/>\n<meta property=\"article:modified_time\" content=\"2021-08-11T15:40:48+00:00\" \/>\n<meta property=\"og:image\" content=\"https:\/\/legendatours.com\/wp-content\/uploads\/sites\/12\/2021\/04\/ponte_lima_bridge-e1611683108123.jpg\" \/>\n\t<meta property=\"og:image:width\" content=\"1024\" \/>\n\t<meta property=\"og:image:height\" content=\"768\" \/>\n\t<meta property=\"og:image:type\" content=\"image\/jpeg\" \/>\n<meta name=\"twitter:card\" content=\"summary_large_image\" \/>\n<meta name=\"twitter:label1\" content=\"Dur\u00e9e de lecture estim\u00e9e\" \/>\n\t<meta name=\"twitter:data1\" content=\"2 minutes\" \/>\n<script type=\"application\/ld+json\" class=\"yoast-schema-graph\">{\"@context\":\"https:\\\/\\\/schema.org\",\"@graph\":[{\"@type\":\"WebPage\",\"@id\":\"https:\\\/\\\/legendatours.com\\\/product\\\/portuguese-way-to-santiago-11400g\\\/\",\"url\":\"https:\\\/\\\/legendatours.com\\\/product\\\/portuguese-way-to-santiago-11400g\\\/\",\"name\":\"Walking The Portuguese Way to Santiago - Legendary Adventure DMC Portugal\",\"isPartOf\":{\"@id\":\"https:\\\/\\\/legendatours.com\\\/#website\"},\"primaryImageOfPage\":{\"@id\":\"https:\\\/\\\/legendatours.com\\\/product\\\/portuguese-way-to-santiago-11400g\\\/#primaryimage\"},\"image\":{\"@id\":\"https:\\\/\\\/legendatours.com\\\/product\\\/portuguese-way-to-santiago-11400g\\\/#primaryimage\"},\"thumbnailUrl\":\"https:\\\/\\\/legendatours.com\\\/wp-content\\\/uploads\\\/sites\\\/12\\\/2021\\\/04\\\/ponte_lima_bridge-e1611683108123.jpg\",\"datePublished\":\"2020-07-08T09:03:15+00:00\",\"dateModified\":\"2021-08-11T15:40:48+00:00\",\"breadcrumb\":{\"@id\":\"https:\\\/\\\/legendatours.com\\\/product\\\/portuguese-way-to-santiago-11400g\\\/#breadcrumb\"},\"inLanguage\":\"fr-FR\",\"potentialAction\":[{\"@type\":\"ReadAction\",\"target\":[\"https:\\\/\\\/legendatours.com\\\/product\\\/portuguese-way-to-santiago-11400g\\\/\"]}]},{\"@type\":\"ImageObject\",\"inLanguage\":\"fr-FR\",\"@id\":\"https:\\\/\\\/legendatours.com\\\/product\\\/portuguese-way-to-santiago-11400g\\\/#primaryimage\",\"url\":\"https:\\\/\\\/legendatours.com\\\/wp-content\\\/uploads\\\/sites\\\/12\\\/2021\\\/04\\\/ponte_lima_bridge-e1611683108123.jpg\",\"contentUrl\":\"https:\\\/\\\/legendatours.com\\\/wp-content\\\/uploads\\\/sites\\\/12\\\/2021\\\/04\\\/ponte_lima_bridge-e1611683108123.jpg\",\"width\":1024,\"height\":768,\"caption\":\"Ponte Lima - Portuguese Santiago Way\"},{\"@type\":\"BreadcrumbList\",\"@id\":\"https:\\\/\\\/legendatours.com\\\/product\\\/portuguese-way-to-santiago-11400g\\\/#breadcrumb\",\"itemListElement\":[{\"@type\":\"ListItem\",\"position\":1,\"name\":\"Home\",\"item\":\"https:\\\/\\\/legendatours.com\\\/\"},{\"@type\":\"ListItem\",\"position\":2,\"name\":\"Shop\",\"item\":\"https:\\\/\\\/legendatours.com\\\/sv\\\/?page_id=4\"},{\"@type\":\"ListItem\",\"position\":3,\"name\":\"Walking The Portuguese Way to Santiago\"}]},{\"@type\":\"WebSite\",\"@id\":\"https:\\\/\\\/legendatours.com\\\/#website\",\"url\":\"https:\\\/\\\/legendatours.com\\\/\",\"name\":\"Legendary Adventure DMC Portugal\",\"description\":\"Responsible Walking &amp; Nature Holidays in Portugal\",\"publisher\":{\"@id\":\"https:\\\/\\\/legendatours.com\\\/#organization\"},\"alternateName\":\"Legendary Adventure Portugal\",\"potentialAction\":[{\"@type\":\"SearchAction\",\"target\":{\"@type\":\"EntryPoint\",\"urlTemplate\":\"https:\\\/\\\/legendatours.com\\\/?s={search_term_string}\"},\"query-input\":{\"@type\":\"PropertyValueSpecification\",\"valueRequired\":true,\"valueName\":\"search_term_string\"}}],\"inLanguage\":\"fr-FR\"},{\"@type\":\"Organization\",\"@id\":\"https:\\\/\\\/legendatours.com\\\/#organization\",\"name\":\"legendatours.com\",\"url\":\"https:\\\/\\\/legendatours.com\\\/\",\"logo\":{\"@type\":\"ImageObject\",\"inLanguage\":\"fr-FR\",\"@id\":\"https:\\\/\\\/legendatours.com\\\/#\\\/schema\\\/logo\\\/image\\\/\",\"url\":\"https:\\\/\\\/legendatours.com\\\/wp-content\\\/uploads\\\/sites\\\/12\\\/2021\\\/06\\\/legendary_adventure_dmc.png\",\"contentUrl\":\"https:\\\/\\\/legendatours.com\\\/wp-content\\\/uploads\\\/sites\\\/12\\\/2021\\\/06\\\/legendary_adventure_dmc.png\",\"width\":250,\"height\":74,\"caption\":\"legendatours.com\"},\"image\":{\"@id\":\"https:\\\/\\\/legendatours.com\\\/#\\\/schema\\\/logo\\\/image\\\/\"},\"sameAs\":[\"https:\\\/\\\/www.facebook.com\\\/legendaryadventuredmc\\\/\",\"https:\\\/\\\/www.linkedin.com\\\/company\\\/legendary-adventure-dmc-portugal\",\"https:\\\/\\\/www.youtube.com\\\/channel\\\/UCOIRDx_KM6ynIcacQkZjb6g\"]}]}<\/script>\n<!-- \/ Yoast SEO Premium plugin. -->","yoast_head_json":{"title":"Randonn\u00e9e sur le chemin portugais de Saint-Jacques-de-Compostelle - Legendary Adventure DMC Portugal","robots":{"index":"index","follow":"follow","max-snippet":"max-snippet:-1","max-image-preview":"max-image-preview:large","max-video-preview":"max-video-preview:-1"},"canonical":"https:\/\/legendatours.com\/fr\/produit\/portuguese-way-to-santiago-11400g\/","og_locale":"fr_FR","og_type":"article","og_title":"Walking The Portuguese Way to Santiago","og_description":"Our tour crosses Northern Portugal to end up in Santiago, on the other side of the border, in Galicia, Spain.  From the old town of Porto, a UNESCO World Heritage city, and home of Port wine, to the medieval town of Santiago de Compostela, crossing beautiful regions in Northern Portugal and Galicia, the Portuguese Way of Santiago is an unforgettable journey.","og_url":"https:\/\/legendatours.com\/fr\/produit\/portuguese-way-to-santiago-11400g\/","og_site_name":"Legendary Adventure DMC Portugal","article_publisher":"https:\/\/www.facebook.com\/legendaryadventuredmc\/","article_modified_time":"2021-08-11T15:40:48+00:00","og_image":[{"width":1024,"height":768,"url":"https:\/\/legendatours.com\/wp-content\/uploads\/sites\/12\/2021\/04\/ponte_lima_bridge-e1611683108123.jpg","type":"image\/jpeg"}],"twitter_card":"summary_large_image","twitter_misc":{"Dur\u00e9e de lecture estim\u00e9e":"2 minutes"},"schema":{"@context":"https:\/\/schema.org","@graph":[{"@type":"WebPage","@id":"https:\/\/legendatours.com\/product\/portuguese-way-to-santiago-11400g\/","url":"https:\/\/legendatours.com\/product\/portuguese-way-to-santiago-11400g\/","name":"Randonn\u00e9e sur le chemin portugais de Saint-Jacques-de-Compostelle - Legendary Adventure DMC Portugal","isPartOf":{"@id":"https:\/\/legendatours.com\/#website"},"primaryImageOfPage":{"@id":"https:\/\/legendatours.com\/product\/portuguese-way-to-santiago-11400g\/#primaryimage"},"image":{"@id":"https:\/\/legendatours.com\/product\/portuguese-way-to-santiago-11400g\/#primaryimage"},"thumbnailUrl":"https:\/\/legendatours.com\/wp-content\/uploads\/sites\/12\/2021\/04\/ponte_lima_bridge-e1611683108123.jpg","datePublished":"2020-07-08T09:03:15+00:00","dateModified":"2021-08-11T15:40:48+00:00","breadcrumb":{"@id":"https:\/\/legendatours.com\/product\/portuguese-way-to-santiago-11400g\/#breadcrumb"},"inLanguage":"fr-FR","potentialAction":[{"@type":"ReadAction","target":["https:\/\/legendatours.com\/product\/portuguese-way-to-santiago-11400g\/"]}]},{"@type":"ImageObject","inLanguage":"fr-FR","@id":"https:\/\/legendatours.com\/product\/portuguese-way-to-santiago-11400g\/#primaryimage","url":"https:\/\/legendatours.com\/wp-content\/uploads\/sites\/12\/2021\/04\/ponte_lima_bridge-e1611683108123.jpg","contentUrl":"https:\/\/legendatours.com\/wp-content\/uploads\/sites\/12\/2021\/04\/ponte_lima_bridge-e1611683108123.jpg","width":1024,"height":768,"caption":"Ponte Lima - Portuguese Santiago Way"},{"@type":"BreadcrumbList","@id":"https:\/\/legendatours.com\/product\/portuguese-way-to-santiago-11400g\/#breadcrumb","itemListElement":[{"@type":"ListItem","position":1,"name":"Home","item":"https:\/\/legendatours.com\/"},{"@type":"ListItem","position":2,"name":"Shop","item":"https:\/\/legendatours.com\/sv\/?page_id=4"},{"@type":"ListItem","position":3,"name":"Walking The Portuguese Way to Santiago"}]},{"@type":"WebSite","@id":"https:\/\/legendatours.com\/#website","url":"https:\/\/legendatours.com\/","name":"Aventure l\u00e9gendaire DMC Portugal","description":"Randonn\u00e9es responsables et vacances nature au Portugal","publisher":{"@id":"https:\/\/legendatours.com\/#organization"},"alternateName":"Legendary Adventure Portugal","potentialAction":[{"@type":"SearchAction","target":{"@type":"EntryPoint","urlTemplate":"https:\/\/legendatours.com\/?s={search_term_string}"},"query-input":{"@type":"PropertyValueSpecification","valueRequired":true,"valueName":"search_term_string"}}],"inLanguage":"fr-FR"},{"@type":"Organization","@id":"https:\/\/legendatours.com\/#organization","name":"legendatours.com","url":"https:\/\/legendatours.com\/","logo":{"@type":"ImageObject","inLanguage":"fr-FR","@id":"https:\/\/legendatours.com\/#\/schema\/logo\/image\/","url":"https:\/\/legendatours.com\/wp-content\/uploads\/sites\/12\/2021\/06\/legendary_adventure_dmc.png","contentUrl":"https:\/\/legendatours.com\/wp-content\/uploads\/sites\/12\/2021\/06\/legendary_adventure_dmc.png","width":250,"height":74,"caption":"legendatours.com"},"image":{"@id":"https:\/\/legendatours.com\/#\/schema\/logo\/image\/"},"sameAs":["https:\/\/www.facebook.com\/legendaryadventuredmc\/","https:\/\/www.linkedin.com\/company\/legendary-adventure-dmc-portugal","https:\/\/www.youtube.com\/channel\/UCOIRDx_KM6ynIcacQkZjb6g"]}]}},"_links":{"self":[{"href":"https:\/\/legendatours.com\/fr\/wp-json\/wp\/v2\/product\/7811","targetHints":{"allow":["GET"]}}],"collection":[{"href":"https:\/\/legendatours.com\/fr\/wp-json\/wp\/v2\/product"}],"about":[{"href":"https:\/\/legendatours.com\/fr\/wp-json\/wp\/v2\/types\/product"}],"replies":[{"embeddable":true,"href":"https:\/\/legendatours.com\/fr\/wp-json\/wp\/v2\/comments?post=7811"}],"wp:featuredmedia":[{"embeddable":true,"href":"https:\/\/legendatours.com\/fr\/wp-json\/wp\/v2\/media\/7795"}],"wp:attachment":[{"href":"https:\/\/legendatours.com\/fr\/wp-json\/wp\/v2\/media?parent=7811"}],"wp:term":[{"taxonomy":"product_brand","embeddable":true,"href":"https:\/\/legendatours.com\/fr\/wp-json\/wp\/v2\/product_brand?post=7811"},{"taxonomy":"product_cat","embeddable":true,"href":"https:\/\/legendatours.com\/fr\/wp-json\/wp\/v2\/product_cat?post=7811"},{"taxonomy":"product_tag","embeddable":true,"href":"https:\/\/legendatours.com\/fr\/wp-json\/wp\/v2\/product_tag?post=7811"}],"curies":[{"name":"wp","href":"https:\/\/api.w.org\/{rel}","templated":true}]}}