{"id":7817,"date":"2020-07-06T16:21:05","date_gmt":"2020-07-06T16:21:05","guid":{"rendered":"https:\/\/legendatours.com\/product\/walking-in-peneda-national-park-portugals-hidden-wilderness\/"},"modified":"2021-08-11T15:44:16","modified_gmt":"2021-08-11T15:44:16","slug":"peneda-national-park-portugals-hidden-wilderness-11300g","status":"publish","type":"product","link":"https:\/\/legendatours.com\/fr\/produit\/peneda-national-park-portugals-hidden-wilderness-11300g\/","title":{"rendered":"Se promener dans le parc national de Peneda : la nature sauvage cach\u00e9e du Portugal"},"content":{"rendered":"<p><strong>Groupes accept\u00e9s avec un minimum de 6 personnes.<\/strong><\/p>\n<p>&nbsp;<\/p>\n<p>Vitrine de grands paysages, le parc national de Peneda-Ger\u00eas est un environnement exquis d&#039;une beaut\u00e9 exceptionnelle.<\/p>\n<p>Dans ce haut pays, l&#039;air est cristallin et les eaux pures.<\/p>\n<p>Ce parc national contient certains des paysages les plus beaux et les plus vari\u00e9s de tout le pays et vous y trouverez une abondance de fleurs sauvages rares, d&#039;oiseaux de proie, de troupeaux de chevaux sauvages et d&#039;autres animaux sauvages.<\/p>\n<div id=\"attachment_2778\" style=\"width: 1034px\" class=\"wp-caption alignnone\"><img loading=\"lazy\" decoding=\"async\" aria-describedby=\"caption-attachment-2778\" class=\"wp-image-2778 size-large\" title=\"Sanctuaire de Peneda - Parc National de Peneda Portugal\" src=\"https:\/\/legendatours.net\/wp-content\/uploads\/2020\/07\/Sanctuary_Peneda-1024x768.jpg\" alt=\"Peneda Sanctuary - Peneda National Park Portugal\" width=\"1024\" height=\"768\" \/><p id=\"caption-attachment-2778\" class=\"wp-caption-text\">Sanctuaire de Peneda \u2013 Parc National de Peneda Portugal<\/p><\/div>\n<p>Nos vacances \u00e0 deux centres dans le nord-ouest du parc sont centr\u00e9es sur la Serra da Peneda. Il est con\u00e7u pour que vous visitiez les parties les plus spectaculaires et les plus int\u00e9ressantes de ces montagnes.<\/p>\n<p>Nos promenades remarquablement vari\u00e9es feront le tour des paysages spectaculaires de rochers et de granit de Meadinha et suivront d&#039;anciens sentiers dans la vall\u00e9e luxuriante de la rivi\u00e8re Peneda.<\/p>\n<p>L&#039;emplacement un peu \u00e9loign\u00e9 a prot\u00e9g\u00e9 le parc. Vous appr\u00e9cierez non seulement la beaut\u00e9 de la r\u00e9gion, des landes vallonn\u00e9es spectaculaires aux imposantes falaises de granit, mais vous visiterez \u00e9galement de nombreux hameaux anciens diss\u00e9min\u00e9s dans la campagne et profiterez de l&#039;hospitalit\u00e9 l\u00e9gendaire des montagnards.<\/p>\n<p>Notre premier centre se trouve dans le village de montagne de Castro Laboreiro domin\u00e9 par son ancien ch\u00e2teau.<\/p>\n<div id=\"attachment_2777\" style=\"width: 1034px\" class=\"wp-caption alignnone\"><img loading=\"lazy\" decoding=\"async\" aria-describedby=\"caption-attachment-2777\" class=\"wp-image-2777 size-large\" title=\"Marche de groupe dans le parc national de Peneda Portugal\" src=\"https:\/\/legendatours.net\/wp-content\/uploads\/2020\/07\/geres_moorland-1024x731.jpg\" alt=\"Group Walking in Peneda National Park Portugal\" width=\"1024\" height=\"731\" \/><p id=\"caption-attachment-2777\" class=\"wp-caption-text\">Marche de groupe dans le parc national de Peneda Portugal<\/p><\/div>\n<p>Des villages traditionnels isol\u00e9s avec des prairies de haute montagne et des landes vallonn\u00e9es s&#039;\u00e9tendent jusqu&#039;\u00e0 la fronti\u00e8re avec l&#039;Espagne \u00e0 l&#039;est. Pourtant, sortez de l&#039;h\u00f4tel vers l&#039;ouest et nous nous trouverons parmi d&#039;imposantes falaises de granit et des vall\u00e9es bois\u00e9es cach\u00e9es.<\/p>\n<p>Le village avec ses caf\u00e9s et un h\u00f4tel remarquablement confortable et bien am\u00e9nag\u00e9 nous offre le lieu id\u00e9al pour partir \u00e0 la d\u00e9couverte puis se d\u00e9tendre en fin de journ\u00e9e.<\/p>\n<p>Nous pouvons marcher \u00e0 travers les montagnes jusqu&#039;\u00e0 notre deuxi\u00e8me emplacement dans le magnifique sanctuaire isol\u00e9 mais c\u00e9l\u00e8bre de Nossa Senhora da Peneda.<\/p>\n<p>Notre h\u00f4tel \u00e0 Peneda, autrefois l&#039;auberge des p\u00e8lerins, a \u00e9t\u00e9 transform\u00e9 avec imagination en un h\u00f4tel de haute qualit\u00e9. Il est situ\u00e9 sur un c\u00f4t\u00e9 du sanctuaire avec une toile de fond d&#039;arbres, de rochers et de cascades avec le grand escalier du sanctuaire descendant dans la vall\u00e9e en contrebas.<\/p>","protected":false},"excerpt":{"rendered":"<p>Vitrine de grands paysages, le parc national de Peneda-Ger\u00eas est un environnement exquis d&#039;une beaut\u00e9 exceptionnelle.<\/p>\n<p>Dans ce haut pays, l&#039;air est cristallin et les eaux pures.<\/p>\n<p>Ce parc national contient certains des paysages les plus beaux et les plus vari\u00e9s de tout le pays et vous y trouverez une abondance de fleurs sauvages rares, d&#039;oiseaux de proie, de troupeaux de chevaux sauvages et d&#039;autres animaux sauvages.<\/p>","protected":false},"featured_media":7656,"comment_status":"closed","ping_status":"closed","template":"","meta":{"_acf_changed":false,"inline_featured_image":false},"product_brand":[],"product_cat":[32,28,29,30,31],"product_tag":[402,78,235,621,603,622,87,90,49,404,255,95,97,98,99,162,272,246,623,624,417,418,419,609,341,171,625,208,70,626,421],"class_list":{"0":"post-7817","1":"product","2":"type-product","3":"status-publish","4":"has-post-thumbnail","6":"product_cat-cultural-tours-and-holidays-in-portugal","7":"product_cat-guided-group-tours","8":"product_cat-portugal-guided-historical-holidays","9":"product_cat-guided-sightseeing-holidays-portugal","10":"product_cat-guided-walking-holidays-in-portugal","11":"product_tag-amazing-walking","12":"product_tag-beautiful-landscapes","13":"product_tag-best-of-portugal","14":"product_tag-castro-laboreiro","15":"product_tag-fantastic-itinerary-of-walks","16":"product_tag-finest-walking-centres","17":"product_tag-green-landscape","18":"product_tag-guided-walking-holidays","19":"product_tag-hidden-landscapes","20":"product_tag-holiday-activities-walking-guides","21":"product_tag-holidays-in-portugal","22":"product_tag-magnificent-landscape","23":"product_tag-natural-park","24":"product_tag-natural-reserves","25":"product_tag-natural-scenery","26":"product_tag-nature-walks","27":"product_tag-north-of-portugal","28":"product_tag-northern-portugal","29":"product_tag-panoramic-views-in-portugal","30":"product_tag-peneda","31":"product_tag-peneda-geres","32":"product_tag-peneda-geres-national-park","33":"product_tag-peneda-geres-walking","34":"product_tag-perfect-walking-holiday","35":"product_tag-portugal-great-food-and-wine","36":"product_tag-small-group","37":"product_tag-traditional-houses","38":"product_tag-traditional-villages","39":"product_tag-traditions","40":"product_tag-walking-along-quiet-paths","41":"product_tag-walking-trails","43":"first","44":"instock","45":"virtual","46":"product-type-simple"},"acf":[],"yoast_head":"<!-- This site is optimized with the Yoast SEO Premium plugin v26.8 (Yoast SEO v27.3) - https:\/\/yoast.com\/product\/yoast-seo-premium-wordpress\/ -->\n<title>Walking in Peneda National Park: Portugal&#039;s Hidden Wilderness - Legendary Adventure DMC Portugal<\/title>\n<meta name=\"robots\" content=\"index, follow, max-snippet:-1, max-image-preview:large, max-video-preview:-1\" \/>\n<link rel=\"canonical\" href=\"https:\/\/legendatours.com\/fr\/produit\/peneda-national-park-portugals-hidden-wilderness-11300g\/\" \/>\n<meta property=\"og:locale\" content=\"fr_FR\" \/>\n<meta property=\"og:type\" content=\"article\" \/>\n<meta property=\"og:title\" content=\"Walking in Peneda National Park: Portugal&#039;s Hidden Wilderness\" \/>\n<meta property=\"og:description\" content=\"A showcase of great landscapes, the Peneda-Ger\u00eas National Park is an exquisite environment of outstanding beauty.  In this high country the air is crystalline and the waters pure.  This national park contains some of the most beautiful and varied scenery found in the whole of the country and here you\u2019ll find an abundance of rare wildflowers, birds of prey, herds of wild horses, and other wildlife.\" \/>\n<meta property=\"og:url\" content=\"https:\/\/legendatours.com\/fr\/produit\/peneda-national-park-portugals-hidden-wilderness-11300g\/\" \/>\n<meta property=\"og:site_name\" content=\"Legendary Adventure DMC Portugal\" \/>\n<meta property=\"article:publisher\" content=\"https:\/\/www.facebook.com\/legendaryadventuredmc\/\" \/>\n<meta property=\"article:modified_time\" content=\"2021-08-11T15:44:16+00:00\" \/>\n<meta property=\"og:image\" content=\"https:\/\/legendatours.com\/wp-content\/uploads\/sites\/12\/2021\/04\/geres_moorland-e1611683199826.jpg\" \/>\n\t<meta property=\"og:image:width\" content=\"1024\" \/>\n\t<meta property=\"og:image:height\" content=\"731\" \/>\n\t<meta property=\"og:image:type\" content=\"image\/jpeg\" \/>\n<meta name=\"twitter:card\" content=\"summary_large_image\" \/>\n<meta name=\"twitter:label1\" content=\"Dur\u00e9e de lecture estim\u00e9e\" \/>\n\t<meta name=\"twitter:data1\" content=\"2 minutes\" \/>\n<script type=\"application\/ld+json\" class=\"yoast-schema-graph\">{\"@context\":\"https:\\\/\\\/schema.org\",\"@graph\":[{\"@type\":\"WebPage\",\"@id\":\"https:\\\/\\\/legendatours.com\\\/product\\\/peneda-national-park-portugals-hidden-wilderness-11300g\\\/\",\"url\":\"https:\\\/\\\/legendatours.com\\\/product\\\/peneda-national-park-portugals-hidden-wilderness-11300g\\\/\",\"name\":\"Walking in Peneda National Park: Portugal's Hidden Wilderness - Legendary Adventure DMC Portugal\",\"isPartOf\":{\"@id\":\"https:\\\/\\\/legendatours.com\\\/#website\"},\"primaryImageOfPage\":{\"@id\":\"https:\\\/\\\/legendatours.com\\\/product\\\/peneda-national-park-portugals-hidden-wilderness-11300g\\\/#primaryimage\"},\"image\":{\"@id\":\"https:\\\/\\\/legendatours.com\\\/product\\\/peneda-national-park-portugals-hidden-wilderness-11300g\\\/#primaryimage\"},\"thumbnailUrl\":\"https:\\\/\\\/legendatours.com\\\/wp-content\\\/uploads\\\/sites\\\/12\\\/2021\\\/04\\\/geres_moorland-e1611683199826.jpg\",\"datePublished\":\"2020-07-06T16:21:05+00:00\",\"dateModified\":\"2021-08-11T15:44:16+00:00\",\"breadcrumb\":{\"@id\":\"https:\\\/\\\/legendatours.com\\\/product\\\/peneda-national-park-portugals-hidden-wilderness-11300g\\\/#breadcrumb\"},\"inLanguage\":\"fr-FR\",\"potentialAction\":[{\"@type\":\"ReadAction\",\"target\":[\"https:\\\/\\\/legendatours.com\\\/product\\\/peneda-national-park-portugals-hidden-wilderness-11300g\\\/\"]}]},{\"@type\":\"ImageObject\",\"inLanguage\":\"fr-FR\",\"@id\":\"https:\\\/\\\/legendatours.com\\\/product\\\/peneda-national-park-portugals-hidden-wilderness-11300g\\\/#primaryimage\",\"url\":\"https:\\\/\\\/legendatours.com\\\/wp-content\\\/uploads\\\/sites\\\/12\\\/2021\\\/04\\\/geres_moorland-e1611683199826.jpg\",\"contentUrl\":\"https:\\\/\\\/legendatours.com\\\/wp-content\\\/uploads\\\/sites\\\/12\\\/2021\\\/04\\\/geres_moorland-e1611683199826.jpg\",\"width\":1024,\"height\":731,\"caption\":\"Group walking in Geres\"},{\"@type\":\"BreadcrumbList\",\"@id\":\"https:\\\/\\\/legendatours.com\\\/product\\\/peneda-national-park-portugals-hidden-wilderness-11300g\\\/#breadcrumb\",\"itemListElement\":[{\"@type\":\"ListItem\",\"position\":1,\"name\":\"Home\",\"item\":\"https:\\\/\\\/legendatours.com\\\/\"},{\"@type\":\"ListItem\",\"position\":2,\"name\":\"Shop\",\"item\":\"https:\\\/\\\/legendatours.com\\\/sv\\\/?page_id=4\"},{\"@type\":\"ListItem\",\"position\":3,\"name\":\"Walking in Peneda National Park: Portugal&#8217;s Hidden Wilderness\"}]},{\"@type\":\"WebSite\",\"@id\":\"https:\\\/\\\/legendatours.com\\\/#website\",\"url\":\"https:\\\/\\\/legendatours.com\\\/\",\"name\":\"Legendary Adventure DMC Portugal\",\"description\":\"Responsible Walking &amp; Nature Holidays in Portugal\",\"publisher\":{\"@id\":\"https:\\\/\\\/legendatours.com\\\/#organization\"},\"alternateName\":\"Legendary Adventure Portugal\",\"potentialAction\":[{\"@type\":\"SearchAction\",\"target\":{\"@type\":\"EntryPoint\",\"urlTemplate\":\"https:\\\/\\\/legendatours.com\\\/?s={search_term_string}\"},\"query-input\":{\"@type\":\"PropertyValueSpecification\",\"valueRequired\":true,\"valueName\":\"search_term_string\"}}],\"inLanguage\":\"fr-FR\"},{\"@type\":\"Organization\",\"@id\":\"https:\\\/\\\/legendatours.com\\\/#organization\",\"name\":\"legendatours.com\",\"url\":\"https:\\\/\\\/legendatours.com\\\/\",\"logo\":{\"@type\":\"ImageObject\",\"inLanguage\":\"fr-FR\",\"@id\":\"https:\\\/\\\/legendatours.com\\\/#\\\/schema\\\/logo\\\/image\\\/\",\"url\":\"https:\\\/\\\/legendatours.com\\\/wp-content\\\/uploads\\\/sites\\\/12\\\/2021\\\/06\\\/legendary_adventure_dmc.png\",\"contentUrl\":\"https:\\\/\\\/legendatours.com\\\/wp-content\\\/uploads\\\/sites\\\/12\\\/2021\\\/06\\\/legendary_adventure_dmc.png\",\"width\":250,\"height\":74,\"caption\":\"legendatours.com\"},\"image\":{\"@id\":\"https:\\\/\\\/legendatours.com\\\/#\\\/schema\\\/logo\\\/image\\\/\"},\"sameAs\":[\"https:\\\/\\\/www.facebook.com\\\/legendaryadventuredmc\\\/\",\"https:\\\/\\\/www.linkedin.com\\\/company\\\/legendary-adventure-dmc-portugal\",\"https:\\\/\\\/www.youtube.com\\\/channel\\\/UCOIRDx_KM6ynIcacQkZjb6g\"]}]}<\/script>\n<!-- \/ Yoast SEO Premium plugin. -->","yoast_head_json":{"title":"Randonn\u00e9e dans le parc national de Peneda\u00a0: la nature sauvage cach\u00e9e du Portugal\u00a0- Legendary Adventure DMC Portugal","robots":{"index":"index","follow":"follow","max-snippet":"max-snippet:-1","max-image-preview":"max-image-preview:large","max-video-preview":"max-video-preview:-1"},"canonical":"https:\/\/legendatours.com\/fr\/produit\/peneda-national-park-portugals-hidden-wilderness-11300g\/","og_locale":"fr_FR","og_type":"article","og_title":"Walking in Peneda National Park: Portugal's Hidden Wilderness","og_description":"A showcase of great landscapes, the Peneda-Ger\u00eas National Park is an exquisite environment of outstanding beauty.  In this high country the air is crystalline and the waters pure.  This national park contains some of the most beautiful and varied scenery found in the whole of the country and here you\u2019ll find an abundance of rare wildflowers, birds of prey, herds of wild horses, and other wildlife.","og_url":"https:\/\/legendatours.com\/fr\/produit\/peneda-national-park-portugals-hidden-wilderness-11300g\/","og_site_name":"Legendary Adventure DMC Portugal","article_publisher":"https:\/\/www.facebook.com\/legendaryadventuredmc\/","article_modified_time":"2021-08-11T15:44:16+00:00","og_image":[{"width":1024,"height":731,"url":"https:\/\/legendatours.com\/wp-content\/uploads\/sites\/12\/2021\/04\/geres_moorland-e1611683199826.jpg","type":"image\/jpeg"}],"twitter_card":"summary_large_image","twitter_misc":{"Dur\u00e9e de lecture estim\u00e9e":"2 minutes"},"schema":{"@context":"https:\/\/schema.org","@graph":[{"@type":"WebPage","@id":"https:\/\/legendatours.com\/product\/peneda-national-park-portugals-hidden-wilderness-11300g\/","url":"https:\/\/legendatours.com\/product\/peneda-national-park-portugals-hidden-wilderness-11300g\/","name":"Randonn\u00e9e dans le parc national de Peneda\u00a0: la nature sauvage cach\u00e9e du Portugal\u00a0- Legendary Adventure DMC Portugal","isPartOf":{"@id":"https:\/\/legendatours.com\/#website"},"primaryImageOfPage":{"@id":"https:\/\/legendatours.com\/product\/peneda-national-park-portugals-hidden-wilderness-11300g\/#primaryimage"},"image":{"@id":"https:\/\/legendatours.com\/product\/peneda-national-park-portugals-hidden-wilderness-11300g\/#primaryimage"},"thumbnailUrl":"https:\/\/legendatours.com\/wp-content\/uploads\/sites\/12\/2021\/04\/geres_moorland-e1611683199826.jpg","datePublished":"2020-07-06T16:21:05+00:00","dateModified":"2021-08-11T15:44:16+00:00","breadcrumb":{"@id":"https:\/\/legendatours.com\/product\/peneda-national-park-portugals-hidden-wilderness-11300g\/#breadcrumb"},"inLanguage":"fr-FR","potentialAction":[{"@type":"ReadAction","target":["https:\/\/legendatours.com\/product\/peneda-national-park-portugals-hidden-wilderness-11300g\/"]}]},{"@type":"ImageObject","inLanguage":"fr-FR","@id":"https:\/\/legendatours.com\/product\/peneda-national-park-portugals-hidden-wilderness-11300g\/#primaryimage","url":"https:\/\/legendatours.com\/wp-content\/uploads\/sites\/12\/2021\/04\/geres_moorland-e1611683199826.jpg","contentUrl":"https:\/\/legendatours.com\/wp-content\/uploads\/sites\/12\/2021\/04\/geres_moorland-e1611683199826.jpg","width":1024,"height":731,"caption":"Group walking in Geres"},{"@type":"BreadcrumbList","@id":"https:\/\/legendatours.com\/product\/peneda-national-park-portugals-hidden-wilderness-11300g\/#breadcrumb","itemListElement":[{"@type":"ListItem","position":1,"name":"Home","item":"https:\/\/legendatours.com\/"},{"@type":"ListItem","position":2,"name":"Shop","item":"https:\/\/legendatours.com\/sv\/?page_id=4"},{"@type":"ListItem","position":3,"name":"Walking in Peneda National Park: Portugal&#8217;s Hidden Wilderness"}]},{"@type":"WebSite","@id":"https:\/\/legendatours.com\/#website","url":"https:\/\/legendatours.com\/","name":"Aventure l\u00e9gendaire DMC Portugal","description":"Randonn\u00e9es responsables et vacances nature au Portugal","publisher":{"@id":"https:\/\/legendatours.com\/#organization"},"alternateName":"Legendary Adventure Portugal","potentialAction":[{"@type":"SearchAction","target":{"@type":"EntryPoint","urlTemplate":"https:\/\/legendatours.com\/?s={search_term_string}"},"query-input":{"@type":"PropertyValueSpecification","valueRequired":true,"valueName":"search_term_string"}}],"inLanguage":"fr-FR"},{"@type":"Organization","@id":"https:\/\/legendatours.com\/#organization","name":"legendatours.com","url":"https:\/\/legendatours.com\/","logo":{"@type":"ImageObject","inLanguage":"fr-FR","@id":"https:\/\/legendatours.com\/#\/schema\/logo\/image\/","url":"https:\/\/legendatours.com\/wp-content\/uploads\/sites\/12\/2021\/06\/legendary_adventure_dmc.png","contentUrl":"https:\/\/legendatours.com\/wp-content\/uploads\/sites\/12\/2021\/06\/legendary_adventure_dmc.png","width":250,"height":74,"caption":"legendatours.com"},"image":{"@id":"https:\/\/legendatours.com\/#\/schema\/logo\/image\/"},"sameAs":["https:\/\/www.facebook.com\/legendaryadventuredmc\/","https:\/\/www.linkedin.com\/company\/legendary-adventure-dmc-portugal","https:\/\/www.youtube.com\/channel\/UCOIRDx_KM6ynIcacQkZjb6g"]}]}},"_links":{"self":[{"href":"https:\/\/legendatours.com\/fr\/wp-json\/wp\/v2\/product\/7817","targetHints":{"allow":["GET"]}}],"collection":[{"href":"https:\/\/legendatours.com\/fr\/wp-json\/wp\/v2\/product"}],"about":[{"href":"https:\/\/legendatours.com\/fr\/wp-json\/wp\/v2\/types\/product"}],"replies":[{"embeddable":true,"href":"https:\/\/legendatours.com\/fr\/wp-json\/wp\/v2\/comments?post=7817"}],"wp:featuredmedia":[{"embeddable":true,"href":"https:\/\/legendatours.com\/fr\/wp-json\/wp\/v2\/media\/7656"}],"wp:attachment":[{"href":"https:\/\/legendatours.com\/fr\/wp-json\/wp\/v2\/media?parent=7817"}],"wp:term":[{"taxonomy":"product_brand","embeddable":true,"href":"https:\/\/legendatours.com\/fr\/wp-json\/wp\/v2\/product_brand?post=7817"},{"taxonomy":"product_cat","embeddable":true,"href":"https:\/\/legendatours.com\/fr\/wp-json\/wp\/v2\/product_cat?post=7817"},{"taxonomy":"product_tag","embeddable":true,"href":"https:\/\/legendatours.com\/fr\/wp-json\/wp\/v2\/product_tag?post=7817"}],"curies":[{"name":"wp","href":"https:\/\/api.w.org\/{rel}","templated":true}]}}