{"id":7849,"date":"2020-07-06T15:13:00","date_gmt":"2020-07-06T15:13:00","guid":{"rendered":"https:\/\/legendatours.com\/product\/holidays-in-carvoeiro-discover-the-west-algarve-walking-trails\/"},"modified":"2025-08-26T13:32:31","modified_gmt":"2025-08-26T13:32:31","slug":"carvoeiro-enchanted-algarve-coast-11002g","status":"publish","type":"product","link":"https:\/\/legendatours.com\/fr\/produit\/carvoeiro-enchanted-algarve-coast-11002g\/","title":{"rendered":"Vacances \u00e0 Carvoeiro: D\u00e9couvrez les sentiers de randonn\u00e9e de l&#039;ouest de l&#039;Algarve"},"content":{"rendered":"<p><strong>Groupes accept\u00e9s avec un minimum de 6 personnes.<\/strong><\/p>\n<p>&nbsp;<\/p>\n<p>Ceci est une visite \u00e0 pied pour ceux qui aiment explorer et \u00eatre surpris! Nous marcherons dans la verdure luxuriante des for\u00eats de l&#039;ouest de l&#039;Algarve, au sommet de magnifiques falaises sur fond d&#039;oc\u00e9an bleu et toujours dans des endroits incroyables pleins d&#039;animaux sauvages !<\/p>\n<p>Carvoeiro, notre centre pour cette semaine, \u00e9tait autrefois une petite ville de p\u00eacheurs. De nos jours, il prosp\u00e8re aupr\u00e8s des visiteurs \u00e0 la recherche de bons fruits de mer, d&#039;eaux bleues chaudes et de fabuleuses photographies de ses magnifiques paysages !<\/p>\n<div id=\"attachment_2623\" style=\"width: 1034px\" class=\"wp-caption alignnone\"><img loading=\"lazy\" decoding=\"async\" aria-describedby=\"caption-attachment-2623\" class=\"wp-image-2623 size-large\" title=\"Promenade des sept vall\u00e9es suspendues\" src=\"https:\/\/legendatours.net\/wp-content\/uploads\/2020\/06\/seven_hanging_valleys-1024x765.jpg\" alt=\"Seven Hanging Valleys Walk\" width=\"1024\" height=\"765\" \/><p id=\"caption-attachment-2623\" class=\"wp-caption-text\">Seven Hanging Valleys Walk, est un sentier c\u00f4tier pittoresque en Algarve, Portugal<\/p><\/div>\n<p>Pour cette semaine de marche, nous avons s\u00e9lectionn\u00e9 un m\u00e9lange de promenades \u00e0 travers des paysages c\u00f4tiers, montagneux et int\u00e9rieurs qui nous pr\u00e9senteront diff\u00e9rentes facettes de cette belle r\u00e9gion et de ses paysages vari\u00e9s.<\/p>\n<p>Des sections \u00abclassiques\u00bb de la c\u00f4te de l&#039;Algarve avec ses plages de sable parfaites et ses promontoires escarp\u00e9s de Portim\u00e3o aux splendides vieilles villes comme Silves et Lagos, les promenades de ce circuit nous emm\u00e8nent \u00e0 tous les bons endroits pour que nous puissions d\u00e9couvrir l&#039;immense accueil coeur de l&#039;Algarve.<\/p>\n<p>Notre offre vari\u00e9e s&#039;\u00e9tend des collines verdoyantes autour de la petite ville de Monchique o\u00f9 nous avons de belles vues sur les collines environnantes aux petits villages locaux o\u00f9 la vie professionnelle continue comme elle l&#039;a fait pendant des si\u00e8cles. Ici, la caroube et les olives sont cultiv\u00e9es dans des fermes et des petites exploitations, ainsi que des oranges et d&#039;autres agrumes, des grenades, des amandes et une abondance d&#039;autres produits.<\/p>\n<div id=\"attachment_1861\" style=\"width: 1034px\" class=\"wp-caption alignnone\"><img loading=\"lazy\" decoding=\"async\" aria-describedby=\"caption-attachment-1861\" class=\"wp-image-1861 size-large\" title=\"Vues spectaculaires depuis les falaises de l&#039;ouest de l&#039;Algarve\" src=\"https:\/\/legendatours.net\/wp-content\/uploads\/2020\/03\/Sagres_dramatic_views_cliffs-1024x686.jpg\" alt=\"Dramatic Views from West Algarve cliffs\" width=\"1024\" height=\"686\" \/><p id=\"caption-attachment-1861\" class=\"wp-caption-text\">Vues spectaculaires depuis les falaises de l&#039;ouest de l&#039;Algarve<\/p><\/div>\n<p>Notre recherche des joyaux cach\u00e9s de l&#039;ouest de l&#039;Algarve se poursuit alors que nous atteignons Sagres en bordure du Parque Natural da Costa Vicentina, le point le plus au sud-ouest de l&#039;Europe o\u00f9 il est possible d&#039;appr\u00e9cier et tr\u00e8s certainement de voir l&#039;abondance d&#039;oiseaux sur un des routes migratoires les plus importantes du printemps et de l&#039;automne.<\/p>\n<p>&nbsp;<\/p>\n<div class=\"row\" style=\"display: flex;\">\n<div class=\"column\" style=\"flex: 45%;\">\n<p><iframe loading=\"lazy\" title=\"Plage de Carvoeiro - Antenne Algar seco - Lagoa - Algarve - 4K Ultra HD\" width=\"1080\" height=\"608\" src=\"https:\/\/www.youtube.com\/embed\/0DDYlUwcxbM?feature=oembed\" frameborder=\"0\" allow=\"accelerometer; autoplay; clipboard-write; encrypted-media; gyroscope; picture-in-picture; web-share\" referrerpolicy=\"strict-origin-when-cross-origin\" allowfullscreen><\/iframe><\/p>\n<\/div>\n<div class=\"column\" style=\"flex: 10%;\"><\/div>\n<div class=\"column\" style=\"flex: 45%;\">\n<p><iframe loading=\"lazy\" title=\"Carvoeiro, Algarve Portugal HD\" width=\"1080\" height=\"608\" src=\"https:\/\/www.youtube.com\/embed\/hW0ngdLXx54?feature=oembed\" frameborder=\"0\" allow=\"accelerometer; autoplay; clipboard-write; encrypted-media; gyroscope; picture-in-picture; web-share\" referrerpolicy=\"strict-origin-when-cross-origin\" allowfullscreen><\/iframe><\/p>\n<\/div>\n<\/div>","protected":false},"excerpt":{"rendered":"<p>&quot;D\u00e9couvrez les sentiers de l&#039;ouest de l&#039;Algarve&quot; est une visite guid\u00e9e \u00e0 pied de 8 jours, bas\u00e9e \u00e0 Carvoeiro.<\/p>\n<p>Ceci est une visite \u00e0 pied pour ceux qui aiment explorer et \u00eatre surpris! Nous marcherons dans la verdure luxuriante des for\u00eats de l&#039;ouest de l&#039;Algarve, au sommet de magnifiques falaises sur fond d&#039;oc\u00e9an bleu et toujours dans des endroits incroyables pleins d&#039;animaux sauvages !<\/p>","protected":false},"featured_media":7846,"comment_status":"closed","ping_status":"closed","template":"","meta":{"_acf_changed":false,"inline_featured_image":false},"product_brand":[],"product_cat":[32,28,29,30,31],"product_tag":[147,646,631,647,648,632,633,402,634,649,636,85,130,90,91,637,270,638,609,650,639,1144,640,60,641,651,642,652,643,343,644,68,111,121,630,112,122,645,145],"class_list":{"0":"post-7849","1":"product","2":"type-product","3":"status-publish","4":"has-post-thumbnail","6":"product_cat-cultural-tours-and-holidays-in-portugal","7":"product_cat-guided-group-tours","8":"product_cat-portugal-guided-historical-holidays","9":"product_cat-guided-sightseeing-holidays-portugal","10":"product_cat-guided-walking-holidays-in-portugal","11":"product_tag-algarve","12":"product_tag-algarve-coast","13":"product_tag-algarve-rock-formations","14":"product_tag-algarve-secluded-beaches","15":"product_tag-algarve-spectacular-coastline","16":"product_tag-algarve-way","17":"product_tag-alvor","18":"product_tag-amazing-walking","19":"product_tag-cabo-de-s-vicente","20":"product_tag-carvoeiro","21":"product_tag-costa-vicentina","22":"product_tag-dramatic-cliffs","23":"product_tag-gastronomy","24":"product_tag-guided-walking-holidays","25":"product_tag-guided-walking-tours","26":"product_tag-impressive-cliffs","27":"product_tag-lagos","28":"product_tag-monchique","29":"product_tag-perfect-walking-holiday","30":"product_tag-picture-card","31":"product_tag-ponta-da-piedade","32":"product_tag-porti","33":"product_tag-portimao","34":"product_tag-portugal","35":"product_tag-praia-da-rocha","36":"product_tag-rocky-coastlines","37":"product_tag-sagres","38":"product_tag-senhora-da-rocha","39":"product_tag-seven-hanging-valleys-trail","40":"product_tag-silves","41":"product_tag-spectacular-cliffs","42":"product_tag-tours-in-portugal","43":"product_tag-vicentina-route","44":"product_tag-walking","45":"product_tag-walking-and-exploring","46":"product_tag-walking-holidays","47":"product_tag-walking-tours","48":"product_tag-west-algarve","49":"product_tag-wines","51":"first","52":"instock","53":"virtual","54":"product-type-simple"},"acf":[],"yoast_head":"<!-- This site is optimized with the Yoast SEO Premium plugin v26.8 (Yoast SEO v27.6) - https:\/\/yoast.com\/product\/yoast-seo-premium-wordpress\/ -->\n<title>Holidays in Carvoeiro: Discover the West Algarve Walking Trails - Legendary Adventure DMC Portugal<\/title>\n<meta name=\"robots\" content=\"index, follow, max-snippet:-1, max-image-preview:large, max-video-preview:-1\" \/>\n<link rel=\"canonical\" href=\"https:\/\/legendatours.com\/fr\/produit\/carvoeiro-enchanted-algarve-coast-11002g\/\" \/>\n<meta property=\"og:locale\" content=\"fr_FR\" \/>\n<meta property=\"og:type\" content=\"article\" \/>\n<meta property=\"og:title\" content=\"Holidays in Carvoeiro: Discover the West Algarve Walking Trails\" \/>\n<meta property=\"og:description\" content=\"&#039;Discover the West Algarve trails&#039; is an 8 day guided walking tour, based in Carvoeiro.  This is a walking tour for those who love to explore and be surprised! We\u00b4ll walk among the west Algarve\u2019s lush greenery of woodlands, on top of magnificent cliffs against a backdrop of ocean blue and always in amazing locations full of wildlife!\" \/>\n<meta property=\"og:url\" content=\"https:\/\/legendatours.com\/fr\/produit\/carvoeiro-enchanted-algarve-coast-11002g\/\" \/>\n<meta property=\"og:site_name\" content=\"Legendary Adventure DMC Portugal\" \/>\n<meta property=\"article:publisher\" content=\"https:\/\/www.facebook.com\/legendaryadventuredmc\/\" \/>\n<meta property=\"article:modified_time\" content=\"2025-08-26T13:32:31+00:00\" \/>\n<meta property=\"og:image\" content=\"https:\/\/legendatours.com\/wp-content\/uploads\/sites\/12\/2021\/04\/Walking-Carvoeiro-e1611668603179.jpg\" \/>\n\t<meta property=\"og:image:width\" content=\"1024\" \/>\n\t<meta property=\"og:image:height\" content=\"576\" \/>\n\t<meta property=\"og:image:type\" content=\"image\/jpeg\" \/>\n<meta name=\"twitter:card\" content=\"summary_large_image\" \/>\n<meta name=\"twitter:label1\" content=\"Dur\u00e9e de lecture estim\u00e9e\" \/>\n\t<meta name=\"twitter:data1\" content=\"2 minutes\" \/>\n<script type=\"application\/ld+json\" class=\"yoast-schema-graph\">{\"@context\":\"https:\\\/\\\/schema.org\",\"@graph\":[{\"@type\":\"WebPage\",\"@id\":\"https:\\\/\\\/legendatours.com\\\/product\\\/carvoeiro-enchanted-algarve-coast-11002g\\\/\",\"url\":\"https:\\\/\\\/legendatours.com\\\/product\\\/carvoeiro-enchanted-algarve-coast-11002g\\\/\",\"name\":\"Holidays in Carvoeiro: Discover the West Algarve Walking Trails - Legendary Adventure DMC Portugal\",\"isPartOf\":{\"@id\":\"https:\\\/\\\/legendatours.com\\\/#website\"},\"primaryImageOfPage\":{\"@id\":\"https:\\\/\\\/legendatours.com\\\/product\\\/carvoeiro-enchanted-algarve-coast-11002g\\\/#primaryimage\"},\"image\":{\"@id\":\"https:\\\/\\\/legendatours.com\\\/product\\\/carvoeiro-enchanted-algarve-coast-11002g\\\/#primaryimage\"},\"thumbnailUrl\":\"https:\\\/\\\/legendatours.com\\\/wp-content\\\/uploads\\\/sites\\\/12\\\/2021\\\/04\\\/Walking-Carvoeiro-e1611668603179.jpg\",\"datePublished\":\"2020-07-06T15:13:00+00:00\",\"dateModified\":\"2025-08-26T13:32:31+00:00\",\"breadcrumb\":{\"@id\":\"https:\\\/\\\/legendatours.com\\\/product\\\/carvoeiro-enchanted-algarve-coast-11002g\\\/#breadcrumb\"},\"inLanguage\":\"fr-FR\",\"potentialAction\":[{\"@type\":\"ReadAction\",\"target\":[\"https:\\\/\\\/legendatours.com\\\/product\\\/carvoeiro-enchanted-algarve-coast-11002g\\\/\"]}]},{\"@type\":\"ImageObject\",\"inLanguage\":\"fr-FR\",\"@id\":\"https:\\\/\\\/legendatours.com\\\/product\\\/carvoeiro-enchanted-algarve-coast-11002g\\\/#primaryimage\",\"url\":\"https:\\\/\\\/legendatours.com\\\/wp-content\\\/uploads\\\/sites\\\/12\\\/2021\\\/04\\\/Walking-Carvoeiro-e1611668603179.jpg\",\"contentUrl\":\"https:\\\/\\\/legendatours.com\\\/wp-content\\\/uploads\\\/sites\\\/12\\\/2021\\\/04\\\/Walking-Carvoeiro-e1611668603179.jpg\",\"width\":1024,\"height\":576,\"caption\":\"Walking Carvoeiro western Algarve\"},{\"@type\":\"BreadcrumbList\",\"@id\":\"https:\\\/\\\/legendatours.com\\\/product\\\/carvoeiro-enchanted-algarve-coast-11002g\\\/#breadcrumb\",\"itemListElement\":[{\"@type\":\"ListItem\",\"position\":1,\"name\":\"Home\",\"item\":\"https:\\\/\\\/legendatours.com\\\/\"},{\"@type\":\"ListItem\",\"position\":2,\"name\":\"Shop\",\"item\":\"https:\\\/\\\/legendatours.com\\\/sv\\\/?page_id=4\"},{\"@type\":\"ListItem\",\"position\":3,\"name\":\"Holidays in Carvoeiro: Discover the West Algarve Walking Trails\"}]},{\"@type\":\"WebSite\",\"@id\":\"https:\\\/\\\/legendatours.com\\\/#website\",\"url\":\"https:\\\/\\\/legendatours.com\\\/\",\"name\":\"Legendary Adventure DMC Portugal\",\"description\":\"Responsible Walking &amp; Nature Holidays in Portugal\",\"publisher\":{\"@id\":\"https:\\\/\\\/legendatours.com\\\/#organization\"},\"alternateName\":\"Legendary Adventure Portugal\",\"potentialAction\":[{\"@type\":\"SearchAction\",\"target\":{\"@type\":\"EntryPoint\",\"urlTemplate\":\"https:\\\/\\\/legendatours.com\\\/?s={search_term_string}\"},\"query-input\":{\"@type\":\"PropertyValueSpecification\",\"valueRequired\":true,\"valueName\":\"search_term_string\"}}],\"inLanguage\":\"fr-FR\"},{\"@type\":\"Organization\",\"@id\":\"https:\\\/\\\/legendatours.com\\\/#organization\",\"name\":\"legendatours.com\",\"url\":\"https:\\\/\\\/legendatours.com\\\/\",\"logo\":{\"@type\":\"ImageObject\",\"inLanguage\":\"fr-FR\",\"@id\":\"https:\\\/\\\/legendatours.com\\\/#\\\/schema\\\/logo\\\/image\\\/\",\"url\":\"https:\\\/\\\/legendatours.com\\\/wp-content\\\/uploads\\\/sites\\\/12\\\/2021\\\/06\\\/legendary_adventure_dmc.png\",\"contentUrl\":\"https:\\\/\\\/legendatours.com\\\/wp-content\\\/uploads\\\/sites\\\/12\\\/2021\\\/06\\\/legendary_adventure_dmc.png\",\"width\":250,\"height\":74,\"caption\":\"legendatours.com\"},\"image\":{\"@id\":\"https:\\\/\\\/legendatours.com\\\/#\\\/schema\\\/logo\\\/image\\\/\"},\"sameAs\":[\"https:\\\/\\\/www.facebook.com\\\/legendaryadventuredmc\\\/\",\"https:\\\/\\\/www.linkedin.com\\\/company\\\/legendary-adventure-dmc-portugal\",\"https:\\\/\\\/www.youtube.com\\\/channel\\\/UCOIRDx_KM6ynIcacQkZjb6g\"]}]}<\/script>\n<!-- \/ Yoast SEO Premium plugin. -->","yoast_head_json":{"title":"Vacances \u00e0 Carvoeiro: D\u00e9couvrez les sentiers de randonn\u00e9e de l&#039;ouest de l&#039;Algarve - Aventure l\u00e9gendaire DMC Portugal","robots":{"index":"index","follow":"follow","max-snippet":"max-snippet:-1","max-image-preview":"max-image-preview:large","max-video-preview":"max-video-preview:-1"},"canonical":"https:\/\/legendatours.com\/fr\/produit\/carvoeiro-enchanted-algarve-coast-11002g\/","og_locale":"fr_FR","og_type":"article","og_title":"Holidays in Carvoeiro: Discover the West Algarve Walking Trails","og_description":"'Discover the West Algarve trails' is an 8 day guided walking tour, based in Carvoeiro.  This is a walking tour for those who love to explore and be surprised! We\u00b4ll walk among the west Algarve\u2019s lush greenery of woodlands, on top of magnificent cliffs against a backdrop of ocean blue and always in amazing locations full of wildlife!","og_url":"https:\/\/legendatours.com\/fr\/produit\/carvoeiro-enchanted-algarve-coast-11002g\/","og_site_name":"Legendary Adventure DMC Portugal","article_publisher":"https:\/\/www.facebook.com\/legendaryadventuredmc\/","article_modified_time":"2025-08-26T13:32:31+00:00","og_image":[{"width":1024,"height":576,"url":"https:\/\/legendatours.com\/wp-content\/uploads\/sites\/12\/2021\/04\/Walking-Carvoeiro-e1611668603179.jpg","type":"image\/jpeg"}],"twitter_card":"summary_large_image","twitter_misc":{"Dur\u00e9e de lecture estim\u00e9e":"2 minutes"},"schema":{"@context":"https:\/\/schema.org","@graph":[{"@type":"WebPage","@id":"https:\/\/legendatours.com\/product\/carvoeiro-enchanted-algarve-coast-11002g\/","url":"https:\/\/legendatours.com\/product\/carvoeiro-enchanted-algarve-coast-11002g\/","name":"Vacances \u00e0 Carvoeiro: D\u00e9couvrez les sentiers de randonn\u00e9e de l&#039;ouest de l&#039;Algarve - Aventure l\u00e9gendaire DMC Portugal","isPartOf":{"@id":"https:\/\/legendatours.com\/#website"},"primaryImageOfPage":{"@id":"https:\/\/legendatours.com\/product\/carvoeiro-enchanted-algarve-coast-11002g\/#primaryimage"},"image":{"@id":"https:\/\/legendatours.com\/product\/carvoeiro-enchanted-algarve-coast-11002g\/#primaryimage"},"thumbnailUrl":"https:\/\/legendatours.com\/wp-content\/uploads\/sites\/12\/2021\/04\/Walking-Carvoeiro-e1611668603179.jpg","datePublished":"2020-07-06T15:13:00+00:00","dateModified":"2025-08-26T13:32:31+00:00","breadcrumb":{"@id":"https:\/\/legendatours.com\/product\/carvoeiro-enchanted-algarve-coast-11002g\/#breadcrumb"},"inLanguage":"fr-FR","potentialAction":[{"@type":"ReadAction","target":["https:\/\/legendatours.com\/product\/carvoeiro-enchanted-algarve-coast-11002g\/"]}]},{"@type":"ImageObject","inLanguage":"fr-FR","@id":"https:\/\/legendatours.com\/product\/carvoeiro-enchanted-algarve-coast-11002g\/#primaryimage","url":"https:\/\/legendatours.com\/wp-content\/uploads\/sites\/12\/2021\/04\/Walking-Carvoeiro-e1611668603179.jpg","contentUrl":"https:\/\/legendatours.com\/wp-content\/uploads\/sites\/12\/2021\/04\/Walking-Carvoeiro-e1611668603179.jpg","width":1024,"height":576,"caption":"Walking Carvoeiro western Algarve"},{"@type":"BreadcrumbList","@id":"https:\/\/legendatours.com\/product\/carvoeiro-enchanted-algarve-coast-11002g\/#breadcrumb","itemListElement":[{"@type":"ListItem","position":1,"name":"Home","item":"https:\/\/legendatours.com\/"},{"@type":"ListItem","position":2,"name":"Shop","item":"https:\/\/legendatours.com\/sv\/?page_id=4"},{"@type":"ListItem","position":3,"name":"Holidays in Carvoeiro: Discover the West Algarve Walking Trails"}]},{"@type":"WebSite","@id":"https:\/\/legendatours.com\/#website","url":"https:\/\/legendatours.com\/","name":"Aventure l\u00e9gendaire DMC Portugal","description":"Randonn\u00e9es responsables et vacances nature au Portugal","publisher":{"@id":"https:\/\/legendatours.com\/#organization"},"alternateName":"Legendary Adventure Portugal","potentialAction":[{"@type":"SearchAction","target":{"@type":"EntryPoint","urlTemplate":"https:\/\/legendatours.com\/?s={search_term_string}"},"query-input":{"@type":"PropertyValueSpecification","valueRequired":true,"valueName":"search_term_string"}}],"inLanguage":"fr-FR"},{"@type":"Organization","@id":"https:\/\/legendatours.com\/#organization","name":"legendatours.com","url":"https:\/\/legendatours.com\/","logo":{"@type":"ImageObject","inLanguage":"fr-FR","@id":"https:\/\/legendatours.com\/#\/schema\/logo\/image\/","url":"https:\/\/legendatours.com\/wp-content\/uploads\/sites\/12\/2021\/06\/legendary_adventure_dmc.png","contentUrl":"https:\/\/legendatours.com\/wp-content\/uploads\/sites\/12\/2021\/06\/legendary_adventure_dmc.png","width":250,"height":74,"caption":"legendatours.com"},"image":{"@id":"https:\/\/legendatours.com\/#\/schema\/logo\/image\/"},"sameAs":["https:\/\/www.facebook.com\/legendaryadventuredmc\/","https:\/\/www.linkedin.com\/company\/legendary-adventure-dmc-portugal","https:\/\/www.youtube.com\/channel\/UCOIRDx_KM6ynIcacQkZjb6g"]}]}},"_links":{"self":[{"href":"https:\/\/legendatours.com\/fr\/wp-json\/wp\/v2\/product\/7849","targetHints":{"allow":["GET"]}}],"collection":[{"href":"https:\/\/legendatours.com\/fr\/wp-json\/wp\/v2\/product"}],"about":[{"href":"https:\/\/legendatours.com\/fr\/wp-json\/wp\/v2\/types\/product"}],"replies":[{"embeddable":true,"href":"https:\/\/legendatours.com\/fr\/wp-json\/wp\/v2\/comments?post=7849"}],"wp:featuredmedia":[{"embeddable":true,"href":"https:\/\/legendatours.com\/fr\/wp-json\/wp\/v2\/media\/7846"}],"wp:attachment":[{"href":"https:\/\/legendatours.com\/fr\/wp-json\/wp\/v2\/media?parent=7849"}],"wp:term":[{"taxonomy":"product_brand","embeddable":true,"href":"https:\/\/legendatours.com\/fr\/wp-json\/wp\/v2\/product_brand?post=7849"},{"taxonomy":"product_cat","embeddable":true,"href":"https:\/\/legendatours.com\/fr\/wp-json\/wp\/v2\/product_cat?post=7849"},{"taxonomy":"product_tag","embeddable":true,"href":"https:\/\/legendatours.com\/fr\/wp-json\/wp\/v2\/product_tag?post=7849"}],"curies":[{"name":"wp","href":"https:\/\/api.w.org\/{rel}","templated":true}]}}