{"id":7850,"date":"2020-07-06T14:40:01","date_gmt":"2020-07-06T14:40:01","guid":{"rendered":"https:\/\/legendatours.com\/product\/walking-in-portimao-lagos-enchanted-west-algarve\/"},"modified":"2023-08-22T14:57:54","modified_gmt":"2023-08-22T14:57:54","slug":"portimao-and-lagos-enchanted-west-algarve-11001g","status":"publish","type":"product","link":"https:\/\/legendatours.com\/fr\/produit\/portimao-and-lagos-enchanted-west-algarve-11001g\/","title":{"rendered":"Balade \u00e0 Portim\u00e3o &amp; Lagos: Algarve Ouest enchant\u00e9"},"content":{"rendered":"<p><strong>Groupes accept\u00e9s avec un minimum de 6 personnes.<\/strong><\/p>\n<p>&nbsp;<\/p>\n<p>L&#039;ouest de l&#039;Algarve est un contraste complet avec l&#039;est de l&#039;Algarve, et nos promenades tout au long de ce circuit offrent un m\u00e9lange glorieux de paysages c\u00f4tiers, montagneux et int\u00e9rieurs.<\/p>\n<p>La g\u00e9ologie vari\u00e9e de l&#039;ouest de l&#039;Algarve produit une riche diversit\u00e9 de paysages, des montagnes granitiques aux spectaculaires escarpements calcaires et falaises maritimes. Cette diversit\u00e9 est compl\u00e9t\u00e9e par la flore et la faune locales qui s&#039;\u00e9panouissent dans le climat \u00e9gal des hivers doux et ensoleill\u00e9s et des \u00e9t\u00e9s longs et chauds. Tout cela, combin\u00e9, rend la promenade ici fascinante.<\/p>\n<div id=\"attachment_1855\" style=\"width: 1034px\" class=\"wp-caption alignnone\"><img loading=\"lazy\" decoding=\"async\" aria-describedby=\"caption-attachment-1855\" class=\"wp-image-1855 size-large\" title=\"Ville attrayante au bord de l&#039;eau de Lagos qui \u00e9tait une importante colonie romaine\" src=\"https:\/\/legendatours.net\/wp-content\/uploads\/2020\/03\/Lagos-waterfront-2-1024x686.jpg\" alt=\"Lagos waterfront attractive town that was an important Roman settlement\" width=\"1024\" height=\"686\" \/><p id=\"caption-attachment-1855\" class=\"wp-caption-text\">Ville attrayante au bord de l&#039;eau de Lagos qui \u00e9tait une importante colonie romaine<\/p><\/div>\n<p>Les promenades de ce circuit nous emm\u00e8nent dans tous les bons endroits afin que nous puissions d\u00e9couvrir l&#039;immense c\u0153ur accueillant de l&#039;Algarve.<\/p>\n<p>Des sections \u00abclassiques\u00bb de la c\u00f4te de l&#039;Algarve, nous admirons les plages de sable parfaites et les promontoires accident\u00e9s avec des piles de roches et des arches, dont la spectaculaire Ponta da Piedade, juste \u00e0 l&#039;ext\u00e9rieur de Lagos.<\/p>\n<p>Nous avons l&#039;occasion d&#039;explorer des promenades \u00e0 l&#039;int\u00e9rieur des terres qui m\u00e8nent \u00e0 des secrets cach\u00e9s comme Silves, l&#039;une des plus anciennes villes du Portugal, construite en une s\u00e9rie de terrasses entre la rivi\u00e8re et le ch\u00e2teau.<\/p>\n<div id=\"attachment_1917\" style=\"width: 1034px\" class=\"wp-caption alignnone\"><img loading=\"lazy\" decoding=\"async\" aria-describedby=\"caption-attachment-1917\" class=\"wp-image-1917 size-large\" title=\"Ponta da Piedade o\u00f9 se trouvent les c\u00e9l\u00e8bres grottes marines\" src=\"https:\/\/legendatours.net\/wp-content\/uploads\/2020\/03\/Views_cliffs_WestAlgarve_Walk-1024x701.jpg\" alt=\"Ponta da Piedade where the famous sea caves are to be found\" width=\"1024\" height=\"701\" \/><p id=\"caption-attachment-1917\" class=\"wp-caption-text\">Ponta da Piedade o\u00f9 se trouvent les c\u00e9l\u00e8bres grottes marines<\/p><\/div>\n<p>Nous continuerons notre recherche des joyaux cach\u00e9s de l&#039;ouest de l&#039;Algarve avec une promenade c\u00f4ti\u00e8re \u00e0 partir de la station baln\u00e9aire de Luz en direction de Lagos, avec le temps de visiter cette jolie ville historique. En rentrant \u00e0 l&#039;int\u00e9rieur des terres, nous aurons une agr\u00e9able promenade \u00e0 travers quelques villages typiques de l&#039;Algarve, nous permettant de voir l&#039;Algarve sous sa forme la plus rurale.<\/p>\n<p>Enfin, nous nous dirigerons vers le bord de l&#039;Europe, \u00e0 Sagres. Une promenade dans le Parque Natural da Costa Vicentina, le point le plus au sud-ouest de l&#039;Europe o\u00f9 il est possible d&#039;appr\u00e9cier l&#039;abondance des oiseaux sur l&#039;une des routes migratoires les plus importantes d&#039;Europe. Cette visite \u00e0 pied accompagn\u00e9e est dirig\u00e9e par un guide local professionnel.<\/p>\n<p><iframe loading=\"lazy\" title=\"Algarve Visto do Ar - Concelho de Portim\u00e3o\" width=\"1080\" height=\"608\" src=\"https:\/\/www.youtube.com\/embed\/3oQNarcw8qo?feature=oembed\" frameborder=\"0\" allow=\"accelerometer; autoplay; clipboard-write; encrypted-media; gyroscope; picture-in-picture; web-share\" allowfullscreen><\/iframe><\/p>\n<p><iframe loading=\"lazy\" title=\"Algarve Visto do Ar - Concelho de Lagos\" width=\"1080\" height=\"608\" src=\"https:\/\/www.youtube.com\/embed\/ZY-lBUmDab4?feature=oembed\" frameborder=\"0\" allow=\"accelerometer; autoplay; clipboard-write; encrypted-media; gyroscope; picture-in-picture; web-share\" allowfullscreen><\/iframe><\/p>","protected":false},"excerpt":{"rendered":"<p>L&#039;ouest de l&#039;Algarve est un contraste complet avec l&#039;est de l&#039;Algarve, et nos promenades tout au long de ce circuit offrent un m\u00e9lange glorieux de paysages c\u00f4tiers, montagneux et int\u00e9rieurs.<\/p>","protected":false},"featured_media":7835,"comment_status":"closed","ping_status":"closed","template":"","meta":{"_acf_changed":false,"inline_featured_image":false},"product_brand":[],"product_cat":[32,28,29,30,31],"product_tag":[632,633,402,634,636,85,86,130,90,91,637,270,638,639,640,60,407,641,642,643,343,653,644,68,111,121,630,112,600,122,645,145],"class_list":{"0":"post-7850","1":"product","2":"type-product","3":"status-publish","4":"has-post-thumbnail","6":"product_cat-cultural-tours-and-holidays-in-portugal","7":"product_cat-guided-group-tours","8":"product_cat-portugal-guided-historical-holidays","9":"product_cat-guided-sightseeing-holidays-portugal","10":"product_cat-guided-walking-holidays-in-portugal","11":"product_tag-algarve-way","12":"product_tag-alvor","13":"product_tag-amazing-walking","14":"product_tag-cabo-de-s-vicente","15":"product_tag-costa-vicentina","16":"product_tag-dramatic-cliffs","17":"product_tag-fabulous-walks-along-the-coast","18":"product_tag-gastronomy","19":"product_tag-guided-walking-holidays","20":"product_tag-guided-walking-tours","21":"product_tag-impressive-cliffs","22":"product_tag-lagos","23":"product_tag-monchique","24":"product_tag-ponta-da-piedade","25":"product_tag-portimao","26":"product_tag-portugal","27":"product_tag-portugal-perfect-walking-holiday","28":"product_tag-praia-da-rocha","29":"product_tag-sagres","30":"product_tag-seven-hanging-valleys-trail","31":"product_tag-silves","32":"product_tag-slave-market-lagos","33":"product_tag-spectacular-cliffs","34":"product_tag-tours-in-portugal","35":"product_tag-vicentina-route","36":"product_tag-walking","37":"product_tag-walking-and-exploring","38":"product_tag-walking-holidays","39":"product_tag-walking-route","40":"product_tag-walking-tours","41":"product_tag-west-algarve","42":"product_tag-wines","44":"first","45":"instock","46":"virtual","47":"product-type-simple"},"acf":[],"yoast_head":"<!-- This site is optimized with the Yoast SEO Premium plugin v26.8 (Yoast SEO v27.4) - https:\/\/yoast.com\/product\/yoast-seo-premium-wordpress\/ -->\n<title>Walking in Portim\u00e3o &amp; Lagos: Enchanted West Algarve<\/title>\n<meta name=\"description\" content=\"The western Algarve is a complete contrast to the eastern Algarve, and our walks throughout this tour offer a glorious mix of coastal, mountain, and inland scenery.\" \/>\n<meta name=\"robots\" content=\"index, follow, max-snippet:-1, max-image-preview:large, max-video-preview:-1\" \/>\n<link rel=\"canonical\" href=\"https:\/\/legendatours.com\/fr\/produit\/portimao-and-lagos-enchanted-west-algarve-11001g\/\" \/>\n<meta property=\"og:locale\" content=\"fr_FR\" \/>\n<meta property=\"og:type\" content=\"article\" \/>\n<meta property=\"og:title\" content=\"Walking in Portim\u00e3o &amp; Lagos: Enchanted West Algarve\" \/>\n<meta property=\"og:description\" content=\"The western Algarve is a complete contrast to the eastern Algarve, and our walks throughout this tour offer a glorious mix of coastal, mountain, and inland scenery.\" \/>\n<meta property=\"og:url\" content=\"https:\/\/legendatours.com\/fr\/produit\/portimao-and-lagos-enchanted-west-algarve-11001g\/\" \/>\n<meta property=\"og:site_name\" content=\"Legendary Adventure DMC Portugal\" \/>\n<meta property=\"article:publisher\" content=\"https:\/\/www.facebook.com\/legendaryadventuredmc\/\" \/>\n<meta property=\"article:modified_time\" content=\"2023-08-22T14:57:54+00:00\" \/>\n<meta property=\"og:image\" content=\"https:\/\/legendatours.com\/wp-content\/uploads\/sites\/12\/2021\/04\/seven_hanging_valleys-e1611688106777.jpg\" \/>\n\t<meta property=\"og:image:width\" content=\"1024\" \/>\n\t<meta property=\"og:image:height\" content=\"765\" \/>\n\t<meta property=\"og:image:type\" content=\"image\/jpeg\" \/>\n<meta name=\"twitter:card\" content=\"summary_large_image\" \/>\n<meta name=\"twitter:label1\" content=\"Dur\u00e9e de lecture estim\u00e9e\" \/>\n\t<meta name=\"twitter:data1\" content=\"2 minutes\" \/>\n<script type=\"application\/ld+json\" class=\"yoast-schema-graph\">{\"@context\":\"https:\\\/\\\/schema.org\",\"@graph\":[{\"@type\":\"WebPage\",\"@id\":\"https:\\\/\\\/legendatours.com\\\/product\\\/portimao-and-lagos-enchanted-west-algarve-11001g\\\/\",\"url\":\"https:\\\/\\\/legendatours.com\\\/product\\\/portimao-and-lagos-enchanted-west-algarve-11001g\\\/\",\"name\":\"Walking in Portim\u00e3o &amp; Lagos: Enchanted West Algarve\",\"isPartOf\":{\"@id\":\"https:\\\/\\\/legendatours.com\\\/#website\"},\"primaryImageOfPage\":{\"@id\":\"https:\\\/\\\/legendatours.com\\\/product\\\/portimao-and-lagos-enchanted-west-algarve-11001g\\\/#primaryimage\"},\"image\":{\"@id\":\"https:\\\/\\\/legendatours.com\\\/product\\\/portimao-and-lagos-enchanted-west-algarve-11001g\\\/#primaryimage\"},\"thumbnailUrl\":\"https:\\\/\\\/legendatours.com\\\/wp-content\\\/uploads\\\/sites\\\/12\\\/2021\\\/04\\\/seven_hanging_valleys-e1611688106777.jpg\",\"datePublished\":\"2020-07-06T14:40:01+00:00\",\"dateModified\":\"2023-08-22T14:57:54+00:00\",\"description\":\"The western Algarve is a complete contrast to the eastern Algarve, and our walks throughout this tour offer a glorious mix of coastal, mountain, and inland scenery.\",\"breadcrumb\":{\"@id\":\"https:\\\/\\\/legendatours.com\\\/product\\\/portimao-and-lagos-enchanted-west-algarve-11001g\\\/#breadcrumb\"},\"inLanguage\":\"fr-FR\",\"potentialAction\":[{\"@type\":\"ReadAction\",\"target\":[\"https:\\\/\\\/legendatours.com\\\/product\\\/portimao-and-lagos-enchanted-west-algarve-11001g\\\/\"]}]},{\"@type\":\"ImageObject\",\"inLanguage\":\"fr-FR\",\"@id\":\"https:\\\/\\\/legendatours.com\\\/product\\\/portimao-and-lagos-enchanted-west-algarve-11001g\\\/#primaryimage\",\"url\":\"https:\\\/\\\/legendatours.com\\\/wp-content\\\/uploads\\\/sites\\\/12\\\/2021\\\/04\\\/seven_hanging_valleys-e1611688106777.jpg\",\"contentUrl\":\"https:\\\/\\\/legendatours.com\\\/wp-content\\\/uploads\\\/sites\\\/12\\\/2021\\\/04\\\/seven_hanging_valleys-e1611688106777.jpg\",\"width\":1024,\"height\":765,\"caption\":\"Seven Hanging Valleys Walk\"},{\"@type\":\"BreadcrumbList\",\"@id\":\"https:\\\/\\\/legendatours.com\\\/product\\\/portimao-and-lagos-enchanted-west-algarve-11001g\\\/#breadcrumb\",\"itemListElement\":[{\"@type\":\"ListItem\",\"position\":1,\"name\":\"Home\",\"item\":\"https:\\\/\\\/legendatours.com\\\/\"},{\"@type\":\"ListItem\",\"position\":2,\"name\":\"Shop\",\"item\":\"https:\\\/\\\/legendatours.com\\\/sv\\\/?page_id=4\"},{\"@type\":\"ListItem\",\"position\":3,\"name\":\"Walking in Portim\u00e3o &amp; Lagos: Enchanted West Algarve\"}]},{\"@type\":\"WebSite\",\"@id\":\"https:\\\/\\\/legendatours.com\\\/#website\",\"url\":\"https:\\\/\\\/legendatours.com\\\/\",\"name\":\"Legendary Adventure DMC Portugal\",\"description\":\"Responsible Walking &amp; Nature Holidays in Portugal\",\"publisher\":{\"@id\":\"https:\\\/\\\/legendatours.com\\\/#organization\"},\"alternateName\":\"Legendary Adventure Portugal\",\"potentialAction\":[{\"@type\":\"SearchAction\",\"target\":{\"@type\":\"EntryPoint\",\"urlTemplate\":\"https:\\\/\\\/legendatours.com\\\/?s={search_term_string}\"},\"query-input\":{\"@type\":\"PropertyValueSpecification\",\"valueRequired\":true,\"valueName\":\"search_term_string\"}}],\"inLanguage\":\"fr-FR\"},{\"@type\":\"Organization\",\"@id\":\"https:\\\/\\\/legendatours.com\\\/#organization\",\"name\":\"legendatours.com\",\"url\":\"https:\\\/\\\/legendatours.com\\\/\",\"logo\":{\"@type\":\"ImageObject\",\"inLanguage\":\"fr-FR\",\"@id\":\"https:\\\/\\\/legendatours.com\\\/#\\\/schema\\\/logo\\\/image\\\/\",\"url\":\"https:\\\/\\\/legendatours.com\\\/wp-content\\\/uploads\\\/sites\\\/12\\\/2021\\\/06\\\/legendary_adventure_dmc.png\",\"contentUrl\":\"https:\\\/\\\/legendatours.com\\\/wp-content\\\/uploads\\\/sites\\\/12\\\/2021\\\/06\\\/legendary_adventure_dmc.png\",\"width\":250,\"height\":74,\"caption\":\"legendatours.com\"},\"image\":{\"@id\":\"https:\\\/\\\/legendatours.com\\\/#\\\/schema\\\/logo\\\/image\\\/\"},\"sameAs\":[\"https:\\\/\\\/www.facebook.com\\\/legendaryadventuredmc\\\/\",\"https:\\\/\\\/www.linkedin.com\\\/company\\\/legendary-adventure-dmc-portugal\",\"https:\\\/\\\/www.youtube.com\\\/channel\\\/UCOIRDx_KM6ynIcacQkZjb6g\"]}]}<\/script>\n<!-- \/ Yoast SEO Premium plugin. -->","yoast_head_json":{"title":"Balade \u00e0 Portim\u00e3o &amp; Lagos: Algarve Ouest enchant\u00e9","description":"L&#039;ouest de l&#039;Algarve est un contraste complet avec l&#039;est de l&#039;Algarve, et nos promenades tout au long de ce circuit offrent un m\u00e9lange glorieux de paysages c\u00f4tiers, montagneux et int\u00e9rieurs.","robots":{"index":"index","follow":"follow","max-snippet":"max-snippet:-1","max-image-preview":"max-image-preview:large","max-video-preview":"max-video-preview:-1"},"canonical":"https:\/\/legendatours.com\/fr\/produit\/portimao-and-lagos-enchanted-west-algarve-11001g\/","og_locale":"fr_FR","og_type":"article","og_title":"Walking in Portim\u00e3o &amp; Lagos: Enchanted West Algarve","og_description":"The western Algarve is a complete contrast to the eastern Algarve, and our walks throughout this tour offer a glorious mix of coastal, mountain, and inland scenery.","og_url":"https:\/\/legendatours.com\/fr\/produit\/portimao-and-lagos-enchanted-west-algarve-11001g\/","og_site_name":"Legendary Adventure DMC Portugal","article_publisher":"https:\/\/www.facebook.com\/legendaryadventuredmc\/","article_modified_time":"2023-08-22T14:57:54+00:00","og_image":[{"width":1024,"height":765,"url":"https:\/\/legendatours.com\/wp-content\/uploads\/sites\/12\/2021\/04\/seven_hanging_valleys-e1611688106777.jpg","type":"image\/jpeg"}],"twitter_card":"summary_large_image","twitter_misc":{"Dur\u00e9e de lecture estim\u00e9e":"2 minutes"},"schema":{"@context":"https:\/\/schema.org","@graph":[{"@type":"WebPage","@id":"https:\/\/legendatours.com\/product\/portimao-and-lagos-enchanted-west-algarve-11001g\/","url":"https:\/\/legendatours.com\/product\/portimao-and-lagos-enchanted-west-algarve-11001g\/","name":"Balade \u00e0 Portim\u00e3o &amp; Lagos: Algarve Ouest enchant\u00e9","isPartOf":{"@id":"https:\/\/legendatours.com\/#website"},"primaryImageOfPage":{"@id":"https:\/\/legendatours.com\/product\/portimao-and-lagos-enchanted-west-algarve-11001g\/#primaryimage"},"image":{"@id":"https:\/\/legendatours.com\/product\/portimao-and-lagos-enchanted-west-algarve-11001g\/#primaryimage"},"thumbnailUrl":"https:\/\/legendatours.com\/wp-content\/uploads\/sites\/12\/2021\/04\/seven_hanging_valleys-e1611688106777.jpg","datePublished":"2020-07-06T14:40:01+00:00","dateModified":"2023-08-22T14:57:54+00:00","description":"L&#039;ouest de l&#039;Algarve est un contraste complet avec l&#039;est de l&#039;Algarve, et nos promenades tout au long de ce circuit offrent un m\u00e9lange glorieux de paysages c\u00f4tiers, montagneux et int\u00e9rieurs.","breadcrumb":{"@id":"https:\/\/legendatours.com\/product\/portimao-and-lagos-enchanted-west-algarve-11001g\/#breadcrumb"},"inLanguage":"fr-FR","potentialAction":[{"@type":"ReadAction","target":["https:\/\/legendatours.com\/product\/portimao-and-lagos-enchanted-west-algarve-11001g\/"]}]},{"@type":"ImageObject","inLanguage":"fr-FR","@id":"https:\/\/legendatours.com\/product\/portimao-and-lagos-enchanted-west-algarve-11001g\/#primaryimage","url":"https:\/\/legendatours.com\/wp-content\/uploads\/sites\/12\/2021\/04\/seven_hanging_valleys-e1611688106777.jpg","contentUrl":"https:\/\/legendatours.com\/wp-content\/uploads\/sites\/12\/2021\/04\/seven_hanging_valleys-e1611688106777.jpg","width":1024,"height":765,"caption":"Seven Hanging Valleys Walk"},{"@type":"BreadcrumbList","@id":"https:\/\/legendatours.com\/product\/portimao-and-lagos-enchanted-west-algarve-11001g\/#breadcrumb","itemListElement":[{"@type":"ListItem","position":1,"name":"Home","item":"https:\/\/legendatours.com\/"},{"@type":"ListItem","position":2,"name":"Shop","item":"https:\/\/legendatours.com\/sv\/?page_id=4"},{"@type":"ListItem","position":3,"name":"Walking in Portim\u00e3o &amp; Lagos: Enchanted West Algarve"}]},{"@type":"WebSite","@id":"https:\/\/legendatours.com\/#website","url":"https:\/\/legendatours.com\/","name":"Aventure l\u00e9gendaire DMC Portugal","description":"Randonn\u00e9es responsables et vacances nature au Portugal","publisher":{"@id":"https:\/\/legendatours.com\/#organization"},"alternateName":"Legendary Adventure Portugal","potentialAction":[{"@type":"SearchAction","target":{"@type":"EntryPoint","urlTemplate":"https:\/\/legendatours.com\/?s={search_term_string}"},"query-input":{"@type":"PropertyValueSpecification","valueRequired":true,"valueName":"search_term_string"}}],"inLanguage":"fr-FR"},{"@type":"Organization","@id":"https:\/\/legendatours.com\/#organization","name":"legendatours.com","url":"https:\/\/legendatours.com\/","logo":{"@type":"ImageObject","inLanguage":"fr-FR","@id":"https:\/\/legendatours.com\/#\/schema\/logo\/image\/","url":"https:\/\/legendatours.com\/wp-content\/uploads\/sites\/12\/2021\/06\/legendary_adventure_dmc.png","contentUrl":"https:\/\/legendatours.com\/wp-content\/uploads\/sites\/12\/2021\/06\/legendary_adventure_dmc.png","width":250,"height":74,"caption":"legendatours.com"},"image":{"@id":"https:\/\/legendatours.com\/#\/schema\/logo\/image\/"},"sameAs":["https:\/\/www.facebook.com\/legendaryadventuredmc\/","https:\/\/www.linkedin.com\/company\/legendary-adventure-dmc-portugal","https:\/\/www.youtube.com\/channel\/UCOIRDx_KM6ynIcacQkZjb6g"]}]}},"_links":{"self":[{"href":"https:\/\/legendatours.com\/fr\/wp-json\/wp\/v2\/product\/7850","targetHints":{"allow":["GET"]}}],"collection":[{"href":"https:\/\/legendatours.com\/fr\/wp-json\/wp\/v2\/product"}],"about":[{"href":"https:\/\/legendatours.com\/fr\/wp-json\/wp\/v2\/types\/product"}],"replies":[{"embeddable":true,"href":"https:\/\/legendatours.com\/fr\/wp-json\/wp\/v2\/comments?post=7850"}],"wp:featuredmedia":[{"embeddable":true,"href":"https:\/\/legendatours.com\/fr\/wp-json\/wp\/v2\/media\/7835"}],"wp:attachment":[{"href":"https:\/\/legendatours.com\/fr\/wp-json\/wp\/v2\/media?parent=7850"}],"wp:term":[{"taxonomy":"product_brand","embeddable":true,"href":"https:\/\/legendatours.com\/fr\/wp-json\/wp\/v2\/product_brand?post=7850"},{"taxonomy":"product_cat","embeddable":true,"href":"https:\/\/legendatours.com\/fr\/wp-json\/wp\/v2\/product_cat?post=7850"},{"taxonomy":"product_tag","embeddable":true,"href":"https:\/\/legendatours.com\/fr\/wp-json\/wp\/v2\/product_tag?post=7850"}],"curies":[{"name":"wp","href":"https:\/\/api.w.org\/{rel}","templated":true}]}}