{"id":7863,"date":"2020-07-06T10:45:34","date_gmt":"2020-07-06T10:45:34","guid":{"rendered":"https:\/\/legendatours.com\/product\/portugals-costa-verde-walking\/"},"modified":"2021-08-11T16:00:34","modified_gmt":"2021-08-11T16:00:34","slug":"portugals-costa-verde-1800g","status":"publish","type":"product","link":"https:\/\/legendatours.com\/fr\/produit\/portugals-costa-verde-1800g\/","title":{"rendered":"Marcher sur la Costa Verde au Portugal"},"content":{"rendered":"<p><strong>Groupes accept\u00e9s avec un minimum de 6 personnes.<\/strong><\/p>\n<p>&nbsp;<\/p>\n<p>Bas\u00e9e sur la magnifique Costa Verde (c\u00f4te verte), c\u00e9l\u00e8bre pour ses montagnes, sa campagne verdoyante, ses belles plages et son &quot;Vinho Verde&quot;, c&#039;est une destination captivante et inoubliable.<\/p>\n<p>Nos promenades ici comprendront certaines des plus belles c\u00f4tes du Portugal, serpenteront \u00e0 travers les villages classiques du Minho et les vall\u00e9es pastorales luxuriantes.<\/p>\n<div id=\"attachment_2563\" style=\"width: 1034px\" class=\"wp-caption alignnone\"><img loading=\"lazy\" decoding=\"async\" aria-describedby=\"caption-attachment-2563\" class=\"wp-image-2563 size-large\" title=\"Balade \u00e0 Vila Praia \u00e2ncora\" src=\"https:\/\/legendatours.net\/wp-content\/uploads\/2020\/06\/Vila_praia_ancora_walk-1024x597.jpg\" alt=\"Walking in Vila Praia \u00e2ncora\" width=\"1024\" height=\"597\" \/><p id=\"caption-attachment-2563\" class=\"wp-caption-text\">Balade \u00e0 Vila Praia \u00e2ncora<\/p><\/div>\n<p>Nous explorerons les montagnes spectaculaires de la Serra d&#039;Arga o\u00f9 des chevaux sauvages errent parmi les affleurements de granit sauvage.<\/p>\n<p>Nous traverserons le fleuve Minho jusqu&#039;\u00e0 la s\u0153ur du Portugal, la Galice, pour monter au sanctuaire de Santa Tecla o\u00f9 l&#039;histoire celtique prend vie.<\/p>\n<p>Des journ\u00e9es libres peuvent \u00eatre consacr\u00e9es \u00e0 l&#039;exploration de Viana do Castelo, la perle du Nord, ou prendre le train jusqu&#039;\u00e0 la vall\u00e9e de la rivi\u00e8re Minho pour visiter les villes jumelles de Valen\u00e7a et Tuy en se regardant de l&#039;autre c\u00f4t\u00e9 de la rivi\u00e8re ou nous pouvons visiter la ville de Caminha, \u00e0 quelques kilom\u00e8tres au nord de Vila Praia de Ancora, avec son ancienne place centrale bord\u00e9e de terrasses de caf\u00e9s, le r\u00e9seau de rues m\u00e9di\u00e9vales qui en rayonne et, le mercredi, un march\u00e9 hebdomadaire anim\u00e9 attirant les habitants de tous les villages environnants.<\/p>\n<div id=\"attachment_2758\" style=\"width: 1034px\" class=\"wp-caption alignnone\"><img loading=\"lazy\" decoding=\"async\" aria-describedby=\"caption-attachment-2758\" class=\"wp-image-2758 size-large\" title=\"Castro de Santa Tecla - Galice\" src=\"https:\/\/legendatours.net\/wp-content\/uploads\/2020\/07\/castro_santa_tecla-1024x683.jpg\" alt=\"Castro de Santa Tecla - Galicia\" width=\"1024\" height=\"683\" \/><p id=\"caption-attachment-2758\" class=\"wp-caption-text\">Castro de Santa Tecla \u2013 Galice<\/p><\/div>\n<p>La r\u00e9gion est habit\u00e9e depuis la pr\u00e9histoire et est riche en histoire naturelle et culturelle allant du n\u00e9olithique \u00e0 l&#039;\u00e9poque romaine, avec des villages charg\u00e9s d&#039;histoire \u00e0 visiter.<\/p>\n<p>Nous restons dans la ville c\u00f4ti\u00e8re de Vila Praia de Ancora, au nord-ouest du Portugal, une charmante petite station baln\u00e9aire. Il y aura aussi du temps pour se d\u00e9tendre sur les plages et peut-\u00eatre piquer une t\u00eate dans la mer avant de profiter du coucher de soleil et de la cuisine locale.<\/p>\n<p>Notre excellent h\u00f4tel 4 \u00e9toiles est situ\u00e9 en plein centre de cette charmante ville avec toutes les commodit\u00e9s \u00e0 quelques minutes \u00e0 pied.<\/p>\n<div class=\"row\" style=\"display: flex;\">\n<div class=\"column\" style=\"flex: 45%;\">\n<p><iframe loading=\"lazy\" title=\"Visite de Viana do Castelo 1, Portugal\" width=\"1080\" height=\"608\" src=\"https:\/\/www.youtube.com\/embed\/Vb11mgM-4hk?feature=oembed\" frameborder=\"0\" allow=\"accelerometer; autoplay; clipboard-write; encrypted-media; gyroscope; picture-in-picture\" allowfullscreen><\/iframe><\/p>\n<\/div>\n<div class=\"column\" style=\"flex: 10%;\"><\/div>\n<div class=\"column\" style=\"flex: 45%;\">\n<p><iframe loading=\"lazy\" title=\"Algarve Visto do Ar - Concelho de Olh\u00e3o\" width=\"1080\" height=\"608\" src=\"https:\/\/www.youtube.com\/embed\/MP6BCGjhkwQ?feature=oembed\" frameborder=\"0\" allow=\"accelerometer; autoplay; clipboard-write; encrypted-media; gyroscope; picture-in-picture\" allowfullscreen><\/iframe><\/p>\n<\/div>\n<\/div>","protected":false},"excerpt":{"rendered":"<p>Bas\u00e9e sur la magnifique Costa Verde (c\u00f4te verte), c\u00e9l\u00e8bre pour ses montagnes, sa campagne verdoyante, ses belles plages et son &quot;Vinho Verde&quot;, c&#039;est une destination captivante et inoubliable.<\/p>\n<p>Nos promenades ici comprendront certaines des plus belles c\u00f4tes du Portugal, serpenteront \u00e0 travers les villages classiques du Minho et les vall\u00e9es pastorales luxuriantes.<\/p>","protected":false},"featured_media":7856,"comment_status":"closed","ping_status":"closed","template":"","meta":{"_acf_changed":false,"inline_featured_image":false},"product_brand":[],"product_cat":[32,28,29,30,31],"product_tag":[239,945,659,86,46,240,87,50,192,52,195,55,201,202,244,221,660,617,341,65,208,230,231,113],"class_list":{"0":"post-7863","1":"product","2":"type-product","3":"status-publish","4":"has-post-thumbnail","6":"product_cat-cultural-tours-and-holidays-in-portugal","7":"product_cat-guided-group-tours","8":"product_cat-portugal-guided-historical-holidays","9":"product_cat-guided-sightseeing-holidays-portugal","10":"product_cat-guided-walking-holidays-in-portugal","11":"product_tag-caminha","12":"product_tag-coastal-tour","13":"product_tag-costa-verde","14":"product_tag-fabulous-walks-along-the-coast","15":"product_tag-gastronomy-and-wines","16":"product_tag-green-coast","17":"product_tag-green-landscape","18":"product_tag-historic","19":"product_tag-historic-buildings","20":"product_tag-historic-town","21":"product_tag-history-and-heritage","22":"product_tag-local-gastronomy","23":"product_tag-medieval-streets","24":"product_tag-medieval-times","25":"product_tag-minho","26":"product_tag-minho-region-portugal","27":"product_tag-neolithic-vestiges","28":"product_tag-northern-portugal-and-galicia","29":"product_tag-portugal-great-food-and-wine","30":"product_tag-roman-vestiges","31":"product_tag-traditional-villages","32":"product_tag-viana-do-castelo","33":"product_tag-vinho-verde","34":"product_tag-walking-the-coast-line","36":"first","37":"instock","38":"virtual","39":"product-type-simple"},"acf":[],"yoast_head":"<!-- This site is optimized with the Yoast SEO Premium plugin v26.8 (Yoast SEO v27.4) - https:\/\/yoast.com\/product\/yoast-seo-premium-wordpress\/ -->\n<title>Portugal&#039;s Costa Verde Walking - Legendary Adventure DMC Portugal<\/title>\n<meta name=\"robots\" content=\"index, follow, max-snippet:-1, max-image-preview:large, max-video-preview:-1\" \/>\n<link rel=\"canonical\" href=\"https:\/\/legendatours.com\/fr\/produit\/portugals-costa-verde-1800g\/\" \/>\n<meta property=\"og:locale\" content=\"fr_FR\" \/>\n<meta property=\"og:type\" content=\"article\" \/>\n<meta property=\"og:title\" content=\"Portugal&#039;s Costa Verde Walking\" \/>\n<meta property=\"og:description\" content=\"Based in the stunning Costa Verde (Green Coast), famous for its mountains, lush green countryside, beautiful beaches, and &quot;Vinho Verde&quot;, this is a captivating and unforgettable destination.  Our walks here will take in some of the finest coastlines of Portugal, meander through classic Minho villages and lush pastoral valleys.\" \/>\n<meta property=\"og:url\" content=\"https:\/\/legendatours.com\/fr\/produit\/portugals-costa-verde-1800g\/\" \/>\n<meta property=\"og:site_name\" content=\"Legendary Adventure DMC Portugal\" \/>\n<meta property=\"article:publisher\" content=\"https:\/\/www.facebook.com\/legendaryadventuredmc\/\" \/>\n<meta property=\"article:modified_time\" content=\"2021-08-11T16:00:34+00:00\" \/>\n<meta property=\"og:image\" content=\"https:\/\/legendatours.com\/wp-content\/uploads\/sites\/12\/2021\/04\/afife_windmill-e1611683392131.jpg\" \/>\n\t<meta property=\"og:image:width\" content=\"1024\" \/>\n\t<meta property=\"og:image:height\" content=\"768\" \/>\n\t<meta property=\"og:image:type\" content=\"image\/jpeg\" \/>\n<meta name=\"twitter:card\" content=\"summary_large_image\" \/>\n<meta name=\"twitter:label1\" content=\"Dur\u00e9e de lecture estim\u00e9e\" \/>\n\t<meta name=\"twitter:data1\" content=\"2 minutes\" \/>\n<script type=\"application\/ld+json\" class=\"yoast-schema-graph\">{\"@context\":\"https:\\\/\\\/schema.org\",\"@graph\":[{\"@type\":\"WebPage\",\"@id\":\"https:\\\/\\\/legendatours.com\\\/product\\\/portugals-costa-verde-1800g\\\/\",\"url\":\"https:\\\/\\\/legendatours.com\\\/product\\\/portugals-costa-verde-1800g\\\/\",\"name\":\"Portugal's Costa Verde Walking - Legendary Adventure DMC Portugal\",\"isPartOf\":{\"@id\":\"https:\\\/\\\/legendatours.com\\\/#website\"},\"primaryImageOfPage\":{\"@id\":\"https:\\\/\\\/legendatours.com\\\/product\\\/portugals-costa-verde-1800g\\\/#primaryimage\"},\"image\":{\"@id\":\"https:\\\/\\\/legendatours.com\\\/product\\\/portugals-costa-verde-1800g\\\/#primaryimage\"},\"thumbnailUrl\":\"https:\\\/\\\/legendatours.com\\\/wp-content\\\/uploads\\\/sites\\\/12\\\/2021\\\/04\\\/afife_windmill-e1611683392131.jpg\",\"datePublished\":\"2020-07-06T10:45:34+00:00\",\"dateModified\":\"2021-08-11T16:00:34+00:00\",\"breadcrumb\":{\"@id\":\"https:\\\/\\\/legendatours.com\\\/product\\\/portugals-costa-verde-1800g\\\/#breadcrumb\"},\"inLanguage\":\"fr-FR\",\"potentialAction\":[{\"@type\":\"ReadAction\",\"target\":[\"https:\\\/\\\/legendatours.com\\\/product\\\/portugals-costa-verde-1800g\\\/\"]}]},{\"@type\":\"ImageObject\",\"inLanguage\":\"fr-FR\",\"@id\":\"https:\\\/\\\/legendatours.com\\\/product\\\/portugals-costa-verde-1800g\\\/#primaryimage\",\"url\":\"https:\\\/\\\/legendatours.com\\\/wp-content\\\/uploads\\\/sites\\\/12\\\/2021\\\/04\\\/afife_windmill-e1611683392131.jpg\",\"contentUrl\":\"https:\\\/\\\/legendatours.com\\\/wp-content\\\/uploads\\\/sites\\\/12\\\/2021\\\/04\\\/afife_windmill-e1611683392131.jpg\",\"width\":1024,\"height\":768,\"caption\":\"Afife windmill\"},{\"@type\":\"BreadcrumbList\",\"@id\":\"https:\\\/\\\/legendatours.com\\\/product\\\/portugals-costa-verde-1800g\\\/#breadcrumb\",\"itemListElement\":[{\"@type\":\"ListItem\",\"position\":1,\"name\":\"Home\",\"item\":\"https:\\\/\\\/legendatours.com\\\/\"},{\"@type\":\"ListItem\",\"position\":2,\"name\":\"Shop\",\"item\":\"https:\\\/\\\/legendatours.com\\\/sv\\\/?page_id=4\"},{\"@type\":\"ListItem\",\"position\":3,\"name\":\"Portugal&#8217;s Costa Verde Walking\"}]},{\"@type\":\"WebSite\",\"@id\":\"https:\\\/\\\/legendatours.com\\\/#website\",\"url\":\"https:\\\/\\\/legendatours.com\\\/\",\"name\":\"Legendary Adventure DMC Portugal\",\"description\":\"Responsible Walking &amp; Nature Holidays in Portugal\",\"publisher\":{\"@id\":\"https:\\\/\\\/legendatours.com\\\/#organization\"},\"alternateName\":\"Legendary Adventure Portugal\",\"potentialAction\":[{\"@type\":\"SearchAction\",\"target\":{\"@type\":\"EntryPoint\",\"urlTemplate\":\"https:\\\/\\\/legendatours.com\\\/?s={search_term_string}\"},\"query-input\":{\"@type\":\"PropertyValueSpecification\",\"valueRequired\":true,\"valueName\":\"search_term_string\"}}],\"inLanguage\":\"fr-FR\"},{\"@type\":\"Organization\",\"@id\":\"https:\\\/\\\/legendatours.com\\\/#organization\",\"name\":\"legendatours.com\",\"url\":\"https:\\\/\\\/legendatours.com\\\/\",\"logo\":{\"@type\":\"ImageObject\",\"inLanguage\":\"fr-FR\",\"@id\":\"https:\\\/\\\/legendatours.com\\\/#\\\/schema\\\/logo\\\/image\\\/\",\"url\":\"https:\\\/\\\/legendatours.com\\\/wp-content\\\/uploads\\\/sites\\\/12\\\/2021\\\/06\\\/legendary_adventure_dmc.png\",\"contentUrl\":\"https:\\\/\\\/legendatours.com\\\/wp-content\\\/uploads\\\/sites\\\/12\\\/2021\\\/06\\\/legendary_adventure_dmc.png\",\"width\":250,\"height\":74,\"caption\":\"legendatours.com\"},\"image\":{\"@id\":\"https:\\\/\\\/legendatours.com\\\/#\\\/schema\\\/logo\\\/image\\\/\"},\"sameAs\":[\"https:\\\/\\\/www.facebook.com\\\/legendaryadventuredmc\\\/\",\"https:\\\/\\\/www.linkedin.com\\\/company\\\/legendary-adventure-dmc-portugal\",\"https:\\\/\\\/www.youtube.com\\\/channel\\\/UCOIRDx_KM6ynIcacQkZjb6g\"]}]}<\/script>\n<!-- \/ Yoast SEO Premium plugin. -->","yoast_head_json":{"title":"Marche sur la Costa Verde au Portugal - Aventure l\u00e9gendaire DMC Portugal","robots":{"index":"index","follow":"follow","max-snippet":"max-snippet:-1","max-image-preview":"max-image-preview:large","max-video-preview":"max-video-preview:-1"},"canonical":"https:\/\/legendatours.com\/fr\/produit\/portugals-costa-verde-1800g\/","og_locale":"fr_FR","og_type":"article","og_title":"Portugal's Costa Verde Walking","og_description":"Based in the stunning Costa Verde (Green Coast), famous for its mountains, lush green countryside, beautiful beaches, and \"Vinho Verde\", this is a captivating and unforgettable destination.  Our walks here will take in some of the finest coastlines of Portugal, meander through classic Minho villages and lush pastoral valleys.","og_url":"https:\/\/legendatours.com\/fr\/produit\/portugals-costa-verde-1800g\/","og_site_name":"Legendary Adventure DMC Portugal","article_publisher":"https:\/\/www.facebook.com\/legendaryadventuredmc\/","article_modified_time":"2021-08-11T16:00:34+00:00","og_image":[{"width":1024,"height":768,"url":"https:\/\/legendatours.com\/wp-content\/uploads\/sites\/12\/2021\/04\/afife_windmill-e1611683392131.jpg","type":"image\/jpeg"}],"twitter_card":"summary_large_image","twitter_misc":{"Dur\u00e9e de lecture estim\u00e9e":"2 minutes"},"schema":{"@context":"https:\/\/schema.org","@graph":[{"@type":"WebPage","@id":"https:\/\/legendatours.com\/product\/portugals-costa-verde-1800g\/","url":"https:\/\/legendatours.com\/product\/portugals-costa-verde-1800g\/","name":"Marche sur la Costa Verde au Portugal - Aventure l\u00e9gendaire DMC Portugal","isPartOf":{"@id":"https:\/\/legendatours.com\/#website"},"primaryImageOfPage":{"@id":"https:\/\/legendatours.com\/product\/portugals-costa-verde-1800g\/#primaryimage"},"image":{"@id":"https:\/\/legendatours.com\/product\/portugals-costa-verde-1800g\/#primaryimage"},"thumbnailUrl":"https:\/\/legendatours.com\/wp-content\/uploads\/sites\/12\/2021\/04\/afife_windmill-e1611683392131.jpg","datePublished":"2020-07-06T10:45:34+00:00","dateModified":"2021-08-11T16:00:34+00:00","breadcrumb":{"@id":"https:\/\/legendatours.com\/product\/portugals-costa-verde-1800g\/#breadcrumb"},"inLanguage":"fr-FR","potentialAction":[{"@type":"ReadAction","target":["https:\/\/legendatours.com\/product\/portugals-costa-verde-1800g\/"]}]},{"@type":"ImageObject","inLanguage":"fr-FR","@id":"https:\/\/legendatours.com\/product\/portugals-costa-verde-1800g\/#primaryimage","url":"https:\/\/legendatours.com\/wp-content\/uploads\/sites\/12\/2021\/04\/afife_windmill-e1611683392131.jpg","contentUrl":"https:\/\/legendatours.com\/wp-content\/uploads\/sites\/12\/2021\/04\/afife_windmill-e1611683392131.jpg","width":1024,"height":768,"caption":"Afife windmill"},{"@type":"BreadcrumbList","@id":"https:\/\/legendatours.com\/product\/portugals-costa-verde-1800g\/#breadcrumb","itemListElement":[{"@type":"ListItem","position":1,"name":"Home","item":"https:\/\/legendatours.com\/"},{"@type":"ListItem","position":2,"name":"Shop","item":"https:\/\/legendatours.com\/sv\/?page_id=4"},{"@type":"ListItem","position":3,"name":"Portugal&#8217;s Costa Verde Walking"}]},{"@type":"WebSite","@id":"https:\/\/legendatours.com\/#website","url":"https:\/\/legendatours.com\/","name":"Aventure l\u00e9gendaire DMC Portugal","description":"Randonn\u00e9es responsables et vacances nature au Portugal","publisher":{"@id":"https:\/\/legendatours.com\/#organization"},"alternateName":"Legendary Adventure Portugal","potentialAction":[{"@type":"SearchAction","target":{"@type":"EntryPoint","urlTemplate":"https:\/\/legendatours.com\/?s={search_term_string}"},"query-input":{"@type":"PropertyValueSpecification","valueRequired":true,"valueName":"search_term_string"}}],"inLanguage":"fr-FR"},{"@type":"Organization","@id":"https:\/\/legendatours.com\/#organization","name":"legendatours.com","url":"https:\/\/legendatours.com\/","logo":{"@type":"ImageObject","inLanguage":"fr-FR","@id":"https:\/\/legendatours.com\/#\/schema\/logo\/image\/","url":"https:\/\/legendatours.com\/wp-content\/uploads\/sites\/12\/2021\/06\/legendary_adventure_dmc.png","contentUrl":"https:\/\/legendatours.com\/wp-content\/uploads\/sites\/12\/2021\/06\/legendary_adventure_dmc.png","width":250,"height":74,"caption":"legendatours.com"},"image":{"@id":"https:\/\/legendatours.com\/#\/schema\/logo\/image\/"},"sameAs":["https:\/\/www.facebook.com\/legendaryadventuredmc\/","https:\/\/www.linkedin.com\/company\/legendary-adventure-dmc-portugal","https:\/\/www.youtube.com\/channel\/UCOIRDx_KM6ynIcacQkZjb6g"]}]}},"_links":{"self":[{"href":"https:\/\/legendatours.com\/fr\/wp-json\/wp\/v2\/product\/7863","targetHints":{"allow":["GET"]}}],"collection":[{"href":"https:\/\/legendatours.com\/fr\/wp-json\/wp\/v2\/product"}],"about":[{"href":"https:\/\/legendatours.com\/fr\/wp-json\/wp\/v2\/types\/product"}],"replies":[{"embeddable":true,"href":"https:\/\/legendatours.com\/fr\/wp-json\/wp\/v2\/comments?post=7863"}],"wp:featuredmedia":[{"embeddable":true,"href":"https:\/\/legendatours.com\/fr\/wp-json\/wp\/v2\/media\/7856"}],"wp:attachment":[{"href":"https:\/\/legendatours.com\/fr\/wp-json\/wp\/v2\/media?parent=7863"}],"wp:term":[{"taxonomy":"product_brand","embeddable":true,"href":"https:\/\/legendatours.com\/fr\/wp-json\/wp\/v2\/product_brand?post=7863"},{"taxonomy":"product_cat","embeddable":true,"href":"https:\/\/legendatours.com\/fr\/wp-json\/wp\/v2\/product_cat?post=7863"},{"taxonomy":"product_tag","embeddable":true,"href":"https:\/\/legendatours.com\/fr\/wp-json\/wp\/v2\/product_tag?post=7863"}],"curies":[{"name":"wp","href":"https:\/\/api.w.org\/{rel}","templated":true}]}}