{"id":7936,"date":"2020-06-29T13:48:16","date_gmt":"2020-06-29T13:48:16","guid":{"rendered":"https:\/\/legendatours.com\/product\/enjoy-monte-gordo\/"},"modified":"2021-08-11T18:02:25","modified_gmt":"2021-08-11T18:02:25","slug":"enjoy-monte-gordo-6500pk","status":"publish","type":"product","link":"https:\/\/legendatours.com\/fr\/produit\/enjoy-monte-gordo-6500pk\/","title":{"rendered":"Profitez de Monte Gordo"},"content":{"rendered":"<p>Monte Gordo est une station baln\u00e9aire populaire situ\u00e9e sur l&#039;une des plus belles plages de l&#039;est de l&#039;Algarve.<\/p>\n<p>La magnifique bande d&#039;un kilom\u00e8tre de long, aux eaux turquoises chaudes et douces, est l&#039;une des plus s\u00fbres de l&#039;Algarve, sans courants forts ni petites vagues.<\/p>\n<p>Monte Gordo est un excellent choix de vacances pour les familles avec enfants, les visiteurs adultes \u00e0 la recherche de journ\u00e9es de d\u00e9tente et pour ceux qui aiment les exp\u00e9riences de plage incroyables !<\/p>\n<p>La grande promenade face au bord de mer est bord\u00e9e de restaurants pour tous les go\u00fbts, de bars, d&#039;artistes, de marchands ambulants et d&#039;un Casino. La nuit, les gens affluent pour une promenade nocturne et l&#039;ambiance famili\u00e8re attire des visiteurs de diff\u00e9rentes nationalit\u00e9s et \u00e2ges.<\/p>\n<div id=\"attachment_2680\" style=\"width: 1034px\" class=\"wp-caption alignnone\"><img loading=\"lazy\" decoding=\"async\" aria-describedby=\"caption-attachment-2680\" class=\"wp-image-2680 size-large\" src=\"https:\/\/legendatours.net\/wp-content\/uploads\/2020\/06\/montegordo_fishing_boats-1024x683.jpg\" alt=\"Montegordo fishing boats\" width=\"1024\" height=\"683\" \/><p id=\"caption-attachment-2680\" class=\"wp-caption-text\">Bateaux de p\u00eache de Monte Gordo<\/p><\/div>\n<p>La vie nocturne est principalement d\u00e9tendue et sociale, sans la forte consommation d&#039;alcool des autres stations baln\u00e9aires populaires de l&#039;Algarve.<\/p>\n<p>Vous pourriez facilement passer vos journ\u00e9es \u00e0 vous pr\u00e9lasser sur la magnifique plage de Monte Gordo, mais si vous \u00eates int\u00e9ress\u00e9 par plus, il y a beaucoup \u00e0 voir et \u00e0 faire dans l&#039;est de l&#039;Algarve.<\/p>\n<p>\u00c0 proximit\u00e9, vous pouvez visiter les villes historiques de Tavira, Castro Marim et Vila Real de Santo Ant\u00f3nio.<\/p>\n<p>Depuis Tavira, vous pouvez \u00e9galement profiter d&#039;une excursion en bateau amusante dans le parc naturel de Ria Formosa, un syst\u00e8me de lagunes d&#039;une beaut\u00e9 naturelle \u00e9tonnante.<\/p>\n<div id=\"attachment_2144\" style=\"width: 1034px\" class=\"wp-caption alignnone\"><img loading=\"lazy\" decoding=\"async\" aria-describedby=\"caption-attachment-2144\" class=\"wp-image-2144 size-large\" src=\"https:\/\/legendatours.net\/wp-content\/uploads\/2020\/05\/montegordo_beach-1024x768.jpg\" alt=\"Beach Montegordo\" width=\"1024\" height=\"768\" \/><p id=\"caption-attachment-2144\" class=\"wp-caption-text\">Plage Montegordo<\/p><\/div>\n<p>L&#039;Espagne n&#039;est qu&#039;\u00e0 un voyage en ferry, sur l&#039;autre rive de la charmante rivi\u00e8re Guadiana.<br \/>\nDes vacances dans cette magnifique r\u00e9gion, avec la plage entour\u00e9e de pin\u00e8des, c&#039;est aussi l&#039;occasion de pratiquer des loisirs sportifs, d&#039;utiliser les pistes de l&#039;avion pour faire du v\u00e9lo, de la marche, ou de profiter des nombreuses activit\u00e9s de votre h\u00f4tel.<\/p>\n<p>Monte Gordo n&#039;est peut-\u00eatre pas la station baln\u00e9aire la plus c\u00e9l\u00e8bre, mais vous aurez du mal \u00e0 trouver une meilleure plage que celle-ci en Europe occidentale, et vous en aurez pour votre argent !<\/p>","protected":false},"excerpt":{"rendered":"<p>Monte Gordo est une station baln\u00e9aire populaire situ\u00e9e sur l&#039;une des plus belles plages de l&#039;est de l&#039;Algarve.<\/p>\n<p>La magnifique bande d&#039;un kilom\u00e8tre de long, aux eaux turquoises chaudes et douces, est l&#039;une des plus s\u00fbres de l&#039;Algarve, sans courants forts ni petites vagues.<\/p>\n<p>Monte Gordo est un excellent choix de vacances pour les familles avec enfants, les visiteurs adultes \u00e0 la recherche de journ\u00e9es de d\u00e9tente et pour ceux qui aiment les exp\u00e9riences de plage incroyables !<\/p>","protected":false},"featured_media":7922,"comment_status":"closed","ping_status":"closed","template":"","meta":{"_acf_changed":false,"inline_featured_image":false},"product_brand":[],"product_cat":[697,686],"product_tag":[147,698,460,36,154,46,195,160,699,313,700,55,701,702,478,690,691,60,169,692,228,677,693,694,695,703,704,368,626,705],"class_list":{"0":"post-7936","1":"product","2":"type-product","3":"status-publish","4":"has-post-thumbnail","6":"product_cat-enjoy-6-days-tour-portugal","7":"product_cat-holiday-packs-tours-portugal","8":"product_tag-algarve","9":"product_tag-casino","10":"product_tag-castro-marim","11":"product_tag-cultural-heritage","12":"product_tag-east-algarve","13":"product_tag-gastronomy-and-wines","14":"product_tag-history-and-heritage","15":"product_tag-holidays","16":"product_tag-ideal-for-families-with-children","17":"product_tag-individuelle-touren","18":"product_tag-large-promenade","19":"product_tag-local-gastronomy","20":"product_tag-magnificent-beach","21":"product_tag-mature-visitors","22":"product_tag-monte-gordo","23":"product_tag-monte-gordos-glorious-beach","24":"product_tag-old-town","25":"product_tag-portugal","26":"product_tag-ria-formosa-natural-park","27":"product_tag-sandy-beach","28":"product_tag-sightseeing","29":"product_tag-spring","30":"product_tag-summer","31":"product_tag-sun-beach","32":"product_tag-sunny-days","33":"product_tag-the-safest-of-the-algarve","34":"product_tag-vast-beach","35":"product_tag-vila-real-sto-antonio","36":"product_tag-walking-along-quiet-paths","37":"product_tag-walking-range","39":"first","40":"instock","41":"virtual","42":"product-type-simple"},"acf":[],"yoast_head":"<!-- This site is optimized with the Yoast SEO Premium plugin v26.8 (Yoast SEO v27.4) - https:\/\/yoast.com\/product\/yoast-seo-premium-wordpress\/ -->\n<title>Enjoy Monte Gordo - Legendary Adventure DMC Portugal<\/title>\n<meta name=\"description\" content=\"The Island of Tavira has a long sandy beach and salinas that attract flamingos, spoonbills and other wading birds. In the centre, the medieval castle of Tavira offers views of the city. The Church of Santa Maria do Castelo houses the tombs of 7 knights killed by the Moors.\" \/>\n<meta name=\"robots\" content=\"index, follow, max-snippet:-1, max-image-preview:large, max-video-preview:-1\" \/>\n<link rel=\"canonical\" href=\"https:\/\/legendatours.com\/fr\/produit\/enjoy-monte-gordo-6500pk\/\" \/>\n<meta property=\"og:locale\" content=\"fr_FR\" \/>\n<meta property=\"og:type\" content=\"article\" \/>\n<meta property=\"og:title\" content=\"Enjoy Monte Gordo\" \/>\n<meta property=\"og:description\" content=\"The Island of Tavira has a long sandy beach and salinas that attract flamingos, spoonbills and other wading birds. In the centre, the medieval castle of Tavira offers views of the city. The Church of Santa Maria do Castelo houses the tombs of 7 knights killed by the Moors.\" \/>\n<meta property=\"og:url\" content=\"https:\/\/legendatours.com\/fr\/produit\/enjoy-monte-gordo-6500pk\/\" \/>\n<meta property=\"og:site_name\" content=\"Legendary Adventure DMC Portugal\" \/>\n<meta property=\"article:publisher\" content=\"https:\/\/www.facebook.com\/legendaryadventuredmc\/\" \/>\n<meta property=\"article:modified_time\" content=\"2021-08-11T18:02:25+00:00\" \/>\n<meta property=\"og:image\" content=\"https:\/\/legendatours.com\/wp-content\/uploads\/sites\/12\/2021\/04\/montegordo_beach.jpg\" \/>\n\t<meta property=\"og:image:width\" content=\"1067\" \/>\n\t<meta property=\"og:image:height\" content=\"800\" \/>\n\t<meta property=\"og:image:type\" content=\"image\/jpeg\" \/>\n<meta name=\"twitter:card\" content=\"summary_large_image\" \/>\n<meta name=\"twitter:label1\" content=\"Dur\u00e9e de lecture estim\u00e9e\" \/>\n\t<meta name=\"twitter:data1\" content=\"2 minutes\" \/>\n<script type=\"application\/ld+json\" class=\"yoast-schema-graph\">{\"@context\":\"https:\\\/\\\/schema.org\",\"@graph\":[{\"@type\":\"WebPage\",\"@id\":\"https:\\\/\\\/legendatours.com\\\/product\\\/enjoy-monte-gordo-6500pk\\\/\",\"url\":\"https:\\\/\\\/legendatours.com\\\/product\\\/enjoy-monte-gordo-6500pk\\\/\",\"name\":\"Enjoy Monte Gordo - Legendary Adventure DMC Portugal\",\"isPartOf\":{\"@id\":\"https:\\\/\\\/legendatours.com\\\/#website\"},\"primaryImageOfPage\":{\"@id\":\"https:\\\/\\\/legendatours.com\\\/product\\\/enjoy-monte-gordo-6500pk\\\/#primaryimage\"},\"image\":{\"@id\":\"https:\\\/\\\/legendatours.com\\\/product\\\/enjoy-monte-gordo-6500pk\\\/#primaryimage\"},\"thumbnailUrl\":\"https:\\\/\\\/legendatours.com\\\/wp-content\\\/uploads\\\/sites\\\/12\\\/2021\\\/04\\\/montegordo_beach.jpg\",\"datePublished\":\"2020-06-29T13:48:16+00:00\",\"dateModified\":\"2021-08-11T18:02:25+00:00\",\"description\":\"The Island of Tavira has a long sandy beach and salinas that attract flamingos, spoonbills and other wading birds. In the centre, the medieval castle of Tavira offers views of the city. The Church of Santa Maria do Castelo houses the tombs of 7 knights killed by the Moors.\",\"breadcrumb\":{\"@id\":\"https:\\\/\\\/legendatours.com\\\/product\\\/enjoy-monte-gordo-6500pk\\\/#breadcrumb\"},\"inLanguage\":\"fr-FR\",\"potentialAction\":[{\"@type\":\"ReadAction\",\"target\":[\"https:\\\/\\\/legendatours.com\\\/product\\\/enjoy-monte-gordo-6500pk\\\/\"]}]},{\"@type\":\"ImageObject\",\"inLanguage\":\"fr-FR\",\"@id\":\"https:\\\/\\\/legendatours.com\\\/product\\\/enjoy-monte-gordo-6500pk\\\/#primaryimage\",\"url\":\"https:\\\/\\\/legendatours.com\\\/wp-content\\\/uploads\\\/sites\\\/12\\\/2021\\\/04\\\/montegordo_beach.jpg\",\"contentUrl\":\"https:\\\/\\\/legendatours.com\\\/wp-content\\\/uploads\\\/sites\\\/12\\\/2021\\\/04\\\/montegordo_beach.jpg\",\"width\":1067,\"height\":800,\"caption\":\"Beach Montegordo\"},{\"@type\":\"BreadcrumbList\",\"@id\":\"https:\\\/\\\/legendatours.com\\\/product\\\/enjoy-monte-gordo-6500pk\\\/#breadcrumb\",\"itemListElement\":[{\"@type\":\"ListItem\",\"position\":1,\"name\":\"Home\",\"item\":\"https:\\\/\\\/legendatours.com\\\/\"},{\"@type\":\"ListItem\",\"position\":2,\"name\":\"Shop\",\"item\":\"https:\\\/\\\/legendatours.com\\\/sv\\\/?page_id=4\"},{\"@type\":\"ListItem\",\"position\":3,\"name\":\"The Island of Tavira has a long sandy beach and salinas that attract flamingos, spoonbills and other wading birds. In the centre, the medieval castle of Tavira offers views of the city. The Church of Santa Maria do Castelo houses the tombs of 7 knights killed by the Moors.\"}]},{\"@type\":\"WebSite\",\"@id\":\"https:\\\/\\\/legendatours.com\\\/#website\",\"url\":\"https:\\\/\\\/legendatours.com\\\/\",\"name\":\"Legendary Adventure DMC Portugal\",\"description\":\"Responsible Walking &amp; Nature Holidays in Portugal\",\"publisher\":{\"@id\":\"https:\\\/\\\/legendatours.com\\\/#organization\"},\"alternateName\":\"Legendary Adventure Portugal\",\"potentialAction\":[{\"@type\":\"SearchAction\",\"target\":{\"@type\":\"EntryPoint\",\"urlTemplate\":\"https:\\\/\\\/legendatours.com\\\/?s={search_term_string}\"},\"query-input\":{\"@type\":\"PropertyValueSpecification\",\"valueRequired\":true,\"valueName\":\"search_term_string\"}}],\"inLanguage\":\"fr-FR\"},{\"@type\":\"Organization\",\"@id\":\"https:\\\/\\\/legendatours.com\\\/#organization\",\"name\":\"legendatours.com\",\"url\":\"https:\\\/\\\/legendatours.com\\\/\",\"logo\":{\"@type\":\"ImageObject\",\"inLanguage\":\"fr-FR\",\"@id\":\"https:\\\/\\\/legendatours.com\\\/#\\\/schema\\\/logo\\\/image\\\/\",\"url\":\"https:\\\/\\\/legendatours.com\\\/wp-content\\\/uploads\\\/sites\\\/12\\\/2021\\\/06\\\/legendary_adventure_dmc.png\",\"contentUrl\":\"https:\\\/\\\/legendatours.com\\\/wp-content\\\/uploads\\\/sites\\\/12\\\/2021\\\/06\\\/legendary_adventure_dmc.png\",\"width\":250,\"height\":74,\"caption\":\"legendatours.com\"},\"image\":{\"@id\":\"https:\\\/\\\/legendatours.com\\\/#\\\/schema\\\/logo\\\/image\\\/\"},\"sameAs\":[\"https:\\\/\\\/www.facebook.com\\\/legendaryadventuredmc\\\/\",\"https:\\\/\\\/www.linkedin.com\\\/company\\\/legendary-adventure-dmc-portugal\",\"https:\\\/\\\/www.youtube.com\\\/channel\\\/UCOIRDx_KM6ynIcacQkZjb6g\"]}]}<\/script>\n<!-- \/ Yoast SEO Premium plugin. -->","yoast_head_json":{"title":"Profitez de Monte Gordo - L&#039;aventure l\u00e9gendaire DMC Portugal","description":"L&#039;\u00eele de Tavira poss\u00e8de une longue plage de sable et des salines qui attirent les flamants roses, les spatules et autres \u00e9chassiers. Au centre, le ch\u00e2teau m\u00e9di\u00e9val de Tavira offre des vues sur la ville. L&#039;\u00e9glise de Santa Maria do Castelo abrite les tombes de 7 chevaliers tu\u00e9s par les Maures.","robots":{"index":"index","follow":"follow","max-snippet":"max-snippet:-1","max-image-preview":"max-image-preview:large","max-video-preview":"max-video-preview:-1"},"canonical":"https:\/\/legendatours.com\/fr\/produit\/enjoy-monte-gordo-6500pk\/","og_locale":"fr_FR","og_type":"article","og_title":"Enjoy Monte Gordo","og_description":"The Island of Tavira has a long sandy beach and salinas that attract flamingos, spoonbills and other wading birds. In the centre, the medieval castle of Tavira offers views of the city. The Church of Santa Maria do Castelo houses the tombs of 7 knights killed by the Moors.","og_url":"https:\/\/legendatours.com\/fr\/produit\/enjoy-monte-gordo-6500pk\/","og_site_name":"Legendary Adventure DMC Portugal","article_publisher":"https:\/\/www.facebook.com\/legendaryadventuredmc\/","article_modified_time":"2021-08-11T18:02:25+00:00","og_image":[{"width":1067,"height":800,"url":"https:\/\/legendatours.com\/wp-content\/uploads\/sites\/12\/2021\/04\/montegordo_beach.jpg","type":"image\/jpeg"}],"twitter_card":"summary_large_image","twitter_misc":{"Dur\u00e9e de lecture estim\u00e9e":"2 minutes"},"schema":{"@context":"https:\/\/schema.org","@graph":[{"@type":"WebPage","@id":"https:\/\/legendatours.com\/product\/enjoy-monte-gordo-6500pk\/","url":"https:\/\/legendatours.com\/product\/enjoy-monte-gordo-6500pk\/","name":"Profitez de Monte Gordo - L&#039;aventure l\u00e9gendaire DMC Portugal","isPartOf":{"@id":"https:\/\/legendatours.com\/#website"},"primaryImageOfPage":{"@id":"https:\/\/legendatours.com\/product\/enjoy-monte-gordo-6500pk\/#primaryimage"},"image":{"@id":"https:\/\/legendatours.com\/product\/enjoy-monte-gordo-6500pk\/#primaryimage"},"thumbnailUrl":"https:\/\/legendatours.com\/wp-content\/uploads\/sites\/12\/2021\/04\/montegordo_beach.jpg","datePublished":"2020-06-29T13:48:16+00:00","dateModified":"2021-08-11T18:02:25+00:00","description":"L&#039;\u00eele de Tavira poss\u00e8de une longue plage de sable et des salines qui attirent les flamants roses, les spatules et autres \u00e9chassiers. Au centre, le ch\u00e2teau m\u00e9di\u00e9val de Tavira offre des vues sur la ville. L&#039;\u00e9glise de Santa Maria do Castelo abrite les tombes de 7 chevaliers tu\u00e9s par les Maures.","breadcrumb":{"@id":"https:\/\/legendatours.com\/product\/enjoy-monte-gordo-6500pk\/#breadcrumb"},"inLanguage":"fr-FR","potentialAction":[{"@type":"ReadAction","target":["https:\/\/legendatours.com\/product\/enjoy-monte-gordo-6500pk\/"]}]},{"@type":"ImageObject","inLanguage":"fr-FR","@id":"https:\/\/legendatours.com\/product\/enjoy-monte-gordo-6500pk\/#primaryimage","url":"https:\/\/legendatours.com\/wp-content\/uploads\/sites\/12\/2021\/04\/montegordo_beach.jpg","contentUrl":"https:\/\/legendatours.com\/wp-content\/uploads\/sites\/12\/2021\/04\/montegordo_beach.jpg","width":1067,"height":800,"caption":"Beach Montegordo"},{"@type":"BreadcrumbList","@id":"https:\/\/legendatours.com\/product\/enjoy-monte-gordo-6500pk\/#breadcrumb","itemListElement":[{"@type":"ListItem","position":1,"name":"Home","item":"https:\/\/legendatours.com\/"},{"@type":"ListItem","position":2,"name":"Shop","item":"https:\/\/legendatours.com\/sv\/?page_id=4"},{"@type":"ListItem","position":3,"name":"The Island of Tavira has a long sandy beach and salinas that attract flamingos, spoonbills and other wading birds. In the centre, the medieval castle of Tavira offers views of the city. The Church of Santa Maria do Castelo houses the tombs of 7 knights killed by the Moors."}]},{"@type":"WebSite","@id":"https:\/\/legendatours.com\/#website","url":"https:\/\/legendatours.com\/","name":"Aventure l\u00e9gendaire DMC Portugal","description":"Randonn\u00e9es responsables et vacances nature au Portugal","publisher":{"@id":"https:\/\/legendatours.com\/#organization"},"alternateName":"Legendary Adventure Portugal","potentialAction":[{"@type":"SearchAction","target":{"@type":"EntryPoint","urlTemplate":"https:\/\/legendatours.com\/?s={search_term_string}"},"query-input":{"@type":"PropertyValueSpecification","valueRequired":true,"valueName":"search_term_string"}}],"inLanguage":"fr-FR"},{"@type":"Organization","@id":"https:\/\/legendatours.com\/#organization","name":"legendatours.com","url":"https:\/\/legendatours.com\/","logo":{"@type":"ImageObject","inLanguage":"fr-FR","@id":"https:\/\/legendatours.com\/#\/schema\/logo\/image\/","url":"https:\/\/legendatours.com\/wp-content\/uploads\/sites\/12\/2021\/06\/legendary_adventure_dmc.png","contentUrl":"https:\/\/legendatours.com\/wp-content\/uploads\/sites\/12\/2021\/06\/legendary_adventure_dmc.png","width":250,"height":74,"caption":"legendatours.com"},"image":{"@id":"https:\/\/legendatours.com\/#\/schema\/logo\/image\/"},"sameAs":["https:\/\/www.facebook.com\/legendaryadventuredmc\/","https:\/\/www.linkedin.com\/company\/legendary-adventure-dmc-portugal","https:\/\/www.youtube.com\/channel\/UCOIRDx_KM6ynIcacQkZjb6g"]}]}},"_links":{"self":[{"href":"https:\/\/legendatours.com\/fr\/wp-json\/wp\/v2\/product\/7936","targetHints":{"allow":["GET"]}}],"collection":[{"href":"https:\/\/legendatours.com\/fr\/wp-json\/wp\/v2\/product"}],"about":[{"href":"https:\/\/legendatours.com\/fr\/wp-json\/wp\/v2\/types\/product"}],"replies":[{"embeddable":true,"href":"https:\/\/legendatours.com\/fr\/wp-json\/wp\/v2\/comments?post=7936"}],"wp:featuredmedia":[{"embeddable":true,"href":"https:\/\/legendatours.com\/fr\/wp-json\/wp\/v2\/media\/7922"}],"wp:attachment":[{"href":"https:\/\/legendatours.com\/fr\/wp-json\/wp\/v2\/media?parent=7936"}],"wp:term":[{"taxonomy":"product_brand","embeddable":true,"href":"https:\/\/legendatours.com\/fr\/wp-json\/wp\/v2\/product_brand?post=7936"},{"taxonomy":"product_cat","embeddable":true,"href":"https:\/\/legendatours.com\/fr\/wp-json\/wp\/v2\/product_cat?post=7936"},{"taxonomy":"product_tag","embeddable":true,"href":"https:\/\/legendatours.com\/fr\/wp-json\/wp\/v2\/product_tag?post=7936"}],"curies":[{"name":"wp","href":"https:\/\/api.w.org\/{rel}","templated":true}]}}