{"id":7938,"date":"2020-06-25T16:32:30","date_gmt":"2020-06-25T16:32:30","guid":{"rendered":"https:\/\/legendatours.com\/product\/escape-to-monte-gordo\/"},"modified":"2021-08-11T18:04:50","modified_gmt":"2021-08-11T18:04:50","slug":"escape-to-monte-gordo-4500pk","status":"publish","type":"product","link":"https:\/\/legendatours.com\/fr\/produit\/escape-to-monte-gordo-4500pk\/","title":{"rendered":"\u00c9vadez-vous \u00e0 Monte Gordo"},"content":{"rendered":"<p>Monte Gordo est une station baln\u00e9aire populaire situ\u00e9e sur l&#039;une des plus belles plages de l&#039;est de l&#039;Algarve.<\/p>\n<p>La magnifique bande d&#039;un kilom\u00e8tre de long, aux eaux turquoises chaudes et douces, est l&#039;une des plus s\u00fbres de l&#039;Algarve, sans courants forts ni petites vagues.<\/p>\n<p>Monte Gordo est un excellent choix de vacances pour les familles avec enfants, les visiteurs adultes \u00e0 la recherche de journ\u00e9es de d\u00e9tente et pour ceux qui aiment les exp\u00e9riences de plage incroyables !<\/p>\n<p>La grande promenade face au bord de mer est bord\u00e9e de restaurants pour tous les go\u00fbts, de bars, d&#039;artistes, de marchands ambulants et d&#039;un Casino. La nuit, les gens affluent pour une promenade nocturne et l&#039;ambiance famili\u00e8re attire des visiteurs de diff\u00e9rentes nationalit\u00e9s et \u00e2ges.<\/p>\n<div id=\"attachment_2681\" style=\"width: 693px\" class=\"wp-caption alignnone\"><img loading=\"lazy\" decoding=\"async\" aria-describedby=\"caption-attachment-2681\" class=\"wp-image-2681 size-large\" src=\"https:\/\/legendatours.net\/wp-content\/uploads\/2020\/06\/Monte-Gordo-boardwalk-683x1024.jpg\" alt=\"Montegordo boardwalk\" width=\"683\" height=\"1024\" \/><p id=\"caption-attachment-2681\" class=\"wp-caption-text\">Promenade de Monte Gordo<\/p><\/div>\n<p>La vie nocturne est principalement d\u00e9tendue et sociale, sans la forte consommation d&#039;alcool des autres stations baln\u00e9aires populaires de l&#039;Algarve.<\/p>\n<p>Vous pourriez facilement passer vos journ\u00e9es \u00e0 vous pr\u00e9lasser sur la magnifique plage de Monte Gordo, mais si vous \u00eates int\u00e9ress\u00e9 par plus, il y a beaucoup \u00e0 voir et \u00e0 faire dans l&#039;est de l&#039;Algarve.<\/p>\n<p>\u00c0 proximit\u00e9, vous pouvez visiter les villes historiques de Tavira, Castro Marim et Vila Real de Santo Ant\u00f3nio.<\/p>\n<div id=\"attachment_1773\" style=\"width: 1034px\" class=\"wp-caption alignnone\"><img loading=\"lazy\" decoding=\"async\" aria-describedby=\"caption-attachment-1773\" class=\"wp-image-1773 size-large\" src=\"https:\/\/legendatours.net\/wp-content\/uploads\/2020\/03\/Roman-bridge-in-Tavira-Venice-of-Algarve-2-1024x685.jpg\" alt=\"Roman bridge in Tavira Venice of Algarve\" width=\"1024\" height=\"685\" \/><p id=\"caption-attachment-1773\" class=\"wp-caption-text\">Pont romain \u00e0 Tavira Venise de l&#039;Algarve<\/p><\/div>\n<p>Depuis Tavira, vous pouvez \u00e9galement profiter d&#039;une excursion en bateau amusante dans le parc naturel de Ria Formosa, un syst\u00e8me de lagunes d&#039;une beaut\u00e9 naturelle \u00e9tonnante.<\/p>\n<p>L&#039;Espagne n&#039;est qu&#039;\u00e0 un voyage en ferry, sur l&#039;autre rive de la charmante rivi\u00e8re Guadiana.<br \/>\nDes vacances dans cette merveilleuse r\u00e9gion, avec la plage entour\u00e9e de pin\u00e8des, c&#039;est aussi l&#039;occasion de pratiquer des loisirs sportifs, en utilisant les pistes de platane pour faire du v\u00e9lo, se promener ou profiter des nombreuses activit\u00e9s de votre h\u00f4tel.<\/p>\n<p>Monte Gordo n&#039;est peut-\u00eatre pas la station baln\u00e9aire la plus c\u00e9l\u00e8bre, mais vous aurez du mal \u00e0 trouver une meilleure plage que celle-ci en Europe occidentale, et vous en aurez pour votre argent !<\/p>","protected":false},"excerpt":{"rendered":"<p>Monte Gordo est une station baln\u00e9aire populaire situ\u00e9e sur l&#039;une des plus belles plages de l&#039;est de l&#039;Algarve.<\/p>\n<p>La magnifique bande d&#039;un kilom\u00e8tre de long, aux eaux turquoises chaudes et douces, est l&#039;une des plus s\u00fbres de l&#039;Algarve, sans courants forts ni petites vagues.<\/p>\n<p>Monte Gordo est un excellent choix de vacances pour les familles avec enfants, les visiteurs adultes \u00e0 la recherche de journ\u00e9es de d\u00e9tente et pour ceux qui aiment les exp\u00e9riences de plage incroyables !<\/p>","protected":false},"featured_media":7918,"comment_status":"closed","ping_status":"closed","template":"","meta":{"_acf_changed":false,"inline_featured_image":false},"product_brand":[],"product_cat":[706,686],"product_tag":[707,147,472,36,154,46,160,55,478,690,691,169,692,228,677,693,694,695,368],"class_list":{"0":"post-7938","1":"product","2":"type-product","3":"status-publish","4":"has-post-thumbnail","6":"product_cat-escape-4-days-tour-portugal","7":"product_cat-holiday-packs-tours-portugal","8":"product_tag-4-days-tour","9":"product_tag-algarve","10":"product_tag-ayamonte","11":"product_tag-cultural-heritage","12":"product_tag-east-algarve","13":"product_tag-gastronomy-and-wines","14":"product_tag-holidays","15":"product_tag-local-gastronomy","16":"product_tag-monte-gordo","17":"product_tag-monte-gordos-glorious-beach","18":"product_tag-old-town","19":"product_tag-ria-formosa-natural-park","20":"product_tag-sandy-beach","21":"product_tag-sightseeing","22":"product_tag-spring","23":"product_tag-summer","24":"product_tag-sun-beach","25":"product_tag-sunny-days","26":"product_tag-vila-real-sto-antonio","28":"first","29":"instock","30":"virtual","31":"product-type-simple"},"acf":[],"yoast_head":"<!-- This site is optimized with the Yoast SEO Premium plugin v26.8 (Yoast SEO v27.5) - https:\/\/yoast.com\/product\/yoast-seo-premium-wordpress\/ -->\n<title>Escape to Monte Gordo - Legendary Adventure DMC Portugal<\/title>\n<meta name=\"description\" content=\"The Island of Tavira has a long sandy beach and salinas that attract flamingos, spoonbills and other wading birds. In the centre, the medieval castle of Tavira offers views of the city. The Church of Santa Maria do Castelo houses the tombs of 7 knights killed by the Moors.\" \/>\n<meta name=\"robots\" content=\"index, follow, max-snippet:-1, max-image-preview:large, max-video-preview:-1\" \/>\n<link rel=\"canonical\" href=\"https:\/\/legendatours.com\/fr\/produit\/escape-to-monte-gordo-4500pk\/\" \/>\n<meta property=\"og:locale\" content=\"fr_FR\" \/>\n<meta property=\"og:type\" content=\"article\" \/>\n<meta property=\"og:title\" content=\"Escape to Monte Gordo\" \/>\n<meta property=\"og:description\" content=\"The Island of Tavira has a long sandy beach and salinas that attract flamingos, spoonbills and other wading birds. In the centre, the medieval castle of Tavira offers views of the city. The Church of Santa Maria do Castelo houses the tombs of 7 knights killed by the Moors.\" \/>\n<meta property=\"og:url\" content=\"https:\/\/legendatours.com\/fr\/produit\/escape-to-monte-gordo-4500pk\/\" \/>\n<meta property=\"og:site_name\" content=\"Legendary Adventure DMC Portugal\" \/>\n<meta property=\"article:publisher\" content=\"https:\/\/www.facebook.com\/legendaryadventuredmc\/\" \/>\n<meta property=\"article:modified_time\" content=\"2021-08-11T18:04:50+00:00\" \/>\n<meta property=\"og:image\" content=\"https:\/\/legendatours.com\/wp-content\/uploads\/sites\/12\/2021\/04\/monte_gordo_beach-e1611687592676.jpg\" \/>\n\t<meta property=\"og:image:width\" content=\"1024\" \/>\n\t<meta property=\"og:image:height\" content=\"683\" \/>\n\t<meta property=\"og:image:type\" content=\"image\/jpeg\" \/>\n<meta name=\"twitter:card\" content=\"summary_large_image\" \/>\n<meta name=\"twitter:label1\" content=\"Dur\u00e9e de lecture estim\u00e9e\" \/>\n\t<meta name=\"twitter:data1\" content=\"2 minutes\" \/>\n<script type=\"application\/ld+json\" class=\"yoast-schema-graph\">{\"@context\":\"https:\\\/\\\/schema.org\",\"@graph\":[{\"@type\":\"WebPage\",\"@id\":\"https:\\\/\\\/legendatours.com\\\/product\\\/escape-to-monte-gordo-4500pk\\\/\",\"url\":\"https:\\\/\\\/legendatours.com\\\/product\\\/escape-to-monte-gordo-4500pk\\\/\",\"name\":\"Escape to Monte Gordo - Legendary Adventure DMC Portugal\",\"isPartOf\":{\"@id\":\"https:\\\/\\\/legendatours.com\\\/#website\"},\"primaryImageOfPage\":{\"@id\":\"https:\\\/\\\/legendatours.com\\\/product\\\/escape-to-monte-gordo-4500pk\\\/#primaryimage\"},\"image\":{\"@id\":\"https:\\\/\\\/legendatours.com\\\/product\\\/escape-to-monte-gordo-4500pk\\\/#primaryimage\"},\"thumbnailUrl\":\"https:\\\/\\\/legendatours.com\\\/wp-content\\\/uploads\\\/sites\\\/12\\\/2021\\\/04\\\/monte_gordo_beach-e1611687592676.jpg\",\"datePublished\":\"2020-06-25T16:32:30+00:00\",\"dateModified\":\"2021-08-11T18:04:50+00:00\",\"description\":\"The Island of Tavira has a long sandy beach and salinas that attract flamingos, spoonbills and other wading birds. In the centre, the medieval castle of Tavira offers views of the city. The Church of Santa Maria do Castelo houses the tombs of 7 knights killed by the Moors.\",\"breadcrumb\":{\"@id\":\"https:\\\/\\\/legendatours.com\\\/product\\\/escape-to-monte-gordo-4500pk\\\/#breadcrumb\"},\"inLanguage\":\"fr-FR\",\"potentialAction\":[{\"@type\":\"ReadAction\",\"target\":[\"https:\\\/\\\/legendatours.com\\\/product\\\/escape-to-monte-gordo-4500pk\\\/\"]}]},{\"@type\":\"ImageObject\",\"inLanguage\":\"fr-FR\",\"@id\":\"https:\\\/\\\/legendatours.com\\\/product\\\/escape-to-monte-gordo-4500pk\\\/#primaryimage\",\"url\":\"https:\\\/\\\/legendatours.com\\\/wp-content\\\/uploads\\\/sites\\\/12\\\/2021\\\/04\\\/monte_gordo_beach-e1611687592676.jpg\",\"contentUrl\":\"https:\\\/\\\/legendatours.com\\\/wp-content\\\/uploads\\\/sites\\\/12\\\/2021\\\/04\\\/monte_gordo_beach-e1611687592676.jpg\",\"width\":1024,\"height\":683,\"caption\":\"Monte Gordo Beach holidays\"},{\"@type\":\"BreadcrumbList\",\"@id\":\"https:\\\/\\\/legendatours.com\\\/product\\\/escape-to-monte-gordo-4500pk\\\/#breadcrumb\",\"itemListElement\":[{\"@type\":\"ListItem\",\"position\":1,\"name\":\"Home\",\"item\":\"https:\\\/\\\/legendatours.com\\\/\"},{\"@type\":\"ListItem\",\"position\":2,\"name\":\"Shop\",\"item\":\"https:\\\/\\\/legendatours.com\\\/sv\\\/?page_id=4\"},{\"@type\":\"ListItem\",\"position\":3,\"name\":\"The Island of Tavira has a long sandy beach and salinas that attract flamingos, spoonbills and other wading birds. In the centre, the medieval castle of Tavira offers views of the city. The Church of Santa Maria do Castelo houses the tombs of 7 knights killed by the Moors.\"}]},{\"@type\":\"WebSite\",\"@id\":\"https:\\\/\\\/legendatours.com\\\/#website\",\"url\":\"https:\\\/\\\/legendatours.com\\\/\",\"name\":\"Legendary Adventure DMC Portugal\",\"description\":\"Responsible Walking &amp; Nature Holidays in Portugal\",\"publisher\":{\"@id\":\"https:\\\/\\\/legendatours.com\\\/#organization\"},\"alternateName\":\"Legendary Adventure Portugal\",\"potentialAction\":[{\"@type\":\"SearchAction\",\"target\":{\"@type\":\"EntryPoint\",\"urlTemplate\":\"https:\\\/\\\/legendatours.com\\\/?s={search_term_string}\"},\"query-input\":{\"@type\":\"PropertyValueSpecification\",\"valueRequired\":true,\"valueName\":\"search_term_string\"}}],\"inLanguage\":\"fr-FR\"},{\"@type\":\"Organization\",\"@id\":\"https:\\\/\\\/legendatours.com\\\/#organization\",\"name\":\"legendatours.com\",\"url\":\"https:\\\/\\\/legendatours.com\\\/\",\"logo\":{\"@type\":\"ImageObject\",\"inLanguage\":\"fr-FR\",\"@id\":\"https:\\\/\\\/legendatours.com\\\/#\\\/schema\\\/logo\\\/image\\\/\",\"url\":\"https:\\\/\\\/legendatours.com\\\/wp-content\\\/uploads\\\/sites\\\/12\\\/2021\\\/06\\\/legendary_adventure_dmc.png\",\"contentUrl\":\"https:\\\/\\\/legendatours.com\\\/wp-content\\\/uploads\\\/sites\\\/12\\\/2021\\\/06\\\/legendary_adventure_dmc.png\",\"width\":250,\"height\":74,\"caption\":\"legendatours.com\"},\"image\":{\"@id\":\"https:\\\/\\\/legendatours.com\\\/#\\\/schema\\\/logo\\\/image\\\/\"},\"sameAs\":[\"https:\\\/\\\/www.facebook.com\\\/legendaryadventuredmc\\\/\",\"https:\\\/\\\/www.linkedin.com\\\/company\\\/legendary-adventure-dmc-portugal\",\"https:\\\/\\\/www.youtube.com\\\/channel\\\/UCOIRDx_KM6ynIcacQkZjb6g\"]}]}<\/script>\n<!-- \/ Yoast SEO Premium plugin. -->","yoast_head_json":{"title":"\u00c9vadez-vous \u00e0 Monte Gordo - Legendary Adventure DMC Portugal","description":"L&#039;\u00eele de Tavira poss\u00e8de une longue plage de sable et des salines qui attirent les flamants roses, les spatules et autres \u00e9chassiers. Au centre, le ch\u00e2teau m\u00e9di\u00e9val de Tavira offre des vues sur la ville. L&#039;\u00e9glise de Santa Maria do Castelo abrite les tombes de 7 chevaliers tu\u00e9s par les Maures.","robots":{"index":"index","follow":"follow","max-snippet":"max-snippet:-1","max-image-preview":"max-image-preview:large","max-video-preview":"max-video-preview:-1"},"canonical":"https:\/\/legendatours.com\/fr\/produit\/escape-to-monte-gordo-4500pk\/","og_locale":"fr_FR","og_type":"article","og_title":"Escape to Monte Gordo","og_description":"The Island of Tavira has a long sandy beach and salinas that attract flamingos, spoonbills and other wading birds. In the centre, the medieval castle of Tavira offers views of the city. The Church of Santa Maria do Castelo houses the tombs of 7 knights killed by the Moors.","og_url":"https:\/\/legendatours.com\/fr\/produit\/escape-to-monte-gordo-4500pk\/","og_site_name":"Legendary Adventure DMC Portugal","article_publisher":"https:\/\/www.facebook.com\/legendaryadventuredmc\/","article_modified_time":"2021-08-11T18:04:50+00:00","og_image":[{"width":1024,"height":683,"url":"https:\/\/legendatours.com\/wp-content\/uploads\/sites\/12\/2021\/04\/monte_gordo_beach-e1611687592676.jpg","type":"image\/jpeg"}],"twitter_card":"summary_large_image","twitter_misc":{"Dur\u00e9e de lecture estim\u00e9e":"2 minutes"},"schema":{"@context":"https:\/\/schema.org","@graph":[{"@type":"WebPage","@id":"https:\/\/legendatours.com\/product\/escape-to-monte-gordo-4500pk\/","url":"https:\/\/legendatours.com\/product\/escape-to-monte-gordo-4500pk\/","name":"\u00c9vadez-vous \u00e0 Monte Gordo - Legendary Adventure DMC Portugal","isPartOf":{"@id":"https:\/\/legendatours.com\/#website"},"primaryImageOfPage":{"@id":"https:\/\/legendatours.com\/product\/escape-to-monte-gordo-4500pk\/#primaryimage"},"image":{"@id":"https:\/\/legendatours.com\/product\/escape-to-monte-gordo-4500pk\/#primaryimage"},"thumbnailUrl":"https:\/\/legendatours.com\/wp-content\/uploads\/sites\/12\/2021\/04\/monte_gordo_beach-e1611687592676.jpg","datePublished":"2020-06-25T16:32:30+00:00","dateModified":"2021-08-11T18:04:50+00:00","description":"L&#039;\u00eele de Tavira poss\u00e8de une longue plage de sable et des salines qui attirent les flamants roses, les spatules et autres \u00e9chassiers. Au centre, le ch\u00e2teau m\u00e9di\u00e9val de Tavira offre des vues sur la ville. L&#039;\u00e9glise de Santa Maria do Castelo abrite les tombes de 7 chevaliers tu\u00e9s par les Maures.","breadcrumb":{"@id":"https:\/\/legendatours.com\/product\/escape-to-monte-gordo-4500pk\/#breadcrumb"},"inLanguage":"fr-FR","potentialAction":[{"@type":"ReadAction","target":["https:\/\/legendatours.com\/product\/escape-to-monte-gordo-4500pk\/"]}]},{"@type":"ImageObject","inLanguage":"fr-FR","@id":"https:\/\/legendatours.com\/product\/escape-to-monte-gordo-4500pk\/#primaryimage","url":"https:\/\/legendatours.com\/wp-content\/uploads\/sites\/12\/2021\/04\/monte_gordo_beach-e1611687592676.jpg","contentUrl":"https:\/\/legendatours.com\/wp-content\/uploads\/sites\/12\/2021\/04\/monte_gordo_beach-e1611687592676.jpg","width":1024,"height":683,"caption":"Monte Gordo Beach holidays"},{"@type":"BreadcrumbList","@id":"https:\/\/legendatours.com\/product\/escape-to-monte-gordo-4500pk\/#breadcrumb","itemListElement":[{"@type":"ListItem","position":1,"name":"Home","item":"https:\/\/legendatours.com\/"},{"@type":"ListItem","position":2,"name":"Shop","item":"https:\/\/legendatours.com\/sv\/?page_id=4"},{"@type":"ListItem","position":3,"name":"The Island of Tavira has a long sandy beach and salinas that attract flamingos, spoonbills and other wading birds. In the centre, the medieval castle of Tavira offers views of the city. The Church of Santa Maria do Castelo houses the tombs of 7 knights killed by the Moors."}]},{"@type":"WebSite","@id":"https:\/\/legendatours.com\/#website","url":"https:\/\/legendatours.com\/","name":"Aventure l\u00e9gendaire DMC Portugal","description":"Randonn\u00e9es responsables et vacances nature au Portugal","publisher":{"@id":"https:\/\/legendatours.com\/#organization"},"alternateName":"Legendary Adventure Portugal","potentialAction":[{"@type":"SearchAction","target":{"@type":"EntryPoint","urlTemplate":"https:\/\/legendatours.com\/?s={search_term_string}"},"query-input":{"@type":"PropertyValueSpecification","valueRequired":true,"valueName":"search_term_string"}}],"inLanguage":"fr-FR"},{"@type":"Organization","@id":"https:\/\/legendatours.com\/#organization","name":"legendatours.com","url":"https:\/\/legendatours.com\/","logo":{"@type":"ImageObject","inLanguage":"fr-FR","@id":"https:\/\/legendatours.com\/#\/schema\/logo\/image\/","url":"https:\/\/legendatours.com\/wp-content\/uploads\/sites\/12\/2021\/06\/legendary_adventure_dmc.png","contentUrl":"https:\/\/legendatours.com\/wp-content\/uploads\/sites\/12\/2021\/06\/legendary_adventure_dmc.png","width":250,"height":74,"caption":"legendatours.com"},"image":{"@id":"https:\/\/legendatours.com\/#\/schema\/logo\/image\/"},"sameAs":["https:\/\/www.facebook.com\/legendaryadventuredmc\/","https:\/\/www.linkedin.com\/company\/legendary-adventure-dmc-portugal","https:\/\/www.youtube.com\/channel\/UCOIRDx_KM6ynIcacQkZjb6g"]}]}},"_links":{"self":[{"href":"https:\/\/legendatours.com\/fr\/wp-json\/wp\/v2\/product\/7938","targetHints":{"allow":["GET"]}}],"collection":[{"href":"https:\/\/legendatours.com\/fr\/wp-json\/wp\/v2\/product"}],"about":[{"href":"https:\/\/legendatours.com\/fr\/wp-json\/wp\/v2\/types\/product"}],"replies":[{"embeddable":true,"href":"https:\/\/legendatours.com\/fr\/wp-json\/wp\/v2\/comments?post=7938"}],"wp:featuredmedia":[{"embeddable":true,"href":"https:\/\/legendatours.com\/fr\/wp-json\/wp\/v2\/media\/7918"}],"wp:attachment":[{"href":"https:\/\/legendatours.com\/fr\/wp-json\/wp\/v2\/media?parent=7938"}],"wp:term":[{"taxonomy":"product_brand","embeddable":true,"href":"https:\/\/legendatours.com\/fr\/wp-json\/wp\/v2\/product_brand?post=7938"},{"taxonomy":"product_cat","embeddable":true,"href":"https:\/\/legendatours.com\/fr\/wp-json\/wp\/v2\/product_cat?post=7938"},{"taxonomy":"product_tag","embeddable":true,"href":"https:\/\/legendatours.com\/fr\/wp-json\/wp\/v2\/product_tag?post=7938"}],"curies":[{"name":"wp","href":"https:\/\/api.w.org\/{rel}","templated":true}]}}