{"id":7999,"date":"2020-06-18T15:48:30","date_gmt":"2020-06-18T15:48:30","guid":{"rendered":"https:\/\/legendatours.com\/product\/independent-rail-holidays-to-explore-the-northern-portugal-by-train\/"},"modified":"2022-02-23T13:24:36","modified_gmt":"2022-02-23T13:24:36","slug":"explore-the-northern-portugal-by-train-7300st","status":"publish","type":"product","link":"https:\/\/legendatours.com\/fr\/produit\/explore-the-northern-portugal-by-train-7300st\/","title":{"rendered":"Vacances en train ind\u00e9pendantes pour explorer le nord du Portugal en train"},"content":{"rendered":"<p>Le nord du Portugal est une combinaison s\u00e9duisante de villes historiques, d&#039;une campagne luxuriante et d&#039;un littoral \u00e9tendu et sauvage.<\/p>\n<p>Cette <a href=\"..\/..\/product-tag\/walking-tour\/\">visite \u00e0 pied<\/a> en train est une aventure individuelle bas\u00e9e dans deux charmantes villes : Viana do Castelo, connue comme la \u00ab Perle du Nord \u00bb, et Guimar\u00e3es, le berceau du Portugal.<\/p>\n<p>Prenez le train, et profitez de vos vacances \u00e0 pied dans ce lieu hors du temps et magique !<\/p>\n<div id=\"attachment_2947\" style=\"width: 1034px\" class=\"wp-caption alignnone\"><img loading=\"lazy\" decoding=\"async\" aria-describedby=\"caption-attachment-2947\" class=\"wp-image-2947 size-large\" title=\"Le magnifique ch\u00e2teau de Viana do Castelo surplombe la ville\" src=\"https:\/\/legendatours.net\/wp-content\/uploads\/2020\/08\/viana-do-castelo-1024x733.jpg\" alt=\"Viana do Castelo Castle Portugal\" width=\"1024\" height=\"733\" \/><p id=\"caption-attachment-2947\" class=\"wp-caption-text\">Belle Viana do Castelo surplombant la ville.<\/p><\/div>\n<p>La premi\u00e8re base de cette visite \u00e0 pied autoguid\u00e9e est <a href=\"..\/..\/product-tag\/viana-do-castelo\/\">Viana do Castelo<\/a>, \u00e0 l&#039;embouchure de la rivi\u00e8re Lima, sur la c\u00f4te atlantique. C&#039;est une ville attrayante, couronn\u00e9e par la basilique de Santa Luzia, d&#039;o\u00f9 vous aurez une vue imprenable. Le funiculaire le plus long du Portugal vous y conduira.<\/p>\n<p>Le charmant centre m\u00e9di\u00e9val aux rues \u00e9troites et sinueuses abrite des \u00e9glises et des b\u00e2timents impressionnants. Les traditions et la culture charismatiques de la ville sont pr\u00e9sentes dans les arts et l&#039;artisanat color\u00e9s et dans les bijoux en filigrane d&#039;or.<\/p>\n<div id=\"attachment_2568\" style=\"width: 1034px\" class=\"wp-caption alignnone\"><img loading=\"lazy\" decoding=\"async\" aria-describedby=\"caption-attachment-2568\" class=\"wp-image-2568 size-large\" title=\"Plage de rochers - Vila Praia \u00e2ncora\" src=\"https:\/\/legendatours.net\/wp-content\/uploads\/2020\/06\/vila_praia_ancora-1024x576.jpg\" alt=\"Rock beach - Vila Praia \u00e2ncora\" width=\"1024\" height=\"576\" \/><p id=\"caption-attachment-2568\" class=\"wp-caption-text\">Plage de rochers \u2013 Vila Praia \u00e2ncora, un environnement naturel attrayant, propice \u00e0 la marche.<\/p><\/div>\n<p>De l\u00e0, empruntez le sentier Canos d&#039;\u00c0gua, en suivant les anciennes canalisations d&#039;eau construites en granit. Il comporte de beaux sentiers serpentant \u00e0 travers la for\u00eat et offre une vue magnifique sur Viana et la rivi\u00e8re Lima.<\/p>\n<p>Un trajet en train vous conduira \u00e0 <a href=\"..\/..\/product-tag\/vila-praia-de-ancora\/\">Vila Praia de Ancora<\/a>, \u00e0 un paysage de plages sauvages, d&#039;interminables \u00e9tendues de sable adoss\u00e9es \u00e0 des dunes et des pin\u00e8des.<\/p>\n<p>Caminha est \u00e0 un pas de la c\u00f4te espagnole, visible de l&#039;autre c\u00f4t\u00e9 du fleuve Minho avec sa colline de Santa Tecla qui regarde en arri\u00e8re. Les maisons traditionnelles aux murs de pierre et les places fleuries de Caminha seront un r\u00e9gal \u00e0 la fin de votre promenade !<\/p>\n<p>Prendre le train pour <a href=\"..\/..\/product-tag\/guimaraes\/\">Guimar\u00e3es<\/a>, connu comme le berceau du Portugal. La ville poss\u00e8de un centre m\u00e9di\u00e9val bien conserv\u00e9, inscrit comme <a href=\"..\/..\/product-tag\/unesco-world-heritage-site\/\">Site du patrimoine de l&#039;Unesco<\/a>. C&#039;est un enchev\u00eatrement pittoresque de ruelles et de places, avec des chapelles, des \u00e9glises, un palais du XVe si\u00e8cle et un ch\u00e2teau de 1000 ans.<\/p>\n<div id=\"attachment_2557\" style=\"width: 1034px\" class=\"wp-caption alignnone\"><img loading=\"lazy\" decoding=\"async\" aria-describedby=\"caption-attachment-2557\" class=\"wp-image-2557 size-large\" title=\"Centre-ville de Guimar\u00e3es\" src=\"https:\/\/legendatours.net\/wp-content\/uploads\/2020\/06\/guimaraes-1024x681.jpg\" alt=\"Guimar\u00e3es city center\" width=\"1024\" height=\"681\" \/><p id=\"caption-attachment-2557\" class=\"wp-caption-text\">Centre-ville de Guimar\u00e3es, centre historique de Guimar\u00e3es exceptionnellement bien conserv\u00e9.<\/p><\/div>\n<p>De l\u00e0, vous ferez l&#039;exp\u00e9rience d&#039;une promenade jusqu&#039;\u00e0 Senhora da Penha, un lieu de p\u00e8lerinage accessible par des sentiers \u00e9troits, perch\u00e9 entre de gros rochers de granit.<br \/>\nFafe sera une autre \u00e9tape, une ville b\u00e9nie par la proximit\u00e9 des rivi\u00e8res Vizela et Ferro.<\/p>\n<p>Une ancienne voie ferr\u00e9e de la fin du XIX\u00e8me si\u00e8cle a \u00e9t\u00e9 transform\u00e9e en voie \u00e9cologique, traversant des paysages verdoyants avec des vues imprenables.<\/p>\n<p>N&#039;oubliez pas d&#039;avoir un bon \u00e9chantillon de la nourriture et des vins incroyables de la r\u00e9gion !<\/p>\n<div class=\"row\" style=\"display: flex;\">\n<div class=\"column\" style=\"flex: 45%;\">\n<p><iframe loading=\"lazy\" title=\"Porto et le Nord comme jamais vu auparavant\" width=\"1080\" height=\"608\" src=\"https:\/\/www.youtube.com\/embed\/47k8DRF7_-M?feature=oembed\" frameborder=\"0\" allow=\"accelerometer; autoplay; clipboard-write; encrypted-media; gyroscope; picture-in-picture\" allowfullscreen><\/iframe><\/p>\n<\/div>\n<div class=\"column\" style=\"flex: 10%;\"><\/div>\n<div class=\"column\" style=\"flex: 45%;\">\n<p><iframe loading=\"lazy\" title=\"Un avant-go\u00fbt du Portugal | Un Pays de Montagnes\" width=\"1080\" height=\"608\" src=\"https:\/\/www.youtube.com\/embed\/7bV-DSL7cEc?feature=oembed\" frameborder=\"0\" allow=\"accelerometer; autoplay; clipboard-write; encrypted-media; gyroscope; picture-in-picture\" allowfullscreen><\/iframe><\/p>\n<\/div>\n<\/div>","protected":false},"excerpt":{"rendered":"<p>Le nord du Portugal est une combinaison s\u00e9duisante de villes historiques, d&#039;une campagne luxuriante et d&#039;un littoral \u00e9tendu et sauvage.<\/p>\n<p>Cette visite \u00e0 pied en train est une aventure individuelle bas\u00e9e dans deux charmantes villes : Viana do Castelo, connue comme la \u00ab Perle du Nord \u00bb, et Guimar\u00e3es, le berceau du Portugal.<\/p>\n<p>Prenez le train, et profitez de vos vacances \u00e0 pied dans ce lieu hors du temps et magique !<\/p>","protected":false},"featured_media":7820,"comment_status":"closed","ping_status":"closed","template":"","meta":{"_acf_changed":false,"inline_featured_image":false},"product_brand":[],"product_cat":[734,301,735],"product_tag":[306,428,659,153,214,240,88,117,156,535,218,758,313,759,760,761,762,271,744,97,745,102,162,272,246,747,247,106,763,749,764,765,766,767,768,629,769,319,752,728,753,228,322,770,324,280,281,283,285,771,684,685,230,252,325,772,326,121,756,180,421,757,145],"class_list":{"0":"post-7999","1":"product","2":"type-product","3":"status-publish","4":"has-post-thumbnail","6":"product_cat-self-guided-sightseeing-holidays-in-portugal","7":"product_cat-self-guided-tours-portugal","8":"product_cat-self-guided-train-holidays-portugal","9":"product_tag-alleine-reisen","10":"product_tag-bird-watching","11":"product_tag-costa-verde","12":"product_tag-countryside","13":"product_tag-culture","14":"product_tag-green-coast","15":"product_tag-green-valleys","16":"product_tag-guimaraes","17":"product_tag-hiking","18":"product_tag-historic-centre","19":"product_tag-history","20":"product_tag-individual-hiking","21":"product_tag-individuelle-touren","22":"product_tag-individuelle-trekkingreisen","23":"product_tag-individuelle-wandern","24":"product_tag-individuelle-wanderreisen","25":"product_tag-individuelle-wandertouren","26":"product_tag-lush-green-hills","27":"product_tag-monument","28":"product_tag-natural-park","29":"product_tag-nature-hikes","30":"product_tag-nature-trails","31":"product_tag-nature-walks","32":"product_tag-north-of-portugal","33":"product_tag-northern-portugal","34":"product_tag-paths","35":"product_tag-pearl-of-the-north","36":"product_tag-picturesque-landscapes","37":"product_tag-portuguese-food","38":"product_tag-protected-area","39":"product_tag-rando-autoguidee","40":"product_tag-rando-liberte","41":"product_tag-randonnee-autoguidee","42":"product_tag-randonnee-en-liberte","43":"product_tag-randonnee-liberte","44":"product_tag-rio-minho","45":"product_tag-santuario-santa-luzia","46":"product_tag-sejour-en-liberte","47":"product_tag-self-guided-train","48":"product_tag-self-guided-walking-holiday","49":"product_tag-self-guided-walking-tour","50":"product_tag-sightseeing","51":"product_tag-solo-reisen","52":"product_tag-solo-wandern","53":"product_tag-tours-autoguidees","54":"product_tag-train","55":"product_tag-train-holidays","56":"product_tag-train-tour","57":"product_tag-travel-train-tour-in-portugal","58":"product_tag-trek-en-liberte","59":"product_tag-trek-solo","60":"product_tag-trekking-solo","61":"product_tag-viana-do-castelo","62":"product_tag-vila-praia-de-ancora","63":"product_tag-voyage-en-liberte","64":"product_tag-voyages-a-pied-en-liberte","65":"product_tag-voyages-en-autonomie","66":"product_tag-walking","67":"product_tag-walking-holiday","68":"product_tag-walking-tour","69":"product_tag-walking-trails","70":"product_tag-walks","71":"product_tag-wines","73":"first","74":"instock","75":"virtual","76":"product-type-simple"},"acf":[],"yoast_head":"<!-- This site is optimized with the Yoast SEO Premium plugin v26.8 (Yoast SEO v27.4) - https:\/\/yoast.com\/product\/yoast-seo-premium-wordpress\/ -->\n<title>Independent Rail Holidays to Explore the Northern Portugal by train - Legendary Adventure DMC Portugal<\/title>\n<meta name=\"robots\" content=\"index, follow, max-snippet:-1, max-image-preview:large, max-video-preview:-1\" \/>\n<link rel=\"canonical\" href=\"https:\/\/legendatours.com\/fr\/produit\/explore-the-northern-portugal-by-train-7300st\/\" \/>\n<meta property=\"og:locale\" content=\"fr_FR\" \/>\n<meta property=\"og:type\" content=\"article\" \/>\n<meta property=\"og:title\" content=\"Independent Rail Holidays to Explore the Northern Portugal by train\" \/>\n<meta property=\"og:description\" content=\"The North of Portugal is an enticing combination of historic cities, lush countryside, and an extensive and wild coastline.  This walking tour by train is an individual adventure based in two lovely cities: Viana do Castelo, known as the &quot;Pearl of the North&quot;, and Guimar\u00e3es, the birthplace of Portugal.  Take the train, and enjoy your walking holidays in this timeless and magical place!\" \/>\n<meta property=\"og:url\" content=\"https:\/\/legendatours.com\/fr\/produit\/explore-the-northern-portugal-by-train-7300st\/\" \/>\n<meta property=\"og:site_name\" content=\"Legendary Adventure DMC Portugal\" \/>\n<meta property=\"article:publisher\" content=\"https:\/\/www.facebook.com\/legendaryadventuredmc\/\" \/>\n<meta property=\"article:modified_time\" content=\"2022-02-23T13:24:36+00:00\" \/>\n<meta property=\"og:image\" content=\"https:\/\/legendatours.com\/wp-content\/uploads\/sites\/12\/2021\/04\/caminha.jpeg\" \/>\n\t<meta property=\"og:image:width\" content=\"1067\" \/>\n\t<meta property=\"og:image:height\" content=\"800\" \/>\n\t<meta property=\"og:image:type\" content=\"image\/jpeg\" \/>\n<meta name=\"twitter:card\" content=\"summary_large_image\" \/>\n<meta name=\"twitter:label1\" content=\"Dur\u00e9e de lecture estim\u00e9e\" \/>\n\t<meta name=\"twitter:data1\" content=\"2 minutes\" \/>\n<script type=\"application\/ld+json\" class=\"yoast-schema-graph\">{\"@context\":\"https:\\\/\\\/schema.org\",\"@graph\":[{\"@type\":\"WebPage\",\"@id\":\"https:\\\/\\\/legendatours.com\\\/product\\\/explore-the-northern-portugal-by-train-7300st\\\/\",\"url\":\"https:\\\/\\\/legendatours.com\\\/product\\\/explore-the-northern-portugal-by-train-7300st\\\/\",\"name\":\"Independent Rail Holidays to Explore the Northern Portugal by train - Legendary Adventure DMC Portugal\",\"isPartOf\":{\"@id\":\"https:\\\/\\\/legendatours.com\\\/#website\"},\"primaryImageOfPage\":{\"@id\":\"https:\\\/\\\/legendatours.com\\\/product\\\/explore-the-northern-portugal-by-train-7300st\\\/#primaryimage\"},\"image\":{\"@id\":\"https:\\\/\\\/legendatours.com\\\/product\\\/explore-the-northern-portugal-by-train-7300st\\\/#primaryimage\"},\"thumbnailUrl\":\"https:\\\/\\\/legendatours.com\\\/wp-content\\\/uploads\\\/sites\\\/12\\\/2021\\\/04\\\/caminha.jpeg\",\"datePublished\":\"2020-06-18T15:48:30+00:00\",\"dateModified\":\"2022-02-23T13:24:36+00:00\",\"breadcrumb\":{\"@id\":\"https:\\\/\\\/legendatours.com\\\/product\\\/explore-the-northern-portugal-by-train-7300st\\\/#breadcrumb\"},\"inLanguage\":\"fr-FR\",\"potentialAction\":[{\"@type\":\"ReadAction\",\"target\":[\"https:\\\/\\\/legendatours.com\\\/product\\\/explore-the-northern-portugal-by-train-7300st\\\/\"]}]},{\"@type\":\"ImageObject\",\"inLanguage\":\"fr-FR\",\"@id\":\"https:\\\/\\\/legendatours.com\\\/product\\\/explore-the-northern-portugal-by-train-7300st\\\/#primaryimage\",\"url\":\"https:\\\/\\\/legendatours.com\\\/wp-content\\\/uploads\\\/sites\\\/12\\\/2021\\\/04\\\/caminha.jpeg\",\"contentUrl\":\"https:\\\/\\\/legendatours.com\\\/wp-content\\\/uploads\\\/sites\\\/12\\\/2021\\\/04\\\/caminha.jpeg\",\"width\":1067,\"height\":800,\"caption\":\"From Vila Praia de \u00c2ncora to Caminha\"},{\"@type\":\"BreadcrumbList\",\"@id\":\"https:\\\/\\\/legendatours.com\\\/product\\\/explore-the-northern-portugal-by-train-7300st\\\/#breadcrumb\",\"itemListElement\":[{\"@type\":\"ListItem\",\"position\":1,\"name\":\"Home\",\"item\":\"https:\\\/\\\/legendatours.com\\\/\"},{\"@type\":\"ListItem\",\"position\":2,\"name\":\"Shop\",\"item\":\"https:\\\/\\\/legendatours.com\\\/sv\\\/?page_id=4\"},{\"@type\":\"ListItem\",\"position\":3,\"name\":\"Independent Rail Holidays to Explore the Northern Portugal by train\"}]},{\"@type\":\"WebSite\",\"@id\":\"https:\\\/\\\/legendatours.com\\\/#website\",\"url\":\"https:\\\/\\\/legendatours.com\\\/\",\"name\":\"Legendary Adventure DMC Portugal\",\"description\":\"Responsible Walking &amp; Nature Holidays in Portugal\",\"publisher\":{\"@id\":\"https:\\\/\\\/legendatours.com\\\/#organization\"},\"alternateName\":\"Legendary Adventure Portugal\",\"potentialAction\":[{\"@type\":\"SearchAction\",\"target\":{\"@type\":\"EntryPoint\",\"urlTemplate\":\"https:\\\/\\\/legendatours.com\\\/?s={search_term_string}\"},\"query-input\":{\"@type\":\"PropertyValueSpecification\",\"valueRequired\":true,\"valueName\":\"search_term_string\"}}],\"inLanguage\":\"fr-FR\"},{\"@type\":\"Organization\",\"@id\":\"https:\\\/\\\/legendatours.com\\\/#organization\",\"name\":\"legendatours.com\",\"url\":\"https:\\\/\\\/legendatours.com\\\/\",\"logo\":{\"@type\":\"ImageObject\",\"inLanguage\":\"fr-FR\",\"@id\":\"https:\\\/\\\/legendatours.com\\\/#\\\/schema\\\/logo\\\/image\\\/\",\"url\":\"https:\\\/\\\/legendatours.com\\\/wp-content\\\/uploads\\\/sites\\\/12\\\/2021\\\/06\\\/legendary_adventure_dmc.png\",\"contentUrl\":\"https:\\\/\\\/legendatours.com\\\/wp-content\\\/uploads\\\/sites\\\/12\\\/2021\\\/06\\\/legendary_adventure_dmc.png\",\"width\":250,\"height\":74,\"caption\":\"legendatours.com\"},\"image\":{\"@id\":\"https:\\\/\\\/legendatours.com\\\/#\\\/schema\\\/logo\\\/image\\\/\"},\"sameAs\":[\"https:\\\/\\\/www.facebook.com\\\/legendaryadventuredmc\\\/\",\"https:\\\/\\\/www.linkedin.com\\\/company\\\/legendary-adventure-dmc-portugal\",\"https:\\\/\\\/www.youtube.com\\\/channel\\\/UCOIRDx_KM6ynIcacQkZjb6g\"]}]}<\/script>\n<!-- \/ Yoast SEO Premium plugin. -->","yoast_head_json":{"title":"Vacances en train ind\u00e9pendantes pour explorer le nord du Portugal en train - Legendary Adventure DMC Portugal","robots":{"index":"index","follow":"follow","max-snippet":"max-snippet:-1","max-image-preview":"max-image-preview:large","max-video-preview":"max-video-preview:-1"},"canonical":"https:\/\/legendatours.com\/fr\/produit\/explore-the-northern-portugal-by-train-7300st\/","og_locale":"fr_FR","og_type":"article","og_title":"Independent Rail Holidays to Explore the Northern Portugal by train","og_description":"The North of Portugal is an enticing combination of historic cities, lush countryside, and an extensive and wild coastline.  This walking tour by train is an individual adventure based in two lovely cities: Viana do Castelo, known as the \"Pearl of the North\", and Guimar\u00e3es, the birthplace of Portugal.  Take the train, and enjoy your walking holidays in this timeless and magical place!","og_url":"https:\/\/legendatours.com\/fr\/produit\/explore-the-northern-portugal-by-train-7300st\/","og_site_name":"Legendary Adventure DMC Portugal","article_publisher":"https:\/\/www.facebook.com\/legendaryadventuredmc\/","article_modified_time":"2022-02-23T13:24:36+00:00","og_image":[{"width":1067,"height":800,"url":"https:\/\/legendatours.com\/wp-content\/uploads\/sites\/12\/2021\/04\/caminha.jpeg","type":"image\/jpeg"}],"twitter_card":"summary_large_image","twitter_misc":{"Dur\u00e9e de lecture estim\u00e9e":"2 minutes"},"schema":{"@context":"https:\/\/schema.org","@graph":[{"@type":"WebPage","@id":"https:\/\/legendatours.com\/product\/explore-the-northern-portugal-by-train-7300st\/","url":"https:\/\/legendatours.com\/product\/explore-the-northern-portugal-by-train-7300st\/","name":"Vacances en train ind\u00e9pendantes pour explorer le nord du Portugal en train - Legendary Adventure DMC Portugal","isPartOf":{"@id":"https:\/\/legendatours.com\/#website"},"primaryImageOfPage":{"@id":"https:\/\/legendatours.com\/product\/explore-the-northern-portugal-by-train-7300st\/#primaryimage"},"image":{"@id":"https:\/\/legendatours.com\/product\/explore-the-northern-portugal-by-train-7300st\/#primaryimage"},"thumbnailUrl":"https:\/\/legendatours.com\/wp-content\/uploads\/sites\/12\/2021\/04\/caminha.jpeg","datePublished":"2020-06-18T15:48:30+00:00","dateModified":"2022-02-23T13:24:36+00:00","breadcrumb":{"@id":"https:\/\/legendatours.com\/product\/explore-the-northern-portugal-by-train-7300st\/#breadcrumb"},"inLanguage":"fr-FR","potentialAction":[{"@type":"ReadAction","target":["https:\/\/legendatours.com\/product\/explore-the-northern-portugal-by-train-7300st\/"]}]},{"@type":"ImageObject","inLanguage":"fr-FR","@id":"https:\/\/legendatours.com\/product\/explore-the-northern-portugal-by-train-7300st\/#primaryimage","url":"https:\/\/legendatours.com\/wp-content\/uploads\/sites\/12\/2021\/04\/caminha.jpeg","contentUrl":"https:\/\/legendatours.com\/wp-content\/uploads\/sites\/12\/2021\/04\/caminha.jpeg","width":1067,"height":800,"caption":"From Vila Praia de \u00c2ncora to Caminha"},{"@type":"BreadcrumbList","@id":"https:\/\/legendatours.com\/product\/explore-the-northern-portugal-by-train-7300st\/#breadcrumb","itemListElement":[{"@type":"ListItem","position":1,"name":"Home","item":"https:\/\/legendatours.com\/"},{"@type":"ListItem","position":2,"name":"Shop","item":"https:\/\/legendatours.com\/sv\/?page_id=4"},{"@type":"ListItem","position":3,"name":"Independent Rail Holidays to Explore the Northern Portugal by train"}]},{"@type":"WebSite","@id":"https:\/\/legendatours.com\/#website","url":"https:\/\/legendatours.com\/","name":"Aventure l\u00e9gendaire DMC Portugal","description":"Randonn\u00e9es responsables et vacances nature au Portugal","publisher":{"@id":"https:\/\/legendatours.com\/#organization"},"alternateName":"Legendary Adventure Portugal","potentialAction":[{"@type":"SearchAction","target":{"@type":"EntryPoint","urlTemplate":"https:\/\/legendatours.com\/?s={search_term_string}"},"query-input":{"@type":"PropertyValueSpecification","valueRequired":true,"valueName":"search_term_string"}}],"inLanguage":"fr-FR"},{"@type":"Organization","@id":"https:\/\/legendatours.com\/#organization","name":"legendatours.com","url":"https:\/\/legendatours.com\/","logo":{"@type":"ImageObject","inLanguage":"fr-FR","@id":"https:\/\/legendatours.com\/#\/schema\/logo\/image\/","url":"https:\/\/legendatours.com\/wp-content\/uploads\/sites\/12\/2021\/06\/legendary_adventure_dmc.png","contentUrl":"https:\/\/legendatours.com\/wp-content\/uploads\/sites\/12\/2021\/06\/legendary_adventure_dmc.png","width":250,"height":74,"caption":"legendatours.com"},"image":{"@id":"https:\/\/legendatours.com\/#\/schema\/logo\/image\/"},"sameAs":["https:\/\/www.facebook.com\/legendaryadventuredmc\/","https:\/\/www.linkedin.com\/company\/legendary-adventure-dmc-portugal","https:\/\/www.youtube.com\/channel\/UCOIRDx_KM6ynIcacQkZjb6g"]}]}},"_links":{"self":[{"href":"https:\/\/legendatours.com\/fr\/wp-json\/wp\/v2\/product\/7999","targetHints":{"allow":["GET"]}}],"collection":[{"href":"https:\/\/legendatours.com\/fr\/wp-json\/wp\/v2\/product"}],"about":[{"href":"https:\/\/legendatours.com\/fr\/wp-json\/wp\/v2\/types\/product"}],"replies":[{"embeddable":true,"href":"https:\/\/legendatours.com\/fr\/wp-json\/wp\/v2\/comments?post=7999"}],"wp:featuredmedia":[{"embeddable":true,"href":"https:\/\/legendatours.com\/fr\/wp-json\/wp\/v2\/media\/7820"}],"wp:attachment":[{"href":"https:\/\/legendatours.com\/fr\/wp-json\/wp\/v2\/media?parent=7999"}],"wp:term":[{"taxonomy":"product_brand","embeddable":true,"href":"https:\/\/legendatours.com\/fr\/wp-json\/wp\/v2\/product_brand?post=7999"},{"taxonomy":"product_cat","embeddable":true,"href":"https:\/\/legendatours.com\/fr\/wp-json\/wp\/v2\/product_cat?post=7999"},{"taxonomy":"product_tag","embeddable":true,"href":"https:\/\/legendatours.com\/fr\/wp-json\/wp\/v2\/product_tag?post=7999"}],"curies":[{"name":"wp","href":"https:\/\/api.w.org\/{rel}","templated":true}]}}