{"id":8018,"date":"2020-06-16T13:28:54","date_gmt":"2020-06-16T13:28:54","guid":{"rendered":"https:\/\/legendatours.com\/product\/holidays-in-porto-trendy-and-charming\/"},"modified":"2021-09-17T16:42:39","modified_gmt":"2021-09-17T16:42:39","slug":"porto-trendy-and-charming-6200s","status":"publish","type":"product","link":"https:\/\/legendatours.com\/fr\/produit\/porto-trendy-and-charming-6200s\/","title":{"rendered":"Vacances \u00e0 Porto, Tendance et Charme"},"content":{"rendered":"<p>S&#039;\u00e9levant dans des couleurs saisissantes depuis les rives du fleuve Douro, Porto s\u00e9duit un centre historique tiss\u00e9 de ruelles, un art public impressionnant et une architecture de pointe.<\/p>\n<p>Cependant, c&#039;est l&#039;\u00e2me de la ville qui la rend vraiment sp\u00e9ciale, avec les habitants charismatiques, la culture et la nourriture et le vin exquis.<\/p>\n<p>Notre city trip autoguid\u00e9 vous fera d\u00e9couvrir la deuxi\u00e8me ville du Portugal, avec en prime un voyage dans la vall\u00e9e du Douro !<\/p>\n<div id=\"attachment_2529\" style=\"width: 1034px\" class=\"wp-caption alignnone\"><img loading=\"lazy\" decoding=\"async\" aria-describedby=\"caption-attachment-2529\" class=\"wp-image-2529 size-large\" title=\"Caf\u00e9s Ribeira dans l&#039;estuaire du fleuve Douro Porto\" src=\"https:\/\/legendatours.net\/wp-content\/uploads\/2020\/06\/Ribeira_cafes-1024x768.jpg\" alt=\"Ribeira cafes in Porto river Douro estuary\" width=\"1024\" height=\"768\" \/><p id=\"caption-attachment-2529\" class=\"wp-caption-text\">Caf\u00e9s Ribeira dans l&#039;estuaire du fleuve Douro de Porto, d\u00e9tendez-vous dans un caf\u00e9 de rue le long du fleuve et admirez les toits ordonn\u00e9s des caves \u00e0 vin de Porto.<\/p><\/div>\n<p>Perch\u00e9 de fa\u00e7on spectaculaire sur les rives escarp\u00e9es du fleuve Douro, le joyau du nord du Portugal est l&#039;une des destinations les plus \u00e9clectiques d&#039;Europe, bourdonnant de culture, de restaurants branch\u00e9s, de bars, de boutiques d&#039;artisans et d&#039;une multitude d&#039;endroits sympas \u00e0 visiter et \u00e0 voir !<\/p>\n<p>Dans toute la ville, vous trouverez des b\u00e2timents Belle \u00c9poque fan\u00e9s, de charmants tramways jaunes et de superbes azulejos (carreaux bleus et blancs).<\/p>\n<p>La gare de S\u00e3o Bento est particuli\u00e8rement m\u00e9morable, avec des azulejos jusqu&#039;au plafond repr\u00e9sentant des moments cl\u00e9s de l&#039;histoire du Portugal. Un autre bel exemple de fa\u00e7ade carrel\u00e9e est l&#039;Igreja da Misericordia.<\/p>\n<p>L&#039;enchev\u00eatrement color\u00e9 des ruelles m\u00e9di\u00e9vales de l&#039;historique Ribeira, quartier class\u00e9 au patrimoine mondial de l&#039;Unesco, se d\u00e9couvre id\u00e9alement \u00e0 pied.<\/p>\n<div id=\"attachment_2535\" style=\"width: 610px\" class=\"wp-caption alignnone\"><img loading=\"lazy\" decoding=\"async\" aria-describedby=\"caption-attachment-2535\" class=\"wp-image-2535 size-full\" src=\"https:\/\/legendatours.net\/wp-content\/uploads\/2020\/06\/window_door_porto.jpg\" alt=\"Window Porto\" width=\"600\" height=\"1200\" \/><p id=\"caption-attachment-2535\" class=\"wp-caption-text\">Fen\u00eatre Porto, maisons du centre historique de Porto.<\/p><\/div>\n<p>Bien que vallonn\u00e9, c&#039;est un plaisir de trouver les surprises cach\u00e9es au bout de ces myst\u00e9rieuses marches et ruelles.<\/p>\n<p>N&#039;oubliez pas de visiter la tr\u00e8s anim\u00e9e Rua das Flores, avec ses boutiques branch\u00e9es, ses boutiques et ses caf\u00e9s branch\u00e9s.<\/p>\n<p>Du haut de l&#039;escalier en colima\u00e7on de 225 marches de Torre dos Clerigos, vous pouvez avoir la meilleure vue sur toute la ville.<\/p>\n<p>Sur la rive oppos\u00e9e, \u00e0 Vila Nova de Gaia, d&#039;immenses enseignes de marque vous attirent vers les loges portuaires embl\u00e9matiques. Traversez le pittoresque Ponte de Dom Lu\u00eds I pour vous y rendre et profitez d&#039;un port tout en admirant la vue.<\/p>\n<div id=\"attachment_2536\" style=\"width: 1034px\" class=\"wp-caption alignnone\"><img loading=\"lazy\" decoding=\"async\" aria-describedby=\"caption-attachment-2536\" class=\"wp-image-2536 size-large\" title=\"Rio Douro au c\u0153ur de la r\u00e9gion d\u00e9limit\u00e9e du porto.\" src=\"https:\/\/legendatours.net\/wp-content\/uploads\/2020\/06\/River_douro-1024x640.jpg\" alt=\"Rio Douro at the heart of the demarcated port-wine region.\" width=\"1024\" height=\"640\" \/><p id=\"caption-attachment-2536\" class=\"wp-caption-text\">Le Rio Douro est au c\u0153ur de la r\u00e9gion d\u00e9limit\u00e9e du porto.<\/p><\/div>\n<p>Au cours de cette visite, vous aurez \u00e9galement l&#039;occasion de profiter d&#039;une superbe croisi\u00e8re fluviale, de Porto \u00e0 R\u00e9gua. Remontez tranquillement le fleuve, \u00e0 travers les paysages \u00e0 couper le souffle des vignobles \u00e0 motifs et des falaises spectaculaires de la vall\u00e9e du Douro.<\/p>\n<p>Le voyage de retour est un trajet en train pittoresque.<\/p>\n<p>Offrant une synth\u00e8se convaincante d&#039;attractions anciennes et contemporaines, c&#039;est un plaisir de d\u00e9couvrir la ville branch\u00e9e et charmante de Porto !<\/p>\n<div class=\"row\" style=\"display: flex;\">\n<div class=\"column\" style=\"flex: 45%;\">\n<p><iframe loading=\"lazy\" title=\"Porto et le Nord comme jamais vu auparavant\" width=\"1080\" height=\"608\" src=\"https:\/\/www.youtube.com\/embed\/47k8DRF7_-M?feature=oembed\" frameborder=\"0\" allow=\"accelerometer; autoplay; clipboard-write; encrypted-media; gyroscope; picture-in-picture\" allowfullscreen><\/iframe><\/p>\n<\/div>\n<div class=\"column\" style=\"flex: 10%;\"><\/div>\n<div class=\"column\" style=\"flex: 45%;\">\n<p><iframe loading=\"lazy\" title=\"LOVE Portugal - Souvenir (aper\u00e7u)\" width=\"1080\" height=\"608\" src=\"https:\/\/www.youtube.com\/embed\/6FRekZRFX1s?feature=oembed\" frameborder=\"0\" allow=\"accelerometer; autoplay; clipboard-write; encrypted-media; gyroscope; picture-in-picture\" allowfullscreen><\/iframe><\/p>\n<\/div>\n<\/div>","protected":false},"excerpt":{"rendered":"<p>S&#039;\u00e9levant dans des couleurs saisissantes depuis les rives du fleuve Douro, Porto s\u00e9duit un centre historique tiss\u00e9 de ruelles, un art public impressionnant et une architecture de pointe.<\/p>\n<p>Cependant, c&#039;est l&#039;\u00e2me de la ville qui la rend vraiment sp\u00e9ciale, avec les habitants charismatiques, la culture et la nourriture et le vin exquis.<\/p>\n<p>Notre city trip autoguid\u00e9 vous fera d\u00e9couvrir la deuxi\u00e8me ville du Portugal, avec en prime un voyage dans la vall\u00e9e du Douro !<\/p>","protected":false},"featured_media":1685,"comment_status":"closed","ping_status":"closed","template":"","meta":{"_acf_changed":false,"inline_featured_image":false},"product_brand":[],"product_cat":[734,301],"product_tag":[306,775,38,39,40,135,313,762,362,140,245,246,56,248,353,354,57,58,356,59,226,776,277,319,777,773,774,363,229,322,324,281,285,263,325,326,359,287],"class_list":{"0":"post-8018","1":"product","2":"type-product","3":"status-publish","4":"has-post-thumbnail","6":"product_cat-self-guided-sightseeing-holidays-in-portugal","7":"product_cat-self-guided-tours-portugal","8":"product_tag-alleine-reisen","9":"product_tag-clerigos-tower","10":"product_tag-douro","11":"product_tag-douro-river","12":"product_tag-douro-valley","13":"product_tag-historic-monuments-in-porto","14":"product_tag-individuelle-touren","15":"product_tag-individuelle-wandertouren","16":"product_tag-lello-bookshop","17":"product_tag-major-cities-of-portugal","18":"product_tag-narrow-winding-streets","19":"product_tag-northern-portugal","20":"product_tag-oporto","21":"product_tag-port","22":"product_tag-port-lodges","23":"product_tag-port-wine","24":"product_tag-porto","25":"product_tag-porto-bridges","26":"product_tag-porto-holidays","27":"product_tag-porto-world-heritage","28":"product_tag-portos-old-town","29":"product_tag-ribeira","30":"product_tag-river-douro","31":"product_tag-sejour-en-liberte","32":"product_tag-self-guided-holidays","33":"product_tag-self-guided-sightseeing","34":"product_tag-self-guided-tour","35":"product_tag-shopping-in-porto","36":"product_tag-sightseeing-porto","37":"product_tag-solo-reisen","38":"product_tag-tours-autoguidees","39":"product_tag-train-holidays","40":"product_tag-travel-train-tour-in-portugal","41":"product_tag-vintage-trams","42":"product_tag-voyage-en-liberte","43":"product_tag-voyages-en-autonomie","44":"product_tag-walks-porto","45":"product_tag-world-heritage-sites","47":"first","48":"instock","49":"virtual","50":"product-type-simple"},"acf":[],"yoast_head":"<!-- This site is optimized with the Yoast SEO Premium plugin v26.8 (Yoast SEO v27.4) - https:\/\/yoast.com\/product\/yoast-seo-premium-wordpress\/ -->\n<title>Holidays in Porto, Trendy and Charming - Legendary Adventure DMC Portugal<\/title>\n<meta name=\"description\" content=\"Lisbon is the capital and the largest city of Portugal. Known as the \u201ccity of light\u201d, this feature is widely considered as an immaterial icon of the city. The light of Lisbon has been sung by poets and writers, and immortalised by painters, photographers, filmmakers and other artists\" \/>\n<meta name=\"robots\" content=\"index, follow, max-snippet:-1, max-image-preview:large, max-video-preview:-1\" \/>\n<link rel=\"canonical\" href=\"https:\/\/legendatours.com\/fr\/produit\/porto-trendy-and-charming-6200s\/\" \/>\n<meta property=\"og:locale\" content=\"fr_FR\" \/>\n<meta property=\"og:type\" content=\"article\" \/>\n<meta property=\"og:title\" content=\"Holidays in Porto, Trendy and Charming\" \/>\n<meta property=\"og:description\" content=\"Lisbon is the capital and the largest city of Portugal. Known as the \u201ccity of light\u201d, this feature is widely considered as an immaterial icon of the city. The light of Lisbon has been sung by poets and writers, and immortalised by painters, photographers, filmmakers and other artists\" \/>\n<meta property=\"og:url\" content=\"https:\/\/legendatours.com\/fr\/produit\/porto-trendy-and-charming-6200s\/\" \/>\n<meta property=\"og:site_name\" content=\"Legendary Adventure DMC Portugal\" \/>\n<meta property=\"article:publisher\" content=\"https:\/\/www.facebook.com\/legendaryadventuredmc\/\" \/>\n<meta property=\"article:modified_time\" content=\"2021-09-17T16:42:39+00:00\" \/>\n<meta property=\"og:image\" content=\"https:\/\/legendatours.com\/wp-content\/uploads\/sites\/12\/2021\/04\/Rabelo_boats_porto.jpg\" \/>\n\t<meta property=\"og:image:width\" content=\"1200\" \/>\n\t<meta property=\"og:image:height\" content=\"800\" \/>\n\t<meta property=\"og:image:type\" content=\"image\/jpeg\" \/>\n<meta name=\"twitter:card\" content=\"summary_large_image\" \/>\n<meta name=\"twitter:label1\" content=\"Dur\u00e9e de lecture estim\u00e9e\" \/>\n\t<meta name=\"twitter:data1\" content=\"2 minutes\" \/>\n<script type=\"application\/ld+json\" class=\"yoast-schema-graph\">{\"@context\":\"https:\\\/\\\/schema.org\",\"@graph\":[{\"@type\":\"WebPage\",\"@id\":\"https:\\\/\\\/legendatours.com\\\/product\\\/porto-trendy-and-charming-6200s\\\/\",\"url\":\"https:\\\/\\\/legendatours.com\\\/product\\\/porto-trendy-and-charming-6200s\\\/\",\"name\":\"Holidays in Porto, Trendy and Charming - Legendary Adventure DMC Portugal\",\"isPartOf\":{\"@id\":\"https:\\\/\\\/legendatours.com\\\/#website\"},\"primaryImageOfPage\":{\"@id\":\"https:\\\/\\\/legendatours.com\\\/product\\\/porto-trendy-and-charming-6200s\\\/#primaryimage\"},\"image\":{\"@id\":\"https:\\\/\\\/legendatours.com\\\/product\\\/porto-trendy-and-charming-6200s\\\/#primaryimage\"},\"thumbnailUrl\":\"https:\\\/\\\/legendatours.com\\\/wp-content\\\/uploads\\\/sites\\\/12\\\/2021\\\/04\\\/Rabelo_boats_porto.jpg\",\"datePublished\":\"2020-06-16T13:28:54+00:00\",\"dateModified\":\"2021-09-17T16:42:39+00:00\",\"description\":\"Lisbon is the capital and the largest city of Portugal. Known as the \u201ccity of light\u201d, this feature is widely considered as an immaterial icon of the city. The light of Lisbon has been sung by poets and writers, and immortalised by painters, photographers, filmmakers and other artists\",\"breadcrumb\":{\"@id\":\"https:\\\/\\\/legendatours.com\\\/product\\\/porto-trendy-and-charming-6200s\\\/#breadcrumb\"},\"inLanguage\":\"fr-FR\",\"potentialAction\":[{\"@type\":\"ReadAction\",\"target\":[\"https:\\\/\\\/legendatours.com\\\/product\\\/porto-trendy-and-charming-6200s\\\/\"]}]},{\"@type\":\"ImageObject\",\"inLanguage\":\"fr-FR\",\"@id\":\"https:\\\/\\\/legendatours.com\\\/product\\\/porto-trendy-and-charming-6200s\\\/#primaryimage\",\"url\":\"https:\\\/\\\/legendatours.com\\\/wp-content\\\/uploads\\\/sites\\\/12\\\/2021\\\/04\\\/Rabelo_boats_porto.jpg\",\"contentUrl\":\"https:\\\/\\\/legendatours.com\\\/wp-content\\\/uploads\\\/sites\\\/12\\\/2021\\\/04\\\/Rabelo_boats_porto.jpg\",\"width\":1200,\"height\":800,\"caption\":\"Rabelo boats in Douro River\"},{\"@type\":\"BreadcrumbList\",\"@id\":\"https:\\\/\\\/legendatours.com\\\/product\\\/porto-trendy-and-charming-6200s\\\/#breadcrumb\",\"itemListElement\":[{\"@type\":\"ListItem\",\"position\":1,\"name\":\"Home\",\"item\":\"https:\\\/\\\/legendatours.com\\\/\"},{\"@type\":\"ListItem\",\"position\":2,\"name\":\"Shop\",\"item\":\"https:\\\/\\\/legendatours.com\\\/sv\\\/?page_id=4\"},{\"@type\":\"ListItem\",\"position\":3,\"name\":\"Lisbon is the capital and the largest city of Portugal. Known as the \u201ccity of light\u201d, this feature is widely considered as an immaterial icon of the city. The light of Lisbon has been sung by poets and writers, and immortalised by painters, photographers, filmmakers and other artists\"}]},{\"@type\":\"WebSite\",\"@id\":\"https:\\\/\\\/legendatours.com\\\/#website\",\"url\":\"https:\\\/\\\/legendatours.com\\\/\",\"name\":\"Legendary Adventure DMC Portugal\",\"description\":\"Responsible Walking &amp; Nature Holidays in Portugal\",\"publisher\":{\"@id\":\"https:\\\/\\\/legendatours.com\\\/#organization\"},\"alternateName\":\"Legendary Adventure Portugal\",\"potentialAction\":[{\"@type\":\"SearchAction\",\"target\":{\"@type\":\"EntryPoint\",\"urlTemplate\":\"https:\\\/\\\/legendatours.com\\\/?s={search_term_string}\"},\"query-input\":{\"@type\":\"PropertyValueSpecification\",\"valueRequired\":true,\"valueName\":\"search_term_string\"}}],\"inLanguage\":\"fr-FR\"},{\"@type\":\"Organization\",\"@id\":\"https:\\\/\\\/legendatours.com\\\/#organization\",\"name\":\"legendatours.com\",\"url\":\"https:\\\/\\\/legendatours.com\\\/\",\"logo\":{\"@type\":\"ImageObject\",\"inLanguage\":\"fr-FR\",\"@id\":\"https:\\\/\\\/legendatours.com\\\/#\\\/schema\\\/logo\\\/image\\\/\",\"url\":\"https:\\\/\\\/legendatours.com\\\/wp-content\\\/uploads\\\/sites\\\/12\\\/2021\\\/06\\\/legendary_adventure_dmc.png\",\"contentUrl\":\"https:\\\/\\\/legendatours.com\\\/wp-content\\\/uploads\\\/sites\\\/12\\\/2021\\\/06\\\/legendary_adventure_dmc.png\",\"width\":250,\"height\":74,\"caption\":\"legendatours.com\"},\"image\":{\"@id\":\"https:\\\/\\\/legendatours.com\\\/#\\\/schema\\\/logo\\\/image\\\/\"},\"sameAs\":[\"https:\\\/\\\/www.facebook.com\\\/legendaryadventuredmc\\\/\",\"https:\\\/\\\/www.linkedin.com\\\/company\\\/legendary-adventure-dmc-portugal\",\"https:\\\/\\\/www.youtube.com\\\/channel\\\/UCOIRDx_KM6ynIcacQkZjb6g\"]}]}<\/script>\n<!-- \/ Yoast SEO Premium plugin. -->","yoast_head_json":{"title":"Vacances \u00e0 Porto, Tendance et Charme - Legendary Adventure DMC Portugal","description":"Lisbonne est la capitale et la plus grande ville du Portugal. Connue sous le nom de \u00ab ville lumi\u00e8re \u00bb, cette caract\u00e9ristique est largement consid\u00e9r\u00e9e comme une ic\u00f4ne immat\u00e9rielle de la ville. La lumi\u00e8re de Lisbonne a \u00e9t\u00e9 chant\u00e9e par des po\u00e8tes et des \u00e9crivains, et immortalis\u00e9e par des peintres, des photographes, des cin\u00e9astes et d&#039;autres artistes","robots":{"index":"index","follow":"follow","max-snippet":"max-snippet:-1","max-image-preview":"max-image-preview:large","max-video-preview":"max-video-preview:-1"},"canonical":"https:\/\/legendatours.com\/fr\/produit\/porto-trendy-and-charming-6200s\/","og_locale":"fr_FR","og_type":"article","og_title":"Holidays in Porto, Trendy and Charming","og_description":"Lisbon is the capital and the largest city of Portugal. Known as the \u201ccity of light\u201d, this feature is widely considered as an immaterial icon of the city. The light of Lisbon has been sung by poets and writers, and immortalised by painters, photographers, filmmakers and other artists","og_url":"https:\/\/legendatours.com\/fr\/produit\/porto-trendy-and-charming-6200s\/","og_site_name":"Legendary Adventure DMC Portugal","article_publisher":"https:\/\/www.facebook.com\/legendaryadventuredmc\/","article_modified_time":"2021-09-17T16:42:39+00:00","og_image":[{"width":1200,"height":800,"url":"https:\/\/legendatours.com\/wp-content\/uploads\/sites\/12\/2021\/04\/Rabelo_boats_porto.jpg","type":"image\/jpeg"}],"twitter_card":"summary_large_image","twitter_misc":{"Dur\u00e9e de lecture estim\u00e9e":"2 minutes"},"schema":{"@context":"https:\/\/schema.org","@graph":[{"@type":"WebPage","@id":"https:\/\/legendatours.com\/product\/porto-trendy-and-charming-6200s\/","url":"https:\/\/legendatours.com\/product\/porto-trendy-and-charming-6200s\/","name":"Vacances \u00e0 Porto, Tendance et Charme - Legendary Adventure DMC Portugal","isPartOf":{"@id":"https:\/\/legendatours.com\/#website"},"primaryImageOfPage":{"@id":"https:\/\/legendatours.com\/product\/porto-trendy-and-charming-6200s\/#primaryimage"},"image":{"@id":"https:\/\/legendatours.com\/product\/porto-trendy-and-charming-6200s\/#primaryimage"},"thumbnailUrl":"https:\/\/legendatours.com\/wp-content\/uploads\/sites\/12\/2021\/04\/Rabelo_boats_porto.jpg","datePublished":"2020-06-16T13:28:54+00:00","dateModified":"2021-09-17T16:42:39+00:00","description":"Lisbonne est la capitale et la plus grande ville du Portugal. Connue sous le nom de \u00ab ville lumi\u00e8re \u00bb, cette caract\u00e9ristique est largement consid\u00e9r\u00e9e comme une ic\u00f4ne immat\u00e9rielle de la ville. La lumi\u00e8re de Lisbonne a \u00e9t\u00e9 chant\u00e9e par des po\u00e8tes et des \u00e9crivains, et immortalis\u00e9e par des peintres, des photographes, des cin\u00e9astes et d&#039;autres artistes","breadcrumb":{"@id":"https:\/\/legendatours.com\/product\/porto-trendy-and-charming-6200s\/#breadcrumb"},"inLanguage":"fr-FR","potentialAction":[{"@type":"ReadAction","target":["https:\/\/legendatours.com\/product\/porto-trendy-and-charming-6200s\/"]}]},{"@type":"ImageObject","inLanguage":"fr-FR","@id":"https:\/\/legendatours.com\/product\/porto-trendy-and-charming-6200s\/#primaryimage","url":"https:\/\/legendatours.com\/wp-content\/uploads\/sites\/12\/2021\/04\/Rabelo_boats_porto.jpg","contentUrl":"https:\/\/legendatours.com\/wp-content\/uploads\/sites\/12\/2021\/04\/Rabelo_boats_porto.jpg","width":1200,"height":800,"caption":"Rabelo boats in Douro River"},{"@type":"BreadcrumbList","@id":"https:\/\/legendatours.com\/product\/porto-trendy-and-charming-6200s\/#breadcrumb","itemListElement":[{"@type":"ListItem","position":1,"name":"Home","item":"https:\/\/legendatours.com\/"},{"@type":"ListItem","position":2,"name":"Shop","item":"https:\/\/legendatours.com\/sv\/?page_id=4"},{"@type":"ListItem","position":3,"name":"Lisbon is the capital and the largest city of Portugal. Known as the \u201ccity of light\u201d, this feature is widely considered as an immaterial icon of the city. The light of Lisbon has been sung by poets and writers, and immortalised by painters, photographers, filmmakers and other artists"}]},{"@type":"WebSite","@id":"https:\/\/legendatours.com\/#website","url":"https:\/\/legendatours.com\/","name":"Aventure l\u00e9gendaire DMC Portugal","description":"Randonn\u00e9es responsables et vacances nature au Portugal","publisher":{"@id":"https:\/\/legendatours.com\/#organization"},"alternateName":"Legendary Adventure Portugal","potentialAction":[{"@type":"SearchAction","target":{"@type":"EntryPoint","urlTemplate":"https:\/\/legendatours.com\/?s={search_term_string}"},"query-input":{"@type":"PropertyValueSpecification","valueRequired":true,"valueName":"search_term_string"}}],"inLanguage":"fr-FR"},{"@type":"Organization","@id":"https:\/\/legendatours.com\/#organization","name":"legendatours.com","url":"https:\/\/legendatours.com\/","logo":{"@type":"ImageObject","inLanguage":"fr-FR","@id":"https:\/\/legendatours.com\/#\/schema\/logo\/image\/","url":"https:\/\/legendatours.com\/wp-content\/uploads\/sites\/12\/2021\/06\/legendary_adventure_dmc.png","contentUrl":"https:\/\/legendatours.com\/wp-content\/uploads\/sites\/12\/2021\/06\/legendary_adventure_dmc.png","width":250,"height":74,"caption":"legendatours.com"},"image":{"@id":"https:\/\/legendatours.com\/#\/schema\/logo\/image\/"},"sameAs":["https:\/\/www.facebook.com\/legendaryadventuredmc\/","https:\/\/www.linkedin.com\/company\/legendary-adventure-dmc-portugal","https:\/\/www.youtube.com\/channel\/UCOIRDx_KM6ynIcacQkZjb6g"]}]}},"_links":{"self":[{"href":"https:\/\/legendatours.com\/fr\/wp-json\/wp\/v2\/product\/8018","targetHints":{"allow":["GET"]}}],"collection":[{"href":"https:\/\/legendatours.com\/fr\/wp-json\/wp\/v2\/product"}],"about":[{"href":"https:\/\/legendatours.com\/fr\/wp-json\/wp\/v2\/types\/product"}],"replies":[{"embeddable":true,"href":"https:\/\/legendatours.com\/fr\/wp-json\/wp\/v2\/comments?post=8018"}],"wp:featuredmedia":[{"embeddable":true,"href":"https:\/\/legendatours.com\/fr\/wp-json\/wp\/v2\/media\/1685"}],"wp:attachment":[{"href":"https:\/\/legendatours.com\/fr\/wp-json\/wp\/v2\/media?parent=8018"}],"wp:term":[{"taxonomy":"product_brand","embeddable":true,"href":"https:\/\/legendatours.com\/fr\/wp-json\/wp\/v2\/product_brand?post=8018"},{"taxonomy":"product_cat","embeddable":true,"href":"https:\/\/legendatours.com\/fr\/wp-json\/wp\/v2\/product_cat?post=8018"},{"taxonomy":"product_tag","embeddable":true,"href":"https:\/\/legendatours.com\/fr\/wp-json\/wp\/v2\/product_tag?post=8018"}],"curies":[{"name":"wp","href":"https:\/\/api.w.org\/{rel}","templated":true}]}}