{"id":8082,"date":"2020-06-03T11:18:04","date_gmt":"2020-06-03T11:18:04","guid":{"rendered":"https:\/\/legendatours.com\/product\/lagos-self-drive-on-the-road-in-the-west-algarve\/"},"modified":"2022-01-02T22:58:19","modified_gmt":"2022-01-02T22:58:19","slug":"lagos-on-the-road-in-the-west-algarve-56001sc","status":"publish","type":"product","link":"https:\/\/legendatours.com\/fr\/produit\/lagos-on-the-road-in-the-west-algarve-56001sc\/","title":{"rendered":"Lagos Self-Drive : Sur la route dans l&#039;ouest de l&#039;Algarve"},"content":{"rendered":"<p>Prenez la route avec cette visite autonome le long de l&#039;ouest de l&#039;Algarve ! Un itin\u00e9raire con\u00e7u par des locaux, pour vous montrer les meilleurs morceaux de la r\u00e9gion.<\/p>\n<p>Contemplez l&#039;horizon depuis les falaises spectaculaires de la c\u00f4te Vicentina\u00a0; visitez les vertes collines de Monchique; v\u00e9rifiez les endroits incontournables, comme Ponta da Piedade; profiter de la nature \u00e0 Ria de Alvor; savourez les fruits de mer frais et les vins portugais raffin\u00e9s !<\/p>\n<p>La visite est bas\u00e9e \u00e0 Lagos, une ville c\u00f4ti\u00e8re historique et cosmopolite.<\/p>\n<p>&nbsp;<\/p>\n<div id=\"attachment_1856\" style=\"width: 1034px\" class=\"wp-caption alignnone\"><img loading=\"lazy\" decoding=\"async\" aria-describedby=\"caption-attachment-1856\" class=\"wp-image-1856 size-large\" title=\"Balade dans le centre de Lagos\" src=\"https:\/\/legendatours.net\/wp-content\/uploads\/2020\/03\/Lagos_city_centre-1024x776.jpg\" alt=\"Walking in Lagos centre\" width=\"1024\" height=\"776\" \/><p id=\"caption-attachment-1856\" class=\"wp-caption-text\"><a href=\"..\/..\/?s=Walking+in+Lagos\" target=\"_blank\" rel=\"noopener\">Marcher \u00e0 Lagos<\/a> centre. Le centre historique de Lagos avec vue sur le port et l&#039;estuaire.<\/p><\/div>\n<p>La vieille ville regorge de petites boutiques, de restaurants et d&#039;une richesse de sites patrimoniaux et culturels. Un beau mur et un fort bordent le front de mer, face \u00e0 une grande baie et aux sables d\u00e9licats de la plage de Meia Praia.<\/p>\n<p>Depuis Lagos, vous visiterez la c\u00f4te Vicentina, Sagres et les falaises du cap S. Vicent, le point le plus au sud-ouest du Portugal et d&#039;Europe. Les falaises sont vertigineuses \u00e0 60 m\u00e8tres de haut et plongent dans les embruns furieux des vagues.<\/p>\n<p>Sur votre chemin, un point culminant pour le paysage unique de Ponta da Piedade, une v\u00e9ritable image de carte postale de vos vacances m\u00e9morables.<\/p>\n<div id=\"attachment_1858\" style=\"width: 1034px\" class=\"wp-caption alignnone\"><img loading=\"lazy\" decoding=\"async\" aria-describedby=\"caption-attachment-1858\" class=\"wp-image-1858 size-large\" title=\"Vue imprenable du haut de la falaise de Lagos\" src=\"https:\/\/legendatours.net\/wp-content\/uploads\/2020\/03\/Lagos_pontaPiedade-1024x700.jpg\" alt=\"Stunning view from top of the cliff Lagos\" width=\"1024\" height=\"700\" \/><p id=\"caption-attachment-1858\" class=\"wp-caption-text\">Vue imprenable du haut de la falaise Lagos. <a href=\"..\/..\/?s=Ponta+da+Piedade\" target=\"_blank\" rel=\"noopener\">Ponta da Piedade<\/a>, belles mers et falaises dor\u00e9es.<\/p><\/div>\n<p>Les plages d&#039;Arrifana et d&#039;Odeceixe cachent des dunes sans fin, entour\u00e9es de minuscules fleurs sauvages, o\u00f9 les seuls sons proviennent des vagues, des mouettes et du chant des vents sal\u00e9s.<\/p>\n<p>Visitez Monchique, nich\u00e9e dans les replis des collines. A proximit\u00e9 se trouve le plus haut sommet de l&#039;Algarve, F\u00f3ia, d&#039;o\u00f9 vous avez une vue jusqu&#039;\u00e0 l&#039;Alentejo.<\/p>\n<p>Pour compl\u00e9ter votre exp\u00e9rience, ne manquez pas les exquis plats r\u00e9gionaux, de la mer et de la terre, accompagn\u00e9s d&#039;excellents vins portugais.<\/p>\n<p>Laissez-nous vous montrer l&#039;ouest de l&#039;Algarve, vous ram\u00e8nerez chez vous une autre facette de cette r\u00e9gion accueillante, avec une culture g\u00e9n\u00e9reuse et une beaut\u00e9 naturelle impressionnante !<\/p>\n<div class=\"row\" style=\"display: flex;\">\n<div class=\"column\" style=\"flex: 45%;\"><\/div>\n<div class=\"column\" style=\"flex: 10%;\"><\/div>\n<div class=\"column\" style=\"flex: 45%;\">\n<p><iframe loading=\"lazy\" title=\"Algarve comme jamais vu auparavant\" width=\"1080\" height=\"608\" src=\"https:\/\/www.youtube.com\/embed\/9dQqiVTNTj4?feature=oembed\" frameborder=\"0\" allow=\"accelerometer; autoplay; clipboard-write; encrypted-media; gyroscope; picture-in-picture\" allowfullscreen><\/iframe><\/p>\n<\/div>\n<\/div>","protected":false},"excerpt":{"rendered":"<p>Prenez la route avec cette visite autonome le long de l&#039;ouest de l&#039;Algarve ! Un itin\u00e9raire con\u00e7u par des locaux, pour vous montrer les meilleurs morceaux de la r\u00e9gion.<\/p>\n<p>Contemplez l&#039;horizon depuis les falaises spectaculaires de la c\u00f4te Vicentina\u00a0; visitez les vertes collines de Monchique; v\u00e9rifiez les endroits incontournables, comme Ponta da Piedade; profiter de la nature \u00e0 Ria de Alvor; savourez les fruits de mer frais et les vins portugais raffin\u00e9s !<\/p>\n<p>La visite est bas\u00e9e \u00e0 Lagos, une ville c\u00f4ti\u00e8re historique et cosmopolite.<\/p>","protected":false},"featured_media":7737,"comment_status":"closed","ping_status":"closed","template":"","meta":{"_acf_changed":false,"inline_featured_image":false},"product_brand":[],"product_cat":[327,734,301],"product_tag":[367,646,648,306,506,790,184,791,792,153,214,337,779,793,535,218,313,762,270,94,271,794,795,638,97,796,797,106,639,640,798,749,799,642,800,801,802,319,803,804,320,328,805,777,1023,728,1087,228,343,653,322,324,70,806,807,615,325,326,808,809,145],"class_list":{"0":"post-8082","1":"product","2":"type-product","3":"status-publish","4":"has-post-thumbnail","6":"product_cat-self-drive-holidays-portugal","7":"product_cat-self-guided-sightseeing-holidays-in-portugal","8":"product_cat-self-guided-tours-portugal","9":"product_tag-algarve-city","10":"product_tag-algarve-coast","11":"product_tag-algarve-spectacular-coastline","12":"product_tag-alleine-reisen","13":"product_tag-atlantic-ocean","14":"product_tag-carapateira","15":"product_tag-castle","16":"product_tag-coastal","17":"product_tag-colours","18":"product_tag-countryside","19":"product_tag-culture","20":"product_tag-delicious-food","21":"product_tag-fly-drive","22":"product_tag-hills","23":"product_tag-historic-centre","24":"product_tag-history","25":"product_tag-individuelle-touren","26":"product_tag-individuelle-wandertouren","27":"product_tag-lagos","28":"product_tag-landscape","29":"product_tag-lush-green-hills","30":"product_tag-market","31":"product_tag-martim-longo","32":"product_tag-monchique","33":"product_tag-natural-park","34":"product_tag-odeceixe","35":"product_tag-parapets","36":"product_tag-picturesque-landscapes","37":"product_tag-ponta-da-piedade","38":"product_tag-portimao","39":"product_tag-praia-da-luz","40":"product_tag-protected-area","41":"product_tag-querenca","42":"product_tag-sagres","43":"product_tag-salema","44":"product_tag-sao-bartolomeu-de-messines","45":"product_tag-secluded-beaches","46":"product_tag-sejour-en-liberte","47":"product_tag-sel","48":"product_tag-self-drive-holiday","49":"product_tag-self-guide-tour","50":"product_tag-self-guided","51":"product_tag-self-guided-holiday","52":"product_tag-self-guided-holidays","53":"product_tag-self-guided-walking","54":"product_tag-self-guided-walking-holiday","55":"product_tag-self-guided-walks","56":"product_tag-sightseeing","57":"product_tag-silves","58":"product_tag-slave-market-lagos","59":"product_tag-solo-reisen","60":"product_tag-tours-autoguidees","61":"product_tag-traditions","62":"product_tag-undulating-plains","63":"product_tag-valleys","64":"product_tag-village","65":"product_tag-voyage-en-liberte","66":"product_tag-voyages-en-autonomie","67":"product_tag-western-algarve","68":"product_tag-white-washed-houses","69":"product_tag-wines","71":"first","72":"instock","73":"virtual","74":"product-type-simple"},"acf":[],"yoast_head":"<!-- This site is optimized with the Yoast SEO Premium plugin v26.8 (Yoast SEO v27.5) - https:\/\/yoast.com\/product\/yoast-seo-premium-wordpress\/ -->\n<title>Lagos Self-Drive : On the Road in the West Algarve - Legendary Adventure DMC Portugal<\/title>\n<meta name=\"description\" content=\"Self-guided Walking Tour based in Tavira, East Algarve, designed to explore the natural wonders of the Ria Formosa Nature Park and the peaceful countryside.\" \/>\n<meta name=\"robots\" content=\"index, follow, max-snippet:-1, max-image-preview:large, max-video-preview:-1\" \/>\n<link rel=\"canonical\" href=\"https:\/\/legendatours.com\/fr\/produit\/lagos-on-the-road-in-the-west-algarve-56001sc\/\" \/>\n<meta property=\"og:locale\" content=\"fr_FR\" \/>\n<meta property=\"og:type\" content=\"article\" \/>\n<meta property=\"og:title\" content=\"Lagos Self-Drive : On the Road in the West Algarve\" \/>\n<meta property=\"og:description\" content=\"Self-guided Walking Tour based in Tavira, East Algarve, designed to explore the natural wonders of the Ria Formosa Nature Park and the peaceful countryside.\" \/>\n<meta property=\"og:url\" content=\"https:\/\/legendatours.com\/fr\/produit\/lagos-on-the-road-in-the-west-algarve-56001sc\/\" \/>\n<meta property=\"og:site_name\" content=\"Legendary Adventure DMC Portugal\" \/>\n<meta property=\"article:publisher\" content=\"https:\/\/www.facebook.com\/legendaryadventuredmc\/\" \/>\n<meta property=\"article:modified_time\" content=\"2022-01-02T22:58:19+00:00\" \/>\n<meta property=\"og:image\" content=\"https:\/\/legendatours.com\/wp-content\/uploads\/sites\/12\/2021\/04\/Odemira_Coast.jpg\" \/>\n\t<meta property=\"og:image:width\" content=\"1200\" \/>\n\t<meta property=\"og:image:height\" content=\"797\" \/>\n\t<meta property=\"og:image:type\" content=\"image\/jpeg\" \/>\n<meta name=\"twitter:card\" content=\"summary_large_image\" \/>\n<meta name=\"twitter:label1\" content=\"Dur\u00e9e de lecture estim\u00e9e\" \/>\n\t<meta name=\"twitter:data1\" content=\"2 minutes\" \/>\n<script type=\"application\/ld+json\" class=\"yoast-schema-graph\">{\"@context\":\"https:\\\/\\\/schema.org\",\"@graph\":[{\"@type\":\"WebPage\",\"@id\":\"https:\\\/\\\/legendatours.com\\\/product\\\/lagos-on-the-road-in-the-west-algarve-56001sc\\\/\",\"url\":\"https:\\\/\\\/legendatours.com\\\/product\\\/lagos-on-the-road-in-the-west-algarve-56001sc\\\/\",\"name\":\"Lagos Self-Drive : On the Road in the West Algarve - Legendary Adventure DMC Portugal\",\"isPartOf\":{\"@id\":\"https:\\\/\\\/legendatours.com\\\/#website\"},\"primaryImageOfPage\":{\"@id\":\"https:\\\/\\\/legendatours.com\\\/product\\\/lagos-on-the-road-in-the-west-algarve-56001sc\\\/#primaryimage\"},\"image\":{\"@id\":\"https:\\\/\\\/legendatours.com\\\/product\\\/lagos-on-the-road-in-the-west-algarve-56001sc\\\/#primaryimage\"},\"thumbnailUrl\":\"https:\\\/\\\/legendatours.com\\\/wp-content\\\/uploads\\\/sites\\\/12\\\/2021\\\/04\\\/Odemira_Coast.jpg\",\"datePublished\":\"2020-06-03T11:18:04+00:00\",\"dateModified\":\"2022-01-02T22:58:19+00:00\",\"description\":\"Self-guided Walking Tour based in Tavira, East Algarve, designed to explore the natural wonders of the Ria Formosa Nature Park and the peaceful countryside.\",\"breadcrumb\":{\"@id\":\"https:\\\/\\\/legendatours.com\\\/product\\\/lagos-on-the-road-in-the-west-algarve-56001sc\\\/#breadcrumb\"},\"inLanguage\":\"fr-FR\",\"potentialAction\":[{\"@type\":\"ReadAction\",\"target\":[\"https:\\\/\\\/legendatours.com\\\/product\\\/lagos-on-the-road-in-the-west-algarve-56001sc\\\/\"]}]},{\"@type\":\"ImageObject\",\"inLanguage\":\"fr-FR\",\"@id\":\"https:\\\/\\\/legendatours.com\\\/product\\\/lagos-on-the-road-in-the-west-algarve-56001sc\\\/#primaryimage\",\"url\":\"https:\\\/\\\/legendatours.com\\\/wp-content\\\/uploads\\\/sites\\\/12\\\/2021\\\/04\\\/Odemira_Coast.jpg\",\"contentUrl\":\"https:\\\/\\\/legendatours.com\\\/wp-content\\\/uploads\\\/sites\\\/12\\\/2021\\\/04\\\/Odemira_Coast.jpg\",\"width\":1200,\"height\":797,\"caption\":\"Vicentina Coast\"},{\"@type\":\"BreadcrumbList\",\"@id\":\"https:\\\/\\\/legendatours.com\\\/product\\\/lagos-on-the-road-in-the-west-algarve-56001sc\\\/#breadcrumb\",\"itemListElement\":[{\"@type\":\"ListItem\",\"position\":1,\"name\":\"Home\",\"item\":\"https:\\\/\\\/legendatours.com\\\/\"},{\"@type\":\"ListItem\",\"position\":2,\"name\":\"Shop\",\"item\":\"https:\\\/\\\/legendatours.com\\\/sv\\\/?page_id=4\"},{\"@type\":\"ListItem\",\"position\":3,\"name\":\"The Algarve is so much more than sun and sea. In the little-visited East Algarve, it looks like time has stood still, and you\u2019ll feel how good it is to slow down and live the good life with this carefully crafted Self-Guided Walking Tour. Each day\u2019s walk highlights the contrasting landscape and wildlife of the region. This tour was put together for the enjoyment of those who have a special interest in rambling and nature.\"}]},{\"@type\":\"WebSite\",\"@id\":\"https:\\\/\\\/legendatours.com\\\/#website\",\"url\":\"https:\\\/\\\/legendatours.com\\\/\",\"name\":\"Legendary Adventure DMC Portugal\",\"description\":\"Responsible Walking &amp; Nature Holidays in Portugal\",\"publisher\":{\"@id\":\"https:\\\/\\\/legendatours.com\\\/#organization\"},\"alternateName\":\"Legendary Adventure Portugal\",\"potentialAction\":[{\"@type\":\"SearchAction\",\"target\":{\"@type\":\"EntryPoint\",\"urlTemplate\":\"https:\\\/\\\/legendatours.com\\\/?s={search_term_string}\"},\"query-input\":{\"@type\":\"PropertyValueSpecification\",\"valueRequired\":true,\"valueName\":\"search_term_string\"}}],\"inLanguage\":\"fr-FR\"},{\"@type\":\"Organization\",\"@id\":\"https:\\\/\\\/legendatours.com\\\/#organization\",\"name\":\"legendatours.com\",\"url\":\"https:\\\/\\\/legendatours.com\\\/\",\"logo\":{\"@type\":\"ImageObject\",\"inLanguage\":\"fr-FR\",\"@id\":\"https:\\\/\\\/legendatours.com\\\/#\\\/schema\\\/logo\\\/image\\\/\",\"url\":\"https:\\\/\\\/legendatours.com\\\/wp-content\\\/uploads\\\/sites\\\/12\\\/2021\\\/06\\\/legendary_adventure_dmc.png\",\"contentUrl\":\"https:\\\/\\\/legendatours.com\\\/wp-content\\\/uploads\\\/sites\\\/12\\\/2021\\\/06\\\/legendary_adventure_dmc.png\",\"width\":250,\"height\":74,\"caption\":\"legendatours.com\"},\"image\":{\"@id\":\"https:\\\/\\\/legendatours.com\\\/#\\\/schema\\\/logo\\\/image\\\/\"},\"sameAs\":[\"https:\\\/\\\/www.facebook.com\\\/legendaryadventuredmc\\\/\",\"https:\\\/\\\/www.linkedin.com\\\/company\\\/legendary-adventure-dmc-portugal\",\"https:\\\/\\\/www.youtube.com\\\/channel\\\/UCOIRDx_KM6ynIcacQkZjb6g\"]}]}<\/script>\n<!-- \/ Yoast SEO Premium plugin. -->","yoast_head_json":{"title":"Lagos Self-Drive : Sur la route de l&#039;ouest de l&#039;Algarve - Aventure l\u00e9gendaire DMC Portugal","description":"Visite \u00e0 pied autoguid\u00e9e bas\u00e9e \u00e0 Tavira, dans l&#039;est de l&#039;Algarve, con\u00e7ue pour explorer les merveilles naturelles du parc naturel de Ria Formosa et la campagne paisible.","robots":{"index":"index","follow":"follow","max-snippet":"max-snippet:-1","max-image-preview":"max-image-preview:large","max-video-preview":"max-video-preview:-1"},"canonical":"https:\/\/legendatours.com\/fr\/produit\/lagos-on-the-road-in-the-west-algarve-56001sc\/","og_locale":"fr_FR","og_type":"article","og_title":"Lagos Self-Drive : On the Road in the West Algarve","og_description":"Self-guided Walking Tour based in Tavira, East Algarve, designed to explore the natural wonders of the Ria Formosa Nature Park and the peaceful countryside.","og_url":"https:\/\/legendatours.com\/fr\/produit\/lagos-on-the-road-in-the-west-algarve-56001sc\/","og_site_name":"Legendary Adventure DMC Portugal","article_publisher":"https:\/\/www.facebook.com\/legendaryadventuredmc\/","article_modified_time":"2022-01-02T22:58:19+00:00","og_image":[{"width":1200,"height":797,"url":"https:\/\/legendatours.com\/wp-content\/uploads\/sites\/12\/2021\/04\/Odemira_Coast.jpg","type":"image\/jpeg"}],"twitter_card":"summary_large_image","twitter_misc":{"Dur\u00e9e de lecture estim\u00e9e":"2 minutes"},"schema":{"@context":"https:\/\/schema.org","@graph":[{"@type":"WebPage","@id":"https:\/\/legendatours.com\/product\/lagos-on-the-road-in-the-west-algarve-56001sc\/","url":"https:\/\/legendatours.com\/product\/lagos-on-the-road-in-the-west-algarve-56001sc\/","name":"Lagos Self-Drive : Sur la route de l&#039;ouest de l&#039;Algarve - Aventure l\u00e9gendaire DMC Portugal","isPartOf":{"@id":"https:\/\/legendatours.com\/#website"},"primaryImageOfPage":{"@id":"https:\/\/legendatours.com\/product\/lagos-on-the-road-in-the-west-algarve-56001sc\/#primaryimage"},"image":{"@id":"https:\/\/legendatours.com\/product\/lagos-on-the-road-in-the-west-algarve-56001sc\/#primaryimage"},"thumbnailUrl":"https:\/\/legendatours.com\/wp-content\/uploads\/sites\/12\/2021\/04\/Odemira_Coast.jpg","datePublished":"2020-06-03T11:18:04+00:00","dateModified":"2022-01-02T22:58:19+00:00","description":"Visite \u00e0 pied autoguid\u00e9e bas\u00e9e \u00e0 Tavira, dans l&#039;est de l&#039;Algarve, con\u00e7ue pour explorer les merveilles naturelles du parc naturel de Ria Formosa et la campagne paisible.","breadcrumb":{"@id":"https:\/\/legendatours.com\/product\/lagos-on-the-road-in-the-west-algarve-56001sc\/#breadcrumb"},"inLanguage":"fr-FR","potentialAction":[{"@type":"ReadAction","target":["https:\/\/legendatours.com\/product\/lagos-on-the-road-in-the-west-algarve-56001sc\/"]}]},{"@type":"ImageObject","inLanguage":"fr-FR","@id":"https:\/\/legendatours.com\/product\/lagos-on-the-road-in-the-west-algarve-56001sc\/#primaryimage","url":"https:\/\/legendatours.com\/wp-content\/uploads\/sites\/12\/2021\/04\/Odemira_Coast.jpg","contentUrl":"https:\/\/legendatours.com\/wp-content\/uploads\/sites\/12\/2021\/04\/Odemira_Coast.jpg","width":1200,"height":797,"caption":"Vicentina Coast"},{"@type":"BreadcrumbList","@id":"https:\/\/legendatours.com\/product\/lagos-on-the-road-in-the-west-algarve-56001sc\/#breadcrumb","itemListElement":[{"@type":"ListItem","position":1,"name":"Home","item":"https:\/\/legendatours.com\/"},{"@type":"ListItem","position":2,"name":"Shop","item":"https:\/\/legendatours.com\/sv\/?page_id=4"},{"@type":"ListItem","position":3,"name":"The Algarve is so much more than sun and sea. In the little-visited East Algarve, it looks like time has stood still, and you\u2019ll feel how good it is to slow down and live the good life with this carefully crafted Self-Guided Walking Tour. Each day\u2019s walk highlights the contrasting landscape and wildlife of the region. This tour was put together for the enjoyment of those who have a special interest in rambling and nature."}]},{"@type":"WebSite","@id":"https:\/\/legendatours.com\/#website","url":"https:\/\/legendatours.com\/","name":"Aventure l\u00e9gendaire DMC Portugal","description":"Randonn\u00e9es responsables et vacances nature au Portugal","publisher":{"@id":"https:\/\/legendatours.com\/#organization"},"alternateName":"Legendary Adventure Portugal","potentialAction":[{"@type":"SearchAction","target":{"@type":"EntryPoint","urlTemplate":"https:\/\/legendatours.com\/?s={search_term_string}"},"query-input":{"@type":"PropertyValueSpecification","valueRequired":true,"valueName":"search_term_string"}}],"inLanguage":"fr-FR"},{"@type":"Organization","@id":"https:\/\/legendatours.com\/#organization","name":"legendatours.com","url":"https:\/\/legendatours.com\/","logo":{"@type":"ImageObject","inLanguage":"fr-FR","@id":"https:\/\/legendatours.com\/#\/schema\/logo\/image\/","url":"https:\/\/legendatours.com\/wp-content\/uploads\/sites\/12\/2021\/06\/legendary_adventure_dmc.png","contentUrl":"https:\/\/legendatours.com\/wp-content\/uploads\/sites\/12\/2021\/06\/legendary_adventure_dmc.png","width":250,"height":74,"caption":"legendatours.com"},"image":{"@id":"https:\/\/legendatours.com\/#\/schema\/logo\/image\/"},"sameAs":["https:\/\/www.facebook.com\/legendaryadventuredmc\/","https:\/\/www.linkedin.com\/company\/legendary-adventure-dmc-portugal","https:\/\/www.youtube.com\/channel\/UCOIRDx_KM6ynIcacQkZjb6g"]}]}},"_links":{"self":[{"href":"https:\/\/legendatours.com\/fr\/wp-json\/wp\/v2\/product\/8082","targetHints":{"allow":["GET"]}}],"collection":[{"href":"https:\/\/legendatours.com\/fr\/wp-json\/wp\/v2\/product"}],"about":[{"href":"https:\/\/legendatours.com\/fr\/wp-json\/wp\/v2\/types\/product"}],"replies":[{"embeddable":true,"href":"https:\/\/legendatours.com\/fr\/wp-json\/wp\/v2\/comments?post=8082"}],"wp:featuredmedia":[{"embeddable":true,"href":"https:\/\/legendatours.com\/fr\/wp-json\/wp\/v2\/media\/7737"}],"wp:attachment":[{"href":"https:\/\/legendatours.com\/fr\/wp-json\/wp\/v2\/media?parent=8082"}],"wp:term":[{"taxonomy":"product_brand","embeddable":true,"href":"https:\/\/legendatours.com\/fr\/wp-json\/wp\/v2\/product_brand?post=8082"},{"taxonomy":"product_cat","embeddable":true,"href":"https:\/\/legendatours.com\/fr\/wp-json\/wp\/v2\/product_cat?post=8082"},{"taxonomy":"product_tag","embeddable":true,"href":"https:\/\/legendatours.com\/fr\/wp-json\/wp\/v2\/product_tag?post=8082"}],"curies":[{"name":"wp","href":"https:\/\/api.w.org\/{rel}","templated":true}]}}