{"id":8084,"date":"2020-06-03T10:26:39","date_gmt":"2020-06-03T10:26:39","guid":{"rendered":"https:\/\/legendatours.com\/product\/self-drive-holidays-in-lagos-the-surprising-west-algarve\/"},"modified":"2022-01-02T22:59:32","modified_gmt":"2022-01-02T22:59:32","slug":"lagos-the-surprising-west-algarve-56000sc","status":"publish","type":"product","link":"https:\/\/legendatours.com\/fr\/produit\/lagos-the-surprising-west-algarve-56000sc\/","title":{"rendered":"Vacances sans chauffeur \u00e0 Lagos West Algarve"},"content":{"rendered":"<p>Ce road trip est une fa\u00e7on passionnante de d\u00e9couvrir les surprises de l&#039;ouest de l&#039;Algarve ! Un itin\u00e9raire en voiture con\u00e7u par les habitants, vers ces endroits sp\u00e9ciaux qui laissent des souvenirs durables de vacances heureuses.<\/p>\n<p>De la c\u00f4te spectaculaire de l&#039;ouest de l&#039;Algarve, avec des falaises spectaculaires battues par les vagues de l&#039;Atlantique et des plages isol\u00e9es, \u00e0 l&#039;int\u00e9rieur bucolique et aux villes historiques, vous serez pr\u00eat pour un vrai r\u00e9gal !<\/p>\n<div id=\"attachment_1856\" style=\"width: 1034px\" class=\"wp-caption alignnone\"><img loading=\"lazy\" decoding=\"async\" aria-describedby=\"caption-attachment-1856\" class=\"wp-image-1856 size-large\" src=\"https:\/\/legendatours.net\/wp-content\/uploads\/2020\/03\/Lagos_city_centre-1024x776.jpg\" alt=\"Walking in Lagos centre\" width=\"1024\" height=\"776\" \/><p id=\"caption-attachment-1856\" class=\"wp-caption-text\">Centre de Lagos. Legos est une ville portugaise fi\u00e8re, avec des rues pav\u00e9es, des restaurants authentiques et une atmosph\u00e8re d\u00e9tendue et accueillante.<\/p><\/div>\n<p>La visite est bas\u00e9e \u00e0 Lagos, une ville historique et cosmopolite.<\/p>\n<p>Face \u00e0 une grande baie et au sable fin de la plage de Meia Praia, Lagos \u00e9tait un point de d\u00e9part pour les galions des D\u00e9couvertes, mais aussi un refuge pour des corsaires comme Sir Francis Drake.<\/p>\n<p>Un beau mur borde le front de mer et la vieille ville regorge de petites boutiques, de restaurants et d&#039;une multitude de sites patrimoniaux et culturels.<\/p>\n<p>Un point culminant pour le paysage unique de Ponta da Piedade, une v\u00e9ritable image de carte postale de vos vacances m\u00e9morables.<\/p>\n<p>De l\u00e0, vous pourrez visiter la c\u00f4te Vicentina, Sagres et les falaises du cap S. Vicent, le point le plus au sud-ouest du Portugal et d&#039;Europe. Les falaises sont vertigineuses \u00e0 60 m\u00e8tres de haut et plongent dans les embruns furieux des vagues.<\/p>\n<div id=\"attachment_1861\" style=\"width: 1034px\" class=\"wp-caption alignnone\"><img loading=\"lazy\" decoding=\"async\" aria-describedby=\"caption-attachment-1861\" class=\"wp-image-1861 size-large\" src=\"https:\/\/legendatours.net\/wp-content\/uploads\/2020\/03\/Sagres_dramatic_views_cliffs-1024x686.jpg\" alt=\"Dramatic Views from West Algarve cliffs\" width=\"1024\" height=\"686\" \/><p id=\"caption-attachment-1861\" class=\"wp-caption-text\">Vues spectaculaires des falaises de l&#039;ouest de l&#039;Algarve \u00e0 Sagres, explorant un Algarve loin des stations baln\u00e9aires et des terrains de golf plus \u00e0 l&#039;est.<\/p><\/div>\n<p>Les plages de Carrapateira et d&#039;Odeceixe cachent des dunes sans fin, entour\u00e9es de minuscules fleurs sauvages, o\u00f9 les seuls sons proviennent des vagues, des mouettes et du chant des vents sal\u00e9s.<\/p>\n<p>Visitez des villes comme Monchique, nich\u00e9es dans les replis des collines. A proximit\u00e9 se trouve le plus haut sommet de l&#039;Algarve, F\u00f3ia, d&#039;o\u00f9 vous avez une vue jusqu&#039;\u00e0 l&#039;Alentejo.<\/p>\n<p>Silves, l&#039;ancienne capitale maure de l&#039;Algarve, s&#039;\u00e9l\u00e8ve sur une colline autour des murs de pierre rouge du ch\u00e2teau bien conserv\u00e9. Il domine les plaines d&#039;orangeraies et les rives de la rivi\u00e8re Arade.<\/p>\n<p>\u00c0 Portim\u00e3o et dans la Praia da Rocha adjacente, vous trouverez l&#039;une des stations baln\u00e9aires les plus pittoresques et les plus c\u00e9l\u00e8bres de l&#039;Algarve.<\/p>\n<p>Pour compl\u00e9ter votre exp\u00e9rience et vous montrer les contrastes de cette r\u00e9gion, vous avez des itin\u00e9raires vers des endroits o\u00f9 le temps passe lentement et vous oubliez presque que vous \u00eates dans l&#039;Algarve anim\u00e9e.<\/p>\n<div id=\"attachment_1869\" style=\"width: 1034px\" class=\"wp-caption alignnone\"><img loading=\"lazy\" decoding=\"async\" aria-describedby=\"caption-attachment-1869\" class=\"wp-image-1869 size-large\" src=\"https:\/\/legendatours.net\/wp-content\/uploads\/2020\/03\/alcoutim-1024x680.jpg\" alt=\"Alcoutim and the River Guadiana\" width=\"1024\" height=\"680\" \/><p id=\"caption-attachment-1869\" class=\"wp-caption-text\">Alcoutim et le <a href=\"..\/..\/?s=Guadiana\" target=\"_blank\" rel=\"noopener\">Rivi\u00e8re Guadiana<\/a>, conduisez le long de la rivi\u00e8re Guadiana se terminant dans le ch\u00e2teau d&#039;Alcoutim.<\/p><\/div>\n<p>En conduisant vers l&#039;est, \u00e0 travers des routes int\u00e9rieures, vous d\u00e9couvrirez S\u00e3o Bartolomeu de Messines et Queren\u00e7a. Sur votre chemin vers le fleuve Guadiana, \u00e0 la fronti\u00e8re avec l&#039;Espagne, vous trouverez des joyaux cach\u00e9s comme Martim Longo, Alcoutim et Vila Real de Sto Ant\u00f3nio.<\/p>\n<p>Et assurez-vous de ne pas manquer les d\u00e9licieux plats r\u00e9gionaux, de la mer et de la terre, accompagn\u00e9s d&#039;excellents vins portugais.<\/p>\n<p>Laissez-nous vous montrer les meilleures parties de l&#039;ouest de l&#039;Algarve et ramenez chez vous une autre facette de cette r\u00e9gion accueillante !<\/p>\n<div class=\"row\" style=\"display: flex;\">\n<div class=\"column\" style=\"flex: 45%;\"><\/div>\n<div class=\"column\" style=\"flex: 10%;\"><\/div>\n<div class=\"column\" style=\"flex: 45%;\"><\/div>\n<\/div>","protected":false},"excerpt":{"rendered":"<p>Ce road trip est une fa\u00e7on passionnante de d\u00e9couvrir les surprises de l&#039;ouest de l&#039;Algarve ! Un itin\u00e9raire en voiture con\u00e7u par les habitants, vers ces endroits sp\u00e9ciaux qui laissent des souvenirs durables de vacances heureuses.<\/p>\n<p>De la c\u00f4te spectaculaire de l&#039;ouest de l&#039;Algarve, avec des falaises spectaculaires battues par les vagues de l&#039;Atlantique et des plages isol\u00e9es, \u00e0 l&#039;int\u00e9rieur bucolique et aux villes historiques, vous serez pr\u00eat pour un vrai r\u00e9gal !<\/p>\n<p>La visite est bas\u00e9e \u00e0 Lagos, une ville historique et cosmopolite.<\/p>","protected":false},"featured_media":8074,"comment_status":"closed","ping_status":"closed","template":"","meta":{"_acf_changed":false,"inline_featured_image":false},"product_brand":[],"product_cat":[327,734,301],"product_tag":[646,647,810,306,506,849,790,184,791,792,153,811,214,337,46,793,535,218,313,270,94,271,794,795,638,97,796,797,106,639,640,798,749,799,642,800,801,802,319,804,328,805,773,228,343,653,322,324,70,806,807,615,325,326,808,809,145],"class_list":{"0":"post-8084","1":"product","2":"type-product","3":"status-publish","4":"has-post-thumbnail","6":"product_cat-self-drive-holidays-portugal","7":"product_cat-self-guided-sightseeing-holidays-in-portugal","8":"product_cat-self-guided-tours-portugal","9":"product_tag-algarve-coast","10":"product_tag-algarve-secluded-beaches","11":"product_tag-algarves-west-coast","12":"product_tag-alleine-reisen","13":"product_tag-atlantic-ocean","14":"product_tag-cabo-de-sao-vicente","15":"product_tag-carapateira","16":"product_tag-castle","17":"product_tag-coastal","18":"product_tag-colours","19":"product_tag-countryside","20":"product_tag-crafted-self-guided-tour","21":"product_tag-culture","22":"product_tag-delicious-food","23":"product_tag-gastronomy-and-wines","24":"product_tag-hills","25":"product_tag-historic-centre","26":"product_tag-history","27":"product_tag-individuelle-touren","28":"product_tag-lagos","29":"product_tag-landscape","30":"product_tag-lush-green-hills","31":"product_tag-market","32":"product_tag-martim-longo","33":"product_tag-monchique","34":"product_tag-natural-park","35":"product_tag-odeceixe","36":"product_tag-parapets","37":"product_tag-picturesque-landscapes","38":"product_tag-ponta-da-piedade","39":"product_tag-portimao","40":"product_tag-praia-da-luz","41":"product_tag-protected-area","42":"product_tag-querenca","43":"product_tag-sagres","44":"product_tag-salema","45":"product_tag-sao-bartolomeu-de-messines","46":"product_tag-secluded-beaches","47":"product_tag-sejour-en-liberte","48":"product_tag-self-drive-holiday","49":"product_tag-self-guided","50":"product_tag-self-guided-holiday","51":"product_tag-self-guided-sightseeing","52":"product_tag-sightseeing","53":"product_tag-silves","54":"product_tag-slave-market-lagos","55":"product_tag-solo-reisen","56":"product_tag-tours-autoguidees","57":"product_tag-traditions","58":"product_tag-undulating-plains","59":"product_tag-valleys","60":"product_tag-village","61":"product_tag-voyage-en-liberte","62":"product_tag-voyages-en-autonomie","63":"product_tag-western-algarve","64":"product_tag-white-washed-houses","65":"product_tag-wines","67":"first","68":"instock","69":"virtual","70":"product-type-simple"},"acf":[],"yoast_head":"<!-- This site is optimized with the Yoast SEO Premium plugin v26.8 (Yoast SEO v27.4) - https:\/\/yoast.com\/product\/yoast-seo-premium-wordpress\/ -->\n<title>Self-Drive Holidays in Lagos West Algarve - Legendary Adventure DMC Portugal<\/title>\n<meta name=\"description\" content=\"Self-guided Walking Tour based in Tavira, East Algarve, designed to explore the natural wonders of the Ria Formosa Nature Park and the peaceful countryside.\" \/>\n<meta name=\"robots\" content=\"index, follow, max-snippet:-1, max-image-preview:large, max-video-preview:-1\" \/>\n<link rel=\"canonical\" href=\"https:\/\/legendatours.com\/fr\/produit\/lagos-the-surprising-west-algarve-56000sc\/\" \/>\n<meta property=\"og:locale\" content=\"fr_FR\" \/>\n<meta property=\"og:type\" content=\"article\" \/>\n<meta property=\"og:title\" content=\"Self-Drive Holidays in Lagos West Algarve\" \/>\n<meta property=\"og:description\" content=\"Self-guided Walking Tour based in Tavira, East Algarve, designed to explore the natural wonders of the Ria Formosa Nature Park and the peaceful countryside.\" \/>\n<meta property=\"og:url\" content=\"https:\/\/legendatours.com\/fr\/produit\/lagos-the-surprising-west-algarve-56000sc\/\" \/>\n<meta property=\"og:site_name\" content=\"Legendary Adventure DMC Portugal\" \/>\n<meta property=\"article:publisher\" content=\"https:\/\/www.facebook.com\/legendaryadventuredmc\/\" \/>\n<meta property=\"article:modified_time\" content=\"2022-01-02T22:59:32+00:00\" \/>\n<meta property=\"og:image\" content=\"https:\/\/legendatours.com\/wp-content\/uploads\/sites\/12\/2021\/04\/West_Algarve_tour.jpg\" \/>\n\t<meta property=\"og:image:width\" content=\"1195\" \/>\n\t<meta property=\"og:image:height\" content=\"800\" \/>\n\t<meta property=\"og:image:type\" content=\"image\/jpeg\" \/>\n<meta name=\"twitter:card\" content=\"summary_large_image\" \/>\n<meta name=\"twitter:label1\" content=\"Dur\u00e9e de lecture estim\u00e9e\" \/>\n\t<meta name=\"twitter:data1\" content=\"3 minutes\" \/>\n<script type=\"application\/ld+json\" class=\"yoast-schema-graph\">{\"@context\":\"https:\\\/\\\/schema.org\",\"@graph\":[{\"@type\":\"WebPage\",\"@id\":\"https:\\\/\\\/legendatours.com\\\/product\\\/lagos-the-surprising-west-algarve-56000sc\\\/\",\"url\":\"https:\\\/\\\/legendatours.com\\\/product\\\/lagos-the-surprising-west-algarve-56000sc\\\/\",\"name\":\"Self-Drive Holidays in Lagos West Algarve - Legendary Adventure DMC Portugal\",\"isPartOf\":{\"@id\":\"https:\\\/\\\/legendatours.com\\\/#website\"},\"primaryImageOfPage\":{\"@id\":\"https:\\\/\\\/legendatours.com\\\/product\\\/lagos-the-surprising-west-algarve-56000sc\\\/#primaryimage\"},\"image\":{\"@id\":\"https:\\\/\\\/legendatours.com\\\/product\\\/lagos-the-surprising-west-algarve-56000sc\\\/#primaryimage\"},\"thumbnailUrl\":\"https:\\\/\\\/legendatours.com\\\/wp-content\\\/uploads\\\/sites\\\/12\\\/2021\\\/04\\\/West_Algarve_tour.jpg\",\"datePublished\":\"2020-06-03T10:26:39+00:00\",\"dateModified\":\"2022-01-02T22:59:32+00:00\",\"description\":\"Self-guided Walking Tour based in Tavira, East Algarve, designed to explore the natural wonders of the Ria Formosa Nature Park and the peaceful countryside.\",\"breadcrumb\":{\"@id\":\"https:\\\/\\\/legendatours.com\\\/product\\\/lagos-the-surprising-west-algarve-56000sc\\\/#breadcrumb\"},\"inLanguage\":\"fr-FR\",\"potentialAction\":[{\"@type\":\"ReadAction\",\"target\":[\"https:\\\/\\\/legendatours.com\\\/product\\\/lagos-the-surprising-west-algarve-56000sc\\\/\"]}]},{\"@type\":\"ImageObject\",\"inLanguage\":\"fr-FR\",\"@id\":\"https:\\\/\\\/legendatours.com\\\/product\\\/lagos-the-surprising-west-algarve-56000sc\\\/#primaryimage\",\"url\":\"https:\\\/\\\/legendatours.com\\\/wp-content\\\/uploads\\\/sites\\\/12\\\/2021\\\/04\\\/West_Algarve_tour.jpg\",\"contentUrl\":\"https:\\\/\\\/legendatours.com\\\/wp-content\\\/uploads\\\/sites\\\/12\\\/2021\\\/04\\\/West_Algarve_tour.jpg\",\"width\":1195,\"height\":800,\"caption\":\"West Algarve tour\"},{\"@type\":\"BreadcrumbList\",\"@id\":\"https:\\\/\\\/legendatours.com\\\/product\\\/lagos-the-surprising-west-algarve-56000sc\\\/#breadcrumb\",\"itemListElement\":[{\"@type\":\"ListItem\",\"position\":1,\"name\":\"Home\",\"item\":\"https:\\\/\\\/legendatours.com\\\/\"},{\"@type\":\"ListItem\",\"position\":2,\"name\":\"Shop\",\"item\":\"https:\\\/\\\/legendatours.com\\\/sv\\\/?page_id=4\"},{\"@type\":\"ListItem\",\"position\":3,\"name\":\"The Algarve is so much more than sun and sea. In the little-visited East Algarve, it looks like time has stood still, and you\u2019ll feel how good it is to slow down and live the good life with this carefully crafted Self-Guided Walking Tour. Each day\u2019s walk highlights the contrasting landscape and wildlife of the region. This tour was put together for the enjoyment of those who have a special interest in rambling and nature.\"}]},{\"@type\":\"WebSite\",\"@id\":\"https:\\\/\\\/legendatours.com\\\/#website\",\"url\":\"https:\\\/\\\/legendatours.com\\\/\",\"name\":\"Legendary Adventure DMC Portugal\",\"description\":\"Responsible Walking &amp; Nature Holidays in Portugal\",\"publisher\":{\"@id\":\"https:\\\/\\\/legendatours.com\\\/#organization\"},\"alternateName\":\"Legendary Adventure Portugal\",\"potentialAction\":[{\"@type\":\"SearchAction\",\"target\":{\"@type\":\"EntryPoint\",\"urlTemplate\":\"https:\\\/\\\/legendatours.com\\\/?s={search_term_string}\"},\"query-input\":{\"@type\":\"PropertyValueSpecification\",\"valueRequired\":true,\"valueName\":\"search_term_string\"}}],\"inLanguage\":\"fr-FR\"},{\"@type\":\"Organization\",\"@id\":\"https:\\\/\\\/legendatours.com\\\/#organization\",\"name\":\"legendatours.com\",\"url\":\"https:\\\/\\\/legendatours.com\\\/\",\"logo\":{\"@type\":\"ImageObject\",\"inLanguage\":\"fr-FR\",\"@id\":\"https:\\\/\\\/legendatours.com\\\/#\\\/schema\\\/logo\\\/image\\\/\",\"url\":\"https:\\\/\\\/legendatours.com\\\/wp-content\\\/uploads\\\/sites\\\/12\\\/2021\\\/06\\\/legendary_adventure_dmc.png\",\"contentUrl\":\"https:\\\/\\\/legendatours.com\\\/wp-content\\\/uploads\\\/sites\\\/12\\\/2021\\\/06\\\/legendary_adventure_dmc.png\",\"width\":250,\"height\":74,\"caption\":\"legendatours.com\"},\"image\":{\"@id\":\"https:\\\/\\\/legendatours.com\\\/#\\\/schema\\\/logo\\\/image\\\/\"},\"sameAs\":[\"https:\\\/\\\/www.facebook.com\\\/legendaryadventuredmc\\\/\",\"https:\\\/\\\/www.linkedin.com\\\/company\\\/legendary-adventure-dmc-portugal\",\"https:\\\/\\\/www.youtube.com\\\/channel\\\/UCOIRDx_KM6ynIcacQkZjb6g\"]}]}<\/script>\n<!-- \/ Yoast SEO Premium plugin. -->","yoast_head_json":{"title":"Vacances en voiture \u00e0 Lagos, Algarve Ouest - Legendary Adventure DMC Portugal","description":"Visite \u00e0 pied autoguid\u00e9e bas\u00e9e \u00e0 Tavira, dans l&#039;est de l&#039;Algarve, con\u00e7ue pour explorer les merveilles naturelles du parc naturel de Ria Formosa et la campagne paisible.","robots":{"index":"index","follow":"follow","max-snippet":"max-snippet:-1","max-image-preview":"max-image-preview:large","max-video-preview":"max-video-preview:-1"},"canonical":"https:\/\/legendatours.com\/fr\/produit\/lagos-the-surprising-west-algarve-56000sc\/","og_locale":"fr_FR","og_type":"article","og_title":"Self-Drive Holidays in Lagos West Algarve","og_description":"Self-guided Walking Tour based in Tavira, East Algarve, designed to explore the natural wonders of the Ria Formosa Nature Park and the peaceful countryside.","og_url":"https:\/\/legendatours.com\/fr\/produit\/lagos-the-surprising-west-algarve-56000sc\/","og_site_name":"Legendary Adventure DMC Portugal","article_publisher":"https:\/\/www.facebook.com\/legendaryadventuredmc\/","article_modified_time":"2022-01-02T22:59:32+00:00","og_image":[{"width":1195,"height":800,"url":"https:\/\/legendatours.com\/wp-content\/uploads\/sites\/12\/2021\/04\/West_Algarve_tour.jpg","type":"image\/jpeg"}],"twitter_card":"summary_large_image","twitter_misc":{"Dur\u00e9e de lecture estim\u00e9e":"3 minutes"},"schema":{"@context":"https:\/\/schema.org","@graph":[{"@type":"WebPage","@id":"https:\/\/legendatours.com\/product\/lagos-the-surprising-west-algarve-56000sc\/","url":"https:\/\/legendatours.com\/product\/lagos-the-surprising-west-algarve-56000sc\/","name":"Vacances en voiture \u00e0 Lagos, Algarve Ouest - Legendary Adventure DMC Portugal","isPartOf":{"@id":"https:\/\/legendatours.com\/#website"},"primaryImageOfPage":{"@id":"https:\/\/legendatours.com\/product\/lagos-the-surprising-west-algarve-56000sc\/#primaryimage"},"image":{"@id":"https:\/\/legendatours.com\/product\/lagos-the-surprising-west-algarve-56000sc\/#primaryimage"},"thumbnailUrl":"https:\/\/legendatours.com\/wp-content\/uploads\/sites\/12\/2021\/04\/West_Algarve_tour.jpg","datePublished":"2020-06-03T10:26:39+00:00","dateModified":"2022-01-02T22:59:32+00:00","description":"Visite \u00e0 pied autoguid\u00e9e bas\u00e9e \u00e0 Tavira, dans l&#039;est de l&#039;Algarve, con\u00e7ue pour explorer les merveilles naturelles du parc naturel de Ria Formosa et la campagne paisible.","breadcrumb":{"@id":"https:\/\/legendatours.com\/product\/lagos-the-surprising-west-algarve-56000sc\/#breadcrumb"},"inLanguage":"fr-FR","potentialAction":[{"@type":"ReadAction","target":["https:\/\/legendatours.com\/product\/lagos-the-surprising-west-algarve-56000sc\/"]}]},{"@type":"ImageObject","inLanguage":"fr-FR","@id":"https:\/\/legendatours.com\/product\/lagos-the-surprising-west-algarve-56000sc\/#primaryimage","url":"https:\/\/legendatours.com\/wp-content\/uploads\/sites\/12\/2021\/04\/West_Algarve_tour.jpg","contentUrl":"https:\/\/legendatours.com\/wp-content\/uploads\/sites\/12\/2021\/04\/West_Algarve_tour.jpg","width":1195,"height":800,"caption":"West Algarve tour"},{"@type":"BreadcrumbList","@id":"https:\/\/legendatours.com\/product\/lagos-the-surprising-west-algarve-56000sc\/#breadcrumb","itemListElement":[{"@type":"ListItem","position":1,"name":"Home","item":"https:\/\/legendatours.com\/"},{"@type":"ListItem","position":2,"name":"Shop","item":"https:\/\/legendatours.com\/sv\/?page_id=4"},{"@type":"ListItem","position":3,"name":"The Algarve is so much more than sun and sea. In the little-visited East Algarve, it looks like time has stood still, and you\u2019ll feel how good it is to slow down and live the good life with this carefully crafted Self-Guided Walking Tour. Each day\u2019s walk highlights the contrasting landscape and wildlife of the region. This tour was put together for the enjoyment of those who have a special interest in rambling and nature."}]},{"@type":"WebSite","@id":"https:\/\/legendatours.com\/#website","url":"https:\/\/legendatours.com\/","name":"Aventure l\u00e9gendaire DMC Portugal","description":"Randonn\u00e9es responsables et vacances nature au Portugal","publisher":{"@id":"https:\/\/legendatours.com\/#organization"},"alternateName":"Legendary Adventure Portugal","potentialAction":[{"@type":"SearchAction","target":{"@type":"EntryPoint","urlTemplate":"https:\/\/legendatours.com\/?s={search_term_string}"},"query-input":{"@type":"PropertyValueSpecification","valueRequired":true,"valueName":"search_term_string"}}],"inLanguage":"fr-FR"},{"@type":"Organization","@id":"https:\/\/legendatours.com\/#organization","name":"legendatours.com","url":"https:\/\/legendatours.com\/","logo":{"@type":"ImageObject","inLanguage":"fr-FR","@id":"https:\/\/legendatours.com\/#\/schema\/logo\/image\/","url":"https:\/\/legendatours.com\/wp-content\/uploads\/sites\/12\/2021\/06\/legendary_adventure_dmc.png","contentUrl":"https:\/\/legendatours.com\/wp-content\/uploads\/sites\/12\/2021\/06\/legendary_adventure_dmc.png","width":250,"height":74,"caption":"legendatours.com"},"image":{"@id":"https:\/\/legendatours.com\/#\/schema\/logo\/image\/"},"sameAs":["https:\/\/www.facebook.com\/legendaryadventuredmc\/","https:\/\/www.linkedin.com\/company\/legendary-adventure-dmc-portugal","https:\/\/www.youtube.com\/channel\/UCOIRDx_KM6ynIcacQkZjb6g"]}]}},"_links":{"self":[{"href":"https:\/\/legendatours.com\/fr\/wp-json\/wp\/v2\/product\/8084","targetHints":{"allow":["GET"]}}],"collection":[{"href":"https:\/\/legendatours.com\/fr\/wp-json\/wp\/v2\/product"}],"about":[{"href":"https:\/\/legendatours.com\/fr\/wp-json\/wp\/v2\/types\/product"}],"replies":[{"embeddable":true,"href":"https:\/\/legendatours.com\/fr\/wp-json\/wp\/v2\/comments?post=8084"}],"wp:featuredmedia":[{"embeddable":true,"href":"https:\/\/legendatours.com\/fr\/wp-json\/wp\/v2\/media\/8074"}],"wp:attachment":[{"href":"https:\/\/legendatours.com\/fr\/wp-json\/wp\/v2\/media?parent=8084"}],"wp:term":[{"taxonomy":"product_brand","embeddable":true,"href":"https:\/\/legendatours.com\/fr\/wp-json\/wp\/v2\/product_brand?post=8084"},{"taxonomy":"product_cat","embeddable":true,"href":"https:\/\/legendatours.com\/fr\/wp-json\/wp\/v2\/product_cat?post=8084"},{"taxonomy":"product_tag","embeddable":true,"href":"https:\/\/legendatours.com\/fr\/wp-json\/wp\/v2\/product_tag?post=8084"}],"curies":[{"name":"wp","href":"https:\/\/api.w.org\/{rel}","templated":true}]}}