{"id":8096,"date":"2020-06-02T14:53:39","date_gmt":"2020-06-02T14:53:39","guid":{"rendered":"https:\/\/legendatours.com\/product\/self-drive-independent-holidays-in-albufeira-uncover-the-central-algarve\/"},"modified":"2022-01-02T23:01:55","modified_gmt":"2022-01-02T23:01:55","slug":"albufeira-uncover-the-central-algarve-55000sc","status":"publish","type":"product","link":"https:\/\/legendatours.com\/fr\/produit\/albufeira-uncover-the-central-algarve-55000sc\/","title":{"rendered":"Vacances ind\u00e9pendantes en voiture \u00e0 Albufeira Central Algarve"},"content":{"rendered":"<p>L&#039;Algarve central est un m\u00e9lange de traditions, de paysages, de parfums et de couleurs. Avec ce road trip personnalis\u00e9 en auto-conduite, vous pourrez explorer de mani\u00e8re ind\u00e9pendante des itin\u00e9raires le long du rivage et \u00e0 travers les collines de la montagne.<\/p>\n<p>Depuis le c\u0153ur de la station baln\u00e9aire la plus c\u00e9l\u00e8bre de l&#039;Algarve, Albufeira, nous vous invitons \u00e0 un merveilleux voyage dans les contrastes de cette r\u00e9gion riche en culture et en patrimoine.<\/p>\n<div id=\"attachment_1986\" style=\"width: 1034px\" class=\"wp-caption alignnone\"><img loading=\"lazy\" decoding=\"async\" aria-describedby=\"caption-attachment-1986\" class=\"wp-image-1986 size-large\" src=\"https:\/\/legendatours.net\/wp-content\/uploads\/2020\/03\/Albufeira_bluocean-1024x576.jpg\" alt=\"Holidays in Albufeira\" width=\"1024\" height=\"576\" \/><p id=\"caption-attachment-1986\" class=\"wp-caption-text\">Vacances \u00e0 Albufeira<\/p><\/div>\n<p>Nous vous montrerons comment atteindre des sites c\u00f4tiers secrets o\u00f9 vous pourrez plonger dans des eaux claires, vous promener entre les canaux de la Ria Formosa ou pagayer le long des plages d&#039;Albufeira.<\/p>\n<p>De Paderne, avec ses maisons blanches pittoresques et ses chemin\u00e9es d\u00e9cor\u00e9es du XVIIIe si\u00e8cle, \u00e0 Alte et les eaux fra\u00eeches et rafra\u00eechissantes de Fonte Grande et Fonte Pequena.<\/p>\n<p>Nous vous emm\u00e8nerons voir Boliqueime, sur les pentes d&#039;une colline, au d\u00e9but du Barrocal - la zone entre la c\u00f4te et les montagnes. C&#039;\u00e9tait le centre du commerce des figues, des amandes et des caroubes, et, bien s\u00fbr, des fameuses oranges sucr\u00e9es et juteuses de l&#039;Algarve !<\/p>\n<p>D\u00e9couvrez les contrastes de Loul\u00e9 avec l&#039;artisanat traditionnel et le b\u00e2timent du march\u00e9 municipal d&#039;inspiration arabe que certains disent que c&#039;est l&#039;un des plus beaux march\u00e9s du monde !<\/p>\n<p>Route vers Salir, un village au bord de la Serra do Caldeir\u00e3o, dont les origines sont perdues dans le temps et Santa Catarina da Fonte do Bispo, \u00e0 la recherche des tuiliers qui sont l\u00e0 depuis des si\u00e8cles.<\/p>\n<div id=\"attachment_1996\" style=\"width: 1034px\" class=\"wp-caption alignnone\"><img loading=\"lazy\" decoding=\"async\" aria-describedby=\"caption-attachment-1996\" class=\"wp-image-1996 size-large\" src=\"https:\/\/legendatours.net\/wp-content\/uploads\/2020\/03\/FalesiaBeachBoardwalk-1024x683.jpg\" alt=\"Holidays in Albufeira\" width=\"1024\" height=\"683\" \/><p id=\"caption-attachment-1996\" class=\"wp-caption-text\">Vacances \u00e0 Albufeira<\/p><\/div>\n<p>D\u00e9couvrez une facette inconnue d&#039;Albufeira en vous promenant dans les ruelles \u00e9troites, \u00e0 la recherche des lieux traditionnels o\u00f9 la cuisine locale est riche et originale.<\/p>\n<p>Emportez avec vous la vue sur Senhora da Rocha, la falaise surplombant les promenades de Carvoeiro et un souvenir de ce que la conception de la poterie de Porches raconte sur l&#039;histoire portugaise.<\/p>\n<p>Essayez le xar\u00e9m (bouillie de ma\u00efs) avec du porc cr\u00e9pitant ou une soupe de montagne. D\u00e9couvrez les fromages de ch\u00e8vre et de brebis ou les saucisses maison qui sont parfaites en entr\u00e9e. Essayez l&#039;eau-de-vie locale de medronho qui est l&#039;accompagnement id\u00e9al pour les bonbons, qui sont faits avec des produits locaux qui refl\u00e8tent l&#039;h\u00e9ritage du village - miel, figues et amandes.<\/p>\n<p>Gardez \u00e0 l&#039;esprit que beaucoup avant vous sont venus ici, sont tomb\u00e9s amoureux du pays et sont rest\u00e9s. Certains reviennent chaque ann\u00e9e. D&#039;autres n&#039;ont jamais \u00e9t\u00e9 ici.<\/p>\n<p>Mais soyez certain que vous verrez l&#039;Algarve central comme beaucoup ne l&#039;ont pas fait. Gr\u00e2ce \u00e0 nos connaissances et \u00e0 vos yeux, les souvenirs que vous cr\u00e9erez seront uniques et les v\u00f4tres \u00e0 raconter\u2026<\/p>\n<div class=\"row\" style=\"display: flex;\">\n<div class=\"column\" style=\"flex: 45%;\"><\/div>\n<div class=\"column\" style=\"flex: 10%;\"><\/div>\n<div class=\"column\" style=\"flex: 45%;\">\n<p><iframe loading=\"lazy\" title=\"Algarve comme jamais vu auparavant\" width=\"1080\" height=\"608\" src=\"https:\/\/www.youtube.com\/embed\/9dQqiVTNTj4?feature=oembed\" frameborder=\"0\" allow=\"accelerometer; autoplay; clipboard-write; encrypted-media; gyroscope; picture-in-picture\" allowfullscreen><\/iframe><\/p>\n<\/div>\n<\/div>","protected":false},"excerpt":{"rendered":"<p>L&#039;Algarve central est un m\u00e9lange de traditions, de paysages, de parfums et de couleurs. Avec ce road trip personnalis\u00e9 en auto-conduite, vous pourrez explorer de mani\u00e8re ind\u00e9pendante des itin\u00e9raires le long du rivage et \u00e0 travers les collines de la montagne.<\/p>\n<p>Depuis le c\u0153ur de la station baln\u00e9aire la plus c\u00e9l\u00e8bre de l&#039;Algarve, Albufeira, nous vous invitons \u00e0 un merveilleux voyage dans les contrastes de cette r\u00e9gion riche en culture et en patrimoine.<\/p>","protected":false},"featured_media":7762,"comment_status":"closed","ping_status":"closed","template":"","meta":{"_acf_changed":false,"inline_featured_image":false},"product_brand":[],"product_cat":[327,734,301],"product_tag":[812,147,306,823,649,815,791,792,153,811,214,337,779,793,535,218,160,313,94,824,271,794,97,825,797,106,749,826,802,319,804,328,805,652,228,322,324,70,806,807,615,325,326,809,145],"class_list":{"0":"post-8096","1":"product","2":"type-product","3":"status-publish","4":"has-post-thumbnail","6":"product_cat-self-drive-holidays-portugal","7":"product_cat-self-guided-sightseeing-holidays-in-portugal","8":"product_cat-self-guided-tours-portugal","9":"product_tag-albufeira","10":"product_tag-algarve","11":"product_tag-alleine-reisen","12":"product_tag-alte","13":"product_tag-carvoeiro","14":"product_tag-central-algarve","15":"product_tag-coastal","16":"product_tag-colours","17":"product_tag-countryside","18":"product_tag-crafted-self-guided-tour","19":"product_tag-culture","20":"product_tag-delicious-food","21":"product_tag-fly-drive","22":"product_tag-hills","23":"product_tag-historic-centre","24":"product_tag-history","25":"product_tag-holidays","26":"product_tag-individuelle-touren","27":"product_tag-landscape","28":"product_tag-loule","29":"product_tag-lush-green-hills","30":"product_tag-market","31":"product_tag-natural-park","32":"product_tag-paderne","33":"product_tag-parapets","34":"product_tag-picturesque-landscapes","35":"product_tag-protected-area","36":"product_tag-salir","37":"product_tag-secluded-beaches","38":"product_tag-sejour-en-liberte","39":"product_tag-self-drive-holiday","40":"product_tag-self-guided","41":"product_tag-self-guided-holiday","42":"product_tag-senhora-da-rocha","43":"product_tag-sightseeing","44":"product_tag-solo-reisen","45":"product_tag-tours-autoguidees","46":"product_tag-traditions","47":"product_tag-undulating-plains","48":"product_tag-valleys","49":"product_tag-village","50":"product_tag-voyage-en-liberte","51":"product_tag-voyages-en-autonomie","52":"product_tag-white-washed-houses","53":"product_tag-wines","55":"first","56":"instock","57":"virtual","58":"product-type-simple"},"acf":[],"yoast_head":"<!-- This site is optimized with the Yoast SEO Premium plugin v26.8 (Yoast SEO v27.5) - https:\/\/yoast.com\/product\/yoast-seo-premium-wordpress\/ -->\n<title>Self-Drive Independent Holidays in Albufeira Central Algarve - Legendary Adventure DMC Portugal<\/title>\n<meta name=\"description\" content=\"Self-guided Walking Tour based in Tavira, East Algarve, designed to explore the natural wonders of the Ria Formosa Nature Park and the peaceful countryside.\" \/>\n<meta name=\"robots\" content=\"index, follow, max-snippet:-1, max-image-preview:large, max-video-preview:-1\" \/>\n<link rel=\"canonical\" href=\"https:\/\/legendatours.com\/fr\/produit\/albufeira-uncover-the-central-algarve-55000sc\/\" \/>\n<meta property=\"og:locale\" content=\"fr_FR\" \/>\n<meta property=\"og:type\" content=\"article\" \/>\n<meta property=\"og:title\" content=\"Self-Drive Independent Holidays in Albufeira Central Algarve\" \/>\n<meta property=\"og:description\" content=\"Self-guided Walking Tour based in Tavira, East Algarve, designed to explore the natural wonders of the Ria Formosa Nature Park and the peaceful countryside.\" \/>\n<meta property=\"og:url\" content=\"https:\/\/legendatours.com\/fr\/produit\/albufeira-uncover-the-central-algarve-55000sc\/\" \/>\n<meta property=\"og:site_name\" content=\"Legendary Adventure DMC Portugal\" \/>\n<meta property=\"article:publisher\" content=\"https:\/\/www.facebook.com\/legendaryadventuredmc\/\" \/>\n<meta property=\"article:modified_time\" content=\"2022-01-02T23:01:55+00:00\" \/>\n<meta property=\"og:image\" content=\"https:\/\/legendatours.com\/wp-content\/uploads\/sites\/12\/2021\/04\/Typical_chimney-e1611677671486.jpg\" \/>\n\t<meta property=\"og:image:width\" content=\"1024\" \/>\n\t<meta property=\"og:image:height\" content=\"664\" \/>\n\t<meta property=\"og:image:type\" content=\"image\/jpeg\" \/>\n<meta name=\"twitter:card\" content=\"summary_large_image\" \/>\n<meta name=\"twitter:label1\" content=\"Dur\u00e9e de lecture estim\u00e9e\" \/>\n\t<meta name=\"twitter:data1\" content=\"2 minutes\" \/>\n<script type=\"application\/ld+json\" class=\"yoast-schema-graph\">{\"@context\":\"https:\\\/\\\/schema.org\",\"@graph\":[{\"@type\":\"WebPage\",\"@id\":\"https:\\\/\\\/legendatours.com\\\/product\\\/albufeira-uncover-the-central-algarve-55000sc\\\/\",\"url\":\"https:\\\/\\\/legendatours.com\\\/product\\\/albufeira-uncover-the-central-algarve-55000sc\\\/\",\"name\":\"Self-Drive Independent Holidays in Albufeira Central Algarve - Legendary Adventure DMC Portugal\",\"isPartOf\":{\"@id\":\"https:\\\/\\\/legendatours.com\\\/#website\"},\"primaryImageOfPage\":{\"@id\":\"https:\\\/\\\/legendatours.com\\\/product\\\/albufeira-uncover-the-central-algarve-55000sc\\\/#primaryimage\"},\"image\":{\"@id\":\"https:\\\/\\\/legendatours.com\\\/product\\\/albufeira-uncover-the-central-algarve-55000sc\\\/#primaryimage\"},\"thumbnailUrl\":\"https:\\\/\\\/legendatours.com\\\/wp-content\\\/uploads\\\/sites\\\/12\\\/2021\\\/04\\\/Typical_chimney-e1611677671486.jpg\",\"datePublished\":\"2020-06-02T14:53:39+00:00\",\"dateModified\":\"2022-01-02T23:01:55+00:00\",\"description\":\"Self-guided Walking Tour based in Tavira, East Algarve, designed to explore the natural wonders of the Ria Formosa Nature Park and the peaceful countryside.\",\"breadcrumb\":{\"@id\":\"https:\\\/\\\/legendatours.com\\\/product\\\/albufeira-uncover-the-central-algarve-55000sc\\\/#breadcrumb\"},\"inLanguage\":\"fr-FR\",\"potentialAction\":[{\"@type\":\"ReadAction\",\"target\":[\"https:\\\/\\\/legendatours.com\\\/product\\\/albufeira-uncover-the-central-algarve-55000sc\\\/\"]}]},{\"@type\":\"ImageObject\",\"inLanguage\":\"fr-FR\",\"@id\":\"https:\\\/\\\/legendatours.com\\\/product\\\/albufeira-uncover-the-central-algarve-55000sc\\\/#primaryimage\",\"url\":\"https:\\\/\\\/legendatours.com\\\/wp-content\\\/uploads\\\/sites\\\/12\\\/2021\\\/04\\\/Typical_chimney-e1611677671486.jpg\",\"contentUrl\":\"https:\\\/\\\/legendatours.com\\\/wp-content\\\/uploads\\\/sites\\\/12\\\/2021\\\/04\\\/Typical_chimney-e1611677671486.jpg\",\"width\":1024,\"height\":664,\"caption\":\"Typical Algarvian chimney\"},{\"@type\":\"BreadcrumbList\",\"@id\":\"https:\\\/\\\/legendatours.com\\\/product\\\/albufeira-uncover-the-central-algarve-55000sc\\\/#breadcrumb\",\"itemListElement\":[{\"@type\":\"ListItem\",\"position\":1,\"name\":\"Home\",\"item\":\"https:\\\/\\\/legendatours.com\\\/\"},{\"@type\":\"ListItem\",\"position\":2,\"name\":\"Shop\",\"item\":\"https:\\\/\\\/legendatours.com\\\/sv\\\/?page_id=4\"},{\"@type\":\"ListItem\",\"position\":3,\"name\":\"The Algarve is so much more than sun and sea. In the little-visited East Algarve, it looks like time has stood still, and you\u2019ll feel how good it is to slow down and live the good life with this carefully crafted Self-Guided Walking Tour. Each day\u2019s walk highlights the contrasting landscape and wildlife of the region. This tour was put together for the enjoyment of those who have a special interest in rambling and nature.\"}]},{\"@type\":\"WebSite\",\"@id\":\"https:\\\/\\\/legendatours.com\\\/#website\",\"url\":\"https:\\\/\\\/legendatours.com\\\/\",\"name\":\"Legendary Adventure DMC Portugal\",\"description\":\"Responsible Walking &amp; Nature Holidays in Portugal\",\"publisher\":{\"@id\":\"https:\\\/\\\/legendatours.com\\\/#organization\"},\"alternateName\":\"Legendary Adventure Portugal\",\"potentialAction\":[{\"@type\":\"SearchAction\",\"target\":{\"@type\":\"EntryPoint\",\"urlTemplate\":\"https:\\\/\\\/legendatours.com\\\/?s={search_term_string}\"},\"query-input\":{\"@type\":\"PropertyValueSpecification\",\"valueRequired\":true,\"valueName\":\"search_term_string\"}}],\"inLanguage\":\"fr-FR\"},{\"@type\":\"Organization\",\"@id\":\"https:\\\/\\\/legendatours.com\\\/#organization\",\"name\":\"legendatours.com\",\"url\":\"https:\\\/\\\/legendatours.com\\\/\",\"logo\":{\"@type\":\"ImageObject\",\"inLanguage\":\"fr-FR\",\"@id\":\"https:\\\/\\\/legendatours.com\\\/#\\\/schema\\\/logo\\\/image\\\/\",\"url\":\"https:\\\/\\\/legendatours.com\\\/wp-content\\\/uploads\\\/sites\\\/12\\\/2021\\\/06\\\/legendary_adventure_dmc.png\",\"contentUrl\":\"https:\\\/\\\/legendatours.com\\\/wp-content\\\/uploads\\\/sites\\\/12\\\/2021\\\/06\\\/legendary_adventure_dmc.png\",\"width\":250,\"height\":74,\"caption\":\"legendatours.com\"},\"image\":{\"@id\":\"https:\\\/\\\/legendatours.com\\\/#\\\/schema\\\/logo\\\/image\\\/\"},\"sameAs\":[\"https:\\\/\\\/www.facebook.com\\\/legendaryadventuredmc\\\/\",\"https:\\\/\\\/www.linkedin.com\\\/company\\\/legendary-adventure-dmc-portugal\",\"https:\\\/\\\/www.youtube.com\\\/channel\\\/UCOIRDx_KM6ynIcacQkZjb6g\"]}]}<\/script>\n<!-- \/ Yoast SEO Premium plugin. -->","yoast_head_json":{"title":"Vacances ind\u00e9pendantes en voiture \u00e0 Albufeira Central Algarve - Legendary Adventure DMC Portugal","description":"Visite \u00e0 pied autoguid\u00e9e bas\u00e9e \u00e0 Tavira, dans l&#039;est de l&#039;Algarve, con\u00e7ue pour explorer les merveilles naturelles du parc naturel de Ria Formosa et la campagne paisible.","robots":{"index":"index","follow":"follow","max-snippet":"max-snippet:-1","max-image-preview":"max-image-preview:large","max-video-preview":"max-video-preview:-1"},"canonical":"https:\/\/legendatours.com\/fr\/produit\/albufeira-uncover-the-central-algarve-55000sc\/","og_locale":"fr_FR","og_type":"article","og_title":"Self-Drive Independent Holidays in Albufeira Central Algarve","og_description":"Self-guided Walking Tour based in Tavira, East Algarve, designed to explore the natural wonders of the Ria Formosa Nature Park and the peaceful countryside.","og_url":"https:\/\/legendatours.com\/fr\/produit\/albufeira-uncover-the-central-algarve-55000sc\/","og_site_name":"Legendary Adventure DMC Portugal","article_publisher":"https:\/\/www.facebook.com\/legendaryadventuredmc\/","article_modified_time":"2022-01-02T23:01:55+00:00","og_image":[{"width":1024,"height":664,"url":"https:\/\/legendatours.com\/wp-content\/uploads\/sites\/12\/2021\/04\/Typical_chimney-e1611677671486.jpg","type":"image\/jpeg"}],"twitter_card":"summary_large_image","twitter_misc":{"Dur\u00e9e de lecture estim\u00e9e":"2 minutes"},"schema":{"@context":"https:\/\/schema.org","@graph":[{"@type":"WebPage","@id":"https:\/\/legendatours.com\/product\/albufeira-uncover-the-central-algarve-55000sc\/","url":"https:\/\/legendatours.com\/product\/albufeira-uncover-the-central-algarve-55000sc\/","name":"Vacances ind\u00e9pendantes en voiture \u00e0 Albufeira Central Algarve - Legendary Adventure DMC Portugal","isPartOf":{"@id":"https:\/\/legendatours.com\/#website"},"primaryImageOfPage":{"@id":"https:\/\/legendatours.com\/product\/albufeira-uncover-the-central-algarve-55000sc\/#primaryimage"},"image":{"@id":"https:\/\/legendatours.com\/product\/albufeira-uncover-the-central-algarve-55000sc\/#primaryimage"},"thumbnailUrl":"https:\/\/legendatours.com\/wp-content\/uploads\/sites\/12\/2021\/04\/Typical_chimney-e1611677671486.jpg","datePublished":"2020-06-02T14:53:39+00:00","dateModified":"2022-01-02T23:01:55+00:00","description":"Visite \u00e0 pied autoguid\u00e9e bas\u00e9e \u00e0 Tavira, dans l&#039;est de l&#039;Algarve, con\u00e7ue pour explorer les merveilles naturelles du parc naturel de Ria Formosa et la campagne paisible.","breadcrumb":{"@id":"https:\/\/legendatours.com\/product\/albufeira-uncover-the-central-algarve-55000sc\/#breadcrumb"},"inLanguage":"fr-FR","potentialAction":[{"@type":"ReadAction","target":["https:\/\/legendatours.com\/product\/albufeira-uncover-the-central-algarve-55000sc\/"]}]},{"@type":"ImageObject","inLanguage":"fr-FR","@id":"https:\/\/legendatours.com\/product\/albufeira-uncover-the-central-algarve-55000sc\/#primaryimage","url":"https:\/\/legendatours.com\/wp-content\/uploads\/sites\/12\/2021\/04\/Typical_chimney-e1611677671486.jpg","contentUrl":"https:\/\/legendatours.com\/wp-content\/uploads\/sites\/12\/2021\/04\/Typical_chimney-e1611677671486.jpg","width":1024,"height":664,"caption":"Typical Algarvian chimney"},{"@type":"BreadcrumbList","@id":"https:\/\/legendatours.com\/product\/albufeira-uncover-the-central-algarve-55000sc\/#breadcrumb","itemListElement":[{"@type":"ListItem","position":1,"name":"Home","item":"https:\/\/legendatours.com\/"},{"@type":"ListItem","position":2,"name":"Shop","item":"https:\/\/legendatours.com\/sv\/?page_id=4"},{"@type":"ListItem","position":3,"name":"The Algarve is so much more than sun and sea. In the little-visited East Algarve, it looks like time has stood still, and you\u2019ll feel how good it is to slow down and live the good life with this carefully crafted Self-Guided Walking Tour. Each day\u2019s walk highlights the contrasting landscape and wildlife of the region. This tour was put together for the enjoyment of those who have a special interest in rambling and nature."}]},{"@type":"WebSite","@id":"https:\/\/legendatours.com\/#website","url":"https:\/\/legendatours.com\/","name":"Aventure l\u00e9gendaire DMC Portugal","description":"Randonn\u00e9es responsables et vacances nature au Portugal","publisher":{"@id":"https:\/\/legendatours.com\/#organization"},"alternateName":"Legendary Adventure Portugal","potentialAction":[{"@type":"SearchAction","target":{"@type":"EntryPoint","urlTemplate":"https:\/\/legendatours.com\/?s={search_term_string}"},"query-input":{"@type":"PropertyValueSpecification","valueRequired":true,"valueName":"search_term_string"}}],"inLanguage":"fr-FR"},{"@type":"Organization","@id":"https:\/\/legendatours.com\/#organization","name":"legendatours.com","url":"https:\/\/legendatours.com\/","logo":{"@type":"ImageObject","inLanguage":"fr-FR","@id":"https:\/\/legendatours.com\/#\/schema\/logo\/image\/","url":"https:\/\/legendatours.com\/wp-content\/uploads\/sites\/12\/2021\/06\/legendary_adventure_dmc.png","contentUrl":"https:\/\/legendatours.com\/wp-content\/uploads\/sites\/12\/2021\/06\/legendary_adventure_dmc.png","width":250,"height":74,"caption":"legendatours.com"},"image":{"@id":"https:\/\/legendatours.com\/#\/schema\/logo\/image\/"},"sameAs":["https:\/\/www.facebook.com\/legendaryadventuredmc\/","https:\/\/www.linkedin.com\/company\/legendary-adventure-dmc-portugal","https:\/\/www.youtube.com\/channel\/UCOIRDx_KM6ynIcacQkZjb6g"]}]}},"_links":{"self":[{"href":"https:\/\/legendatours.com\/fr\/wp-json\/wp\/v2\/product\/8096","targetHints":{"allow":["GET"]}}],"collection":[{"href":"https:\/\/legendatours.com\/fr\/wp-json\/wp\/v2\/product"}],"about":[{"href":"https:\/\/legendatours.com\/fr\/wp-json\/wp\/v2\/types\/product"}],"replies":[{"embeddable":true,"href":"https:\/\/legendatours.com\/fr\/wp-json\/wp\/v2\/comments?post=8096"}],"wp:featuredmedia":[{"embeddable":true,"href":"https:\/\/legendatours.com\/fr\/wp-json\/wp\/v2\/media\/7762"}],"wp:attachment":[{"href":"https:\/\/legendatours.com\/fr\/wp-json\/wp\/v2\/media?parent=8096"}],"wp:term":[{"taxonomy":"product_brand","embeddable":true,"href":"https:\/\/legendatours.com\/fr\/wp-json\/wp\/v2\/product_brand?post=8096"},{"taxonomy":"product_cat","embeddable":true,"href":"https:\/\/legendatours.com\/fr\/wp-json\/wp\/v2\/product_cat?post=8096"},{"taxonomy":"product_tag","embeddable":true,"href":"https:\/\/legendatours.com\/fr\/wp-json\/wp\/v2\/product_tag?post=8096"}],"curies":[{"name":"wp","href":"https:\/\/api.w.org\/{rel}","templated":true}]}}