{"id":8103,"date":"2020-06-02T13:46:35","date_gmt":"2020-06-02T13:46:35","guid":{"rendered":"https:\/\/legendatours.com\/product\/tavira-self-drive-holidays-the-east-algarve-culture-heritage\/"},"modified":"2022-01-02T23:05:14","modified_gmt":"2022-01-02T23:05:14","slug":"tavira-the-east-algarve-culture-heritage-54000sc","status":"publish","type":"product","link":"https:\/\/legendatours.com\/fr\/produit\/tavira-the-east-algarve-culture-heritage-54000sc\/","title":{"rendered":"Tavira Self-Drive Holidays: La culture et le patrimoine de l&#039;est de l&#039;Algarve"},"content":{"rendered":"<p>L&#039;est de l&#039;Algarve est la partie la moins touristique de cette station baln\u00e9aire de renomm\u00e9e mondiale au Portugal.<\/p>\n<p>Les eaux bleues de l&#039;Atlantique, les plages de sable dor\u00e9, la Ria Formosa, la gastronomie exquise, les gens sympathiques, tout cela est largement connu. Mais il y a encore des endroits secrets, des paysages \u00e0 d\u00e9couvrir, des mani\u00e8res et des traditions inconnues de beaucoup.<\/p>\n<p>Cette visite sur mesure bas\u00e9e \u00e0 Tavira est con\u00e7ue par des r\u00e9sidents locaux. Vous vivrez une exp\u00e9rience unique du patrimoine naturel, humain et culturel de l&#039;est de l&#039;Algarve.<\/p>\n<div id=\"attachment_1837\" style=\"width: 1034px\" class=\"wp-caption alignnone\"><img loading=\"lazy\" decoding=\"async\" aria-describedby=\"caption-attachment-1837\" class=\"wp-image-1837 size-large\" src=\"https:\/\/legendatours.net\/wp-content\/uploads\/2020\/03\/Cork-in-Serra-do-Caldeirao-Algarve-1-1024x768.jpg\" alt=\"Cork in Serra do Caldeirao Algarve\" width=\"1024\" height=\"768\" \/><p id=\"caption-attachment-1837\" class=\"wp-caption-text\">Li\u00e8ge \u00e0 Serra do Caldeirao Algarve. Le Portugal est le plus grand producteur de li\u00e8ge au monde<\/p><\/div>\n<p>Tavira, sur le versant sud de la Serra do Caldeir\u00e3o, est une ville pittoresque et pittoresque, entour\u00e9e d&#039;un paysage parsem\u00e9 d&#039;oliviers, d&#039;amandiers, de figuiers, de caroubiers et de palmiers.<\/p>\n<p>Fa\u00e7onn\u00e9e par son pass\u00e9 historique, Tavira poss\u00e8de un joli bord de rivi\u00e8re et une atmosph\u00e8re tranquille. La rivi\u00e8re Gil\u00e3o s&#039;ouvre sur la Ria Formosa, un syst\u00e8me de lagunes d&#039;une grande beaut\u00e9 naturelle.<\/p>\n<p>Cette visite ind\u00e9pendante vous donnera un aper\u00e7u de l&#039;importance de la p\u00eache traditionnelle dans la Ria Formosa et vous donnera l&#039;occasion de go\u00fbter aux d\u00e9lices de la mer pr\u00e9par\u00e9s avec savoir-faire et simplicit\u00e9.<\/p>\n<p>Vous n&#039;oublierez pas les hu\u00eetres fra\u00eeches, les rago\u00fbts de poulpe, les couteaux, les plats de thon, avec des variations exclusives \u00e0 cette r\u00e9gion, o\u00f9 attraper et cuisiner les fruits de la mer est un v\u00e9ritable art.<\/p>\n<div id=\"attachment_1775\" style=\"width: 1034px\" class=\"wp-caption alignnone\"><img loading=\"lazy\" decoding=\"async\" aria-describedby=\"caption-attachment-1775\" class=\"wp-image-1775 size-large\" src=\"https:\/\/legendatours.net\/wp-content\/uploads\/2020\/03\/Amazing-view-in-Cacela-1024x685.jpg\" alt=\"Amazing view in Cacela\" width=\"1024\" height=\"685\" \/><p id=\"caption-attachment-1775\" class=\"wp-caption-text\">Vue imprenable \u00e0 Cacela. \u00c0 c\u00f4t\u00e9 de l&#039;\u00e9glise, vous avez la meilleure vue sur la Ria Formosa.<\/p><\/div>\n<p>En vous d\u00e9pla\u00e7ant vers l&#039;est, vous visiterez Cacela Velha, un charmant village c\u00f4tier blanc et bleu, avec la seule falaise de l&#039;est de l&#039;Algarve, et sans doute la vue la plus splendide que vous verrez lors de cette visite.<\/p>\n<p>Vous regarderez de plus pr\u00e8s Vila Real de Santo Ant\u00f3nio, une ville fond\u00e9e en 1774, selon les principes des Lumi\u00e8res. Il a \u00e9t\u00e9 construit comme une r\u00e9plique du trac\u00e9 des rues du centre de Lisbonne apr\u00e8s le tremblement de terre d\u00e9vastateur de 1755.<\/p>\n<p>Les excursions \u00e0 l&#039;int\u00e9rieur des terres, sur les collines au-dessus de Tavira, d\u00e9couvriront l&#039;attrait de villages endormis comme Cachopo, avec des maisons blanchies \u00e0 la chaux avec des parapets d\u00e9cor\u00e9s de mani\u00e8re distinctive sur les fa\u00e7ades. Certaines cachent des terrasses (a\u00e7oteias) utilis\u00e9es pour s\u00e9cher les figues et autres produits, avec des techniques de conservation ancestrales. D&#039;autres sont purement d\u00e9coratifs et t\u00e9moignent de la richesse et du prestige du propri\u00e9taire.<\/p>\n<p>S. Bras de Alportel, une autre \u00e9tape de notre itin\u00e9raire, est c\u00e9l\u00e8bre pour la production de li\u00e8ge, o\u00f9 l&#039;\u00e9corce de l&#039;arbre est transform\u00e9e en un produit durable et \u00e9cologique. La qualit\u00e9 du li\u00e8ge de cette r\u00e9gion est connue dans le monde entier avec d&#039;innombrables utilisations.<\/p>\n<p>Vous longerez ensuite les collines verdoyantes bordant le fleuve Guadiana pour rejoindre Alcoutim. San Lucar del Guadiana est la ville espagnole sur la rive oppos\u00e9e.<\/p>\n<div id=\"attachment_1869\" style=\"width: 1034px\" class=\"wp-caption alignnone\"><img loading=\"lazy\" decoding=\"async\" aria-describedby=\"caption-attachment-1869\" class=\"wp-image-1869 size-large\" src=\"https:\/\/legendatours.net\/wp-content\/uploads\/2020\/03\/alcoutim-1024x680.jpg\" alt=\"Alcoutim and the River Guadiana\" width=\"1024\" height=\"680\" \/><p id=\"caption-attachment-1869\" class=\"wp-caption-text\">Alcoutim et le fleuve Guadiana, situ\u00e9 du c\u00f4t\u00e9 portugais du fleuve Guadiana, qui s\u00e9pare le Portugal de l&#039;Espagne<\/p><\/div>\n<p>Le Ch\u00e2teau d&#039;Alcoutim a \u00e9t\u00e9 construit au XVIe si\u00e8cle et depuis les jardins, parfaitement entretenus, vous aurez un excellent point de vue. Il existe une myriade de l\u00e9gendes impliquant le ch\u00e2teau, racontant de braves chevaliers et de belles princesses maures, frustr\u00e9es dans leur amour, devenant enchant\u00e9es.<\/p>\n<p>Pour compl\u00e9ter votre exp\u00e9rience, il y a une journ\u00e9e d\u00e9di\u00e9e \u00e0 l&#039;ouest de l&#039;Algarve, un vrai r\u00e9gal ! Vous verrez un paysage compl\u00e8tement diff\u00e9rent, avec des grottes rocheuses et des falaises longeant la c\u00f4te atlantique.<\/p>\n<p>Visitez Ferragudo, Vila do Bispo et Sagres, le promontoire l\u00e9gendaire, d&#039;o\u00f9 est parti le r\u00eave \u00e9pique des D\u00e9couvertes.<\/p>\n<p>Les falaises du Cap S. Vicent, le point le plus au sud-ouest du Portugal et d&#039;Europe, sont vertigineuses \u00e0 60 m\u00e8tres de haut, tombant dans les embruns furieux des vagues.<\/p>\n<p>Vous pouvez voir d&#039;en haut des hommes f\u00e9roces escalader les rochers, d\u00e9fiant les vagues battantes de l&#039;Atlantique pour r\u00e9colter des balanes dans une prise tr\u00e8s dangereuse.<br \/>\nIl s&#039;agit d&#039;une visite autonome soigneusement con\u00e7ue, o\u00f9 le pass\u00e9 se confond avec le pr\u00e9sent, faisant de chaque instant un souvenir durable\u00a0: arrivez en tant que visiteur mais repartez en tant que local\u00a0!<\/p>\n<div class=\"row\" style=\"display: flex;\">\n<div class=\"column\" style=\"flex: 45%;\"><\/div>\n<div class=\"column\" style=\"flex: 10%;\"><\/div>\n<div class=\"column\" style=\"flex: 45%;\"><\/div>\n<\/div>","protected":false},"excerpt":{"rendered":"<p>L&#039;est de l&#039;Algarve est la partie la moins touristique de la c\u00e9l\u00e8bre station baln\u00e9aire du Portugal.<\/p>\n<p>Les eaux bleues de l&#039;Atlantique, les plages de sable dor\u00e9, la Ria Formosa, la gastronomie exquise, les gens sympathiques, tout cela est largement connu. Mais il y a encore des endroits secrets, des paysages \u00e0 d\u00e9couvrir, des mani\u00e8res et des traditions inconnues de beaucoup.<\/p>\n<p>Cette visite sur mesure bas\u00e9e \u00e0 Tavira est con\u00e7ue par des r\u00e9sidents locaux. Vous vivrez une exp\u00e9rience unique du patrimoine naturel, humain et culturel de l&#039;est de l&#039;Algarve.<\/p>","protected":false},"featured_media":7895,"comment_status":"closed","ping_status":"closed","template":"","meta":{"_acf_changed":false,"inline_featured_image":false},"product_brand":[],"product_cat":[327,734,301],"product_tag":[306,827,828,151,152,830,831,460,738,83,153,214,337,154,389,832,833,834,835,836,837,554,838,218,313,271,478,97,558,839,106,749,840,841,319,804,320,328,805,842,228,322,174,175,324,806,807,843,286,325,326,145],"class_list":{"0":"post-8103","1":"product","2":"type-product","3":"status-publish","4":"has-post-thumbnail","6":"product_cat-self-drive-holidays-portugal","7":"product_cat-self-guided-sightseeing-holidays-in-portugal","8":"product_cat-self-guided-tours-portugal","9":"product_tag-alleine-reisen","10":"product_tag-almonds","11":"product_tag-barranco-do-velho","12":"product_tag-cabanas-de-tavira","13":"product_tag-cacela-velha","14":"product_tag-cachopo","15":"product_tag-carob-trees","16":"product_tag-castro-marim","17":"product_tag-central-portugal","18":"product_tag-cork-trees","19":"product_tag-countryside","20":"product_tag-culture","21":"product_tag-delicious-food","22":"product_tag-east-algarve","23":"product_tag-eastern-algarve","24":"product_tag-ferragudo","25":"product_tag-figs","26":"product_tag-fishing-heritage","27":"product_tag-foz-de-odeleite","28":"product_tag-golden-sandy-beaches","29":"product_tag-gorges","30":"product_tag-guadiana-river","31":"product_tag-guerreiros-do-rio","32":"product_tag-history","33":"product_tag-individuelle-touren","34":"product_tag-lush-green-hills","35":"product_tag-monte-gordo","36":"product_tag-natural-park","37":"product_tag-olives","38":"product_tag-palm-trees","39":"product_tag-picturesque-landscapes","40":"product_tag-protected-area","41":"product_tag-santa-rita","42":"product_tag-sao-bras-de-alportel","43":"product_tag-sejour-en-liberte","44":"product_tag-self-drive-holiday","45":"product_tag-self-guide-tour","46":"product_tag-self-guided","47":"product_tag-self-guided-holiday","48":"product_tag-serra-do-caldeirao","49":"product_tag-sightseeing","50":"product_tag-solo-reisen","51":"product_tag-tavira","52":"product_tag-tavira-island","53":"product_tag-tours-autoguidees","54":"product_tag-undulating-plains","55":"product_tag-valleys","56":"product_tag-vila-do-vispo","57":"product_tag-vila-real-de-santo-antonio","58":"product_tag-voyage-en-liberte","59":"product_tag-voyages-en-autonomie","60":"product_tag-wines","62":"first","63":"instock","64":"virtual","65":"product-type-simple"},"acf":[],"yoast_head":"<!-- This site is optimized with the Yoast SEO Premium plugin v26.8 (Yoast SEO v27.5) - https:\/\/yoast.com\/product\/yoast-seo-premium-wordpress\/ -->\n<title>Tavira Self-Drive Holidays: The East Algarve Culture &amp; Heritage - Legendary Adventure DMC Portugal<\/title>\n<meta name=\"description\" content=\"Self-guided Walking Tour based in Tavira, East Algarve, designed to explore the natural wonders of the Ria Formosa Nature Park and the peaceful countryside.\" \/>\n<meta name=\"robots\" content=\"index, follow, max-snippet:-1, max-image-preview:large, max-video-preview:-1\" \/>\n<link rel=\"canonical\" href=\"https:\/\/legendatours.com\/fr\/produit\/tavira-the-east-algarve-culture-heritage-54000sc\/\" \/>\n<meta property=\"og:locale\" content=\"fr_FR\" \/>\n<meta property=\"og:type\" content=\"article\" \/>\n<meta property=\"og:title\" content=\"Tavira Self-Drive Holidays: The East Algarve Culture &amp; Heritage\" \/>\n<meta property=\"og:description\" content=\"Self-guided Walking Tour based in Tavira, East Algarve, designed to explore the natural wonders of the Ria Formosa Nature Park and the peaceful countryside.\" \/>\n<meta property=\"og:url\" content=\"https:\/\/legendatours.com\/fr\/produit\/tavira-the-east-algarve-culture-heritage-54000sc\/\" \/>\n<meta property=\"og:site_name\" content=\"Legendary Adventure DMC Portugal\" \/>\n<meta property=\"article:publisher\" content=\"https:\/\/www.facebook.com\/legendaryadventuredmc\/\" \/>\n<meta property=\"article:modified_time\" content=\"2022-01-02T23:05:14+00:00\" \/>\n<meta property=\"og:image\" content=\"https:\/\/legendatours.com\/wp-content\/uploads\/sites\/12\/2021\/04\/Colourful-fishing-boat-in-Santa-Luzia-walking-tour-e1611676940627.jpg\" \/>\n\t<meta property=\"og:image:width\" content=\"1024\" \/>\n\t<meta property=\"og:image:height\" content=\"687\" \/>\n\t<meta property=\"og:image:type\" content=\"image\/jpeg\" \/>\n<meta name=\"twitter:card\" content=\"summary_large_image\" \/>\n<meta name=\"twitter:label1\" content=\"Dur\u00e9e de lecture estim\u00e9e\" \/>\n\t<meta name=\"twitter:data1\" content=\"3 minutes\" \/>\n<script type=\"application\/ld+json\" class=\"yoast-schema-graph\">{\"@context\":\"https:\\\/\\\/schema.org\",\"@graph\":[{\"@type\":\"WebPage\",\"@id\":\"https:\\\/\\\/legendatours.com\\\/product\\\/tavira-the-east-algarve-culture-heritage-54000sc\\\/\",\"url\":\"https:\\\/\\\/legendatours.com\\\/product\\\/tavira-the-east-algarve-culture-heritage-54000sc\\\/\",\"name\":\"Tavira Self-Drive Holidays: The East Algarve Culture &amp; Heritage - Legendary Adventure DMC Portugal\",\"isPartOf\":{\"@id\":\"https:\\\/\\\/legendatours.com\\\/#website\"},\"primaryImageOfPage\":{\"@id\":\"https:\\\/\\\/legendatours.com\\\/product\\\/tavira-the-east-algarve-culture-heritage-54000sc\\\/#primaryimage\"},\"image\":{\"@id\":\"https:\\\/\\\/legendatours.com\\\/product\\\/tavira-the-east-algarve-culture-heritage-54000sc\\\/#primaryimage\"},\"thumbnailUrl\":\"https:\\\/\\\/legendatours.com\\\/wp-content\\\/uploads\\\/sites\\\/12\\\/2021\\\/04\\\/Colourful-fishing-boat-in-Santa-Luzia-walking-tour-e1611676940627.jpg\",\"datePublished\":\"2020-06-02T13:46:35+00:00\",\"dateModified\":\"2022-01-02T23:05:14+00:00\",\"description\":\"Self-guided Walking Tour based in Tavira, East Algarve, designed to explore the natural wonders of the Ria Formosa Nature Park and the peaceful countryside.\",\"breadcrumb\":{\"@id\":\"https:\\\/\\\/legendatours.com\\\/product\\\/tavira-the-east-algarve-culture-heritage-54000sc\\\/#breadcrumb\"},\"inLanguage\":\"fr-FR\",\"potentialAction\":[{\"@type\":\"ReadAction\",\"target\":[\"https:\\\/\\\/legendatours.com\\\/product\\\/tavira-the-east-algarve-culture-heritage-54000sc\\\/\"]}]},{\"@type\":\"ImageObject\",\"inLanguage\":\"fr-FR\",\"@id\":\"https:\\\/\\\/legendatours.com\\\/product\\\/tavira-the-east-algarve-culture-heritage-54000sc\\\/#primaryimage\",\"url\":\"https:\\\/\\\/legendatours.com\\\/wp-content\\\/uploads\\\/sites\\\/12\\\/2021\\\/04\\\/Colourful-fishing-boat-in-Santa-Luzia-walking-tour-e1611676940627.jpg\",\"contentUrl\":\"https:\\\/\\\/legendatours.com\\\/wp-content\\\/uploads\\\/sites\\\/12\\\/2021\\\/04\\\/Colourful-fishing-boat-in-Santa-Luzia-walking-tour-e1611676940627.jpg\",\"width\":1024,\"height\":687,\"caption\":\"Colourful fishing boat in Santa Luzia\"},{\"@type\":\"BreadcrumbList\",\"@id\":\"https:\\\/\\\/legendatours.com\\\/product\\\/tavira-the-east-algarve-culture-heritage-54000sc\\\/#breadcrumb\",\"itemListElement\":[{\"@type\":\"ListItem\",\"position\":1,\"name\":\"Home\",\"item\":\"https:\\\/\\\/legendatours.com\\\/\"},{\"@type\":\"ListItem\",\"position\":2,\"name\":\"Shop\",\"item\":\"https:\\\/\\\/legendatours.com\\\/sv\\\/?page_id=4\"},{\"@type\":\"ListItem\",\"position\":3,\"name\":\"The Algarve is so much more than sun and sea. In the little-visited East Algarve, it looks like time has stood still, and you\u2019ll feel how good it is to slow down and live the good life with this carefully crafted Self-Guided Walking Tour. Each day\u2019s walk highlights the contrasting landscape and wildlife of the region. This tour was put together for the enjoyment of those who have a special interest in rambling and nature.\"}]},{\"@type\":\"WebSite\",\"@id\":\"https:\\\/\\\/legendatours.com\\\/#website\",\"url\":\"https:\\\/\\\/legendatours.com\\\/\",\"name\":\"Legendary Adventure DMC Portugal\",\"description\":\"Responsible Walking &amp; Nature Holidays in Portugal\",\"publisher\":{\"@id\":\"https:\\\/\\\/legendatours.com\\\/#organization\"},\"alternateName\":\"Legendary Adventure Portugal\",\"potentialAction\":[{\"@type\":\"SearchAction\",\"target\":{\"@type\":\"EntryPoint\",\"urlTemplate\":\"https:\\\/\\\/legendatours.com\\\/?s={search_term_string}\"},\"query-input\":{\"@type\":\"PropertyValueSpecification\",\"valueRequired\":true,\"valueName\":\"search_term_string\"}}],\"inLanguage\":\"fr-FR\"},{\"@type\":\"Organization\",\"@id\":\"https:\\\/\\\/legendatours.com\\\/#organization\",\"name\":\"legendatours.com\",\"url\":\"https:\\\/\\\/legendatours.com\\\/\",\"logo\":{\"@type\":\"ImageObject\",\"inLanguage\":\"fr-FR\",\"@id\":\"https:\\\/\\\/legendatours.com\\\/#\\\/schema\\\/logo\\\/image\\\/\",\"url\":\"https:\\\/\\\/legendatours.com\\\/wp-content\\\/uploads\\\/sites\\\/12\\\/2021\\\/06\\\/legendary_adventure_dmc.png\",\"contentUrl\":\"https:\\\/\\\/legendatours.com\\\/wp-content\\\/uploads\\\/sites\\\/12\\\/2021\\\/06\\\/legendary_adventure_dmc.png\",\"width\":250,\"height\":74,\"caption\":\"legendatours.com\"},\"image\":{\"@id\":\"https:\\\/\\\/legendatours.com\\\/#\\\/schema\\\/logo\\\/image\\\/\"},\"sameAs\":[\"https:\\\/\\\/www.facebook.com\\\/legendaryadventuredmc\\\/\",\"https:\\\/\\\/www.linkedin.com\\\/company\\\/legendary-adventure-dmc-portugal\",\"https:\\\/\\\/www.youtube.com\\\/channel\\\/UCOIRDx_KM6ynIcacQkZjb6g\"]}]}<\/script>\n<!-- \/ Yoast SEO Premium plugin. -->","yoast_head_json":{"title":"Voyages en voiture \u00e0 Tavira\u00a0: Culture et patrimoine de l\u2019Algarve orientale - Legendary Adventure DMC Portugal","description":"Visite \u00e0 pied autoguid\u00e9e bas\u00e9e \u00e0 Tavira, dans l&#039;est de l&#039;Algarve, con\u00e7ue pour explorer les merveilles naturelles du parc naturel de Ria Formosa et la campagne paisible.","robots":{"index":"index","follow":"follow","max-snippet":"max-snippet:-1","max-image-preview":"max-image-preview:large","max-video-preview":"max-video-preview:-1"},"canonical":"https:\/\/legendatours.com\/fr\/produit\/tavira-the-east-algarve-culture-heritage-54000sc\/","og_locale":"fr_FR","og_type":"article","og_title":"Tavira Self-Drive Holidays: The East Algarve Culture &amp; Heritage","og_description":"Self-guided Walking Tour based in Tavira, East Algarve, designed to explore the natural wonders of the Ria Formosa Nature Park and the peaceful countryside.","og_url":"https:\/\/legendatours.com\/fr\/produit\/tavira-the-east-algarve-culture-heritage-54000sc\/","og_site_name":"Legendary Adventure DMC Portugal","article_publisher":"https:\/\/www.facebook.com\/legendaryadventuredmc\/","article_modified_time":"2022-01-02T23:05:14+00:00","og_image":[{"width":1024,"height":687,"url":"https:\/\/legendatours.com\/wp-content\/uploads\/sites\/12\/2021\/04\/Colourful-fishing-boat-in-Santa-Luzia-walking-tour-e1611676940627.jpg","type":"image\/jpeg"}],"twitter_card":"summary_large_image","twitter_misc":{"Dur\u00e9e de lecture estim\u00e9e":"3 minutes"},"schema":{"@context":"https:\/\/schema.org","@graph":[{"@type":"WebPage","@id":"https:\/\/legendatours.com\/product\/tavira-the-east-algarve-culture-heritage-54000sc\/","url":"https:\/\/legendatours.com\/product\/tavira-the-east-algarve-culture-heritage-54000sc\/","name":"Voyages en voiture \u00e0 Tavira\u00a0: Culture et patrimoine de l\u2019Algarve orientale - Legendary Adventure DMC Portugal","isPartOf":{"@id":"https:\/\/legendatours.com\/#website"},"primaryImageOfPage":{"@id":"https:\/\/legendatours.com\/product\/tavira-the-east-algarve-culture-heritage-54000sc\/#primaryimage"},"image":{"@id":"https:\/\/legendatours.com\/product\/tavira-the-east-algarve-culture-heritage-54000sc\/#primaryimage"},"thumbnailUrl":"https:\/\/legendatours.com\/wp-content\/uploads\/sites\/12\/2021\/04\/Colourful-fishing-boat-in-Santa-Luzia-walking-tour-e1611676940627.jpg","datePublished":"2020-06-02T13:46:35+00:00","dateModified":"2022-01-02T23:05:14+00:00","description":"Visite \u00e0 pied autoguid\u00e9e bas\u00e9e \u00e0 Tavira, dans l&#039;est de l&#039;Algarve, con\u00e7ue pour explorer les merveilles naturelles du parc naturel de Ria Formosa et la campagne paisible.","breadcrumb":{"@id":"https:\/\/legendatours.com\/product\/tavira-the-east-algarve-culture-heritage-54000sc\/#breadcrumb"},"inLanguage":"fr-FR","potentialAction":[{"@type":"ReadAction","target":["https:\/\/legendatours.com\/product\/tavira-the-east-algarve-culture-heritage-54000sc\/"]}]},{"@type":"ImageObject","inLanguage":"fr-FR","@id":"https:\/\/legendatours.com\/product\/tavira-the-east-algarve-culture-heritage-54000sc\/#primaryimage","url":"https:\/\/legendatours.com\/wp-content\/uploads\/sites\/12\/2021\/04\/Colourful-fishing-boat-in-Santa-Luzia-walking-tour-e1611676940627.jpg","contentUrl":"https:\/\/legendatours.com\/wp-content\/uploads\/sites\/12\/2021\/04\/Colourful-fishing-boat-in-Santa-Luzia-walking-tour-e1611676940627.jpg","width":1024,"height":687,"caption":"Colourful fishing boat in Santa Luzia"},{"@type":"BreadcrumbList","@id":"https:\/\/legendatours.com\/product\/tavira-the-east-algarve-culture-heritage-54000sc\/#breadcrumb","itemListElement":[{"@type":"ListItem","position":1,"name":"Home","item":"https:\/\/legendatours.com\/"},{"@type":"ListItem","position":2,"name":"Shop","item":"https:\/\/legendatours.com\/sv\/?page_id=4"},{"@type":"ListItem","position":3,"name":"The Algarve is so much more than sun and sea. In the little-visited East Algarve, it looks like time has stood still, and you\u2019ll feel how good it is to slow down and live the good life with this carefully crafted Self-Guided Walking Tour. Each day\u2019s walk highlights the contrasting landscape and wildlife of the region. This tour was put together for the enjoyment of those who have a special interest in rambling and nature."}]},{"@type":"WebSite","@id":"https:\/\/legendatours.com\/#website","url":"https:\/\/legendatours.com\/","name":"Aventure l\u00e9gendaire DMC Portugal","description":"Randonn\u00e9es responsables et vacances nature au Portugal","publisher":{"@id":"https:\/\/legendatours.com\/#organization"},"alternateName":"Legendary Adventure Portugal","potentialAction":[{"@type":"SearchAction","target":{"@type":"EntryPoint","urlTemplate":"https:\/\/legendatours.com\/?s={search_term_string}"},"query-input":{"@type":"PropertyValueSpecification","valueRequired":true,"valueName":"search_term_string"}}],"inLanguage":"fr-FR"},{"@type":"Organization","@id":"https:\/\/legendatours.com\/#organization","name":"legendatours.com","url":"https:\/\/legendatours.com\/","logo":{"@type":"ImageObject","inLanguage":"fr-FR","@id":"https:\/\/legendatours.com\/#\/schema\/logo\/image\/","url":"https:\/\/legendatours.com\/wp-content\/uploads\/sites\/12\/2021\/06\/legendary_adventure_dmc.png","contentUrl":"https:\/\/legendatours.com\/wp-content\/uploads\/sites\/12\/2021\/06\/legendary_adventure_dmc.png","width":250,"height":74,"caption":"legendatours.com"},"image":{"@id":"https:\/\/legendatours.com\/#\/schema\/logo\/image\/"},"sameAs":["https:\/\/www.facebook.com\/legendaryadventuredmc\/","https:\/\/www.linkedin.com\/company\/legendary-adventure-dmc-portugal","https:\/\/www.youtube.com\/channel\/UCOIRDx_KM6ynIcacQkZjb6g"]}]}},"_links":{"self":[{"href":"https:\/\/legendatours.com\/fr\/wp-json\/wp\/v2\/product\/8103","targetHints":{"allow":["GET"]}}],"collection":[{"href":"https:\/\/legendatours.com\/fr\/wp-json\/wp\/v2\/product"}],"about":[{"href":"https:\/\/legendatours.com\/fr\/wp-json\/wp\/v2\/types\/product"}],"replies":[{"embeddable":true,"href":"https:\/\/legendatours.com\/fr\/wp-json\/wp\/v2\/comments?post=8103"}],"wp:featuredmedia":[{"embeddable":true,"href":"https:\/\/legendatours.com\/fr\/wp-json\/wp\/v2\/media\/7895"}],"wp:attachment":[{"href":"https:\/\/legendatours.com\/fr\/wp-json\/wp\/v2\/media?parent=8103"}],"wp:term":[{"taxonomy":"product_brand","embeddable":true,"href":"https:\/\/legendatours.com\/fr\/wp-json\/wp\/v2\/product_brand?post=8103"},{"taxonomy":"product_cat","embeddable":true,"href":"https:\/\/legendatours.com\/fr\/wp-json\/wp\/v2\/product_cat?post=8103"},{"taxonomy":"product_tag","embeddable":true,"href":"https:\/\/legendatours.com\/fr\/wp-json\/wp\/v2\/product_tag?post=8103"}],"curies":[{"name":"wp","href":"https:\/\/api.w.org\/{rel}","templated":true}]}}