{"id":8116,"date":"2020-06-01T13:18:24","date_gmt":"2020-06-01T13:18:24","guid":{"rendered":"https:\/\/legendatours.com\/product\/long-stay-portugal-monte-gordo-at-hotel-the-pr1me-energize\/"},"modified":"2021-08-13T10:31:26","modified_gmt":"2021-08-13T10:31:26","slug":"long-stay-monte-gordo-at-hotel-the-pr1me-energize-ls500pk","status":"publish","type":"product","link":"https:\/\/legendatours.com\/fr\/produit\/long-stay-monte-gordo-at-hotel-the-pr1me-energize-ls500pk\/","title":{"rendered":"Long S\u00e9jour Portugal Monte Gordo, \u00e0 l&#039;H\u00f4tel The Pr1me Energize"},"content":{"rendered":"<p>Monte Gordo est une petite station baln\u00e9aire, dans l&#039;est de l&#039;Algarve, pr\u00e8s de la fronti\u00e8re avec l&#039;Espagne.<\/p>\n<p>La beaut\u00e9 de la longue plage et les eaux chaudes et s\u00fbres entour\u00e9es de pin\u00e8des sont id\u00e9ales pour des vacances relaxantes de longue dur\u00e9e.<\/p>\n<p>Vivez comme un local et voyagez \u00e0 votre guise, tout en profitant des 300 jours de soleil annuels de l&#039;Algarve !<\/p>\n<div id=\"attachment_2146\" style=\"width: 1034px\" class=\"wp-caption alignnone\"><img loading=\"lazy\" decoding=\"async\" aria-describedby=\"caption-attachment-2146\" class=\"wp-image-2146 size-large\" src=\"https:\/\/legendatours.net\/wp-content\/uploads\/2020\/05\/montegordo_fishingboat-1024x769.jpg\" alt=\"Montegordo fishing boats\" width=\"1024\" height=\"769\" \/><p id=\"caption-attachment-2146\" class=\"wp-caption-text\">Bateaux de p\u00eache de Monte Gordo<\/p><\/div>\n<p>Le village compte avec un casino, mais en basse saison, c&#039;est un village de p\u00eacheurs tranquille, avec des bateaux color\u00e9s pittoresques et une vie tr\u00e9pidante.<\/p>\n<p>A proximit\u00e9, vous avez de nombreuses attractions \u00e0 visiter. Vila Real de Santo Ant\u00f3nio, une ville historique au bord du fleuve Guadiana, s\u00e9pare le Portugal de l&#039;Espagne. La travers\u00e9e en ferry est une bonne occasion d&#039;appr\u00e9cier le paysage de collines le long de la rivi\u00e8re, et pour un d\u00e9jeuner tapas tardif.<\/p>\n<p>Castro Marim, l&#039;une des plus anciennes communaut\u00e9s de l&#039;Algarve, et un centre important du pouvoir arabe jusqu&#039;en 1242 poss\u00e8de des monuments tr\u00e8s bien conserv\u00e9s, dignes d&#039;une visite. Depuis le commandement des remparts, il y a une excellente vue sur les magnifiques marais salants o\u00f9 le sel traditionnel est produit.<\/p>\n<p>Le contour \u00e9l\u00e9gant des flamants roses est un spectacle commun. Ces charmants oiseaux abondent dans les plaines fertiles le long des rives du fleuve Guadiana, qui abritent une multitude d&#039;autres esp\u00e8ces, qui prosp\u00e8rent dans la r\u00e9serve naturelle de Castro Marim.<\/p>\n<div id=\"attachment_1845\" style=\"width: 1034px\" class=\"wp-caption alignnone\"><img loading=\"lazy\" decoding=\"async\" aria-describedby=\"caption-attachment-1845\" class=\"wp-image-1845 size-large\" src=\"https:\/\/legendatours.net\/wp-content\/uploads\/2020\/03\/Orange-trees-1024x683.jpg\" alt=\"Orange trees perfume the air in the Algarve countryside\" width=\"1024\" height=\"683\" \/><p id=\"caption-attachment-1845\" class=\"wp-caption-text\">Les orangers parfument l&#039;air de la campagne de l&#039;Algarve<\/p><\/div>\n<p>La zone autour de Monte Gordo est principalement plate et entour\u00e9e de pins, id\u00e9ale pour les loisirs et les activit\u00e9s de nature, comme la marche, le v\u00e9lo ou l&#039;observation des oiseaux.<\/p>\n<p>Une autre id\u00e9e est de monter dans un train pour la charmante ville de Tavira, de visiter cette ville historique ou de profiter d&#039;une excursion en bateau relaxante dans le <a href=\"..\/..\/?s=Ria+Formosa+Nature+Park\" target=\"_blank\" rel=\"noopener noreferrer\">Parc naturel de la Ria Formosa<\/a>.<\/p>\n<p>\u00c9chappez-vous des jours froids et pluvieux ! Passez un moment de d\u00e9tente \u00e0 explorer la r\u00e9gion et \u00e0 profiter des commodit\u00e9s sur et \u00e0 proximit\u00e9 de la plage, class\u00e9e accessible \u00e0 tous, et presque d\u00e9serte \u00e0 la fin de la haute saison.<\/p>","protected":false},"excerpt":{"rendered":"<p>Monte Gordo est une petite station baln\u00e9aire, dans l&#039;est de l&#039;Algarve, pr\u00e8s de la fronti\u00e8re avec l&#039;Espagne.<\/p>\n<p>La beaut\u00e9 de la longue plage et les eaux chaudes et s\u00fbres entour\u00e9es de pin\u00e8des sont id\u00e9ales pour des vacances relaxantes de longue dur\u00e9e.<\/p>\n<p>Vivez comme un local et voyagez \u00e0 votre guise, tout en profitant des 300 jours de soleil annuels de l&#039;Algarve !<\/p>","protected":false},"featured_media":8104,"comment_status":"closed","ping_status":"closed","template":"","meta":{"_acf_changed":false,"inline_featured_image":false},"product_brand":[],"product_cat":[686,844],"product_tag":[472,76,845,433,688,460,474,36,46,160,637,689,478,690,98,846,847,168,848,644,694,173,177,286],"class_list":{"0":"post-8116","1":"product","2":"type-product","3":"status-publish","4":"has-post-thumbnail","6":"product_cat-holiday-packs-tours-portugal","7":"product_cat-long-stays-portugal","8":"product_tag-ayamonte","9":"product_tag-beaches","10":"product_tag-beautiful-beaches-algarve","11":"product_tag-birdwatching","12":"product_tag-castle-of-castro-marim","13":"product_tag-castro-marim","14":"product_tag-castro-marim-natural-reserve","15":"product_tag-cultural-heritage","16":"product_tag-gastronomy-and-wines","17":"product_tag-holidays","18":"product_tag-impressive-cliffs","19":"product_tag-longstay","20":"product_tag-monte-gordo","21":"product_tag-monte-gordos-glorious-beach","22":"product_tag-natural-reserves","23":"product_tag-packages","24":"product_tag-retirement","25":"product_tag-ria-formosa","26":"product_tag-seniors","27":"product_tag-spectacular-cliffs","28":"product_tag-sun-beach","29":"product_tag-sunny-winters","30":"product_tag-vacations","31":"product_tag-vila-real-de-santo-antonio","33":"first","34":"instock","35":"virtual","36":"product-type-simple"},"acf":[],"yoast_head":"<!-- This site is optimized with the Yoast SEO Premium plugin v26.8 (Yoast SEO v27.4) - https:\/\/yoast.com\/product\/yoast-seo-premium-wordpress\/ -->\n<title>Long-Stay Portugal Monte Gordo, at Hotel The Pr1me Energize - Legendary Adventure DMC Portugal<\/title>\n<meta name=\"robots\" content=\"index, follow, max-snippet:-1, max-image-preview:large, max-video-preview:-1\" \/>\n<link rel=\"canonical\" href=\"https:\/\/legendatours.com\/fr\/produit\/long-stay-monte-gordo-at-hotel-the-pr1me-energize-ls500pk\/\" \/>\n<meta property=\"og:locale\" content=\"fr_FR\" \/>\n<meta property=\"og:type\" content=\"article\" \/>\n<meta property=\"og:title\" content=\"Long-Stay Portugal Monte Gordo, at Hotel The Pr1me Energize\" \/>\n<meta property=\"og:description\" content=\"Monte Gordo is a small beach resort, in the East Algarve, near the border with Spain.  The beauty of the long beach and the warm, safe waters surrounded by pine woods are ideal for a relaxing long-stay holiday.  Live like a local and travel at your leisure, while enjoying Algarve&#039;s annual 300 days of sun!\" \/>\n<meta property=\"og:url\" content=\"https:\/\/legendatours.com\/fr\/produit\/long-stay-monte-gordo-at-hotel-the-pr1me-energize-ls500pk\/\" \/>\n<meta property=\"og:site_name\" content=\"Legendary Adventure DMC Portugal\" \/>\n<meta property=\"article:publisher\" content=\"https:\/\/www.facebook.com\/legendaryadventuredmc\/\" \/>\n<meta property=\"article:modified_time\" content=\"2021-08-13T10:31:26+00:00\" \/>\n<meta property=\"og:image\" content=\"https:\/\/legendatours.com\/wp-content\/uploads\/sites\/12\/2021\/04\/holiday-pack-long-stay.jpg\" \/>\n\t<meta property=\"og:image:width\" content=\"1200\" \/>\n\t<meta property=\"og:image:height\" content=\"800\" \/>\n\t<meta property=\"og:image:type\" content=\"image\/jpeg\" \/>\n<meta name=\"twitter:card\" content=\"summary_large_image\" \/>\n<meta name=\"twitter:label1\" content=\"Dur\u00e9e de lecture estim\u00e9e\" \/>\n\t<meta name=\"twitter:data1\" content=\"2 minutes\" \/>\n<script type=\"application\/ld+json\" class=\"yoast-schema-graph\">{\"@context\":\"https:\\\/\\\/schema.org\",\"@graph\":[{\"@type\":\"WebPage\",\"@id\":\"https:\\\/\\\/legendatours.com\\\/product\\\/long-stay-monte-gordo-at-hotel-the-pr1me-energize-ls500pk\\\/\",\"url\":\"https:\\\/\\\/legendatours.com\\\/product\\\/long-stay-monte-gordo-at-hotel-the-pr1me-energize-ls500pk\\\/\",\"name\":\"Long-Stay Portugal Monte Gordo, at Hotel The Pr1me Energize - Legendary Adventure DMC Portugal\",\"isPartOf\":{\"@id\":\"https:\\\/\\\/legendatours.com\\\/#website\"},\"primaryImageOfPage\":{\"@id\":\"https:\\\/\\\/legendatours.com\\\/product\\\/long-stay-monte-gordo-at-hotel-the-pr1me-energize-ls500pk\\\/#primaryimage\"},\"image\":{\"@id\":\"https:\\\/\\\/legendatours.com\\\/product\\\/long-stay-monte-gordo-at-hotel-the-pr1me-energize-ls500pk\\\/#primaryimage\"},\"thumbnailUrl\":\"https:\\\/\\\/legendatours.com\\\/wp-content\\\/uploads\\\/sites\\\/12\\\/2021\\\/04\\\/holiday-pack-long-stay.jpg\",\"datePublished\":\"2020-06-01T13:18:24+00:00\",\"dateModified\":\"2021-08-13T10:31:26+00:00\",\"breadcrumb\":{\"@id\":\"https:\\\/\\\/legendatours.com\\\/product\\\/long-stay-monte-gordo-at-hotel-the-pr1me-energize-ls500pk\\\/#breadcrumb\"},\"inLanguage\":\"fr-FR\",\"potentialAction\":[{\"@type\":\"ReadAction\",\"target\":[\"https:\\\/\\\/legendatours.com\\\/product\\\/long-stay-monte-gordo-at-hotel-the-pr1me-energize-ls500pk\\\/\"]}]},{\"@type\":\"ImageObject\",\"inLanguage\":\"fr-FR\",\"@id\":\"https:\\\/\\\/legendatours.com\\\/product\\\/long-stay-monte-gordo-at-hotel-the-pr1me-energize-ls500pk\\\/#primaryimage\",\"url\":\"https:\\\/\\\/legendatours.com\\\/wp-content\\\/uploads\\\/sites\\\/12\\\/2021\\\/04\\\/holiday-pack-long-stay.jpg\",\"contentUrl\":\"https:\\\/\\\/legendatours.com\\\/wp-content\\\/uploads\\\/sites\\\/12\\\/2021\\\/04\\\/holiday-pack-long-stay.jpg\",\"width\":1200,\"height\":800,\"caption\":\"Holiday Pack Long Stay\"},{\"@type\":\"BreadcrumbList\",\"@id\":\"https:\\\/\\\/legendatours.com\\\/product\\\/long-stay-monte-gordo-at-hotel-the-pr1me-energize-ls500pk\\\/#breadcrumb\",\"itemListElement\":[{\"@type\":\"ListItem\",\"position\":1,\"name\":\"Home\",\"item\":\"https:\\\/\\\/legendatours.com\\\/\"},{\"@type\":\"ListItem\",\"position\":2,\"name\":\"Shop\",\"item\":\"https:\\\/\\\/legendatours.com\\\/sv\\\/?page_id=4\"},{\"@type\":\"ListItem\",\"position\":3,\"name\":\"Long-Stay Portugal Monte Gordo, at Hotel The Pr1me Energize\"}]},{\"@type\":\"WebSite\",\"@id\":\"https:\\\/\\\/legendatours.com\\\/#website\",\"url\":\"https:\\\/\\\/legendatours.com\\\/\",\"name\":\"Legendary Adventure DMC Portugal\",\"description\":\"Responsible Walking &amp; Nature Holidays in Portugal\",\"publisher\":{\"@id\":\"https:\\\/\\\/legendatours.com\\\/#organization\"},\"alternateName\":\"Legendary Adventure Portugal\",\"potentialAction\":[{\"@type\":\"SearchAction\",\"target\":{\"@type\":\"EntryPoint\",\"urlTemplate\":\"https:\\\/\\\/legendatours.com\\\/?s={search_term_string}\"},\"query-input\":{\"@type\":\"PropertyValueSpecification\",\"valueRequired\":true,\"valueName\":\"search_term_string\"}}],\"inLanguage\":\"fr-FR\"},{\"@type\":\"Organization\",\"@id\":\"https:\\\/\\\/legendatours.com\\\/#organization\",\"name\":\"legendatours.com\",\"url\":\"https:\\\/\\\/legendatours.com\\\/\",\"logo\":{\"@type\":\"ImageObject\",\"inLanguage\":\"fr-FR\",\"@id\":\"https:\\\/\\\/legendatours.com\\\/#\\\/schema\\\/logo\\\/image\\\/\",\"url\":\"https:\\\/\\\/legendatours.com\\\/wp-content\\\/uploads\\\/sites\\\/12\\\/2021\\\/06\\\/legendary_adventure_dmc.png\",\"contentUrl\":\"https:\\\/\\\/legendatours.com\\\/wp-content\\\/uploads\\\/sites\\\/12\\\/2021\\\/06\\\/legendary_adventure_dmc.png\",\"width\":250,\"height\":74,\"caption\":\"legendatours.com\"},\"image\":{\"@id\":\"https:\\\/\\\/legendatours.com\\\/#\\\/schema\\\/logo\\\/image\\\/\"},\"sameAs\":[\"https:\\\/\\\/www.facebook.com\\\/legendaryadventuredmc\\\/\",\"https:\\\/\\\/www.linkedin.com\\\/company\\\/legendary-adventure-dmc-portugal\",\"https:\\\/\\\/www.youtube.com\\\/channel\\\/UCOIRDx_KM6ynIcacQkZjb6g\"]}]}<\/script>\n<!-- \/ Yoast SEO Premium plugin. -->","yoast_head_json":{"title":"Long S\u00e9jour Portugal Monte Gordo, \u00e0 l&#039;H\u00f4tel The Pr1me Energize - Legendary Adventure DMC Portugal","robots":{"index":"index","follow":"follow","max-snippet":"max-snippet:-1","max-image-preview":"max-image-preview:large","max-video-preview":"max-video-preview:-1"},"canonical":"https:\/\/legendatours.com\/fr\/produit\/long-stay-monte-gordo-at-hotel-the-pr1me-energize-ls500pk\/","og_locale":"fr_FR","og_type":"article","og_title":"Long-Stay Portugal Monte Gordo, at Hotel The Pr1me Energize","og_description":"Monte Gordo is a small beach resort, in the East Algarve, near the border with Spain.  The beauty of the long beach and the warm, safe waters surrounded by pine woods are ideal for a relaxing long-stay holiday.  Live like a local and travel at your leisure, while enjoying Algarve's annual 300 days of sun!","og_url":"https:\/\/legendatours.com\/fr\/produit\/long-stay-monte-gordo-at-hotel-the-pr1me-energize-ls500pk\/","og_site_name":"Legendary Adventure DMC Portugal","article_publisher":"https:\/\/www.facebook.com\/legendaryadventuredmc\/","article_modified_time":"2021-08-13T10:31:26+00:00","og_image":[{"width":1200,"height":800,"url":"https:\/\/legendatours.com\/wp-content\/uploads\/sites\/12\/2021\/04\/holiday-pack-long-stay.jpg","type":"image\/jpeg"}],"twitter_card":"summary_large_image","twitter_misc":{"Dur\u00e9e de lecture estim\u00e9e":"2 minutes"},"schema":{"@context":"https:\/\/schema.org","@graph":[{"@type":"WebPage","@id":"https:\/\/legendatours.com\/product\/long-stay-monte-gordo-at-hotel-the-pr1me-energize-ls500pk\/","url":"https:\/\/legendatours.com\/product\/long-stay-monte-gordo-at-hotel-the-pr1me-energize-ls500pk\/","name":"Long S\u00e9jour Portugal Monte Gordo, \u00e0 l&#039;H\u00f4tel The Pr1me Energize - Legendary Adventure DMC Portugal","isPartOf":{"@id":"https:\/\/legendatours.com\/#website"},"primaryImageOfPage":{"@id":"https:\/\/legendatours.com\/product\/long-stay-monte-gordo-at-hotel-the-pr1me-energize-ls500pk\/#primaryimage"},"image":{"@id":"https:\/\/legendatours.com\/product\/long-stay-monte-gordo-at-hotel-the-pr1me-energize-ls500pk\/#primaryimage"},"thumbnailUrl":"https:\/\/legendatours.com\/wp-content\/uploads\/sites\/12\/2021\/04\/holiday-pack-long-stay.jpg","datePublished":"2020-06-01T13:18:24+00:00","dateModified":"2021-08-13T10:31:26+00:00","breadcrumb":{"@id":"https:\/\/legendatours.com\/product\/long-stay-monte-gordo-at-hotel-the-pr1me-energize-ls500pk\/#breadcrumb"},"inLanguage":"fr-FR","potentialAction":[{"@type":"ReadAction","target":["https:\/\/legendatours.com\/product\/long-stay-monte-gordo-at-hotel-the-pr1me-energize-ls500pk\/"]}]},{"@type":"ImageObject","inLanguage":"fr-FR","@id":"https:\/\/legendatours.com\/product\/long-stay-monte-gordo-at-hotel-the-pr1me-energize-ls500pk\/#primaryimage","url":"https:\/\/legendatours.com\/wp-content\/uploads\/sites\/12\/2021\/04\/holiday-pack-long-stay.jpg","contentUrl":"https:\/\/legendatours.com\/wp-content\/uploads\/sites\/12\/2021\/04\/holiday-pack-long-stay.jpg","width":1200,"height":800,"caption":"Holiday Pack Long Stay"},{"@type":"BreadcrumbList","@id":"https:\/\/legendatours.com\/product\/long-stay-monte-gordo-at-hotel-the-pr1me-energize-ls500pk\/#breadcrumb","itemListElement":[{"@type":"ListItem","position":1,"name":"Home","item":"https:\/\/legendatours.com\/"},{"@type":"ListItem","position":2,"name":"Shop","item":"https:\/\/legendatours.com\/sv\/?page_id=4"},{"@type":"ListItem","position":3,"name":"Long-Stay Portugal Monte Gordo, at Hotel The Pr1me Energize"}]},{"@type":"WebSite","@id":"https:\/\/legendatours.com\/#website","url":"https:\/\/legendatours.com\/","name":"Aventure l\u00e9gendaire DMC Portugal","description":"Randonn\u00e9es responsables et vacances nature au Portugal","publisher":{"@id":"https:\/\/legendatours.com\/#organization"},"alternateName":"Legendary Adventure Portugal","potentialAction":[{"@type":"SearchAction","target":{"@type":"EntryPoint","urlTemplate":"https:\/\/legendatours.com\/?s={search_term_string}"},"query-input":{"@type":"PropertyValueSpecification","valueRequired":true,"valueName":"search_term_string"}}],"inLanguage":"fr-FR"},{"@type":"Organization","@id":"https:\/\/legendatours.com\/#organization","name":"legendatours.com","url":"https:\/\/legendatours.com\/","logo":{"@type":"ImageObject","inLanguage":"fr-FR","@id":"https:\/\/legendatours.com\/#\/schema\/logo\/image\/","url":"https:\/\/legendatours.com\/wp-content\/uploads\/sites\/12\/2021\/06\/legendary_adventure_dmc.png","contentUrl":"https:\/\/legendatours.com\/wp-content\/uploads\/sites\/12\/2021\/06\/legendary_adventure_dmc.png","width":250,"height":74,"caption":"legendatours.com"},"image":{"@id":"https:\/\/legendatours.com\/#\/schema\/logo\/image\/"},"sameAs":["https:\/\/www.facebook.com\/legendaryadventuredmc\/","https:\/\/www.linkedin.com\/company\/legendary-adventure-dmc-portugal","https:\/\/www.youtube.com\/channel\/UCOIRDx_KM6ynIcacQkZjb6g"]}]}},"_links":{"self":[{"href":"https:\/\/legendatours.com\/fr\/wp-json\/wp\/v2\/product\/8116","targetHints":{"allow":["GET"]}}],"collection":[{"href":"https:\/\/legendatours.com\/fr\/wp-json\/wp\/v2\/product"}],"about":[{"href":"https:\/\/legendatours.com\/fr\/wp-json\/wp\/v2\/types\/product"}],"replies":[{"embeddable":true,"href":"https:\/\/legendatours.com\/fr\/wp-json\/wp\/v2\/comments?post=8116"}],"wp:featuredmedia":[{"embeddable":true,"href":"https:\/\/legendatours.com\/fr\/wp-json\/wp\/v2\/media\/8104"}],"wp:attachment":[{"href":"https:\/\/legendatours.com\/fr\/wp-json\/wp\/v2\/media?parent=8116"}],"wp:term":[{"taxonomy":"product_brand","embeddable":true,"href":"https:\/\/legendatours.com\/fr\/wp-json\/wp\/v2\/product_brand?post=8116"},{"taxonomy":"product_cat","embeddable":true,"href":"https:\/\/legendatours.com\/fr\/wp-json\/wp\/v2\/product_cat?post=8116"},{"taxonomy":"product_tag","embeddable":true,"href":"https:\/\/legendatours.com\/fr\/wp-json\/wp\/v2\/product_tag?post=8116"}],"curies":[{"name":"wp","href":"https:\/\/api.w.org\/{rel}","templated":true}]}}