{"id":8135,"date":"2020-05-29T15:29:07","date_gmt":"2020-05-29T15:29:07","guid":{"rendered":"https:\/\/legendatours.com\/product\/long-stay-holidays-in-castro-marim-portugal\/"},"modified":"2021-08-13T10:34:57","modified_gmt":"2021-08-13T10:34:57","slug":"long-stay-castro-marim-ls300pk","status":"publish","type":"product","link":"https:\/\/legendatours.com\/fr\/produit\/long-stay-castro-marim-ls300pk\/","title":{"rendered":"Vacances de long s\u00e9jour \u00e0 Castro Marim Portugal"},"content":{"rendered":"<p>Castro Marim est un joyau cach\u00e9 \u00e0 la pointe de l&#039;Algarve oriental, \u00e0 la fronti\u00e8re avec l&#039;Espagne. Une destination privil\u00e9gi\u00e9e qui s&#039;\u00e9tend de la mer \u00e0 l&#039;arri\u00e8re-pays, avec le fleuve Guadiana comme fronti\u00e8re.<\/p>\n<p>Si vous cherchez \u00e0 \u00e9chapper aux jours froids et pluvieux, jetez un \u0153il \u00e0 ces vacances de long s\u00e9jour.<\/p>\n<p>Vous aurez l&#039;opportunit\u00e9 de vivre comme un local et de voyager \u00e0 votre guise pour profiter de plus de 300 jours de soleil par an en Algarve !<\/p>\n<div id=\"attachment_1818\" style=\"width: 1034px\" class=\"wp-caption alignnone\"><img loading=\"lazy\" decoding=\"async\" aria-describedby=\"caption-attachment-1818\" class=\"wp-image-1818 size-large\" src=\"https:\/\/legendatours.net\/wp-content\/uploads\/2020\/03\/Castro_Marim_nature_reserve-1024x681.jpg\" alt=\"Castro Marim Nature Reserve\" width=\"1024\" height=\"681\" \/><p id=\"caption-attachment-1818\" class=\"wp-caption-text\">R\u00e9serve naturelle de Castro Marim<\/p><\/div>\n<p>Castro Marim est l&#039;une des plus anciennes communaut\u00e9s de l&#039;Algarve et \u00e9tait un centre important du pouvoir arabe jusqu&#039;en 1242.<\/p>\n<p>La position strat\u00e9gique sur la fronti\u00e8re et la n\u00e9cessit\u00e9 de repousser les attaques mauresques d&#039;Afrique du Nord ont \u00e9t\u00e9 les raisons de construire le ch\u00e2teau, le fort et les murs, tr\u00e8s bien conserv\u00e9s et dignes d&#039;une visite.<\/p>\n<p>Depuis le commandement des remparts, il y a une excellente vue sur les environs, s&#039;\u00e9tendant sur les magnifiques marais salants refl\u00e9tant la lumi\u00e8re du soleil dans leur \u00e9tendue blanche, o\u00f9 le sel traditionnel est produit. Au loin, le fleuve Guadiana serpente.<\/p>\n<p>Le contour \u00e9l\u00e9gant des flamants roses est un spectacle commun. Ces charmants oiseaux abondent dans les plaines fertiles le long des rives du fleuve Guadiana, qui abritent une multitude d&#039;autres esp\u00e8ces, qui prosp\u00e8rent dans la r\u00e9serve naturelle de Castro Marim.<\/p>\n<div id=\"attachment_1830\" style=\"width: 1034px\" class=\"wp-caption alignnone\"><img loading=\"lazy\" decoding=\"async\" aria-describedby=\"caption-attachment-1830\" class=\"wp-image-1830 size-large\" src=\"https:\/\/legendatours.net\/wp-content\/uploads\/2020\/03\/Castro_Marim-1024x680.jpg\" alt=\"Castro Marim\" width=\"1024\" height=\"680\" \/><p id=\"caption-attachment-1830\" class=\"wp-caption-text\">Castro Marim<\/p><\/div>\n<p>Le paysage s&#039;\u00e9tend dans une for\u00eat de pins luxuriante et dans des collines vallonn\u00e9es, couvertes d&#039;un tapis lumineux de fleurs sauvages.<\/p>\n<p>A proximit\u00e9, vous pouvez trouver de superbes plages, s&#039;\u00e9tendant sur des kilom\u00e8tres de sable doux et dor\u00e9, presque d\u00e9sertes \u00e0 la fin de l&#039;\u00e9t\u00e9.<\/p>\n<p>Il n&#039;est pas difficile de trouver de l&#039;artisanat authentique qui ravira les amateurs d&#039;art populaire.<\/p>\n<p>Ce ne sont l\u00e0 que quelques facettes de cette destination paisible et int\u00e9ressante.<\/p>\n<p>Prenez une pause et profitez de votre retraite ou de vos cong\u00e9s temporaires sans vous sentir press\u00e9. Et profitez des tarifs de la basse saison \u2013 vous obtenez plus pour moins d&#039;argent !<\/p>","protected":false},"excerpt":{"rendered":"<p>Castro Marim est un joyau cach\u00e9 \u00e0 la pointe de l&#039;Algarve oriental, \u00e0 la fronti\u00e8re avec l&#039;Espagne. Une destination privil\u00e9gi\u00e9e qui s&#039;\u00e9tend de la mer \u00e0 l&#039;arri\u00e8re-pays, avec le fleuve Guadiana comme fronti\u00e8re.<\/p>\n<p>Si vous cherchez \u00e0 \u00e9chapper aux jours froids et pluvieux, jetez un \u0153il \u00e0 ces vacances de long s\u00e9jour.<\/p>\n<p>Vous aurez l&#039;opportunit\u00e9 de vivre comme un local et de voyager \u00e0 votre guise pour profiter de plus de 300 jours de soleil par an en Algarve !<\/p>","protected":false},"featured_media":8129,"comment_status":"closed","ping_status":"closed","template":"","meta":{"_acf_changed":false,"inline_featured_image":false},"product_brand":[],"product_cat":[686,844],"product_tag":[147,76,845,851,460,474,36,130,46,554,50,160,689,95,97,98,846,60,847,848,694,173,208,177,286],"class_list":{"0":"post-8135","1":"product","2":"type-product","3":"status-publish","4":"has-post-thumbnail","6":"product_cat-holiday-packs-tours-portugal","7":"product_cat-long-stays-portugal","8":"product_tag-algarve","9":"product_tag-beaches","10":"product_tag-beautiful-beaches-algarve","11":"product_tag-castle-of-alcoutim","12":"product_tag-castro-marim","13":"product_tag-castro-marim-natural-reserve","14":"product_tag-cultural-heritage","15":"product_tag-gastronomy","16":"product_tag-gastronomy-and-wines","17":"product_tag-guadiana-river","18":"product_tag-historic","19":"product_tag-holidays","20":"product_tag-longstay","21":"product_tag-magnificent-landscape","22":"product_tag-natural-park","23":"product_tag-natural-reserves","24":"product_tag-packages","25":"product_tag-portugal","26":"product_tag-retirement","27":"product_tag-seniors","28":"product_tag-sun-beach","29":"product_tag-sunny-winters","30":"product_tag-traditional-villages","31":"product_tag-vacations","32":"product_tag-vila-real-de-santo-antonio","34":"first","35":"instock","36":"virtual","37":"product-type-simple"},"acf":[],"yoast_head":"<!-- This site is optimized with the Yoast SEO Premium plugin v26.8 (Yoast SEO v27.4) - https:\/\/yoast.com\/product\/yoast-seo-premium-wordpress\/ -->\n<title>Long-Stay Holidays in Castro Marim Portugal - Legendary Adventure DMC Portugal<\/title>\n<meta name=\"robots\" content=\"index, follow, max-snippet:-1, max-image-preview:large, max-video-preview:-1\" \/>\n<link rel=\"canonical\" href=\"https:\/\/legendatours.com\/fr\/produit\/long-stay-castro-marim-ls300pk\/\" \/>\n<meta property=\"og:locale\" content=\"fr_FR\" \/>\n<meta property=\"og:type\" content=\"article\" \/>\n<meta property=\"og:title\" content=\"Long-Stay Holidays in Castro Marim Portugal\" \/>\n<meta property=\"og:description\" content=\"Castro Marim is a hidden gem on the tip of the East Algarve, on the border with Spain. A privileged destination that stretches from the sea to the hinterland, with the Guadiana River as its boundary.  If you are looking to escape from the cold and rainy days, take a look at this long-stay holiday.  You&#039;ll have the opportunity to live like a local, and travel at your leisure, to enjoy Algarve&#039;s over 300 days of sun per year!\" \/>\n<meta property=\"og:url\" content=\"https:\/\/legendatours.com\/fr\/produit\/long-stay-castro-marim-ls300pk\/\" \/>\n<meta property=\"og:site_name\" content=\"Legendary Adventure DMC Portugal\" \/>\n<meta property=\"article:publisher\" content=\"https:\/\/www.facebook.com\/legendaryadventuredmc\/\" \/>\n<meta property=\"article:modified_time\" content=\"2021-08-13T10:34:57+00:00\" \/>\n<meta property=\"og:image\" content=\"https:\/\/legendatours.com\/wp-content\/uploads\/sites\/12\/2021\/04\/long-stay-winter-algarve.jpg\" \/>\n\t<meta property=\"og:image:width\" content=\"1200\" \/>\n\t<meta property=\"og:image:height\" content=\"800\" \/>\n\t<meta property=\"og:image:type\" content=\"image\/jpeg\" \/>\n<meta name=\"twitter:card\" content=\"summary_large_image\" \/>\n<meta name=\"twitter:label1\" content=\"Dur\u00e9e de lecture estim\u00e9e\" \/>\n\t<meta name=\"twitter:data1\" content=\"2 minutes\" \/>\n<script type=\"application\/ld+json\" class=\"yoast-schema-graph\">{\"@context\":\"https:\\\/\\\/schema.org\",\"@graph\":[{\"@type\":\"WebPage\",\"@id\":\"https:\\\/\\\/legendatours.com\\\/product\\\/long-stay-castro-marim-ls300pk\\\/\",\"url\":\"https:\\\/\\\/legendatours.com\\\/product\\\/long-stay-castro-marim-ls300pk\\\/\",\"name\":\"Long-Stay Holidays in Castro Marim Portugal - Legendary Adventure DMC Portugal\",\"isPartOf\":{\"@id\":\"https:\\\/\\\/legendatours.com\\\/#website\"},\"primaryImageOfPage\":{\"@id\":\"https:\\\/\\\/legendatours.com\\\/product\\\/long-stay-castro-marim-ls300pk\\\/#primaryimage\"},\"image\":{\"@id\":\"https:\\\/\\\/legendatours.com\\\/product\\\/long-stay-castro-marim-ls300pk\\\/#primaryimage\"},\"thumbnailUrl\":\"https:\\\/\\\/legendatours.com\\\/wp-content\\\/uploads\\\/sites\\\/12\\\/2021\\\/04\\\/long-stay-winter-algarve.jpg\",\"datePublished\":\"2020-05-29T15:29:07+00:00\",\"dateModified\":\"2021-08-13T10:34:57+00:00\",\"breadcrumb\":{\"@id\":\"https:\\\/\\\/legendatours.com\\\/product\\\/long-stay-castro-marim-ls300pk\\\/#breadcrumb\"},\"inLanguage\":\"fr-FR\",\"potentialAction\":[{\"@type\":\"ReadAction\",\"target\":[\"https:\\\/\\\/legendatours.com\\\/product\\\/long-stay-castro-marim-ls300pk\\\/\"]}]},{\"@type\":\"ImageObject\",\"inLanguage\":\"fr-FR\",\"@id\":\"https:\\\/\\\/legendatours.com\\\/product\\\/long-stay-castro-marim-ls300pk\\\/#primaryimage\",\"url\":\"https:\\\/\\\/legendatours.com\\\/wp-content\\\/uploads\\\/sites\\\/12\\\/2021\\\/04\\\/long-stay-winter-algarve.jpg\",\"contentUrl\":\"https:\\\/\\\/legendatours.com\\\/wp-content\\\/uploads\\\/sites\\\/12\\\/2021\\\/04\\\/long-stay-winter-algarve.jpg\",\"width\":1200,\"height\":800,\"caption\":\"Algarve Long Stay\"},{\"@type\":\"BreadcrumbList\",\"@id\":\"https:\\\/\\\/legendatours.com\\\/product\\\/long-stay-castro-marim-ls300pk\\\/#breadcrumb\",\"itemListElement\":[{\"@type\":\"ListItem\",\"position\":1,\"name\":\"Home\",\"item\":\"https:\\\/\\\/legendatours.com\\\/\"},{\"@type\":\"ListItem\",\"position\":2,\"name\":\"Shop\",\"item\":\"https:\\\/\\\/legendatours.com\\\/sv\\\/?page_id=4\"},{\"@type\":\"ListItem\",\"position\":3,\"name\":\"Long-Stay Holidays in Castro Marim Portugal\"}]},{\"@type\":\"WebSite\",\"@id\":\"https:\\\/\\\/legendatours.com\\\/#website\",\"url\":\"https:\\\/\\\/legendatours.com\\\/\",\"name\":\"Legendary Adventure DMC Portugal\",\"description\":\"Responsible Walking &amp; Nature Holidays in Portugal\",\"publisher\":{\"@id\":\"https:\\\/\\\/legendatours.com\\\/#organization\"},\"alternateName\":\"Legendary Adventure Portugal\",\"potentialAction\":[{\"@type\":\"SearchAction\",\"target\":{\"@type\":\"EntryPoint\",\"urlTemplate\":\"https:\\\/\\\/legendatours.com\\\/?s={search_term_string}\"},\"query-input\":{\"@type\":\"PropertyValueSpecification\",\"valueRequired\":true,\"valueName\":\"search_term_string\"}}],\"inLanguage\":\"fr-FR\"},{\"@type\":\"Organization\",\"@id\":\"https:\\\/\\\/legendatours.com\\\/#organization\",\"name\":\"legendatours.com\",\"url\":\"https:\\\/\\\/legendatours.com\\\/\",\"logo\":{\"@type\":\"ImageObject\",\"inLanguage\":\"fr-FR\",\"@id\":\"https:\\\/\\\/legendatours.com\\\/#\\\/schema\\\/logo\\\/image\\\/\",\"url\":\"https:\\\/\\\/legendatours.com\\\/wp-content\\\/uploads\\\/sites\\\/12\\\/2021\\\/06\\\/legendary_adventure_dmc.png\",\"contentUrl\":\"https:\\\/\\\/legendatours.com\\\/wp-content\\\/uploads\\\/sites\\\/12\\\/2021\\\/06\\\/legendary_adventure_dmc.png\",\"width\":250,\"height\":74,\"caption\":\"legendatours.com\"},\"image\":{\"@id\":\"https:\\\/\\\/legendatours.com\\\/#\\\/schema\\\/logo\\\/image\\\/\"},\"sameAs\":[\"https:\\\/\\\/www.facebook.com\\\/legendaryadventuredmc\\\/\",\"https:\\\/\\\/www.linkedin.com\\\/company\\\/legendary-adventure-dmc-portugal\",\"https:\\\/\\\/www.youtube.com\\\/channel\\\/UCOIRDx_KM6ynIcacQkZjb6g\"]}]}<\/script>\n<!-- \/ Yoast SEO Premium plugin. -->","yoast_head_json":{"title":"Vacances de longue dur\u00e9e \u00e0 Castro Marim Portugal - Aventure l\u00e9gendaire DMC Portugal","robots":{"index":"index","follow":"follow","max-snippet":"max-snippet:-1","max-image-preview":"max-image-preview:large","max-video-preview":"max-video-preview:-1"},"canonical":"https:\/\/legendatours.com\/fr\/produit\/long-stay-castro-marim-ls300pk\/","og_locale":"fr_FR","og_type":"article","og_title":"Long-Stay Holidays in Castro Marim Portugal","og_description":"Castro Marim is a hidden gem on the tip of the East Algarve, on the border with Spain. A privileged destination that stretches from the sea to the hinterland, with the Guadiana River as its boundary.  If you are looking to escape from the cold and rainy days, take a look at this long-stay holiday.  You'll have the opportunity to live like a local, and travel at your leisure, to enjoy Algarve's over 300 days of sun per year!","og_url":"https:\/\/legendatours.com\/fr\/produit\/long-stay-castro-marim-ls300pk\/","og_site_name":"Legendary Adventure DMC Portugal","article_publisher":"https:\/\/www.facebook.com\/legendaryadventuredmc\/","article_modified_time":"2021-08-13T10:34:57+00:00","og_image":[{"width":1200,"height":800,"url":"https:\/\/legendatours.com\/wp-content\/uploads\/sites\/12\/2021\/04\/long-stay-winter-algarve.jpg","type":"image\/jpeg"}],"twitter_card":"summary_large_image","twitter_misc":{"Dur\u00e9e de lecture estim\u00e9e":"2 minutes"},"schema":{"@context":"https:\/\/schema.org","@graph":[{"@type":"WebPage","@id":"https:\/\/legendatours.com\/product\/long-stay-castro-marim-ls300pk\/","url":"https:\/\/legendatours.com\/product\/long-stay-castro-marim-ls300pk\/","name":"Vacances de longue dur\u00e9e \u00e0 Castro Marim Portugal - Aventure l\u00e9gendaire DMC Portugal","isPartOf":{"@id":"https:\/\/legendatours.com\/#website"},"primaryImageOfPage":{"@id":"https:\/\/legendatours.com\/product\/long-stay-castro-marim-ls300pk\/#primaryimage"},"image":{"@id":"https:\/\/legendatours.com\/product\/long-stay-castro-marim-ls300pk\/#primaryimage"},"thumbnailUrl":"https:\/\/legendatours.com\/wp-content\/uploads\/sites\/12\/2021\/04\/long-stay-winter-algarve.jpg","datePublished":"2020-05-29T15:29:07+00:00","dateModified":"2021-08-13T10:34:57+00:00","breadcrumb":{"@id":"https:\/\/legendatours.com\/product\/long-stay-castro-marim-ls300pk\/#breadcrumb"},"inLanguage":"fr-FR","potentialAction":[{"@type":"ReadAction","target":["https:\/\/legendatours.com\/product\/long-stay-castro-marim-ls300pk\/"]}]},{"@type":"ImageObject","inLanguage":"fr-FR","@id":"https:\/\/legendatours.com\/product\/long-stay-castro-marim-ls300pk\/#primaryimage","url":"https:\/\/legendatours.com\/wp-content\/uploads\/sites\/12\/2021\/04\/long-stay-winter-algarve.jpg","contentUrl":"https:\/\/legendatours.com\/wp-content\/uploads\/sites\/12\/2021\/04\/long-stay-winter-algarve.jpg","width":1200,"height":800,"caption":"Algarve Long Stay"},{"@type":"BreadcrumbList","@id":"https:\/\/legendatours.com\/product\/long-stay-castro-marim-ls300pk\/#breadcrumb","itemListElement":[{"@type":"ListItem","position":1,"name":"Home","item":"https:\/\/legendatours.com\/"},{"@type":"ListItem","position":2,"name":"Shop","item":"https:\/\/legendatours.com\/sv\/?page_id=4"},{"@type":"ListItem","position":3,"name":"Long-Stay Holidays in Castro Marim Portugal"}]},{"@type":"WebSite","@id":"https:\/\/legendatours.com\/#website","url":"https:\/\/legendatours.com\/","name":"Aventure l\u00e9gendaire DMC Portugal","description":"Randonn\u00e9es responsables et vacances nature au Portugal","publisher":{"@id":"https:\/\/legendatours.com\/#organization"},"alternateName":"Legendary Adventure Portugal","potentialAction":[{"@type":"SearchAction","target":{"@type":"EntryPoint","urlTemplate":"https:\/\/legendatours.com\/?s={search_term_string}"},"query-input":{"@type":"PropertyValueSpecification","valueRequired":true,"valueName":"search_term_string"}}],"inLanguage":"fr-FR"},{"@type":"Organization","@id":"https:\/\/legendatours.com\/#organization","name":"legendatours.com","url":"https:\/\/legendatours.com\/","logo":{"@type":"ImageObject","inLanguage":"fr-FR","@id":"https:\/\/legendatours.com\/#\/schema\/logo\/image\/","url":"https:\/\/legendatours.com\/wp-content\/uploads\/sites\/12\/2021\/06\/legendary_adventure_dmc.png","contentUrl":"https:\/\/legendatours.com\/wp-content\/uploads\/sites\/12\/2021\/06\/legendary_adventure_dmc.png","width":250,"height":74,"caption":"legendatours.com"},"image":{"@id":"https:\/\/legendatours.com\/#\/schema\/logo\/image\/"},"sameAs":["https:\/\/www.facebook.com\/legendaryadventuredmc\/","https:\/\/www.linkedin.com\/company\/legendary-adventure-dmc-portugal","https:\/\/www.youtube.com\/channel\/UCOIRDx_KM6ynIcacQkZjb6g"]}]}},"_links":{"self":[{"href":"https:\/\/legendatours.com\/fr\/wp-json\/wp\/v2\/product\/8135","targetHints":{"allow":["GET"]}}],"collection":[{"href":"https:\/\/legendatours.com\/fr\/wp-json\/wp\/v2\/product"}],"about":[{"href":"https:\/\/legendatours.com\/fr\/wp-json\/wp\/v2\/types\/product"}],"replies":[{"embeddable":true,"href":"https:\/\/legendatours.com\/fr\/wp-json\/wp\/v2\/comments?post=8135"}],"wp:featuredmedia":[{"embeddable":true,"href":"https:\/\/legendatours.com\/fr\/wp-json\/wp\/v2\/media\/8129"}],"wp:attachment":[{"href":"https:\/\/legendatours.com\/fr\/wp-json\/wp\/v2\/media?parent=8135"}],"wp:term":[{"taxonomy":"product_brand","embeddable":true,"href":"https:\/\/legendatours.com\/fr\/wp-json\/wp\/v2\/product_brand?post=8135"},{"taxonomy":"product_cat","embeddable":true,"href":"https:\/\/legendatours.com\/fr\/wp-json\/wp\/v2\/product_cat?post=8135"},{"taxonomy":"product_tag","embeddable":true,"href":"https:\/\/legendatours.com\/fr\/wp-json\/wp\/v2\/product_tag?post=8135"}],"curies":[{"name":"wp","href":"https:\/\/api.w.org\/{rel}","templated":true}]}}