{"id":8146,"date":"2020-05-29T13:55:12","date_gmt":"2020-05-29T13:55:12","guid":{"rendered":"https:\/\/legendatours.com\/product\/portugal-long-stay-holidays-in-cabanas-de-tavira-at-aparthotel-golden-club\/"},"modified":"2021-08-13T10:36:27","modified_gmt":"2021-08-13T10:36:27","slug":"long-stay-cabanas-de-tavira-ls200pk","status":"publish","type":"product","link":"https:\/\/legendatours.com\/fr\/produit\/long-stay-cabanas-de-tavira-ls200pk\/","title":{"rendered":"Portugal Vacances Long S\u00e9jour \u00e0 Cabanas de Tavira, \u00e0 l&#039;Aparthotel Golden Club"},"content":{"rendered":"<p>A l&#039;est de Tavira se trouve le village de Cabanas, une terre de p\u00eacheurs. C&#039;est une destination parfaite pour des vacances de longue dur\u00e9e, o\u00f9 vous pouvez vraiment vivre comme un local, d\u00e9couvrir la nourriture d\u00e9licieuse, la culture, les sites touristiques et les gens.<\/p>\n<p>\u00c9chappez aux journ\u00e9es humides et froides pour profiter de plus de 300 jours de soleil par an en Algarve !<\/p>\n<p>Le long de l&#039;avenue du front de mer de Cabanas r\u00e9cemment r\u00e9nov\u00e9e, vous pourrez apercevoir les bateaux de p\u00eache traditionnels ancr\u00e9s dans la lagune de Ria Formosa, une riche r\u00e9serve naturelle d&#039;une beaut\u00e9 exceptionnelle, parfaite pour l&#039;observation des oiseaux et de la nature.<\/p>\n<div id=\"attachment_2286\" style=\"width: 1034px\" class=\"wp-caption alignnone\"><img loading=\"lazy\" decoding=\"async\" aria-describedby=\"caption-attachment-2286\" class=\"wp-image-2286 size-full\" src=\"https:\/\/legendatours.net\/wp-content\/uploads\/2020\/05\/Hotel-Golden-Club-Cabanas-de-Tavira-3.jpg\" alt=\"Hotel Golden Club, Cabanas de Tavira\" width=\"1024\" height=\"768\" \/><p id=\"caption-attachment-2286\" class=\"wp-caption-text\">H\u00f4tel Golden Club, Cabanas de Tavira<\/p><\/div>\n<p>\u00c0 Cabanas Island, vous trouverez une plage paisible et magnifique. L&#039;\u00e9troite bande de sable est accessible en quelques minutes de travers\u00e9e en bateau.<\/p>\n<p>Il s&#039;\u00e9tend jusqu&#039;\u00e0 Cacela-a-Velha, le port le plus oriental de la Ria Formosa.<\/p>\n<p>\u00c9tant au Portugal, vous savez que vous aurez droit \u00e0 une excellente cuisine et \u00e0 un excellent vin. La r\u00e9gion est c\u00e9l\u00e8bre pour les hu\u00eetres et les palourdes, cueillies dans les p\u00e9pini\u00e8res, le poisson frais grill\u00e9 au charbon de bois et pour une vari\u00e9t\u00e9 de plats de poulpe, que vous pouvez trouver dans les nombreux restaurants en bord de mer.<\/p>\n<div id=\"attachment_928\" style=\"width: 1034px\" class=\"wp-caption alignnone\"><img loading=\"lazy\" decoding=\"async\" aria-describedby=\"caption-attachment-928\" class=\"wp-image-928 size-large\" src=\"https:\/\/legendatours.net\/wp-content\/uploads\/2020\/03\/Azure-lagoons-of-the-Ria-Formosa-Natural-Park-1-1024x685.jpg\" alt=\"Walking Ria Formosa Natural Park\" width=\"1024\" height=\"685\" \/><p id=\"caption-attachment-928\" class=\"wp-caption-text\">Lagunes azur du parc naturel de Ria Formosa<\/p><\/div>\n<p>Dans les environs, \u00e0 une courte distance, vous pourrez d\u00e9couvrir un paysage et des modes de vie compl\u00e8tement diff\u00e9rents, marqu\u00e9s par des champs d&#039;orangers, charg\u00e9s du parfum des fleurs.<\/p>\n<p>Des maisons blanches \u00e9parses avec des chemin\u00e9es en dentelle montrent un Algarve d\u00e9cal\u00e9, o\u00f9 les aigles planent.<\/p>\n<p>\u00c0 Cabanas de Tavira, vous passerez s\u00fbrement un moment de d\u00e9tente, avec de la nature, des plages magnifiques et des activit\u00e9s amusantes !<\/p>\n<p>Prenez une pause et profitez de votre retraite ou de vos cong\u00e9s temporaires sans vous sentir press\u00e9. Et profitez des tarifs de la basse saison \u2013 vous obtenez plus pour moins d&#039;argent !<\/p>","protected":false},"excerpt":{"rendered":"<p>A l&#039;est de Tavira se trouve le village de Cabanas, une terre de p\u00eacheurs. C&#039;est une destination parfaite pour des vacances de longue dur\u00e9e, o\u00f9 vous pouvez vraiment vivre comme un local, d\u00e9couvrir la nourriture d\u00e9licieuse, la culture, les sites touristiques et les gens.<\/p>\n<p>\u00c9chappez aux journ\u00e9es humides et froides pour profiter de plus de 300 jours de soleil par an en Algarve !<\/p>","protected":false},"featured_media":8136,"comment_status":"closed","ping_status":"closed","template":"","meta":{"_acf_changed":false,"inline_featured_image":false},"product_brand":[],"product_cat":[686,844],"product_tag":[147,852,76,845,433,151,391,130,46,789,160,689,99,846,60,847,168,169,480,848,694,173,208,177],"class_list":{"0":"post-8146","1":"product","2":"type-product","3":"status-publish","4":"has-post-thumbnail","6":"product_cat-holiday-packs-tours-portugal","7":"product_cat-long-stays-portugal","8":"product_tag-algarve","9":"product_tag-algarve-villages","10":"product_tag-beaches","11":"product_tag-beautiful-beaches-algarve","12":"product_tag-birdwatching","13":"product_tag-cabanas-de-tavira","14":"product_tag-family-holidays","15":"product_tag-gastronomy","16":"product_tag-gastronomy-and-wines","17":"product_tag-holiday","18":"product_tag-holidays","19":"product_tag-longstay","20":"product_tag-natural-scenery","21":"product_tag-packages","22":"product_tag-portugal","23":"product_tag-retirement","24":"product_tag-ria-formosa","25":"product_tag-ria-formosa-natural-park","26":"product_tag-ria-formosa-natural-reserve","27":"product_tag-seniors","28":"product_tag-sun-beach","29":"product_tag-sunny-winters","30":"product_tag-traditional-villages","31":"product_tag-vacations","33":"first","34":"instock","35":"virtual","36":"product-type-simple"},"acf":[],"yoast_head":"<!-- This site is optimized with the Yoast SEO Premium plugin v26.8 (Yoast SEO v27.4) - https:\/\/yoast.com\/product\/yoast-seo-premium-wordpress\/ -->\n<title>Portugal Long-Stay Holidays in Cabanas de Tavira, at Aparthotel Golden Club - Legendary Adventure DMC Portugal<\/title>\n<meta name=\"robots\" content=\"index, follow, max-snippet:-1, max-image-preview:large, max-video-preview:-1\" \/>\n<link rel=\"canonical\" href=\"https:\/\/legendatours.com\/fr\/produit\/long-stay-cabanas-de-tavira-ls200pk\/\" \/>\n<meta property=\"og:locale\" content=\"fr_FR\" \/>\n<meta property=\"og:type\" content=\"article\" \/>\n<meta property=\"og:title\" content=\"Portugal Long-Stay Holidays in Cabanas de Tavira, at Aparthotel Golden Club\" \/>\n<meta property=\"og:description\" content=\"To the east of Tavira lies the village of Cabanas, a land of fishermen. It&#039;s a perfect destination for a long-stay holiday, where you can really live like a local, experiencing the amazing food, the culture, the sights, and the people.  Escape the damp and cold days, to enjoy Algarve&#039;s over 300 days of sun per year!\" \/>\n<meta property=\"og:url\" content=\"https:\/\/legendatours.com\/fr\/produit\/long-stay-cabanas-de-tavira-ls200pk\/\" \/>\n<meta property=\"og:site_name\" content=\"Legendary Adventure DMC Portugal\" \/>\n<meta property=\"article:publisher\" content=\"https:\/\/www.facebook.com\/legendaryadventuredmc\/\" \/>\n<meta property=\"article:modified_time\" content=\"2021-08-13T10:36:27+00:00\" \/>\n<meta property=\"og:image\" content=\"https:\/\/legendatours.com\/wp-content\/uploads\/sites\/12\/2021\/04\/winter-long-stay-algarve.jpg\" \/>\n\t<meta property=\"og:image:width\" content=\"1200\" \/>\n\t<meta property=\"og:image:height\" content=\"800\" \/>\n\t<meta property=\"og:image:type\" content=\"image\/jpeg\" \/>\n<meta name=\"twitter:card\" content=\"summary_large_image\" \/>\n<meta name=\"twitter:label1\" content=\"Dur\u00e9e de lecture estim\u00e9e\" \/>\n\t<meta name=\"twitter:data1\" content=\"1 minute\" \/>\n<script type=\"application\/ld+json\" class=\"yoast-schema-graph\">{\"@context\":\"https:\\\/\\\/schema.org\",\"@graph\":[{\"@type\":\"WebPage\",\"@id\":\"https:\\\/\\\/legendatours.com\\\/product\\\/long-stay-cabanas-de-tavira-ls200pk\\\/\",\"url\":\"https:\\\/\\\/legendatours.com\\\/product\\\/long-stay-cabanas-de-tavira-ls200pk\\\/\",\"name\":\"Portugal Long-Stay Holidays in Cabanas de Tavira, at Aparthotel Golden Club - Legendary Adventure DMC Portugal\",\"isPartOf\":{\"@id\":\"https:\\\/\\\/legendatours.com\\\/#website\"},\"primaryImageOfPage\":{\"@id\":\"https:\\\/\\\/legendatours.com\\\/product\\\/long-stay-cabanas-de-tavira-ls200pk\\\/#primaryimage\"},\"image\":{\"@id\":\"https:\\\/\\\/legendatours.com\\\/product\\\/long-stay-cabanas-de-tavira-ls200pk\\\/#primaryimage\"},\"thumbnailUrl\":\"https:\\\/\\\/legendatours.com\\\/wp-content\\\/uploads\\\/sites\\\/12\\\/2021\\\/04\\\/winter-long-stay-algarve.jpg\",\"datePublished\":\"2020-05-29T13:55:12+00:00\",\"dateModified\":\"2021-08-13T10:36:27+00:00\",\"breadcrumb\":{\"@id\":\"https:\\\/\\\/legendatours.com\\\/product\\\/long-stay-cabanas-de-tavira-ls200pk\\\/#breadcrumb\"},\"inLanguage\":\"fr-FR\",\"potentialAction\":[{\"@type\":\"ReadAction\",\"target\":[\"https:\\\/\\\/legendatours.com\\\/product\\\/long-stay-cabanas-de-tavira-ls200pk\\\/\"]}]},{\"@type\":\"ImageObject\",\"inLanguage\":\"fr-FR\",\"@id\":\"https:\\\/\\\/legendatours.com\\\/product\\\/long-stay-cabanas-de-tavira-ls200pk\\\/#primaryimage\",\"url\":\"https:\\\/\\\/legendatours.com\\\/wp-content\\\/uploads\\\/sites\\\/12\\\/2021\\\/04\\\/winter-long-stay-algarve.jpg\",\"contentUrl\":\"https:\\\/\\\/legendatours.com\\\/wp-content\\\/uploads\\\/sites\\\/12\\\/2021\\\/04\\\/winter-long-stay-algarve.jpg\",\"width\":1200,\"height\":800,\"caption\":\"Algarve Long Stay - Wintertime\"},{\"@type\":\"BreadcrumbList\",\"@id\":\"https:\\\/\\\/legendatours.com\\\/product\\\/long-stay-cabanas-de-tavira-ls200pk\\\/#breadcrumb\",\"itemListElement\":[{\"@type\":\"ListItem\",\"position\":1,\"name\":\"Home\",\"item\":\"https:\\\/\\\/legendatours.com\\\/\"},{\"@type\":\"ListItem\",\"position\":2,\"name\":\"Shop\",\"item\":\"https:\\\/\\\/legendatours.com\\\/sv\\\/?page_id=4\"},{\"@type\":\"ListItem\",\"position\":3,\"name\":\"Portugal Long-Stay Holidays in Cabanas de Tavira, at Aparthotel Golden Club\"}]},{\"@type\":\"WebSite\",\"@id\":\"https:\\\/\\\/legendatours.com\\\/#website\",\"url\":\"https:\\\/\\\/legendatours.com\\\/\",\"name\":\"Legendary Adventure DMC Portugal\",\"description\":\"Responsible Walking &amp; Nature Holidays in Portugal\",\"publisher\":{\"@id\":\"https:\\\/\\\/legendatours.com\\\/#organization\"},\"alternateName\":\"Legendary Adventure Portugal\",\"potentialAction\":[{\"@type\":\"SearchAction\",\"target\":{\"@type\":\"EntryPoint\",\"urlTemplate\":\"https:\\\/\\\/legendatours.com\\\/?s={search_term_string}\"},\"query-input\":{\"@type\":\"PropertyValueSpecification\",\"valueRequired\":true,\"valueName\":\"search_term_string\"}}],\"inLanguage\":\"fr-FR\"},{\"@type\":\"Organization\",\"@id\":\"https:\\\/\\\/legendatours.com\\\/#organization\",\"name\":\"legendatours.com\",\"url\":\"https:\\\/\\\/legendatours.com\\\/\",\"logo\":{\"@type\":\"ImageObject\",\"inLanguage\":\"fr-FR\",\"@id\":\"https:\\\/\\\/legendatours.com\\\/#\\\/schema\\\/logo\\\/image\\\/\",\"url\":\"https:\\\/\\\/legendatours.com\\\/wp-content\\\/uploads\\\/sites\\\/12\\\/2021\\\/06\\\/legendary_adventure_dmc.png\",\"contentUrl\":\"https:\\\/\\\/legendatours.com\\\/wp-content\\\/uploads\\\/sites\\\/12\\\/2021\\\/06\\\/legendary_adventure_dmc.png\",\"width\":250,\"height\":74,\"caption\":\"legendatours.com\"},\"image\":{\"@id\":\"https:\\\/\\\/legendatours.com\\\/#\\\/schema\\\/logo\\\/image\\\/\"},\"sameAs\":[\"https:\\\/\\\/www.facebook.com\\\/legendaryadventuredmc\\\/\",\"https:\\\/\\\/www.linkedin.com\\\/company\\\/legendary-adventure-dmc-portugal\",\"https:\\\/\\\/www.youtube.com\\\/channel\\\/UCOIRDx_KM6ynIcacQkZjb6g\"]}]}<\/script>\n<!-- \/ Yoast SEO Premium plugin. -->","yoast_head_json":{"title":"Portugal Vacances de longue dur\u00e9e \u00e0 Cabanas de Tavira, \u00e0 l&#039;Aparthotel Golden Club - Legendary Adventure DMC Portugal","robots":{"index":"index","follow":"follow","max-snippet":"max-snippet:-1","max-image-preview":"max-image-preview:large","max-video-preview":"max-video-preview:-1"},"canonical":"https:\/\/legendatours.com\/fr\/produit\/long-stay-cabanas-de-tavira-ls200pk\/","og_locale":"fr_FR","og_type":"article","og_title":"Portugal Long-Stay Holidays in Cabanas de Tavira, at Aparthotel Golden Club","og_description":"To the east of Tavira lies the village of Cabanas, a land of fishermen. It's a perfect destination for a long-stay holiday, where you can really live like a local, experiencing the amazing food, the culture, the sights, and the people.  Escape the damp and cold days, to enjoy Algarve's over 300 days of sun per year!","og_url":"https:\/\/legendatours.com\/fr\/produit\/long-stay-cabanas-de-tavira-ls200pk\/","og_site_name":"Legendary Adventure DMC Portugal","article_publisher":"https:\/\/www.facebook.com\/legendaryadventuredmc\/","article_modified_time":"2021-08-13T10:36:27+00:00","og_image":[{"width":1200,"height":800,"url":"https:\/\/legendatours.com\/wp-content\/uploads\/sites\/12\/2021\/04\/winter-long-stay-algarve.jpg","type":"image\/jpeg"}],"twitter_card":"summary_large_image","twitter_misc":{"Dur\u00e9e de lecture estim\u00e9e":"1 minute"},"schema":{"@context":"https:\/\/schema.org","@graph":[{"@type":"WebPage","@id":"https:\/\/legendatours.com\/product\/long-stay-cabanas-de-tavira-ls200pk\/","url":"https:\/\/legendatours.com\/product\/long-stay-cabanas-de-tavira-ls200pk\/","name":"Portugal Vacances de longue dur\u00e9e \u00e0 Cabanas de Tavira, \u00e0 l&#039;Aparthotel Golden Club - Legendary Adventure DMC Portugal","isPartOf":{"@id":"https:\/\/legendatours.com\/#website"},"primaryImageOfPage":{"@id":"https:\/\/legendatours.com\/product\/long-stay-cabanas-de-tavira-ls200pk\/#primaryimage"},"image":{"@id":"https:\/\/legendatours.com\/product\/long-stay-cabanas-de-tavira-ls200pk\/#primaryimage"},"thumbnailUrl":"https:\/\/legendatours.com\/wp-content\/uploads\/sites\/12\/2021\/04\/winter-long-stay-algarve.jpg","datePublished":"2020-05-29T13:55:12+00:00","dateModified":"2021-08-13T10:36:27+00:00","breadcrumb":{"@id":"https:\/\/legendatours.com\/product\/long-stay-cabanas-de-tavira-ls200pk\/#breadcrumb"},"inLanguage":"fr-FR","potentialAction":[{"@type":"ReadAction","target":["https:\/\/legendatours.com\/product\/long-stay-cabanas-de-tavira-ls200pk\/"]}]},{"@type":"ImageObject","inLanguage":"fr-FR","@id":"https:\/\/legendatours.com\/product\/long-stay-cabanas-de-tavira-ls200pk\/#primaryimage","url":"https:\/\/legendatours.com\/wp-content\/uploads\/sites\/12\/2021\/04\/winter-long-stay-algarve.jpg","contentUrl":"https:\/\/legendatours.com\/wp-content\/uploads\/sites\/12\/2021\/04\/winter-long-stay-algarve.jpg","width":1200,"height":800,"caption":"Algarve Long Stay - Wintertime"},{"@type":"BreadcrumbList","@id":"https:\/\/legendatours.com\/product\/long-stay-cabanas-de-tavira-ls200pk\/#breadcrumb","itemListElement":[{"@type":"ListItem","position":1,"name":"Home","item":"https:\/\/legendatours.com\/"},{"@type":"ListItem","position":2,"name":"Shop","item":"https:\/\/legendatours.com\/sv\/?page_id=4"},{"@type":"ListItem","position":3,"name":"Portugal Long-Stay Holidays in Cabanas de Tavira, at Aparthotel Golden Club"}]},{"@type":"WebSite","@id":"https:\/\/legendatours.com\/#website","url":"https:\/\/legendatours.com\/","name":"Aventure l\u00e9gendaire DMC Portugal","description":"Randonn\u00e9es responsables et vacances nature au Portugal","publisher":{"@id":"https:\/\/legendatours.com\/#organization"},"alternateName":"Legendary Adventure Portugal","potentialAction":[{"@type":"SearchAction","target":{"@type":"EntryPoint","urlTemplate":"https:\/\/legendatours.com\/?s={search_term_string}"},"query-input":{"@type":"PropertyValueSpecification","valueRequired":true,"valueName":"search_term_string"}}],"inLanguage":"fr-FR"},{"@type":"Organization","@id":"https:\/\/legendatours.com\/#organization","name":"legendatours.com","url":"https:\/\/legendatours.com\/","logo":{"@type":"ImageObject","inLanguage":"fr-FR","@id":"https:\/\/legendatours.com\/#\/schema\/logo\/image\/","url":"https:\/\/legendatours.com\/wp-content\/uploads\/sites\/12\/2021\/06\/legendary_adventure_dmc.png","contentUrl":"https:\/\/legendatours.com\/wp-content\/uploads\/sites\/12\/2021\/06\/legendary_adventure_dmc.png","width":250,"height":74,"caption":"legendatours.com"},"image":{"@id":"https:\/\/legendatours.com\/#\/schema\/logo\/image\/"},"sameAs":["https:\/\/www.facebook.com\/legendaryadventuredmc\/","https:\/\/www.linkedin.com\/company\/legendary-adventure-dmc-portugal","https:\/\/www.youtube.com\/channel\/UCOIRDx_KM6ynIcacQkZjb6g"]}]}},"_links":{"self":[{"href":"https:\/\/legendatours.com\/fr\/wp-json\/wp\/v2\/product\/8146","targetHints":{"allow":["GET"]}}],"collection":[{"href":"https:\/\/legendatours.com\/fr\/wp-json\/wp\/v2\/product"}],"about":[{"href":"https:\/\/legendatours.com\/fr\/wp-json\/wp\/v2\/types\/product"}],"replies":[{"embeddable":true,"href":"https:\/\/legendatours.com\/fr\/wp-json\/wp\/v2\/comments?post=8146"}],"wp:featuredmedia":[{"embeddable":true,"href":"https:\/\/legendatours.com\/fr\/wp-json\/wp\/v2\/media\/8136"}],"wp:attachment":[{"href":"https:\/\/legendatours.com\/fr\/wp-json\/wp\/v2\/media?parent=8146"}],"wp:term":[{"taxonomy":"product_brand","embeddable":true,"href":"https:\/\/legendatours.com\/fr\/wp-json\/wp\/v2\/product_brand?post=8146"},{"taxonomy":"product_cat","embeddable":true,"href":"https:\/\/legendatours.com\/fr\/wp-json\/wp\/v2\/product_cat?post=8146"},{"taxonomy":"product_tag","embeddable":true,"href":"https:\/\/legendatours.com\/fr\/wp-json\/wp\/v2\/product_tag?post=8146"}],"curies":[{"name":"wp","href":"https:\/\/api.w.org\/{rel}","templated":true}]}}