{"id":8200,"date":"2020-05-28T16:05:48","date_gmt":"2020-05-28T16:05:48","guid":{"rendered":"https:\/\/legendatours.com\/product\/long-stay-albufeira-portugal-at-aparthotel-quinta-pedra-dos-bicos\/"},"modified":"2021-08-13T10:44:41","modified_gmt":"2021-08-13T10:44:41","slug":"long-stay-albufeira-ls101pk","status":"publish","type":"product","link":"https:\/\/legendatours.com\/fr\/produit\/long-stay-albufeira-ls101pk\/","title":{"rendered":"Long S\u00e9jour Albufeira Portugal, \u00e0 l&#039;Aparthotel Quinta Pedra dos Bicos"},"content":{"rendered":"<p>Albufeira est internationalement connue pour ses plages de sable dor\u00e9 et ses eaux bleu turquoise, abrit\u00e9es par des falaises rocheuses d&#039;ocre.<\/p>\n<p>\u00c9chappez aux journ\u00e9es humides et froides et profitez de plus de 300 jours de soleil par an en Algarve !<\/p>\n<p>Un s\u00e9jour de longue dur\u00e9e signifie que vous avez la possibilit\u00e9 de passer du temps \u00e0 vraiment vous connecter avec un lieu, comme un local, \u00e0 d\u00e9couvrir la nourriture d\u00e9licieuse, la culture, les sites touristiques et les gens.<\/p>\n<div id=\"attachment_1993\" style=\"width: 1034px\" class=\"wp-caption alignnone\"><img loading=\"lazy\" decoding=\"async\" aria-describedby=\"caption-attachment-1993\" class=\"wp-image-1993 size-large\" src=\"https:\/\/legendatours.net\/wp-content\/uploads\/2020\/03\/albufeira_nightlife-1024x681.jpg\" alt=\"Holidays in Albufeira\" width=\"1024\" height=\"681\" \/><p id=\"caption-attachment-1993\" class=\"wp-caption-text\">Vacances \u00e0 Albufeira<\/p><\/div>\n<p>Prenez une pause et profitez de votre retraite ou de vos cong\u00e9s temporaires sans vous sentir press\u00e9. Et profitez des tarifs de la basse saison \u2013 vous obtenez plus pour moins d&#039;argent !<\/p>\n<p>Le rivage d&#039;Albufeira est tr\u00e8s invitant pour les sports nautiques, comme la planche \u00e0 voile, la plong\u00e9e ou la voile. Une excursion en bateau autour des grottes est une merveilleuse opportunit\u00e9 pour une journ\u00e9e diff\u00e9rente, avec des visites de plages isol\u00e9es accessibles uniquement par la mer.<\/p>\n<p>Albufeira est parfaite non seulement pour les personnes avides de soleil et de repos. De nombreux terrains de golf s&#039;\u00e9tendent presque jusqu&#039;\u00e0 la mer, et toutes sortes d&#039;activit\u00e9s ludiques sont propos\u00e9es, comme l&#039;\u00e9quitation \u00e0 l&#039;ombre des pins.<\/p>\n<p>\u00c9tant une station baln\u00e9aire populaire, Albufeira regorge de boutiques urbaines et de boutiques d&#039;art et d&#039;artisanat, o\u00f9 vous pouvez encore trouver l&#039;authenticit\u00e9 dans le travail des artisans locaux. Ces objets faits d&#039;argile, de feuilles de palmier, de cuivre et de dentelle suivent des traditions s\u00e9culaires.<\/p>\n<div id=\"attachment_1991\" style=\"width: 1034px\" class=\"wp-caption alignnone\"><img loading=\"lazy\" decoding=\"async\" aria-describedby=\"caption-attachment-1991\" class=\"wp-image-1991 size-large\" src=\"https:\/\/legendatours.net\/wp-content\/uploads\/2020\/03\/Albufeira_heritage-1024x686.jpg\" alt=\"Holidays in Albufeira\" width=\"1024\" height=\"686\" \/><p id=\"caption-attachment-1991\" class=\"wp-caption-text\">Vacances \u00e0 Albufeira<\/p><\/div>\n<p>Le charme d&#039;Albufeira ne s&#039;arr\u00eate pas l\u00e0. Dans la campagne verdoyante et fertile se trouve un paysage parfum\u00e9 parsem\u00e9 d&#039;amandiers, de figuiers, d&#039;orangers et de pins.<\/p>\n<p>Les chemin\u00e9es en dentelles typiques, h\u00e9ritage de l&#039;architecture mauresque, se d\u00e9tachent sur le rouge des toits de tuiles et le bleu du ciel.<\/p>\n<p>Les villages blanchis \u00e0 la chaux endormis vous invitent \u00e0 d\u00e9couvrir un mode de vie connect\u00e9 \u00e0 la nature, ajoutant une autre dimension \u00e0 vos vacances en Algarve.<\/p>\n<p>Dernier point, mais non le moindre, abandonnez-vous \u00e0 l&#039;excellente cuisine et vins portugais. Du poisson frais et des crustac\u00e9s aux d\u00e9lices locaux sucr\u00e9s d&#039;amandes, de miel et de figues, vous n&#039;aurez que l&#039;embarras du choix !<\/p>","protected":false},"excerpt":{"rendered":"<p>Albufeira est internationalement connue pour ses plages de sable dor\u00e9 et ses eaux bleu turquoise, abrit\u00e9es par des falaises rocheuses d&#039;ocre.<\/p>\n<p>\u00c9chappez aux journ\u00e9es humides et froides et profitez de plus de 300 jours de soleil par an en Algarve !<\/p>\n<p>Un s\u00e9jour de longue dur\u00e9e signifie que vous avez la possibilit\u00e9 de passer du temps \u00e0 vraiment vous connecter avec un lieu, comme un local, \u00e0 d\u00e9couvrir la nourriture d\u00e9licieuse, la culture, les sites touristiques et les gens.<\/p>\n<p>Prenez une pause et profitez de votre retraite ou de vos cong\u00e9s temporaires sans vous sentir press\u00e9. Et profitez des tarifs de la basse saison \u2013 vous obtenez plus pour moins d&#039;argent !<\/p>","protected":false},"featured_media":8115,"comment_status":"closed","ping_status":"closed","template":"","meta":{"_acf_changed":false,"inline_featured_image":false},"product_brand":[],"product_cat":[686,844],"product_tag":[812,147,647,648,76,814,845,78,36,391,46,789,160,689,846,847,848,228,694,173,68,177],"class_list":{"0":"post-8200","1":"product","2":"type-product","3":"status-publish","4":"has-post-thumbnail","6":"product_cat-holiday-packs-tours-portugal","7":"product_cat-long-stays-portugal","8":"product_tag-albufeira","9":"product_tag-algarve","10":"product_tag-algarve-secluded-beaches","11":"product_tag-algarve-spectacular-coastline","12":"product_tag-beaches","13":"product_tag-beaches-of-albufeira","14":"product_tag-beautiful-beaches-algarve","15":"product_tag-beautiful-landscapes","16":"product_tag-cultural-heritage","17":"product_tag-family-holidays","18":"product_tag-gastronomy-and-wines","19":"product_tag-holiday","20":"product_tag-holidays","21":"product_tag-longstay","22":"product_tag-packages","23":"product_tag-retirement","24":"product_tag-seniors","25":"product_tag-sightseeing","26":"product_tag-sun-beach","27":"product_tag-sunny-winters","28":"product_tag-tours-in-portugal","29":"product_tag-vacations","31":"first","32":"instock","33":"virtual","34":"product-type-simple"},"acf":[],"yoast_head":"<!-- This site is optimized with the Yoast SEO Premium plugin v26.8 (Yoast SEO v27.4) - https:\/\/yoast.com\/product\/yoast-seo-premium-wordpress\/ -->\n<title>Long-Stay Albufeira Portugal, at Aparthotel Quinta Pedra dos Bicos - Legendary Adventure DMC Portugal<\/title>\n<meta name=\"robots\" content=\"index, follow, max-snippet:-1, max-image-preview:large, max-video-preview:-1\" \/>\n<link rel=\"canonical\" href=\"https:\/\/legendatours.com\/fr\/produit\/long-stay-albufeira-ls101pk\/\" \/>\n<meta property=\"og:locale\" content=\"fr_FR\" \/>\n<meta property=\"og:type\" content=\"article\" \/>\n<meta property=\"og:title\" content=\"Long-Stay Albufeira Portugal, at Aparthotel Quinta Pedra dos Bicos\" \/>\n<meta property=\"og:description\" content=\"Albufeira is internationally renowned for its gold sandy beaches and turquoise blue waters, sheltered by rocky ochre cliffs.  Escape from damp, cold days, and enjoy Algarve&#039;s over 300 days of sun per year!  A Long-Stay Holiday means that you have the opportunity to spend time really connecting with a place, like a local, experiencing the amazing food, the culture, the sights, and the people.  Take a breather, and enjoy your retirement or temporary leave without feeling rushed. And take advantage of the low season&#039;s rates - you get more for less money!\" \/>\n<meta property=\"og:url\" content=\"https:\/\/legendatours.com\/fr\/produit\/long-stay-albufeira-ls101pk\/\" \/>\n<meta property=\"og:site_name\" content=\"Legendary Adventure DMC Portugal\" \/>\n<meta property=\"article:publisher\" content=\"https:\/\/www.facebook.com\/legendaryadventuredmc\/\" \/>\n<meta property=\"article:modified_time\" content=\"2021-08-13T10:44:41+00:00\" \/>\n<meta property=\"og:image\" content=\"https:\/\/legendatours.com\/wp-content\/uploads\/sites\/12\/2021\/04\/long-stay-holidays-algarve.jpg\" \/>\n\t<meta property=\"og:image:width\" content=\"1660\" \/>\n\t<meta property=\"og:image:height\" content=\"1080\" \/>\n\t<meta property=\"og:image:type\" content=\"image\/jpeg\" \/>\n<meta name=\"twitter:card\" content=\"summary_large_image\" \/>\n<meta name=\"twitter:label1\" content=\"Dur\u00e9e de lecture estim\u00e9e\" \/>\n\t<meta name=\"twitter:data1\" content=\"2 minutes\" \/>\n<script type=\"application\/ld+json\" class=\"yoast-schema-graph\">{\"@context\":\"https:\\\/\\\/schema.org\",\"@graph\":[{\"@type\":\"WebPage\",\"@id\":\"https:\\\/\\\/legendatours.com\\\/product\\\/long-stay-albufeira-ls101pk\\\/\",\"url\":\"https:\\\/\\\/legendatours.com\\\/product\\\/long-stay-albufeira-ls101pk\\\/\",\"name\":\"Long-Stay Albufeira Portugal, at Aparthotel Quinta Pedra dos Bicos - Legendary Adventure DMC Portugal\",\"isPartOf\":{\"@id\":\"https:\\\/\\\/legendatours.com\\\/#website\"},\"primaryImageOfPage\":{\"@id\":\"https:\\\/\\\/legendatours.com\\\/product\\\/long-stay-albufeira-ls101pk\\\/#primaryimage\"},\"image\":{\"@id\":\"https:\\\/\\\/legendatours.com\\\/product\\\/long-stay-albufeira-ls101pk\\\/#primaryimage\"},\"thumbnailUrl\":\"https:\\\/\\\/legendatours.com\\\/wp-content\\\/uploads\\\/sites\\\/12\\\/2021\\\/04\\\/long-stay-holidays-algarve.jpg\",\"datePublished\":\"2020-05-28T16:05:48+00:00\",\"dateModified\":\"2021-08-13T10:44:41+00:00\",\"breadcrumb\":{\"@id\":\"https:\\\/\\\/legendatours.com\\\/product\\\/long-stay-albufeira-ls101pk\\\/#breadcrumb\"},\"inLanguage\":\"fr-FR\",\"potentialAction\":[{\"@type\":\"ReadAction\",\"target\":[\"https:\\\/\\\/legendatours.com\\\/product\\\/long-stay-albufeira-ls101pk\\\/\"]}]},{\"@type\":\"ImageObject\",\"inLanguage\":\"fr-FR\",\"@id\":\"https:\\\/\\\/legendatours.com\\\/product\\\/long-stay-albufeira-ls101pk\\\/#primaryimage\",\"url\":\"https:\\\/\\\/legendatours.com\\\/wp-content\\\/uploads\\\/sites\\\/12\\\/2021\\\/04\\\/long-stay-holidays-algarve.jpg\",\"contentUrl\":\"https:\\\/\\\/legendatours.com\\\/wp-content\\\/uploads\\\/sites\\\/12\\\/2021\\\/04\\\/long-stay-holidays-algarve.jpg\",\"width\":1660,\"height\":1080,\"caption\":\"Long-Stay Holidays in Algarve\"},{\"@type\":\"BreadcrumbList\",\"@id\":\"https:\\\/\\\/legendatours.com\\\/product\\\/long-stay-albufeira-ls101pk\\\/#breadcrumb\",\"itemListElement\":[{\"@type\":\"ListItem\",\"position\":1,\"name\":\"Home\",\"item\":\"https:\\\/\\\/legendatours.com\\\/\"},{\"@type\":\"ListItem\",\"position\":2,\"name\":\"Shop\",\"item\":\"https:\\\/\\\/legendatours.com\\\/sv\\\/?page_id=4\"},{\"@type\":\"ListItem\",\"position\":3,\"name\":\"Long-Stay Albufeira Portugal, at Aparthotel Quinta Pedra dos Bicos\"}]},{\"@type\":\"WebSite\",\"@id\":\"https:\\\/\\\/legendatours.com\\\/#website\",\"url\":\"https:\\\/\\\/legendatours.com\\\/\",\"name\":\"Legendary Adventure DMC Portugal\",\"description\":\"Responsible Walking &amp; Nature Holidays in Portugal\",\"publisher\":{\"@id\":\"https:\\\/\\\/legendatours.com\\\/#organization\"},\"alternateName\":\"Legendary Adventure Portugal\",\"potentialAction\":[{\"@type\":\"SearchAction\",\"target\":{\"@type\":\"EntryPoint\",\"urlTemplate\":\"https:\\\/\\\/legendatours.com\\\/?s={search_term_string}\"},\"query-input\":{\"@type\":\"PropertyValueSpecification\",\"valueRequired\":true,\"valueName\":\"search_term_string\"}}],\"inLanguage\":\"fr-FR\"},{\"@type\":\"Organization\",\"@id\":\"https:\\\/\\\/legendatours.com\\\/#organization\",\"name\":\"legendatours.com\",\"url\":\"https:\\\/\\\/legendatours.com\\\/\",\"logo\":{\"@type\":\"ImageObject\",\"inLanguage\":\"fr-FR\",\"@id\":\"https:\\\/\\\/legendatours.com\\\/#\\\/schema\\\/logo\\\/image\\\/\",\"url\":\"https:\\\/\\\/legendatours.com\\\/wp-content\\\/uploads\\\/sites\\\/12\\\/2021\\\/06\\\/legendary_adventure_dmc.png\",\"contentUrl\":\"https:\\\/\\\/legendatours.com\\\/wp-content\\\/uploads\\\/sites\\\/12\\\/2021\\\/06\\\/legendary_adventure_dmc.png\",\"width\":250,\"height\":74,\"caption\":\"legendatours.com\"},\"image\":{\"@id\":\"https:\\\/\\\/legendatours.com\\\/#\\\/schema\\\/logo\\\/image\\\/\"},\"sameAs\":[\"https:\\\/\\\/www.facebook.com\\\/legendaryadventuredmc\\\/\",\"https:\\\/\\\/www.linkedin.com\\\/company\\\/legendary-adventure-dmc-portugal\",\"https:\\\/\\\/www.youtube.com\\\/channel\\\/UCOIRDx_KM6ynIcacQkZjb6g\"]}]}<\/script>\n<!-- \/ Yoast SEO Premium plugin. -->","yoast_head_json":{"title":"Long-Stay Albufeira Portugal, \u00e0 l&#039;Aparthotel Quinta Pedra dos Bicos - Legendary Adventure DMC Portugal","robots":{"index":"index","follow":"follow","max-snippet":"max-snippet:-1","max-image-preview":"max-image-preview:large","max-video-preview":"max-video-preview:-1"},"canonical":"https:\/\/legendatours.com\/fr\/produit\/long-stay-albufeira-ls101pk\/","og_locale":"fr_FR","og_type":"article","og_title":"Long-Stay Albufeira Portugal, at Aparthotel Quinta Pedra dos Bicos","og_description":"Albufeira is internationally renowned for its gold sandy beaches and turquoise blue waters, sheltered by rocky ochre cliffs.  Escape from damp, cold days, and enjoy Algarve's over 300 days of sun per year!  A Long-Stay Holiday means that you have the opportunity to spend time really connecting with a place, like a local, experiencing the amazing food, the culture, the sights, and the people.  Take a breather, and enjoy your retirement or temporary leave without feeling rushed. And take advantage of the low season's rates - you get more for less money!","og_url":"https:\/\/legendatours.com\/fr\/produit\/long-stay-albufeira-ls101pk\/","og_site_name":"Legendary Adventure DMC Portugal","article_publisher":"https:\/\/www.facebook.com\/legendaryadventuredmc\/","article_modified_time":"2021-08-13T10:44:41+00:00","og_image":[{"width":1660,"height":1080,"url":"https:\/\/legendatours.com\/wp-content\/uploads\/sites\/12\/2021\/04\/long-stay-holidays-algarve.jpg","type":"image\/jpeg"}],"twitter_card":"summary_large_image","twitter_misc":{"Dur\u00e9e de lecture estim\u00e9e":"2 minutes"},"schema":{"@context":"https:\/\/schema.org","@graph":[{"@type":"WebPage","@id":"https:\/\/legendatours.com\/product\/long-stay-albufeira-ls101pk\/","url":"https:\/\/legendatours.com\/product\/long-stay-albufeira-ls101pk\/","name":"Long-Stay Albufeira Portugal, \u00e0 l&#039;Aparthotel Quinta Pedra dos Bicos - Legendary Adventure DMC Portugal","isPartOf":{"@id":"https:\/\/legendatours.com\/#website"},"primaryImageOfPage":{"@id":"https:\/\/legendatours.com\/product\/long-stay-albufeira-ls101pk\/#primaryimage"},"image":{"@id":"https:\/\/legendatours.com\/product\/long-stay-albufeira-ls101pk\/#primaryimage"},"thumbnailUrl":"https:\/\/legendatours.com\/wp-content\/uploads\/sites\/12\/2021\/04\/long-stay-holidays-algarve.jpg","datePublished":"2020-05-28T16:05:48+00:00","dateModified":"2021-08-13T10:44:41+00:00","breadcrumb":{"@id":"https:\/\/legendatours.com\/product\/long-stay-albufeira-ls101pk\/#breadcrumb"},"inLanguage":"fr-FR","potentialAction":[{"@type":"ReadAction","target":["https:\/\/legendatours.com\/product\/long-stay-albufeira-ls101pk\/"]}]},{"@type":"ImageObject","inLanguage":"fr-FR","@id":"https:\/\/legendatours.com\/product\/long-stay-albufeira-ls101pk\/#primaryimage","url":"https:\/\/legendatours.com\/wp-content\/uploads\/sites\/12\/2021\/04\/long-stay-holidays-algarve.jpg","contentUrl":"https:\/\/legendatours.com\/wp-content\/uploads\/sites\/12\/2021\/04\/long-stay-holidays-algarve.jpg","width":1660,"height":1080,"caption":"Long-Stay Holidays in Algarve"},{"@type":"BreadcrumbList","@id":"https:\/\/legendatours.com\/product\/long-stay-albufeira-ls101pk\/#breadcrumb","itemListElement":[{"@type":"ListItem","position":1,"name":"Home","item":"https:\/\/legendatours.com\/"},{"@type":"ListItem","position":2,"name":"Shop","item":"https:\/\/legendatours.com\/sv\/?page_id=4"},{"@type":"ListItem","position":3,"name":"Long-Stay Albufeira Portugal, at Aparthotel Quinta Pedra dos Bicos"}]},{"@type":"WebSite","@id":"https:\/\/legendatours.com\/#website","url":"https:\/\/legendatours.com\/","name":"Aventure l\u00e9gendaire DMC Portugal","description":"Randonn\u00e9es responsables et vacances nature au Portugal","publisher":{"@id":"https:\/\/legendatours.com\/#organization"},"alternateName":"Legendary Adventure Portugal","potentialAction":[{"@type":"SearchAction","target":{"@type":"EntryPoint","urlTemplate":"https:\/\/legendatours.com\/?s={search_term_string}"},"query-input":{"@type":"PropertyValueSpecification","valueRequired":true,"valueName":"search_term_string"}}],"inLanguage":"fr-FR"},{"@type":"Organization","@id":"https:\/\/legendatours.com\/#organization","name":"legendatours.com","url":"https:\/\/legendatours.com\/","logo":{"@type":"ImageObject","inLanguage":"fr-FR","@id":"https:\/\/legendatours.com\/#\/schema\/logo\/image\/","url":"https:\/\/legendatours.com\/wp-content\/uploads\/sites\/12\/2021\/06\/legendary_adventure_dmc.png","contentUrl":"https:\/\/legendatours.com\/wp-content\/uploads\/sites\/12\/2021\/06\/legendary_adventure_dmc.png","width":250,"height":74,"caption":"legendatours.com"},"image":{"@id":"https:\/\/legendatours.com\/#\/schema\/logo\/image\/"},"sameAs":["https:\/\/www.facebook.com\/legendaryadventuredmc\/","https:\/\/www.linkedin.com\/company\/legendary-adventure-dmc-portugal","https:\/\/www.youtube.com\/channel\/UCOIRDx_KM6ynIcacQkZjb6g"]}]}},"_links":{"self":[{"href":"https:\/\/legendatours.com\/fr\/wp-json\/wp\/v2\/product\/8200","targetHints":{"allow":["GET"]}}],"collection":[{"href":"https:\/\/legendatours.com\/fr\/wp-json\/wp\/v2\/product"}],"about":[{"href":"https:\/\/legendatours.com\/fr\/wp-json\/wp\/v2\/types\/product"}],"replies":[{"embeddable":true,"href":"https:\/\/legendatours.com\/fr\/wp-json\/wp\/v2\/comments?post=8200"}],"wp:featuredmedia":[{"embeddable":true,"href":"https:\/\/legendatours.com\/fr\/wp-json\/wp\/v2\/media\/8115"}],"wp:attachment":[{"href":"https:\/\/legendatours.com\/fr\/wp-json\/wp\/v2\/media?parent=8200"}],"wp:term":[{"taxonomy":"product_brand","embeddable":true,"href":"https:\/\/legendatours.com\/fr\/wp-json\/wp\/v2\/product_brand?post=8200"},{"taxonomy":"product_cat","embeddable":true,"href":"https:\/\/legendatours.com\/fr\/wp-json\/wp\/v2\/product_cat?post=8200"},{"taxonomy":"product_tag","embeddable":true,"href":"https:\/\/legendatours.com\/fr\/wp-json\/wp\/v2\/product_tag?post=8200"}],"curies":[{"name":"wp","href":"https:\/\/api.w.org\/{rel}","templated":true}]}}