{"id":8221,"date":"2020-05-27T10:27:50","date_gmt":"2020-05-27T10:27:50","guid":{"rendered":"https:\/\/legendatours.com\/product\/self-drive-walking-holidays-in-lagos-the-wonderful-west-algarve\/"},"modified":"2022-01-02T22:36:33","modified_gmt":"2022-01-02T22:36:33","slug":"walking-in-the-wonderful-west-algarve-5300sc","status":"publish","type":"product","link":"https:\/\/legendatours.com\/fr\/produit\/walking-in-the-wonderful-west-algarve-5300sc\/","title":{"rendered":"Vacances \u00e0 pied en voiture \u00e0 Lagos, le merveilleux ouest de l&#039;Algarve"},"content":{"rendered":"<p>La beaut\u00e9 de la c\u00f4te ouest de l&#039;Algarve n&#039;est pas un secret. Il existe cependant des lieux et des exp\u00e9riences uniques pour la plupart inconnus que vous aurez l&#039;occasion de d\u00e9couvrir avec cette passionnante visite \u00e0 pied en auto-conduite.<\/p>\n<p>Notre base est la ville cosmopolite de Lagos, \u00e0 une courte distance d&#039;une multitude de plages isol\u00e9es et de chemins de terre pr\u00e9serv\u00e9s, parfaits pour les explorateurs passionn\u00e9s.<\/p>\n<p>Les itin\u00e9raires montrent des paysages vari\u00e9s, sur la c\u00f4te et \u00e0 l&#039;int\u00e9rieur des terres, et sont le r\u00e9sultat d&#039;un vaste savoir local.<\/p>\n<div id=\"attachment_1855\" style=\"width: 1034px\" class=\"wp-caption alignnone\"><img loading=\"lazy\" decoding=\"async\" aria-describedby=\"caption-attachment-1855\" class=\"wp-image-1855 size-large\" src=\"https:\/\/legendatours.net\/wp-content\/uploads\/2020\/03\/Lagos-waterfront-2-1024x686.jpg\" alt=\"Lagos waterfront attractive town that was an important Roman settlement\" width=\"1024\" height=\"686\" \/><p id=\"caption-attachment-1855\" class=\"wp-caption-text\">Ville attrayante au bord de l&#039;eau de Lagos qui \u00e9tait une importante colonie romaine<\/p><\/div>\n<p>Vous pouvez voyager ind\u00e9pendamment pour d\u00e9couvrir les paysages vari\u00e9s de l&#039;ouest de l&#039;Algarve, des collines volcaniques aux escarpements calcaires spectaculaires, des villages de campagne endormis aux villes c\u00f4ti\u00e8res anim\u00e9es, des communaut\u00e9s de p\u00eacheurs aux collines verdoyantes sans personne en vue.<\/p>\n<p>La ville de Lagos fait face \u00e0 une grande baie et \u00e0 la plage de sable fin de Meia Praia. De l\u00e0 partaient les galions des D\u00e9couvertes, et c&#039;\u00e9tait aussi un refuge pour des corsaires comme Sir Francis Drake.<\/p>\n<p>Un beau mur borde le front de mer et la vieille ville regorge de petites boutiques, de restaurants et d&#039;une multitude de sites patrimoniaux et culturels.<br \/>\nM\u00eame pendant les mois d&#039;hiver, le temps est doux, ce qui en fait une belle r\u00e9gion pour la marche et d&#039;autres activit\u00e9s de nature.<\/p>\n<div id=\"attachment_1906\" style=\"width: 1034px\" class=\"wp-caption alignnone\"><img loading=\"lazy\" decoding=\"async\" aria-describedby=\"caption-attachment-1906\" class=\"wp-image-1906 size-large\" src=\"https:\/\/legendatours.net\/wp-content\/uploads\/2020\/03\/Oranges-in-West-Algarve-orchard-1024x685.jpg\" alt=\"Oranges in West Algarve orchard\" width=\"1024\" height=\"685\" \/><p id=\"caption-attachment-1906\" class=\"wp-caption-text\">Oranges dans le verger de l&#039;ouest de l&#039;Algarve. Il n&#039;y a rien de plus agr\u00e9able qu&#039;une orange fra\u00eechement cueillie presque directement de l&#039;arbre.<\/p><\/div>\n<p>\u00c0 l&#039;int\u00e9rieur des terres, dans les collines verdoyantes, vous verrez un mode de vie qui a disparu de nombreux pays europ\u00e9ens, tournant autour des saisons. Dans les rues \u00e9troites et pav\u00e9es de charmants villages de montagne, aux maisons blanchies \u00e0 la chaux, vous trouverez des caf\u00e9s endormis et un mode de vie tranquille.<\/p>\n<div id=\"attachment_1853\" style=\"width: 1034px\" class=\"wp-caption alignnone\"><img loading=\"lazy\" decoding=\"async\" aria-describedby=\"caption-attachment-1853\" class=\"wp-image-1853 size-full\" src=\"https:\/\/legendatours.net\/wp-content\/uploads\/2020\/03\/Lagos-fortress-2-e1611677706222.jpg\" alt=\"Lagos Fortress\" width=\"1024\" height=\"683\" \/><p id=\"caption-attachment-1853\" class=\"wp-caption-text\">La forteresse de Lagos est un charmant vieux fort avec de petites tours de guet et un vieux pont-levis en bois. Il est situ\u00e9 pr\u00e8s de la plage de la ville.<\/p><\/div>\n<p>La c\u00f4te est sauvage, livr\u00e9e \u00e0 la puissance de l&#039;oc\u00e9an Atlantique, mais avec une histoire aussi tr\u00e8s li\u00e9e \u00e0 la nature.<\/p>\n<p>Dans l&#039;estuaire d&#039;Alvor, \u00e0 mar\u00e9e basse, vous pouvez voir les marins locaux, accompagn\u00e9s de h\u00e9rons, de spatules et d&#039;autres esp\u00e8ces d&#039;oiseaux.<\/p>\n<p>Quelle que soit la partie de l&#039;ouest de l&#039;Algarve o\u00f9 vos sentiers de randonn\u00e9e vous m\u00e8nent, vous trouverez des gens sympathiques, d&#039;excellents vins locaux et une cuisine d\u00e9licieuse, de la p\u00eache fra\u00eeche du jour aux plats copieux aromatis\u00e9s aux herbes.<\/p>\n<p>Profitez de nos promenades tri\u00e9es sur le volet dans l&#039;ouest de l&#039;Algarve, car elles combinent tous les ingr\u00e9dients pour des vacances de marche parfaites tout en donnant un v\u00e9ritable sentiment d&#039;appartenance.<\/p>\n<div class=\"row\" style=\"display: flex;\">\n<div class=\"column\" style=\"flex: 45%;\"><\/div>\n<div class=\"column\" style=\"flex: 10%;\"><\/div>\n<div class=\"column\" style=\"flex: 45%;\"><\/div>\n<\/div>","protected":false},"excerpt":{"rendered":"<p>La beaut\u00e9 de la c\u00f4te ouest de l&#039;Algarve n&#039;est pas un secret. Il existe cependant des lieux et des exp\u00e9riences uniques pour la plupart inconnus que vous aurez l&#039;occasion de d\u00e9couvrir avec cette passionnante visite \u00e0 pied en auto-conduite.<\/p>\n<p>Notre base est la ville cosmopolite de Lagos, \u00e0 une courte distance d&#039;une multitude de plages isol\u00e9es et de chemins de terre pr\u00e9serv\u00e9s, parfaits pour les explorateurs passionn\u00e9s.<\/p>","protected":false},"featured_media":8213,"comment_status":"closed","ping_status":"closed","template":"","meta":{"_acf_changed":false,"inline_featured_image":false},"product_brand":[],"product_cat":[327,301,856],"product_tag":[147,647,306,866,433,867,608,850,81,153,214,337,779,156,535,218,160,255,758,313,759,760,761,762,868,270,271,869,745,162,558,860,861,747,614,639,60,764,765,766,767,768,319,328,777,781,228,653,322,770,173,324,68,864,771,684,685,177,325,772,326,122,421,757,645,145],"class_list":{"0":"post-8221","1":"product","2":"type-product","3":"status-publish","4":"has-post-thumbnail","6":"product_cat-self-drive-holidays-portugal","7":"product_cat-self-guided-tours-portugal","8":"product_cat-self-guided-walking-holidays","9":"product_tag-algarve","10":"product_tag-algarve-secluded-beaches","11":"product_tag-alleine-reisen","12":"product_tag-almond-tree","13":"product_tag-birdwatching","14":"product_tag-carobs","15":"product_tag-cherry-picked-walks","16":"product_tag-cliff-top","17":"product_tag-coastal-walks","18":"product_tag-countryside","19":"product_tag-culture","20":"product_tag-delicious-food","21":"product_tag-fly-drive","22":"product_tag-hiking","23":"product_tag-historic-centre","24":"product_tag-history","25":"product_tag-holidays","26":"product_tag-holidays-in-portugal","27":"product_tag-individual-hiking","28":"product_tag-individuelle-touren","29":"product_tag-individuelle-trekkingreisen","30":"product_tag-individuelle-wandern","31":"product_tag-individuelle-wanderreisen","32":"product_tag-individuelle-wandertouren","33":"product_tag-inland-algarve","34":"product_tag-lagos","35":"product_tag-lush-green-hills","36":"product_tag-mining","37":"product_tag-nature-hikes","38":"product_tag-nature-walks","39":"product_tag-olives","40":"product_tag-oranges","41":"product_tag-orchards","42":"product_tag-paths","43":"product_tag-pinturesque-landscape","44":"product_tag-ponta-da-piedade","45":"product_tag-portugal","46":"product_tag-rando-autoguidee","47":"product_tag-rando-liberte","48":"product_tag-randonnee-autoguidee","49":"product_tag-randonnee-en-liberte","50":"product_tag-randonnee-liberte","51":"product_tag-sejour-en-liberte","52":"product_tag-self-guided","53":"product_tag-self-guided-holidays","54":"product_tag-self-guided-tours","55":"product_tag-sightseeing","56":"product_tag-slave-market-lagos","57":"product_tag-solo-reisen","58":"product_tag-solo-wandern","59":"product_tag-sunny-winters","60":"product_tag-tours-autoguidees","61":"product_tag-tours-in-portugal","62":"product_tag-trails","63":"product_tag-trek-en-liberte","64":"product_tag-trek-solo","65":"product_tag-trekking-solo","66":"product_tag-vacations","67":"product_tag-voyage-en-liberte","68":"product_tag-voyages-a-pied-en-liberte","69":"product_tag-voyages-en-autonomie","70":"product_tag-walking-tours","71":"product_tag-walking-trails","72":"product_tag-walks","73":"product_tag-west-algarve","74":"product_tag-wines","76":"first","77":"instock","78":"virtual","79":"product-type-simple"},"acf":[],"yoast_head":"<!-- This site is optimized with the Yoast SEO Premium plugin v26.8 (Yoast SEO v27.6) - https:\/\/yoast.com\/product\/yoast-seo-premium-wordpress\/ -->\n<title>Self-Drive Walking Holidays in Lagos the Wonderful West Algarve - Legendary Adventure DMC Portugal<\/title>\n<meta name=\"description\" content=\"An enjoyable Birdwatching Tour, no matter your level of birding ability and expertise. Focus on the Ria Formosa Park and in the Castro Marim Nature Reserve.\" \/>\n<meta name=\"robots\" content=\"index, follow, max-snippet:-1, max-image-preview:large, max-video-preview:-1\" \/>\n<link rel=\"canonical\" href=\"https:\/\/legendatours.com\/fr\/produit\/walking-in-the-wonderful-west-algarve-5300sc\/\" \/>\n<meta property=\"og:locale\" content=\"fr_FR\" \/>\n<meta property=\"og:type\" content=\"article\" \/>\n<meta property=\"og:title\" content=\"Self-Drive Walking Holidays in Lagos the Wonderful West Algarve\" \/>\n<meta property=\"og:description\" content=\"An enjoyable Birdwatching Tour, no matter your level of birding ability and expertise. Focus on the Ria Formosa Park and in the Castro Marim Nature Reserve.\" \/>\n<meta property=\"og:url\" content=\"https:\/\/legendatours.com\/fr\/produit\/walking-in-the-wonderful-west-algarve-5300sc\/\" \/>\n<meta property=\"og:site_name\" content=\"Legendary Adventure DMC Portugal\" \/>\n<meta property=\"article:publisher\" content=\"https:\/\/www.facebook.com\/legendaryadventuredmc\/\" \/>\n<meta property=\"article:modified_time\" content=\"2022-01-02T22:36:33+00:00\" \/>\n<meta property=\"og:image\" content=\"https:\/\/legendatours.com\/wp-content\/uploads\/sites\/12\/2021\/04\/Walk_west_algarve-e1611687545330.jpg\" \/>\n\t<meta property=\"og:image:width\" content=\"1024\" \/>\n\t<meta property=\"og:image:height\" content=\"728\" \/>\n\t<meta property=\"og:image:type\" content=\"image\/jpeg\" \/>\n<meta name=\"twitter:card\" content=\"summary_large_image\" \/>\n<meta name=\"twitter:label1\" content=\"Dur\u00e9e de lecture estim\u00e9e\" \/>\n\t<meta name=\"twitter:data1\" content=\"2 minutes\" \/>\n<script type=\"application\/ld+json\" class=\"yoast-schema-graph\">{\"@context\":\"https:\\\/\\\/schema.org\",\"@graph\":[{\"@type\":\"WebPage\",\"@id\":\"https:\\\/\\\/legendatours.com\\\/product\\\/walking-in-the-wonderful-west-algarve-5300sc\\\/\",\"url\":\"https:\\\/\\\/legendatours.com\\\/product\\\/walking-in-the-wonderful-west-algarve-5300sc\\\/\",\"name\":\"Self-Drive Walking Holidays in Lagos the Wonderful West Algarve - Legendary Adventure DMC Portugal\",\"isPartOf\":{\"@id\":\"https:\\\/\\\/legendatours.com\\\/#website\"},\"primaryImageOfPage\":{\"@id\":\"https:\\\/\\\/legendatours.com\\\/product\\\/walking-in-the-wonderful-west-algarve-5300sc\\\/#primaryimage\"},\"image\":{\"@id\":\"https:\\\/\\\/legendatours.com\\\/product\\\/walking-in-the-wonderful-west-algarve-5300sc\\\/#primaryimage\"},\"thumbnailUrl\":\"https:\\\/\\\/legendatours.com\\\/wp-content\\\/uploads\\\/sites\\\/12\\\/2021\\\/04\\\/Walk_west_algarve-e1611687545330.jpg\",\"datePublished\":\"2020-05-27T10:27:50+00:00\",\"dateModified\":\"2022-01-02T22:36:33+00:00\",\"description\":\"An enjoyable Birdwatching Tour, no matter your level of birding ability and expertise. Focus on the Ria Formosa Park and in the Castro Marim Nature Reserve.\",\"breadcrumb\":{\"@id\":\"https:\\\/\\\/legendatours.com\\\/product\\\/walking-in-the-wonderful-west-algarve-5300sc\\\/#breadcrumb\"},\"inLanguage\":\"fr-FR\",\"potentialAction\":[{\"@type\":\"ReadAction\",\"target\":[\"https:\\\/\\\/legendatours.com\\\/product\\\/walking-in-the-wonderful-west-algarve-5300sc\\\/\"]}]},{\"@type\":\"ImageObject\",\"inLanguage\":\"fr-FR\",\"@id\":\"https:\\\/\\\/legendatours.com\\\/product\\\/walking-in-the-wonderful-west-algarve-5300sc\\\/#primaryimage\",\"url\":\"https:\\\/\\\/legendatours.com\\\/wp-content\\\/uploads\\\/sites\\\/12\\\/2021\\\/04\\\/Walk_west_algarve-e1611687545330.jpg\",\"contentUrl\":\"https:\\\/\\\/legendatours.com\\\/wp-content\\\/uploads\\\/sites\\\/12\\\/2021\\\/04\\\/Walk_west_algarve-e1611687545330.jpg\",\"width\":1024,\"height\":728,\"caption\":\"Walk West Algarve\"},{\"@type\":\"BreadcrumbList\",\"@id\":\"https:\\\/\\\/legendatours.com\\\/product\\\/walking-in-the-wonderful-west-algarve-5300sc\\\/#breadcrumb\",\"itemListElement\":[{\"@type\":\"ListItem\",\"position\":1,\"name\":\"Home\",\"item\":\"https:\\\/\\\/legendatours.com\\\/\"},{\"@type\":\"ListItem\",\"position\":2,\"name\":\"Shop\",\"item\":\"https:\\\/\\\/legendatours.com\\\/sv\\\/?page_id=4\"},{\"@type\":\"ListItem\",\"position\":3,\"name\":\"Birdwatching and Wildlife Tour in the Ria Formosa is a Self-Guided Tour with Car designed by keen local birders. Rightly famed for its golden beaches, golf courses, and wonderful year-round climate, the Algarve is also a secret destination for great birding. At almost any time of the year, there is something of interest to see!\"}]},{\"@type\":\"WebSite\",\"@id\":\"https:\\\/\\\/legendatours.com\\\/#website\",\"url\":\"https:\\\/\\\/legendatours.com\\\/\",\"name\":\"Legendary Adventure DMC Portugal\",\"description\":\"Responsible Walking &amp; Nature Holidays in Portugal\",\"publisher\":{\"@id\":\"https:\\\/\\\/legendatours.com\\\/#organization\"},\"alternateName\":\"Legendary Adventure Portugal\",\"potentialAction\":[{\"@type\":\"SearchAction\",\"target\":{\"@type\":\"EntryPoint\",\"urlTemplate\":\"https:\\\/\\\/legendatours.com\\\/?s={search_term_string}\"},\"query-input\":{\"@type\":\"PropertyValueSpecification\",\"valueRequired\":true,\"valueName\":\"search_term_string\"}}],\"inLanguage\":\"fr-FR\"},{\"@type\":\"Organization\",\"@id\":\"https:\\\/\\\/legendatours.com\\\/#organization\",\"name\":\"legendatours.com\",\"url\":\"https:\\\/\\\/legendatours.com\\\/\",\"logo\":{\"@type\":\"ImageObject\",\"inLanguage\":\"fr-FR\",\"@id\":\"https:\\\/\\\/legendatours.com\\\/#\\\/schema\\\/logo\\\/image\\\/\",\"url\":\"https:\\\/\\\/legendatours.com\\\/wp-content\\\/uploads\\\/sites\\\/12\\\/2021\\\/06\\\/legendary_adventure_dmc.png\",\"contentUrl\":\"https:\\\/\\\/legendatours.com\\\/wp-content\\\/uploads\\\/sites\\\/12\\\/2021\\\/06\\\/legendary_adventure_dmc.png\",\"width\":250,\"height\":74,\"caption\":\"legendatours.com\"},\"image\":{\"@id\":\"https:\\\/\\\/legendatours.com\\\/#\\\/schema\\\/logo\\\/image\\\/\"},\"sameAs\":[\"https:\\\/\\\/www.facebook.com\\\/legendaryadventuredmc\\\/\",\"https:\\\/\\\/www.linkedin.com\\\/company\\\/legendary-adventure-dmc-portugal\",\"https:\\\/\\\/www.youtube.com\\\/channel\\\/UCOIRDx_KM6ynIcacQkZjb6g\"]}]}<\/script>\n<!-- \/ Yoast SEO Premium plugin. -->","yoast_head_json":{"title":"Randonn\u00e9es en voiture \u00e0 Lagos, dans l&#039;ouest de l&#039;Algarve - Legendary Adventure DMC Portugal","description":"Une excursion d&#039;observation des oiseaux agr\u00e9able, quel que soit votre niveau de capacit\u00e9 et d&#039;expertise en mati\u00e8re d&#039;observation des oiseaux. Focus sur le parc Ria Formosa et dans la r\u00e9serve naturelle de Castro Marim.","robots":{"index":"index","follow":"follow","max-snippet":"max-snippet:-1","max-image-preview":"max-image-preview:large","max-video-preview":"max-video-preview:-1"},"canonical":"https:\/\/legendatours.com\/fr\/produit\/walking-in-the-wonderful-west-algarve-5300sc\/","og_locale":"fr_FR","og_type":"article","og_title":"Self-Drive Walking Holidays in Lagos the Wonderful West Algarve","og_description":"An enjoyable Birdwatching Tour, no matter your level of birding ability and expertise. Focus on the Ria Formosa Park and in the Castro Marim Nature Reserve.","og_url":"https:\/\/legendatours.com\/fr\/produit\/walking-in-the-wonderful-west-algarve-5300sc\/","og_site_name":"Legendary Adventure DMC Portugal","article_publisher":"https:\/\/www.facebook.com\/legendaryadventuredmc\/","article_modified_time":"2022-01-02T22:36:33+00:00","og_image":[{"width":1024,"height":728,"url":"https:\/\/legendatours.com\/wp-content\/uploads\/sites\/12\/2021\/04\/Walk_west_algarve-e1611687545330.jpg","type":"image\/jpeg"}],"twitter_card":"summary_large_image","twitter_misc":{"Dur\u00e9e de lecture estim\u00e9e":"2 minutes"},"schema":{"@context":"https:\/\/schema.org","@graph":[{"@type":"WebPage","@id":"https:\/\/legendatours.com\/product\/walking-in-the-wonderful-west-algarve-5300sc\/","url":"https:\/\/legendatours.com\/product\/walking-in-the-wonderful-west-algarve-5300sc\/","name":"Randonn\u00e9es en voiture \u00e0 Lagos, dans l&#039;ouest de l&#039;Algarve - Legendary Adventure DMC Portugal","isPartOf":{"@id":"https:\/\/legendatours.com\/#website"},"primaryImageOfPage":{"@id":"https:\/\/legendatours.com\/product\/walking-in-the-wonderful-west-algarve-5300sc\/#primaryimage"},"image":{"@id":"https:\/\/legendatours.com\/product\/walking-in-the-wonderful-west-algarve-5300sc\/#primaryimage"},"thumbnailUrl":"https:\/\/legendatours.com\/wp-content\/uploads\/sites\/12\/2021\/04\/Walk_west_algarve-e1611687545330.jpg","datePublished":"2020-05-27T10:27:50+00:00","dateModified":"2022-01-02T22:36:33+00:00","description":"Une excursion d&#039;observation des oiseaux agr\u00e9able, quel que soit votre niveau de capacit\u00e9 et d&#039;expertise en mati\u00e8re d&#039;observation des oiseaux. Focus sur le parc Ria Formosa et dans la r\u00e9serve naturelle de Castro Marim.","breadcrumb":{"@id":"https:\/\/legendatours.com\/product\/walking-in-the-wonderful-west-algarve-5300sc\/#breadcrumb"},"inLanguage":"fr-FR","potentialAction":[{"@type":"ReadAction","target":["https:\/\/legendatours.com\/product\/walking-in-the-wonderful-west-algarve-5300sc\/"]}]},{"@type":"ImageObject","inLanguage":"fr-FR","@id":"https:\/\/legendatours.com\/product\/walking-in-the-wonderful-west-algarve-5300sc\/#primaryimage","url":"https:\/\/legendatours.com\/wp-content\/uploads\/sites\/12\/2021\/04\/Walk_west_algarve-e1611687545330.jpg","contentUrl":"https:\/\/legendatours.com\/wp-content\/uploads\/sites\/12\/2021\/04\/Walk_west_algarve-e1611687545330.jpg","width":1024,"height":728,"caption":"Walk West Algarve"},{"@type":"BreadcrumbList","@id":"https:\/\/legendatours.com\/product\/walking-in-the-wonderful-west-algarve-5300sc\/#breadcrumb","itemListElement":[{"@type":"ListItem","position":1,"name":"Home","item":"https:\/\/legendatours.com\/"},{"@type":"ListItem","position":2,"name":"Shop","item":"https:\/\/legendatours.com\/sv\/?page_id=4"},{"@type":"ListItem","position":3,"name":"Birdwatching and Wildlife Tour in the Ria Formosa is a Self-Guided Tour with Car designed by keen local birders. Rightly famed for its golden beaches, golf courses, and wonderful year-round climate, the Algarve is also a secret destination for great birding. At almost any time of the year, there is something of interest to see!"}]},{"@type":"WebSite","@id":"https:\/\/legendatours.com\/#website","url":"https:\/\/legendatours.com\/","name":"Aventure l\u00e9gendaire DMC Portugal","description":"Randonn\u00e9es responsables et vacances nature au Portugal","publisher":{"@id":"https:\/\/legendatours.com\/#organization"},"alternateName":"Legendary Adventure Portugal","potentialAction":[{"@type":"SearchAction","target":{"@type":"EntryPoint","urlTemplate":"https:\/\/legendatours.com\/?s={search_term_string}"},"query-input":{"@type":"PropertyValueSpecification","valueRequired":true,"valueName":"search_term_string"}}],"inLanguage":"fr-FR"},{"@type":"Organization","@id":"https:\/\/legendatours.com\/#organization","name":"legendatours.com","url":"https:\/\/legendatours.com\/","logo":{"@type":"ImageObject","inLanguage":"fr-FR","@id":"https:\/\/legendatours.com\/#\/schema\/logo\/image\/","url":"https:\/\/legendatours.com\/wp-content\/uploads\/sites\/12\/2021\/06\/legendary_adventure_dmc.png","contentUrl":"https:\/\/legendatours.com\/wp-content\/uploads\/sites\/12\/2021\/06\/legendary_adventure_dmc.png","width":250,"height":74,"caption":"legendatours.com"},"image":{"@id":"https:\/\/legendatours.com\/#\/schema\/logo\/image\/"},"sameAs":["https:\/\/www.facebook.com\/legendaryadventuredmc\/","https:\/\/www.linkedin.com\/company\/legendary-adventure-dmc-portugal","https:\/\/www.youtube.com\/channel\/UCOIRDx_KM6ynIcacQkZjb6g"]}]}},"_links":{"self":[{"href":"https:\/\/legendatours.com\/fr\/wp-json\/wp\/v2\/product\/8221","targetHints":{"allow":["GET"]}}],"collection":[{"href":"https:\/\/legendatours.com\/fr\/wp-json\/wp\/v2\/product"}],"about":[{"href":"https:\/\/legendatours.com\/fr\/wp-json\/wp\/v2\/types\/product"}],"replies":[{"embeddable":true,"href":"https:\/\/legendatours.com\/fr\/wp-json\/wp\/v2\/comments?post=8221"}],"wp:featuredmedia":[{"embeddable":true,"href":"https:\/\/legendatours.com\/fr\/wp-json\/wp\/v2\/media\/8213"}],"wp:attachment":[{"href":"https:\/\/legendatours.com\/fr\/wp-json\/wp\/v2\/media?parent=8221"}],"wp:term":[{"taxonomy":"product_brand","embeddable":true,"href":"https:\/\/legendatours.com\/fr\/wp-json\/wp\/v2\/product_brand?post=8221"},{"taxonomy":"product_cat","embeddable":true,"href":"https:\/\/legendatours.com\/fr\/wp-json\/wp\/v2\/product_cat?post=8221"},{"taxonomy":"product_tag","embeddable":true,"href":"https:\/\/legendatours.com\/fr\/wp-json\/wp\/v2\/product_tag?post=8221"}],"curies":[{"name":"wp","href":"https:\/\/api.w.org\/{rel}","templated":true}]}}