{"id":8233,"date":"2020-05-27T09:08:32","date_gmt":"2020-05-27T09:08:32","guid":{"rendered":"https:\/\/legendatours.com\/product\/self-drive-holidays-walking-the-tranquil-guadiana-grand-route\/"},"modified":"2025-10-07T11:43:40","modified_gmt":"2025-10-07T11:43:40","slug":"the-tranquil-guadiana-grand-route-5900sc","status":"publish","type":"product","link":"https:\/\/legendatours.com\/fr\/produit\/the-tranquil-guadiana-grand-route-5900sc\/","title":{"rendered":"Vacances en voiture \u00e0 pied sur la grande route tranquille de Guadiana"},"content":{"rendered":"<p>Une visite \u00e0 pied en auto-conduite sur la grande route du Guadiana (GR15), o\u00f9 vous d\u00e9couvrirez des paysages silencieux et impressionnants dans une r\u00e9gion peu peupl\u00e9e. Profitez de promenades nature ind\u00e9pendantes et d\u00e9couvrez les traces de ceux qui ont v\u00e9cu ici pendant des si\u00e8cles.<\/p>\n<p>Les villages historiques de M\u00e9rtola et Alcoutim seront notre base, alors que nous suivons le fleuve Guadiana qui serpente \u00e0 travers les collines et les plaines.<\/p>\n<p>La visite commence \u00e0 M\u00e9rtola, d&#039;o\u00f9 le fleuve Guadiana n&#039;est plus navigable. Ce charmant village, perch\u00e9 sur une colline au-dessus du fleuve Guadiana, dans l&#039;Alentejo, \u00e9tait autrefois la capitale du puissant empire mauresque. Aujourd&#039;hui, M\u00e9rtola est un &quot;village mus\u00e9e&quot;, o\u00f9 des couches d&#039;histoire peuvent \u00eatre d\u00e9voil\u00e9es.<\/p>\n<div id=\"attachment_2162\" style=\"width: 1034px\" class=\"wp-caption alignnone\"><img loading=\"lazy\" decoding=\"async\" aria-describedby=\"caption-attachment-2162\" class=\"wp-image-2162 size-large\" src=\"https:\/\/legendatours.net\/wp-content\/uploads\/2020\/05\/Guadiana_Vallley_Natural_Park-1024x604.jpg\" alt=\"Guadiana Vallley Natural Park\" width=\"1024\" height=\"604\" \/><p id=\"caption-attachment-2162\" class=\"wp-caption-text\">Parc naturel de la vall\u00e9e du Guadiana. Le paysage est d&#039;une grandeur \u00e0 couper le souffle, ses horizons semblant toujours infinis et, au printemps, l&#039;abondance de fleurs sauvages color\u00e9es \u00e9blouit les yeux.<\/p><\/div>\n<p>Vous explorerez les rues \u00e9troites du village, longerez les collines pour contempler les plaines vallonn\u00e9es, les \u00e9l\u00e9vations de quartzite et les vall\u00e9es. Au bord de la rivi\u00e8re, vous trouverez une plage, un soulagement bienvenu lors des journ\u00e9es les plus chaudes.<\/p>\n<p>La visite comprend un voyage \u00e0 la mine abandonn\u00e9e de S\u00e3o Domingos. Myst\u00e9rieux et \u00e9nigmatique, le lieu est aujourd&#039;hui laiss\u00e9 \u00e0 la curiosit\u00e9 des voyageurs solitaires et des cigognes.<\/p>\n<p>En suivant la rivi\u00e8re vers le sud, vous atteignez l&#039;autre base de notre circuit, Alcoutim, \u00e0 l&#039;int\u00e9rieur de l&#039;est de l&#039;Algarve. Bien que plus petit que M\u00e9rtola, ce village pittoresque \u00e9tait \u00e0 l&#039;\u00e9poque un important port ph\u00e9nicien.<\/p>\n<p>De l&#039;autre c\u00f4t\u00e9 de la marge, nous pouvons voir le village espagnol voisin de San Lucar, avec qui Alcoutim partage une longue histoire de commerce et de contrebande. Ces souvenirs sont honor\u00e9s par la statue du contrebandier, que l&#039;on peut voir au quai d&#039;Alcoutim.<\/p>\n<div id=\"attachment_2165\" style=\"width: 1034px\" class=\"wp-caption alignnone\"><img loading=\"lazy\" decoding=\"async\" aria-describedby=\"caption-attachment-2165\" class=\"wp-image-2165 size-large\" src=\"https:\/\/legendatours.net\/wp-content\/uploads\/2020\/05\/Mertola_Guadiana-1024x768.jpg\" alt=\"Mertola, Museum Village\" width=\"1024\" height=\"768\" \/><p id=\"caption-attachment-2165\" class=\"wp-caption-text\">Mertola, Village Mus\u00e9e. Ce charmant village, perch\u00e9 sur une colline au-dessus du fleuve Guadiana, en Alentejo.<\/p><\/div>\n<p>Le parc naturel de la vall\u00e9e du Guadiana est un \u00e9cosyst\u00e8me riche. Habitat pour de nombreux oiseaux de proie et diverses esp\u00e8ces de passereaux, il est abondant dans les bois de ch\u00eanes-li\u00e8ges, quelques bois de ch\u00eanes, de vastes zones de cistes et des plantations pluviales. La rivi\u00e8re abrite \u00e9galement plus d&#039;une vingtaine d&#039;esp\u00e8ces de poissons d&#039;eau douce.<\/p>\n<p>Au fil des journ\u00e9es, vous d\u00e9couvrirez d&#039;int\u00e9ressants paysages humains avec de petites terres agricoles et des moulins \u00e0 vent, en harmonie avec le milieu naturel. La faune ici est exub\u00e9rante, mais il y a un sentiment de calme dans cette partie pr\u00e9serv\u00e9e du territoire, riche en patrimoine, en histoire et en merveilles naturelles brutes.<\/p>\n<p>Pour profiter au maximum de vos vacances \u00e0 pied en voiture sur la charmante Grand Route de Guadiana, essayez la d\u00e9licieuse cuisine locale, bas\u00e9e sur des ingr\u00e9dients simples et humbles.<\/p>\n<div id=\"attachment_1882\" style=\"width: 1034px\" class=\"wp-caption alignnone\"><img loading=\"lazy\" decoding=\"async\" aria-describedby=\"caption-attachment-1882\" class=\"wp-image-1882 size-full\" src=\"https:\/\/legendatours.net\/wp-content\/uploads\/2020\/03\/Guadiana_River-1-e1611677940729.jpg\" alt=\"The Guadiana River separates Portugal from Spain\" width=\"1024\" height=\"666\" \/><p id=\"caption-attachment-1882\" class=\"wp-caption-text\">Le fleuve Guadiana s\u00e9pare le Portugal de l&#039;Espagne<\/p><\/div>\n<p>Pain cuit au four \u00e0 bois, huile d&#039;olive fine, herbes aromatiques et d\u00e9lices de la rivi\u00e8re et de la terre, comme les asperges sauvages, les champignons et les &quot;t\u00faberas&quot; (truffes).<\/p>\n<p>Les vins sont \u00e9galement superbes. Les pentes du fleuve Guadiana ont \u00e9t\u00e9 pendant des si\u00e8cles un terroir d&#039;excellence pour la production de vin local.<\/p>\n<p>Pour toutes ces raisons, c&#039;est un circuit \u00e0 ne pas manquer pour les amateurs de balades nature ind\u00e9pendantes et d&#039;authenticit\u00e9 !<\/p>\n<div class=\"row\">\n<div class=\"column\" style=\"flex: 45%\">\n<p><iframe loading=\"lazy\" title=\"Parque Natural do Vale do Guadiana - O Patrim\u00f3nio Cultural\" width=\"1080\" height=\"608\" src=\"https:\/\/www.youtube.com\/embed\/WZ7jxnZHGOc?feature=oembed\" frameborder=\"0\" allow=\"accelerometer; autoplay; clipboard-write; encrypted-media; gyroscope; picture-in-picture\" allowfullscreen><\/iframe><\/p>\n<\/div>\n<div class=\"column\" style=\"flex: 10%\"><\/div>\n<div class=\"column\" style=\"flex: 45%\"><\/div>\n<\/div>","protected":false},"excerpt":{"rendered":"<p>Une visite \u00e0 pied en auto-conduite sur la grande route du Guadiana (GR15), o\u00f9 vous d\u00e9couvrirez des paysages silencieux et impressionnants dans une r\u00e9gion peu peupl\u00e9e. Profitez de promenades nature ind\u00e9pendantes et d\u00e9couvrez les traces de ceux qui ont v\u00e9cu ici pendant des si\u00e8cles.<\/p>\n<p>Les villages historiques de M\u00e9rtola et Alcoutim seront notre base, alors que nous suivons le fleuve Guadiana qui serpente \u00e0 travers les collines et les plaines.<\/p>","protected":false},"featured_media":8131,"comment_status":"closed","ping_status":"closed","template":"","meta":{"_acf_changed":false,"inline_featured_image":false},"product_brand":[],"product_cat":[327,301,856],"product_tag":[547,147,306,866,433,867,870,153,214,337,779,552,553,554,156,535,218,160,871,758,313,759,760,761,762,868,271,556,594,869,745,449,162,558,860,861,872,747,873,60,749,819,764,765,766,767,768,874,875,561,319,328,777,781,228,322,770,324,68,864,771,684,685,806,177,325,772,326,122,421,757,145],"class_list":{"0":"post-8233","1":"product","2":"type-product","3":"status-publish","4":"has-post-thumbnail","6":"product_cat-self-drive-holidays-portugal","7":"product_cat-self-guided-tours-portugal","8":"product_cat-self-guided-walking-holidays","9":"product_tag-alcoutim","10":"product_tag-algarve","11":"product_tag-alleine-reisen","12":"product_tag-almond-tree","13":"product_tag-birdwatching","14":"product_tag-carobs","15":"product_tag-circular-walks","16":"product_tag-countryside","17":"product_tag-culture","18":"product_tag-delicious-food","19":"product_tag-fly-drive","20":"product_tag-guadiana","21":"product_tag-guadiana-grand-route","22":"product_tag-guadiana-river","23":"product_tag-hiking","24":"product_tag-historic-centre","25":"product_tag-history","26":"product_tag-holidays","27":"product_tag-hotel-museu","28":"product_tag-individual-hiking","29":"product_tag-individuelle-touren","30":"product_tag-individuelle-trekkingreisen","31":"product_tag-individuelle-wandern","32":"product_tag-individuelle-wanderreisen","33":"product_tag-individuelle-wandertouren","34":"product_tag-inland-algarve","35":"product_tag-lush-green-hills","36":"product_tag-mertola","37":"product_tag-mina-de-sao-domingos","38":"product_tag-mining","39":"product_tag-nature-hikes","40":"product_tag-nature-observation","41":"product_tag-nature-walks","42":"product_tag-olives","43":"product_tag-oranges","44":"product_tag-orchards","45":"product_tag-ore","46":"product_tag-paths","47":"product_tag-pituresque-landscapes","48":"product_tag-portugal","49":"product_tag-protected-area","50":"product_tag-quartzite-elevations","51":"product_tag-rando-autoguidee","52":"product_tag-rando-liberte","53":"product_tag-randonnee-autoguidee","54":"product_tag-randonnee-en-liberte","55":"product_tag-randonnee-liberte","56":"product_tag-rent-a-car","57":"product_tag-river-beach","58":"product_tag-river-guadiana","59":"product_tag-sejour-en-liberte","60":"product_tag-self-guided","61":"product_tag-self-guided-holidays","62":"product_tag-self-guided-tours","63":"product_tag-sightseeing","64":"product_tag-solo-reisen","65":"product_tag-solo-wandern","66":"product_tag-tours-autoguidees","67":"product_tag-tours-in-portugal","68":"product_tag-trails","69":"product_tag-trek-en-liberte","70":"product_tag-trek-solo","71":"product_tag-trekking-solo","72":"product_tag-undulating-plains","73":"product_tag-vacations","74":"product_tag-voyage-en-liberte","75":"product_tag-voyages-a-pied-en-liberte","76":"product_tag-voyages-en-autonomie","77":"product_tag-walking-tours","78":"product_tag-walking-trails","79":"product_tag-walks","80":"product_tag-wines","82":"first","83":"instock","84":"virtual","85":"product-type-simple"},"acf":[],"yoast_head":"<!-- This site is optimized with the Yoast SEO Premium plugin v26.8 (Yoast SEO v27.5) - https:\/\/yoast.com\/product\/yoast-seo-premium-wordpress\/ -->\n<title>Self-Drive Holidays Walking The Tranquil Guadiana Grand Route - Legendary Adventure DMC Portugal<\/title>\n<meta name=\"description\" content=\"An enjoyable Birdwatching Tour, no matter your level of birding ability and expertise. Focus on the Ria Formosa Park and in the Castro Marim Nature Reserve.\" \/>\n<meta name=\"robots\" content=\"index, follow, max-snippet:-1, max-image-preview:large, max-video-preview:-1\" \/>\n<link rel=\"canonical\" href=\"https:\/\/legendatours.com\/fr\/produit\/the-tranquil-guadiana-grand-route-5900sc\/\" \/>\n<meta property=\"og:locale\" content=\"fr_FR\" \/>\n<meta property=\"og:type\" content=\"article\" \/>\n<meta property=\"og:title\" content=\"Self-Drive Holidays Walking The Tranquil Guadiana Grand Route\" \/>\n<meta property=\"og:description\" content=\"An enjoyable Birdwatching Tour, no matter your level of birding ability and expertise. Focus on the Ria Formosa Park and in the Castro Marim Nature Reserve.\" \/>\n<meta property=\"og:url\" content=\"https:\/\/legendatours.com\/fr\/produit\/the-tranquil-guadiana-grand-route-5900sc\/\" \/>\n<meta property=\"og:site_name\" content=\"Legendary Adventure DMC Portugal\" \/>\n<meta property=\"article:publisher\" content=\"https:\/\/www.facebook.com\/legendaryadventuredmc\/\" \/>\n<meta property=\"article:modified_time\" content=\"2025-10-07T11:43:40+00:00\" \/>\n<meta property=\"og:image\" content=\"https:\/\/legendatours.com\/wp-content\/uploads\/sites\/12\/2021\/04\/Guadiana_Alcoutim.jpg\" \/>\n\t<meta property=\"og:image:width\" content=\"1195\" \/>\n\t<meta property=\"og:image:height\" content=\"800\" \/>\n\t<meta property=\"og:image:type\" content=\"image\/jpeg\" \/>\n<meta name=\"twitter:card\" content=\"summary_large_image\" \/>\n<meta name=\"twitter:label1\" content=\"Dur\u00e9e de lecture estim\u00e9e\" \/>\n\t<meta name=\"twitter:data1\" content=\"3 minutes\" \/>\n<script type=\"application\/ld+json\" class=\"yoast-schema-graph\">{\"@context\":\"https:\\\/\\\/schema.org\",\"@graph\":[{\"@type\":\"WebPage\",\"@id\":\"https:\\\/\\\/legendatours.com\\\/product\\\/the-tranquil-guadiana-grand-route-5900sc\\\/\",\"url\":\"https:\\\/\\\/legendatours.com\\\/product\\\/the-tranquil-guadiana-grand-route-5900sc\\\/\",\"name\":\"Self-Drive Holidays Walking The Tranquil Guadiana Grand Route - Legendary Adventure DMC Portugal\",\"isPartOf\":{\"@id\":\"https:\\\/\\\/legendatours.com\\\/#website\"},\"primaryImageOfPage\":{\"@id\":\"https:\\\/\\\/legendatours.com\\\/product\\\/the-tranquil-guadiana-grand-route-5900sc\\\/#primaryimage\"},\"image\":{\"@id\":\"https:\\\/\\\/legendatours.com\\\/product\\\/the-tranquil-guadiana-grand-route-5900sc\\\/#primaryimage\"},\"thumbnailUrl\":\"https:\\\/\\\/legendatours.com\\\/wp-content\\\/uploads\\\/sites\\\/12\\\/2021\\\/04\\\/Guadiana_Alcoutim.jpg\",\"datePublished\":\"2020-05-27T09:08:32+00:00\",\"dateModified\":\"2025-10-07T11:43:40+00:00\",\"description\":\"An enjoyable Birdwatching Tour, no matter your level of birding ability and expertise. Focus on the Ria Formosa Park and in the Castro Marim Nature Reserve.\",\"breadcrumb\":{\"@id\":\"https:\\\/\\\/legendatours.com\\\/product\\\/the-tranquil-guadiana-grand-route-5900sc\\\/#breadcrumb\"},\"inLanguage\":\"fr-FR\",\"potentialAction\":[{\"@type\":\"ReadAction\",\"target\":[\"https:\\\/\\\/legendatours.com\\\/product\\\/the-tranquil-guadiana-grand-route-5900sc\\\/\"]}]},{\"@type\":\"ImageObject\",\"inLanguage\":\"fr-FR\",\"@id\":\"https:\\\/\\\/legendatours.com\\\/product\\\/the-tranquil-guadiana-grand-route-5900sc\\\/#primaryimage\",\"url\":\"https:\\\/\\\/legendatours.com\\\/wp-content\\\/uploads\\\/sites\\\/12\\\/2021\\\/04\\\/Guadiana_Alcoutim.jpg\",\"contentUrl\":\"https:\\\/\\\/legendatours.com\\\/wp-content\\\/uploads\\\/sites\\\/12\\\/2021\\\/04\\\/Guadiana_Alcoutim.jpg\",\"width\":1195,\"height\":800,\"caption\":\"Walking in the Guadiana Alcoutim\"},{\"@type\":\"BreadcrumbList\",\"@id\":\"https:\\\/\\\/legendatours.com\\\/product\\\/the-tranquil-guadiana-grand-route-5900sc\\\/#breadcrumb\",\"itemListElement\":[{\"@type\":\"ListItem\",\"position\":1,\"name\":\"Home\",\"item\":\"https:\\\/\\\/legendatours.com\\\/\"},{\"@type\":\"ListItem\",\"position\":2,\"name\":\"Shop\",\"item\":\"https:\\\/\\\/legendatours.com\\\/sv\\\/?page_id=4\"},{\"@type\":\"ListItem\",\"position\":3,\"name\":\"Birdwatching and Wildlife Tour in the Ria Formosa is a Self-Guided Tour with Car designed by keen local birders. Rightly famed for its golden beaches, golf courses, and wonderful year-round climate, the Algarve is also a secret destination for great birding. At almost any time of the year, there is something of interest to see!\"}]},{\"@type\":\"WebSite\",\"@id\":\"https:\\\/\\\/legendatours.com\\\/#website\",\"url\":\"https:\\\/\\\/legendatours.com\\\/\",\"name\":\"Legendary Adventure DMC Portugal\",\"description\":\"Responsible Walking &amp; Nature Holidays in Portugal\",\"publisher\":{\"@id\":\"https:\\\/\\\/legendatours.com\\\/#organization\"},\"alternateName\":\"Legendary Adventure Portugal\",\"potentialAction\":[{\"@type\":\"SearchAction\",\"target\":{\"@type\":\"EntryPoint\",\"urlTemplate\":\"https:\\\/\\\/legendatours.com\\\/?s={search_term_string}\"},\"query-input\":{\"@type\":\"PropertyValueSpecification\",\"valueRequired\":true,\"valueName\":\"search_term_string\"}}],\"inLanguage\":\"fr-FR\"},{\"@type\":\"Organization\",\"@id\":\"https:\\\/\\\/legendatours.com\\\/#organization\",\"name\":\"legendatours.com\",\"url\":\"https:\\\/\\\/legendatours.com\\\/\",\"logo\":{\"@type\":\"ImageObject\",\"inLanguage\":\"fr-FR\",\"@id\":\"https:\\\/\\\/legendatours.com\\\/#\\\/schema\\\/logo\\\/image\\\/\",\"url\":\"https:\\\/\\\/legendatours.com\\\/wp-content\\\/uploads\\\/sites\\\/12\\\/2021\\\/06\\\/legendary_adventure_dmc.png\",\"contentUrl\":\"https:\\\/\\\/legendatours.com\\\/wp-content\\\/uploads\\\/sites\\\/12\\\/2021\\\/06\\\/legendary_adventure_dmc.png\",\"width\":250,\"height\":74,\"caption\":\"legendatours.com\"},\"image\":{\"@id\":\"https:\\\/\\\/legendatours.com\\\/#\\\/schema\\\/logo\\\/image\\\/\"},\"sameAs\":[\"https:\\\/\\\/www.facebook.com\\\/legendaryadventuredmc\\\/\",\"https:\\\/\\\/www.linkedin.com\\\/company\\\/legendary-adventure-dmc-portugal\",\"https:\\\/\\\/www.youtube.com\\\/channel\\\/UCOIRDx_KM6ynIcacQkZjb6g\"]}]}<\/script>\n<!-- \/ Yoast SEO Premium plugin. -->","yoast_head_json":{"title":"Vacances en voiture sur la grande route tranquille du Guadiana - Aventure l\u00e9gendaire DMC Portugal","description":"Une excursion d&#039;observation des oiseaux agr\u00e9able, quel que soit votre niveau de capacit\u00e9 et d&#039;expertise en mati\u00e8re d&#039;observation des oiseaux. Focus sur le parc Ria Formosa et dans la r\u00e9serve naturelle de Castro Marim.","robots":{"index":"index","follow":"follow","max-snippet":"max-snippet:-1","max-image-preview":"max-image-preview:large","max-video-preview":"max-video-preview:-1"},"canonical":"https:\/\/legendatours.com\/fr\/produit\/the-tranquil-guadiana-grand-route-5900sc\/","og_locale":"fr_FR","og_type":"article","og_title":"Self-Drive Holidays Walking The Tranquil Guadiana Grand Route","og_description":"An enjoyable Birdwatching Tour, no matter your level of birding ability and expertise. Focus on the Ria Formosa Park and in the Castro Marim Nature Reserve.","og_url":"https:\/\/legendatours.com\/fr\/produit\/the-tranquil-guadiana-grand-route-5900sc\/","og_site_name":"Legendary Adventure DMC Portugal","article_publisher":"https:\/\/www.facebook.com\/legendaryadventuredmc\/","article_modified_time":"2025-10-07T11:43:40+00:00","og_image":[{"width":1195,"height":800,"url":"https:\/\/legendatours.com\/wp-content\/uploads\/sites\/12\/2021\/04\/Guadiana_Alcoutim.jpg","type":"image\/jpeg"}],"twitter_card":"summary_large_image","twitter_misc":{"Dur\u00e9e de lecture estim\u00e9e":"3 minutes"},"schema":{"@context":"https:\/\/schema.org","@graph":[{"@type":"WebPage","@id":"https:\/\/legendatours.com\/product\/the-tranquil-guadiana-grand-route-5900sc\/","url":"https:\/\/legendatours.com\/product\/the-tranquil-guadiana-grand-route-5900sc\/","name":"Vacances en voiture sur la grande route tranquille du Guadiana - Aventure l\u00e9gendaire DMC Portugal","isPartOf":{"@id":"https:\/\/legendatours.com\/#website"},"primaryImageOfPage":{"@id":"https:\/\/legendatours.com\/product\/the-tranquil-guadiana-grand-route-5900sc\/#primaryimage"},"image":{"@id":"https:\/\/legendatours.com\/product\/the-tranquil-guadiana-grand-route-5900sc\/#primaryimage"},"thumbnailUrl":"https:\/\/legendatours.com\/wp-content\/uploads\/sites\/12\/2021\/04\/Guadiana_Alcoutim.jpg","datePublished":"2020-05-27T09:08:32+00:00","dateModified":"2025-10-07T11:43:40+00:00","description":"Une excursion d&#039;observation des oiseaux agr\u00e9able, quel que soit votre niveau de capacit\u00e9 et d&#039;expertise en mati\u00e8re d&#039;observation des oiseaux. Focus sur le parc Ria Formosa et dans la r\u00e9serve naturelle de Castro Marim.","breadcrumb":{"@id":"https:\/\/legendatours.com\/product\/the-tranquil-guadiana-grand-route-5900sc\/#breadcrumb"},"inLanguage":"fr-FR","potentialAction":[{"@type":"ReadAction","target":["https:\/\/legendatours.com\/product\/the-tranquil-guadiana-grand-route-5900sc\/"]}]},{"@type":"ImageObject","inLanguage":"fr-FR","@id":"https:\/\/legendatours.com\/product\/the-tranquil-guadiana-grand-route-5900sc\/#primaryimage","url":"https:\/\/legendatours.com\/wp-content\/uploads\/sites\/12\/2021\/04\/Guadiana_Alcoutim.jpg","contentUrl":"https:\/\/legendatours.com\/wp-content\/uploads\/sites\/12\/2021\/04\/Guadiana_Alcoutim.jpg","width":1195,"height":800,"caption":"Walking in the Guadiana Alcoutim"},{"@type":"BreadcrumbList","@id":"https:\/\/legendatours.com\/product\/the-tranquil-guadiana-grand-route-5900sc\/#breadcrumb","itemListElement":[{"@type":"ListItem","position":1,"name":"Home","item":"https:\/\/legendatours.com\/"},{"@type":"ListItem","position":2,"name":"Shop","item":"https:\/\/legendatours.com\/sv\/?page_id=4"},{"@type":"ListItem","position":3,"name":"Birdwatching and Wildlife Tour in the Ria Formosa is a Self-Guided Tour with Car designed by keen local birders. Rightly famed for its golden beaches, golf courses, and wonderful year-round climate, the Algarve is also a secret destination for great birding. At almost any time of the year, there is something of interest to see!"}]},{"@type":"WebSite","@id":"https:\/\/legendatours.com\/#website","url":"https:\/\/legendatours.com\/","name":"Aventure l\u00e9gendaire DMC Portugal","description":"Randonn\u00e9es responsables et vacances nature au Portugal","publisher":{"@id":"https:\/\/legendatours.com\/#organization"},"alternateName":"Legendary Adventure Portugal","potentialAction":[{"@type":"SearchAction","target":{"@type":"EntryPoint","urlTemplate":"https:\/\/legendatours.com\/?s={search_term_string}"},"query-input":{"@type":"PropertyValueSpecification","valueRequired":true,"valueName":"search_term_string"}}],"inLanguage":"fr-FR"},{"@type":"Organization","@id":"https:\/\/legendatours.com\/#organization","name":"legendatours.com","url":"https:\/\/legendatours.com\/","logo":{"@type":"ImageObject","inLanguage":"fr-FR","@id":"https:\/\/legendatours.com\/#\/schema\/logo\/image\/","url":"https:\/\/legendatours.com\/wp-content\/uploads\/sites\/12\/2021\/06\/legendary_adventure_dmc.png","contentUrl":"https:\/\/legendatours.com\/wp-content\/uploads\/sites\/12\/2021\/06\/legendary_adventure_dmc.png","width":250,"height":74,"caption":"legendatours.com"},"image":{"@id":"https:\/\/legendatours.com\/#\/schema\/logo\/image\/"},"sameAs":["https:\/\/www.facebook.com\/legendaryadventuredmc\/","https:\/\/www.linkedin.com\/company\/legendary-adventure-dmc-portugal","https:\/\/www.youtube.com\/channel\/UCOIRDx_KM6ynIcacQkZjb6g"]}]}},"_links":{"self":[{"href":"https:\/\/legendatours.com\/fr\/wp-json\/wp\/v2\/product\/8233","targetHints":{"allow":["GET"]}}],"collection":[{"href":"https:\/\/legendatours.com\/fr\/wp-json\/wp\/v2\/product"}],"about":[{"href":"https:\/\/legendatours.com\/fr\/wp-json\/wp\/v2\/types\/product"}],"replies":[{"embeddable":true,"href":"https:\/\/legendatours.com\/fr\/wp-json\/wp\/v2\/comments?post=8233"}],"wp:featuredmedia":[{"embeddable":true,"href":"https:\/\/legendatours.com\/fr\/wp-json\/wp\/v2\/media\/8131"}],"wp:attachment":[{"href":"https:\/\/legendatours.com\/fr\/wp-json\/wp\/v2\/media?parent=8233"}],"wp:term":[{"taxonomy":"product_brand","embeddable":true,"href":"https:\/\/legendatours.com\/fr\/wp-json\/wp\/v2\/product_brand?post=8233"},{"taxonomy":"product_cat","embeddable":true,"href":"https:\/\/legendatours.com\/fr\/wp-json\/wp\/v2\/product_cat?post=8233"},{"taxonomy":"product_tag","embeddable":true,"href":"https:\/\/legendatours.com\/fr\/wp-json\/wp\/v2\/product_tag?post=8233"}],"curies":[{"name":"wp","href":"https:\/\/api.w.org\/{rel}","templated":true}]}}