{"id":8264,"date":"2020-03-24T16:59:01","date_gmt":"2020-03-24T16:59:01","guid":{"rendered":"https:\/\/legendatours.com\/product\/monte-gordo-independent-cycle-holidays-in-the-east-algarve-south-of-spain\/"},"modified":"2025-03-03T16:20:10","modified_gmt":"2025-03-03T16:20:10","slug":"cycling-in-the-east-algarve-2100s","status":"publish","type":"product","link":"https:\/\/legendatours.com\/fr\/produit\/cycling-in-the-east-algarve-2100s\/","title":{"rendered":"Monte Gordo: Vacances \u00e0 v\u00e9lo ind\u00e9pendantes dans l&#039;est de l&#039;Algarve et le sud de l&#039;Espagne"},"content":{"rendered":"<p>Ces vacances \u00e0 v\u00e9lo sont comme un banquet pour vos sens alors que vous d\u00e9couvrez les paysages \u00e0 couper le souffle de l&#039;est de l&#039;Algarve.<\/p>\n<p>\u00c0 l&#039;int\u00e9rieur des terres, il est possible de parcourir des kilom\u00e8tres \u00e0 travers des vall\u00e9es enchant\u00e9es, d&#039;entendre le chant des oiseaux, de voir peu de monde et de trouver la paix.<\/p>\n<p>La bande c\u00f4ti\u00e8re est l&#039;endroit o\u00f9 l&#039;oc\u00e9an est apprivois\u00e9 par les \u00eeles de sable, les marais salants et les lagunes azur du parc naturel de Ria Formosa, o\u00f9 abondent les flamants roses et les oiseaux aquatiques.<\/p>\n<div id=\"attachment_2493\" style=\"width: 1034px\" class=\"wp-caption alignnone\"><img loading=\"lazy\" decoding=\"async\" aria-describedby=\"caption-attachment-2493\" class=\"wp-image-2493 size-large\" src=\"https:\/\/legendatours.net\/wp-content\/uploads\/2020\/03\/monte_gordo_cycle-path-1024x502.jpg\" alt=\"Cycle path - Monte Gordo\" width=\"1024\" height=\"502\" \/><p id=\"caption-attachment-2493\" class=\"wp-caption-text\">Piste cyclable \u2013 Monte Gordo<\/p><\/div>\n<p>Une semaine de plaisir et d&#039;aventure, avec \u00e0 la fois des pistes cyclables rev\u00eatues et des ruelles tranquilles. Il y a un m\u00e9lange de terrain plat et l\u00e9g\u00e8rement vallonn\u00e9 adapt\u00e9 \u00e0 tout le monde.<\/p>\n<p>Vous serez bas\u00e9 \u00e0 Monte Gordo, une station baln\u00e9aire populaire situ\u00e9e sur l&#039;une des plus belles plages du Portugal, s&#039;\u00e9tendant sur des kilom\u00e8tres dans les deux sens avec du sable fin et des eaux cristallines. La ville poss\u00e8de d&#039;excellentes installations touristiques, notamment d&#039;excellents bars et caf\u00e9s et de nombreux restaurants vari\u00e9s.<\/p>\n<p>Notre programme comprend 6 magnifiques balades \u00e0 travers le parc naturel de Ria Formosa, la r\u00e9serve naturelle de Castro Marim, \u00e0 travers les Marismas d&#039;Isla Cristina et dans l&#039;int\u00e9rieur luxuriant de l&#039;Algarve.<\/p>\n<div class=\"row\">\n<div class=\"column\" style=\"flex: 45%\"><\/div>\n<div class=\"column\" style=\"flex: 10%\"><\/div>\n<div class=\"column\" style=\"flex: 45%\"><\/div>\n<\/div>","protected":false},"excerpt":{"rendered":"<p>Ces vacances \u00e0 v\u00e9lo sont comme un banquet pour vos sens alors que vous d\u00e9couvrez les paysages \u00e0 couper le souffle de l&#039;est de l&#039;Algarve.<\/p>\n<p>\u00c0 l&#039;int\u00e9rieur des terres, il est possible de parcourir des kilom\u00e8tres \u00e0 travers des vall\u00e9es enchant\u00e9es, d&#039;entendre le chant des oiseaux, de voir peu de monde et de trouver la paix.<\/p>\n<p>La bande c\u00f4ti\u00e8re est l&#039;endroit o\u00f9 l&#039;oc\u00e9an est apprivois\u00e9 par les \u00eeles de sable, les marais salants et les lagunes azur du parc naturel de Ria Formosa, o\u00f9 abondent les flamants roses et les oiseaux aquatiques.<\/p>","protected":false},"featured_media":8258,"comment_status":"closed","ping_status":"closed","template":"","meta":{"_acf_changed":false,"inline_featured_image":false},"product_brand":[],"product_cat":[896,301],"product_tag":[383,469,470,471,150,306,472,897,876,475,898,154,899,877,900,901,313,477,478,99,902,60,341,169,903,561,904,319,322,174,324,368,325,326,466,123,422,905],"class_list":{"0":"post-8264","1":"product","2":"type-product","3":"status-publish","4":"has-post-thumbnail","6":"product_cat-self-guided-cycling-holidays-portugal","7":"product_cat-self-guided-tours-portugal","8":"product_tag-algarve-coastal-strip","9":"product_tag-algarve-cycle-tracks","10":"product_tag-algarve-cycling-holiday","11":"product_tag-algarve-glorious-countryside","12":"product_tag-algarve-sand-islands","13":"product_tag-alleine-reisen","14":"product_tag-ayamonte","15":"product_tag-clear-crystal-waters","16":"product_tag-coastal-algarve","17":"product_tag-cycle","18":"product_tag-cycle-tracks","19":"product_tag-east-algarve","20":"product_tag-electrical-bike","21":"product_tag-flamingos","22":"product_tag-green-countryside","23":"product_tag-hybrid-bicycle","24":"product_tag-individuelle-touren","25":"product_tag-marismas-da-isla-cristina","26":"product_tag-monte-gordo","27":"product_tag-natural-scenery","28":"product_tag-nature-reserve-of-castro-marim","29":"product_tag-portugal","30":"product_tag-portugal-great-food-and-wine","31":"product_tag-ria-formosa-natural-park","32":"product_tag-river-gilao","33":"product_tag-river-guadiana","34":"product_tag-salt-pans","35":"product_tag-sejour-en-liberte","36":"product_tag-solo-reisen","37":"product_tag-tavira","38":"product_tag-tours-autoguidees","39":"product_tag-vila-real-sto-antonio","40":"product_tag-voyage-en-liberte","41":"product_tag-voyages-en-autonomie","42":"product_tag-water-birds","43":"product_tag-western-europe","44":"product_tag-wild-flowers","45":"product_tag-wonderful-rides","47":"first","48":"instock","49":"virtual","50":"product-type-simple"},"acf":[],"yoast_head":"<!-- This site is optimized with the Yoast SEO Premium plugin v26.8 (Yoast SEO v27.6) - https:\/\/yoast.com\/product\/yoast-seo-premium-wordpress\/ -->\n<title>Monte Gordo: Independent Cycle Holidays in the East Algarve &amp; South of Spain - Legendary Adventure DMC Portugal<\/title>\n<meta name=\"description\" content=\"This cycling holiday is like a banquet for your senses as you experience the breathtaking landscapes of East Algarve. Inland, it is possible to meander for miles through enchanted valleys, hear birdsong, see few people and find peace. A week of fun and adventure, with both surfaced cycle tracks and quiet lanes. There is a mixture of flat and gently undulating terrain suitable for everyone.\" \/>\n<meta name=\"robots\" content=\"index, follow, max-snippet:-1, max-image-preview:large, max-video-preview:-1\" \/>\n<link rel=\"canonical\" href=\"https:\/\/legendatours.com\/fr\/produit\/cycling-in-the-east-algarve-2100s\/\" \/>\n<meta property=\"og:locale\" content=\"fr_FR\" \/>\n<meta property=\"og:type\" content=\"article\" \/>\n<meta property=\"og:title\" content=\"Monte Gordo: Independent Cycle Holidays in the East Algarve &amp; South of Spain\" \/>\n<meta property=\"og:description\" content=\"This cycling holiday is like a banquet for your senses as you experience the breathtaking landscapes of East Algarve. Inland, it is possible to meander for miles through enchanted valleys, hear birdsong, see few people and find peace. A week of fun and adventure, with both surfaced cycle tracks and quiet lanes. There is a mixture of flat and gently undulating terrain suitable for everyone.\" \/>\n<meta property=\"og:url\" content=\"https:\/\/legendatours.com\/fr\/produit\/cycling-in-the-east-algarve-2100s\/\" \/>\n<meta property=\"og:site_name\" content=\"Legendary Adventure DMC Portugal\" \/>\n<meta property=\"article:publisher\" content=\"https:\/\/www.facebook.com\/legendaryadventuredmc\/\" \/>\n<meta property=\"article:modified_time\" content=\"2025-03-03T16:20:10+00:00\" \/>\n<meta property=\"og:image\" content=\"https:\/\/legendatours.com\/wp-content\/uploads\/sites\/12\/2021\/04\/Cycling_tour_east_algarve.jpg\" \/>\n\t<meta property=\"og:image:width\" content=\"1067\" \/>\n\t<meta property=\"og:image:height\" content=\"800\" \/>\n\t<meta property=\"og:image:type\" content=\"image\/jpeg\" \/>\n<meta name=\"twitter:card\" content=\"summary_large_image\" \/>\n<meta name=\"twitter:label1\" content=\"Dur\u00e9e de lecture estim\u00e9e\" \/>\n\t<meta name=\"twitter:data1\" content=\"1 minute\" \/>\n<script type=\"application\/ld+json\" class=\"yoast-schema-graph\">{\"@context\":\"https:\\\/\\\/schema.org\",\"@graph\":[{\"@type\":\"WebPage\",\"@id\":\"https:\\\/\\\/legendatours.com\\\/product\\\/cycling-in-the-east-algarve-2100s\\\/\",\"url\":\"https:\\\/\\\/legendatours.com\\\/product\\\/cycling-in-the-east-algarve-2100s\\\/\",\"name\":\"Monte Gordo: Independent Cycle Holidays in the East Algarve &amp; South of Spain - Legendary Adventure DMC Portugal\",\"isPartOf\":{\"@id\":\"https:\\\/\\\/legendatours.com\\\/#website\"},\"primaryImageOfPage\":{\"@id\":\"https:\\\/\\\/legendatours.com\\\/product\\\/cycling-in-the-east-algarve-2100s\\\/#primaryimage\"},\"image\":{\"@id\":\"https:\\\/\\\/legendatours.com\\\/product\\\/cycling-in-the-east-algarve-2100s\\\/#primaryimage\"},\"thumbnailUrl\":\"https:\\\/\\\/legendatours.com\\\/wp-content\\\/uploads\\\/sites\\\/12\\\/2021\\\/04\\\/Cycling_tour_east_algarve.jpg\",\"datePublished\":\"2020-03-24T16:59:01+00:00\",\"dateModified\":\"2025-03-03T16:20:10+00:00\",\"description\":\"This cycling holiday is like a banquet for your senses as you experience the breathtaking landscapes of East Algarve. Inland, it is possible to meander for miles through enchanted valleys, hear birdsong, see few people and find peace. A week of fun and adventure, with both surfaced cycle tracks and quiet lanes. There is a mixture of flat and gently undulating terrain suitable for everyone.\",\"breadcrumb\":{\"@id\":\"https:\\\/\\\/legendatours.com\\\/product\\\/cycling-in-the-east-algarve-2100s\\\/#breadcrumb\"},\"inLanguage\":\"fr-FR\",\"potentialAction\":[{\"@type\":\"ReadAction\",\"target\":[\"https:\\\/\\\/legendatours.com\\\/product\\\/cycling-in-the-east-algarve-2100s\\\/\"]}]},{\"@type\":\"ImageObject\",\"inLanguage\":\"fr-FR\",\"@id\":\"https:\\\/\\\/legendatours.com\\\/product\\\/cycling-in-the-east-algarve-2100s\\\/#primaryimage\",\"url\":\"https:\\\/\\\/legendatours.com\\\/wp-content\\\/uploads\\\/sites\\\/12\\\/2021\\\/04\\\/Cycling_tour_east_algarve.jpg\",\"contentUrl\":\"https:\\\/\\\/legendatours.com\\\/wp-content\\\/uploads\\\/sites\\\/12\\\/2021\\\/04\\\/Cycling_tour_east_algarve.jpg\",\"width\":1067,\"height\":800,\"caption\":\"Cycling Tour East Algarve\"},{\"@type\":\"BreadcrumbList\",\"@id\":\"https:\\\/\\\/legendatours.com\\\/product\\\/cycling-in-the-east-algarve-2100s\\\/#breadcrumb\",\"itemListElement\":[{\"@type\":\"ListItem\",\"position\":1,\"name\":\"Home\",\"item\":\"https:\\\/\\\/legendatours.com\\\/\"},{\"@type\":\"ListItem\",\"position\":2,\"name\":\"Shop\",\"item\":\"https:\\\/\\\/legendatours.com\\\/sv\\\/?page_id=4\"},{\"@type\":\"ListItem\",\"position\":3,\"name\":\"Monte Gordo, a popular resort town situated on one of the finest beaches of Portugal\"}]},{\"@type\":\"WebSite\",\"@id\":\"https:\\\/\\\/legendatours.com\\\/#website\",\"url\":\"https:\\\/\\\/legendatours.com\\\/\",\"name\":\"Legendary Adventure DMC Portugal\",\"description\":\"Responsible Walking &amp; Nature Holidays in Portugal\",\"publisher\":{\"@id\":\"https:\\\/\\\/legendatours.com\\\/#organization\"},\"alternateName\":\"Legendary Adventure Portugal\",\"potentialAction\":[{\"@type\":\"SearchAction\",\"target\":{\"@type\":\"EntryPoint\",\"urlTemplate\":\"https:\\\/\\\/legendatours.com\\\/?s={search_term_string}\"},\"query-input\":{\"@type\":\"PropertyValueSpecification\",\"valueRequired\":true,\"valueName\":\"search_term_string\"}}],\"inLanguage\":\"fr-FR\"},{\"@type\":\"Organization\",\"@id\":\"https:\\\/\\\/legendatours.com\\\/#organization\",\"name\":\"legendatours.com\",\"url\":\"https:\\\/\\\/legendatours.com\\\/\",\"logo\":{\"@type\":\"ImageObject\",\"inLanguage\":\"fr-FR\",\"@id\":\"https:\\\/\\\/legendatours.com\\\/#\\\/schema\\\/logo\\\/image\\\/\",\"url\":\"https:\\\/\\\/legendatours.com\\\/wp-content\\\/uploads\\\/sites\\\/12\\\/2021\\\/06\\\/legendary_adventure_dmc.png\",\"contentUrl\":\"https:\\\/\\\/legendatours.com\\\/wp-content\\\/uploads\\\/sites\\\/12\\\/2021\\\/06\\\/legendary_adventure_dmc.png\",\"width\":250,\"height\":74,\"caption\":\"legendatours.com\"},\"image\":{\"@id\":\"https:\\\/\\\/legendatours.com\\\/#\\\/schema\\\/logo\\\/image\\\/\"},\"sameAs\":[\"https:\\\/\\\/www.facebook.com\\\/legendaryadventuredmc\\\/\",\"https:\\\/\\\/www.linkedin.com\\\/company\\\/legendary-adventure-dmc-portugal\",\"https:\\\/\\\/www.youtube.com\\\/channel\\\/UCOIRDx_KM6ynIcacQkZjb6g\"]}]}<\/script>\n<!-- \/ Yoast SEO Premium plugin. -->","yoast_head_json":{"title":"Monte Gordo: Vacances \u00e0 v\u00e9lo ind\u00e9pendantes dans l&#039;est de l&#039;Algarve et le sud de l&#039;Espagne - Legendary Adventure DMC Portugal","description":"Ces vacances \u00e0 v\u00e9lo sont comme un banquet pour vos sens alors que vous d\u00e9couvrez les paysages \u00e0 couper le souffle de l&#039;est de l&#039;Algarve. \u00c0 l&#039;int\u00e9rieur des terres, il est possible de parcourir des kilom\u00e8tres \u00e0 travers des vall\u00e9es enchant\u00e9es, d&#039;entendre le chant des oiseaux, de voir peu de monde et de trouver la paix. Une semaine de plaisir et d&#039;aventure, avec \u00e0 la fois des pistes cyclables rev\u00eatues et des ruelles tranquilles. Il y a un m\u00e9lange de terrain plat et l\u00e9g\u00e8rement vallonn\u00e9 adapt\u00e9 \u00e0 tout le monde.","robots":{"index":"index","follow":"follow","max-snippet":"max-snippet:-1","max-image-preview":"max-image-preview:large","max-video-preview":"max-video-preview:-1"},"canonical":"https:\/\/legendatours.com\/fr\/produit\/cycling-in-the-east-algarve-2100s\/","og_locale":"fr_FR","og_type":"article","og_title":"Monte Gordo: Independent Cycle Holidays in the East Algarve &amp; South of Spain","og_description":"This cycling holiday is like a banquet for your senses as you experience the breathtaking landscapes of East Algarve. Inland, it is possible to meander for miles through enchanted valleys, hear birdsong, see few people and find peace. A week of fun and adventure, with both surfaced cycle tracks and quiet lanes. There is a mixture of flat and gently undulating terrain suitable for everyone.","og_url":"https:\/\/legendatours.com\/fr\/produit\/cycling-in-the-east-algarve-2100s\/","og_site_name":"Legendary Adventure DMC Portugal","article_publisher":"https:\/\/www.facebook.com\/legendaryadventuredmc\/","article_modified_time":"2025-03-03T16:20:10+00:00","og_image":[{"width":1067,"height":800,"url":"https:\/\/legendatours.com\/wp-content\/uploads\/sites\/12\/2021\/04\/Cycling_tour_east_algarve.jpg","type":"image\/jpeg"}],"twitter_card":"summary_large_image","twitter_misc":{"Dur\u00e9e de lecture estim\u00e9e":"1 minute"},"schema":{"@context":"https:\/\/schema.org","@graph":[{"@type":"WebPage","@id":"https:\/\/legendatours.com\/product\/cycling-in-the-east-algarve-2100s\/","url":"https:\/\/legendatours.com\/product\/cycling-in-the-east-algarve-2100s\/","name":"Monte Gordo: Vacances \u00e0 v\u00e9lo ind\u00e9pendantes dans l&#039;est de l&#039;Algarve et le sud de l&#039;Espagne - Legendary Adventure DMC Portugal","isPartOf":{"@id":"https:\/\/legendatours.com\/#website"},"primaryImageOfPage":{"@id":"https:\/\/legendatours.com\/product\/cycling-in-the-east-algarve-2100s\/#primaryimage"},"image":{"@id":"https:\/\/legendatours.com\/product\/cycling-in-the-east-algarve-2100s\/#primaryimage"},"thumbnailUrl":"https:\/\/legendatours.com\/wp-content\/uploads\/sites\/12\/2021\/04\/Cycling_tour_east_algarve.jpg","datePublished":"2020-03-24T16:59:01+00:00","dateModified":"2025-03-03T16:20:10+00:00","description":"Ces vacances \u00e0 v\u00e9lo sont comme un banquet pour vos sens alors que vous d\u00e9couvrez les paysages \u00e0 couper le souffle de l&#039;est de l&#039;Algarve. \u00c0 l&#039;int\u00e9rieur des terres, il est possible de parcourir des kilom\u00e8tres \u00e0 travers des vall\u00e9es enchant\u00e9es, d&#039;entendre le chant des oiseaux, de voir peu de monde et de trouver la paix. Une semaine de plaisir et d&#039;aventure, avec \u00e0 la fois des pistes cyclables rev\u00eatues et des ruelles tranquilles. Il y a un m\u00e9lange de terrain plat et l\u00e9g\u00e8rement vallonn\u00e9 adapt\u00e9 \u00e0 tout le monde.","breadcrumb":{"@id":"https:\/\/legendatours.com\/product\/cycling-in-the-east-algarve-2100s\/#breadcrumb"},"inLanguage":"fr-FR","potentialAction":[{"@type":"ReadAction","target":["https:\/\/legendatours.com\/product\/cycling-in-the-east-algarve-2100s\/"]}]},{"@type":"ImageObject","inLanguage":"fr-FR","@id":"https:\/\/legendatours.com\/product\/cycling-in-the-east-algarve-2100s\/#primaryimage","url":"https:\/\/legendatours.com\/wp-content\/uploads\/sites\/12\/2021\/04\/Cycling_tour_east_algarve.jpg","contentUrl":"https:\/\/legendatours.com\/wp-content\/uploads\/sites\/12\/2021\/04\/Cycling_tour_east_algarve.jpg","width":1067,"height":800,"caption":"Cycling Tour East Algarve"},{"@type":"BreadcrumbList","@id":"https:\/\/legendatours.com\/product\/cycling-in-the-east-algarve-2100s\/#breadcrumb","itemListElement":[{"@type":"ListItem","position":1,"name":"Home","item":"https:\/\/legendatours.com\/"},{"@type":"ListItem","position":2,"name":"Shop","item":"https:\/\/legendatours.com\/sv\/?page_id=4"},{"@type":"ListItem","position":3,"name":"Monte Gordo, a popular resort town situated on one of the finest beaches of Portugal"}]},{"@type":"WebSite","@id":"https:\/\/legendatours.com\/#website","url":"https:\/\/legendatours.com\/","name":"Aventure l\u00e9gendaire DMC Portugal","description":"Randonn\u00e9es responsables et vacances nature au Portugal","publisher":{"@id":"https:\/\/legendatours.com\/#organization"},"alternateName":"Legendary Adventure Portugal","potentialAction":[{"@type":"SearchAction","target":{"@type":"EntryPoint","urlTemplate":"https:\/\/legendatours.com\/?s={search_term_string}"},"query-input":{"@type":"PropertyValueSpecification","valueRequired":true,"valueName":"search_term_string"}}],"inLanguage":"fr-FR"},{"@type":"Organization","@id":"https:\/\/legendatours.com\/#organization","name":"legendatours.com","url":"https:\/\/legendatours.com\/","logo":{"@type":"ImageObject","inLanguage":"fr-FR","@id":"https:\/\/legendatours.com\/#\/schema\/logo\/image\/","url":"https:\/\/legendatours.com\/wp-content\/uploads\/sites\/12\/2021\/06\/legendary_adventure_dmc.png","contentUrl":"https:\/\/legendatours.com\/wp-content\/uploads\/sites\/12\/2021\/06\/legendary_adventure_dmc.png","width":250,"height":74,"caption":"legendatours.com"},"image":{"@id":"https:\/\/legendatours.com\/#\/schema\/logo\/image\/"},"sameAs":["https:\/\/www.facebook.com\/legendaryadventuredmc\/","https:\/\/www.linkedin.com\/company\/legendary-adventure-dmc-portugal","https:\/\/www.youtube.com\/channel\/UCOIRDx_KM6ynIcacQkZjb6g"]}]}},"_links":{"self":[{"href":"https:\/\/legendatours.com\/fr\/wp-json\/wp\/v2\/product\/8264","targetHints":{"allow":["GET"]}}],"collection":[{"href":"https:\/\/legendatours.com\/fr\/wp-json\/wp\/v2\/product"}],"about":[{"href":"https:\/\/legendatours.com\/fr\/wp-json\/wp\/v2\/types\/product"}],"replies":[{"embeddable":true,"href":"https:\/\/legendatours.com\/fr\/wp-json\/wp\/v2\/comments?post=8264"}],"wp:featuredmedia":[{"embeddable":true,"href":"https:\/\/legendatours.com\/fr\/wp-json\/wp\/v2\/media\/8258"}],"wp:attachment":[{"href":"https:\/\/legendatours.com\/fr\/wp-json\/wp\/v2\/media?parent=8264"}],"wp:term":[{"taxonomy":"product_brand","embeddable":true,"href":"https:\/\/legendatours.com\/fr\/wp-json\/wp\/v2\/product_brand?post=8264"},{"taxonomy":"product_cat","embeddable":true,"href":"https:\/\/legendatours.com\/fr\/wp-json\/wp\/v2\/product_cat?post=8264"},{"taxonomy":"product_tag","embeddable":true,"href":"https:\/\/legendatours.com\/fr\/wp-json\/wp\/v2\/product_tag?post=8264"}],"curies":[{"name":"wp","href":"https:\/\/api.w.org\/{rel}","templated":true}]}}