{"id":8282,"date":"2020-03-06T18:54:55","date_gmt":"2020-03-06T18:54:55","guid":{"rendered":"https:\/\/legendatours.com\/product\/relax-in-tavira\/"},"modified":"2021-08-13T12:10:42","modified_gmt":"2021-08-13T12:10:42","slug":"relax-in-tavira-8-days-8300pk","status":"publish","type":"product","link":"https:\/\/legendatours.com\/fr\/produit\/relax-in-tavira-8-days-8300pk\/","title":{"rendered":"D\u00e9tendez-vous \u00e0 Tavira"},"content":{"rendered":"<p>Tavira est une charmante ville de l&#039;est de l&#039;Algarve, non loin de la fronti\u00e8re avec l&#039;Espagne.<\/p>\n<p>Situ\u00e9 au bord de la rivi\u00e8re Gil\u00e3o, \u00e0 c\u00f4t\u00e9 de la Ria Formosa et d&#039;une plage longue de 13 km, Tavira est une retraite relaxante !<\/p>\n<p>La ville pr\u00e9sente un attrait portugais s\u00e9duisant, avec des murs d&#039;un blanc \u00e9clatant, de fines tuiles azulejos et des vagues de toits triangulaires.<\/p>\n<div id=\"attachment_2496\" style=\"width: 1034px\" class=\"wp-caption alignnone\"><img loading=\"lazy\" decoding=\"async\" aria-describedby=\"caption-attachment-2496\" class=\"wp-image-2496 size-large\" src=\"https:\/\/legendatours.net\/wp-content\/uploads\/2020\/03\/Tavira_river_Gilao-1024x683.jpg\" alt=\"Tavira, river Gilao\" width=\"1024\" height=\"683\" \/><p id=\"caption-attachment-2496\" class=\"wp-caption-text\">Tavira, rivi\u00e8re Gilao<\/p><\/div>\n<p>Le long des rues calmes, des couches d&#039;histoire peuvent \u00eatre observ\u00e9es, des portes d\u00e9cor\u00e9es de motifs islamiques aux fioritures baroques.<\/p>\n<p>Depuis les ruines du ch\u00e2teau, entour\u00e9 de lauriers roses, de jacarandas et de bougainvilliers, vous b\u00e9n\u00e9ficiez d&#039;une vue privil\u00e9gi\u00e9e sur les toits typiques de la ville et ses plus de 30 \u00e9glises.<\/p>\n<p>En prenant un bateau depuis le port de p\u00eache anim\u00e9, vous sortez de la rivi\u00e8re pour traverser le chenal principal de la lagune de Ria Formosa, une riche r\u00e9serve naturelle d&#039;une beaut\u00e9 exceptionnelle, parfaite pour l&#039;observation des oiseaux et de la nature.<\/p>\n<p>Le ferry termine son court voyage sur l&#039;une des plus belles plages du monde, l&#039;\u00eele de Tavira. Pr\u00e9parez-vous \u00e0 des kilom\u00e8tres de sable dor\u00e9 et d&#039;eaux turquoises, r\u00e9compens\u00e9s par un drapeau bleu.<\/p>\n<div id=\"attachment_2024\" style=\"width: 1034px\" class=\"wp-caption alignnone\"><img loading=\"lazy\" decoding=\"async\" aria-describedby=\"caption-attachment-2024\" class=\"wp-image-2024 size-large\" src=\"https:\/\/legendatours.net\/wp-content\/uploads\/2020\/03\/Fishing-boats-Tavira-1024x720.jpg\" alt=\"Fishing boats in Tavira\" width=\"1024\" height=\"720\" \/><p id=\"caption-attachment-2024\" class=\"wp-caption-text\">Bateaux de p\u00eache \u00e0 Tavira<\/p><\/div>\n<p>Avec seulement quelques restaurants et bars, c&#039;est une plage paisible et s\u00fbre, excellente pour les enfants.<\/p>\n<p>Dans les environs, \u00e0 une courte distance, vous pourrez profiter d&#039;un paysage et d&#039;un mode de vie compl\u00e8tement diff\u00e9rents, marqu\u00e9s par des champs d&#039;orangers, charg\u00e9s du parfum des fleurs.<\/p>\n<p>Des maisons blanches \u00e9parses avec des chemin\u00e9es en dentelle montrent un Algarve d\u00e9cal\u00e9, o\u00f9 les aigles planent.<\/p>\n<p>\u00c9tant au Portugal, vous savez que vous aurez droit \u00e0 une excellente cuisine et \u00e0 d&#039;excellents vins.<\/p>\n<div id=\"attachment_1780\" style=\"width: 1034px\" class=\"wp-caption alignnone\"><img loading=\"lazy\" decoding=\"async\" aria-describedby=\"caption-attachment-1780\" class=\"wp-image-1780 size-large\" src=\"https:\/\/legendatours.net\/wp-content\/uploads\/2020\/03\/Colorful-tipical-houses-in-Tavira-1024x768.jpg\" alt=\"Colorful tipical houses in Tavira\" width=\"1024\" height=\"768\" \/><p id=\"caption-attachment-1780\" class=\"wp-caption-text\">Maisons typiques color\u00e9es \u00e0 Tavira<\/p><\/div>\n<p>\u00c0 Tavira, il y a une combinaison d&#039;ingr\u00e9dients de la c\u00f4te et de la campagne. De la mer, viennent les poissons et fruits de mer les plus frais, cuisin\u00e9s avec simplicit\u00e9 et respect, accompagn\u00e9s de salades assaisonn\u00e9es avec l&#039;une des meilleures huiles d&#039;olive au monde.<\/p>\n<p>Si vous \u00eates un amateur de viande, vous ne serez pas d\u00e9\u00e7u, avec des plats mijot\u00e9s et des grillades.<\/p>\n<p>Et les bonbons sont un m\u00e9lange exquis d&#039;amandes, de figues, de miel et de caroubes, abondants dans la r\u00e9gion.<\/p>\n<p>A Tavira, vous passerez assur\u00e9ment un moment de d\u00e9tente, entre patrimoine, nature, plages magnifiques et activit\u00e9s ludiques !<\/p>","protected":false},"excerpt":{"rendered":"<p>Tavira est une charmante ville de l&#039;est de l&#039;Algarve, non loin de la fronti\u00e8re avec l&#039;Espagne.<\/p>\n<p>Situ\u00e9 au bord de la rivi\u00e8re Gil\u00e3o, \u00e0 c\u00f4t\u00e9 de la Ria Formosa et d&#039;une plage longue de 13 km, Tavira est une retraite relaxante !<\/p>\n<p>La ville pr\u00e9sente un attrait portugais s\u00e9duisant, avec des murs d&#039;un blanc \u00e9clatant, de fines tuiles azulejos et des vagues de toits triangulaires.<\/p>","protected":false},"featured_media":7894,"comment_status":"closed","ping_status":"closed","template":"","meta":{"_acf_changed":false,"inline_featured_image":false},"product_brand":[],"product_cat":[686,696],"product_tag":[147,431,433,36,154,914,130,195,394,915,60,894,903,64,693,694,695,173,174],"class_list":{"0":"post-8282","1":"product","2":"type-product","3":"status-publish","4":"has-post-thumbnail","6":"product_cat-holiday-packs-tours-portugal","7":"product_cat-relax-8-days-holidays-portugal","8":"product_tag-algarve","9":"product_tag-birds","10":"product_tag-birdwatching","11":"product_tag-cultural-heritage","12":"product_tag-east-algarve","13":"product_tag-fresh-fish-and-seafood","14":"product_tag-gastronomy","15":"product_tag-history-and-heritage","16":"product_tag-island-of-tavira","17":"product_tag-medieval-castle-of-tavira","18":"product_tag-portugal","19":"product_tag-relax","20":"product_tag-river-gilao","21":"product_tag-roman-and-arab-vestiges","22":"product_tag-summer","23":"product_tag-sun-beach","24":"product_tag-sunny-days","25":"product_tag-sunny-winters","26":"product_tag-tavira","28":"first","29":"instock","30":"virtual","31":"product-type-simple"},"acf":[],"yoast_head":"<!-- This site is optimized with the Yoast SEO Premium plugin v26.8 (Yoast SEO v27.4) - https:\/\/yoast.com\/product\/yoast-seo-premium-wordpress\/ -->\n<title>Relax in Tavira - Legendary Adventure DMC Portugal<\/title>\n<meta name=\"robots\" content=\"index, follow, max-snippet:-1, max-image-preview:large, max-video-preview:-1\" \/>\n<link rel=\"canonical\" href=\"https:\/\/legendatours.com\/fr\/produit\/relax-in-tavira-8-days-8300pk\/\" \/>\n<meta property=\"og:locale\" content=\"fr_FR\" \/>\n<meta property=\"og:type\" content=\"article\" \/>\n<meta property=\"og:title\" content=\"Relax in Tavira\" \/>\n<meta property=\"og:description\" content=\"Tavira is a charming town in the East Algarve, not far from the border with Spain.  Set in the margins of the River Gil\u00e3o, next to the Ria Formosa and an eight-mile-long beach, Tavira is a relaxing retreat!  The town shows an alluring Portuguese appeal, with crisp white walls, fine azulejo tiles, and waves of triangular roofs.\" \/>\n<meta property=\"og:url\" content=\"https:\/\/legendatours.com\/fr\/produit\/relax-in-tavira-8-days-8300pk\/\" \/>\n<meta property=\"og:site_name\" content=\"Legendary Adventure DMC Portugal\" \/>\n<meta property=\"article:publisher\" content=\"https:\/\/www.facebook.com\/legendaryadventuredmc\/\" \/>\n<meta property=\"article:modified_time\" content=\"2021-08-13T12:10:42+00:00\" \/>\n<meta property=\"og:image\" content=\"https:\/\/legendatours.com\/wp-content\/uploads\/sites\/12\/2021\/04\/Colorful-tipical-houses-in-Tavira-e1611676933129.jpg\" \/>\n\t<meta property=\"og:image:width\" content=\"1024\" \/>\n\t<meta property=\"og:image:height\" content=\"768\" \/>\n\t<meta property=\"og:image:type\" content=\"image\/jpeg\" \/>\n<meta name=\"twitter:card\" content=\"summary_large_image\" \/>\n<meta name=\"twitter:label1\" content=\"Dur\u00e9e de lecture estim\u00e9e\" \/>\n\t<meta name=\"twitter:data1\" content=\"2 minutes\" \/>\n<script type=\"application\/ld+json\" class=\"yoast-schema-graph\">{\"@context\":\"https:\\\/\\\/schema.org\",\"@graph\":[{\"@type\":\"WebPage\",\"@id\":\"https:\\\/\\\/legendatours.com\\\/product\\\/relax-in-tavira-8-days-8300pk\\\/\",\"url\":\"https:\\\/\\\/legendatours.com\\\/product\\\/relax-in-tavira-8-days-8300pk\\\/\",\"name\":\"Relax in Tavira - Legendary Adventure DMC Portugal\",\"isPartOf\":{\"@id\":\"https:\\\/\\\/legendatours.com\\\/#website\"},\"primaryImageOfPage\":{\"@id\":\"https:\\\/\\\/legendatours.com\\\/product\\\/relax-in-tavira-8-days-8300pk\\\/#primaryimage\"},\"image\":{\"@id\":\"https:\\\/\\\/legendatours.com\\\/product\\\/relax-in-tavira-8-days-8300pk\\\/#primaryimage\"},\"thumbnailUrl\":\"https:\\\/\\\/legendatours.com\\\/wp-content\\\/uploads\\\/sites\\\/12\\\/2021\\\/04\\\/Colorful-tipical-houses-in-Tavira-e1611676933129.jpg\",\"datePublished\":\"2020-03-06T18:54:55+00:00\",\"dateModified\":\"2021-08-13T12:10:42+00:00\",\"breadcrumb\":{\"@id\":\"https:\\\/\\\/legendatours.com\\\/product\\\/relax-in-tavira-8-days-8300pk\\\/#breadcrumb\"},\"inLanguage\":\"fr-FR\",\"potentialAction\":[{\"@type\":\"ReadAction\",\"target\":[\"https:\\\/\\\/legendatours.com\\\/product\\\/relax-in-tavira-8-days-8300pk\\\/\"]}]},{\"@type\":\"ImageObject\",\"inLanguage\":\"fr-FR\",\"@id\":\"https:\\\/\\\/legendatours.com\\\/product\\\/relax-in-tavira-8-days-8300pk\\\/#primaryimage\",\"url\":\"https:\\\/\\\/legendatours.com\\\/wp-content\\\/uploads\\\/sites\\\/12\\\/2021\\\/04\\\/Colorful-tipical-houses-in-Tavira-e1611676933129.jpg\",\"contentUrl\":\"https:\\\/\\\/legendatours.com\\\/wp-content\\\/uploads\\\/sites\\\/12\\\/2021\\\/04\\\/Colorful-tipical-houses-in-Tavira-e1611676933129.jpg\",\"width\":1024,\"height\":768,\"caption\":\"Colorful tipical houses in Tavira\"},{\"@type\":\"BreadcrumbList\",\"@id\":\"https:\\\/\\\/legendatours.com\\\/product\\\/relax-in-tavira-8-days-8300pk\\\/#breadcrumb\",\"itemListElement\":[{\"@type\":\"ListItem\",\"position\":1,\"name\":\"Home\",\"item\":\"https:\\\/\\\/legendatours.com\\\/\"},{\"@type\":\"ListItem\",\"position\":2,\"name\":\"Shop\",\"item\":\"https:\\\/\\\/legendatours.com\\\/sv\\\/?page_id=4\"},{\"@type\":\"ListItem\",\"position\":3,\"name\":\"Relax in Tavira\"}]},{\"@type\":\"WebSite\",\"@id\":\"https:\\\/\\\/legendatours.com\\\/#website\",\"url\":\"https:\\\/\\\/legendatours.com\\\/\",\"name\":\"Legendary Adventure DMC Portugal\",\"description\":\"Responsible Walking &amp; Nature Holidays in Portugal\",\"publisher\":{\"@id\":\"https:\\\/\\\/legendatours.com\\\/#organization\"},\"alternateName\":\"Legendary Adventure Portugal\",\"potentialAction\":[{\"@type\":\"SearchAction\",\"target\":{\"@type\":\"EntryPoint\",\"urlTemplate\":\"https:\\\/\\\/legendatours.com\\\/?s={search_term_string}\"},\"query-input\":{\"@type\":\"PropertyValueSpecification\",\"valueRequired\":true,\"valueName\":\"search_term_string\"}}],\"inLanguage\":\"fr-FR\"},{\"@type\":\"Organization\",\"@id\":\"https:\\\/\\\/legendatours.com\\\/#organization\",\"name\":\"legendatours.com\",\"url\":\"https:\\\/\\\/legendatours.com\\\/\",\"logo\":{\"@type\":\"ImageObject\",\"inLanguage\":\"fr-FR\",\"@id\":\"https:\\\/\\\/legendatours.com\\\/#\\\/schema\\\/logo\\\/image\\\/\",\"url\":\"https:\\\/\\\/legendatours.com\\\/wp-content\\\/uploads\\\/sites\\\/12\\\/2021\\\/06\\\/legendary_adventure_dmc.png\",\"contentUrl\":\"https:\\\/\\\/legendatours.com\\\/wp-content\\\/uploads\\\/sites\\\/12\\\/2021\\\/06\\\/legendary_adventure_dmc.png\",\"width\":250,\"height\":74,\"caption\":\"legendatours.com\"},\"image\":{\"@id\":\"https:\\\/\\\/legendatours.com\\\/#\\\/schema\\\/logo\\\/image\\\/\"},\"sameAs\":[\"https:\\\/\\\/www.facebook.com\\\/legendaryadventuredmc\\\/\",\"https:\\\/\\\/www.linkedin.com\\\/company\\\/legendary-adventure-dmc-portugal\",\"https:\\\/\\\/www.youtube.com\\\/channel\\\/UCOIRDx_KM6ynIcacQkZjb6g\"]}]}<\/script>\n<!-- \/ Yoast SEO Premium plugin. -->","yoast_head_json":{"title":"Relax in Tavira - Legendary Adventure DMC Portugal","robots":{"index":"index","follow":"follow","max-snippet":"max-snippet:-1","max-image-preview":"max-image-preview:large","max-video-preview":"max-video-preview:-1"},"canonical":"https:\/\/legendatours.com\/fr\/produit\/relax-in-tavira-8-days-8300pk\/","og_locale":"fr_FR","og_type":"article","og_title":"Relax in Tavira","og_description":"Tavira is a charming town in the East Algarve, not far from the border with Spain.  Set in the margins of the River Gil\u00e3o, next to the Ria Formosa and an eight-mile-long beach, Tavira is a relaxing retreat!  The town shows an alluring Portuguese appeal, with crisp white walls, fine azulejo tiles, and waves of triangular roofs.","og_url":"https:\/\/legendatours.com\/fr\/produit\/relax-in-tavira-8-days-8300pk\/","og_site_name":"Legendary Adventure DMC Portugal","article_publisher":"https:\/\/www.facebook.com\/legendaryadventuredmc\/","article_modified_time":"2021-08-13T12:10:42+00:00","og_image":[{"width":1024,"height":768,"url":"https:\/\/legendatours.com\/wp-content\/uploads\/sites\/12\/2021\/04\/Colorful-tipical-houses-in-Tavira-e1611676933129.jpg","type":"image\/jpeg"}],"twitter_card":"summary_large_image","twitter_misc":{"Dur\u00e9e de lecture estim\u00e9e":"2 minutes"},"schema":{"@context":"https:\/\/schema.org","@graph":[{"@type":"WebPage","@id":"https:\/\/legendatours.com\/product\/relax-in-tavira-8-days-8300pk\/","url":"https:\/\/legendatours.com\/product\/relax-in-tavira-8-days-8300pk\/","name":"Relax in Tavira - Legendary Adventure DMC Portugal","isPartOf":{"@id":"https:\/\/legendatours.com\/#website"},"primaryImageOfPage":{"@id":"https:\/\/legendatours.com\/product\/relax-in-tavira-8-days-8300pk\/#primaryimage"},"image":{"@id":"https:\/\/legendatours.com\/product\/relax-in-tavira-8-days-8300pk\/#primaryimage"},"thumbnailUrl":"https:\/\/legendatours.com\/wp-content\/uploads\/sites\/12\/2021\/04\/Colorful-tipical-houses-in-Tavira-e1611676933129.jpg","datePublished":"2020-03-06T18:54:55+00:00","dateModified":"2021-08-13T12:10:42+00:00","breadcrumb":{"@id":"https:\/\/legendatours.com\/product\/relax-in-tavira-8-days-8300pk\/#breadcrumb"},"inLanguage":"fr-FR","potentialAction":[{"@type":"ReadAction","target":["https:\/\/legendatours.com\/product\/relax-in-tavira-8-days-8300pk\/"]}]},{"@type":"ImageObject","inLanguage":"fr-FR","@id":"https:\/\/legendatours.com\/product\/relax-in-tavira-8-days-8300pk\/#primaryimage","url":"https:\/\/legendatours.com\/wp-content\/uploads\/sites\/12\/2021\/04\/Colorful-tipical-houses-in-Tavira-e1611676933129.jpg","contentUrl":"https:\/\/legendatours.com\/wp-content\/uploads\/sites\/12\/2021\/04\/Colorful-tipical-houses-in-Tavira-e1611676933129.jpg","width":1024,"height":768,"caption":"Colorful tipical houses in Tavira"},{"@type":"BreadcrumbList","@id":"https:\/\/legendatours.com\/product\/relax-in-tavira-8-days-8300pk\/#breadcrumb","itemListElement":[{"@type":"ListItem","position":1,"name":"Home","item":"https:\/\/legendatours.com\/"},{"@type":"ListItem","position":2,"name":"Shop","item":"https:\/\/legendatours.com\/sv\/?page_id=4"},{"@type":"ListItem","position":3,"name":"Relax in Tavira"}]},{"@type":"WebSite","@id":"https:\/\/legendatours.com\/#website","url":"https:\/\/legendatours.com\/","name":"Aventure l\u00e9gendaire DMC Portugal","description":"Randonn\u00e9es responsables et vacances nature au Portugal","publisher":{"@id":"https:\/\/legendatours.com\/#organization"},"alternateName":"Legendary Adventure Portugal","potentialAction":[{"@type":"SearchAction","target":{"@type":"EntryPoint","urlTemplate":"https:\/\/legendatours.com\/?s={search_term_string}"},"query-input":{"@type":"PropertyValueSpecification","valueRequired":true,"valueName":"search_term_string"}}],"inLanguage":"fr-FR"},{"@type":"Organization","@id":"https:\/\/legendatours.com\/#organization","name":"legendatours.com","url":"https:\/\/legendatours.com\/","logo":{"@type":"ImageObject","inLanguage":"fr-FR","@id":"https:\/\/legendatours.com\/#\/schema\/logo\/image\/","url":"https:\/\/legendatours.com\/wp-content\/uploads\/sites\/12\/2021\/06\/legendary_adventure_dmc.png","contentUrl":"https:\/\/legendatours.com\/wp-content\/uploads\/sites\/12\/2021\/06\/legendary_adventure_dmc.png","width":250,"height":74,"caption":"legendatours.com"},"image":{"@id":"https:\/\/legendatours.com\/#\/schema\/logo\/image\/"},"sameAs":["https:\/\/www.facebook.com\/legendaryadventuredmc\/","https:\/\/www.linkedin.com\/company\/legendary-adventure-dmc-portugal","https:\/\/www.youtube.com\/channel\/UCOIRDx_KM6ynIcacQkZjb6g"]}]}},"_links":{"self":[{"href":"https:\/\/legendatours.com\/fr\/wp-json\/wp\/v2\/product\/8282","targetHints":{"allow":["GET"]}}],"collection":[{"href":"https:\/\/legendatours.com\/fr\/wp-json\/wp\/v2\/product"}],"about":[{"href":"https:\/\/legendatours.com\/fr\/wp-json\/wp\/v2\/types\/product"}],"replies":[{"embeddable":true,"href":"https:\/\/legendatours.com\/fr\/wp-json\/wp\/v2\/comments?post=8282"}],"wp:featuredmedia":[{"embeddable":true,"href":"https:\/\/legendatours.com\/fr\/wp-json\/wp\/v2\/media\/7894"}],"wp:attachment":[{"href":"https:\/\/legendatours.com\/fr\/wp-json\/wp\/v2\/media?parent=8282"}],"wp:term":[{"taxonomy":"product_brand","embeddable":true,"href":"https:\/\/legendatours.com\/fr\/wp-json\/wp\/v2\/product_brand?post=8282"},{"taxonomy":"product_cat","embeddable":true,"href":"https:\/\/legendatours.com\/fr\/wp-json\/wp\/v2\/product_cat?post=8282"},{"taxonomy":"product_tag","embeddable":true,"href":"https:\/\/legendatours.com\/fr\/wp-json\/wp\/v2\/product_tag?post=8282"}],"curies":[{"name":"wp","href":"https:\/\/api.w.org\/{rel}","templated":true}]}}