{"id":8345,"date":"2020-03-06T15:04:24","date_gmt":"2020-03-06T15:04:24","guid":{"rendered":"https:\/\/legendatours.com\/product\/birding-holiday-in-tavira-and-the-ria-formosa-your-nemesis-bird-destination\/"},"modified":"2025-03-03T17:17:32","modified_gmt":"2025-03-03T17:17:32","slug":"birding-in-tavira-and-the-ria-formosa-fly-drive-3300s","status":"publish","type":"product","link":"https:\/\/legendatours.com\/fr\/produit\/birding-in-tavira-and-the-ria-formosa-fly-drive-3300s\/","title":{"rendered":"Vacances d&#039;observation des oiseaux \u00e0 Tavira et la Ria Formosa - Votre destination pour les oiseaux Nemesis"},"content":{"rendered":"<p>Observation des oiseaux \u00e0 Tavira et Ria Formosa: votre destination pour les oiseaux de Nemesis est une visite d&#039;observation des oiseaux en voiture de 5 jours bas\u00e9e dans l&#039;une des villes les plus typiques et pittoresques de l&#039;Algarve, Tavira. La r\u00e9gion de l&#039;Algarve est une c\u00e9l\u00e8bre station baln\u00e9aire, mais c&#039;est aussi un site \u00e9tonnant pour l&#039;observation de la nature, abritant des centaines d&#039;esp\u00e8ces d&#039;oiseaux end\u00e9miques, et une station d&#039;hivernage et d&#039;alimentation pour de nombreuses autres, qui prosp\u00e8rent dans ses riches zones humides, marais salants, salines, et bois.<\/p>\n<div id=\"attachment_1732\" style=\"width: 1034px\" class=\"wp-caption alignnone\"><img loading=\"lazy\" decoding=\"async\" aria-describedby=\"caption-attachment-1732\" class=\"wp-image-1732 size-large\" title=\"Poule des marais de l&#039;Ouest\" src=\"https:\/\/legendatours.net\/wp-content\/uploads\/2020\/03\/Western-Swamp-hen-1024x683.jpg\" alt=\"Western Swamp-hen\" width=\"1024\" height=\"683\" \/><p id=\"caption-attachment-1732\" class=\"wp-caption-text\">Poule des marais de l&#039;Ouest, facilement visible le long de la c\u00f4te sud et sur la\u00a0<em>ouest<\/em> jusqu&#039;\u00e0 et y compris l&#039;estuaire du Tage \u2013 Photo Peter Dedicoat<\/p><\/div>\n<p>Cette visite d&#039;observation des oiseaux con\u00e7ue par des professionnels vise \u00e0 vous montrer le meilleur de la faune et de la flore diversifi\u00e9es du parc naturel de Ria Formosa, avec des instructions d\u00e9taill\u00e9es et des notes d&#039;itin\u00e9raire.<\/p>\n<p>Le parc naturel de Ria Formosa couvre une superficie d&#039;environ 16 000 hectares s&#039;\u00e9tendant de Manta Rota \u00e0 l&#039;est \u00e0 la plage d&#039;Anc\u00e3o \u00e0 60 km \u00e0 l&#039;ouest. La Ria se compose de lagunes c\u00f4ti\u00e8res, de vastes zones de vasi\u00e8res, de marais sal\u00e9s et de marais salants qui sont entour\u00e9s d&#039;une ceinture d&#039;\u00eeles et de p\u00e9ninsules de dunes de sable.<\/p>\n<p>Il rev\u00eat une importance particuli\u00e8re en tant que zone d&#039;hivernage pour de nombreux oiseaux du nord de l&#039;Europe et en tant que station de repos et d&#039;alimentation pour les oiseaux migrant entre l&#039;Afrique et l&#039;Europe.<\/p>\n<div id=\"attachment_1760\" style=\"width: 1034px\" class=\"wp-caption alignnone\"><img loading=\"lazy\" decoding=\"async\" aria-describedby=\"caption-attachment-1760\" class=\"wp-image-1760 size-large\" title=\"Sarcelle d&#039;Eurasie\" src=\"https:\/\/legendatours.net\/wp-content\/uploads\/2020\/03\/Eurasian-Teal-1024x683.jpg\" alt=\"Eurasian Teal\" width=\"1024\" height=\"683\" \/><p id=\"caption-attachment-1760\" class=\"wp-caption-text\">La sarcelle d&#039;Eurasie, normalement une esp\u00e8ce hivernante \u2013 Photo Peter Dedicoat<\/p><\/div>\n<p>Class\u00e9e r\u00e9serve naturelle dans les ann\u00e9es 70, ce statut de protection a \u00e9t\u00e9 \u00e9lev\u00e9 au rang de parc naturel en 1987. La Ria Formosa est \u00e9galement class\u00e9e en vertu de la Convention de Ramsar en tant que zone humide d&#039;importance internationale et en tant que zone de protection sp\u00e9ciale en vertu de la directive de l&#039;UE sur la conservation des Oiseaux sauvages.<\/p>\n<p>L&#039;hiver apporte des \u00e9chassiers hivernants, tels que les hu\u00eetriers, les avocettes, les chevreuils, les petits passages et les \u00e9chasses \u00e0 ailes noires, entre autres. Des esp\u00e8ces comme le Courlis B\u00e9casseau, le B\u00e9casseau maub\u00e8che ou le Ruff le traversent principalement pendant la migration automnale. La sauvagine est \u00e9galement pr\u00e9sente en nombre impressionnant dans les \u00e9tangs et les bassins, et certaines des esp\u00e8ces les plus courantes sont le Canard siffleur, le Sholever, le Canard pilet et le Pochard. D&#039;autres oiseaux int\u00e9ressants \u00e0 trouver sont le flamant rose, l&#039;ibis brillant, la spatule blanche, le milan \u00e0 ailes noires, la sterne caspienne, la gorge bleue et la m\u00e9sange penduline plus rare. Le go\u00e9land \u00e0 bec gr\u00eale a \u00e9t\u00e9 r\u00e9guli\u00e8rement observ\u00e9 ces derni\u00e8res ann\u00e9es.<\/p>\n<div id=\"attachment_1699\" style=\"width: 1034px\" class=\"wp-caption alignnone\"><img loading=\"lazy\" decoding=\"async\" aria-describedby=\"caption-attachment-1699\" class=\"wp-image-1699 size-large\" title=\"Observation des oiseaux Algarve Ria Formosa Huppe fasci\u00e9e\" src=\"https:\/\/legendatours.net\/wp-content\/uploads\/2020\/05\/Birdwatching-Algarve-Ria-Formosa-Hoopoe-1024x683.jpg\" alt=\"Birdwatching Algarve Ria Formosa Hoopoe\" width=\"1024\" height=\"683\" \/><p id=\"caption-attachment-1699\" class=\"wp-caption-text\">Observation des oiseaux Algarve Ria Formosa Huppe fasci\u00e9e, s&#039;\u00e9panouir dans les for\u00eats de pins. \u2013 Photo Peter Dedicoat<\/p><\/div>\n<p>Les oiseaux nicheurs comprennent la tal\u00e8ve sultane, le petit butor, le h\u00e9ron pourpr\u00e9, la glar\u00e9ole \u00e0 collier et la mouette d&#039;Audouin, qui se reproduisent r\u00e9guli\u00e8rement mais en nombre fluctuant. Le site a aussi la particularit\u00e9 d&#039;\u00eatre le seul au Portugal o\u00f9 l&#039;on rencontre l&#039;alouette des marais. Les \u00eeles-barri\u00e8res abritent les plus grandes colonies de Sterne naine au Portugal, r\u00e9guli\u00e8rement observ\u00e9es en train de p\u00eacher dans les eaux peu profondes, ainsi qu&#039;une petite population d&#039;Eurasian Thick-knee et de Petite Outarde. Les oiseaux nicheurs int\u00e9ressants comprennent \u00e9galement le martinet p\u00e2le, la paruline \u00e0 lunettes, le gu\u00eapier d&#039;Europe et le traquet \u00e0 oreilles noires.<\/p>\n<p>Dans les for\u00eats environnantes, des esp\u00e8ces comme le pic \u00e9peiche, la pie-gri\u00e8che rousse et le loriot dor\u00e9 sont pr\u00e9sentes.<\/p>\n<div id=\"attachment_1769\" style=\"width: 1034px\" class=\"wp-caption alignnone\"><img loading=\"lazy\" decoding=\"async\" aria-describedby=\"caption-attachment-1769\" class=\"wp-image-1769 size-large\" title=\"Spatules\" src=\"https:\/\/legendatours.net\/wp-content\/uploads\/2020\/03\/Spoonbills-1-1024x683.jpg\" alt=\"Spoonbills\" width=\"1024\" height=\"683\" \/><p id=\"caption-attachment-1769\" class=\"wp-caption-text\">Spatules, r\u00e9sident toute l&#039;ann\u00e9e le nombre augmente consid\u00e9rablement en hiver- Photo Peter Dedicoat<\/p><\/div>\n<p>Cette visite autoguid\u00e9e d&#039;observation des oiseaux est id\u00e9ale pour la photographie de la nature en g\u00e9n\u00e9ral et la photographie d&#039;oiseaux en particulier\u00a0; peinture et illustration; recherche scientifique; la poursuite des raret\u00e9s (twitching), etc. Trouvez avec nous une \u00e9vasion du quotidien effr\u00e9n\u00e9 !<\/p>\n<p>Les notes d&#039;itin\u00e9raire sont con\u00e7ues pour \u00eatre un guide de terrain simple et facile \u00e0 utiliser pour tous ceux qui aiment observer les oiseaux dans leur habitat naturel. Chaque itin\u00e9raire est accompagn\u00e9 d&#039;une carte et d&#039;un descriptif pour s&#039;y rendre, des esp\u00e8ces les plus int\u00e9ressantes qui s&#039;y trouvent et de divers conseils sur la meilleure fa\u00e7on de visiter.<\/p>\n<p>Nous veillerons \u00e0 ce que vous passiez une exp\u00e9rience inoubliable, sans recherche fastidieuse de lieux de s\u00e9jour, sans recherche sur les meilleurs sites d&#039;observation des oiseaux - nos visites sont compl\u00e8tes et surtout parfaitement pens\u00e9es et organis\u00e9es ! La visite est con\u00e7ue pour \u00eatre appr\u00e9ci\u00e9e quel que soit votre niveau de capacit\u00e9 et d&#039;expertise en observation des oiseaux.<\/p>\n<p>Et pour profiter pleinement de toutes les merveilles de ce circuit, vous vous percherez dans le centre de Tavira, \u00e0 seulement 2 km du point d&#039;observation des oiseaux le plus proche !<\/p>\n<div class=\"row\">\n<div class=\"column\" style=\"flex: 45%\">\n<p><iframe loading=\"lazy\" title=\"Oiseaux du sud du Portugal\" width=\"1080\" height=\"608\" src=\"https:\/\/www.youtube.com\/embed\/q4ezd_AIbYM?feature=oembed\" frameborder=\"0\" allow=\"accelerometer; autoplay; clipboard-write; encrypted-media; gyroscope; picture-in-picture\" allowfullscreen><\/iframe><\/p>\n<\/div>\n<div class=\"column\" style=\"flex: 10%\"><\/div>\n<div class=\"column\" style=\"flex: 45%\"><\/div>\n<\/div>","protected":false},"excerpt":{"rendered":"<p>Observation des oiseaux \u00e0 Tavira et Ria Formosa: votre destination pour les oiseaux de Nemesis est une visite d&#039;observation des oiseaux en voiture de 5 jours bas\u00e9e dans l&#039;une des villes les plus typiques et pittoresques de l&#039;Algarve, Tavira. La r\u00e9gion de l&#039;Algarve est une c\u00e9l\u00e8bre station baln\u00e9aire, mais c&#039;est aussi un site \u00e9tonnant pour l&#039;observation de la nature, abritant des centaines d&#039;esp\u00e8ces d&#039;oiseaux end\u00e9miques, et une station d&#039;hivernage et d&#039;alimentation pour de nombreuses autres, qui prosp\u00e8rent dans ses riches zones humides, marais salants, salines, et bois.<\/p>","protected":false},"featured_media":8343,"comment_status":"closed","ping_status":"closed","template":"","meta":{"_acf_changed":false,"inline_featured_image":false},"product_brand":[],"product_cat":[327,778,301],"product_tag":[147,306,424,428,429,433,434,435,1149,436,437,438,439,440,441,442,779,160,313,443,444,445,446,447,449,162,450,60,451,452,453,454,455,168,169,456,319,328,780,777,781,322,457,173,174,324,68,177,325,326,458,459],"class_list":{"0":"post-8345","1":"product","2":"type-product","3":"status-publish","4":"has-post-thumbnail","6":"product_cat-self-drive-holidays-portugal","7":"product_cat-portugal-self-guided-birdwatching-holidays","8":"product_cat-self-guided-tours-portugal","9":"product_tag-algarve","10":"product_tag-alleine-reisen","11":"product_tag-best-birding-spots","12":"product_tag-bird-watching","13":"product_tag-birding","14":"product_tag-birdwatching","15":"product_tag-birdwatching-algarve","16":"product_tag-birdwatching-portugal","17":"product_tag-birdwatching-tour-in-the-algarve","18":"product_tag-black-tailed-godwits","19":"product_tag-black-winged-kite","20":"product_tag-blackheaded-weaver","21":"product_tag-booted-eagles","22":"product_tag-collared-pratincole","23":"product_tag-european-bee-eater","24":"product_tag-ferruginous-duck","25":"product_tag-fly-drive","26":"product_tag-holidays","27":"product_tag-individuelle-touren","28":"product_tag-kentish-plover","29":"product_tag-little-bittern","30":"product_tag-little-stints","31":"product_tag-little-tern","32":"product_tag-marsh-harriers","33":"product_tag-nature-observation","34":"product_tag-nature-walks","35":"product_tag-penduline-tits","36":"product_tag-portugal","37":"product_tag-purple-heron","38":"product_tag-purple-swamp-hen","39":"product_tag-ramsar","40":"product_tag-red-crested-pochard","41":"product_tag-red-necked-nightjar","42":"product_tag-ria-formosa","43":"product_tag-ria-formosa-natural-park","44":"product_tag-ringed-plovers","45":"product_tag-sejour-en-liberte","46":"product_tag-self-guided","47":"product_tag-self-guided-birdwatching","48":"product_tag-self-guided-holidays","49":"product_tag-self-guided-tours","50":"product_tag-solo-reisen","51":"product_tag-southern-grey-shrikes","52":"product_tag-sunny-winters","53":"product_tag-tavira","54":"product_tag-tours-autoguidees","55":"product_tag-tours-in-portugal","56":"product_tag-vacations","57":"product_tag-voyage-en-liberte","58":"product_tag-voyages-en-autonomie","59":"product_tag-wintering-birds","60":"product_tag-woodchat","62":"first","63":"instock","64":"virtual","65":"product-type-simple"},"acf":[],"yoast_head":"<!-- This site is optimized with the Yoast SEO Premium plugin v26.8 (Yoast SEO v27.5) - https:\/\/yoast.com\/product\/yoast-seo-premium-wordpress\/ -->\n<title>Birding Holiday in Tavira and the Ria Formosa - Your Nemesis Bird Destination - Legendary Adventure DMC Portugal<\/title>\n<meta name=\"description\" content=\"The Algarve wet areas hold hundreds of endemic bird species. This personalised self-drive birdwatching tour shows the best birding spots of the Ria Formosa.\" \/>\n<meta name=\"robots\" content=\"index, follow, max-snippet:-1, max-image-preview:large, max-video-preview:-1\" \/>\n<link rel=\"canonical\" href=\"https:\/\/legendatours.com\/fr\/produit\/birding-in-tavira-and-the-ria-formosa-fly-drive-3300s\/\" \/>\n<meta property=\"og:locale\" content=\"fr_FR\" \/>\n<meta property=\"og:type\" content=\"article\" \/>\n<meta property=\"og:title\" content=\"Birding Holiday in Tavira and the Ria Formosa - Your Nemesis Bird Destination\" \/>\n<meta property=\"og:description\" content=\"The Algarve wet areas hold hundreds of endemic bird species. This personalised self-drive birdwatching tour shows the best birding spots of the Ria Formosa.\" \/>\n<meta property=\"og:url\" content=\"https:\/\/legendatours.com\/fr\/produit\/birding-in-tavira-and-the-ria-formosa-fly-drive-3300s\/\" \/>\n<meta property=\"og:site_name\" content=\"Legendary Adventure DMC Portugal\" \/>\n<meta property=\"article:publisher\" content=\"https:\/\/www.facebook.com\/legendaryadventuredmc\/\" \/>\n<meta property=\"article:modified_time\" content=\"2025-03-03T17:17:32+00:00\" \/>\n<meta property=\"og:image\" content=\"https:\/\/legendatours.com\/wp-content\/uploads\/sites\/12\/2021\/04\/riaformosa_nemesis_bird_destination-e1611676768506.jpg\" \/>\n\t<meta property=\"og:image:width\" content=\"1024\" \/>\n\t<meta property=\"og:image:height\" content=\"686\" \/>\n\t<meta property=\"og:image:type\" content=\"image\/jpeg\" \/>\n<meta name=\"twitter:card\" content=\"summary_large_image\" \/>\n<meta name=\"twitter:label1\" content=\"Dur\u00e9e de lecture estim\u00e9e\" \/>\n\t<meta name=\"twitter:data1\" content=\"3 minutes\" \/>\n<script type=\"application\/ld+json\" class=\"yoast-schema-graph\">{\"@context\":\"https:\\\/\\\/schema.org\",\"@graph\":[{\"@type\":\"WebPage\",\"@id\":\"https:\\\/\\\/legendatours.com\\\/product\\\/birding-in-tavira-and-the-ria-formosa-fly-drive-3300s\\\/\",\"url\":\"https:\\\/\\\/legendatours.com\\\/product\\\/birding-in-tavira-and-the-ria-formosa-fly-drive-3300s\\\/\",\"name\":\"Birding Holiday in Tavira and the Ria Formosa - Your Nemesis Bird Destination - Legendary Adventure DMC Portugal\",\"isPartOf\":{\"@id\":\"https:\\\/\\\/legendatours.com\\\/#website\"},\"primaryImageOfPage\":{\"@id\":\"https:\\\/\\\/legendatours.com\\\/product\\\/birding-in-tavira-and-the-ria-formosa-fly-drive-3300s\\\/#primaryimage\"},\"image\":{\"@id\":\"https:\\\/\\\/legendatours.com\\\/product\\\/birding-in-tavira-and-the-ria-formosa-fly-drive-3300s\\\/#primaryimage\"},\"thumbnailUrl\":\"https:\\\/\\\/legendatours.com\\\/wp-content\\\/uploads\\\/sites\\\/12\\\/2021\\\/04\\\/riaformosa_nemesis_bird_destination-e1611676768506.jpg\",\"datePublished\":\"2020-03-06T15:04:24+00:00\",\"dateModified\":\"2025-03-03T17:17:32+00:00\",\"description\":\"The Algarve wet areas hold hundreds of endemic bird species. This personalised self-drive birdwatching tour shows the best birding spots of the Ria Formosa.\",\"breadcrumb\":{\"@id\":\"https:\\\/\\\/legendatours.com\\\/product\\\/birding-in-tavira-and-the-ria-formosa-fly-drive-3300s\\\/#breadcrumb\"},\"inLanguage\":\"fr-FR\",\"potentialAction\":[{\"@type\":\"ReadAction\",\"target\":[\"https:\\\/\\\/legendatours.com\\\/product\\\/birding-in-tavira-and-the-ria-formosa-fly-drive-3300s\\\/\"]}]},{\"@type\":\"ImageObject\",\"inLanguage\":\"fr-FR\",\"@id\":\"https:\\\/\\\/legendatours.com\\\/product\\\/birding-in-tavira-and-the-ria-formosa-fly-drive-3300s\\\/#primaryimage\",\"url\":\"https:\\\/\\\/legendatours.com\\\/wp-content\\\/uploads\\\/sites\\\/12\\\/2021\\\/04\\\/riaformosa_nemesis_bird_destination-e1611676768506.jpg\",\"contentUrl\":\"https:\\\/\\\/legendatours.com\\\/wp-content\\\/uploads\\\/sites\\\/12\\\/2021\\\/04\\\/riaformosa_nemesis_bird_destination-e1611676768506.jpg\",\"width\":1024,\"height\":686,\"caption\":\"Ria Formosa Birdwatching\"},{\"@type\":\"BreadcrumbList\",\"@id\":\"https:\\\/\\\/legendatours.com\\\/product\\\/birding-in-tavira-and-the-ria-formosa-fly-drive-3300s\\\/#breadcrumb\",\"itemListElement\":[{\"@type\":\"ListItem\",\"position\":1,\"name\":\"Home\",\"item\":\"https:\\\/\\\/legendatours.com\\\/\"},{\"@type\":\"ListItem\",\"position\":2,\"name\":\"Shop\",\"item\":\"https:\\\/\\\/legendatours.com\\\/sv\\\/?page_id=4\"},{\"@type\":\"ListItem\",\"position\":3,\"name\":\"Birding in Tavira and Ria Formosa: Your Nemesis Bird Destination is a 5 days Self-Guided Tour with Car based in one of the most typical and quaint towns in the Algarve, Tavira. The Algarve region is a famous summer resort, but is also an amazing site for nature observation, being home for hundreds of endemic bird species, and a wintering and feeding station for many others, which thrive in its rich wetlands, saltmarshes, saltpans, and woods.\"}]},{\"@type\":\"WebSite\",\"@id\":\"https:\\\/\\\/legendatours.com\\\/#website\",\"url\":\"https:\\\/\\\/legendatours.com\\\/\",\"name\":\"Legendary Adventure DMC Portugal\",\"description\":\"Responsible Walking &amp; Nature Holidays in Portugal\",\"publisher\":{\"@id\":\"https:\\\/\\\/legendatours.com\\\/#organization\"},\"alternateName\":\"Legendary Adventure Portugal\",\"potentialAction\":[{\"@type\":\"SearchAction\",\"target\":{\"@type\":\"EntryPoint\",\"urlTemplate\":\"https:\\\/\\\/legendatours.com\\\/?s={search_term_string}\"},\"query-input\":{\"@type\":\"PropertyValueSpecification\",\"valueRequired\":true,\"valueName\":\"search_term_string\"}}],\"inLanguage\":\"fr-FR\"},{\"@type\":\"Organization\",\"@id\":\"https:\\\/\\\/legendatours.com\\\/#organization\",\"name\":\"legendatours.com\",\"url\":\"https:\\\/\\\/legendatours.com\\\/\",\"logo\":{\"@type\":\"ImageObject\",\"inLanguage\":\"fr-FR\",\"@id\":\"https:\\\/\\\/legendatours.com\\\/#\\\/schema\\\/logo\\\/image\\\/\",\"url\":\"https:\\\/\\\/legendatours.com\\\/wp-content\\\/uploads\\\/sites\\\/12\\\/2021\\\/06\\\/legendary_adventure_dmc.png\",\"contentUrl\":\"https:\\\/\\\/legendatours.com\\\/wp-content\\\/uploads\\\/sites\\\/12\\\/2021\\\/06\\\/legendary_adventure_dmc.png\",\"width\":250,\"height\":74,\"caption\":\"legendatours.com\"},\"image\":{\"@id\":\"https:\\\/\\\/legendatours.com\\\/#\\\/schema\\\/logo\\\/image\\\/\"},\"sameAs\":[\"https:\\\/\\\/www.facebook.com\\\/legendaryadventuredmc\\\/\",\"https:\\\/\\\/www.linkedin.com\\\/company\\\/legendary-adventure-dmc-portugal\",\"https:\\\/\\\/www.youtube.com\\\/channel\\\/UCOIRDx_KM6ynIcacQkZjb6g\"]}]}<\/script>\n<!-- \/ Yoast SEO Premium plugin. -->","yoast_head_json":{"title":"Vacances d&#039;observation des oiseaux \u00e0 Tavira et la Ria Formosa - Votre destination d&#039;oiseau Nemesis - Aventure l\u00e9gendaire DMC Portugal","description":"Les zones humides de l&#039;Algarve abritent des centaines d&#039;esp\u00e8ces d&#039;oiseaux end\u00e9miques. Cette visite personnalis\u00e9e d&#039;observation des oiseaux en voiture montre les meilleurs sites d&#039;observation des oiseaux de la Ria Formosa.","robots":{"index":"index","follow":"follow","max-snippet":"max-snippet:-1","max-image-preview":"max-image-preview:large","max-video-preview":"max-video-preview:-1"},"canonical":"https:\/\/legendatours.com\/fr\/produit\/birding-in-tavira-and-the-ria-formosa-fly-drive-3300s\/","og_locale":"fr_FR","og_type":"article","og_title":"Birding Holiday in Tavira and the Ria Formosa - Your Nemesis Bird Destination","og_description":"The Algarve wet areas hold hundreds of endemic bird species. This personalised self-drive birdwatching tour shows the best birding spots of the Ria Formosa.","og_url":"https:\/\/legendatours.com\/fr\/produit\/birding-in-tavira-and-the-ria-formosa-fly-drive-3300s\/","og_site_name":"Legendary Adventure DMC Portugal","article_publisher":"https:\/\/www.facebook.com\/legendaryadventuredmc\/","article_modified_time":"2025-03-03T17:17:32+00:00","og_image":[{"width":1024,"height":686,"url":"https:\/\/legendatours.com\/wp-content\/uploads\/sites\/12\/2021\/04\/riaformosa_nemesis_bird_destination-e1611676768506.jpg","type":"image\/jpeg"}],"twitter_card":"summary_large_image","twitter_misc":{"Dur\u00e9e de lecture estim\u00e9e":"3 minutes"},"schema":{"@context":"https:\/\/schema.org","@graph":[{"@type":"WebPage","@id":"https:\/\/legendatours.com\/product\/birding-in-tavira-and-the-ria-formosa-fly-drive-3300s\/","url":"https:\/\/legendatours.com\/product\/birding-in-tavira-and-the-ria-formosa-fly-drive-3300s\/","name":"Vacances d&#039;observation des oiseaux \u00e0 Tavira et la Ria Formosa - Votre destination d&#039;oiseau Nemesis - Aventure l\u00e9gendaire DMC Portugal","isPartOf":{"@id":"https:\/\/legendatours.com\/#website"},"primaryImageOfPage":{"@id":"https:\/\/legendatours.com\/product\/birding-in-tavira-and-the-ria-formosa-fly-drive-3300s\/#primaryimage"},"image":{"@id":"https:\/\/legendatours.com\/product\/birding-in-tavira-and-the-ria-formosa-fly-drive-3300s\/#primaryimage"},"thumbnailUrl":"https:\/\/legendatours.com\/wp-content\/uploads\/sites\/12\/2021\/04\/riaformosa_nemesis_bird_destination-e1611676768506.jpg","datePublished":"2020-03-06T15:04:24+00:00","dateModified":"2025-03-03T17:17:32+00:00","description":"Les zones humides de l&#039;Algarve abritent des centaines d&#039;esp\u00e8ces d&#039;oiseaux end\u00e9miques. Cette visite personnalis\u00e9e d&#039;observation des oiseaux en voiture montre les meilleurs sites d&#039;observation des oiseaux de la Ria Formosa.","breadcrumb":{"@id":"https:\/\/legendatours.com\/product\/birding-in-tavira-and-the-ria-formosa-fly-drive-3300s\/#breadcrumb"},"inLanguage":"fr-FR","potentialAction":[{"@type":"ReadAction","target":["https:\/\/legendatours.com\/product\/birding-in-tavira-and-the-ria-formosa-fly-drive-3300s\/"]}]},{"@type":"ImageObject","inLanguage":"fr-FR","@id":"https:\/\/legendatours.com\/product\/birding-in-tavira-and-the-ria-formosa-fly-drive-3300s\/#primaryimage","url":"https:\/\/legendatours.com\/wp-content\/uploads\/sites\/12\/2021\/04\/riaformosa_nemesis_bird_destination-e1611676768506.jpg","contentUrl":"https:\/\/legendatours.com\/wp-content\/uploads\/sites\/12\/2021\/04\/riaformosa_nemesis_bird_destination-e1611676768506.jpg","width":1024,"height":686,"caption":"Ria Formosa Birdwatching"},{"@type":"BreadcrumbList","@id":"https:\/\/legendatours.com\/product\/birding-in-tavira-and-the-ria-formosa-fly-drive-3300s\/#breadcrumb","itemListElement":[{"@type":"ListItem","position":1,"name":"Home","item":"https:\/\/legendatours.com\/"},{"@type":"ListItem","position":2,"name":"Shop","item":"https:\/\/legendatours.com\/sv\/?page_id=4"},{"@type":"ListItem","position":3,"name":"Birding in Tavira and Ria Formosa: Your Nemesis Bird Destination is a 5 days Self-Guided Tour with Car based in one of the most typical and quaint towns in the Algarve, Tavira. The Algarve region is a famous summer resort, but is also an amazing site for nature observation, being home for hundreds of endemic bird species, and a wintering and feeding station for many others, which thrive in its rich wetlands, saltmarshes, saltpans, and woods."}]},{"@type":"WebSite","@id":"https:\/\/legendatours.com\/#website","url":"https:\/\/legendatours.com\/","name":"Aventure l\u00e9gendaire DMC Portugal","description":"Randonn\u00e9es responsables et vacances nature au Portugal","publisher":{"@id":"https:\/\/legendatours.com\/#organization"},"alternateName":"Legendary Adventure Portugal","potentialAction":[{"@type":"SearchAction","target":{"@type":"EntryPoint","urlTemplate":"https:\/\/legendatours.com\/?s={search_term_string}"},"query-input":{"@type":"PropertyValueSpecification","valueRequired":true,"valueName":"search_term_string"}}],"inLanguage":"fr-FR"},{"@type":"Organization","@id":"https:\/\/legendatours.com\/#organization","name":"legendatours.com","url":"https:\/\/legendatours.com\/","logo":{"@type":"ImageObject","inLanguage":"fr-FR","@id":"https:\/\/legendatours.com\/#\/schema\/logo\/image\/","url":"https:\/\/legendatours.com\/wp-content\/uploads\/sites\/12\/2021\/06\/legendary_adventure_dmc.png","contentUrl":"https:\/\/legendatours.com\/wp-content\/uploads\/sites\/12\/2021\/06\/legendary_adventure_dmc.png","width":250,"height":74,"caption":"legendatours.com"},"image":{"@id":"https:\/\/legendatours.com\/#\/schema\/logo\/image\/"},"sameAs":["https:\/\/www.facebook.com\/legendaryadventuredmc\/","https:\/\/www.linkedin.com\/company\/legendary-adventure-dmc-portugal","https:\/\/www.youtube.com\/channel\/UCOIRDx_KM6ynIcacQkZjb6g"]}]}},"_links":{"self":[{"href":"https:\/\/legendatours.com\/fr\/wp-json\/wp\/v2\/product\/8345","targetHints":{"allow":["GET"]}}],"collection":[{"href":"https:\/\/legendatours.com\/fr\/wp-json\/wp\/v2\/product"}],"about":[{"href":"https:\/\/legendatours.com\/fr\/wp-json\/wp\/v2\/types\/product"}],"replies":[{"embeddable":true,"href":"https:\/\/legendatours.com\/fr\/wp-json\/wp\/v2\/comments?post=8345"}],"wp:featuredmedia":[{"embeddable":true,"href":"https:\/\/legendatours.com\/fr\/wp-json\/wp\/v2\/media\/8343"}],"wp:attachment":[{"href":"https:\/\/legendatours.com\/fr\/wp-json\/wp\/v2\/media?parent=8345"}],"wp:term":[{"taxonomy":"product_brand","embeddable":true,"href":"https:\/\/legendatours.com\/fr\/wp-json\/wp\/v2\/product_brand?post=8345"},{"taxonomy":"product_cat","embeddable":true,"href":"https:\/\/legendatours.com\/fr\/wp-json\/wp\/v2\/product_cat?post=8345"},{"taxonomy":"product_tag","embeddable":true,"href":"https:\/\/legendatours.com\/fr\/wp-json\/wp\/v2\/product_tag?post=8345"}],"curies":[{"name":"wp","href":"https:\/\/api.w.org\/{rel}","templated":true}]}}