{"id":8362,"date":"2020-03-06T15:03:11","date_gmt":"2020-03-06T15:03:11","guid":{"rendered":"https:\/\/legendatours.com\/product\/birding-holidays-under-blue-skyes-the-great-bustard-adventure\/"},"modified":"2025-03-03T17:18:22","modified_gmt":"2025-03-03T17:18:22","slug":"birding-under-blue-skyes-the-great-bustard-adventure-fly-drive-3201s","status":"publish","type":"product","link":"https:\/\/legendatours.com\/fr\/produit\/birding-under-blue-skyes-the-great-bustard-adventure-fly-drive-3201s\/","title":{"rendered":"Birding Holidays Under Blue Skyes: The Great Outard Adventure"},"content":{"rendered":"<p>Birding Under Blue Skies: The Great Outard Adventure est une excursion d&#039;observation des oiseaux en auto-conduite, con\u00e7ue par des ornithologues professionnels locaux pour vous aider \u00e0 voir autant d&#039;avifaune et de flore que possible, y compris l&#039;\u00e9nigmatique Great Outard! Pour profiter pleinement de cette visite personnalis\u00e9e, vous serez log\u00e9 au c\u0153ur de Monte Gordo, avec un acc\u00e8s facile \u00e0 une multitude de param\u00e8tres d&#039;observation d&#039;oiseaux, au-del\u00e0 de la liste de vie de tout ornithologue\u00a0!<\/p>\n<p>Entre les plages de sable de la c\u00f4te est et le fleuve Guadiana, se trouve un petit village de p\u00eacheurs. Monte Gordo avec son climat chaud, ses routes et ses boutiques traditionnelles, ses dunes de sable, ses pin\u00e8des et ses c\u00e9l\u00e8bres fruits de mer frais est une base id\u00e9ale pour nos vacances d&#039;observation des oiseaux.<\/p>\n<div id=\"attachment_1748\" style=\"width: 1034px\" class=\"wp-caption alignnone\"><img loading=\"lazy\" decoding=\"async\" aria-describedby=\"caption-attachment-1748\" class=\"wp-image-1748 size-large\" title=\"Grandes outardes\" src=\"https:\/\/legendatours.net\/wp-content\/uploads\/2020\/03\/Great_Bustards-1024x683.jpg\" alt=\"Great Bustards\" width=\"1024\" height=\"683\" \/><p id=\"caption-attachment-1748\" class=\"wp-caption-text\">Les grandes outardes, l&#039;un des oiseaux volants les plus lourds du monde, habitent une vaste zone de campagne uniforme dans le Baixo Alentejo - Photo Peter Dedicoat<\/p><\/div>\n<p>Son emplacement privil\u00e9gi\u00e9 pr\u00e8s de l&#039;estuaire du Guadiana est dot\u00e9 d&#039;\u00e9cosyst\u00e8mes naturels sp\u00e9ciaux et diversifi\u00e9s, abritant des centaines d&#039;esp\u00e8ces d&#039;oiseaux, dont certaines sont end\u00e9miques et typiques des habitats m\u00e9diterran\u00e9ens.<\/p>\n<p>Bas\u00e9 dans certaines zones humides importantes de l&#039;Algarve, notamment le parc naturel de Ria Formosa, l&#039;estuaire du Guadiana et la r\u00e9serve naturelle de Castro Marim, cette excursion d&#039;observation des oiseaux comprend une excursion dans l&#039;Alentejo, pour observer l&#039;insaisissable grande outarde, l&#039;un des oiseaux les plus lourds, et aussi une journ\u00e9e libre, pour vous donner l&#039;occasion d&#039;explorer.<\/p>\n<p>Le parc naturel de Ria Formosa rev\u00eat une importance particuli\u00e8re en tant que zone d&#039;hivernage pour de nombreux oiseaux du nord de l&#039;Europe et en tant que station de repos et d&#039;alimentation pour les oiseaux migrant entre l&#039;Afrique et l&#039;Europe. La zone est class\u00e9e en vertu de la Convention de Ramsar comme zone humide d&#039;importance internationale et comme zone de protection sp\u00e9ciale en vertu de la directive de l&#039;UE sur la conservation des oiseaux sauvages.<\/p>\n<div id=\"attachment_1723\" style=\"width: 1034px\" class=\"wp-caption alignnone\"><img loading=\"lazy\" decoding=\"async\" aria-describedby=\"caption-attachment-1723\" class=\"wp-image-1723 size-large\" title=\"Ibis brillant\" src=\"https:\/\/legendatours.net\/wp-content\/uploads\/2020\/03\/Glossy-Ibis-1024x683.jpg\" alt=\"Glossy Ibis\" width=\"1024\" height=\"683\" \/><p id=\"caption-attachment-1723\" class=\"wp-caption-text\">Ibis brillant \u2013 Photo Peter Dedicoat<\/p><\/div>\n<p>Parmi les autres esp\u00e8ces, vous pouvez rencontrer la Barge \u00e0 queue noire, le Gravelot, le Petit Blongios, le Petit Blongios, la Poule des marais, le H\u00e9ron pourpre, la Fuligule hupp\u00e9e, le Pratincole \u00e0 collier, le Pluvier siffleur, le Gu\u00eapier d&#039;Europe, l&#039;Engoulevent \u00e0 cou roux, Woodchat, et Pie-gri\u00e8che grise du Sud, et Sterne naine. Les Busards des roseaux y r\u00e9sident, ainsi qu&#039;un petit nombre d&#039;Aigles bott\u00e9s, que l&#039;on voit d\u00e9sormais r\u00e9guli\u00e8rement en hiver. O\u00f9 en saison, le canard rouilleux, le h\u00e9ron pourpre, le cerf-volant \u00e0 ailes noires, les m\u00e9sanges pendulines et le tisserand \u00e0 t\u00eate noire peuvent \u00eatre trouv\u00e9s.<\/p>\n<p>N\u00e9 dans les collines espagnoles, le fleuve Guadiana marque la fronti\u00e8re entre le Portugal et l&#039;Espagne et serpente \u00e0 travers les collines couvertes de ciste, d&#039;olivier, de caroubier et d&#039;amandier, et les maisons traditionnelles en schiste. La r\u00e9gion abrite d&#039;innombrables esp\u00e8ces de faune et de flore.<\/p>\n<div id=\"attachment_1695\" style=\"width: 1034px\" class=\"wp-caption alignnone\"><img loading=\"lazy\" decoding=\"async\" aria-describedby=\"caption-attachment-1695\" class=\"wp-image-1695 size-large\" title=\"Observation des oiseaux Gu\u00eapier d&#039;Europe en Algarve\" src=\"https:\/\/legendatours.net\/wp-content\/uploads\/2020\/05\/Birdwatching-Algarve-European-Bee-eater-1024x683.jpg\" alt=\"Birdwatching Algarve European Bee-eater\" width=\"1024\" height=\"683\" \/><p id=\"caption-attachment-1695\" class=\"wp-caption-text\">Observation des oiseaux Gu\u00eapier d&#039;Europe en Algarve - Photo Peter Dedicoat<\/p><\/div>\n<p>\u00c0 l&#039;est de Monte Gordo, la r\u00e9serve naturelle de Castro Marim pr\u00e9sente aux visiteurs des aper\u00e7us de chardonnerets europ\u00e9ens, de lianes \u00e0 doigts courts et de parulines sardes, pour n&#039;en nommer que quelques-uns. Aux salines, il est possible d&#039;observer plusieurs esp\u00e8ces d&#039;oiseaux aquatiques, dont la mouette d&#039;Audouin, la sterne naine, la glar\u00e9ole \u00e0 collier et la bergeronnette printani\u00e8re (printemps\/\u00e9t\u00e9)\u00a0; Tadorne caspelle, canard souchet, gr\u00e8be \u00e0 cou noir et sterne caspienne.<\/p>\n<p>Toute l&#039;ann\u00e9e, il est possible de trouver des flamants roses, des \u00e9chasses \u00e0 ailes noires, des spatules, des chevaliers verts et des avocettes. Le martin-p\u00eacheur est r\u00e9gulier \u00e0 cet endroit et, pendant les p\u00e9riodes de migration, la Guifette noire y arrive souvent.<\/p>\n<p>Cette visite d&#039;observation des oiseaux autoguid\u00e9e vous permettra de prendre votre temps et de vous adonner aux activit\u00e9s de votre choix, du simple plaisir d&#039;observer les oiseaux dans leurs habitats naturels; photographie de nature en g\u00e9n\u00e9ral et photographie d&#039;oiseaux en particulier; peinture et illustration; recherche scientifique; la poursuite des raret\u00e9s (twitching), etc.<\/p>\n<div id=\"attachment_1961\" style=\"width: 1034px\" class=\"wp-caption alignnone\"><img loading=\"lazy\" decoding=\"async\" aria-describedby=\"caption-attachment-1961\" class=\"wp-image-1961 size-large\" title=\"Chevalier gambette\" src=\"https:\/\/legendatours.net\/wp-content\/uploads\/2020\/03\/Common-Redshank-1024x683.jpg\" alt=\"Common Redshank\" width=\"1024\" height=\"683\" \/><p id=\"caption-attachment-1961\" class=\"wp-caption-text\">Chevalier arlequin \u2013 Photo Peter Dedicoat<\/p><\/div>\n<p>L&#039;observation et le contact avec la nature sont un v\u00e9ritable baume aux bienfaits innombrables !<\/p>\n<p>Les notes d&#039;itin\u00e9raire sont con\u00e7ues pour \u00eatre un guide de terrain simple et facile \u00e0 utiliser pour tous ceux qui aiment observer les oiseaux dans leur habitat naturel. Chaque itin\u00e9raire est accompagn\u00e9 d&#039;une carte et d&#039;une description indiquant comment s&#039;y rendre, les esp\u00e8ces les plus int\u00e9ressantes qui s&#039;y trouvent et divers conseils sur la meilleure fa\u00e7on de visiter.<\/p>\n<p>Nous veillerons \u00e0 ce que vous passiez une exp\u00e9rience inoubliable, sans recherche fastidieuse de lieux de s\u00e9jour, sans recherche sur les meilleurs sites d&#039;observation des oiseaux - nos visites sont compl\u00e8tes et surtout parfaitement pens\u00e9es et organis\u00e9es ! La visite est con\u00e7ue pour \u00eatre appr\u00e9ci\u00e9e quel que soit votre niveau de capacit\u00e9 et d&#039;expertise en observation des oiseaux.<\/p>\n<div class=\"row\">\n<div class=\"column\" style=\"flex: 45%\">\n<p><iframe loading=\"lazy\" title=\"Castro Marim\" width=\"1080\" height=\"608\" src=\"https:\/\/www.youtube.com\/embed\/sbJjXvbNWho?list=PL_6Umd8jb1qvBUfpmdNirAfZNGPDknjjw\" frameborder=\"0\" allow=\"accelerometer; autoplay; clipboard-write; encrypted-media; gyroscope; picture-in-picture\" allowfullscreen><\/iframe><\/p>\n<\/div>\n<div class=\"column\" style=\"flex: 10%\"><\/div>\n<div class=\"column\" style=\"flex: 45%\">\n<p><iframe loading=\"lazy\" title=\"IAA | Centro de Educa\u00e7\u00e3o Ambiental do Vale Gon\u00e7alinho ea estepe cereal\u00edfera de Castro Verde\" width=\"1080\" height=\"608\" src=\"https:\/\/www.youtube.com\/embed\/FW0VbEbC0cw?feature=oembed\" frameborder=\"0\" allow=\"accelerometer; autoplay; clipboard-write; encrypted-media; gyroscope; picture-in-picture\" allowfullscreen><\/iframe><\/p>\n<\/div>\n<\/div>\n<p><iframe loading=\"lazy\" title=\"IAA | CEAVG - Centro de Educa\u00e7\u00e3o Ambiental do Vale Gon\u00e7alinho_Video Institucional PT\" width=\"1080\" height=\"608\" src=\"https:\/\/www.youtube.com\/embed\/EkOB_oYZ5wQ?feature=oembed\" frameborder=\"0\" allow=\"accelerometer; autoplay; clipboard-write; encrypted-media; gyroscope; picture-in-picture\" allowfullscreen><\/iframe><\/p>","protected":false},"excerpt":{"rendered":"<p>Birding Under Blue Skies: The Great Outard Adventure est une excursion d&#039;observation des oiseaux en voiture, con\u00e7ue par des ornithologues professionnels locaux pour vous aider \u00e0 voir autant d&#039;avifaune et de flore que possible, y compris l&#039;\u00e9nigmatique Great Outard! Afin de profiter pleinement de cette visite personnalis\u00e9e, vous serez log\u00e9 au c\u0153ur de Monte Gordo, avec un acc\u00e8s facile \u00e0 une multitude de param\u00e8tres d&#039;observation d&#039;oiseaux, au-del\u00e0 de la liste de vie de tout ornithologue\u00a0!<\/p>","protected":false},"featured_media":7661,"comment_status":"closed","ping_status":"closed","template":"","meta":{"_acf_changed":false,"inline_featured_image":false},"product_brand":[],"product_cat":[327,778,301],"product_tag":[147,306,424,425,427,428,429,433,434,436,437,438,439,440,441,442,779,1000,160,313,443,444,445,446,447,449,162,397,450,60,451,452,453,454,455,168,169,456,319,328,780,777,781,322,457,173,465,324,68,177,325,326,458,459],"class_list":{"0":"post-8362","1":"product","2":"type-product","3":"status-publish","4":"has-post-thumbnail","6":"product_cat-self-drive-holidays-portugal","7":"product_cat-portugal-self-guided-birdwatching-holidays","8":"product_cat-self-guided-tours-portugal","9":"product_tag-algarve","10":"product_tag-alleine-reisen","11":"product_tag-best-birding-spots","12":"product_tag-best-of-the-algarvian-bird-life","13":"product_tag-bird-watching-tours","14":"product_tag-bird-watching","15":"product_tag-birding","16":"product_tag-birdwatching","17":"product_tag-birdwatching-algarve","18":"product_tag-black-tailed-godwits","19":"product_tag-black-winged-kite","20":"product_tag-blackheaded-weaver","21":"product_tag-booted-eagles","22":"product_tag-collared-pratincole","23":"product_tag-european-bee-eater","24":"product_tag-ferruginous-duck","25":"product_tag-fly-drive","26":"product_tag-great-bustard","27":"product_tag-holidays","28":"product_tag-individuelle-touren","29":"product_tag-kentish-plover","30":"product_tag-little-bittern","31":"product_tag-little-stints","32":"product_tag-little-tern","33":"product_tag-marsh-harriers","34":"product_tag-nature-observation","35":"product_tag-nature-walks","36":"product_tag-observe-birds","37":"product_tag-penduline-tits","38":"product_tag-portugal","39":"product_tag-purple-heron","40":"product_tag-purple-swamp-hen","41":"product_tag-ramsar","42":"product_tag-red-crested-pochard","43":"product_tag-red-necked-nightjar","44":"product_tag-ria-formosa","45":"product_tag-ria-formosa-natural-park","46":"product_tag-ringed-plovers","47":"product_tag-sejour-en-liberte","48":"product_tag-self-guided","49":"product_tag-self-guided-birdwatching","50":"product_tag-self-guided-holidays","51":"product_tag-self-guided-tours","52":"product_tag-solo-reisen","53":"product_tag-southern-grey-shrikes","54":"product_tag-sunny-winters","55":"product_tag-top-class-birding","56":"product_tag-tours-autoguidees","57":"product_tag-tours-in-portugal","58":"product_tag-vacations","59":"product_tag-voyage-en-liberte","60":"product_tag-voyages-en-autonomie","61":"product_tag-wintering-birds","62":"product_tag-woodchat","64":"first","65":"instock","66":"virtual","67":"product-type-simple"},"acf":[],"yoast_head":"<!-- This site is optimized with the Yoast SEO Premium plugin v26.8 (Yoast SEO v27.4) - https:\/\/yoast.com\/product\/yoast-seo-premium-wordpress\/ -->\n<title>Birding Holidays Under Blue Skyes: The Great Bustard Adventure - Legendary Adventure DMC Portugal<\/title>\n<meta name=\"description\" content=\"A personalised Self-Drive Birdwatching tour with easy access to the region&#039;s best birding spots. Includes a trip to see the enigmatic Great Bustard!\" \/>\n<meta name=\"robots\" content=\"index, follow, max-snippet:-1, max-image-preview:large, max-video-preview:-1\" \/>\n<link rel=\"canonical\" href=\"https:\/\/legendatours.com\/fr\/produit\/birding-under-blue-skyes-the-great-bustard-adventure-fly-drive-3201s\/\" \/>\n<meta property=\"og:locale\" content=\"fr_FR\" \/>\n<meta property=\"og:type\" content=\"article\" \/>\n<meta property=\"og:title\" content=\"Birding Holidays Under Blue Skyes: The Great Bustard Adventure\" \/>\n<meta property=\"og:description\" content=\"A personalised Self-Drive Birdwatching tour with easy access to the region&#039;s best birding spots. Includes a trip to see the enigmatic Great Bustard!\" \/>\n<meta property=\"og:url\" content=\"https:\/\/legendatours.com\/fr\/produit\/birding-under-blue-skyes-the-great-bustard-adventure-fly-drive-3201s\/\" \/>\n<meta property=\"og:site_name\" content=\"Legendary Adventure DMC Portugal\" \/>\n<meta property=\"article:publisher\" content=\"https:\/\/www.facebook.com\/legendaryadventuredmc\/\" \/>\n<meta property=\"article:modified_time\" content=\"2025-03-03T17:18:22+00:00\" \/>\n<meta property=\"og:image\" content=\"https:\/\/legendatours.com\/wp-content\/uploads\/sites\/12\/2021\/04\/Great_bustard_birdwatching-e1611676653444.jpg\" \/>\n\t<meta property=\"og:image:width\" content=\"1024\" \/>\n\t<meta property=\"og:image:height\" content=\"672\" \/>\n\t<meta property=\"og:image:type\" content=\"image\/jpeg\" \/>\n<meta name=\"twitter:card\" content=\"summary_large_image\" \/>\n<meta name=\"twitter:label1\" content=\"Dur\u00e9e de lecture estim\u00e9e\" \/>\n\t<meta name=\"twitter:data1\" content=\"4 minutes\" \/>\n<script type=\"application\/ld+json\" class=\"yoast-schema-graph\">{\"@context\":\"https:\\\/\\\/schema.org\",\"@graph\":[{\"@type\":\"WebPage\",\"@id\":\"https:\\\/\\\/legendatours.com\\\/product\\\/birding-under-blue-skyes-the-great-bustard-adventure-fly-drive-3201s\\\/\",\"url\":\"https:\\\/\\\/legendatours.com\\\/product\\\/birding-under-blue-skyes-the-great-bustard-adventure-fly-drive-3201s\\\/\",\"name\":\"Birding Holidays Under Blue Skyes: The Great Bustard Adventure - Legendary Adventure DMC Portugal\",\"isPartOf\":{\"@id\":\"https:\\\/\\\/legendatours.com\\\/#website\"},\"primaryImageOfPage\":{\"@id\":\"https:\\\/\\\/legendatours.com\\\/product\\\/birding-under-blue-skyes-the-great-bustard-adventure-fly-drive-3201s\\\/#primaryimage\"},\"image\":{\"@id\":\"https:\\\/\\\/legendatours.com\\\/product\\\/birding-under-blue-skyes-the-great-bustard-adventure-fly-drive-3201s\\\/#primaryimage\"},\"thumbnailUrl\":\"https:\\\/\\\/legendatours.com\\\/wp-content\\\/uploads\\\/sites\\\/12\\\/2021\\\/04\\\/Great_bustard_birdwatching-e1611676653444.jpg\",\"datePublished\":\"2020-03-06T15:03:11+00:00\",\"dateModified\":\"2025-03-03T17:18:22+00:00\",\"description\":\"A personalised Self-Drive Birdwatching tour with easy access to the region's best birding spots. Includes a trip to see the enigmatic Great Bustard!\",\"breadcrumb\":{\"@id\":\"https:\\\/\\\/legendatours.com\\\/product\\\/birding-under-blue-skyes-the-great-bustard-adventure-fly-drive-3201s\\\/#breadcrumb\"},\"inLanguage\":\"fr-FR\",\"potentialAction\":[{\"@type\":\"ReadAction\",\"target\":[\"https:\\\/\\\/legendatours.com\\\/product\\\/birding-under-blue-skyes-the-great-bustard-adventure-fly-drive-3201s\\\/\"]}]},{\"@type\":\"ImageObject\",\"inLanguage\":\"fr-FR\",\"@id\":\"https:\\\/\\\/legendatours.com\\\/product\\\/birding-under-blue-skyes-the-great-bustard-adventure-fly-drive-3201s\\\/#primaryimage\",\"url\":\"https:\\\/\\\/legendatours.com\\\/wp-content\\\/uploads\\\/sites\\\/12\\\/2021\\\/04\\\/Great_bustard_birdwatching-e1611676653444.jpg\",\"contentUrl\":\"https:\\\/\\\/legendatours.com\\\/wp-content\\\/uploads\\\/sites\\\/12\\\/2021\\\/04\\\/Great_bustard_birdwatching-e1611676653444.jpg\",\"width\":1024,\"height\":672,\"caption\":\"Birdwatching - looking for the Great Bustard\"},{\"@type\":\"BreadcrumbList\",\"@id\":\"https:\\\/\\\/legendatours.com\\\/product\\\/birding-under-blue-skyes-the-great-bustard-adventure-fly-drive-3201s\\\/#breadcrumb\",\"itemListElement\":[{\"@type\":\"ListItem\",\"position\":1,\"name\":\"Home\",\"item\":\"https:\\\/\\\/legendatours.com\\\/\"},{\"@type\":\"ListItem\",\"position\":2,\"name\":\"Shop\",\"item\":\"https:\\\/\\\/legendatours.com\\\/sv\\\/?page_id=4\"},{\"@type\":\"ListItem\",\"position\":3,\"name\":\"Birding Under Blue Skies: The Great Bustard Adventure is a Self-Guided Tour with Car, designed by professional local birders to help you see as much of the avifauna and flora as possible, including the enigmatic Great Bustard! In order to fully enjoy this personalised tour, you\u2019ll be lodged in the heart of Monte Gordo, with easy access to a wealth of bird observation settings, beyond any birder\u2019s life list!\"}]},{\"@type\":\"WebSite\",\"@id\":\"https:\\\/\\\/legendatours.com\\\/#website\",\"url\":\"https:\\\/\\\/legendatours.com\\\/\",\"name\":\"Legendary Adventure DMC Portugal\",\"description\":\"Responsible Walking &amp; Nature Holidays in Portugal\",\"publisher\":{\"@id\":\"https:\\\/\\\/legendatours.com\\\/#organization\"},\"alternateName\":\"Legendary Adventure Portugal\",\"potentialAction\":[{\"@type\":\"SearchAction\",\"target\":{\"@type\":\"EntryPoint\",\"urlTemplate\":\"https:\\\/\\\/legendatours.com\\\/?s={search_term_string}\"},\"query-input\":{\"@type\":\"PropertyValueSpecification\",\"valueRequired\":true,\"valueName\":\"search_term_string\"}}],\"inLanguage\":\"fr-FR\"},{\"@type\":\"Organization\",\"@id\":\"https:\\\/\\\/legendatours.com\\\/#organization\",\"name\":\"legendatours.com\",\"url\":\"https:\\\/\\\/legendatours.com\\\/\",\"logo\":{\"@type\":\"ImageObject\",\"inLanguage\":\"fr-FR\",\"@id\":\"https:\\\/\\\/legendatours.com\\\/#\\\/schema\\\/logo\\\/image\\\/\",\"url\":\"https:\\\/\\\/legendatours.com\\\/wp-content\\\/uploads\\\/sites\\\/12\\\/2021\\\/06\\\/legendary_adventure_dmc.png\",\"contentUrl\":\"https:\\\/\\\/legendatours.com\\\/wp-content\\\/uploads\\\/sites\\\/12\\\/2021\\\/06\\\/legendary_adventure_dmc.png\",\"width\":250,\"height\":74,\"caption\":\"legendatours.com\"},\"image\":{\"@id\":\"https:\\\/\\\/legendatours.com\\\/#\\\/schema\\\/logo\\\/image\\\/\"},\"sameAs\":[\"https:\\\/\\\/www.facebook.com\\\/legendaryadventuredmc\\\/\",\"https:\\\/\\\/www.linkedin.com\\\/company\\\/legendary-adventure-dmc-portugal\",\"https:\\\/\\\/www.youtube.com\\\/channel\\\/UCOIRDx_KM6ynIcacQkZjb6g\"]}]}<\/script>\n<!-- \/ Yoast SEO Premium plugin. -->","yoast_head_json":{"title":"Birding Holidays Under Blue Skyes: La grande aventure de l&#039;outarde - Aventure l\u00e9gendaire DMC Portugal","description":"Une visite personnalis\u00e9e d&#039;observation des oiseaux en voiture avec un acc\u00e8s facile aux meilleurs sites d&#039;observation des oiseaux de la r\u00e9gion. Comprend un voyage pour voir l&#039;\u00e9nigmatique grande outarde\u00a0!","robots":{"index":"index","follow":"follow","max-snippet":"max-snippet:-1","max-image-preview":"max-image-preview:large","max-video-preview":"max-video-preview:-1"},"canonical":"https:\/\/legendatours.com\/fr\/produit\/birding-under-blue-skyes-the-great-bustard-adventure-fly-drive-3201s\/","og_locale":"fr_FR","og_type":"article","og_title":"Birding Holidays Under Blue Skyes: The Great Bustard Adventure","og_description":"A personalised Self-Drive Birdwatching tour with easy access to the region's best birding spots. Includes a trip to see the enigmatic Great Bustard!","og_url":"https:\/\/legendatours.com\/fr\/produit\/birding-under-blue-skyes-the-great-bustard-adventure-fly-drive-3201s\/","og_site_name":"Legendary Adventure DMC Portugal","article_publisher":"https:\/\/www.facebook.com\/legendaryadventuredmc\/","article_modified_time":"2025-03-03T17:18:22+00:00","og_image":[{"width":1024,"height":672,"url":"https:\/\/legendatours.com\/wp-content\/uploads\/sites\/12\/2021\/04\/Great_bustard_birdwatching-e1611676653444.jpg","type":"image\/jpeg"}],"twitter_card":"summary_large_image","twitter_misc":{"Dur\u00e9e de lecture estim\u00e9e":"4 minutes"},"schema":{"@context":"https:\/\/schema.org","@graph":[{"@type":"WebPage","@id":"https:\/\/legendatours.com\/product\/birding-under-blue-skyes-the-great-bustard-adventure-fly-drive-3201s\/","url":"https:\/\/legendatours.com\/product\/birding-under-blue-skyes-the-great-bustard-adventure-fly-drive-3201s\/","name":"Birding Holidays Under Blue Skyes: La grande aventure de l&#039;outarde - Aventure l\u00e9gendaire DMC Portugal","isPartOf":{"@id":"https:\/\/legendatours.com\/#website"},"primaryImageOfPage":{"@id":"https:\/\/legendatours.com\/product\/birding-under-blue-skyes-the-great-bustard-adventure-fly-drive-3201s\/#primaryimage"},"image":{"@id":"https:\/\/legendatours.com\/product\/birding-under-blue-skyes-the-great-bustard-adventure-fly-drive-3201s\/#primaryimage"},"thumbnailUrl":"https:\/\/legendatours.com\/wp-content\/uploads\/sites\/12\/2021\/04\/Great_bustard_birdwatching-e1611676653444.jpg","datePublished":"2020-03-06T15:03:11+00:00","dateModified":"2025-03-03T17:18:22+00:00","description":"Une visite personnalis\u00e9e d&#039;observation des oiseaux en voiture avec un acc\u00e8s facile aux meilleurs sites d&#039;observation des oiseaux de la r\u00e9gion. Comprend un voyage pour voir l&#039;\u00e9nigmatique grande outarde\u00a0!","breadcrumb":{"@id":"https:\/\/legendatours.com\/product\/birding-under-blue-skyes-the-great-bustard-adventure-fly-drive-3201s\/#breadcrumb"},"inLanguage":"fr-FR","potentialAction":[{"@type":"ReadAction","target":["https:\/\/legendatours.com\/product\/birding-under-blue-skyes-the-great-bustard-adventure-fly-drive-3201s\/"]}]},{"@type":"ImageObject","inLanguage":"fr-FR","@id":"https:\/\/legendatours.com\/product\/birding-under-blue-skyes-the-great-bustard-adventure-fly-drive-3201s\/#primaryimage","url":"https:\/\/legendatours.com\/wp-content\/uploads\/sites\/12\/2021\/04\/Great_bustard_birdwatching-e1611676653444.jpg","contentUrl":"https:\/\/legendatours.com\/wp-content\/uploads\/sites\/12\/2021\/04\/Great_bustard_birdwatching-e1611676653444.jpg","width":1024,"height":672,"caption":"Birdwatching - looking for the Great Bustard"},{"@type":"BreadcrumbList","@id":"https:\/\/legendatours.com\/product\/birding-under-blue-skyes-the-great-bustard-adventure-fly-drive-3201s\/#breadcrumb","itemListElement":[{"@type":"ListItem","position":1,"name":"Home","item":"https:\/\/legendatours.com\/"},{"@type":"ListItem","position":2,"name":"Shop","item":"https:\/\/legendatours.com\/sv\/?page_id=4"},{"@type":"ListItem","position":3,"name":"Birding Under Blue Skies: The Great Bustard Adventure is a Self-Guided Tour with Car, designed by professional local birders to help you see as much of the avifauna and flora as possible, including the enigmatic Great Bustard! In order to fully enjoy this personalised tour, you\u2019ll be lodged in the heart of Monte Gordo, with easy access to a wealth of bird observation settings, beyond any birder\u2019s life list!"}]},{"@type":"WebSite","@id":"https:\/\/legendatours.com\/#website","url":"https:\/\/legendatours.com\/","name":"Aventure l\u00e9gendaire DMC Portugal","description":"Randonn\u00e9es responsables et vacances nature au Portugal","publisher":{"@id":"https:\/\/legendatours.com\/#organization"},"alternateName":"Legendary Adventure Portugal","potentialAction":[{"@type":"SearchAction","target":{"@type":"EntryPoint","urlTemplate":"https:\/\/legendatours.com\/?s={search_term_string}"},"query-input":{"@type":"PropertyValueSpecification","valueRequired":true,"valueName":"search_term_string"}}],"inLanguage":"fr-FR"},{"@type":"Organization","@id":"https:\/\/legendatours.com\/#organization","name":"legendatours.com","url":"https:\/\/legendatours.com\/","logo":{"@type":"ImageObject","inLanguage":"fr-FR","@id":"https:\/\/legendatours.com\/#\/schema\/logo\/image\/","url":"https:\/\/legendatours.com\/wp-content\/uploads\/sites\/12\/2021\/06\/legendary_adventure_dmc.png","contentUrl":"https:\/\/legendatours.com\/wp-content\/uploads\/sites\/12\/2021\/06\/legendary_adventure_dmc.png","width":250,"height":74,"caption":"legendatours.com"},"image":{"@id":"https:\/\/legendatours.com\/#\/schema\/logo\/image\/"},"sameAs":["https:\/\/www.facebook.com\/legendaryadventuredmc\/","https:\/\/www.linkedin.com\/company\/legendary-adventure-dmc-portugal","https:\/\/www.youtube.com\/channel\/UCOIRDx_KM6ynIcacQkZjb6g"]}]}},"_links":{"self":[{"href":"https:\/\/legendatours.com\/fr\/wp-json\/wp\/v2\/product\/8362","targetHints":{"allow":["GET"]}}],"collection":[{"href":"https:\/\/legendatours.com\/fr\/wp-json\/wp\/v2\/product"}],"about":[{"href":"https:\/\/legendatours.com\/fr\/wp-json\/wp\/v2\/types\/product"}],"replies":[{"embeddable":true,"href":"https:\/\/legendatours.com\/fr\/wp-json\/wp\/v2\/comments?post=8362"}],"wp:featuredmedia":[{"embeddable":true,"href":"https:\/\/legendatours.com\/fr\/wp-json\/wp\/v2\/media\/7661"}],"wp:attachment":[{"href":"https:\/\/legendatours.com\/fr\/wp-json\/wp\/v2\/media?parent=8362"}],"wp:term":[{"taxonomy":"product_brand","embeddable":true,"href":"https:\/\/legendatours.com\/fr\/wp-json\/wp\/v2\/product_brand?post=8362"},{"taxonomy":"product_cat","embeddable":true,"href":"https:\/\/legendatours.com\/fr\/wp-json\/wp\/v2\/product_cat?post=8362"},{"taxonomy":"product_tag","embeddable":true,"href":"https:\/\/legendatours.com\/fr\/wp-json\/wp\/v2\/product_tag?post=8362"}],"curies":[{"name":"wp","href":"https:\/\/api.w.org\/{rel}","templated":true}]}}