{"id":8368,"date":"2020-03-06T15:02:14","date_gmt":"2020-03-06T15:02:14","guid":{"rendered":"https:\/\/legendatours.com\/product\/watching-the-blue-skies-of-monte-gordo-birdwatching-holiday\/"},"modified":"2025-03-03T17:18:50","modified_gmt":"2025-03-03T17:18:50","slug":"watching-the-blue-skies-of-monte-gordo-fly-drive-3200s","status":"publish","type":"product","link":"https:\/\/legendatours.com\/fr\/produit\/watching-the-blue-skies-of-monte-gordo-fly-drive-3200s\/","title":{"rendered":"Regarder le ciel bleu de Monte Gordo Vacances d&#039;observation des oiseaux"},"content":{"rendered":"<p>Regarder le ciel bleu de Monte Gordo est une excursion d&#039;observation des oiseaux en auto-conduite de 5 jours, con\u00e7ue par des ornithologues professionnels locaux. L&#039;Algarve, c&#039;est bien plus que des kilom\u00e8tres de plages dor\u00e9es, des terrains de golf et un climat merveilleux toute l&#039;ann\u00e9e ! C&#039;est encore une destination largement inconnue pour l&#039;observation des oiseaux, et \u00e0 presque tout moment de l&#039;ann\u00e9e, il y a quelque chose d&#039;int\u00e9ressant \u00e0 voir !<\/p>\n<p>Il s&#039;agit d&#039;une excursion d&#039;observation des oiseaux bas\u00e9e dans certaines zones humides importantes de l&#039;Algarve, notamment le parc naturel de Ria Formosa, l&#039;estuaire du Guadiana et la r\u00e9serve naturelle de Castro Marim, et compte avec une excursion dans l&#039;Alentejo, pour observer l&#039;insaisissable grande outarde, une des oiseaux les plus lourds du monde.<\/p>\n<div id=\"attachment_1961\" style=\"width: 1034px\" class=\"wp-caption alignnone\"><img loading=\"lazy\" decoding=\"async\" aria-describedby=\"caption-attachment-1961\" class=\"wp-image-1961 size-large\" title=\"Chevalier gambette\" src=\"https:\/\/legendatours.net\/wp-content\/uploads\/2020\/03\/Common-Redshank-1024x683.jpg\" alt=\"Common Redshank\" width=\"1024\" height=\"683\" \/><p id=\"caption-attachment-1961\" class=\"wp-caption-text\">Chevalier arlequin \u2013 Photo Peter Dedicoat<\/p><\/div>\n<p>La visite est con\u00e7ue pour vous aider \u00e0 voir autant que possible l&#039;avifaune et la flore, avec des instructions soigneusement d\u00e9taill\u00e9es et des notes d&#039;itin\u00e9raire.<\/p>\n<p>Le parc naturel de Ria Formosa rev\u00eat une importance particuli\u00e8re en tant que zone d&#039;hivernage pour de nombreux oiseaux du nord de l&#039;Europe et en tant que station de repos et d&#039;alimentation pour les oiseaux migrant entre l&#039;Afrique et l&#039;Europe. La Ria se compose de lagons c\u00f4tiers, de vastes zones de vasi\u00e8res, de marais salants et de marais salants entour\u00e9s d&#039;une ceinture d&#039;\u00eeles et de p\u00e9ninsules de dunes de sable.<\/p>\n<div id=\"attachment_1708\" style=\"width: 1034px\" class=\"wp-caption alignnone\"><img loading=\"lazy\" decoding=\"async\" aria-describedby=\"caption-attachment-1708\" class=\"wp-image-1708 size-large\" title=\"Pluvier siffleur\" src=\"https:\/\/legendatours.net\/wp-content\/uploads\/2020\/05\/Birdwatching-Tavira-Kentish-Plover-1024x683.jpg\" alt=\"Birdwatching Kentish Plover\" width=\"1024\" height=\"683\" \/><p id=\"caption-attachment-1708\" class=\"wp-caption-text\">Observation des oiseaux Pluvier \u00e0 collier \u2013 Photo Peter Dedicoat<\/p><\/div>\n<p>La zone est \u00e9galement class\u00e9e en vertu de la Convention de Ramsar comme zone humide d&#039;importance internationale et comme zone de protection sp\u00e9ciale en vertu de la directive de l&#039;UE sur la conservation des oiseaux sauvages.<\/p>\n<p>Parmi les autres esp\u00e8ces, vous pouvez rencontrer la Barge \u00e0 queue noire, le Gravelot, le Petit Blongios, le Petit Blongios, la Poule des marais, le H\u00e9ron pourpre, la Fuligule hupp\u00e9e, le Pratincole \u00e0 collier, le Pluvier siffleur, le Gu\u00eapier d&#039;Europe, l&#039;Engoulevent \u00e0 cou roux, Woodchat, et Pie-gri\u00e8che grise du Sud, et Sterne naine. Les Busards des roseaux y r\u00e9sident, ainsi qu&#039;un petit nombre d&#039;Aigles bott\u00e9s, que l&#039;on voit d\u00e9sormais r\u00e9guli\u00e8rement en hiver. O\u00f9 en saison, le canard rouilleux, le h\u00e9ron pourpre, le cerf-volant \u00e0 ailes noires, les m\u00e9sanges pendulines et le tisserand \u00e0 t\u00eate noire peuvent \u00eatre trouv\u00e9s.<\/p>\n<p>N\u00e9 dans les collines espagnoles, le fleuve Guadiana marque la fronti\u00e8re entre le Portugal et l&#039;Espagne et serpente \u00e0 travers les collines couvertes de cistes, d&#039;oliviers, de caroubiers et d&#039;amandiers, et les maisons traditionnelles en schiste. La r\u00e9gion abrite d&#039;innombrables esp\u00e8ces de faune et de flore.<\/p>\n<div id=\"attachment_1730\" style=\"width: 1034px\" class=\"wp-caption alignnone\"><img loading=\"lazy\" decoding=\"async\" aria-describedby=\"caption-attachment-1730\" class=\"wp-image-1730 size-large\" title=\"Spatule\" src=\"https:\/\/legendatours.net\/wp-content\/uploads\/2020\/03\/Spoonbill-1-1024x683.jpg\" alt=\"Spoonbill\" width=\"1024\" height=\"683\" \/><p id=\"caption-attachment-1730\" class=\"wp-caption-text\">Spatule blanche \u2013 Photo Peter Dedicoat<\/p><\/div>\n<p>\u00c0 l&#039;est de Monte Gordo, la r\u00e9serve naturelle de Castro Marim pr\u00e9sente aux visiteurs des aper\u00e7us de chardonnerets europ\u00e9ens, de lianes \u00e0 doigts courts et de parulines sardes, pour n&#039;en nommer que quelques-uns.<\/p>\n<p>Aux salines, il est possible d&#039;observer plusieurs esp\u00e8ces d&#039;oiseaux aquatiques, dont la mouette d&#039;Audouin, la sterne naine, la glar\u00e9ole \u00e0 collier et la bergeronnette printani\u00e8re (printemps\/\u00e9t\u00e9)\u00a0; Tadorne caspelle, canard souchet, gr\u00e8be \u00e0 cou noir et sterne caspienne.<\/p>\n<p>Toute l&#039;ann\u00e9e, il est possible de trouver des flamants roses, des \u00e9chasses \u00e0 ailes noires, des spatules, des chevaliers verts et des avocettes. Le martin-p\u00eacheur est r\u00e9gulier \u00e0 cet endroit et, pendant les p\u00e9riodes de migration, la Guifette noire y arrive souvent.<\/p>\n<div id=\"attachment_1731\" style=\"width: 1034px\" class=\"wp-caption alignnone\"><img loading=\"lazy\" decoding=\"async\" aria-describedby=\"caption-attachment-1731\" class=\"wp-image-1731 size-large\" title=\"Canards tuft\u00e9s\" src=\"https:\/\/legendatours.net\/wp-content\/uploads\/2020\/03\/Tufted-Ducks-1024x683.jpg\" alt=\"Tufted Ducks\" width=\"1024\" height=\"683\" \/><p id=\"caption-attachment-1731\" class=\"wp-caption-text\">Fuligules morillons \u2013 Photo Peter Dedicoat<\/p><\/div>\n<p>Cette visite d&#039;observation des oiseaux autoguid\u00e9e vous permettra de prendre votre temps et de vous adonner aux activit\u00e9s de votre choix, du simple plaisir d&#039;observer les oiseaux dans leurs habitats naturels; photographie de nature en g\u00e9n\u00e9ral et photographie d&#039;oiseaux en particulier; peinture et illustration; recherche scientifique; la poursuite des raret\u00e9s (twitching), etc.<\/p>\n<p>L&#039;observation et le contact avec la nature sont un v\u00e9ritable baume aux bienfaits innombrables !<\/p>\n<p>Les notes d&#039;itin\u00e9raire sont con\u00e7ues pour \u00eatre un guide de terrain simple et facile \u00e0 utiliser pour tous ceux qui aiment observer les oiseaux dans leur habitat naturel. Chaque itin\u00e9raire est accompagn\u00e9 d&#039;une carte et d&#039;un descriptif pour s&#039;y rendre, des esp\u00e8ces les plus int\u00e9ressantes qui s&#039;y trouvent et de divers conseils sur la meilleure fa\u00e7on de visiter.<\/p>\n<p>Nous veillerons \u00e0 ce que vous passiez une exp\u00e9rience inoubliable, sans recherche fastidieuse de lieux de s\u00e9jour, sans recherche sur les meilleurs sites d&#039;observation des oiseaux - nos visites sont compl\u00e8tes et surtout parfaitement pens\u00e9es et organis\u00e9es ! La visite est con\u00e7ue pour \u00eatre appr\u00e9ci\u00e9e quel que soit votre niveau de capacit\u00e9 et d&#039;expertise en observation des oiseaux.<\/p>\n<div class=\"row\">\n<div class=\"column\" style=\"flex: 45%\"><\/div>\n<div class=\"column\" style=\"flex: 10%\"><\/div>\n<div class=\"column\" style=\"flex: 45%\">\n<p><iframe loading=\"lazy\" title=\"Castro Marim\" width=\"1080\" height=\"608\" src=\"https:\/\/www.youtube.com\/embed\/sbJjXvbNWho?list=PL_6Umd8jb1qvBUfpmdNirAfZNGPDknjjw\" frameborder=\"0\" allow=\"accelerometer; autoplay; clipboard-write; encrypted-media; gyroscope; picture-in-picture\" allowfullscreen><\/iframe><\/p>\n<\/div>\n<\/div>","protected":false},"excerpt":{"rendered":"<p>Regarder le ciel bleu de Monte Gordo est une excursion d&#039;observation des oiseaux en auto-conduite de 5 jours, con\u00e7ue par des ornithologues professionnels locaux. L&#039;Algarve, c&#039;est bien plus que des kilom\u00e8tres de plages dor\u00e9es, des terrains de golf et un climat merveilleux toute l&#039;ann\u00e9e ! C&#039;est encore une destination largement inconnue pour l&#039;observation des oiseaux, et \u00e0 presque tout moment de l&#039;ann\u00e9e, il y a quelque chose d&#039;int\u00e9ressant \u00e0 voir !<\/p>","protected":false},"featured_media":7679,"comment_status":"closed","ping_status":"closed","template":"","meta":{"_acf_changed":false,"inline_featured_image":false},"product_brand":[],"product_cat":[327,778,301],"product_tag":[147,306,1001,424,428,429,431,432,433,1002,1003,436,437,1004,438,439,461,1005,440,441,442,877,779,1000,1006,160,313,443,1007,1008,444,445,446,447,1009,449,162,925,450,60,451,452,453,454,455,168,169,480,456,904,1010,170,319,804,328,780,777,781,322,457,910,173,174,324,68,177,325,326,458,459],"class_list":{"0":"post-8368","1":"product","2":"type-product","3":"status-publish","4":"has-post-thumbnail","6":"product_cat-self-drive-holidays-portugal","7":"product_cat-portugal-self-guided-birdwatching-holidays","8":"product_cat-self-guided-tours-portugal","9":"product_tag-algarve","10":"product_tag-alleine-reisen","11":"product_tag-avocets","12":"product_tag-best-birding-spots","13":"product_tag-bird-watching","14":"product_tag-birding","15":"product_tag-birds","16":"product_tag-birdwatchers-paradise","17":"product_tag-birdwatching","18":"product_tag-black-kite","19":"product_tag-black-tern","20":"product_tag-black-tailed-godwits","21":"product_tag-black-winged-kite","22":"product_tag-black-winged-stilts","23":"product_tag-blackheaded-weaver","24":"product_tag-booted-eagles","25":"product_tag-castro-marim-nature-reserve","26":"product_tag-castro-verde","27":"product_tag-collared-pratincole","28":"product_tag-european-bee-eater","29":"product_tag-ferruginous-duck","30":"product_tag-flamingos","31":"product_tag-fly-drive","32":"product_tag-great-bustard","33":"product_tag-greenshanks","34":"product_tag-holidays","35":"product_tag-individuelle-touren","36":"product_tag-kentish-plover","37":"product_tag-kingfisher","38":"product_tag-lesser-black-backs","39":"product_tag-little-bittern","40":"product_tag-little-stints","41":"product_tag-little-tern","42":"product_tag-marsh-harriers","43":"product_tag-migration-times","44":"product_tag-nature-observation","45":"product_tag-nature-walks","46":"product_tag-olhao","47":"product_tag-penduline-tits","48":"product_tag-portugal","49":"product_tag-purple-heron","50":"product_tag-purple-swamp-hen","51":"product_tag-ramsar","52":"product_tag-red-crested-pochard","53":"product_tag-red-necked-nightjar","54":"product_tag-ria-formosa","55":"product_tag-ria-formosa-natural-park","56":"product_tag-ria-formosa-natural-reserve","57":"product_tag-ringed-plovers","58":"product_tag-salt-pans","59":"product_tag-saltmarsh","60":"product_tag-santa-luzia","61":"product_tag-sejour-en-liberte","62":"product_tag-self-drive-holiday","63":"product_tag-self-guided","64":"product_tag-self-guided-birdwatching","65":"product_tag-self-guided-holidays","66":"product_tag-self-guided-tours","67":"product_tag-solo-reisen","68":"product_tag-southern-grey-shrikes","69":"product_tag-spoonbills","70":"product_tag-sunny-winters","71":"product_tag-tavira","72":"product_tag-tours-autoguidees","73":"product_tag-tours-in-portugal","74":"product_tag-vacations","75":"product_tag-voyage-en-liberte","76":"product_tag-voyages-en-autonomie","77":"product_tag-wintering-birds","78":"product_tag-woodchat","80":"first","81":"instock","82":"virtual","83":"product-type-simple"},"acf":[],"yoast_head":"<!-- This site is optimized with the Yoast SEO Premium plugin v26.8 (Yoast SEO v27.5) - https:\/\/yoast.com\/product\/yoast-seo-premium-wordpress\/ -->\n<title>Watching The Blue Skies Of Monte Gordo Birdwatching Holiday - Legendary Adventure DMC Portugal<\/title>\n<meta name=\"description\" content=\"A self-drive birdwtaching adventure in important wetlands areas of the Algarve, like the Ria Formosa. Includes a trip to observe the elusive Great Bustard.\" \/>\n<meta name=\"robots\" content=\"index, follow, max-snippet:-1, max-image-preview:large, max-video-preview:-1\" \/>\n<link rel=\"canonical\" href=\"https:\/\/legendatours.com\/fr\/produit\/watching-the-blue-skies-of-monte-gordo-fly-drive-3200s\/\" \/>\n<meta property=\"og:locale\" content=\"fr_FR\" \/>\n<meta property=\"og:type\" content=\"article\" \/>\n<meta property=\"og:title\" content=\"Watching The Blue Skies Of Monte Gordo Birdwatching Holiday\" \/>\n<meta property=\"og:description\" content=\"A self-drive birdwtaching adventure in important wetlands areas of the Algarve, like the Ria Formosa. Includes a trip to observe the elusive Great Bustard.\" \/>\n<meta property=\"og:url\" content=\"https:\/\/legendatours.com\/fr\/produit\/watching-the-blue-skies-of-monte-gordo-fly-drive-3200s\/\" \/>\n<meta property=\"og:site_name\" content=\"Legendary Adventure DMC Portugal\" \/>\n<meta property=\"article:publisher\" content=\"https:\/\/www.facebook.com\/legendaryadventuredmc\/\" \/>\n<meta property=\"article:modified_time\" content=\"2025-03-03T17:18:50+00:00\" \/>\n<meta property=\"og:image\" content=\"https:\/\/legendatours.com\/wp-content\/uploads\/sites\/12\/2021\/04\/Birdwatching-Ria-Formosa-marshes-e1611672346399.jpg\" \/>\n\t<meta property=\"og:image:width\" content=\"1024\" \/>\n\t<meta property=\"og:image:height\" content=\"683\" \/>\n\t<meta property=\"og:image:type\" content=\"image\/jpeg\" \/>\n<meta name=\"twitter:card\" content=\"summary_large_image\" \/>\n<meta name=\"twitter:label1\" content=\"Dur\u00e9e de lecture estim\u00e9e\" \/>\n\t<meta name=\"twitter:data1\" content=\"3 minutes\" \/>\n<script type=\"application\/ld+json\" class=\"yoast-schema-graph\">{\"@context\":\"https:\\\/\\\/schema.org\",\"@graph\":[{\"@type\":\"WebPage\",\"@id\":\"https:\\\/\\\/legendatours.com\\\/product\\\/watching-the-blue-skies-of-monte-gordo-fly-drive-3200s\\\/\",\"url\":\"https:\\\/\\\/legendatours.com\\\/product\\\/watching-the-blue-skies-of-monte-gordo-fly-drive-3200s\\\/\",\"name\":\"Watching The Blue Skies Of Monte Gordo Birdwatching Holiday - Legendary Adventure DMC Portugal\",\"isPartOf\":{\"@id\":\"https:\\\/\\\/legendatours.com\\\/#website\"},\"primaryImageOfPage\":{\"@id\":\"https:\\\/\\\/legendatours.com\\\/product\\\/watching-the-blue-skies-of-monte-gordo-fly-drive-3200s\\\/#primaryimage\"},\"image\":{\"@id\":\"https:\\\/\\\/legendatours.com\\\/product\\\/watching-the-blue-skies-of-monte-gordo-fly-drive-3200s\\\/#primaryimage\"},\"thumbnailUrl\":\"https:\\\/\\\/legendatours.com\\\/wp-content\\\/uploads\\\/sites\\\/12\\\/2021\\\/04\\\/Birdwatching-Ria-Formosa-marshes-e1611672346399.jpg\",\"datePublished\":\"2020-03-06T15:02:14+00:00\",\"dateModified\":\"2025-03-03T17:18:50+00:00\",\"description\":\"A self-drive birdwtaching adventure in important wetlands areas of the Algarve, like the Ria Formosa. Includes a trip to observe the elusive Great Bustard.\",\"breadcrumb\":{\"@id\":\"https:\\\/\\\/legendatours.com\\\/product\\\/watching-the-blue-skies-of-monte-gordo-fly-drive-3200s\\\/#breadcrumb\"},\"inLanguage\":\"fr-FR\",\"potentialAction\":[{\"@type\":\"ReadAction\",\"target\":[\"https:\\\/\\\/legendatours.com\\\/product\\\/watching-the-blue-skies-of-monte-gordo-fly-drive-3200s\\\/\"]}]},{\"@type\":\"ImageObject\",\"inLanguage\":\"fr-FR\",\"@id\":\"https:\\\/\\\/legendatours.com\\\/product\\\/watching-the-blue-skies-of-monte-gordo-fly-drive-3200s\\\/#primaryimage\",\"url\":\"https:\\\/\\\/legendatours.com\\\/wp-content\\\/uploads\\\/sites\\\/12\\\/2021\\\/04\\\/Birdwatching-Ria-Formosa-marshes-e1611672346399.jpg\",\"contentUrl\":\"https:\\\/\\\/legendatours.com\\\/wp-content\\\/uploads\\\/sites\\\/12\\\/2021\\\/04\\\/Birdwatching-Ria-Formosa-marshes-e1611672346399.jpg\",\"width\":1024,\"height\":683,\"caption\":\"Birdwatching Ria Formosa marshes\"},{\"@type\":\"BreadcrumbList\",\"@id\":\"https:\\\/\\\/legendatours.com\\\/product\\\/watching-the-blue-skies-of-monte-gordo-fly-drive-3200s\\\/#breadcrumb\",\"itemListElement\":[{\"@type\":\"ListItem\",\"position\":1,\"name\":\"Home\",\"item\":\"https:\\\/\\\/legendatours.com\\\/\"},{\"@type\":\"ListItem\",\"position\":2,\"name\":\"Shop\",\"item\":\"https:\\\/\\\/legendatours.com\\\/sv\\\/?page_id=4\"},{\"@type\":\"ListItem\",\"position\":3,\"name\":\"Amongst these areas, the richness of bird observations is beyond any birder\u2019s life list\u00b4s dream and prepare your checklist to tick off the enigmatic Great Bustard, a Nemesis Bird for most birders! From Oystercatchers, Avocets, Dunlins, Little Stint and Black-winged Stilts, to Curlew Sandpiper, Red Knot or Ruff, our ponds and pools are shared by common species like Wigeon, Sholever, Pintail and Pochard or Greater Flamingo, Glossy\"}]},{\"@type\":\"WebSite\",\"@id\":\"https:\\\/\\\/legendatours.com\\\/#website\",\"url\":\"https:\\\/\\\/legendatours.com\\\/\",\"name\":\"Legendary Adventure DMC Portugal\",\"description\":\"Responsible Walking &amp; Nature Holidays in Portugal\",\"publisher\":{\"@id\":\"https:\\\/\\\/legendatours.com\\\/#organization\"},\"alternateName\":\"Legendary Adventure Portugal\",\"potentialAction\":[{\"@type\":\"SearchAction\",\"target\":{\"@type\":\"EntryPoint\",\"urlTemplate\":\"https:\\\/\\\/legendatours.com\\\/?s={search_term_string}\"},\"query-input\":{\"@type\":\"PropertyValueSpecification\",\"valueRequired\":true,\"valueName\":\"search_term_string\"}}],\"inLanguage\":\"fr-FR\"},{\"@type\":\"Organization\",\"@id\":\"https:\\\/\\\/legendatours.com\\\/#organization\",\"name\":\"legendatours.com\",\"url\":\"https:\\\/\\\/legendatours.com\\\/\",\"logo\":{\"@type\":\"ImageObject\",\"inLanguage\":\"fr-FR\",\"@id\":\"https:\\\/\\\/legendatours.com\\\/#\\\/schema\\\/logo\\\/image\\\/\",\"url\":\"https:\\\/\\\/legendatours.com\\\/wp-content\\\/uploads\\\/sites\\\/12\\\/2021\\\/06\\\/legendary_adventure_dmc.png\",\"contentUrl\":\"https:\\\/\\\/legendatours.com\\\/wp-content\\\/uploads\\\/sites\\\/12\\\/2021\\\/06\\\/legendary_adventure_dmc.png\",\"width\":250,\"height\":74,\"caption\":\"legendatours.com\"},\"image\":{\"@id\":\"https:\\\/\\\/legendatours.com\\\/#\\\/schema\\\/logo\\\/image\\\/\"},\"sameAs\":[\"https:\\\/\\\/www.facebook.com\\\/legendaryadventuredmc\\\/\",\"https:\\\/\\\/www.linkedin.com\\\/company\\\/legendary-adventure-dmc-portugal\",\"https:\\\/\\\/www.youtube.com\\\/channel\\\/UCOIRDx_KM6ynIcacQkZjb6g\"]}]}<\/script>\n<!-- \/ Yoast SEO Premium plugin. -->","yoast_head_json":{"title":"Regarder le ciel bleu de Monte Gordo Vacances d&#039;observation des oiseaux - Aventure l\u00e9gendaire DMC Portugal","description":"Une aventure d&#039;observation des oiseaux en voiture dans d&#039;importantes zones humides de l&#039;Algarve, comme la Ria Formosa. Comprend un voyage pour observer l&#039;insaisissable grande outarde.","robots":{"index":"index","follow":"follow","max-snippet":"max-snippet:-1","max-image-preview":"max-image-preview:large","max-video-preview":"max-video-preview:-1"},"canonical":"https:\/\/legendatours.com\/fr\/produit\/watching-the-blue-skies-of-monte-gordo-fly-drive-3200s\/","og_locale":"fr_FR","og_type":"article","og_title":"Watching The Blue Skies Of Monte Gordo Birdwatching Holiday","og_description":"A self-drive birdwtaching adventure in important wetlands areas of the Algarve, like the Ria Formosa. Includes a trip to observe the elusive Great Bustard.","og_url":"https:\/\/legendatours.com\/fr\/produit\/watching-the-blue-skies-of-monte-gordo-fly-drive-3200s\/","og_site_name":"Legendary Adventure DMC Portugal","article_publisher":"https:\/\/www.facebook.com\/legendaryadventuredmc\/","article_modified_time":"2025-03-03T17:18:50+00:00","og_image":[{"width":1024,"height":683,"url":"https:\/\/legendatours.com\/wp-content\/uploads\/sites\/12\/2021\/04\/Birdwatching-Ria-Formosa-marshes-e1611672346399.jpg","type":"image\/jpeg"}],"twitter_card":"summary_large_image","twitter_misc":{"Dur\u00e9e de lecture estim\u00e9e":"3 minutes"},"schema":{"@context":"https:\/\/schema.org","@graph":[{"@type":"WebPage","@id":"https:\/\/legendatours.com\/product\/watching-the-blue-skies-of-monte-gordo-fly-drive-3200s\/","url":"https:\/\/legendatours.com\/product\/watching-the-blue-skies-of-monte-gordo-fly-drive-3200s\/","name":"Regarder le ciel bleu de Monte Gordo Vacances d&#039;observation des oiseaux - Aventure l\u00e9gendaire DMC Portugal","isPartOf":{"@id":"https:\/\/legendatours.com\/#website"},"primaryImageOfPage":{"@id":"https:\/\/legendatours.com\/product\/watching-the-blue-skies-of-monte-gordo-fly-drive-3200s\/#primaryimage"},"image":{"@id":"https:\/\/legendatours.com\/product\/watching-the-blue-skies-of-monte-gordo-fly-drive-3200s\/#primaryimage"},"thumbnailUrl":"https:\/\/legendatours.com\/wp-content\/uploads\/sites\/12\/2021\/04\/Birdwatching-Ria-Formosa-marshes-e1611672346399.jpg","datePublished":"2020-03-06T15:02:14+00:00","dateModified":"2025-03-03T17:18:50+00:00","description":"Une aventure d&#039;observation des oiseaux en voiture dans d&#039;importantes zones humides de l&#039;Algarve, comme la Ria Formosa. Comprend un voyage pour observer l&#039;insaisissable grande outarde.","breadcrumb":{"@id":"https:\/\/legendatours.com\/product\/watching-the-blue-skies-of-monte-gordo-fly-drive-3200s\/#breadcrumb"},"inLanguage":"fr-FR","potentialAction":[{"@type":"ReadAction","target":["https:\/\/legendatours.com\/product\/watching-the-blue-skies-of-monte-gordo-fly-drive-3200s\/"]}]},{"@type":"ImageObject","inLanguage":"fr-FR","@id":"https:\/\/legendatours.com\/product\/watching-the-blue-skies-of-monte-gordo-fly-drive-3200s\/#primaryimage","url":"https:\/\/legendatours.com\/wp-content\/uploads\/sites\/12\/2021\/04\/Birdwatching-Ria-Formosa-marshes-e1611672346399.jpg","contentUrl":"https:\/\/legendatours.com\/wp-content\/uploads\/sites\/12\/2021\/04\/Birdwatching-Ria-Formosa-marshes-e1611672346399.jpg","width":1024,"height":683,"caption":"Birdwatching Ria Formosa marshes"},{"@type":"BreadcrumbList","@id":"https:\/\/legendatours.com\/product\/watching-the-blue-skies-of-monte-gordo-fly-drive-3200s\/#breadcrumb","itemListElement":[{"@type":"ListItem","position":1,"name":"Home","item":"https:\/\/legendatours.com\/"},{"@type":"ListItem","position":2,"name":"Shop","item":"https:\/\/legendatours.com\/sv\/?page_id=4"},{"@type":"ListItem","position":3,"name":"Amongst these areas, the richness of bird observations is beyond any birder\u2019s life list\u00b4s dream and prepare your checklist to tick off the enigmatic Great Bustard, a Nemesis Bird for most birders! From Oystercatchers, Avocets, Dunlins, Little Stint and Black-winged Stilts, to Curlew Sandpiper, Red Knot or Ruff, our ponds and pools are shared by common species like Wigeon, Sholever, Pintail and Pochard or Greater Flamingo, Glossy"}]},{"@type":"WebSite","@id":"https:\/\/legendatours.com\/#website","url":"https:\/\/legendatours.com\/","name":"Aventure l\u00e9gendaire DMC Portugal","description":"Randonn\u00e9es responsables et vacances nature au Portugal","publisher":{"@id":"https:\/\/legendatours.com\/#organization"},"alternateName":"Legendary Adventure Portugal","potentialAction":[{"@type":"SearchAction","target":{"@type":"EntryPoint","urlTemplate":"https:\/\/legendatours.com\/?s={search_term_string}"},"query-input":{"@type":"PropertyValueSpecification","valueRequired":true,"valueName":"search_term_string"}}],"inLanguage":"fr-FR"},{"@type":"Organization","@id":"https:\/\/legendatours.com\/#organization","name":"legendatours.com","url":"https:\/\/legendatours.com\/","logo":{"@type":"ImageObject","inLanguage":"fr-FR","@id":"https:\/\/legendatours.com\/#\/schema\/logo\/image\/","url":"https:\/\/legendatours.com\/wp-content\/uploads\/sites\/12\/2021\/06\/legendary_adventure_dmc.png","contentUrl":"https:\/\/legendatours.com\/wp-content\/uploads\/sites\/12\/2021\/06\/legendary_adventure_dmc.png","width":250,"height":74,"caption":"legendatours.com"},"image":{"@id":"https:\/\/legendatours.com\/#\/schema\/logo\/image\/"},"sameAs":["https:\/\/www.facebook.com\/legendaryadventuredmc\/","https:\/\/www.linkedin.com\/company\/legendary-adventure-dmc-portugal","https:\/\/www.youtube.com\/channel\/UCOIRDx_KM6ynIcacQkZjb6g"]}]}},"_links":{"self":[{"href":"https:\/\/legendatours.com\/fr\/wp-json\/wp\/v2\/product\/8368","targetHints":{"allow":["GET"]}}],"collection":[{"href":"https:\/\/legendatours.com\/fr\/wp-json\/wp\/v2\/product"}],"about":[{"href":"https:\/\/legendatours.com\/fr\/wp-json\/wp\/v2\/types\/product"}],"replies":[{"embeddable":true,"href":"https:\/\/legendatours.com\/fr\/wp-json\/wp\/v2\/comments?post=8368"}],"wp:featuredmedia":[{"embeddable":true,"href":"https:\/\/legendatours.com\/fr\/wp-json\/wp\/v2\/media\/7679"}],"wp:attachment":[{"href":"https:\/\/legendatours.com\/fr\/wp-json\/wp\/v2\/media?parent=8368"}],"wp:term":[{"taxonomy":"product_brand","embeddable":true,"href":"https:\/\/legendatours.com\/fr\/wp-json\/wp\/v2\/product_brand?post=8368"},{"taxonomy":"product_cat","embeddable":true,"href":"https:\/\/legendatours.com\/fr\/wp-json\/wp\/v2\/product_cat?post=8368"},{"taxonomy":"product_tag","embeddable":true,"href":"https:\/\/legendatours.com\/fr\/wp-json\/wp\/v2\/product_tag?post=8368"}],"curies":[{"name":"wp","href":"https:\/\/api.w.org\/{rel}","templated":true}]}}