{"id":8374,"date":"2020-03-06T15:01:29","date_gmt":"2020-03-06T15:01:29","guid":{"rendered":"https:\/\/legendatours.com\/product\/birdwatching-and-wildlife-holidays-in-the-ria-formosa\/"},"modified":"2025-03-03T17:18:40","modified_gmt":"2025-03-03T17:18:40","slug":"birdwatching-and-wildlife-tour-in-the-ria-formosa-fly-drive-3100s","status":"publish","type":"product","link":"https:\/\/legendatours.com\/fr\/produit\/birdwatching-and-wildlife-tour-in-the-ria-formosa-fly-drive-3100s\/","title":{"rendered":"Observation des oiseaux et vacances de la faune dans la Ria Formosa"},"content":{"rendered":"<p>La visite d&#039;observation des oiseaux et de la faune dans la Ria Formosa est une visite d&#039;observation des oiseaux en voiture con\u00e7ue par des ornithologues locaux passionn\u00e9s.<\/p>\n<p>C\u00e9l\u00e8bre \u00e0 juste titre pour ses plages dor\u00e9es, ses terrains de golf et son merveilleux climat toute l&#039;ann\u00e9e, l&#039;Algarve est \u00e9galement une destination secr\u00e8te pour l&#039;observation des oiseaux. \u00c0 presque tout moment de l&#039;ann\u00e9e, il y a quelque chose d&#039;int\u00e9ressant \u00e0 voir!<\/p>\n<div id=\"attachment_1692\" style=\"width: 1034px\" class=\"wp-caption alignnone\"><img loading=\"lazy\" decoding=\"async\" aria-describedby=\"caption-attachment-1692\" class=\"wp-image-1692 size-large\" title=\"Observation des oiseaux Algarve Tisserin \u00e0 t\u00eate noire\" src=\"https:\/\/legendatours.net\/wp-content\/uploads\/2020\/05\/Birdwatching-Algarve-Black-headed-Weaver-1024x683.jpg\" alt=\"Birdwatching Algarve Black-headed Weaver\" width=\"1024\" height=\"683\" \/><p id=\"caption-attachment-1692\" class=\"wp-caption-text\">Observation des oiseaux Algarve Weaver \u00e0 t\u00eate noire - Photo Peter Dedicoat<\/p><\/div>\n<p>Que vous soyez un ornithologue exp\u00e9riment\u00e9 ou un d\u00e9butant, l&#039;observation des oiseaux est toujours un plaisir. Ce sont des cr\u00e9atures si fascinantes, et il y a toujours quelque chose de nouveau \u00e0 d\u00e9couvrir ou \u00e0 sourire ! Cette visite est con\u00e7ue pour \u00eatre agr\u00e9able, quel que soit votre niveau de capacit\u00e9 et d&#039;expertise en mati\u00e8re d&#039;observation des oiseaux.<\/p>\n<p>Centr\u00e9 dans le parc naturel de Ria Formosa, un complexe de lagunes d&#039;eau sal\u00e9e et d&#039;\u00eeles-barri\u00e8res, avec des vasi\u00e8res, des bancs de sable, des syst\u00e8mes de dunes et des marais salants, la visite s&#039;\u00e9tend \u00e0 une autre zone humide, dans la r\u00e9serve naturelle de Castro Marim.<\/p>\n<p>La Ria est une zone de protection sp\u00e9ciale en vertu de la Convention de Ramsar, \u00e9tant d&#039;une grande importance pour de nombreuses esp\u00e8ces d&#039;oiseaux d&#039;eau nicheurs, hivernants et en halte migratoire.<\/p>\n<div id=\"attachment_1694\" style=\"width: 1034px\" class=\"wp-caption alignnone\"><img loading=\"lazy\" decoding=\"async\" aria-describedby=\"caption-attachment-1694\" class=\"wp-image-1694 size-large\" title=\"Pratincole \u00e0 collier d&#039;Algarve\" src=\"https:\/\/legendatours.net\/wp-content\/uploads\/2020\/05\/Birdwatching-Algarve-Collared-Pratincole-1024x683.jpg\" alt=\"Birdwatching Algarve Collared Pratincole\" width=\"1024\" height=\"683\" \/><p id=\"caption-attachment-1694\" class=\"wp-caption-text\"><a href=\"..\/..\/?s=Collared+Pratincole\" target=\"_blank\" rel=\"noopener noreferrer\">Pratincole \u00e0 collier d&#039;Algarve<\/a> \u2013 Photo Peter Dedicoat<\/p><\/div>\n<p>C&#039;est un lieu d&#039;une beaut\u00e9 et d&#039;un int\u00e9r\u00eat naturel \u00e9tonnants, o\u00f9 il n&#039;est pas rare d&#039;apercevoir 40 esp\u00e8ces d&#039;oiseaux ou plus en quelques heures seulement. Au bon moment de l&#039;ann\u00e9e, vous pourrez en voir des centaines ! Nos ornithologues locaux savent o\u00f9 ils nichent et se nourrissent, vous donnant de pr\u00e9cieux conseils pour tirer le meilleur parti de vos vacances ornithologiques.<\/p>\n<p>Entre les r\u00e9sidents \u00e0 l&#039;ann\u00e9e et les esp\u00e8ces hivernantes, on trouve la Barge \u00e0 queue noire, le Gravelot, le Petit Blongios, le Petit Blongios, la Poule des marais, le H\u00e9ron pourpre, la Fuligule hupp\u00e9, le Pratincole \u00e0 collier, le Pluvier siffleur, le Gu\u00eapier d&#039;Europe, Engoulevent \u00e0 cou rouge, Woodchat, Pie-gri\u00e8che grise, Sterne naine et Busard des roseaux. Les aigles bott\u00e9s sont un spectacle r\u00e9gulier pendant l&#039;hiver.<\/p>\n<div id=\"attachment_1698\" style=\"width: 1034px\" class=\"wp-caption alignnone\"><img loading=\"lazy\" decoding=\"async\" aria-describedby=\"caption-attachment-1698\" class=\"wp-image-1698 size-large\" title=\"Observation des oiseaux Algarve Ria Formosa Flamant rose\" src=\"https:\/\/legendatours.net\/wp-content\/uploads\/2020\/05\/Birdwatching-Algarve-Ria-Formosa-Greater-Flamingo-1024x683.jpg\" alt=\"Birdwatching Algarve Ria Formosa Greater Flamingo\" width=\"1024\" height=\"683\" \/><p id=\"caption-attachment-1698\" class=\"wp-caption-text\">Observation des oiseaux Algarve Ria Formosa Flamant rose \u2013 Photo Peter Dedicoat<\/p><\/div>\n<p>Dans la plus grande zone de roseli\u00e8res de l&#039;Algarve, vous pouvez voir des canards rouilleux, des h\u00e9rons pourpr\u00e9s, des cerfs-volants \u00e0 ailes noires, des m\u00e9sanges pendulines et des tisserands \u00e0 t\u00eate noire, en saison.<\/p>\n<p>Cette visite autoguid\u00e9e comprend des notes d&#039;itin\u00e9raire simples et faciles \u00e0 utiliser, et vous pouvez la r\u00e9aliser \u00e0 votre rythme et \u00e0 votre guise. Chaque itin\u00e9raire contient des cartes, des descriptions et des indications sur les esp\u00e8ces les plus int\u00e9ressantes \u00e0 trouver, avec de pr\u00e9cieux conseils.<\/p>\n<p>Nous ferons en sorte que vous viviez une exp\u00e9rience inoubliable : ne perdez pas de temps \u00e0 chercher des lieux de s\u00e9jour, \u00e0 organiser des transports ou \u00e0 rechercher les meilleurs sites d&#039;observation des oiseaux !<\/p>\n<p>Notre circuit est complet, comprend tous les services dont vous avez besoin et, surtout, est parfaitement pens\u00e9 et organis\u00e9 !<\/p>\n<div class=\"row\">\n<div class=\"column\" style=\"flex: 45%\">\n<p><iframe loading=\"lazy\" title=\"Oiseaux du sud du Portugal\" width=\"1080\" height=\"608\" src=\"https:\/\/www.youtube.com\/embed\/q4ezd_AIbYM?feature=oembed\" frameborder=\"0\" allow=\"accelerometer; autoplay; clipboard-write; encrypted-media; gyroscope; picture-in-picture\" allowfullscreen><\/iframe><\/p>\n<\/div>\n<div class=\"column\" style=\"flex: 10%\"><\/div>\n<div class=\"column\" style=\"flex: 45%\">\n<p><iframe loading=\"lazy\" title=\"Castro Marim\" width=\"1080\" height=\"608\" src=\"https:\/\/www.youtube.com\/embed\/sbJjXvbNWho?list=PL_6Umd8jb1qvBUfpmdNirAfZNGPDknjjw\" frameborder=\"0\" allow=\"accelerometer; autoplay; clipboard-write; encrypted-media; gyroscope; picture-in-picture\" allowfullscreen><\/iframe><\/p>\n<\/div>\n<\/div>","protected":false},"excerpt":{"rendered":"<p>La visite d&#039;observation des oiseaux et de la faune dans la Ria Formosa est une visite d&#039;observation des oiseaux en voiture con\u00e7ue par des ornithologues locaux passionn\u00e9s. C\u00e9l\u00e8bre \u00e0 juste titre pour ses plages dor\u00e9es, ses terrains de golf et son merveilleux climat toute l&#039;ann\u00e9e, l&#039;Algarve est \u00e9galement une destination secr\u00e8te pour l&#039;observation des oiseaux. \u00c0 presque tout moment de l&#039;ann\u00e9e, il y a quelque chose d&#039;int\u00e9ressant \u00e0 voir!<\/p>","protected":false},"featured_media":8365,"comment_status":"closed","ping_status":"closed","template":"","meta":{"_acf_changed":false,"inline_featured_image":false},"product_brand":[],"product_cat":[327,778,301],"product_tag":[147,306,424,425,428,429,430,432,433,436,437,438,439,440,441,442,779,160,313,443,444,445,446,447,449,162,450,60,451,452,453,454,455,462,168,169,456,319,328,780,777,781,322,457,173,465,324,68,177,325,326,458,459],"class_list":{"0":"post-8374","1":"product","2":"type-product","3":"status-publish","4":"has-post-thumbnail","6":"product_cat-self-drive-holidays-portugal","7":"product_cat-portugal-self-guided-birdwatching-holidays","8":"product_cat-self-guided-tours-portugal","9":"product_tag-algarve","10":"product_tag-alleine-reisen","11":"product_tag-best-birding-spots","12":"product_tag-best-of-the-algarvian-bird-life","13":"product_tag-bird-watching","14":"product_tag-birding","15":"product_tag-birding-algarve","16":"product_tag-birdwatchers-paradise","17":"product_tag-birdwatching","18":"product_tag-black-tailed-godwits","19":"product_tag-black-winged-kite","20":"product_tag-blackheaded-weaver","21":"product_tag-booted-eagles","22":"product_tag-collared-pratincole","23":"product_tag-european-bee-eater","24":"product_tag-ferruginous-duck","25":"product_tag-fly-drive","26":"product_tag-holidays","27":"product_tag-individuelle-touren","28":"product_tag-kentish-plover","29":"product_tag-little-bittern","30":"product_tag-little-stints","31":"product_tag-little-tern","32":"product_tag-marsh-harriers","33":"product_tag-nature-observation","34":"product_tag-nature-walks","35":"product_tag-penduline-tits","36":"product_tag-portugal","37":"product_tag-purple-heron","38":"product_tag-purple-swamp-hen","39":"product_tag-ramsar","40":"product_tag-red-crested-pochard","41":"product_tag-red-necked-nightjar","42":"product_tag-resident-and-migrant-birds","43":"product_tag-ria-formosa","44":"product_tag-ria-formosa-natural-park","45":"product_tag-ringed-plovers","46":"product_tag-sejour-en-liberte","47":"product_tag-self-guided","48":"product_tag-self-guided-birdwatching","49":"product_tag-self-guided-holidays","50":"product_tag-self-guided-tours","51":"product_tag-solo-reisen","52":"product_tag-southern-grey-shrikes","53":"product_tag-sunny-winters","54":"product_tag-top-class-birding","55":"product_tag-tours-autoguidees","56":"product_tag-tours-in-portugal","57":"product_tag-vacations","58":"product_tag-voyage-en-liberte","59":"product_tag-voyages-en-autonomie","60":"product_tag-wintering-birds","61":"product_tag-woodchat","63":"first","64":"instock","65":"virtual","66":"product-type-simple"},"acf":[],"yoast_head":"<!-- This site is optimized with the Yoast SEO Premium plugin v26.8 (Yoast SEO v27.5) - https:\/\/yoast.com\/product\/yoast-seo-premium-wordpress\/ -->\n<title>Birdwatching and Wildlife Holidays in the Ria Formosa - Legendary Adventure DMC Portugal<\/title>\n<meta name=\"description\" content=\"An enjoyable Birdwatching Tour, no matter your level of birding ability and expertise. Focus on the Ria Formosa Park and in the Castro Marim Nature Reserve.\" \/>\n<meta name=\"robots\" content=\"index, follow, max-snippet:-1, max-image-preview:large, max-video-preview:-1\" \/>\n<link rel=\"canonical\" href=\"https:\/\/legendatours.com\/fr\/produit\/birdwatching-and-wildlife-tour-in-the-ria-formosa-fly-drive-3100s\/\" \/>\n<meta property=\"og:locale\" content=\"fr_FR\" \/>\n<meta property=\"og:type\" content=\"article\" \/>\n<meta property=\"og:title\" content=\"Birdwatching and Wildlife Holidays in the Ria Formosa\" \/>\n<meta property=\"og:description\" content=\"An enjoyable Birdwatching Tour, no matter your level of birding ability and expertise. Focus on the Ria Formosa Park and in the Castro Marim Nature Reserve.\" \/>\n<meta property=\"og:url\" content=\"https:\/\/legendatours.com\/fr\/produit\/birdwatching-and-wildlife-tour-in-the-ria-formosa-fly-drive-3100s\/\" \/>\n<meta property=\"og:site_name\" content=\"Legendary Adventure DMC Portugal\" \/>\n<meta property=\"article:publisher\" content=\"https:\/\/www.facebook.com\/legendaryadventuredmc\/\" \/>\n<meta property=\"article:modified_time\" content=\"2025-03-03T17:18:40+00:00\" \/>\n<meta property=\"og:image\" content=\"https:\/\/legendatours.com\/wp-content\/uploads\/sites\/12\/2021\/04\/Birdwatching-Ria-Formosa-e1611672355742.jpg\" \/>\n\t<meta property=\"og:image:width\" content=\"1024\" \/>\n\t<meta property=\"og:image:height\" content=\"683\" \/>\n\t<meta property=\"og:image:type\" content=\"image\/jpeg\" \/>\n<meta name=\"twitter:card\" content=\"summary_large_image\" \/>\n<meta name=\"twitter:label1\" content=\"Dur\u00e9e de lecture estim\u00e9e\" \/>\n\t<meta name=\"twitter:data1\" content=\"2 minutes\" \/>\n<script type=\"application\/ld+json\" class=\"yoast-schema-graph\">{\"@context\":\"https:\\\/\\\/schema.org\",\"@graph\":[{\"@type\":\"WebPage\",\"@id\":\"https:\\\/\\\/legendatours.com\\\/product\\\/birdwatching-and-wildlife-tour-in-the-ria-formosa-fly-drive-3100s\\\/\",\"url\":\"https:\\\/\\\/legendatours.com\\\/product\\\/birdwatching-and-wildlife-tour-in-the-ria-formosa-fly-drive-3100s\\\/\",\"name\":\"Birdwatching and Wildlife Holidays in the Ria Formosa - Legendary Adventure DMC Portugal\",\"isPartOf\":{\"@id\":\"https:\\\/\\\/legendatours.com\\\/#website\"},\"primaryImageOfPage\":{\"@id\":\"https:\\\/\\\/legendatours.com\\\/product\\\/birdwatching-and-wildlife-tour-in-the-ria-formosa-fly-drive-3100s\\\/#primaryimage\"},\"image\":{\"@id\":\"https:\\\/\\\/legendatours.com\\\/product\\\/birdwatching-and-wildlife-tour-in-the-ria-formosa-fly-drive-3100s\\\/#primaryimage\"},\"thumbnailUrl\":\"https:\\\/\\\/legendatours.com\\\/wp-content\\\/uploads\\\/sites\\\/12\\\/2021\\\/04\\\/Birdwatching-Ria-Formosa-e1611672355742.jpg\",\"datePublished\":\"2020-03-06T15:01:29+00:00\",\"dateModified\":\"2025-03-03T17:18:40+00:00\",\"description\":\"An enjoyable Birdwatching Tour, no matter your level of birding ability and expertise. Focus on the Ria Formosa Park and in the Castro Marim Nature Reserve.\",\"breadcrumb\":{\"@id\":\"https:\\\/\\\/legendatours.com\\\/product\\\/birdwatching-and-wildlife-tour-in-the-ria-formosa-fly-drive-3100s\\\/#breadcrumb\"},\"inLanguage\":\"fr-FR\",\"potentialAction\":[{\"@type\":\"ReadAction\",\"target\":[\"https:\\\/\\\/legendatours.com\\\/product\\\/birdwatching-and-wildlife-tour-in-the-ria-formosa-fly-drive-3100s\\\/\"]}]},{\"@type\":\"ImageObject\",\"inLanguage\":\"fr-FR\",\"@id\":\"https:\\\/\\\/legendatours.com\\\/product\\\/birdwatching-and-wildlife-tour-in-the-ria-formosa-fly-drive-3100s\\\/#primaryimage\",\"url\":\"https:\\\/\\\/legendatours.com\\\/wp-content\\\/uploads\\\/sites\\\/12\\\/2021\\\/04\\\/Birdwatching-Ria-Formosa-e1611672355742.jpg\",\"contentUrl\":\"https:\\\/\\\/legendatours.com\\\/wp-content\\\/uploads\\\/sites\\\/12\\\/2021\\\/04\\\/Birdwatching-Ria-Formosa-e1611672355742.jpg\",\"width\":1024,\"height\":683,\"caption\":\"Birdwatching Ria Formosa\"},{\"@type\":\"BreadcrumbList\",\"@id\":\"https:\\\/\\\/legendatours.com\\\/product\\\/birdwatching-and-wildlife-tour-in-the-ria-formosa-fly-drive-3100s\\\/#breadcrumb\",\"itemListElement\":[{\"@type\":\"ListItem\",\"position\":1,\"name\":\"Home\",\"item\":\"https:\\\/\\\/legendatours.com\\\/\"},{\"@type\":\"ListItem\",\"position\":2,\"name\":\"Shop\",\"item\":\"https:\\\/\\\/legendatours.com\\\/sv\\\/?page_id=4\"},{\"@type\":\"ListItem\",\"position\":3,\"name\":\"Birdwatching and Wildlife Tour in the Ria Formosa is a Self-Guided Tour with Car designed by keen local birders. Rightly famed for its golden beaches, golf courses, and wonderful year-round climate, the Algarve is also a secret destination for great birding. At almost any time of the year, there is something of interest to see!\"}]},{\"@type\":\"WebSite\",\"@id\":\"https:\\\/\\\/legendatours.com\\\/#website\",\"url\":\"https:\\\/\\\/legendatours.com\\\/\",\"name\":\"Legendary Adventure DMC Portugal\",\"description\":\"Responsible Walking &amp; Nature Holidays in Portugal\",\"publisher\":{\"@id\":\"https:\\\/\\\/legendatours.com\\\/#organization\"},\"alternateName\":\"Legendary Adventure Portugal\",\"potentialAction\":[{\"@type\":\"SearchAction\",\"target\":{\"@type\":\"EntryPoint\",\"urlTemplate\":\"https:\\\/\\\/legendatours.com\\\/?s={search_term_string}\"},\"query-input\":{\"@type\":\"PropertyValueSpecification\",\"valueRequired\":true,\"valueName\":\"search_term_string\"}}],\"inLanguage\":\"fr-FR\"},{\"@type\":\"Organization\",\"@id\":\"https:\\\/\\\/legendatours.com\\\/#organization\",\"name\":\"legendatours.com\",\"url\":\"https:\\\/\\\/legendatours.com\\\/\",\"logo\":{\"@type\":\"ImageObject\",\"inLanguage\":\"fr-FR\",\"@id\":\"https:\\\/\\\/legendatours.com\\\/#\\\/schema\\\/logo\\\/image\\\/\",\"url\":\"https:\\\/\\\/legendatours.com\\\/wp-content\\\/uploads\\\/sites\\\/12\\\/2021\\\/06\\\/legendary_adventure_dmc.png\",\"contentUrl\":\"https:\\\/\\\/legendatours.com\\\/wp-content\\\/uploads\\\/sites\\\/12\\\/2021\\\/06\\\/legendary_adventure_dmc.png\",\"width\":250,\"height\":74,\"caption\":\"legendatours.com\"},\"image\":{\"@id\":\"https:\\\/\\\/legendatours.com\\\/#\\\/schema\\\/logo\\\/image\\\/\"},\"sameAs\":[\"https:\\\/\\\/www.facebook.com\\\/legendaryadventuredmc\\\/\",\"https:\\\/\\\/www.linkedin.com\\\/company\\\/legendary-adventure-dmc-portugal\",\"https:\\\/\\\/www.youtube.com\\\/channel\\\/UCOIRDx_KM6ynIcacQkZjb6g\"]}]}<\/script>\n<!-- \/ Yoast SEO Premium plugin. -->","yoast_head_json":{"title":"S\u00e9jours ornithologiques et animaliers dans la Ria Formosa - Legendary Adventure DMC Portugal","description":"Une excursion d&#039;observation des oiseaux agr\u00e9able, quel que soit votre niveau de capacit\u00e9 et d&#039;expertise en mati\u00e8re d&#039;observation des oiseaux. Focus sur le parc Ria Formosa et dans la r\u00e9serve naturelle de Castro Marim.","robots":{"index":"index","follow":"follow","max-snippet":"max-snippet:-1","max-image-preview":"max-image-preview:large","max-video-preview":"max-video-preview:-1"},"canonical":"https:\/\/legendatours.com\/fr\/produit\/birdwatching-and-wildlife-tour-in-the-ria-formosa-fly-drive-3100s\/","og_locale":"fr_FR","og_type":"article","og_title":"Birdwatching and Wildlife Holidays in the Ria Formosa","og_description":"An enjoyable Birdwatching Tour, no matter your level of birding ability and expertise. Focus on the Ria Formosa Park and in the Castro Marim Nature Reserve.","og_url":"https:\/\/legendatours.com\/fr\/produit\/birdwatching-and-wildlife-tour-in-the-ria-formosa-fly-drive-3100s\/","og_site_name":"Legendary Adventure DMC Portugal","article_publisher":"https:\/\/www.facebook.com\/legendaryadventuredmc\/","article_modified_time":"2025-03-03T17:18:40+00:00","og_image":[{"width":1024,"height":683,"url":"https:\/\/legendatours.com\/wp-content\/uploads\/sites\/12\/2021\/04\/Birdwatching-Ria-Formosa-e1611672355742.jpg","type":"image\/jpeg"}],"twitter_card":"summary_large_image","twitter_misc":{"Dur\u00e9e de lecture estim\u00e9e":"2 minutes"},"schema":{"@context":"https:\/\/schema.org","@graph":[{"@type":"WebPage","@id":"https:\/\/legendatours.com\/product\/birdwatching-and-wildlife-tour-in-the-ria-formosa-fly-drive-3100s\/","url":"https:\/\/legendatours.com\/product\/birdwatching-and-wildlife-tour-in-the-ria-formosa-fly-drive-3100s\/","name":"S\u00e9jours ornithologiques et animaliers dans la Ria Formosa - Legendary Adventure DMC Portugal","isPartOf":{"@id":"https:\/\/legendatours.com\/#website"},"primaryImageOfPage":{"@id":"https:\/\/legendatours.com\/product\/birdwatching-and-wildlife-tour-in-the-ria-formosa-fly-drive-3100s\/#primaryimage"},"image":{"@id":"https:\/\/legendatours.com\/product\/birdwatching-and-wildlife-tour-in-the-ria-formosa-fly-drive-3100s\/#primaryimage"},"thumbnailUrl":"https:\/\/legendatours.com\/wp-content\/uploads\/sites\/12\/2021\/04\/Birdwatching-Ria-Formosa-e1611672355742.jpg","datePublished":"2020-03-06T15:01:29+00:00","dateModified":"2025-03-03T17:18:40+00:00","description":"Une excursion d&#039;observation des oiseaux agr\u00e9able, quel que soit votre niveau de capacit\u00e9 et d&#039;expertise en mati\u00e8re d&#039;observation des oiseaux. Focus sur le parc Ria Formosa et dans la r\u00e9serve naturelle de Castro Marim.","breadcrumb":{"@id":"https:\/\/legendatours.com\/product\/birdwatching-and-wildlife-tour-in-the-ria-formosa-fly-drive-3100s\/#breadcrumb"},"inLanguage":"fr-FR","potentialAction":[{"@type":"ReadAction","target":["https:\/\/legendatours.com\/product\/birdwatching-and-wildlife-tour-in-the-ria-formosa-fly-drive-3100s\/"]}]},{"@type":"ImageObject","inLanguage":"fr-FR","@id":"https:\/\/legendatours.com\/product\/birdwatching-and-wildlife-tour-in-the-ria-formosa-fly-drive-3100s\/#primaryimage","url":"https:\/\/legendatours.com\/wp-content\/uploads\/sites\/12\/2021\/04\/Birdwatching-Ria-Formosa-e1611672355742.jpg","contentUrl":"https:\/\/legendatours.com\/wp-content\/uploads\/sites\/12\/2021\/04\/Birdwatching-Ria-Formosa-e1611672355742.jpg","width":1024,"height":683,"caption":"Birdwatching Ria Formosa"},{"@type":"BreadcrumbList","@id":"https:\/\/legendatours.com\/product\/birdwatching-and-wildlife-tour-in-the-ria-formosa-fly-drive-3100s\/#breadcrumb","itemListElement":[{"@type":"ListItem","position":1,"name":"Home","item":"https:\/\/legendatours.com\/"},{"@type":"ListItem","position":2,"name":"Shop","item":"https:\/\/legendatours.com\/sv\/?page_id=4"},{"@type":"ListItem","position":3,"name":"Birdwatching and Wildlife Tour in the Ria Formosa is a Self-Guided Tour with Car designed by keen local birders. Rightly famed for its golden beaches, golf courses, and wonderful year-round climate, the Algarve is also a secret destination for great birding. At almost any time of the year, there is something of interest to see!"}]},{"@type":"WebSite","@id":"https:\/\/legendatours.com\/#website","url":"https:\/\/legendatours.com\/","name":"Aventure l\u00e9gendaire DMC Portugal","description":"Randonn\u00e9es responsables et vacances nature au Portugal","publisher":{"@id":"https:\/\/legendatours.com\/#organization"},"alternateName":"Legendary Adventure Portugal","potentialAction":[{"@type":"SearchAction","target":{"@type":"EntryPoint","urlTemplate":"https:\/\/legendatours.com\/?s={search_term_string}"},"query-input":{"@type":"PropertyValueSpecification","valueRequired":true,"valueName":"search_term_string"}}],"inLanguage":"fr-FR"},{"@type":"Organization","@id":"https:\/\/legendatours.com\/#organization","name":"legendatours.com","url":"https:\/\/legendatours.com\/","logo":{"@type":"ImageObject","inLanguage":"fr-FR","@id":"https:\/\/legendatours.com\/#\/schema\/logo\/image\/","url":"https:\/\/legendatours.com\/wp-content\/uploads\/sites\/12\/2021\/06\/legendary_adventure_dmc.png","contentUrl":"https:\/\/legendatours.com\/wp-content\/uploads\/sites\/12\/2021\/06\/legendary_adventure_dmc.png","width":250,"height":74,"caption":"legendatours.com"},"image":{"@id":"https:\/\/legendatours.com\/#\/schema\/logo\/image\/"},"sameAs":["https:\/\/www.facebook.com\/legendaryadventuredmc\/","https:\/\/www.linkedin.com\/company\/legendary-adventure-dmc-portugal","https:\/\/www.youtube.com\/channel\/UCOIRDx_KM6ynIcacQkZjb6g"]}]}},"_links":{"self":[{"href":"https:\/\/legendatours.com\/fr\/wp-json\/wp\/v2\/product\/8374","targetHints":{"allow":["GET"]}}],"collection":[{"href":"https:\/\/legendatours.com\/fr\/wp-json\/wp\/v2\/product"}],"about":[{"href":"https:\/\/legendatours.com\/fr\/wp-json\/wp\/v2\/types\/product"}],"replies":[{"embeddable":true,"href":"https:\/\/legendatours.com\/fr\/wp-json\/wp\/v2\/comments?post=8374"}],"wp:featuredmedia":[{"embeddable":true,"href":"https:\/\/legendatours.com\/fr\/wp-json\/wp\/v2\/media\/8365"}],"wp:attachment":[{"href":"https:\/\/legendatours.com\/fr\/wp-json\/wp\/v2\/media?parent=8374"}],"wp:term":[{"taxonomy":"product_brand","embeddable":true,"href":"https:\/\/legendatours.com\/fr\/wp-json\/wp\/v2\/product_brand?post=8374"},{"taxonomy":"product_cat","embeddable":true,"href":"https:\/\/legendatours.com\/fr\/wp-json\/wp\/v2\/product_cat?post=8374"},{"taxonomy":"product_tag","embeddable":true,"href":"https:\/\/legendatours.com\/fr\/wp-json\/wp\/v2\/product_tag?post=8374"}],"curies":[{"name":"wp","href":"https:\/\/api.w.org\/{rel}","templated":true}]}}