{"id":8388,"date":"2020-03-06T14:19:39","date_gmt":"2020-03-06T14:19:39","guid":{"rendered":"https:\/\/legendatours.com\/product\/praia-da-rocha-walking-the-trails-of-the-west-algarve\/"},"modified":"2022-01-02T22:45:01","modified_gmt":"2022-01-02T22:45:01","slug":"walking-the-trails-of-the-west-algarve-praia-da-rocha-1603s","status":"publish","type":"product","link":"https:\/\/legendatours.com\/fr\/produit\/walking-the-trails-of-the-west-algarve-praia-da-rocha-1603s\/","title":{"rendered":"Praia da Rocha : parcourir les sentiers de l&#039;ouest de l&#039;Algarve"},"content":{"rendered":"<p>Marcher sur les sentiers de l&#039;ouest de l&#039;Algarve est une passionnante visite \u00e0 pied autoguid\u00e9e dans une destination paradisiaque pour les marcheurs. Le climat est parfait pour la randonn\u00e9e pendant la majeure partie de l&#039;ann\u00e9e, et la campagne regorge d&#039;animaux sauvages, de fleurs aux couleurs vives et de villages pittoresques. Le littoral pr\u00e9sente d&#039;impressionnantes formations rocheuses, des falaises, des plages isol\u00e9es et d&#039;\u00e9tonnants paysages marins bleus. La base de notre visite est Praia da Rocha, l&#039;une des stations baln\u00e9aires les plus pittoresques et les plus c\u00e9l\u00e8bres de l&#039;Algarve.<\/p>\n<p>Les promenades de cette passionnante visite autoguid\u00e9e offrent un m\u00e9lange int\u00e9ressant de paysages c\u00f4tiers et ruraux afin que vous puissiez d\u00e9couvrir cette partie sp\u00e9ciale de l&#039;Algarve.<\/p>\n<p>&nbsp;<\/p>\n<div id=\"attachment_1927\" style=\"width: 1034px\" class=\"wp-caption alignnone\"><img loading=\"lazy\" decoding=\"async\" aria-describedby=\"caption-attachment-1927\" class=\"wp-image-1927 size-large\" title=\"Marcher \u00e0 l&#039;ouest de l&#039;Algarve Alvor\" src=\"https:\/\/legendatours.net\/wp-content\/uploads\/2020\/03\/Walking_WestAlgarve-1024x683.jpg\" alt=\"Walking West Algarve Alvor\" width=\"1024\" height=\"683\" \/><p id=\"caption-attachment-1927\" class=\"wp-caption-text\">Marcher \u00e0 l&#039;ouest de l&#039;Algarve. Promenez-vous dans la verdure luxuriante des for\u00eats, sur fond de bleu oc\u00e9an et toujours dans des endroits incroyables pleins d&#039;animaux sauvages !<\/p><\/div>\n<p>Il y a des promenades int\u00e9rieures inattendues dans des lieux o\u00f9 la vie tourne au rythme des saisons, le plus souvent sur des sentiers non touristiques, hors des sentiers battus. Il nous donne un aper\u00e7u du mode de vie traditionnel de l&#039;Algarve alors que nous traversons d&#039;anciennes terres agricoles, de petites exploitations et des vergers parfum\u00e9s, le long de la magnifique rivi\u00e8re Arade et de ses rives fertiles, menant \u00e0 Silves, l&#039;ancienne capitale maure de l&#039;Algarve.<\/p>\n<p>Un autre point culminant est l&#039;estuaire abrit\u00e9 d&#039;Alvor, un havre naturel avec un large \u00e9ventail d&#039;habitats et une riche biodiversit\u00e9. Les promenades empruntent des sentiers et des ruelles tranquilles \u00e0 travers une vari\u00e9t\u00e9 de paysages de marais salants, de terres agricoles, de p\u00e2turages et de vergers. C&#039;est id\u00e9al pour l&#039;observation des oiseaux, alors emportez vos jumelles !<\/p>\n<p>&nbsp;<\/p>\n<div id=\"attachment_1926\" style=\"width: 1034px\" class=\"wp-caption alignnone\"><img loading=\"lazy\" decoding=\"async\" aria-describedby=\"caption-attachment-1926\" class=\"wp-image-1926 size-large\" title=\"Marcher dans l&#039;ouest inconnu de l&#039;Algarve\" src=\"https:\/\/legendatours.net\/wp-content\/uploads\/2020\/03\/Walking_in_the_unknown_WestAlgarve-1024x683.jpg\" alt=\"Walking in the unknown West Algarve\" width=\"1024\" height=\"683\" \/><p id=\"caption-attachment-1926\" class=\"wp-caption-text\">Marcher dans l&#039;ouest de l&#039;Algarve. Promenez-vous le long de la vall\u00e9e fertile de la rivi\u00e8re Arade, parfum\u00e9e au parfum de la fleur d&#039;oranger, en profitant de l&#039;impressionnant paysage naturel.<\/p><\/div>\n<p>Le village pittoresque de Ferragudo est un excellent exemple de village de p\u00eacheurs typique, avec une multitude de bateaux de p\u00eache color\u00e9s et de maisons blanchies \u00e0 la chaux bord\u00e9es de bleu frais.<\/p>\n<p>Cette visite \u00e0 pied autoguid\u00e9e de l&#039;ouest de l&#039;Algarve a quelque chose pour tout le monde, et vous serez g\u00e2t\u00e9 par la vari\u00e9t\u00e9 et la beaut\u00e9 des lieux de randonn\u00e9e.<\/p>\n<p>La lumi\u00e8re et le temps dans l&#039;ouest de l&#039;Algarve sont fantastiques, m\u00eame pendant les mois d&#039;hiver, ce qui en fait une belle r\u00e9gion pour la marche et les activit\u00e9s dans la nature. Dans les petites rues pav\u00e9es des villages pittoresques, vous trouverez des maisons blanchies \u00e0 la chaux, des caf\u00e9s et un mode de vie tranquille.<\/p>\n<p>&nbsp;<\/p>\n<div id=\"attachment_1918\" style=\"width: 1034px\" class=\"wp-caption alignnone\"><img loading=\"lazy\" decoding=\"async\" aria-describedby=\"caption-attachment-1918\" class=\"wp-image-1918 size-large\" src=\"https:\/\/legendatours.net\/wp-content\/uploads\/2020\/03\/walk_beach-1024x715.jpg\" alt=\"Walk on the beach\" width=\"1024\" height=\"715\" \/><p id=\"caption-attachment-1918\" class=\"wp-caption-text\">Promenez-vous sur la plage, avec certaines des plus belles vues du paysage c\u00f4tier de l&#039;Algarve.<\/p><\/div>\n<p>Quelle que soit la partie de l&#039;ouest de l&#039;Algarve o\u00f9 vos sentiers de randonn\u00e9e vous m\u00e8nent, vous trouverez un peuple accueillant et sympathique, d&#039;excellents vins locaux et une cuisine d\u00e9licieuse, du poisson le plus frais aux plats r\u00e9gionaux pleins de saveurs.<\/p>\n<p>Pour vous plonger dans la peau de l&#039;Algarve de l&#039;Ouest et le voir sous son meilleur jour, profitez de nos promenades tri\u00e9es sur le volet, car elles r\u00e9unissent tous les ingr\u00e9dients pour des vacances \u00e0 pied parfaites tout en donnant un r\u00e9el sentiment d&#039;appartenance.<\/p>\n<p>Nos visites \u00e0 pied autoguid\u00e9es sont soigneusement con\u00e7ues et incluent toutes les informations dont vous avez besoin, des cartes d\u00e9taill\u00e9es et notes d&#039;itin\u00e9raire \u00e0 une hotline 24h\/24. L&#039;h\u00e9bergement, les transferts a\u00e9roport et les transports sont inclus dans le programme de marche.<\/p>\n<p>&nbsp;<\/p>\n<p>&nbsp;<\/p>\n<div class=\"row\" style=\"display: flex;\">\n<div class=\"column\" style=\"flex: 45%;\"><\/div>\n<div class=\"column\" style=\"flex: 10%;\"><\/div>\n<div class=\"column\" style=\"flex: 45%;\">\n<p><iframe loading=\"lazy\" title=\"Alvor - Algarve - Portugal HD\" width=\"1080\" height=\"608\" src=\"https:\/\/www.youtube.com\/embed\/sVo97Fycs5k?feature=oembed\" frameborder=\"0\" allow=\"accelerometer; autoplay; clipboard-write; encrypted-media; gyroscope; picture-in-picture\" allowfullscreen><\/iframe><\/p>\n<\/div>\n<\/div>","protected":false},"excerpt":{"rendered":"<p>Marcher sur les sentiers de l&#039;ouest de l&#039;Algarve est une passionnante visite \u00e0 pied autoguid\u00e9e dans une destination paradisiaque pour les marcheurs. Le climat est parfait pour la randonn\u00e9e pendant la majeure partie de l&#039;ann\u00e9e, et la campagne regorge d&#039;animaux sauvages, de fleurs aux couleurs vives et de villages pittoresques. Le littoral pr\u00e9sente d&#039;impressionnantes formations rocheuses, des falaises, des plages isol\u00e9es et d&#039;\u00e9tonnants paysages marins bleus. La base de notre visite est Praia da Rocha, l&#039;une des stations baln\u00e9aires les plus pittoresques et les plus c\u00e9l\u00e8bres de l&#039;Algarve.<\/p>","protected":false},"featured_media":8216,"comment_status":"closed","ping_status":"closed","template":"","meta":{"_acf_changed":false,"inline_featured_image":false},"product_brand":[],"product_cat":[301,856],"product_tag":[147,306,827,633,76,428,867,34,850,681,876,153,214,337,154,732,682,156,218,758,313,759,760,761,762,868,683,271,99,745,162,558,860,861,747,106,640,641,764,765,766,767,768,788,1041,319,328,728,753,228,343,322,770,324,68,864,771,684,685,1042,325,772,326,121,756,112,180,122,421,757,645,145],"class_list":{"0":"post-8388","1":"product","2":"type-product","3":"status-publish","4":"has-post-thumbnail","6":"product_cat-self-guided-tours-portugal","7":"product_cat-self-guided-walking-holidays","8":"product_tag-algarve","9":"product_tag-alleine-reisen","10":"product_tag-almonds","11":"product_tag-alvor","12":"product_tag-beaches","13":"product_tag-bird-watching","14":"product_tag-carobs","15":"product_tag-caves","16":"product_tag-cliff-top","17":"product_tag-cliffs","18":"product_tag-coastal-algarve","19":"product_tag-countryside","20":"product_tag-culture","21":"product_tag-delicious-food","22":"product_tag-east-algarve","23":"product_tag-golden-beaches","24":"product_tag-grottoes","25":"product_tag-hiking","26":"product_tag-history","27":"product_tag-individual-hiking","28":"product_tag-individuelle-touren","29":"product_tag-individuelle-trekkingreisen","30":"product_tag-individuelle-wandern","31":"product_tag-individuelle-wanderreisen","32":"product_tag-individuelle-wandertouren","33":"product_tag-inland-algarve","34":"product_tag-limestone-rocks","35":"product_tag-lush-green-hills","36":"product_tag-natural-scenery","37":"product_tag-nature-hikes","38":"product_tag-nature-walks","39":"product_tag-olives","40":"product_tag-oranges","41":"product_tag-orchards","42":"product_tag-paths","43":"product_tag-picturesque-landscapes","44":"product_tag-portimao","45":"product_tag-praia-da-rocha","46":"product_tag-rando-autoguidee","47":"product_tag-rando-liberte","48":"product_tag-randonnee-autoguidee","49":"product_tag-randonnee-en-liberte","50":"product_tag-randonnee-liberte","51":"product_tag-ria-de-alvor","52":"product_tag-rocha-delicada","53":"product_tag-sejour-en-liberte","54":"product_tag-self-guided","55":"product_tag-self-guided-walking-holiday","56":"product_tag-self-guided-walking-tour","57":"product_tag-sightseeing","58":"product_tag-silves","59":"product_tag-solo-reisen","60":"product_tag-solo-wandern","61":"product_tag-tours-autoguidees","62":"product_tag-tours-in-portugal","63":"product_tag-trails","64":"product_tag-trek-en-liberte","65":"product_tag-trek-solo","66":"product_tag-trekking-solo","67":"product_tag-vale-da-lama","68":"product_tag-voyage-en-liberte","69":"product_tag-voyages-a-pied-en-liberte","70":"product_tag-voyages-en-autonomie","71":"product_tag-walking","72":"product_tag-walking-holiday","73":"product_tag-walking-holidays","74":"product_tag-walking-tour","75":"product_tag-walking-tours","76":"product_tag-walking-trails","77":"product_tag-walks","78":"product_tag-west-algarve","79":"product_tag-wines","81":"first","82":"instock","83":"virtual","84":"product-type-simple"},"acf":[],"yoast_head":"<!-- This site is optimized with the Yoast SEO Premium plugin v26.8 (Yoast SEO v27.5) - https:\/\/yoast.com\/product\/yoast-seo-premium-wordpress\/ -->\n<title>Praia da Rocha: Walking the Trails of the West Algarve - Legendary Adventure DMC Portugal<\/title>\n<meta name=\"description\" content=\"Self-Guided walking tour set in one of the most scenic beach resorts in the Algarve, Praia da Rocha, base for great coastal hikes and inland exploration.\" \/>\n<meta name=\"robots\" content=\"index, follow, max-snippet:-1, max-image-preview:large, max-video-preview:-1\" \/>\n<link rel=\"canonical\" href=\"https:\/\/legendatours.com\/fr\/produit\/walking-the-trails-of-the-west-algarve-praia-da-rocha-1603s\/\" \/>\n<meta property=\"og:locale\" content=\"fr_FR\" \/>\n<meta property=\"og:type\" content=\"article\" \/>\n<meta property=\"og:title\" content=\"Praia da Rocha: Walking the Trails of the West Algarve\" \/>\n<meta property=\"og:description\" content=\"Self-Guided walking tour set in one of the most scenic beach resorts in the Algarve, Praia da Rocha, base for great coastal hikes and inland exploration.\" \/>\n<meta property=\"og:url\" content=\"https:\/\/legendatours.com\/fr\/produit\/walking-the-trails-of-the-west-algarve-praia-da-rocha-1603s\/\" \/>\n<meta property=\"og:site_name\" content=\"Legendary Adventure DMC Portugal\" \/>\n<meta property=\"article:publisher\" content=\"https:\/\/www.facebook.com\/legendaryadventuredmc\/\" \/>\n<meta property=\"article:modified_time\" content=\"2022-01-02T22:45:01+00:00\" \/>\n<meta property=\"og:image\" content=\"https:\/\/legendatours.com\/wp-content\/uploads\/sites\/12\/2021\/04\/Self_guided_walk_WestAlgarve-e1611680806513.jpg\" \/>\n\t<meta property=\"og:image:width\" content=\"1024\" \/>\n\t<meta property=\"og:image:height\" content=\"683\" \/>\n\t<meta property=\"og:image:type\" content=\"image\/jpeg\" \/>\n<meta name=\"twitter:card\" content=\"summary_large_image\" \/>\n<meta name=\"twitter:label1\" content=\"Dur\u00e9e de lecture estim\u00e9e\" \/>\n\t<meta name=\"twitter:data1\" content=\"3 minutes\" \/>\n<script type=\"application\/ld+json\" class=\"yoast-schema-graph\">{\"@context\":\"https:\\\/\\\/schema.org\",\"@graph\":[{\"@type\":\"WebPage\",\"@id\":\"https:\\\/\\\/legendatours.com\\\/product\\\/walking-the-trails-of-the-west-algarve-praia-da-rocha-1603s\\\/\",\"url\":\"https:\\\/\\\/legendatours.com\\\/product\\\/walking-the-trails-of-the-west-algarve-praia-da-rocha-1603s\\\/\",\"name\":\"Praia da Rocha: Walking the Trails of the West Algarve - Legendary Adventure DMC Portugal\",\"isPartOf\":{\"@id\":\"https:\\\/\\\/legendatours.com\\\/#website\"},\"primaryImageOfPage\":{\"@id\":\"https:\\\/\\\/legendatours.com\\\/product\\\/walking-the-trails-of-the-west-algarve-praia-da-rocha-1603s\\\/#primaryimage\"},\"image\":{\"@id\":\"https:\\\/\\\/legendatours.com\\\/product\\\/walking-the-trails-of-the-west-algarve-praia-da-rocha-1603s\\\/#primaryimage\"},\"thumbnailUrl\":\"https:\\\/\\\/legendatours.com\\\/wp-content\\\/uploads\\\/sites\\\/12\\\/2021\\\/04\\\/Self_guided_walk_WestAlgarve-e1611680806513.jpg\",\"datePublished\":\"2020-03-06T14:19:39+00:00\",\"dateModified\":\"2022-01-02T22:45:01+00:00\",\"description\":\"Self-Guided walking tour set in one of the most scenic beach resorts in the Algarve, Praia da Rocha, base for great coastal hikes and inland exploration.\",\"breadcrumb\":{\"@id\":\"https:\\\/\\\/legendatours.com\\\/product\\\/walking-the-trails-of-the-west-algarve-praia-da-rocha-1603s\\\/#breadcrumb\"},\"inLanguage\":\"fr-FR\",\"potentialAction\":[{\"@type\":\"ReadAction\",\"target\":[\"https:\\\/\\\/legendatours.com\\\/product\\\/walking-the-trails-of-the-west-algarve-praia-da-rocha-1603s\\\/\"]}]},{\"@type\":\"ImageObject\",\"inLanguage\":\"fr-FR\",\"@id\":\"https:\\\/\\\/legendatours.com\\\/product\\\/walking-the-trails-of-the-west-algarve-praia-da-rocha-1603s\\\/#primaryimage\",\"url\":\"https:\\\/\\\/legendatours.com\\\/wp-content\\\/uploads\\\/sites\\\/12\\\/2021\\\/04\\\/Self_guided_walk_WestAlgarve-e1611680806513.jpg\",\"contentUrl\":\"https:\\\/\\\/legendatours.com\\\/wp-content\\\/uploads\\\/sites\\\/12\\\/2021\\\/04\\\/Self_guided_walk_WestAlgarve-e1611680806513.jpg\",\"width\":1024,\"height\":683,\"caption\":\"Self guided walk West Algarve\"},{\"@type\":\"BreadcrumbList\",\"@id\":\"https:\\\/\\\/legendatours.com\\\/product\\\/walking-the-trails-of-the-west-algarve-praia-da-rocha-1603s\\\/#breadcrumb\",\"itemListElement\":[{\"@type\":\"ListItem\",\"position\":1,\"name\":\"Home\",\"item\":\"https:\\\/\\\/legendatours.com\\\/\"},{\"@type\":\"ListItem\",\"position\":2,\"name\":\"Shop\",\"item\":\"https:\\\/\\\/legendatours.com\\\/sv\\\/?page_id=4\"},{\"@type\":\"ListItem\",\"position\":3,\"name\":\"Praia da Rocha: Walking the Trails of the West Algarve\"}]},{\"@type\":\"WebSite\",\"@id\":\"https:\\\/\\\/legendatours.com\\\/#website\",\"url\":\"https:\\\/\\\/legendatours.com\\\/\",\"name\":\"Legendary Adventure DMC Portugal\",\"description\":\"Responsible Walking &amp; Nature Holidays in Portugal\",\"publisher\":{\"@id\":\"https:\\\/\\\/legendatours.com\\\/#organization\"},\"alternateName\":\"Legendary Adventure Portugal\",\"potentialAction\":[{\"@type\":\"SearchAction\",\"target\":{\"@type\":\"EntryPoint\",\"urlTemplate\":\"https:\\\/\\\/legendatours.com\\\/?s={search_term_string}\"},\"query-input\":{\"@type\":\"PropertyValueSpecification\",\"valueRequired\":true,\"valueName\":\"search_term_string\"}}],\"inLanguage\":\"fr-FR\"},{\"@type\":\"Organization\",\"@id\":\"https:\\\/\\\/legendatours.com\\\/#organization\",\"name\":\"legendatours.com\",\"url\":\"https:\\\/\\\/legendatours.com\\\/\",\"logo\":{\"@type\":\"ImageObject\",\"inLanguage\":\"fr-FR\",\"@id\":\"https:\\\/\\\/legendatours.com\\\/#\\\/schema\\\/logo\\\/image\\\/\",\"url\":\"https:\\\/\\\/legendatours.com\\\/wp-content\\\/uploads\\\/sites\\\/12\\\/2021\\\/06\\\/legendary_adventure_dmc.png\",\"contentUrl\":\"https:\\\/\\\/legendatours.com\\\/wp-content\\\/uploads\\\/sites\\\/12\\\/2021\\\/06\\\/legendary_adventure_dmc.png\",\"width\":250,\"height\":74,\"caption\":\"legendatours.com\"},\"image\":{\"@id\":\"https:\\\/\\\/legendatours.com\\\/#\\\/schema\\\/logo\\\/image\\\/\"},\"sameAs\":[\"https:\\\/\\\/www.facebook.com\\\/legendaryadventuredmc\\\/\",\"https:\\\/\\\/www.linkedin.com\\\/company\\\/legendary-adventure-dmc-portugal\",\"https:\\\/\\\/www.youtube.com\\\/channel\\\/UCOIRDx_KM6ynIcacQkZjb6g\"]}]}<\/script>\n<!-- \/ Yoast SEO Premium plugin. -->","yoast_head_json":{"title":"Praia da Rocha : parcourir les sentiers de l&#039;ouest de l&#039;Algarve - Aventure L\u00e9gendaire DMC Portugal","description":"Visite \u00e0 pied autoguid\u00e9e dans l&#039;une des stations baln\u00e9aires les plus pittoresques de l&#039;Algarve, Praia da Rocha, base de superbes randonn\u00e9es c\u00f4ti\u00e8res et d&#039;exploration de l&#039;int\u00e9rieur des terres.","robots":{"index":"index","follow":"follow","max-snippet":"max-snippet:-1","max-image-preview":"max-image-preview:large","max-video-preview":"max-video-preview:-1"},"canonical":"https:\/\/legendatours.com\/fr\/produit\/walking-the-trails-of-the-west-algarve-praia-da-rocha-1603s\/","og_locale":"fr_FR","og_type":"article","og_title":"Praia da Rocha: Walking the Trails of the West Algarve","og_description":"Self-Guided walking tour set in one of the most scenic beach resorts in the Algarve, Praia da Rocha, base for great coastal hikes and inland exploration.","og_url":"https:\/\/legendatours.com\/fr\/produit\/walking-the-trails-of-the-west-algarve-praia-da-rocha-1603s\/","og_site_name":"Legendary Adventure DMC Portugal","article_publisher":"https:\/\/www.facebook.com\/legendaryadventuredmc\/","article_modified_time":"2022-01-02T22:45:01+00:00","og_image":[{"width":1024,"height":683,"url":"https:\/\/legendatours.com\/wp-content\/uploads\/sites\/12\/2021\/04\/Self_guided_walk_WestAlgarve-e1611680806513.jpg","type":"image\/jpeg"}],"twitter_card":"summary_large_image","twitter_misc":{"Dur\u00e9e de lecture estim\u00e9e":"3 minutes"},"schema":{"@context":"https:\/\/schema.org","@graph":[{"@type":"WebPage","@id":"https:\/\/legendatours.com\/product\/walking-the-trails-of-the-west-algarve-praia-da-rocha-1603s\/","url":"https:\/\/legendatours.com\/product\/walking-the-trails-of-the-west-algarve-praia-da-rocha-1603s\/","name":"Praia da Rocha : parcourir les sentiers de l&#039;ouest de l&#039;Algarve - Aventure L\u00e9gendaire DMC Portugal","isPartOf":{"@id":"https:\/\/legendatours.com\/#website"},"primaryImageOfPage":{"@id":"https:\/\/legendatours.com\/product\/walking-the-trails-of-the-west-algarve-praia-da-rocha-1603s\/#primaryimage"},"image":{"@id":"https:\/\/legendatours.com\/product\/walking-the-trails-of-the-west-algarve-praia-da-rocha-1603s\/#primaryimage"},"thumbnailUrl":"https:\/\/legendatours.com\/wp-content\/uploads\/sites\/12\/2021\/04\/Self_guided_walk_WestAlgarve-e1611680806513.jpg","datePublished":"2020-03-06T14:19:39+00:00","dateModified":"2022-01-02T22:45:01+00:00","description":"Visite \u00e0 pied autoguid\u00e9e dans l&#039;une des stations baln\u00e9aires les plus pittoresques de l&#039;Algarve, Praia da Rocha, base de superbes randonn\u00e9es c\u00f4ti\u00e8res et d&#039;exploration de l&#039;int\u00e9rieur des terres.","breadcrumb":{"@id":"https:\/\/legendatours.com\/product\/walking-the-trails-of-the-west-algarve-praia-da-rocha-1603s\/#breadcrumb"},"inLanguage":"fr-FR","potentialAction":[{"@type":"ReadAction","target":["https:\/\/legendatours.com\/product\/walking-the-trails-of-the-west-algarve-praia-da-rocha-1603s\/"]}]},{"@type":"ImageObject","inLanguage":"fr-FR","@id":"https:\/\/legendatours.com\/product\/walking-the-trails-of-the-west-algarve-praia-da-rocha-1603s\/#primaryimage","url":"https:\/\/legendatours.com\/wp-content\/uploads\/sites\/12\/2021\/04\/Self_guided_walk_WestAlgarve-e1611680806513.jpg","contentUrl":"https:\/\/legendatours.com\/wp-content\/uploads\/sites\/12\/2021\/04\/Self_guided_walk_WestAlgarve-e1611680806513.jpg","width":1024,"height":683,"caption":"Self guided walk West Algarve"},{"@type":"BreadcrumbList","@id":"https:\/\/legendatours.com\/product\/walking-the-trails-of-the-west-algarve-praia-da-rocha-1603s\/#breadcrumb","itemListElement":[{"@type":"ListItem","position":1,"name":"Home","item":"https:\/\/legendatours.com\/"},{"@type":"ListItem","position":2,"name":"Shop","item":"https:\/\/legendatours.com\/sv\/?page_id=4"},{"@type":"ListItem","position":3,"name":"Praia da Rocha: Walking the Trails of the West Algarve"}]},{"@type":"WebSite","@id":"https:\/\/legendatours.com\/#website","url":"https:\/\/legendatours.com\/","name":"Aventure l\u00e9gendaire DMC Portugal","description":"Randonn\u00e9es responsables et vacances nature au Portugal","publisher":{"@id":"https:\/\/legendatours.com\/#organization"},"alternateName":"Legendary Adventure Portugal","potentialAction":[{"@type":"SearchAction","target":{"@type":"EntryPoint","urlTemplate":"https:\/\/legendatours.com\/?s={search_term_string}"},"query-input":{"@type":"PropertyValueSpecification","valueRequired":true,"valueName":"search_term_string"}}],"inLanguage":"fr-FR"},{"@type":"Organization","@id":"https:\/\/legendatours.com\/#organization","name":"legendatours.com","url":"https:\/\/legendatours.com\/","logo":{"@type":"ImageObject","inLanguage":"fr-FR","@id":"https:\/\/legendatours.com\/#\/schema\/logo\/image\/","url":"https:\/\/legendatours.com\/wp-content\/uploads\/sites\/12\/2021\/06\/legendary_adventure_dmc.png","contentUrl":"https:\/\/legendatours.com\/wp-content\/uploads\/sites\/12\/2021\/06\/legendary_adventure_dmc.png","width":250,"height":74,"caption":"legendatours.com"},"image":{"@id":"https:\/\/legendatours.com\/#\/schema\/logo\/image\/"},"sameAs":["https:\/\/www.facebook.com\/legendaryadventuredmc\/","https:\/\/www.linkedin.com\/company\/legendary-adventure-dmc-portugal","https:\/\/www.youtube.com\/channel\/UCOIRDx_KM6ynIcacQkZjb6g"]}]}},"_links":{"self":[{"href":"https:\/\/legendatours.com\/fr\/wp-json\/wp\/v2\/product\/8388","targetHints":{"allow":["GET"]}}],"collection":[{"href":"https:\/\/legendatours.com\/fr\/wp-json\/wp\/v2\/product"}],"about":[{"href":"https:\/\/legendatours.com\/fr\/wp-json\/wp\/v2\/types\/product"}],"replies":[{"embeddable":true,"href":"https:\/\/legendatours.com\/fr\/wp-json\/wp\/v2\/comments?post=8388"}],"wp:featuredmedia":[{"embeddable":true,"href":"https:\/\/legendatours.com\/fr\/wp-json\/wp\/v2\/media\/8216"}],"wp:attachment":[{"href":"https:\/\/legendatours.com\/fr\/wp-json\/wp\/v2\/media?parent=8388"}],"wp:term":[{"taxonomy":"product_brand","embeddable":true,"href":"https:\/\/legendatours.com\/fr\/wp-json\/wp\/v2\/product_brand?post=8388"},{"taxonomy":"product_cat","embeddable":true,"href":"https:\/\/legendatours.com\/fr\/wp-json\/wp\/v2\/product_cat?post=8388"},{"taxonomy":"product_tag","embeddable":true,"href":"https:\/\/legendatours.com\/fr\/wp-json\/wp\/v2\/product_tag?post=8388"}],"curies":[{"name":"wp","href":"https:\/\/api.w.org\/{rel}","templated":true}]}}