{"id":8395,"date":"2020-03-06T13:35:32","date_gmt":"2020-03-06T13:35:32","guid":{"rendered":"https:\/\/legendatours.com\/product\/holidays-in-carvoeiro-walking-close-to-nature-in-the-west-algarve\/"},"modified":"2022-01-02T22:46:07","modified_gmt":"2022-01-02T22:46:07","slug":"walking-close-to-nature-in-the-west-algarve-carvoeiro-1602s","status":"publish","type":"product","link":"https:\/\/legendatours.com\/fr\/produit\/walking-close-to-nature-in-the-west-algarve-carvoeiro-1602s\/","title":{"rendered":"Vacances \u00e0 Carvoeiro: Marcher pr\u00e8s de la nature dans l&#039;ouest de l&#039;Algarve"},"content":{"rendered":"<p>Marcher pr\u00e8s de la nature dans l&#039;ouest de l&#039;Algarve est une visite \u00e0 pied autoguid\u00e9e pour ceux qui aiment explorer et \u00eatre surpris. Promenez-vous dans la verdure luxuriante des for\u00eats ou au sommet de magnifiques falaises sur fond de bleu oc\u00e9an, toujours dans des endroits incroyables regorgeant d&#039;animaux sauvages. Notre base est \u00e0 Carvoeiro, une ville baln\u00e9aire pittoresque.<\/p>\n<p>Les promenades de cette passionnante visite autoguid\u00e9e offrent un m\u00e9lange int\u00e9ressant de paysages c\u00f4tiers et ruraux afin que vous puissiez d\u00e9couvrir cette partie sp\u00e9ciale de l&#039;Algarve.<\/p>\n<div id=\"attachment_1956\" style=\"width: 1034px\" class=\"wp-caption alignnone\"><img loading=\"lazy\" decoding=\"async\" aria-describedby=\"caption-attachment-1956\" class=\"wp-image-1956 size-large\" title=\"Domaine viticole Algarve Ouest\" src=\"https:\/\/legendatours.net\/wp-content\/uploads\/2020\/03\/Wine_estate_WestAlgarve-1024x683.jpg\" alt=\"Wine estate West Algarve\" width=\"1024\" height=\"683\" \/><p id=\"caption-attachment-1956\" class=\"wp-caption-text\">Domaine viticole de l&#039;ouest de l&#039;Algarve. Visite recommand\u00e9e dans un domaine viticole pour une d\u00e9gustation de vin.<\/p><\/div>\n<p>La visite est bas\u00e9e \u00e0 Carvoeiro, une station baln\u00e9aire qui a beaucoup \u00e0 offrir, notamment des plages immacul\u00e9es, une ambiance portugaise traditionnelle et une vaste s\u00e9lection de restaurants et de bars. Carvoeiro est un paradis pour les randonneurs avec de nombreux itin\u00e9raires et sentiers de randonn\u00e9e qui suivent les collines vallonn\u00e9es de l&#039;int\u00e9rieur et le littoral spectaculaire.<\/p>\n<p>Le paysage de l&#039;ouest de l&#039;Algarve est connu pour ses falaises escarp\u00e9es, ses grottes et ses grottes, ses belles plages et ses villages de p\u00eacheurs en bord de mer. C&#039;est encore un mode de vie important dans cette r\u00e9gion, naturellement vou\u00e9e au tourisme, mais avec de nombreux secrets \u00e0 d\u00e9voiler. Le long de la c\u00f4te, les p\u00eacheurs vont \u00e0 la mer pour les sardines et les poulpes, et \u00e0 mar\u00e9e basse, vous pouvez voir les gens chercher des fruits de mer.<\/p>\n<p>Cette toile de fond de la vie r\u00e9elle est l&#039;une des meilleures couches de vos vacances \u00e0 pied autoguid\u00e9es dans l&#039;ouest de l&#039;Algarve !<\/p>\n<div id=\"attachment_1952\" style=\"width: 1034px\" class=\"wp-caption alignnone\"><img loading=\"lazy\" decoding=\"async\" aria-describedby=\"caption-attachment-1952\" class=\"wp-image-1952 size-large\" title=\"Incroyables promenades c\u00f4ti\u00e8res Carvoeiro\" src=\"https:\/\/legendatours.net\/wp-content\/uploads\/2020\/03\/AmazingCoastalWalks_Carvoeiro-1024x683.jpg\" alt=\"Amazing Coastal Walks Carvoeiro\" width=\"1024\" height=\"683\" \/><p id=\"caption-attachment-1952\" class=\"wp-caption-text\">Amazing Coastal Walks Carvoeiro, des paysages c\u00f4tiers \u00e9poustouflants, dans des sentiers embl\u00e9matiques de hautes falaises aux eaux cristallines sous-jacentes.<\/p><\/div>\n<p>\u00c0 l&#039;int\u00e9rieur des terres, dans les collines verdoyantes, vous verrez un mode de vie qui a disparu de la plupart des pays europ\u00e9ens, o\u00f9 les jours tournent autour des saisons. Nos promenades visitent des zones en dehors des itin\u00e9raires touristiques normaux, nous donnant un aper\u00e7u du mode de vie traditionnel de l&#039;Algarve en parcourant d&#039;anciennes terres agricoles, des petites exploitations et des vergers parfum\u00e9s.<\/p>\n<p>La lumi\u00e8re et le temps dans l&#039;ouest de l&#039;Algarve sont fantastiques, m\u00eame pendant les mois d&#039;hiver, ce qui en fait une belle r\u00e9gion pour la marche et les activit\u00e9s dans la nature. Dans les petites rues pav\u00e9es des villages pittoresques, vous trouverez des maisons blanchies \u00e0 la chaux, des caf\u00e9s et un mode de vie tranquille.<\/p>\n<div id=\"attachment_1924\" style=\"width: 1034px\" class=\"wp-caption alignnone\"><img loading=\"lazy\" decoding=\"async\" aria-describedby=\"caption-attachment-1924\" class=\"wp-image-1924 size-large\" title=\"Marcher dans les falaises\" src=\"https:\/\/legendatours.net\/wp-content\/uploads\/2020\/03\/Walking_cliffs_Selfguided-1024x683.jpg\" alt=\"Walking in the cliffs\" width=\"1024\" height=\"683\" \/><p id=\"caption-attachment-1924\" class=\"wp-caption-text\">Marcher dans les falaises. Des couleurs \u00e9tonnantes que les photos ne rendent pas justice, il faut le voir pour le croire !<\/p><\/div>\n<p>Un autre point culminant est la randonn\u00e9e des Sept Vall\u00e9es Suspendues, qui a r\u00e9cemment \u00e9t\u00e9 \u00e9lue \u00ab\u00a0meilleure destination de randonn\u00e9e en Europe\u00a0\u00bb par le portail en ligne European Best Destinations. B\u00e9n\u00e9ficiant de grottes marines magiques, de plages isol\u00e9es et presque d\u00e9sertes, d&#039;une flore color\u00e9e et d&#039;impressionnantes formations rocheuses, ce sentier vous g\u00e2tera avec des vues impressionnantes sur la c\u00f4te.<\/p>\n<p>Quelle que soit la partie de l&#039;Algarve de l&#039;Ouest o\u00f9 vous m\u00e8neront vos sentiers de randonn\u00e9e, vous trouverez un peuple accueillant et sympathique, d&#039;excellents vins locaux et une cuisine d\u00e9licieuse, du poisson le plus frais aux plats r\u00e9gionaux riches en saveurs.<\/p>\n<p>Pour vous plonger dans la peau de l&#039;Algarve de l&#039;Ouest et le voir sous son meilleur jour, profitez de nos promenades tri\u00e9es sur le volet, car elles r\u00e9unissent tous les ingr\u00e9dients pour des vacances \u00e0 pied parfaites tout en donnant un r\u00e9el sentiment d&#039;appartenance.<\/p>\n<p>C&#039;est s\u00fbrement pour cela que nous proposons cette visite \u00e0 pied: Marcher pr\u00e8s de la nature dans l&#039;ouest de l&#039;Algarve, bas\u00e9 \u00e0 Carvoeiro.<\/p>\n<p>Nos visites \u00e0 pied autoguid\u00e9es sont soigneusement con\u00e7ues et incluent toutes les informations dont vous avez besoin, des cartes d\u00e9taill\u00e9es et notes d&#039;itin\u00e9raire \u00e0 une hotline 24h\/24. L&#039;h\u00e9bergement, les transferts a\u00e9roport et les transports sont inclus dans le programme de marche.<\/p>\n<p>&nbsp;<\/p>\n<div class=\"row\" style=\"display: flex;\">\n<div class=\"column\" style=\"flex: 45%;\">\n<p><iframe loading=\"lazy\" title=\"Carvoeiro, Algarve Portugal HD\" width=\"1080\" height=\"608\" src=\"https:\/\/www.youtube.com\/embed\/hW0ngdLXx54?feature=oembed\" frameborder=\"0\" allow=\"accelerometer; autoplay; clipboard-write; encrypted-media; gyroscope; picture-in-picture\" allowfullscreen><\/iframe><\/p>\n<\/div>\n<div class=\"column\" style=\"flex: 10%;\"><\/div>\n<div class=\"column\" style=\"flex: 45%;\">\n<p><iframe loading=\"lazy\" title=\"Algar Seco Carvoeiro Algarve Portugal HD\" width=\"1080\" height=\"608\" src=\"https:\/\/www.youtube.com\/embed\/x-Aw6xUuq5o?feature=oembed\" frameborder=\"0\" allow=\"accelerometer; autoplay; clipboard-write; encrypted-media; gyroscope; picture-in-picture\" allowfullscreen><\/iframe><\/p>\n<\/div>\n<\/div>","protected":false},"excerpt":{"rendered":"<p>Marcher pr\u00e8s de la nature dans l&#039;ouest de l&#039;Algarve est une visite \u00e0 pied autoguid\u00e9e pour ceux qui aiment explorer et \u00eatre surpris. Promenez-vous dans la verdure luxuriante des for\u00eats ou au sommet de magnifiques falaises sur fond de bleu oc\u00e9an, toujours dans des endroits incroyables regorgeant d&#039;animaux sauvages. Notre base est \u00e0 Carvoeiro, une ville baln\u00e9aire pittoresque.<\/p>","protected":false},"featured_media":8120,"comment_status":"closed","ping_status":"closed","template":"","meta":{"_acf_changed":false,"inline_featured_image":false},"product_brand":[],"product_cat":[301,856],"product_tag":[147,648,306,76,1043,649,876,1044,1045,154,155,877,900,156,158,758,313,759,760,761,762,627,60,341,1046,764,765,766,767,768,169,1047,319,328,322,770,644,1048,324,69,771,684,685,325,772,326,1049,756,112,122],"class_list":{"0":"post-8395","1":"product","2":"type-product","3":"status-publish","4":"has-post-thumbnail","6":"product_cat-self-guided-tours-portugal","7":"product_cat-self-guided-walking-holidays","8":"product_tag-algarve","9":"product_tag-algarve-spectacular-coastline","10":"product_tag-alleine-reisen","11":"product_tag-beaches","12":"product_tag-benagil","13":"product_tag-carvoeiro","14":"product_tag-coastal-algarve","15":"product_tag-coastal-resort","16":"product_tag-countryside-scenery","17":"product_tag-east-algarve","18":"product_tag-europe","19":"product_tag-flamingos","20":"product_tag-green-countryside","21":"product_tag-hiking","22":"product_tag-hiking-routes","23":"product_tag-individual-hiking","24":"product_tag-individuelle-touren","25":"product_tag-individuelle-trekkingreisen","26":"product_tag-individuelle-wandern","27":"product_tag-individuelle-wanderreisen","28":"product_tag-individuelle-wandertouren","29":"product_tag-itinerary-of-walks","30":"product_tag-portugal","31":"product_tag-portugal-great-food-and-wine","32":"product_tag-pristine-beaches","33":"product_tag-rando-autoguidee","34":"product_tag-rando-liberte","35":"product_tag-randonnee-autoguidee","36":"product_tag-randonnee-en-liberte","37":"product_tag-randonnee-liberte","38":"product_tag-ria-formosa-natural-park","39":"product_tag-rolling-inland-hills","40":"product_tag-sejour-en-liberte","41":"product_tag-self-guided","42":"product_tag-solo-reisen","43":"product_tag-solo-wandern","44":"product_tag-spectacular-cliffs","45":"product_tag-spectacular-coastline","46":"product_tag-tours-autoguidees","47":"product_tag-traditional-portuguese","48":"product_tag-trek-en-liberte","49":"product_tag-trek-solo","50":"product_tag-trekking-solo","51":"product_tag-voyage-en-liberte","52":"product_tag-voyages-a-pied-en-liberte","53":"product_tag-voyages-en-autonomie","54":"product_tag-walkers-paradise","55":"product_tag-walking-holiday","56":"product_tag-walking-holidays","57":"product_tag-walking-tours","59":"first","60":"instock","61":"virtual","62":"product-type-simple"},"acf":[],"yoast_head":"<!-- This site is optimized with the Yoast SEO Premium plugin v26.8 (Yoast SEO v27.4) - https:\/\/yoast.com\/product\/yoast-seo-premium-wordpress\/ -->\n<title>Holidays in Carvoeiro: Walking Close to Nature in the West Algarve - Legendary Adventure DMC Portugal<\/title>\n<meta name=\"description\" content=\"A Self-Guided walking tour for those who love to explore and be surprised. Hike in the woods and on top of magnificent cliffs, bordering the Atlantic Ocean.\" \/>\n<meta name=\"robots\" content=\"index, follow, max-snippet:-1, max-image-preview:large, max-video-preview:-1\" \/>\n<link rel=\"canonical\" href=\"https:\/\/legendatours.com\/fr\/produit\/walking-close-to-nature-in-the-west-algarve-carvoeiro-1602s\/\" \/>\n<meta property=\"og:locale\" content=\"fr_FR\" \/>\n<meta property=\"og:type\" content=\"article\" \/>\n<meta property=\"og:title\" content=\"Holidays in Carvoeiro: Walking Close to Nature in the West Algarve\" \/>\n<meta property=\"og:description\" content=\"A Self-Guided walking tour for those who love to explore and be surprised. Hike in the woods and on top of magnificent cliffs, bordering the Atlantic Ocean.\" \/>\n<meta property=\"og:url\" content=\"https:\/\/legendatours.com\/fr\/produit\/walking-close-to-nature-in-the-west-algarve-carvoeiro-1602s\/\" \/>\n<meta property=\"og:site_name\" content=\"Legendary Adventure DMC Portugal\" \/>\n<meta property=\"article:publisher\" content=\"https:\/\/www.facebook.com\/legendaryadventuredmc\/\" \/>\n<meta property=\"article:modified_time\" content=\"2022-01-02T22:46:07+00:00\" \/>\n<meta property=\"og:image\" content=\"https:\/\/legendatours.com\/wp-content\/uploads\/sites\/12\/2021\/04\/WalkingCloseToNature_WestAlgarve-e1611680639639.jpg\" \/>\n\t<meta property=\"og:image:width\" content=\"1024\" \/>\n\t<meta property=\"og:image:height\" content=\"685\" \/>\n\t<meta property=\"og:image:type\" content=\"image\/jpeg\" \/>\n<meta name=\"twitter:card\" content=\"summary_large_image\" \/>\n<meta name=\"twitter:label1\" content=\"Dur\u00e9e de lecture estim\u00e9e\" \/>\n\t<meta name=\"twitter:data1\" content=\"3 minutes\" \/>\n<script type=\"application\/ld+json\" class=\"yoast-schema-graph\">{\"@context\":\"https:\\\/\\\/schema.org\",\"@graph\":[{\"@type\":\"WebPage\",\"@id\":\"https:\\\/\\\/legendatours.com\\\/product\\\/walking-close-to-nature-in-the-west-algarve-carvoeiro-1602s\\\/\",\"url\":\"https:\\\/\\\/legendatours.com\\\/product\\\/walking-close-to-nature-in-the-west-algarve-carvoeiro-1602s\\\/\",\"name\":\"Holidays in Carvoeiro: Walking Close to Nature in the West Algarve - Legendary Adventure DMC Portugal\",\"isPartOf\":{\"@id\":\"https:\\\/\\\/legendatours.com\\\/#website\"},\"primaryImageOfPage\":{\"@id\":\"https:\\\/\\\/legendatours.com\\\/product\\\/walking-close-to-nature-in-the-west-algarve-carvoeiro-1602s\\\/#primaryimage\"},\"image\":{\"@id\":\"https:\\\/\\\/legendatours.com\\\/product\\\/walking-close-to-nature-in-the-west-algarve-carvoeiro-1602s\\\/#primaryimage\"},\"thumbnailUrl\":\"https:\\\/\\\/legendatours.com\\\/wp-content\\\/uploads\\\/sites\\\/12\\\/2021\\\/04\\\/WalkingCloseToNature_WestAlgarve-e1611680639639.jpg\",\"datePublished\":\"2020-03-06T13:35:32+00:00\",\"dateModified\":\"2022-01-02T22:46:07+00:00\",\"description\":\"A Self-Guided walking tour for those who love to explore and be surprised. Hike in the woods and on top of magnificent cliffs, bordering the Atlantic Ocean.\",\"breadcrumb\":{\"@id\":\"https:\\\/\\\/legendatours.com\\\/product\\\/walking-close-to-nature-in-the-west-algarve-carvoeiro-1602s\\\/#breadcrumb\"},\"inLanguage\":\"fr-FR\",\"potentialAction\":[{\"@type\":\"ReadAction\",\"target\":[\"https:\\\/\\\/legendatours.com\\\/product\\\/walking-close-to-nature-in-the-west-algarve-carvoeiro-1602s\\\/\"]}]},{\"@type\":\"ImageObject\",\"inLanguage\":\"fr-FR\",\"@id\":\"https:\\\/\\\/legendatours.com\\\/product\\\/walking-close-to-nature-in-the-west-algarve-carvoeiro-1602s\\\/#primaryimage\",\"url\":\"https:\\\/\\\/legendatours.com\\\/wp-content\\\/uploads\\\/sites\\\/12\\\/2021\\\/04\\\/WalkingCloseToNature_WestAlgarve-e1611680639639.jpg\",\"contentUrl\":\"https:\\\/\\\/legendatours.com\\\/wp-content\\\/uploads\\\/sites\\\/12\\\/2021\\\/04\\\/WalkingCloseToNature_WestAlgarve-e1611680639639.jpg\",\"width\":1024,\"height\":685,\"caption\":\"Walking Close To Nature West Algarve\"},{\"@type\":\"BreadcrumbList\",\"@id\":\"https:\\\/\\\/legendatours.com\\\/product\\\/walking-close-to-nature-in-the-west-algarve-carvoeiro-1602s\\\/#breadcrumb\",\"itemListElement\":[{\"@type\":\"ListItem\",\"position\":1,\"name\":\"Home\",\"item\":\"https:\\\/\\\/legendatours.com\\\/\"},{\"@type\":\"ListItem\",\"position\":2,\"name\":\"Shop\",\"item\":\"https:\\\/\\\/legendatours.com\\\/sv\\\/?page_id=4\"},{\"@type\":\"ListItem\",\"position\":3,\"name\":\"Walking Close to Nature in the West Algarve (Carvoeiro) Walking Close to Nature in the West Algarve is a Self-Guided walking tour for those who love to explore and be surprised. Walk among the lush greenery of woodlands, or on top of magnificent cliffs against a backdrop of ocean blue, always in amazing locations full of wildlife. Our base is in Carvoeiro, a picturesque coastal resort town.\"}]},{\"@type\":\"WebSite\",\"@id\":\"https:\\\/\\\/legendatours.com\\\/#website\",\"url\":\"https:\\\/\\\/legendatours.com\\\/\",\"name\":\"Legendary Adventure DMC Portugal\",\"description\":\"Responsible Walking &amp; Nature Holidays in Portugal\",\"publisher\":{\"@id\":\"https:\\\/\\\/legendatours.com\\\/#organization\"},\"alternateName\":\"Legendary Adventure Portugal\",\"potentialAction\":[{\"@type\":\"SearchAction\",\"target\":{\"@type\":\"EntryPoint\",\"urlTemplate\":\"https:\\\/\\\/legendatours.com\\\/?s={search_term_string}\"},\"query-input\":{\"@type\":\"PropertyValueSpecification\",\"valueRequired\":true,\"valueName\":\"search_term_string\"}}],\"inLanguage\":\"fr-FR\"},{\"@type\":\"Organization\",\"@id\":\"https:\\\/\\\/legendatours.com\\\/#organization\",\"name\":\"legendatours.com\",\"url\":\"https:\\\/\\\/legendatours.com\\\/\",\"logo\":{\"@type\":\"ImageObject\",\"inLanguage\":\"fr-FR\",\"@id\":\"https:\\\/\\\/legendatours.com\\\/#\\\/schema\\\/logo\\\/image\\\/\",\"url\":\"https:\\\/\\\/legendatours.com\\\/wp-content\\\/uploads\\\/sites\\\/12\\\/2021\\\/06\\\/legendary_adventure_dmc.png\",\"contentUrl\":\"https:\\\/\\\/legendatours.com\\\/wp-content\\\/uploads\\\/sites\\\/12\\\/2021\\\/06\\\/legendary_adventure_dmc.png\",\"width\":250,\"height\":74,\"caption\":\"legendatours.com\"},\"image\":{\"@id\":\"https:\\\/\\\/legendatours.com\\\/#\\\/schema\\\/logo\\\/image\\\/\"},\"sameAs\":[\"https:\\\/\\\/www.facebook.com\\\/legendaryadventuredmc\\\/\",\"https:\\\/\\\/www.linkedin.com\\\/company\\\/legendary-adventure-dmc-portugal\",\"https:\\\/\\\/www.youtube.com\\\/channel\\\/UCOIRDx_KM6ynIcacQkZjb6g\"]}]}<\/script>\n<!-- \/ Yoast SEO Premium plugin. -->","yoast_head_json":{"title":"Vacances \u00e0 Carvoeiro : Marcher au plus pr\u00e8s de la nature dans l&#039;ouest de l&#039;Algarve - Aventure l\u00e9gendaire DMC Portugal","description":"Une visite \u00e0 pied autoguid\u00e9e pour ceux qui aiment explorer et \u00eatre surpris. Randonn\u00e9e dans les bois et au sommet de magnifiques falaises, bordant l&#039;oc\u00e9an Atlantique.","robots":{"index":"index","follow":"follow","max-snippet":"max-snippet:-1","max-image-preview":"max-image-preview:large","max-video-preview":"max-video-preview:-1"},"canonical":"https:\/\/legendatours.com\/fr\/produit\/walking-close-to-nature-in-the-west-algarve-carvoeiro-1602s\/","og_locale":"fr_FR","og_type":"article","og_title":"Holidays in Carvoeiro: Walking Close to Nature in the West Algarve","og_description":"A Self-Guided walking tour for those who love to explore and be surprised. Hike in the woods and on top of magnificent cliffs, bordering the Atlantic Ocean.","og_url":"https:\/\/legendatours.com\/fr\/produit\/walking-close-to-nature-in-the-west-algarve-carvoeiro-1602s\/","og_site_name":"Legendary Adventure DMC Portugal","article_publisher":"https:\/\/www.facebook.com\/legendaryadventuredmc\/","article_modified_time":"2022-01-02T22:46:07+00:00","og_image":[{"width":1024,"height":685,"url":"https:\/\/legendatours.com\/wp-content\/uploads\/sites\/12\/2021\/04\/WalkingCloseToNature_WestAlgarve-e1611680639639.jpg","type":"image\/jpeg"}],"twitter_card":"summary_large_image","twitter_misc":{"Dur\u00e9e de lecture estim\u00e9e":"3 minutes"},"schema":{"@context":"https:\/\/schema.org","@graph":[{"@type":"WebPage","@id":"https:\/\/legendatours.com\/product\/walking-close-to-nature-in-the-west-algarve-carvoeiro-1602s\/","url":"https:\/\/legendatours.com\/product\/walking-close-to-nature-in-the-west-algarve-carvoeiro-1602s\/","name":"Vacances \u00e0 Carvoeiro : Marcher au plus pr\u00e8s de la nature dans l&#039;ouest de l&#039;Algarve - Aventure l\u00e9gendaire DMC Portugal","isPartOf":{"@id":"https:\/\/legendatours.com\/#website"},"primaryImageOfPage":{"@id":"https:\/\/legendatours.com\/product\/walking-close-to-nature-in-the-west-algarve-carvoeiro-1602s\/#primaryimage"},"image":{"@id":"https:\/\/legendatours.com\/product\/walking-close-to-nature-in-the-west-algarve-carvoeiro-1602s\/#primaryimage"},"thumbnailUrl":"https:\/\/legendatours.com\/wp-content\/uploads\/sites\/12\/2021\/04\/WalkingCloseToNature_WestAlgarve-e1611680639639.jpg","datePublished":"2020-03-06T13:35:32+00:00","dateModified":"2022-01-02T22:46:07+00:00","description":"Une visite \u00e0 pied autoguid\u00e9e pour ceux qui aiment explorer et \u00eatre surpris. Randonn\u00e9e dans les bois et au sommet de magnifiques falaises, bordant l&#039;oc\u00e9an Atlantique.","breadcrumb":{"@id":"https:\/\/legendatours.com\/product\/walking-close-to-nature-in-the-west-algarve-carvoeiro-1602s\/#breadcrumb"},"inLanguage":"fr-FR","potentialAction":[{"@type":"ReadAction","target":["https:\/\/legendatours.com\/product\/walking-close-to-nature-in-the-west-algarve-carvoeiro-1602s\/"]}]},{"@type":"ImageObject","inLanguage":"fr-FR","@id":"https:\/\/legendatours.com\/product\/walking-close-to-nature-in-the-west-algarve-carvoeiro-1602s\/#primaryimage","url":"https:\/\/legendatours.com\/wp-content\/uploads\/sites\/12\/2021\/04\/WalkingCloseToNature_WestAlgarve-e1611680639639.jpg","contentUrl":"https:\/\/legendatours.com\/wp-content\/uploads\/sites\/12\/2021\/04\/WalkingCloseToNature_WestAlgarve-e1611680639639.jpg","width":1024,"height":685,"caption":"Walking Close To Nature West Algarve"},{"@type":"BreadcrumbList","@id":"https:\/\/legendatours.com\/product\/walking-close-to-nature-in-the-west-algarve-carvoeiro-1602s\/#breadcrumb","itemListElement":[{"@type":"ListItem","position":1,"name":"Home","item":"https:\/\/legendatours.com\/"},{"@type":"ListItem","position":2,"name":"Shop","item":"https:\/\/legendatours.com\/sv\/?page_id=4"},{"@type":"ListItem","position":3,"name":"Walking Close to Nature in the West Algarve (Carvoeiro) Walking Close to Nature in the West Algarve is a Self-Guided walking tour for those who love to explore and be surprised. Walk among the lush greenery of woodlands, or on top of magnificent cliffs against a backdrop of ocean blue, always in amazing locations full of wildlife. Our base is in Carvoeiro, a picturesque coastal resort town."}]},{"@type":"WebSite","@id":"https:\/\/legendatours.com\/#website","url":"https:\/\/legendatours.com\/","name":"Aventure l\u00e9gendaire DMC Portugal","description":"Randonn\u00e9es responsables et vacances nature au Portugal","publisher":{"@id":"https:\/\/legendatours.com\/#organization"},"alternateName":"Legendary Adventure Portugal","potentialAction":[{"@type":"SearchAction","target":{"@type":"EntryPoint","urlTemplate":"https:\/\/legendatours.com\/?s={search_term_string}"},"query-input":{"@type":"PropertyValueSpecification","valueRequired":true,"valueName":"search_term_string"}}],"inLanguage":"fr-FR"},{"@type":"Organization","@id":"https:\/\/legendatours.com\/#organization","name":"legendatours.com","url":"https:\/\/legendatours.com\/","logo":{"@type":"ImageObject","inLanguage":"fr-FR","@id":"https:\/\/legendatours.com\/#\/schema\/logo\/image\/","url":"https:\/\/legendatours.com\/wp-content\/uploads\/sites\/12\/2021\/06\/legendary_adventure_dmc.png","contentUrl":"https:\/\/legendatours.com\/wp-content\/uploads\/sites\/12\/2021\/06\/legendary_adventure_dmc.png","width":250,"height":74,"caption":"legendatours.com"},"image":{"@id":"https:\/\/legendatours.com\/#\/schema\/logo\/image\/"},"sameAs":["https:\/\/www.facebook.com\/legendaryadventuredmc\/","https:\/\/www.linkedin.com\/company\/legendary-adventure-dmc-portugal","https:\/\/www.youtube.com\/channel\/UCOIRDx_KM6ynIcacQkZjb6g"]}]}},"_links":{"self":[{"href":"https:\/\/legendatours.com\/fr\/wp-json\/wp\/v2\/product\/8395","targetHints":{"allow":["GET"]}}],"collection":[{"href":"https:\/\/legendatours.com\/fr\/wp-json\/wp\/v2\/product"}],"about":[{"href":"https:\/\/legendatours.com\/fr\/wp-json\/wp\/v2\/types\/product"}],"replies":[{"embeddable":true,"href":"https:\/\/legendatours.com\/fr\/wp-json\/wp\/v2\/comments?post=8395"}],"wp:featuredmedia":[{"embeddable":true,"href":"https:\/\/legendatours.com\/fr\/wp-json\/wp\/v2\/media\/8120"}],"wp:attachment":[{"href":"https:\/\/legendatours.com\/fr\/wp-json\/wp\/v2\/media?parent=8395"}],"wp:term":[{"taxonomy":"product_brand","embeddable":true,"href":"https:\/\/legendatours.com\/fr\/wp-json\/wp\/v2\/product_brand?post=8395"},{"taxonomy":"product_cat","embeddable":true,"href":"https:\/\/legendatours.com\/fr\/wp-json\/wp\/v2\/product_cat?post=8395"},{"taxonomy":"product_tag","embeddable":true,"href":"https:\/\/legendatours.com\/fr\/wp-json\/wp\/v2\/product_tag?post=8395"}],"curies":[{"name":"wp","href":"https:\/\/api.w.org\/{rel}","templated":true}]}}