{"id":8400,"date":"2020-03-06T13:15:51","date_gmt":"2020-03-06T13:15:51","guid":{"rendered":"https:\/\/legendatours.com\/product\/holidays-in-portimao-rambling-in-the-west-algarve\/"},"modified":"2025-03-10T12:18:02","modified_gmt":"2025-03-10T12:18:02","slug":"rambling-in-the-west-algarve-portimao-1600s","status":"publish","type":"product","link":"https:\/\/legendatours.com\/fr\/produit\/rambling-in-the-west-algarve-portimao-1600s\/","title":{"rendered":"Vacances \u00e0 Portim\u00e3o : Randonn\u00e9e dans l&#039;ouest de l&#039;Algarve"},"content":{"rendered":"<p>La randonn\u00e9e dans l&#039;ouest de l&#039;Algarve est une passionnante visite \u00e0 pied autoguid\u00e9e dans une destination paradisiaque pour les marcheurs. Le climat est parfait pour la randonn\u00e9e pendant la majeure partie de l&#039;ann\u00e9e, et la campagne regorge d&#039;animaux sauvages, de fleurs aux couleurs vives et de villages pittoresques. Le littoral pr\u00e9sente d&#039;impressionnantes formations rocheuses, des falaises, des plages isol\u00e9es et d&#039;\u00e9tonnants paysages marins bleus. La base de notre visite est Portim\u00e3o, sur les rives de la rivi\u00e8re Arade, une ville \u00e0 l&#039;ambiance discr\u00e8te et d\u00e9tendue. La Praia da Rocha adjacente est l&#039;une des stations baln\u00e9aires les plus pittoresques et les plus c\u00e9l\u00e8bres de l&#039;Algarve.<\/p>\n<div id=\"attachment_1923\" style=\"width: 1034px\" class=\"wp-caption alignnone\"><img loading=\"lazy\" decoding=\"async\" aria-describedby=\"caption-attachment-1923\" class=\"wp-image-1923 size-large\" title=\"Vacances \u00e0 pied entre amis dans l&#039;ouest de l&#039;Algarve\" src=\"https:\/\/legendatours.net\/wp-content\/uploads\/2020\/03\/Walking-with-friends-in-the-West-Algarve-1024x685.jpg\" alt=\"Walking holidays with friends in the West Algarve\" width=\"1024\" height=\"685\" \/><p id=\"caption-attachment-1923\" class=\"wp-caption-text\">Les meilleures vacances \u00e0 pied entre amis dans l&#039;ouest de l&#039;Algarve<\/p><\/div>\n<p>Les promenades de cette visite autoguid\u00e9e soigneusement con\u00e7ue vous permettront de d\u00e9couvrir l&#039;ouest de l&#039;Algarve d&#039;une mani\u00e8re tout \u00e0 fait unique. De fabuleuses promenades le long de la c\u00f4te avec des formations rocheuses spectaculaires, des grottes, de belles plages tranquilles, des falaises escarp\u00e9es avec des paysages marins inoubliables et des villages de p\u00eacheurs pittoresques.<\/p>\n<p>Des promenades int\u00e9rieures inattendues dans des endroits o\u00f9 la vie tourne autour des saisons, principalement sur des sentiers non touristiques, hors des sentiers battus, nous donnant un aper\u00e7u du mode de vie traditionnel de l&#039;Algarve alors que nous traversons d&#039;anciennes terres agricoles, de petites exploitations et des vergers parfum\u00e9s.<\/p>\n<p>La belle rivi\u00e8re Arade et ses rives fertiles, menant \u00e0 Silves, l&#039;ancienne capitale maure de l&#039;Algarve.<\/p>\n<div id=\"attachment_1898\" style=\"width: 1034px\" class=\"wp-caption alignnone\"><img loading=\"lazy\" decoding=\"async\" aria-describedby=\"caption-attachment-1898\" class=\"wp-image-1898 size-large\" title=\"Charmantes maisons bleues dans l&#039;ouest de l&#039;Algarve\" src=\"https:\/\/legendatours.net\/wp-content\/uploads\/2020\/03\/Charming-blue-houses-in-the-West-Algarve-1024x685.jpg\" alt=\"Walking in the West Algarve Ferragudo\" width=\"1024\" height=\"685\" \/><p id=\"caption-attachment-1898\" class=\"wp-caption-text\">Charmantes maisons bleues dans l&#039;ouest de l&#039;Algarve, une partie du monde d&#039;une beaut\u00e9 \u00e0 couper le souffle pour se promener.<\/p><\/div>\n<p>L&#039;estuaire abrit\u00e9 d&#039;Alvor est un havre naturel avec un large \u00e9ventail d&#039;habitats et une riche biodiversit\u00e9. Les promenades empruntent des sentiers et des ruelles tranquilles pour nous emmener \u00e0 travers une vari\u00e9t\u00e9 de paysages de marais salants, de terres agricoles, de p\u00e2turages et de vergers. C&#039;est id\u00e9al pour l&#039;observation des oiseaux, alors emportez vos jumelles !<\/p>\n<p>L\u00e0, nous pouvons appr\u00e9cier les bleus et les verts en constante \u00e9volution des lagons int\u00e9rieurs, ainsi que la belle Rocha Delicada (&quot;Delicate Rock&quot; ou &quot;Elegant Rock&quot;), une formation rocheuse ocre.<\/p>\n<p>Le village pittoresque de Ferragudo, un excellent exemple d&#039;un village de p\u00eacheurs typique, avec une gamme de bateaux de p\u00eache color\u00e9s et des maisons blanchies \u00e0 la chaux bord\u00e9es de bleu frais.<\/p>\n<p>Cette visite \u00e0 pied autoguid\u00e9e de l&#039;ouest de l&#039;Algarve a vraiment quelque chose pour tout le monde, et vous serez g\u00e2t\u00e9 par la vari\u00e9t\u00e9 et la beaut\u00e9 des lieux de randonn\u00e9e.<\/p>\n<p>La lumi\u00e8re et le temps sur l&#039;ouest de l&#039;Algarve sont fantastiques, m\u00eame pendant les mois d&#039;hiver, ce qui en fait une belle r\u00e9gion pour la marche et les activit\u00e9s de nature. Dans les petites rues pav\u00e9es des villages pittoresques, vous trouverez des maisons blanchies \u00e0 la chaux, des caf\u00e9s et un mode de vie tranquille.<\/p>\n<div id=\"attachment_1899\" style=\"width: 1034px\" class=\"wp-caption alignnone\"><img loading=\"lazy\" decoding=\"async\" aria-describedby=\"caption-attachment-1899\" class=\"wp-image-1899 size-large\" title=\"Promenade c\u00f4ti\u00e8re de l&#039;Algarve\" src=\"https:\/\/legendatours.net\/wp-content\/uploads\/2020\/03\/coastal_walk-1024x685.jpg\" alt=\"Algarve coastal walk\" width=\"1024\" height=\"685\" \/><p id=\"caption-attachment-1899\" class=\"wp-caption-text\">Promenade c\u00f4ti\u00e8re de l&#039;Algarve. Un fantastique itin\u00e9raire de promenades, con\u00e7u par des chefs r\u00e9sidents locaux.<\/p><\/div>\n<p>Quelle que soit la partie de l&#039;ouest de l&#039;Algarve o\u00f9 vos sentiers de randonn\u00e9e vous m\u00e8nent, vous trouverez des gens accueillants et sympathiques, d&#039;excellents vins locaux et une cuisine d\u00e9licieuse, du poisson le plus frais aux plats r\u00e9gionaux pleins de saveurs.<\/p>\n<p>Pour vous plonger dans la peau de l&#039;Algarve de l&#039;Ouest et le voir sous son meilleur jour, profitez de nos promenades tri\u00e9es sur le volet, car elles r\u00e9unissent tous les ingr\u00e9dients pour des vacances \u00e0 pied parfaites tout en donnant un r\u00e9el sentiment d&#039;appartenance.<\/p>\n<p>C&#039;est s\u00fbrement pour cela que nous vous proposons ce circuit p\u00e9destre : Randonn\u00e9e dans l&#039;ouest de l&#039;Algarve, bas\u00e9 \u00e0 Portim\u00e3o !<\/p>\n<p>Nos visites \u00e0 pied autoguid\u00e9es sont soigneusement con\u00e7ues et incluent toutes les informations dont vous avez besoin, des cartes d\u00e9taill\u00e9es et notes d&#039;itin\u00e9raire \u00e0 une hotline 24h\/24. L&#039;h\u00e9bergement, les transferts a\u00e9roport et les transports sont inclus dans le programme de marche.<\/p>\n<p>&nbsp;<\/p>\n<p>&nbsp;<\/p>\n<div class=\"row\">\n<div class=\"column\" style=\"flex: 45%\"><\/div>\n<div class=\"column\" style=\"flex: 10%\"><\/div>\n<div class=\"column\" style=\"flex: 45%\">\n<p><iframe loading=\"lazy\" title=\"Alvor Tour - Algarve - Portugal HD\" width=\"1080\" height=\"608\" src=\"https:\/\/www.youtube.com\/embed\/VJnXsd5Apt8?feature=oembed\" frameborder=\"0\" allow=\"accelerometer; autoplay; clipboard-write; encrypted-media; gyroscope; picture-in-picture\" allowfullscreen><\/iframe><\/p>\n<\/div>\n<\/div>","protected":false},"excerpt":{"rendered":"<p>La randonn\u00e9e dans l&#039;ouest de l&#039;Algarve est une passionnante visite \u00e0 pied autoguid\u00e9e dans une destination paradisiaque pour les marcheurs. Le climat est parfait pour la randonn\u00e9e pendant la majeure partie de l&#039;ann\u00e9e, et la campagne regorge d&#039;animaux sauvages, de fleurs aux couleurs vives et de villages pittoresques. Le littoral pr\u00e9sente d&#039;impressionnantes formations rocheuses, des falaises, des plages isol\u00e9es et d&#039;\u00e9tonnants paysages marins bleus. La base de notre visite est Portim\u00e3o, sur les rives de la rivi\u00e8re Arade, une ville \u00e0 l&#039;ambiance discr\u00e8te et d\u00e9tendue. La Praia da Rocha adjacente est l&#039;une des stations baln\u00e9aires les plus pittoresques et les plus c\u00e9l\u00e8bres de l&#039;Algarve.<\/p>","protected":false},"featured_media":8218,"comment_status":"closed","ping_status":"closed","template":"","meta":{"_acf_changed":false,"inline_featured_image":false},"product_brand":[],"product_cat":[301,856],"product_tag":[147,149,631,647,852,306,827,633,1053,428,1054,867,34,850,681,153,811,214,337,730,154,155,86,1055,732,900,682,156,218,1056,758,313,759,760,761,762,868,93,683,271,99,745,162,1057,1058,558,860,861,747,165,106,640,60,341,641,1059,167,764,765,766,767,768,788,973,1041,319,328,1023,728,753,228,343,322,770,1060,324,1061,864,771,684,685,933,1042,325,772,326,1049,121,756,180,421,757,645,422,785,145],"class_list":{"0":"post-8400","1":"product","2":"type-product","3":"status-publish","4":"has-post-thumbnail","6":"product_cat-self-guided-tours-portugal","7":"product_cat-self-guided-walking-holidays","8":"product_tag-algarve","9":"product_tag-algarve-flowers","10":"product_tag-algarve-rock-formations","11":"product_tag-algarve-secluded-beaches","12":"product_tag-algarve-villages","13":"product_tag-alleine-reisen","14":"product_tag-almonds","15":"product_tag-alvor","16":"product_tag-beautiful-quiet-beaches","17":"product_tag-bird-watching","18":"product_tag-blue-seascapes","19":"product_tag-carobs","20":"product_tag-caves","21":"product_tag-cliff-top","22":"product_tag-cliffs","23":"product_tag-countryside","24":"product_tag-crafted-self-guided-tour","25":"product_tag-culture","26":"product_tag-delicious-food","27":"product_tag-discover-the-west-algarve","28":"product_tag-east-algarve","29":"product_tag-europe","30":"product_tag-fabulous-walks-along-the-coast","31":"product_tag-famous-beach-resorts-in-the-algarve","32":"product_tag-golden-beaches","33":"product_tag-green-countryside","34":"product_tag-grottoes","35":"product_tag-hiking","36":"product_tag-history","37":"product_tag-impressive-rock-formations","38":"product_tag-individual-hiking","39":"product_tag-individuelle-touren","40":"product_tag-individuelle-trekkingreisen","41":"product_tag-individuelle-wandern","42":"product_tag-individuelle-wanderreisen","43":"product_tag-individuelle-wandertouren","44":"product_tag-inland-algarve","45":"product_tag-inland-walks","46":"product_tag-limestone-rocks","47":"product_tag-lush-green-hills","48":"product_tag-natural-scenery","49":"product_tag-nature-hikes","50":"product_tag-nature-walks","51":"product_tag-non-touristic-paths","52":"product_tag-off-the-beaten-track","53":"product_tag-olives","54":"product_tag-oranges","55":"product_tag-orchards","56":"product_tag-paths","57":"product_tag-perfect-for-hiking","58":"product_tag-picturesque-landscapes","59":"product_tag-portimao","60":"product_tag-portugal","61":"product_tag-portugal-great-food-and-wine","62":"product_tag-praia-da-rocha","63":"product_tag-quaint-fishing-villages","64":"product_tag-rambling","65":"product_tag-rando-autoguidee","66":"product_tag-rando-liberte","67":"product_tag-randonnee-autoguidee","68":"product_tag-randonnee-en-liberte","69":"product_tag-randonnee-liberte","70":"product_tag-ria-de-alvor","71":"product_tag-river-arade","72":"product_tag-rocha-delicada","73":"product_tag-sejour-en-liberte","74":"product_tag-self-guided","75":"product_tag-self-guided-walking","76":"product_tag-self-guided-walking-holiday","77":"product_tag-self-guided-walking-tour","78":"product_tag-sightseeing","79":"product_tag-silves","80":"product_tag-solo-reisen","81":"product_tag-solo-wandern","82":"product_tag-spectacular-rock-formations","83":"product_tag-tours-autoguidees","84":"product_tag-traditional-algarvian-way-of-life","85":"product_tag-trails","86":"product_tag-trek-en-liberte","87":"product_tag-trek-solo","88":"product_tag-trekking-solo","89":"product_tag-undisturbed-places-in-portugal","90":"product_tag-vale-da-lama","91":"product_tag-voyage-en-liberte","92":"product_tag-voyages-a-pied-en-liberte","93":"product_tag-voyages-en-autonomie","94":"product_tag-walkers-paradise","95":"product_tag-walking","96":"product_tag-walking-holiday","97":"product_tag-walking-tour","98":"product_tag-walking-trails","99":"product_tag-walks","100":"product_tag-west-algarve","101":"product_tag-wild-flowers","102":"product_tag-wildlife-algarve","103":"product_tag-wines","105":"first","106":"instock","107":"virtual","108":"product-type-simple"},"acf":[],"yoast_head":"<!-- This site is optimized with the Yoast SEO Premium plugin v26.8 (Yoast SEO v27.4) - https:\/\/yoast.com\/product\/yoast-seo-premium-wordpress\/ -->\n<title>Holidays in Portim\u00e3o: Rambling in the West Algarve - Legendary Adventure DMC Portugal<\/title>\n<meta name=\"description\" content=\"An exciting Self-Guided tour in the West Algarve, a true walker\u2019s paradise destination, where the climate is perfect for hiking for most of the year.\" \/>\n<meta name=\"robots\" content=\"index, follow, max-snippet:-1, max-image-preview:large, max-video-preview:-1\" \/>\n<link rel=\"canonical\" href=\"https:\/\/legendatours.com\/fr\/produit\/rambling-in-the-west-algarve-portimao-1600s\/\" \/>\n<meta property=\"og:locale\" content=\"fr_FR\" \/>\n<meta property=\"og:type\" content=\"article\" \/>\n<meta property=\"og:title\" content=\"Holidays in Portim\u00e3o: Rambling in the West Algarve\" \/>\n<meta property=\"og:description\" content=\"An exciting Self-Guided tour in the West Algarve, a true walker\u2019s paradise destination, where the climate is perfect for hiking for most of the year.\" \/>\n<meta property=\"og:url\" content=\"https:\/\/legendatours.com\/fr\/produit\/rambling-in-the-west-algarve-portimao-1600s\/\" \/>\n<meta property=\"og:site_name\" content=\"Legendary Adventure DMC Portugal\" \/>\n<meta property=\"article:publisher\" content=\"https:\/\/www.facebook.com\/legendaryadventuredmc\/\" \/>\n<meta property=\"article:modified_time\" content=\"2025-03-10T12:18:02+00:00\" \/>\n<meta property=\"og:image\" content=\"https:\/\/legendatours.com\/wp-content\/uploads\/sites\/12\/2021\/04\/Self_Guided_Walking_West_Algarve-e1611678020577.jpg\" \/>\n\t<meta property=\"og:image:width\" content=\"1024\" \/>\n\t<meta property=\"og:image:height\" content=\"685\" \/>\n\t<meta property=\"og:image:type\" content=\"image\/jpeg\" \/>\n<meta name=\"twitter:card\" content=\"summary_large_image\" \/>\n<meta name=\"twitter:label1\" content=\"Dur\u00e9e de lecture estim\u00e9e\" \/>\n\t<meta name=\"twitter:data1\" content=\"3 minutes\" \/>\n<script type=\"application\/ld+json\" class=\"yoast-schema-graph\">{\"@context\":\"https:\\\/\\\/schema.org\",\"@graph\":[{\"@type\":\"WebPage\",\"@id\":\"https:\\\/\\\/legendatours.com\\\/product\\\/rambling-in-the-west-algarve-portimao-1600s\\\/\",\"url\":\"https:\\\/\\\/legendatours.com\\\/product\\\/rambling-in-the-west-algarve-portimao-1600s\\\/\",\"name\":\"Holidays in Portim\u00e3o: Rambling in the West Algarve - Legendary Adventure DMC Portugal\",\"isPartOf\":{\"@id\":\"https:\\\/\\\/legendatours.com\\\/#website\"},\"primaryImageOfPage\":{\"@id\":\"https:\\\/\\\/legendatours.com\\\/product\\\/rambling-in-the-west-algarve-portimao-1600s\\\/#primaryimage\"},\"image\":{\"@id\":\"https:\\\/\\\/legendatours.com\\\/product\\\/rambling-in-the-west-algarve-portimao-1600s\\\/#primaryimage\"},\"thumbnailUrl\":\"https:\\\/\\\/legendatours.com\\\/wp-content\\\/uploads\\\/sites\\\/12\\\/2021\\\/04\\\/Self_Guided_Walking_West_Algarve-e1611678020577.jpg\",\"datePublished\":\"2020-03-06T13:15:51+00:00\",\"dateModified\":\"2025-03-10T12:18:02+00:00\",\"description\":\"An exciting Self-Guided tour in the West Algarve, a true walker\u2019s paradise destination, where the climate is perfect for hiking for most of the year.\",\"breadcrumb\":{\"@id\":\"https:\\\/\\\/legendatours.com\\\/product\\\/rambling-in-the-west-algarve-portimao-1600s\\\/#breadcrumb\"},\"inLanguage\":\"fr-FR\",\"potentialAction\":[{\"@type\":\"ReadAction\",\"target\":[\"https:\\\/\\\/legendatours.com\\\/product\\\/rambling-in-the-west-algarve-portimao-1600s\\\/\"]}]},{\"@type\":\"ImageObject\",\"inLanguage\":\"fr-FR\",\"@id\":\"https:\\\/\\\/legendatours.com\\\/product\\\/rambling-in-the-west-algarve-portimao-1600s\\\/#primaryimage\",\"url\":\"https:\\\/\\\/legendatours.com\\\/wp-content\\\/uploads\\\/sites\\\/12\\\/2021\\\/04\\\/Self_Guided_Walking_West_Algarve-e1611678020577.jpg\",\"contentUrl\":\"https:\\\/\\\/legendatours.com\\\/wp-content\\\/uploads\\\/sites\\\/12\\\/2021\\\/04\\\/Self_Guided_Walking_West_Algarve-e1611678020577.jpg\",\"width\":1024,\"height\":685,\"caption\":\"Self Guided Walking West Algarve\"},{\"@type\":\"BreadcrumbList\",\"@id\":\"https:\\\/\\\/legendatours.com\\\/product\\\/rambling-in-the-west-algarve-portimao-1600s\\\/#breadcrumb\",\"itemListElement\":[{\"@type\":\"ListItem\",\"position\":1,\"name\":\"Home\",\"item\":\"https:\\\/\\\/legendatours.com\\\/\"},{\"@type\":\"ListItem\",\"position\":2,\"name\":\"Shop\",\"item\":\"https:\\\/\\\/legendatours.com\\\/sv\\\/?page_id=4\"},{\"@type\":\"ListItem\",\"position\":3,\"name\":\"Rambling in the West Algarve (Portimao) Rambling in the West Algarve is an exciting Self-Guided walking tour in a walker\u2019s paradise destination. The climate is perfect for hiking for most of the year, and the countryside teems with wildlife, bright coloured flowers, and picturesque villages. The coastline boasts impressive rock formations, cliffs, secluded beaches and amazing blue seascapes. The base of our tour is Portim\u00e3o, on the banks of the River Arade, a town with a low-key and relaxed ambience. The adjoining Praia da Rocha is one of the most scenic and famous beach resorts in the Algarve.\"}]},{\"@type\":\"WebSite\",\"@id\":\"https:\\\/\\\/legendatours.com\\\/#website\",\"url\":\"https:\\\/\\\/legendatours.com\\\/\",\"name\":\"Legendary Adventure DMC Portugal\",\"description\":\"Responsible Walking &amp; Nature Holidays in Portugal\",\"publisher\":{\"@id\":\"https:\\\/\\\/legendatours.com\\\/#organization\"},\"alternateName\":\"Legendary Adventure Portugal\",\"potentialAction\":[{\"@type\":\"SearchAction\",\"target\":{\"@type\":\"EntryPoint\",\"urlTemplate\":\"https:\\\/\\\/legendatours.com\\\/?s={search_term_string}\"},\"query-input\":{\"@type\":\"PropertyValueSpecification\",\"valueRequired\":true,\"valueName\":\"search_term_string\"}}],\"inLanguage\":\"fr-FR\"},{\"@type\":\"Organization\",\"@id\":\"https:\\\/\\\/legendatours.com\\\/#organization\",\"name\":\"legendatours.com\",\"url\":\"https:\\\/\\\/legendatours.com\\\/\",\"logo\":{\"@type\":\"ImageObject\",\"inLanguage\":\"fr-FR\",\"@id\":\"https:\\\/\\\/legendatours.com\\\/#\\\/schema\\\/logo\\\/image\\\/\",\"url\":\"https:\\\/\\\/legendatours.com\\\/wp-content\\\/uploads\\\/sites\\\/12\\\/2021\\\/06\\\/legendary_adventure_dmc.png\",\"contentUrl\":\"https:\\\/\\\/legendatours.com\\\/wp-content\\\/uploads\\\/sites\\\/12\\\/2021\\\/06\\\/legendary_adventure_dmc.png\",\"width\":250,\"height\":74,\"caption\":\"legendatours.com\"},\"image\":{\"@id\":\"https:\\\/\\\/legendatours.com\\\/#\\\/schema\\\/logo\\\/image\\\/\"},\"sameAs\":[\"https:\\\/\\\/www.facebook.com\\\/legendaryadventuredmc\\\/\",\"https:\\\/\\\/www.linkedin.com\\\/company\\\/legendary-adventure-dmc-portugal\",\"https:\\\/\\\/www.youtube.com\\\/channel\\\/UCOIRDx_KM6ynIcacQkZjb6g\"]}]}<\/script>\n<!-- \/ Yoast SEO Premium plugin. -->","yoast_head_json":{"title":"Vacances \u00e0 Portim\u00e3o : Randonn\u00e9e dans l&#039;ouest de l&#039;Algarve - Aventure L\u00e9gendaire DMC Portugal","description":"Une visite autoguid\u00e9e passionnante dans l&#039;ouest de l&#039;Algarve, une v\u00e9ritable destination paradisiaque pour les randonneurs, o\u00f9 le climat est parfait pour la randonn\u00e9e pendant la majeure partie de l&#039;ann\u00e9e.","robots":{"index":"index","follow":"follow","max-snippet":"max-snippet:-1","max-image-preview":"max-image-preview:large","max-video-preview":"max-video-preview:-1"},"canonical":"https:\/\/legendatours.com\/fr\/produit\/rambling-in-the-west-algarve-portimao-1600s\/","og_locale":"fr_FR","og_type":"article","og_title":"Holidays in Portim\u00e3o: Rambling in the West Algarve","og_description":"An exciting Self-Guided tour in the West Algarve, a true walker\u2019s paradise destination, where the climate is perfect for hiking for most of the year.","og_url":"https:\/\/legendatours.com\/fr\/produit\/rambling-in-the-west-algarve-portimao-1600s\/","og_site_name":"Legendary Adventure DMC Portugal","article_publisher":"https:\/\/www.facebook.com\/legendaryadventuredmc\/","article_modified_time":"2025-03-10T12:18:02+00:00","og_image":[{"width":1024,"height":685,"url":"https:\/\/legendatours.com\/wp-content\/uploads\/sites\/12\/2021\/04\/Self_Guided_Walking_West_Algarve-e1611678020577.jpg","type":"image\/jpeg"}],"twitter_card":"summary_large_image","twitter_misc":{"Dur\u00e9e de lecture estim\u00e9e":"3 minutes"},"schema":{"@context":"https:\/\/schema.org","@graph":[{"@type":"WebPage","@id":"https:\/\/legendatours.com\/product\/rambling-in-the-west-algarve-portimao-1600s\/","url":"https:\/\/legendatours.com\/product\/rambling-in-the-west-algarve-portimao-1600s\/","name":"Vacances \u00e0 Portim\u00e3o : Randonn\u00e9e dans l&#039;ouest de l&#039;Algarve - Aventure L\u00e9gendaire DMC Portugal","isPartOf":{"@id":"https:\/\/legendatours.com\/#website"},"primaryImageOfPage":{"@id":"https:\/\/legendatours.com\/product\/rambling-in-the-west-algarve-portimao-1600s\/#primaryimage"},"image":{"@id":"https:\/\/legendatours.com\/product\/rambling-in-the-west-algarve-portimao-1600s\/#primaryimage"},"thumbnailUrl":"https:\/\/legendatours.com\/wp-content\/uploads\/sites\/12\/2021\/04\/Self_Guided_Walking_West_Algarve-e1611678020577.jpg","datePublished":"2020-03-06T13:15:51+00:00","dateModified":"2025-03-10T12:18:02+00:00","description":"Une visite autoguid\u00e9e passionnante dans l&#039;ouest de l&#039;Algarve, une v\u00e9ritable destination paradisiaque pour les randonneurs, o\u00f9 le climat est parfait pour la randonn\u00e9e pendant la majeure partie de l&#039;ann\u00e9e.","breadcrumb":{"@id":"https:\/\/legendatours.com\/product\/rambling-in-the-west-algarve-portimao-1600s\/#breadcrumb"},"inLanguage":"fr-FR","potentialAction":[{"@type":"ReadAction","target":["https:\/\/legendatours.com\/product\/rambling-in-the-west-algarve-portimao-1600s\/"]}]},{"@type":"ImageObject","inLanguage":"fr-FR","@id":"https:\/\/legendatours.com\/product\/rambling-in-the-west-algarve-portimao-1600s\/#primaryimage","url":"https:\/\/legendatours.com\/wp-content\/uploads\/sites\/12\/2021\/04\/Self_Guided_Walking_West_Algarve-e1611678020577.jpg","contentUrl":"https:\/\/legendatours.com\/wp-content\/uploads\/sites\/12\/2021\/04\/Self_Guided_Walking_West_Algarve-e1611678020577.jpg","width":1024,"height":685,"caption":"Self Guided Walking West Algarve"},{"@type":"BreadcrumbList","@id":"https:\/\/legendatours.com\/product\/rambling-in-the-west-algarve-portimao-1600s\/#breadcrumb","itemListElement":[{"@type":"ListItem","position":1,"name":"Home","item":"https:\/\/legendatours.com\/"},{"@type":"ListItem","position":2,"name":"Shop","item":"https:\/\/legendatours.com\/sv\/?page_id=4"},{"@type":"ListItem","position":3,"name":"Rambling in the West Algarve (Portimao) Rambling in the West Algarve is an exciting Self-Guided walking tour in a walker\u2019s paradise destination. The climate is perfect for hiking for most of the year, and the countryside teems with wildlife, bright coloured flowers, and picturesque villages. The coastline boasts impressive rock formations, cliffs, secluded beaches and amazing blue seascapes. The base of our tour is Portim\u00e3o, on the banks of the River Arade, a town with a low-key and relaxed ambience. The adjoining Praia da Rocha is one of the most scenic and famous beach resorts in the Algarve."}]},{"@type":"WebSite","@id":"https:\/\/legendatours.com\/#website","url":"https:\/\/legendatours.com\/","name":"Aventure l\u00e9gendaire DMC Portugal","description":"Randonn\u00e9es responsables et vacances nature au Portugal","publisher":{"@id":"https:\/\/legendatours.com\/#organization"},"alternateName":"Legendary Adventure Portugal","potentialAction":[{"@type":"SearchAction","target":{"@type":"EntryPoint","urlTemplate":"https:\/\/legendatours.com\/?s={search_term_string}"},"query-input":{"@type":"PropertyValueSpecification","valueRequired":true,"valueName":"search_term_string"}}],"inLanguage":"fr-FR"},{"@type":"Organization","@id":"https:\/\/legendatours.com\/#organization","name":"legendatours.com","url":"https:\/\/legendatours.com\/","logo":{"@type":"ImageObject","inLanguage":"fr-FR","@id":"https:\/\/legendatours.com\/#\/schema\/logo\/image\/","url":"https:\/\/legendatours.com\/wp-content\/uploads\/sites\/12\/2021\/06\/legendary_adventure_dmc.png","contentUrl":"https:\/\/legendatours.com\/wp-content\/uploads\/sites\/12\/2021\/06\/legendary_adventure_dmc.png","width":250,"height":74,"caption":"legendatours.com"},"image":{"@id":"https:\/\/legendatours.com\/#\/schema\/logo\/image\/"},"sameAs":["https:\/\/www.facebook.com\/legendaryadventuredmc\/","https:\/\/www.linkedin.com\/company\/legendary-adventure-dmc-portugal","https:\/\/www.youtube.com\/channel\/UCOIRDx_KM6ynIcacQkZjb6g"]}]}},"_links":{"self":[{"href":"https:\/\/legendatours.com\/fr\/wp-json\/wp\/v2\/product\/8400","targetHints":{"allow":["GET"]}}],"collection":[{"href":"https:\/\/legendatours.com\/fr\/wp-json\/wp\/v2\/product"}],"about":[{"href":"https:\/\/legendatours.com\/fr\/wp-json\/wp\/v2\/types\/product"}],"replies":[{"embeddable":true,"href":"https:\/\/legendatours.com\/fr\/wp-json\/wp\/v2\/comments?post=8400"}],"wp:featuredmedia":[{"embeddable":true,"href":"https:\/\/legendatours.com\/fr\/wp-json\/wp\/v2\/media\/8218"}],"wp:attachment":[{"href":"https:\/\/legendatours.com\/fr\/wp-json\/wp\/v2\/media?parent=8400"}],"wp:term":[{"taxonomy":"product_brand","embeddable":true,"href":"https:\/\/legendatours.com\/fr\/wp-json\/wp\/v2\/product_brand?post=8400"},{"taxonomy":"product_cat","embeddable":true,"href":"https:\/\/legendatours.com\/fr\/wp-json\/wp\/v2\/product_cat?post=8400"},{"taxonomy":"product_tag","embeddable":true,"href":"https:\/\/legendatours.com\/fr\/wp-json\/wp\/v2\/product_tag?post=8400"}],"curies":[{"name":"wp","href":"https:\/\/api.w.org\/{rel}","templated":true}]}}